{"id":2247,"date":"2025-09-11T13:33:34","date_gmt":"2025-09-11T05:33:34","guid":{"rendered":"https:\/\/weitai2.globaldeepsea.site\/product\/silicon-carbide-wafer-boat-2\/"},"modified":"2026-04-29T15:27:48","modified_gmt":"2026-04-29T07:27:48","slug":"silicon-carbide-wafer-boat-2","status":"publish","type":"product","link":"https:\/\/www.cn-semiconductorparts.com\/fr\/product\/silicon-carbide-wafer-boat-2\/","title":{"rendered":"Bateau \u00e0 plaquette en carbure de silicium"},"content":{"rendered":"<div class=\"fl-builder-content fl-builder-content-2423 fl-builder-content-primary fl-builder-global-templates-locked\" data-post-id=\"2423\">\n<div class=\"fl-row fl-row-full-width fl-row-bg-none fl-node-64d59ad4aae98\" data-node=\"64d59ad4aae98\">\n<div class=\"fl-row-content-wrap\">\n<div class=\"fl-row-content fl-row-full-width fl-node-content\">\n<div class=\"fl-col-group fl-node-64d59ad4abbfe\" data-node=\"64d59ad4abbfe\">\n<div class=\"fl-col fl-node-64d59ad4abd80 fl-col-small\" style=\"width: 50%\" data-node=\"64d59ad4abd80\">\n<div class=\"fl-col-content fl-node-content\">\n<div class=\"fl-module fl-module-photo fl-node-64d59c55e0a5e\" data-animation-delay=\"0.0\" data-node=\"64d59c55e0a5e\">\n<div class=\"fl-module-content fl-node-content\">\n<div class=\"fl-photo fl-photo-align-center\">\n<div class=\"fl-photo-content fl-photo-img-png\"><img decoding=\"async\" class=\"fl-photo-img wp-image-2426\" src=\"\/wp-content\/uploads\/2025\/09\/08891bf310d647b2.webp\" alt=\"Sic Boat Tow (3)\"><\/div>\n<p>&nbsp;<\/p>\n<\/div>\n<p>&nbsp;<\/p>\n<\/div>\n<p>&nbsp;<\/p>\n<\/div>\n<p>&nbsp;<\/p>\n<\/div>\n<p>&nbsp;<\/p>\n<\/div>\n<div class=\"fl-col fl-node-64d59c6b337bc fl-col-small\" style=\"width: 50%\" data-node=\"64d59c6b337bc\">\n<div class=\"fl-col-content fl-node-content\">\n<div class=\"fl-module fl-module-photo fl-node-64d59c63475d7\" data-animation-delay=\"0.0\" data-node=\"64d59c63475d7\">\n<div class=\"fl-module-content fl-node-content\">\n<div class=\"fl-photo fl-photo-align-center\">\n<div class=\"fl-photo-content fl-photo-img-png\"><img decoding=\"async\" class=\"fl-photo-img wp-image-2425\" src=\"\/wp-content\/uploads\/2025\/09\/1b52f0b0667afd39.webp\" alt=\"Sic Boat Tow (1)\"><\/div>\n<p>&nbsp;<\/p>\n<\/div>\n<p>&nbsp;<\/p>\n<\/div>\n<p>&nbsp;<\/p>\n<\/div>\n<p>&nbsp;<\/p>\n<\/div>\n<p>&nbsp;<\/p>\n<\/div>\n<p>&nbsp;<\/p>\n<\/div>\n<div class=\"fl-col-group fl-node-64d59d9fc3900\" data-node=\"64d59d9fc3900\">\n<div class=\"fl-col fl-node-64d59d9fc3aba\" style=\"width: 100%\" data-node=\"64d59d9fc3aba\">\n<div class=\"fl-col-content fl-node-content\">\n<div class=\"fl-module fl-module-rich-text fl-node-64d59d9fc37a0\" data-animation-delay=\"0.0\" data-node=\"64d59d9fc37a0\">\n<div class=\"fl-module-content fl-node-content\">\n<div class=\"fl-rich-text\">\n<p><strong>Caract\u00e9ristiques du produit SIC<\/strong><\/p>\n<p>High temperature and corrosion resistant, improving wafer quality and&nbsp; productivity<\/p>\n<p>Le SIC fait r\u00e9f\u00e9rence au carbure de silicium. Le carbure de silicium (SIC) est fait de sable de quartz, de coke et d'autres mati\u00e8res premi\u00e8res \u00e0 travers la fusion du four \u00e0 haute temp\u00e9rature. La production industrielle actuelle de carbure de silicium a deux types de carbure de silicium noir et de carbure de silicium vert. Les deux sont du cristal hexagonal, la gravit\u00e9 sp\u00e9cifique de 3,21 g \/ cm3, micro-duret\u00e9 de 2840 ~ 3320 kg \/ mm2.<\/p>\n<p>At least 70 kinds of crystalline silicon carbide, due to its low gravity 3.21g\/cm3 and high temperature strength, it is suitable for bearings or high temperature furnace raw materials.&nbsp; at any pressure can not be reached, and have a considerable low chemical activity.<\/p>\n<p>Dans le m\u00eame temps, de nombreuses personnes ont tent\u00e9 de remplacer le silicium par du carbure de silicium en raison de leur conductivit\u00e9 thermique \u00e9lev\u00e9e, de leur r\u00e9sistance au champ \u00e9lectrique \u00e0 un \u00e9crasement \u00e9lev\u00e9 et de leur densit\u00e9 de courant maximale \u00e9lev\u00e9e. R\u00e9cemment, dans l'application de composants \u00e0 haute puissance semi-conducteurs. En fait, le substrat de carbure de silicium dans la conductivit\u00e9 thermique, plus de 10 fois plus \u00e9lev\u00e9 que le substrat saphir, de sorte que l'utilisation de composants LED de substrat de carbure de silicium, avec une bonne conductivit\u00e9 et une conductivit\u00e9 thermique, relativement propice \u00e0 la production de LED haute puissance.<\/p>\n<p>&nbsp;<\/p>\n<\/div>\n<p>&nbsp;<\/p>\n<\/div>\n<p>&nbsp;<\/p>\n<\/div>\n<p>&nbsp;<\/p>\n<\/div>\n<p>&nbsp;<\/p>\n<\/div>\n<p>&nbsp;<\/p>\n<\/div>\n<div class=\"fl-col-group fl-node-64d59e7c429c0\" data-node=\"64d59e7c429c0\">\n<div class=\"fl-col fl-node-64d59e7c42b84\" style=\"width: 100%\" data-node=\"64d59e7c42b84\">\n<div class=\"fl-col-content fl-node-content\">\n<div class=\"fl-module fl-module-heading fl-node-64d59e7c42852\" data-animation-delay=\"0.0\" data-node=\"64d59e7c42852\">\n<div class=\"fl-module-content fl-node-content\">\n<h3 class=\"fl-heading\"><span class=\"fl-heading-text\">Param\u00e8tres techniques<\/span><\/h3>\n<p>&nbsp;<\/p>\n<\/div>\n<p>&nbsp;<\/p>\n<\/div>\n<p>&nbsp;<\/p>\n<\/div>\n<p>&nbsp;<\/p>\n<\/div>\n<p>&nbsp;<\/p>\n<\/div>\n<div class=\"fl-col-group fl-node-64d59e118bf75\" data-node=\"64d59e118bf75\">\n<div class=\"fl-col fl-node-64d59e118c12f\" style=\"width: 100%\" data-node=\"64d59e118c12f\">\n<div class=\"fl-col-content fl-node-content\">\n<div class=\"fl-module fl-module-photo fl-node-64d59e118be1f\" data-animation-delay=\"0.0\" data-node=\"64d59e118be1f\">\n<div class=\"fl-module-content fl-node-content\">\n<div class=\"fl-photo fl-photo-align-center\">\n<div class=\"fl-photo-content fl-photo-img-png\"><img decoding=\"async\" class=\"fl-photo-img wp-image-2429\" src=\"\/wp-content\/uploads\/2025\/09\/e16a8a56d25ff317.webp\" alt=\"Photo 1\"><\/div>\n<p>&nbsp;<\/p>\n<\/div>\n<p>&nbsp;<\/p>\n<\/div>\n<p>&nbsp;<\/p>\n<\/div>\n<p>&nbsp;<\/p>\n<\/div>\n<p>&nbsp;<\/p>\n<\/div>\n<p>&nbsp;<\/p>\n<\/div>\n<div class=\"fl-col-group fl-node-6617573587d3e\" data-node=\"6617573587d3e\">\n<div class=\"fl-col fl-node-6617573587ef1\" style=\"width: 100%\" data-node=\"6617573587ef1\">\n<div class=\"fl-col-content fl-node-content\">\n<div class=\"fl-module fl-module-photo fl-node-6617573587bdc\" data-animation-delay=\"0.0\" data-node=\"6617573587bdc\">\n<div class=\"fl-module-content fl-node-content\">\n<div class=\"fl-photo fl-photo-align-center\">\n<div class=\"fl-photo-content fl-photo-img-jpg\"><img decoding=\"async\" class=\"fl-photo-img wp-image-7286\" src=\"\/wp-content\/uploads\/2025\/09\/b1dd0bcab1675ff4.webp\" alt=\"Lieu de travail Semiera\"><\/div>\n<p>&nbsp;<\/p>\n<\/div>\n<p>&nbsp;<\/p>\n<\/div>\n<p>&nbsp;<\/p>\n<\/div>\n<div class=\"fl-module fl-module-photo fl-node-6617573f93747\" data-animation-delay=\"0.0\" data-node=\"6617573f93747\">\n<div class=\"fl-module-content fl-node-content\">\n<div class=\"fl-photo fl-photo-align-center\">\n<div class=\"fl-photo-content fl-photo-img-jpg\"><img decoding=\"async\" class=\"fl-photo-img wp-image-7287\" src=\"\/wp-content\/uploads\/2025\/09\/2b946d2b4b61306d.webp\" alt=\"Semirara Lieu de travail 2\"><\/div>\n<p>&nbsp;<\/p>\n<\/div>\n<p>&nbsp;<\/p>\n<\/div>\n<p>&nbsp;<\/p>\n<\/div>\n<div class=\"fl-module fl-module-photo fl-node-6617573ec0110\" data-animation-delay=\"0.0\" data-node=\"6617573ec0110\">\n<div class=\"fl-module-content fl-node-content\">\n<div class=\"fl-photo fl-photo-align-center\">\n<div class=\"fl-photo-content fl-photo-img-jpg\"><img decoding=\"async\" class=\"fl-photo-img wp-image-7288\" src=\"\/wp-content\/uploads\/2025\/09\/081b6529d68ead23.webp\" alt=\"Machine de mat\u00e9riel\"><\/div>\n<p>&nbsp;<\/p>\n<\/div>\n<p>&nbsp;<\/p>\n<\/div>\n<p>&nbsp;<\/p>\n<\/div>\n<div class=\"fl-module fl-module-photo fl-node-6617573de9fa4\" data-animation-delay=\"0.0\" data-node=\"6617573de9fa4\">\n<div class=\"fl-module-content fl-node-content\">\n<div class=\"fl-photo fl-photo-align-center\">\n<div class=\"fl-photo-content fl-photo-img-jpg\"><img decoding=\"async\" class=\"fl-photo-img wp-image-7289\" src=\"\/wp-content\/uploads\/2025\/09\/a4132b2b399abbac.webp\" alt=\"Traitement CNN, nettoyage chimique, rev\u00eatement CVD\"><\/div>\n<p>&nbsp;<\/p>\n<\/div>\n<p>&nbsp;<\/p>\n<\/div>\n<p>&nbsp;<\/p>\n<\/div>\n<div class=\"fl-module fl-module-photo fl-node-6617573d17e5c\" data-animation-delay=\"0.0\" data-node=\"6617573d17e5c\">\n<div class=\"fl-module-content fl-node-content\">\n<div class=\"fl-photo fl-photo-align-center\">\n<div class=\"fl-photo-content fl-photo-img-jpg\"><img decoding=\"async\" class=\"fl-photo-img wp-image-7290\" src=\"\/wp-content\/uploads\/2025\/09\/b07f222c0ec0ab8d.webp\" alt=\"Notre service\"><\/div>\n<p>&nbsp;<\/p>\n<\/div>\n<p>&nbsp;<\/p>\n<\/div>\n<p>&nbsp;<\/p>\n<\/div>\n<p>&nbsp;<\/p>\n<\/div>\n<p>&nbsp;<\/p>\n<\/div>\n<p>&nbsp;<\/p>\n<\/div>\n<p>&nbsp;<\/p>\n<\/div>\n<p>&nbsp;<\/p>\n<\/div>\n<p>&nbsp;<\/p>\n<\/div>\n<\/div>","protected":false},"excerpt":{"rendered":"<p>Semiera Energy Technology Co., Ltd.s est un fournisseur leader de c\u00e9ramique avanc\u00e9e de semi-conducteurs et le seul fabricant en Chine qui peut simultan\u00e9ment fournir une c\u00e9ramique en carbure de silicium \u00e0 haute puret\u00e9 (en particulier le rev\u00eatement de CVD SIC. De plus, notre entreprise est \u00e9galement attach\u00e9e dans les champs en c\u00e9ramique tels que l'alumine, le nitrure d'aluminium, la zircone et le nitrure de silicium, etc.<\/p>","protected":false},"featured_media":4605,"comment_status":"closed","ping_status":"open","template":"","meta":[],"product_brand":[],"product_cat":[67,16],"product_tag":[],"class_list":{"0":"post-2247","1":"product","2":"type-product","3":"status-publish","4":"has-post-thumbnail","6":"product_cat-custom-parts","7":"product_cat-cvd-sic","9":"first","10":"instock","11":"product-type-simple"},"_links":{"self":[{"href":"https:\/\/www.cn-semiconductorparts.com\/fr\/wp-json\/wp\/v2\/product\/2247","targetHints":{"allow":["GET"]}}],"collection":[{"href":"https:\/\/www.cn-semiconductorparts.com\/fr\/wp-json\/wp\/v2\/product"}],"about":[{"href":"https:\/\/www.cn-semiconductorparts.com\/fr\/wp-json\/wp\/v2\/types\/product"}],"replies":[{"embeddable":true,"href":"https:\/\/www.cn-semiconductorparts.com\/fr\/wp-json\/wp\/v2\/comments?post=2247"}],"wp:featuredmedia":[{"embeddable":true,"href":"https:\/\/www.cn-semiconductorparts.com\/fr\/wp-json\/wp\/v2\/media\/4605"}],"wp:attachment":[{"href":"https:\/\/www.cn-semiconductorparts.com\/fr\/wp-json\/wp\/v2\/media?parent=2247"}],"wp:term":[{"taxonomy":"product_brand","embeddable":true,"href":"https:\/\/www.cn-semiconductorparts.com\/fr\/wp-json\/wp\/v2\/product_brand?post=2247"},{"taxonomy":"product_cat","embeddable":true,"href":"https:\/\/www.cn-semiconductorparts.com\/fr\/wp-json\/wp\/v2\/product_cat?post=2247"},{"taxonomy":"product_tag","embeddable":true,"href":"https:\/\/www.cn-semiconductorparts.com\/fr\/wp-json\/wp\/v2\/product_tag?post=2247"}],"curies":[{"name":"WP","href":"https:\/\/api.w.org\/{rel}","templated":true}]}}