{"id":2271,"date":"2025-09-11T13:33:47","date_gmt":"2025-09-11T05:33:47","guid":{"rendered":"https:\/\/weitai2.globaldeepsea.site\/product\/4-inch-sic-substrate-n-type\/"},"modified":"2026-04-29T15:27:33","modified_gmt":"2026-04-29T07:27:33","slug":"4-inch-sic-substrate-n-type","status":"publish","type":"product","link":"https:\/\/www.cn-semiconductorparts.com\/fr\/product\/4-inch-sic-substrate-n-type\/","title":{"rendered":"4 Inch SiC Substrate N-type"},"content":{"rendered":"<p><!--?xml encoding=\"utf-8\" ?--><\/p>\n<div class=\"fl-builder-content fl-builder-content-2170 fl-builder-content-primary fl-builder-global-templates-locked\" data-post-id=\"2170\">\n<div class=\"fl-row fl-row-full-width fl-row-bg-none fl-node-64c8987f228d4\" data-node=\"64c8987f228d4\">\n<div class=\"fl-row-content-wrap\">\n<div class=\"fl-row-content fl-row-full-width fl-node-content\">\n<div class=\"fl-col-group fl-node-64c89b3662a56\" data-node=\"64c89b3662a56\">\n<div class=\"fl-col fl-node-64c89b3662c6b\" style=\"width: 100%\" data-node=\"64c89b3662c6b\">\n<div class=\"fl-col-content fl-node-content\">\n<div class=\"fl-module fl-module-photo fl-node-64c89b07c13cc\" data-animation-delay=\"0.0\" data-node=\"64c89b07c13cc\">\n<div class=\"fl-module-content fl-node-content\">\n<div class=\"fl-photo fl-photo-align-center\">\n<div class=\"fl-photo-content fl-photo-img-png\"><img decoding=\"async\" class=\"fl-photo-img wp-image-2173\" src=\"\/wp-content\/uploads\/2025\/09\/c3eae69564596ec9.webp\" alt=\"tech_1_2_size\"><\/div>\n<p>&nbsp;<\/p>\n<\/div>\n<p>&nbsp;<\/p>\n<\/div>\n<p>&nbsp;<\/p>\n<\/div>\n<p>&nbsp;<\/p>\n<\/div>\n<p>&nbsp;<\/p>\n<\/div>\n<p>&nbsp;<\/p>\n<\/div>\n<div class=\"fl-col-group fl-node-64c8a39fb2647\" data-node=\"64c8a39fb2647\">\n<div class=\"fl-col fl-node-64c8a39fb27df\" style=\"width: 100%\" data-node=\"64c8a39fb27df\">\n<div class=\"fl-col-content fl-node-content\">\n<div class=\"fl-module fl-module-rich-text fl-node-64c8a39fb2519\" data-animation-delay=\"0.0\" data-node=\"64c8a39fb2519\">\n<div class=\"fl-module-content fl-node-content\">\n<div class=\"fl-rich-text\">\n<p data-section=\"0\">Silicon carbide (SiC) single crystal material has a large band gap width (~Si 3 times), high thermal conductivity (~Si 3.3 times or GaAs 10 times), high electron saturation migration rate (~Si 2.5 times), high breakdown electric field (~Si 10 times or GaAs 5 times) and other outstanding characteristics.<\/p>\n<p data-section=\"2\">Semicera energy can provide customers with high-quality Conductive (Conductive), Semi-insulating (Semi-insulating), HPSI (High Purity semi-insulating) silicon carbide substrate; In addition, we can provide customers with homogeneous and heterogeneous silicon carbide epitaxial sheets; We can also customize the epitaxial sheet according to the specific needs of customers, and there is no minimum order quantity.<\/p>\n<p>&nbsp;<\/p>\n<\/div>\n<p>&nbsp;<\/p>\n<\/div>\n<p>&nbsp;<\/p>\n<\/div>\n<p>&nbsp;<\/p>\n<\/div>\n<p>&nbsp;<\/p>\n<\/div>\n<p>&nbsp;<\/p>\n<\/div>\n<div class=\"fl-col-group fl-node-64c8987f23671\" data-node=\"64c8987f23671\">\n<div class=\"fl-col fl-node-64c8987f237f3\" style=\"width: 100%\" data-node=\"64c8987f237f3\">\n<div class=\"fl-col-content fl-node-content\">\n<div class=\"fl-module fl-module-rich-text fl-node-64c8987f22780\" data-animation-delay=\"0.0\" data-node=\"64c8987f22780\">\n<div class=\"fl-module-content fl-node-content\">\n<div class=\"fl-rich-text\">\n<table border=\"0\" cellspacing=\"0\">\n<tbody>\n<tr>\n<td>\n<p>Articles<\/p>\n<\/td>\n<td>\n<p>Production<\/p>\n<\/td>\n<td>\n<p>Recherche<\/p>\n<\/td>\n<td>\n<p>Factice<\/p>\n<\/td>\n<\/tr>\n<tr>\n<td colspan=\"4\">\n<p style=\"text-align: center\">Param\u00e8tres de cristal<\/p>\n<\/td>\n<\/tr>\n<tr>\n<td style=\"text-align: left\">\n<p>Polytype<\/p>\n<\/td>\n<td colspan=\"3\">\n<p>4H<\/p>\n<\/td>\n<\/tr>\n<tr>\n<td>\n<p>Erreur d'orientation de la surface<\/p>\n<\/td>\n<td colspan=\"3\">\n<p>&lt;11-20 &gt;4&plusmn;0.15&deg;<\/p>\n<\/td>\n<\/tr>\n<tr>\n<td colspan=\"4\">\n<p style=\"text-align: center\">Param\u00e8tres \u00e9lectriques<\/p>\n<\/td>\n<\/tr>\n<tr>\n<td>\n<p>Dopant<\/p>\n<\/td>\n<td colspan=\"3\">\n<p>azote de type N<\/p>\n<\/td>\n<\/tr>\n<tr>\n<td>\n<p>R\u00e9sistivit\u00e9<\/p>\n<\/td>\n<td colspan=\"3\">\n<p>0.015-0.025ohm&middot;cm<\/p>\n<\/td>\n<\/tr>\n<tr>\n<td colspan=\"4\">\n<p style=\"text-align: center\">Param\u00e8tres m\u00e9caniques<\/p>\n<\/td>\n<\/tr>\n<tr>\n<td>\n<p>Diam\u00e8tre<\/p>\n<\/td>\n<td colspan=\"3\">\n<p>99.5 &#8211; 100mm<\/p>\n<\/td>\n<\/tr>\n<tr>\n<td>\n<p>\u00c9paisseur<\/p>\n<\/td>\n<td colspan=\"3\">\n<p>350&plusmn;25 &mu;m<\/p>\n<\/td>\n<\/tr>\n<tr>\n<td>\n<p>Orientation plate primaire<\/p>\n<\/td>\n<td colspan=\"3\">\n<p>[1-100]&plusmn;5&deg;<\/p>\n<\/td>\n<\/tr>\n<tr>\n<td>\n<p>Longueur plate primaire<\/p>\n<\/td>\n<td colspan=\"3\">\n<p>32.5&plusmn;1.5mm<\/p>\n<\/td>\n<\/tr>\n<tr>\n<td>\n<p>Secondary flat position<\/p>\n<\/td>\n<td colspan=\"3\">\n<p>90&deg; CW from primary flat &plusmn;5&deg;. silicon face up<\/p>\n<\/td>\n<\/tr>\n<tr>\n<td>\n<p>Secondary flat length<\/p>\n<\/td>\n<td colspan=\"3\">\n<p>18&plusmn;1.5mm<\/p>\n<\/td>\n<\/tr>\n<tr>\n<td>\n<p>TTV<\/p>\n<\/td>\n<td>\n<p>&le;5 &mu;m<\/p>\n<\/td>\n<td>\n<p>&le;10 &mu;m<\/p>\n<\/td>\n<td>\n<p>&le;20 &mu;m<\/p>\n<\/td>\n<\/tr>\n<tr>\n<td>\n<p>LTV<\/p>\n<\/td>\n<td>\n<p>&le;2 &mu;m(5mm*5mm)<\/p>\n<\/td>\n<td>\n<p>&le;5 &mu;m(5mm*5mm)<\/p>\n<\/td>\n<td>\n<p>N \/ A<\/p>\n<\/td>\n<\/tr>\n<tr>\n<td>\n<p>Arc<\/p>\n<\/td>\n<td>\n<p>-15&mu;m ~ 15&mu;m<\/p>\n<\/td>\n<td>\n<p>-35&mu;m ~ 35&mu;m<\/p>\n<\/td>\n<td>\n<p>-45&mu;m ~ 45&mu;m<\/p>\n<\/td>\n<\/tr>\n<tr>\n<td>\n<p>Cha\u00eene<\/p>\n<\/td>\n<td>\n<p>&le;20 &mu;m<\/p>\n<\/td>\n<td>\n<p>&le;45 &mu;m<\/p>\n<\/td>\n<td>\n<p>&le;50 &mu;m<\/p>\n<\/td>\n<\/tr>\n<tr>\n<td>\n<p>Rugosit\u00e9 avant (si-face) (AFM)<\/p>\n<\/td>\n<td colspan=\"3\">\n<p>Ra&le;0.2nm (5&mu;m*5&mu;m)<\/p>\n<\/td>\n<\/tr>\n<tr>\n<td colspan=\"4\">\n<p style=\"text-align: center\">Structure<\/p>\n<\/td>\n<\/tr>\n<tr>\n<td>\n<p>Densit\u00e9 de micro-<\/p>\n<\/td>\n<td>\n<p>&le;1 ea\/cm2<\/p>\n<\/td>\n<td>\n<p>&le;5 ea\/cm2<\/p>\n<\/td>\n<td>\n<p>&le;10 ea\/cm2<\/p>\n<\/td>\n<\/tr>\n<tr>\n<td>\n<p>Impuret\u00e9s m\u00e9talliques<\/p>\n<\/td>\n<td colspan=\"2\">\n<p>&le;5E10atoms\/cm2<\/p>\n<\/td>\n<td>\n<p>N \/ A<\/p>\n<\/td>\n<\/tr>\n<tr>\n<td>\n<p>BPB<\/p>\n<\/td>\n<td>\n<p>&le;1500 ea\/cm2<\/p>\n<\/td>\n<td>\n<p>&le;3000 ea\/cm2<\/p>\n<\/td>\n<td>\n<p>N \/ A<\/p>\n<\/td>\n<\/tr>\n<tr>\n<td>\n<p>TSD<\/p>\n<\/td>\n<td>\n<p>&le;500 ea\/cm2<\/p>\n<\/td>\n<td>\n<p>&le;1000 ea\/cm2<\/p>\n<\/td>\n<td>\n<p>N \/ A<\/p>\n<\/td>\n<\/tr>\n<tr>\n<td colspan=\"4\">\n<p style=\"text-align: center\">Qualit\u00e9 avant<\/p>\n<\/td>\n<\/tr>\n<tr>\n<td>\n<p>Devant<\/p>\n<\/td>\n<td colspan=\"3\">\n<p>Si<\/p>\n<\/td>\n<\/tr>\n<tr>\n<td>\n<p>Finition de surface<\/p>\n<\/td>\n<td colspan=\"3\">\n<p>CMP SI-FACE<\/p>\n<\/td>\n<\/tr>\n<tr>\n<td>\n<p>Particules<\/p>\n<\/td>\n<td>\n<p>&le;60ea\/wafer (size&ge;0.3&mu;m)<\/p>\n<\/td>\n<td colspan=\"2\">\n<p>N \/ A<\/p>\n<\/td>\n<\/tr>\n<tr>\n<td>\n<p>Rayures<\/p>\n<\/td>\n<td>\n<p>&le;2ea\/mm. Cumulative length &le;Diameter<\/p>\n<\/td>\n<td>\n<p>Cumulative length&le;2*Diameter<\/p>\n<\/td>\n<td>\n<p>N \/ A<\/p>\n<\/td>\n<\/tr>\n<tr>\n<td>\n<p>PELLE \/ PEPES ORANGE \/ TAPPES \/ COMMENTS \/ CRESCHES \/ CONTAMINATION<\/p>\n<\/td>\n<td colspan=\"2\">\n<p>Aucun<\/p>\n<\/td>\n<td>\n<p>N \/ A<\/p>\n<\/td>\n<\/tr>\n<tr>\n<td>\n<p>Coups de bord \/ retraits \/ fracture \/ plaques hexagonales<\/p>\n<\/td>\n<td colspan=\"2\">\n<p>Aucun<\/p>\n<\/td>\n<td>\n<p>N \/ A<\/p>\n<\/td>\n<\/tr>\n<tr>\n<td>\n<p>Zones de polytype<\/p>\n<\/td>\n<td>\n<p>Aucun<\/p>\n<\/td>\n<td>\n<p>Cumulative area&le;20%<\/p>\n<\/td>\n<td>\n<p>Cumulative area&le;30%<\/p>\n<\/td>\n<\/tr>\n<tr>\n<td>\n<p>Marquage laser avant<\/p>\n<\/td>\n<td colspan=\"3\">\n<p>Aucun<\/p>\n<\/td>\n<\/tr>\n<tr>\n<td colspan=\"4\">\n<p style=\"text-align: center\">Qualit\u00e9 du dos<\/p>\n<\/td>\n<\/tr>\n<tr>\n<td>\n<p>Finition arri\u00e8re<\/p>\n<\/td>\n<td colspan=\"3\">\n<p>CMP C-FACE<\/p>\n<\/td>\n<\/tr>\n<tr>\n<td>\n<p>Rayures<\/p>\n<\/td>\n<td>\n<p>&le;5ea\/mm,Cumulative length&le;2*Diameter<\/p>\n<\/td>\n<td colspan=\"2\">\n<p>N \/ A<\/p>\n<\/td>\n<\/tr>\n<tr>\n<td>\n<p>D\u00e9fauts arri\u00e8re (puces de bord \/ retraits)<\/p>\n<\/td>\n<td colspan=\"3\">\n<p>Aucun<\/p>\n<\/td>\n<\/tr>\n<tr>\n<td>\n<p>Rugosit\u00e9 du dos<\/p>\n<\/td>\n<td colspan=\"3\">\n<p>Ra&le;0.2nm (5&mu;m*5&mu;m)<\/p>\n<\/td>\n<\/tr>\n<tr>\n<td>\n<p>Marquage laser arri\u00e8re<\/p>\n<\/td>\n<td colspan=\"3\">\n<p>1 mm (du bord sup\u00e9rieur)<\/p>\n<\/td>\n<\/tr>\n<tr>\n<td colspan=\"4\">\n<p style=\"text-align: center\">Bord<\/p>\n<\/td>\n<\/tr>\n<tr>\n<td>\n<p>Bord<\/p>\n<\/td>\n<td colspan=\"3\">\n<p>Chanfreiner<\/p>\n<\/td>\n<\/tr>\n<tr>\n<td colspan=\"4\">\n<p style=\"text-align: center\">Conditionnement<\/p>\n<\/td>\n<\/tr>\n<tr>\n<td>\n<p>Conditionnement<\/p>\n<\/td>\n<td colspan=\"3\">\n<p>The inner bag is filled with nitrogen and the outer bag is vacuumed.<\/p>\n<p>Multi-wafer cassette, epi-ready.<\/p>\n<\/td>\n<\/tr>\n<tr>\n<td colspan=\"4\">\n<p style=\"text-align: center\">*Remarques: \u00abNA\u00bb signifie qu'aucun \u00e9l\u00e9ment de demande non mentionn\u00e9 ne peut se r\u00e9f\u00e9rer au semi-std.<\/p>\n<\/td>\n<\/tr>\n<\/tbody>\n<\/table>\n<\/div>\n<p>&nbsp;<\/p>\n<\/div>\n<p>&nbsp;<\/p>\n<\/div>\n<p>&nbsp;<\/p>\n<\/div>\n<p>&nbsp;<\/p>\n<\/div>\n<p>&nbsp;<\/p>\n<\/div>\n<div class=\"fl-col-group fl-node-64c89b07c160a\" data-node=\"64c89b07c160a\">\n<div class=\"fl-col fl-node-64c89b07c186d\" style=\"width: 100%\" data-node=\"64c89b07c186d\">\n<div class=\"fl-col-content fl-node-content\">\n<div class=\"fl-module fl-module-photo fl-node-64c89b3d942f5\" data-animation-delay=\"0.0\" data-node=\"64c89b3d942f5\">\n<div class=\"fl-module-content fl-node-content\">\n<div class=\"fl-photo fl-photo-align-center\">\n<div class=\"fl-photo-content fl-photo-img-jpg\"><img decoding=\"async\" class=\"fl-photo-img wp-image-2174\" src=\"\/wp-content\/uploads\/2025\/09\/3f11ba8d46446fc0.webp\" alt=\"Wafers SIC\"><\/div>\n<p>&nbsp;<\/p>\n<\/div>\n<p>&nbsp;<\/p>\n<\/div>\n<p>&nbsp;<\/p>\n<\/div>\n<p>&nbsp;<\/p>\n<\/div>\n<p>&nbsp;<\/p>\n<\/div>\n<p>&nbsp;<\/p>\n<\/div>\n<div class=\"fl-col-group fl-node-6617823a3fa58\" data-node=\"6617823a3fa58\">\n<div class=\"fl-col fl-node-6617823a3fbfc\" style=\"width: 100%\" data-node=\"6617823a3fbfc\">\n<div class=\"fl-col-content fl-node-content\">\n<div class=\"fl-module fl-module-rich-text fl-node-6617823a3f91a\" data-animation-delay=\"0.0\" data-node=\"6617823a3f91a\">\n<div class=\"fl-module-content fl-node-content\">\n<div class=\"fl-rich-text\">\n<p>&nbsp;<\/p>\n<\/div>\n<p>&nbsp;<\/p>\n<\/div>\n<p>&nbsp;<\/p>\n<\/div>\n<p>&nbsp;<\/p>\n<\/div>\n<p>&nbsp;<\/p>\n<\/div>\n<p>&nbsp;<\/p>\n<\/div>\n<p>&nbsp;<\/p>\n<\/div>\n<p>&nbsp;<\/p>\n<\/div>\n<p>&nbsp;<\/p>\n<\/div>\n<\/div>","protected":false},"excerpt":{"rendered":"<p><!--?xml encoding=\"utf-8\" ?--><\/p>\n<p>Semicera&nbsp;offers a wide range of 4H-8H SiC wafers. For many years, we have been a manufacturer and supplier of products to the semiconductor and photovoltaic industries. Our main products include: Silicon carbide etch plates, silicon carbide boat trailers, silicon carbide wafer boats (PV &amp; Semiconductor), silicon carbide furnace tubes, silicon carbide cantilever paddles, silicon carbide chucks, silicon carbide beams, as well as CVD SiC coatings and TaC coatings. Covering most European and American markets. We look forward to being your long-term partner in China.<\/p>","protected":false},"featured_media":4571,"comment_status":"closed","ping_status":"open","template":"","meta":[],"product_brand":[],"product_cat":[35,26],"product_tag":[],"class_list":{"0":"post-2271","1":"product","2":"type-product","3":"status-publish","4":"has-post-thumbnail","6":"product_cat-sic-substrate","7":"product_cat-wafer","9":"first","10":"instock","11":"product-type-simple"},"_links":{"self":[{"href":"https:\/\/www.cn-semiconductorparts.com\/fr\/wp-json\/wp\/v2\/product\/2271","targetHints":{"allow":["GET"]}}],"collection":[{"href":"https:\/\/www.cn-semiconductorparts.com\/fr\/wp-json\/wp\/v2\/product"}],"about":[{"href":"https:\/\/www.cn-semiconductorparts.com\/fr\/wp-json\/wp\/v2\/types\/product"}],"replies":[{"embeddable":true,"href":"https:\/\/www.cn-semiconductorparts.com\/fr\/wp-json\/wp\/v2\/comments?post=2271"}],"wp:featuredmedia":[{"embeddable":true,"href":"https:\/\/www.cn-semiconductorparts.com\/fr\/wp-json\/wp\/v2\/media\/4571"}],"wp:attachment":[{"href":"https:\/\/www.cn-semiconductorparts.com\/fr\/wp-json\/wp\/v2\/media?parent=2271"}],"wp:term":[{"taxonomy":"product_brand","embeddable":true,"href":"https:\/\/www.cn-semiconductorparts.com\/fr\/wp-json\/wp\/v2\/product_brand?post=2271"},{"taxonomy":"product_cat","embeddable":true,"href":"https:\/\/www.cn-semiconductorparts.com\/fr\/wp-json\/wp\/v2\/product_cat?post=2271"},{"taxonomy":"product_tag","embeddable":true,"href":"https:\/\/www.cn-semiconductorparts.com\/fr\/wp-json\/wp\/v2\/product_tag?post=2271"}],"curies":[{"name":"WP","href":"https:\/\/api.w.org\/{rel}","templated":true}]}}