{"id":2274,"date":"2025-09-11T13:33:47","date_gmt":"2025-09-11T05:33:47","guid":{"rendered":"https:\/\/weitai2.globaldeepsea.site\/product\/customizable-high-purity-silicon-carbide-furnace-tubes\/"},"modified":"2025-12-05T10:36:19","modified_gmt":"2025-12-05T02:36:19","slug":"customizable-high-purity-silicon-carbide-furnace-tubes","status":"publish","type":"product","link":"https:\/\/www.cn-semiconductorparts.com\/fr\/product\/customizable-high-purity-silicon-carbide-furnace-tubes\/","title":{"rendered":"Customizable, high purity silicon carbide furnace tubes"},"content":{"rendered":"<p><!--?xml encoding=\"utf-8\" ?--><\/p>\n<div class=\"fl-builder-content fl-builder-content-2112 fl-builder-content-primary fl-builder-global-templates-locked\" data-post-id=\"2112\">\n<div class=\"fl-row fl-row-full-width fl-row-bg-none fl-node-64c36bc1420d7\" data-node=\"64c36bc1420d7\">\n<div class=\"fl-row-content-wrap\">\n<div class=\"fl-row-content fl-row-full-width fl-node-content\">\n<div class=\"fl-col-group fl-node-64c36bc1435c5\" data-node=\"64c36bc1435c5\">\n<div class=\"fl-col fl-node-64c36bc143840\" style=\"width: 100%\" data-node=\"64c36bc143840\">\n<div class=\"fl-col-content fl-node-content\">\n<div class=\"fl-module fl-module-rich-text fl-node-64c36bf8d85d2\" data-animation-delay=\"0.0\" data-node=\"64c36bf8d85d2\">\n<div class=\"fl-module-content fl-node-content\">\n<div class=\"fl-rich-text\">\n<p><span style=\"font-family: Calibri\">We can provide stable and reliable silicon carbide crystal boats, silicon carbide paddles, silicon carbide furnace tubes for the 4 inch to 6 inch semiconductor wafer industry. The purity can reach 99.9% without polluting the wafer.<\/span><\/p>\n<div id=\"gtx-trans\" style=\"position: absolute;left: 458px;top: 26px\"><\/div>\n<p>&nbsp;<\/p>\n<\/div>\n<p>&nbsp;<\/p>\n<\/div>\n<p>&nbsp;<\/p>\n<\/div>\n<p>&nbsp;<\/p>\n<\/div>\n<p>&nbsp;<\/p>\n<\/div>\n<p>&nbsp;<\/p>\n<\/div>\n<div class=\"fl-col-group fl-node-64c36bd5cf412\" data-node=\"64c36bd5cf412\">\n<div class=\"fl-col fl-node-64c36bd5cf591\" style=\"width: 100%\" data-node=\"64c36bd5cf591\">\n<div class=\"fl-col-content fl-node-content\">\n<div class=\"fl-module fl-module-photo fl-node-64c36bd5cf2e1\" data-animation-delay=\"0.0\" data-node=\"64c36bd5cf2e1\">\n<div class=\"fl-module-content fl-node-content\">\n<div class=\"fl-photo fl-photo-align-center\">\n<div class=\"fl-photo-content fl-photo-img-jpg\"><img decoding=\"async\" class=\"fl-photo-img wp-image-2115\" src=\"\/wp-content\/uploads\/2025\/09\/a693e57bd6c1ce5c.webp\" alt=\"\u78b3\u5316\u7845\u7089\u7ba1-SIC tubes1\"><\/div>\n<p>&nbsp;<\/p>\n<\/div>\n<p>&nbsp;<\/p>\n<\/div>\n<p>&nbsp;<\/p>\n<\/div>\n<p>&nbsp;<\/p>\n<\/div>\n<p>&nbsp;<\/p>\n<\/div>\n<p>&nbsp;<\/p>\n<\/div>\n<div class=\"fl-col-group fl-node-64c36c086ed21\" data-node=\"64c36c086ed21\">\n<div class=\"fl-col fl-node-64c36c086ef3d\" style=\"width: 100%\" data-node=\"64c36c086ef3d\">\n<div class=\"fl-col-content fl-node-content\">\n<div class=\"fl-module fl-module-rich-text fl-node-64c36bc141eeb\" data-animation-delay=\"0.0\" data-node=\"64c36bc141eeb\">\n<div class=\"fl-module-content fl-node-content\">\n<div class=\"fl-rich-text\">\n<p><span style=\"font-family: Calibri\">Silicon carbide furnace tube is mainly used for: 4-6 inch silicon wafer LTO= silica, SIPOS= oxy-polysilicon, SI3N4= silicon nitride, PSG= phosphosilicon glass, POLY= polysilicon film growth.<\/span>&nbsp;It is the raw material gas (or liquid source gasification) activated by thermal energy to generate a solid film on the surface of the substrate. Low pressure chemical vapor deposition is carried out at low pressure, due to the low pressure, the average free path of gas molecules is large, so that the uniformity of the grown film is good, and the substrate can be vertically placed and the amount of loading is large, especially suitable for large-scale integrated circuits, discrete devices, power electronics, optoelectronic devices and optical fiber and other industries of industrial production special equipment.<\/p>\n<div id=\"gtx-trans\" style=\"position: absolute;left: 964px;top: -18px\"><\/div>\n<p>&nbsp;<\/p>\n<\/div>\n<p>&nbsp;<\/p>\n<\/div>\n<p>&nbsp;<\/p>\n<\/div>\n<p>&nbsp;<\/p>\n<\/div>\n<p>&nbsp;<\/p>\n<\/div>\n<p>&nbsp;<\/p>\n<\/div>\n<div class=\"fl-col-group fl-node-64c36c77d3aac\" data-node=\"64c36c77d3aac\">\n<div class=\"fl-col fl-node-64c36c77d3c49 fl-col-small\" style=\"width: 50%\" data-node=\"64c36c77d3c49\">\n<div class=\"fl-col-content fl-node-content\">\n<div class=\"fl-module fl-module-photo fl-node-64c36c8eecbc9\" data-animation-delay=\"0.0\" data-node=\"64c36c8eecbc9\">\n<div class=\"fl-module-content fl-node-content\">\n<div class=\"fl-photo fl-photo-align-center\">\n<div class=\"fl-photo-content fl-photo-img-jpg\"><img decoding=\"async\" class=\"fl-photo-img wp-image-2116\" src=\"\/wp-content\/uploads\/2025\/09\/737bfae1e18cb874.webp\" alt=\"\u78b3\u5316\u7845\u7089\u7ba1-SIC tubes2\"><\/div>\n<p>&nbsp;<\/p>\n<\/div>\n<p>&nbsp;<\/p>\n<\/div>\n<p>&nbsp;<\/p>\n<\/div>\n<p>&nbsp;<\/p>\n<\/div>\n<p>&nbsp;<\/p>\n<\/div>\n<div class=\"fl-col fl-node-64c36c9e95923 fl-col-small\" style=\"width: 50%\" data-node=\"64c36c9e95923\">\n<div class=\"fl-col-content fl-node-content\">\n<div class=\"fl-module fl-module-photo fl-node-64c36c9b1279b\" data-animation-delay=\"0.0\" data-node=\"64c36c9b1279b\">\n<div class=\"fl-module-content fl-node-content\">\n<div class=\"fl-photo fl-photo-align-center\">\n<div class=\"fl-photo-content fl-photo-img-png\"><img decoding=\"async\" class=\"fl-photo-img wp-image-2118\" src=\"\/wp-content\/uploads\/2025\/09\/634fd52440b639ba.webp\" alt=\"\u78b3\u5316\u7845\u7089\u7ba1-SIC tubes3\"><\/div>\n<p>&nbsp;<\/p>\n<\/div>\n<p>&nbsp;<\/p>\n<\/div>\n<p>&nbsp;<\/p>\n<\/div>\n<p>&nbsp;<\/p>\n<\/div>\n<p>&nbsp;<\/p>\n<\/div>\n<p>&nbsp;<\/p>\n<\/div>\n<div class=\"fl-col-group fl-node-64c36cc38a4da\" data-node=\"64c36cc38a4da\">\n<div class=\"fl-col fl-node-64c36cc38a8fd\" style=\"width: 100%\" data-node=\"64c36cc38a8fd\">\n<div class=\"fl-col-content fl-node-content\">\n<div class=\"fl-module fl-module-photo fl-node-64c36c1568eb5\" data-animation-delay=\"0.0\" data-node=\"64c36c1568eb5\">\n<div class=\"fl-module-content fl-node-content\">\n<div class=\"fl-photo fl-photo-align-center\">\n<div class=\"fl-photo-content fl-photo-img-png\"><img decoding=\"async\" class=\"fl-photo-img wp-image-1732\" src=\"\/wp-content\/uploads\/2025\/09\/b2c38ce1672f5a38.webp\" alt=\"Adfvzcvxcd\"><\/div>\n<p>&nbsp;<\/p>\n<\/div>\n<p>&nbsp;<\/p>\n<\/div>\n<p>&nbsp;<\/p>\n<\/div>\n<p>&nbsp;<\/p>\n<\/div>\n<p>&nbsp;<\/p>\n<\/div>\n<p>&nbsp;<\/p>\n<\/div>\n<div class=\"fl-col-group fl-node-64c36ccacb34b\" data-node=\"64c36ccacb34b\">\n<div class=\"fl-col fl-node-64c36ccacb751\" style=\"width: 100%\" data-node=\"64c36ccacb751\">\n<div class=\"fl-col-content fl-node-content\">\n<div class=\"fl-module fl-module-rich-text fl-node-64c36c67b3559\" data-animation-delay=\"0.0\" data-node=\"64c36c67b3559\">\n<div class=\"fl-module-content fl-node-content\">\n<div class=\"fl-rich-text\">\n<p>Semicera Energy Technology Co., Ltd is a professional research, development, production and sales of silicon carbide ceramic products. Since its establishment in 2016, Semicera Energy has mastered isostatic pressing molding process, thousand pressing molding process, grouting molding process and vacuum extrusion molding process. Our company uses 6 silicon carbide ceramic sintering production lines, has 8 CNC, 6 precision grinding machines, can also provide you with silicon carbide ceramic sintered products, but also can provide silicon carbide ceramics, alumina ceramics, aluminum nitride ceramics, zirconia ceramics processing services.<\/p>\n<p>&nbsp;<\/p>\n<\/div>\n<p>&nbsp;<\/p>\n<\/div>\n<p>&nbsp;<\/p>\n<\/div>\n<p>&nbsp;<\/p>\n<\/div>\n<p>&nbsp;<\/p>\n<\/div>\n<p>&nbsp;<\/p>\n<\/div>\n<div class=\"fl-col-group fl-node-64c36c2c255f4\" data-node=\"64c36c2c255f4\">\n<div class=\"fl-col fl-node-64c36c2c25781\" style=\"width: 100%\" data-node=\"64c36c2c25781\">\n<div class=\"fl-col-content fl-node-content\">\n<div class=\"fl-module fl-module-photo fl-node-64c36c2c254b0\" data-animation-delay=\"0.0\" data-node=\"64c36c2c254b0\">\n<div class=\"fl-module-content fl-node-content\">\n<div class=\"fl-photo fl-photo-align-center\">\n<div class=\"fl-photo-content fl-photo-img-png\"><img decoding=\"async\" class=\"fl-photo-img wp-image-1724\" src=\"\/wp-content\/uploads\/2025\/09\/10eae6e7f0a66943.webp\" alt=\"11\"><\/div>\n<p>&nbsp;<\/p>\n<\/div>\n<p>&nbsp;<\/p>\n<\/div>\n<p>&nbsp;<\/p>\n<\/div>\n<p>&nbsp;<\/p>\n<\/div>\n<p>&nbsp;<\/p>\n<\/div>\n<p>&nbsp;<\/p>\n<\/div>\n<p>&nbsp;<\/p>\n<\/div>\n<p>&nbsp;<\/p>\n<\/div>\n<p>&nbsp;<\/p>\n<\/div>\n<\/div>","protected":false},"excerpt":{"rendered":"<p><!--?xml encoding=\"utf-8\" ?--><\/p>\n<p>Le tube en carbure de silicium a une forte r\u00e9sistance, une duret\u00e9 \u00e9lev\u00e9e, une bonne r\u00e9sistance \u00e0 l'usure, une r\u00e9sistance \u00e0 haute temp\u00e9rature, une r\u00e9sistance \u00e0 la corrosion, une bonne chaleur et une r\u00e9sistance aux chocs, une grande conductivit\u00e9 thermique et une bonne r\u00e9sistance \u00e0 l'oxydation et d'autres propri\u00e9t\u00e9s sup\u00e9rieures.<\/p>","protected":false},"featured_media":4574,"comment_status":"closed","ping_status":"open","template":"","meta":[],"product_brand":[],"product_cat":[58,24],"product_tag":[],"class_list":{"0":"post-2274","1":"product","2":"type-product","3":"status-publish","4":"has-post-thumbnail","6":"product_cat-sic-furnace-tube","7":"product_cat-silicon-carbide-ceramic","9":"first","10":"instock","11":"product-type-simple"},"_links":{"self":[{"href":"https:\/\/www.cn-semiconductorparts.com\/fr\/wp-json\/wp\/v2\/product\/2274","targetHints":{"allow":["GET"]}}],"collection":[{"href":"https:\/\/www.cn-semiconductorparts.com\/fr\/wp-json\/wp\/v2\/product"}],"about":[{"href":"https:\/\/www.cn-semiconductorparts.com\/fr\/wp-json\/wp\/v2\/types\/product"}],"replies":[{"embeddable":true,"href":"https:\/\/www.cn-semiconductorparts.com\/fr\/wp-json\/wp\/v2\/comments?post=2274"}],"wp:featuredmedia":[{"embeddable":true,"href":"https:\/\/www.cn-semiconductorparts.com\/fr\/wp-json\/wp\/v2\/media\/4574"}],"wp:attachment":[{"href":"https:\/\/www.cn-semiconductorparts.com\/fr\/wp-json\/wp\/v2\/media?parent=2274"}],"wp:term":[{"taxonomy":"product_brand","embeddable":true,"href":"https:\/\/www.cn-semiconductorparts.com\/fr\/wp-json\/wp\/v2\/product_brand?post=2274"},{"taxonomy":"product_cat","embeddable":true,"href":"https:\/\/www.cn-semiconductorparts.com\/fr\/wp-json\/wp\/v2\/product_cat?post=2274"},{"taxonomy":"product_tag","embeddable":true,"href":"https:\/\/www.cn-semiconductorparts.com\/fr\/wp-json\/wp\/v2\/product_tag?post=2274"}],"curies":[{"name":"WP","href":"https:\/\/api.w.org\/{rel}","templated":true}]}}