{"id":2283,"date":"2025-09-11T05:33:47","date_gmt":"2025-09-11T05:33:47","guid":{"rendered":"https:\/\/weitai2.globaldeepsea.site\/product\/high-purity-quartz-crystal-boat-can-be-customized\/"},"modified":"2026-04-29T15:27:59","modified_gmt":"2026-04-29T07:27:59","slug":"high-purity-quartz-crystal-boat-can-be-customized","status":"publish","type":"product","link":"https:\/\/www.cn-semiconductorparts.com\/fr\/product\/high-purity-quartz-crystal-boat-can-be-customized\/","title":{"rendered":"Le cristal de cristal de quartz de haute puret\u00e9 peut \u00eatre personnalis\u00e9"},"content":{"rendered":"<div class=\"fl-builder-content fl-builder-content-2009 fl-builder-content-primary fl-builder-global-templates-locked\" data-post-id=\"2009\">\n<div class=\"fl-row fl-row-full-width fl-row-bg-none fl-node-64b89e51b3e66\" data-node=\"64b89e51b3e66\">\n<div class=\"fl-row-content-wrap\">\n<div class=\"fl-row-content fl-row-full-width fl-node-content\">\n<div class=\"fl-col-group fl-node-64b89e51b4ce0\" data-node=\"64b89e51b4ce0\">\n<div class=\"fl-col fl-node-64b89e51b4e5d\" data-node=\"64b89e51b4e5d\" style=\"width: 100%;\">\n<div class=\"fl-col-content fl-node-content\">\n<div class=\"fl-module fl-module-rich-text fl-node-64b89e51b3d24\" data-animation-delay=\"0.0\" data-node=\"64b89e51b3d24\">\n<div class=\"fl-module-content fl-node-content\">\n<div class=\"fl-rich-text\">\n<p><span style=\"font-family: Calibri;\">Les avantages du quartz sont les suivants:<\/span><\/p>\n<p>1, r\u00e9sistance \u00e0 haute temp\u00e9rature. La temp\u00e9rature du point de ramollissement du verre de quartz est d'environ 1730 \u00b0 C, qui peut \u00eatre utilis\u00e9e pendant une longue p\u00e9riode \u00e0 1150 \u00b0 C, et la temp\u00e9rature maximale pendant une courte p\u00e9riode peut atteindre 1450 \u00b0 C.<\/p>\n<p>2, r\u00e9sistance \u00e0 la corrosion. En plus de l'acide hydrofluorique, le quartz de haute puret\u00e9 ne r\u00e9agit presque pas avec d'autres substances acides, \u00e0 des temp\u00e9ratures \u00e9lev\u00e9es, il peut r\u00e9sister \u00e0 l'acide sulfurique, \u00e0 l'acide nitrique, \u00e0 l'acide chlorhydrique, \u00e0 la royaut\u00e9 aqua, aux sels neutres, \u00e0 l'\u00e9rosion du carbone et du soufre. Sa r\u00e9sistance \u00e0 l'acide est 30 fois celle de la c\u00e9ramique, 150 fois celle de l'acier inoxydable, en particulier sa stabilit\u00e9 chimique \u00e0 des temp\u00e9ratures \u00e9lev\u00e9es, qui est in\u00e9gal\u00e9e par tout autre mat\u00e9riau d'ing\u00e9nierie.<\/p>\n<p>3, bonne stabilit\u00e9 thermique. Le coefficient de dilatation thermique du quartz de haute puret\u00e9 est tr\u00e8s faible, peut r\u00e9sister \u00e0 des changements de temp\u00e9rature intenses, le quartz de haute puret\u00e9 est chauff\u00e9 \u00e0 environ 1100 \u2103 et ne se d\u00e9cha\u00eenera pas dans l'eau normale de la temp\u00e9rature.<\/p>\n<p>4, bonnes performances de transmission de lumi\u00e8re. Le quartz de haute puret\u00e9 a de bonnes performances de transmission de lumi\u00e8re dans toute la bande spectrale de l'ultraviolet \u00e0 la transmittance de lumi\u00e8re visible infrarouge de plus de 93%, en particulier dans la r\u00e9gion spectrale ultraviolette, ~ une grande transmittance lumineuse de plus de 80%.<\/p>\n<p>5, bonne performance d'isolation \u00e9lectrique. La valeur de r\u00e9sistance du quartz de haute puret\u00e9 \u00e9quivaut \u00e0 10 000 fois celle du verre de quartz ordinaire, qui est un excellent mat\u00e9riau d'isolation \u00e9lectrique et a de bonnes propri\u00e9t\u00e9s \u00e9lectriques m\u00eame \u00e0 des temp\u00e9ratures \u00e9lev\u00e9es.<\/p>\n<\/p><\/div>\n<\/p><\/div>\n<\/p><\/div>\n<\/p><\/div>\n<\/p><\/div>\n<\/p><\/div>\n<div class=\"fl-col-group fl-node-64b89f748beb5\" data-node=\"64b89f748beb5\">\n<div class=\"fl-col fl-node-64b89f748c030\" data-node=\"64b89f748c030\" style=\"width: 100%;\">\n<div class=\"fl-col-content fl-node-content\">\n<div class=\"fl-module fl-module-photo fl-node-64b89f748bd72\" data-animation-delay=\"0.0\" data-node=\"64b89f748bd72\">\n<div class=\"fl-module-content fl-node-content\">\n<div class=\"fl-photo fl-photo-align-center\" itemscope=\"\" itemtype=\"http:\/\/schema.org\/ImageObject\">\n<div class=\"fl-photo-content fl-photo-img-jpg\"> <img decoding=\"async\" alt=\"Ferrotec Precision Quartz\" class=\"fl-photo-img wp-image-2013\" itemprop=\"image\" src=\"\/wp-content\/uploads\/2025\/09\/83039d9d0cc3232c.webp\"> <\/img><\/div>\n<\/p><\/div>\n<\/p><\/div>\n<\/p><\/div>\n<\/p><\/div>\n<\/p><\/div>\n<\/p><\/div>\n<div class=\"fl-col-group fl-node-64b8a008e89e6\" data-node=\"64b8a008e89e6\">\n<div class=\"fl-col fl-node-64b8a008e8b77\" data-node=\"64b8a008e8b77\" style=\"width: 100%;\">\n<div class=\"fl-col-content fl-node-content\">\n<div class=\"fl-module fl-module-rich-text fl-node-64b8a008e88b0\" data-animation-delay=\"0.0\" data-node=\"64b8a008e88b0\">\n<div class=\"fl-module-content fl-node-content\">\n<div class=\"fl-rich-text\">\n<p data-section=\"0\">Afin de r\u00e9pondre aux besoins des clients, Semiera Energy peut produire une vari\u00e9t\u00e9 de produits en quartz, en s'appuyant sur les trois avantages techniques de base de la technologie de traitement de pr\u00e9cision, de la technologie de soudage, du traitement de surface (nettoyage) et du soutien de l'\u00e9quipe technique professionnelle avec une vision mondiale, des produits de haute qualit\u00e9 sur mesure pour les clients.<\/p>\n<p>\u00a0<\/p>\n<\/p><\/div>\n<\/p><\/div>\n<\/p><\/div>\n<\/p><\/div>\n<\/p><\/div>\n<\/p><\/div>\n<div class=\"fl-col-group fl-node-64b8a013ab54d\" data-node=\"64b8a013ab54d\">\n<div class=\"fl-col fl-node-64b8a013ab6e5\" data-node=\"64b8a013ab6e5\" style=\"width: 100%;\">\n<div class=\"fl-col-content fl-node-content\">\n<div class=\"fl-module fl-module-gallery fl-node-64b8a013ab415\" data-animation-delay=\"0.0\" data-node=\"64b8a013ab415\">\n<div class=\"fl-module-content fl-node-content\">\n<div class=\"fl-mosaicflow\">\n<div class=\"fl-mosaicflow-content\">\n<div class=\"fl-mosaicflow-item\">\n<div class=\"fl-photo fl-photo-align-center\" itemscope=\"\" itemtype=\"http:\/\/schema.org\/ImageObject\">\n<div class=\"fl-photo-content fl-photo-img-png\"> <a href=\"\/fr\/uploads\/Quartz-Crystal-Boat.webp\/\" itemprop=\"url\" target=\"_self\"> <img decoding=\"async\" alt=\"En cristal en quartz\" class=\"fl-photo-img wp-image-4671\" itemprop=\"image\" src=\"\/wp-content\/uploads\/2025\/09\/3f2c08f9b68e2604.webp\"> <\/img><\/a> <\/div>\n<\/p><\/div>\n<\/p><\/div>\n<div class=\"fl-mosaicflow-item\">\n<div class=\"fl-photo fl-photo-align-center\" itemscope=\"\" itemtype=\"http:\/\/schema.org\/ImageObject\">\n<div class=\"fl-photo-content fl-photo-img-jpg\"> <a href=\"\/fr\/uploads\/Quartz-Crystal-Boat.webp\/\" itemprop=\"url\" target=\"_self\"> <img decoding=\"async\" alt=\"En cristal en quartz\" class=\"fl-photo-img wp-image-4673\" itemprop=\"image\" src=\"\/wp-content\/uploads\/2025\/09\/c066e4099217e31a.webp\"> <\/img><\/a> <\/div>\n<\/p><\/div>\n<\/p><\/div>\n<div class=\"fl-mosaicflow-item\">\n<div class=\"fl-photo fl-photo-align-center\" itemscope=\"\" itemtype=\"http:\/\/schema.org\/ImageObject\">\n<div class=\"fl-photo-content fl-photo-img-png\"> <a href=\"\/fr\/uploads\/Quartz-Crystal-Boat-1.webp\/\" itemprop=\"url\" target=\"_self\"> <img decoding=\"async\" alt=\"Crystal Boat-1 de quartz-1\" class=\"fl-photo-img wp-image-4674\" itemprop=\"image\" src=\"\/wp-content\/uploads\/2025\/09\/08f958634ee1dee3.webp\"> <\/img><\/a> <\/div>\n<\/p><\/div>\n<\/p><\/div>\n<\/p><\/div>\n<div class=\"fl-clear\"><\/div>\n<\/p><\/div>\n<\/p><\/div>\n<\/p><\/div>\n<\/p><\/div>\n<\/p><\/div>\n<\/p><\/div>\n<div class=\"fl-col-group fl-node-66066761f12f9\" data-node=\"66066761f12f9\">\n<div class=\"fl-col fl-node-66066761f1590\" data-node=\"66066761f1590\" style=\"width: 100%;\">\n<div class=\"fl-col-content fl-node-content\">\n<div class=\"fl-module fl-module-photo fl-node-66066761f10fe\" data-animation-delay=\"0.0\" data-node=\"66066761f10fe\">\n<div class=\"fl-module-content fl-node-content\">\n<div class=\"fl-photo fl-photo-align-center\" itemscope=\"\" itemtype=\"http:\/\/schema.org\/ImageObject\">\n<div class=\"fl-photo-content fl-photo-img-jpg\"> <img decoding=\"async\" alt=\"Lieu de travail Semiera\" class=\"fl-photo-img wp-image-7142\" itemprop=\"image\" src=\"\/wp-content\/uploads\/2025\/09\/b1dd0bcab1675ff4.webp\"> <\/img><\/div>\n<\/p><\/div>\n<\/p><\/div>\n<\/p><\/div>\n<div class=\"fl-module fl-module-photo fl-node-66066775cd5f8\" data-animation-delay=\"0.0\" data-node=\"66066775cd5f8\">\n<div class=\"fl-module-content fl-node-content\">\n<div class=\"fl-photo fl-photo-align-center\" itemscope=\"\" itemtype=\"http:\/\/schema.org\/ImageObject\">\n<div class=\"fl-photo-content fl-photo-img-jpg\"> <img decoding=\"async\" alt=\"Semirara Lieu de travail 2\" class=\"fl-photo-img wp-image-7141\" itemprop=\"image\" src=\"\/wp-content\/uploads\/2025\/09\/2b946d2b4b61306d.webp\"> <\/img><\/div>\n<\/p><\/div>\n<\/p><\/div>\n<\/p><\/div>\n<div class=\"fl-module fl-module-photo fl-node-660667741a70a\" data-animation-delay=\"0.0\" data-node=\"660667741a70a\">\n<div class=\"fl-module-content fl-node-content\">\n<div class=\"fl-photo fl-photo-align-center\" itemscope=\"\" itemtype=\"http:\/\/schema.org\/ImageObject\">\n<div class=\"fl-photo-content fl-photo-img-jpg\"> <img decoding=\"async\" alt=\"Machine de mat\u00e9riel\" class=\"fl-photo-img wp-image-7138\" itemprop=\"image\" src=\"\/wp-content\/uploads\/2025\/09\/081b6529d68ead23.webp\"> <\/img><\/div>\n<\/p><\/div>\n<\/p><\/div>\n<\/p><\/div>\n<div class=\"fl-module fl-module-photo fl-node-660667731e148\" data-animation-delay=\"0.0\" data-node=\"660667731e148\">\n<div class=\"fl-module-content fl-node-content\">\n<div class=\"fl-photo fl-photo-align-center\" itemscope=\"\" itemtype=\"http:\/\/schema.org\/ImageObject\">\n<div class=\"fl-photo-content fl-photo-img-jpg\"> <img decoding=\"async\" alt=\"Traitement CNN, nettoyage chimique, rev\u00eatement CVD\" class=\"fl-photo-img wp-image-7137\" itemprop=\"image\" src=\"\/wp-content\/uploads\/2025\/09\/a4132b2b399abbac.webp\"> <\/img><\/div>\n<\/p><\/div>\n<\/p><\/div>\n<\/p><\/div>\n<div class=\"fl-module fl-module-photo fl-node-66066772158b4\" data-animation-delay=\"0.0\" data-node=\"66066772158b4\">\n<div class=\"fl-module-content fl-node-content\">\n<div class=\"fl-photo fl-photo-align-center\" itemscope=\"\" itemtype=\"http:\/\/schema.org\/ImageObject\">\n<div class=\"fl-photo-content fl-photo-img-jpg\"> <img decoding=\"async\" alt=\"Maison des articles semira\" class=\"fl-photo-img wp-image-7140\" itemprop=\"image\" src=\"\/wp-content\/uploads\/2025\/09\/2190bb9ce5c1d546.webp\"\/> <\/div>\n<\/p><\/div>\n<\/p><\/div>\n<\/p><\/div>\n<div class=\"fl-module fl-module-photo fl-node-66066770edab7\" data-animation-delay=\"0.0\" data-node=\"66066770edab7\">\n<div class=\"fl-module-content fl-node-content\">\n<div class=\"fl-photo fl-photo-align-center\" itemscope=\"\" itemtype=\"http:\/\/schema.org\/ImageObject\">\n<div class=\"fl-photo-content fl-photo-img-jpg\"> <img decoding=\"async\" alt=\"Notre service\" class=\"fl-photo-img wp-image-7139\" itemprop=\"image\" src=\"\/wp-content\/uploads\/2025\/09\/b07f222c0ec0ab8d.webp\"\/> <\/div>\n<\/p><\/div>\n<\/p><\/div>\n<\/p><\/div>\n<\/p><\/div>\n<\/p><\/div>\n<\/p><\/div>\n<\/p><\/div>\n<\/p><\/div>\n<\/p><\/div>\n<\/div>","protected":false},"excerpt":{"rendered":"<p>Dans le processus de fabrication des IC semi-conducteurs, il est souvent n\u00e9cessaire d'utiliser un outil pour le transfert, le nettoyage et le traitement des puces, l'outil qui transporte la puce est g\u00e9n\u00e9ralement appel\u00e9 bateau \u00e0 plaquette, qui sera fourni avec un certain nombre de machines \u00e0 sous, chaque fente de plaquette est utilis\u00e9e pour placer une plaquette. Dans le processus de fabrication des tranches de semi-conducteurs, le processus de diffusion du tube de la fournaise est l'un des processus de base. Dans le processus de diffusion, plusieurs plaquettes-plaquettes sont d'abord plac\u00e9es sur un bateau en cristal de quartz, puis le bateau en cristal de quartz est plac\u00e9 dans le tube de la fournaise pour la fabrication par lots.<\/p>","protected":false},"featured_media":504,"comment_status":"closed","ping_status":"open","template":"","meta":[],"product_brand":[],"product_cat":[31,42],"product_tag":[],"class_list":{"0":"post-2283","1":"product","2":"type-product","3":"status-publish","4":"has-post-thumbnail","6":"product_cat-more-ceramic-products","7":"product_cat-silicon-nitride-ceramic","9":"first","10":"instock","11":"product-type-simple"},"_links":{"self":[{"href":"https:\/\/www.cn-semiconductorparts.com\/fr\/wp-json\/wp\/v2\/product\/2283","targetHints":{"allow":["GET"]}}],"collection":[{"href":"https:\/\/www.cn-semiconductorparts.com\/fr\/wp-json\/wp\/v2\/product"}],"about":[{"href":"https:\/\/www.cn-semiconductorparts.com\/fr\/wp-json\/wp\/v2\/types\/product"}],"replies":[{"embeddable":true,"href":"https:\/\/www.cn-semiconductorparts.com\/fr\/wp-json\/wp\/v2\/comments?post=2283"}],"wp:featuredmedia":[{"embeddable":true,"href":"https:\/\/www.cn-semiconductorparts.com\/fr\/wp-json\/wp\/v2\/media\/504"}],"wp:attachment":[{"href":"https:\/\/www.cn-semiconductorparts.com\/fr\/wp-json\/wp\/v2\/media?parent=2283"}],"wp:term":[{"taxonomy":"product_brand","embeddable":true,"href":"https:\/\/www.cn-semiconductorparts.com\/fr\/wp-json\/wp\/v2\/product_brand?post=2283"},{"taxonomy":"product_cat","embeddable":true,"href":"https:\/\/www.cn-semiconductorparts.com\/fr\/wp-json\/wp\/v2\/product_cat?post=2283"},{"taxonomy":"product_tag","embeddable":true,"href":"https:\/\/www.cn-semiconductorparts.com\/fr\/wp-json\/wp\/v2\/product_tag?post=2283"}],"curies":[{"name":"WP","href":"https:\/\/api.w.org\/{rel}","templated":true}]}}