{"id":2287,"date":"2025-09-11T13:33:47","date_gmt":"2025-09-11T05:33:47","guid":{"rendered":"https:\/\/weitai2.globaldeepsea.site\/product\/high-purity-tantalum-carbide-product-customization\/"},"modified":"2025-12-05T10:46:34","modified_gmt":"2025-12-05T02:46:34","slug":"high-purity-tantalum-carbide-product-customization","status":"publish","type":"product","link":"https:\/\/www.cn-semiconductorparts.com\/fr\/product\/high-purity-tantalum-carbide-product-customization\/","title":{"rendered":"High purity tantalum carbide product customization"},"content":{"rendered":"<p><!--?xml encoding=\"utf-8\" ?--><\/p>\n<div class=\"fl-builder-content fl-builder-content-1877 fl-builder-content-primary fl-builder-global-templates-locked\" data-post-id=\"1877\">\n<div class=\"fl-row fl-row-full-width fl-row-bg-none fl-node-65dd9a3f36d03\" data-node=\"65dd9a3f36d03\">\n<div class=\"fl-row-content-wrap\">\n<div class=\"fl-row-content fl-row-full-width fl-node-content\">\n<div class=\"fl-col-group fl-node-65dd9a3f36e03\" data-node=\"65dd9a3f36e03\">\n<div class=\"fl-col fl-node-65dd9a3f36e42\" style=\"width: 100%\" data-node=\"65dd9a3f36e42\">\n<div class=\"fl-col-content fl-node-content\">\n<div class=\"fl-module fl-module-rich-text fl-node-65dd9a3f36e81\" data-animation-delay=\"0.0\" data-node=\"65dd9a3f36e81\">\n<div class=\"fl-module-content fl-node-content\">\n<div class=\"fl-rich-text\">\n<p><span style=\"font-family: 'Segoe UI'\">Semicera propose des rev\u00eatements de carbure de tantale (TAC) sp\u00e9cialis\u00e9s pour divers composants et transporteurs.<\/span>&nbsp;Semicera Semicera leading coating process enables tantalum carbide (TaC) coatings to achieve high purity, high temperature stability and high chemical tolerance, improving product quality of SIC\/GAN crystals and EPI layers (Graphite coated TaC susceptor), and extending the life of key reactor components. The use of tantalum carbide TaC coating is to solve the edge problem and improve the quality of crystal growth, and Semicera has breakthrough solved the tantalum carbide coating technology (CVD), reaching the international advanced level.<\/p>\n<div id=\"gtx-trans\" style=\"position: absolute;left: 24px;top: -19px\"><\/div>\n<p>&nbsp;<\/p>\n<\/div>\n<p>&nbsp;<\/p>\n<\/div>\n<p>&nbsp;<\/p>\n<\/div>\n<p>&nbsp;<\/p>\n<\/div>\n<p>&nbsp;<\/p>\n<\/div>\n<p>&nbsp;<\/p>\n<\/div>\n<div class=\"fl-col-group fl-node-65dd9a3f371fa\" data-node=\"65dd9a3f371fa\">\n<div class=\"fl-col fl-node-65dd9a3f37239\" style=\"width: 100%\" data-node=\"65dd9a3f37239\">\n<div class=\"fl-col-content fl-node-content\">\n<div class=\"fl-module fl-module-rich-text fl-node-65dd9a3f37278\" data-animation-delay=\"0.0\" data-node=\"65dd9a3f37278\">\n<div class=\"fl-module-content fl-node-content\">\n<div class=\"fl-rich-text\">\n<p>After years of development, Semicera has conquered the technology of CVD TaC with the joint efforts of the R&amp;D department. Defects are easy to occur in the growth process of SiC wafers, but after using TaC, the difference is significant. Below is a comparison of wafers with and without TaC, as well as Semicera&#8217; parts for single crystal growth&nbsp;<\/p>\n<p>&nbsp;<\/p>\n<\/div>\n<p>&nbsp;<\/p>\n<\/div>\n<p>&nbsp;<\/p>\n<\/div>\n<p>&nbsp;<\/p>\n<\/div>\n<p>&nbsp;<\/p>\n<\/div>\n<p>&nbsp;<\/p>\n<\/div>\n<div class=\"fl-col-group fl-node-65dd9a3f3762b\" data-node=\"65dd9a3f3762b\">\n<div class=\"fl-col fl-node-65dd9a3f37727 fl-col-small\" style=\"width: 50%\" data-node=\"65dd9a3f37727\">\n<div class=\"fl-col-content fl-node-content\">\n<div class=\"fl-module fl-module-photo fl-node-65dd9a3f376a9\" data-animation-delay=\"0.0\" data-node=\"65dd9a3f376a9\">\n<div class=\"fl-module-content fl-node-content\">\n<div class=\"fl-photo fl-photo-align-center\">\n<div class=\"fl-photo-content fl-photo-img-jpg\"><img decoding=\"async\" class=\"fl-photo-img wp-image-6551\" src=\"\/wp-content\/uploads\/2025\/09\/4237e668f8b30dd0.webp\" alt=\"b917b6b4-7572-47fe-9074-24d33288257c\"><\/div>\n<p>&nbsp;<\/p>\n<\/div>\n<p>&nbsp;<\/p>\n<\/div>\n<p>&nbsp;<\/p>\n<\/div>\n<div class=\"fl-module fl-module-heading fl-node-65dd9a3f377a5\" data-animation-delay=\"0.0\" data-node=\"65dd9a3f377a5\">\n<div class=\"fl-module-content fl-node-content\">\n<h3 class=\"fl-heading\">Partie tac pour la croissance monocristal<\/h3>\n<p>&nbsp;<\/p>\n<\/div>\n<p>&nbsp;<\/p>\n<\/div>\n<p>&nbsp;<\/p>\n<\/div>\n<p>&nbsp;<\/p>\n<\/div>\n<div class=\"fl-col fl-node-65dd9a3f3766a fl-col-small\" style=\"width: 50%\" data-node=\"65dd9a3f3766a\">\n<div class=\"fl-col-content fl-node-content\">\n<div class=\"fl-module fl-module-photo fl-node-65dd9a3f376e8\" data-animation-delay=\"0.0\" data-node=\"65dd9a3f376e8\">\n<div class=\"fl-module-content fl-node-content\">\n<div class=\"fl-photo fl-photo-align-center\">\n<div class=\"fl-photo-content fl-photo-img-jpg\"><img decoding=\"async\" class=\"fl-photo-img wp-image-6556\" src=\"\/wp-content\/uploads\/2025\/09\/b649860e6c3b4d4c.webp\" alt=\"Le rev\u00eatement en carbure de Tantalum anti-v\u00eatements prot\u00e8ge l&#039;\u00e9quipement de l&#039;usure et de la corrosion Image\"><\/div>\n<p>&nbsp;<\/p>\n<\/div>\n<p>&nbsp;<\/p>\n<\/div>\n<p>&nbsp;<\/p>\n<\/div>\n<div class=\"fl-module fl-module-heading fl-node-65dd9a3f37766\" data-animation-delay=\"0.0\" data-node=\"65dd9a3f37766\">\n<div class=\"fl-module-content fl-node-content\">\n<h3 class=\"fl-heading\">Graphite avec anneau rev\u00eatu de TAC<\/h3>\n<p>&nbsp;<\/p>\n<\/div>\n<p>&nbsp;<\/p>\n<\/div>\n<p>&nbsp;<\/p>\n<\/div>\n<p>&nbsp;<\/p>\n<\/div>\n<p>&nbsp;<\/p>\n<\/div>\n<div class=\"fl-col-group fl-node-65dd9a3f370bf\" data-node=\"65dd9a3f370bf\">\n<div class=\"fl-col fl-node-65dd9a3f371bb fl-col-small\" style=\"width: 50%\" data-node=\"65dd9a3f371bb\">\n<div class=\"fl-col-content fl-node-content\">\n<div class=\"fl-module fl-module-photo fl-node-65dd9a3f3713e\" data-animation-delay=\"0.0\" data-node=\"65dd9a3f3713e\">\n<div class=\"fl-module-content fl-node-content\">\n<div class=\"fl-photo fl-photo-align-center\">\n<div class=\"fl-photo-content fl-photo-img-png\"><img decoding=\"async\" class=\"fl-photo-img wp-image-6621\" src=\"\/wp-content\/uploads\/2025\/09\/2cd49ccb4cfabe42.webp\" alt=\"WeChat Picture_20240227150045\"><\/div>\n<p>&nbsp;<\/p>\n<\/div>\n<p>&nbsp;<\/p>\n<\/div>\n<p>&nbsp;<\/p>\n<\/div>\n<div class=\"fl-module fl-module-heading fl-node-65dd9a3f37432\" data-animation-delay=\"0.0\" data-node=\"65dd9a3f37432\">\n<div class=\"fl-module-content fl-node-content\">\n<h3 class=\"fl-heading\"><span class=\"fl-heading-text\">avec et sans tac<\/span><\/h3>\n<p>&nbsp;<\/p>\n<\/div>\n<p>&nbsp;<\/p>\n<\/div>\n<p>&nbsp;<\/p>\n<\/div>\n<p>&nbsp;<\/p>\n<\/div>\n<div class=\"fl-col fl-node-65dd9a3f370fe fl-col-small\" style=\"width: 50%\" data-node=\"65dd9a3f370fe\">\n<div class=\"fl-col-content fl-node-content\">\n<div class=\"fl-module fl-module-photo fl-node-65dd9a3f3717d\" data-animation-delay=\"0.0\" data-node=\"65dd9a3f3717d\">\n<div class=\"fl-module-content fl-node-content\">\n<div class=\"fl-photo fl-photo-align-center\">\n<div class=\"fl-photo-content fl-photo-img-png\"><img decoding=\"async\" class=\"fl-photo-img wp-image-6620\" src=\"\/wp-content\/uploads\/2025\/09\/a0422af12a1b298a.webp\" alt=\"WeChat Picture_20240227150053\"><\/div>\n<p>&nbsp;<\/p>\n<\/div>\n<p>&nbsp;<\/p>\n<\/div>\n<p>&nbsp;<\/p>\n<\/div>\n<div class=\"fl-module fl-module-heading fl-node-65dd9a3f373f3\" data-animation-delay=\"0.0\" data-node=\"65dd9a3f373f3\">\n<div class=\"fl-module-content fl-node-content\">\n<h3 class=\"fl-heading\"><span class=\"fl-heading-text\">Apr\u00e8s avoir utilis\u00e9 TAC (\u00e0 droite)<\/span><\/h3>\n<p>&nbsp;<\/p>\n<\/div>\n<p>&nbsp;<\/p>\n<\/div>\n<p>&nbsp;<\/p>\n<\/div>\n<p>&nbsp;<\/p>\n<\/div>\n<p>&nbsp;<\/p>\n<\/div>\n<div class=\"fl-col-group fl-node-65dd9a3f372f6\" data-node=\"65dd9a3f372f6\">\n<div class=\"fl-col fl-node-65dd9a3f37335\" style=\"width: 100%\" data-node=\"65dd9a3f37335\">\n<div class=\"fl-col-content fl-node-content\">\n<div class=\"fl-module fl-module-rich-text fl-node-65dd9a3f372b7\" data-animation-delay=\"0.0\" data-node=\"65dd9a3f372b7\">\n<div class=\"fl-module-content fl-node-content\">\n<div class=\"fl-rich-text\">\n<p>De plus, la dur\u00e9e de vie des produits de rev\u00eatement TAC de Semicera est plus longue et plus r\u00e9sistante \u00e0 la temp\u00e9rature \u00e9lev\u00e9e que celle du rev\u00eatement SIC. Apr\u00e8s une longue p\u00e9riode de donn\u00e9es de mesure de laboratoire, notre TAC peut fonctionner pendant une longue p\u00e9riode \u00e0 un maximum de 2300 degr\u00e9s Celsius. Voici quelques-uns de nos \u00e9chantillons:<\/p>\n<p>&nbsp;<\/p>\n<\/div>\n<p>&nbsp;<\/p>\n<\/div>\n<p>&nbsp;<\/p>\n<\/div>\n<p>&nbsp;<\/p>\n<\/div>\n<p>&nbsp;<\/p>\n<\/div>\n<p>&nbsp;<\/p>\n<\/div>\n<div class=\"fl-col-group fl-node-65dd9a3f37471\" data-node=\"65dd9a3f37471\">\n<div class=\"fl-col fl-node-65dd9a3f3756e fl-col-small\" style=\"width: 50%\" data-node=\"65dd9a3f3756e\">\n<div class=\"fl-col-content fl-node-content\">\n<div class=\"fl-module fl-module-photo fl-node-65dd9a3f374f0\" data-animation-delay=\"0.0\" data-node=\"65dd9a3f374f0\">\n<div class=\"fl-module-content fl-node-content\">\n<div class=\"fl-photo fl-photo-align-center\">\n<div class=\"fl-photo-content fl-photo-img-png\"><img decoding=\"async\" class=\"fl-photo-img wp-image-6555\" src=\"\/wp-content\/uploads\/2025\/09\/0ec1a5c315fd7be4.webp\" alt=\"3 (2)\"><\/div>\n<p>&nbsp;<\/p>\n<\/div>\n<p>&nbsp;<\/p>\n<\/div>\n<p>&nbsp;<\/p>\n<\/div>\n<div class=\"fl-module fl-module-heading fl-node-65dd9a3f375ec\" data-animation-delay=\"0.0\" data-node=\"65dd9a3f375ec\">\n<div class=\"fl-module-content fl-node-content\">\n<h3 class=\"fl-heading\">Suspritur enduit de tac<\/h3>\n<p>&nbsp;<\/p>\n<\/div>\n<p>&nbsp;<\/p>\n<\/div>\n<p>&nbsp;<\/p>\n<\/div>\n<p>&nbsp;<\/p>\n<\/div>\n<div class=\"fl-col fl-node-65dd9a3f374b0 fl-col-small\" style=\"width: 50%\" data-node=\"65dd9a3f374b0\">\n<div class=\"fl-col-content fl-node-content\">\n<div class=\"fl-module fl-module-photo fl-node-65dd9a3f3752f\" data-animation-delay=\"0.0\" data-node=\"65dd9a3f3752f\">\n<div class=\"fl-module-content fl-node-content\">\n<div class=\"fl-photo fl-photo-align-center\">\n<div class=\"fl-photo-content fl-photo-img-jpg\"><img decoding=\"async\" class=\"fl-photo-img wp-image-6552\" src=\"\/wp-content\/uploads\/2025\/09\/e4cefcad53c59428.webp\" alt=\"Technologie de rev\u00eatement en carbure de tantale innovante_ La duret\u00e9 de mat\u00e9riau am\u00e9lior\u00e9e et la r\u00e9sistance \u00e0 haute temp\u00e9rature\"><\/div>\n<p>&nbsp;<\/p>\n<\/div>\n<p>&nbsp;<\/p>\n<\/div>\n<p>&nbsp;<\/p>\n<\/div>\n<div class=\"fl-module fl-module-heading fl-node-65dd9a3f375ad\" data-animation-delay=\"0.0\" data-node=\"65dd9a3f375ad\">\n<div class=\"fl-module-content fl-node-content\">\n<h3 class=\"fl-heading\">Graphite avec r\u00e9acteur enduit TAC<\/h3>\n<p>&nbsp;<\/p>\n<\/div>\n<p>&nbsp;<\/p>\n<\/div>\n<p>&nbsp;<\/p>\n<\/div>\n<p>&nbsp;<\/p>\n<\/div>\n<p>&nbsp;<\/p>\n<\/div>\n<div class=\"fl-col-group fl-node-65dd9a3f37041\" data-node=\"65dd9a3f37041\">\n<div class=\"fl-col fl-node-65dd9a3f37080\" style=\"width: 100%\" data-node=\"65dd9a3f37080\">\n<div class=\"fl-col-content fl-node-content\">\n<div class=\"fl-module fl-module-photo fl-node-65dd9a3f36fc3\" data-animation-delay=\"0.0\" data-node=\"65dd9a3f36fc3\">\n<div class=\"fl-module-content fl-node-content\">\n<div class=\"fl-photo fl-photo-align-center\">\n<div class=\"fl-photo-content fl-photo-img-jpg\"><img decoding=\"async\" class=\"fl-photo-img wp-image-6617\" src=\"\/wp-content\/uploads\/2025\/09\/a78744c3b6b5d143.webp\" alt=\"Captures d&#039;\u00e9cran WeChat_20240227145010\"><\/div>\n<p>&nbsp;<\/p>\n<\/div>\n<p>&nbsp;<\/p>\n<\/div>\n<p>&nbsp;<\/p>\n<\/div>\n<div class=\"fl-module fl-module-heading fl-node-65dd9a3f37002\" data-animation-delay=\"0.0\" data-node=\"65dd9a3f37002\">\n<div class=\"fl-module-content fl-node-content\">\n<h3 class=\"fl-heading\"><span class=\"fl-heading-text\">(a) Diagramme sch\u00e9matique du dispositif de culture de lingot monocristallical SIC par m\u00e9thode PVT (b) support de graines en rev\u00eatement TAC (y compris les graines de sic) (C) anneau de guidage de graphite enduit de TAC<\/span><\/h3>\n<p>&nbsp;<\/p>\n<\/div>\n<p>&nbsp;<\/p>\n<\/div>\n<p>&nbsp;<\/p>\n<\/div>\n<p>&nbsp;<\/p>\n<\/div>\n<p>&nbsp;<\/p>\n<\/div>\n<div class=\"fl-col-group fl-node-65dd9a3f37374\" data-node=\"65dd9a3f37374\">\n<div class=\"fl-col fl-node-65dd9a3f373b3\" style=\"width: 100%\" data-node=\"65dd9a3f373b3\">\n<div class=\"fl-col-content fl-node-content\">\n<div class=\"fl-module fl-module-photo fl-node-65dd9a3f36ec0\" data-animation-delay=\"0.0\" data-node=\"65dd9a3f36ec0\">\n<div class=\"fl-module-content fl-node-content\">\n<div class=\"fl-photo fl-photo-align-center\">\n<div class=\"fl-photo-content fl-photo-img-png\"><img decoding=\"async\" class=\"fl-photo-img wp-image-1695\" src=\"\/wp-content\/uploads\/2025\/09\/3af45f659235a2b7.webp\" alt=\"Zdfvzcfv\"><\/div>\n<p>&nbsp;<\/p>\n<\/div>\n<p>&nbsp;<\/p>\n<\/div>\n<p>&nbsp;<\/p>\n<\/div>\n<p>&nbsp;<\/p>\n<\/div>\n<p>&nbsp;<\/p>\n<\/div>\n<p>&nbsp;<\/p>\n<\/div>\n<div class=\"fl-col-group fl-node-65dd9a3f36d45\" data-node=\"65dd9a3f36d45\">\n<div class=\"fl-col fl-node-65dd9a3f36d84\" style=\"width: 100%\" data-node=\"65dd9a3f36d84\">\n<div class=\"fl-col-content fl-node-content\">\n<div class=\"fl-module fl-module-photo fl-node-65dd9a3f36dc3\" data-animation-delay=\"0.0\" data-node=\"65dd9a3f36dc3\">\n<div class=\"fl-module-content fl-node-content\">\n<div class=\"fl-photo fl-photo-align-center\">\n<div class=\"fl-photo-content fl-photo-img-png\"><img decoding=\"async\" class=\"fl-photo-img wp-image-1693\" src=\"\/wp-content\/uploads\/2025\/09\/5ef7704e93891c45.webp\" alt=\"Caract\u00e9ristique principale\"><\/div>\n<p>&nbsp;<\/p>\n<\/div>\n<p>&nbsp;<\/p>\n<\/div>\n<p>&nbsp;<\/p>\n<\/div>\n<p>&nbsp;<\/p>\n<\/div>\n<p>&nbsp;<\/p>\n<\/div>\n<p>&nbsp;<\/p>\n<\/div>\n<div class=\"fl-col-group fl-node-65dd9a3f36f05\" data-node=\"65dd9a3f36f05\">\n<div class=\"fl-col fl-node-65dd9a3f36f44\" style=\"width: 100%\" data-node=\"65dd9a3f36f44\">\n<div class=\"fl-col-content fl-node-content\">\n<div class=\"fl-module fl-module-photo fl-node-65dd9a3f36f83\" data-animation-delay=\"0.0\" data-node=\"65dd9a3f36f83\">\n<div class=\"fl-module-content fl-node-content\">\n<div class=\"fl-photo fl-photo-align-center\">\n<div class=\"fl-photo-content fl-photo-img-jpg\"><img decoding=\"async\" class=\"fl-photo-img wp-image-7286\" src=\"\/wp-content\/uploads\/2025\/09\/b1dd0bcab1675ff4.webp\" alt=\"Lieu de travail Semiera\"><\/div>\n<p>&nbsp;<\/p>\n<\/div>\n<p>&nbsp;<\/p>\n<\/div>\n<p>&nbsp;<\/p>\n<\/div>\n<div class=\"fl-module fl-module-photo fl-node-66176011b1c9e\" data-animation-delay=\"0.0\" data-node=\"66176011b1c9e\">\n<div class=\"fl-module-content fl-node-content\">\n<div class=\"fl-photo fl-photo-align-center\">\n<div class=\"fl-photo-content fl-photo-img-jpg\"><img decoding=\"async\" class=\"fl-photo-img wp-image-7287\" src=\"\/wp-content\/uploads\/2025\/09\/2b946d2b4b61306d.webp\" alt=\"Semirara Lieu de travail 2\"><\/div>\n<p>&nbsp;<\/p>\n<\/div>\n<p>&nbsp;<\/p>\n<\/div>\n<p>&nbsp;<\/p>\n<\/div>\n<div class=\"fl-module fl-module-photo fl-node-66176010d91a1\" data-animation-delay=\"0.0\" data-node=\"66176010d91a1\">\n<div class=\"fl-module-content fl-node-content\">\n<div class=\"fl-photo fl-photo-align-center\">\n<div class=\"fl-photo-content fl-photo-img-jpg\"><img decoding=\"async\" class=\"fl-photo-img wp-image-7288\" src=\"\/wp-content\/uploads\/2025\/09\/081b6529d68ead23.webp\" alt=\"Machine de mat\u00e9riel\"><\/div>\n<p>&nbsp;<\/p>\n<\/div>\n<p>&nbsp;<\/p>\n<\/div>\n<p>&nbsp;<\/p>\n<\/div>\n<div class=\"fl-module fl-module-photo fl-node-661760101f722\" data-animation-delay=\"0.0\" data-node=\"661760101f722\">\n<div class=\"fl-module-content fl-node-content\">\n<div class=\"fl-photo fl-photo-align-center\">\n<div class=\"fl-photo-content fl-photo-img-jpg\"><img decoding=\"async\" class=\"fl-photo-img wp-image-7289\" src=\"\/wp-content\/uploads\/2025\/09\/a4132b2b399abbac.webp\" alt=\"Traitement CNN, nettoyage chimique, rev\u00eatement CVD\"><\/div>\n<p>&nbsp;<\/p>\n<\/div>\n<p>&nbsp;<\/p>\n<\/div>\n<p>&nbsp;<\/p>\n<\/div>\n<div class=\"fl-module fl-module-photo fl-node-6617600f53e6a\" data-animation-delay=\"0.0\" data-node=\"6617600f53e6a\">\n<div class=\"fl-module-content fl-node-content\">\n<div class=\"fl-photo fl-photo-align-center\">\n<div class=\"fl-photo-content fl-photo-img-jpg\"><img decoding=\"async\" class=\"fl-photo-img wp-image-7290\" src=\"\/wp-content\/uploads\/2025\/09\/b07f222c0ec0ab8d.webp\" alt=\"Notre service\"><\/div>\n<p>&nbsp;<\/p>\n<\/div>\n<p>&nbsp;<\/p>\n<\/div>\n<p>&nbsp;<\/p>\n<\/div>\n<p>&nbsp;<\/p>\n<\/div>\n<p>&nbsp;<\/p>\n<\/div>\n<p>&nbsp;<\/p>\n<\/div>\n<p>&nbsp;<\/p>\n<\/div>\n<p>&nbsp;<\/p>\n<\/div>\n<p>&nbsp;<\/p>\n<\/div>\n<\/div>","protected":false},"excerpt":{"rendered":"<p><!--?xml encoding=\"utf-8\" ?--><\/p>\n<p>TaC coating is a new generation of high temperature resistant material, with better high temperature stability than SiC, as a corrosion resistant coating, oxidation resistant coating, wear resistant coating, can be used in the environment above 2000\u2103, widely used in aerospace ultra-high temperature hot end parts, the third generation of semiconductor single crystal growth and other fields.<\/p>","protected":false},"featured_media":4581,"comment_status":"closed","ping_status":"open","template":"","meta":[],"product_brand":[],"product_cat":[37],"product_tag":[],"class_list":{"0":"post-2287","1":"product","2":"type-product","3":"status-publish","4":"has-post-thumbnail","6":"product_cat-cvd-tac-coating","8":"first","9":"instock","10":"product-type-simple"},"_links":{"self":[{"href":"https:\/\/www.cn-semiconductorparts.com\/fr\/wp-json\/wp\/v2\/product\/2287","targetHints":{"allow":["GET"]}}],"collection":[{"href":"https:\/\/www.cn-semiconductorparts.com\/fr\/wp-json\/wp\/v2\/product"}],"about":[{"href":"https:\/\/www.cn-semiconductorparts.com\/fr\/wp-json\/wp\/v2\/types\/product"}],"replies":[{"embeddable":true,"href":"https:\/\/www.cn-semiconductorparts.com\/fr\/wp-json\/wp\/v2\/comments?post=2287"}],"wp:featuredmedia":[{"embeddable":true,"href":"https:\/\/www.cn-semiconductorparts.com\/fr\/wp-json\/wp\/v2\/media\/4581"}],"wp:attachment":[{"href":"https:\/\/www.cn-semiconductorparts.com\/fr\/wp-json\/wp\/v2\/media?parent=2287"}],"wp:term":[{"taxonomy":"product_brand","embeddable":true,"href":"https:\/\/www.cn-semiconductorparts.com\/fr\/wp-json\/wp\/v2\/product_brand?post=2287"},{"taxonomy":"product_cat","embeddable":true,"href":"https:\/\/www.cn-semiconductorparts.com\/fr\/wp-json\/wp\/v2\/product_cat?post=2287"},{"taxonomy":"product_tag","embeddable":true,"href":"https:\/\/www.cn-semiconductorparts.com\/fr\/wp-json\/wp\/v2\/product_tag?post=2287"}],"curies":[{"name":"WP","href":"https:\/\/api.w.org\/{rel}","templated":true}]}}