{"id":2295,"date":"2025-09-11T13:33:53","date_gmt":"2025-09-11T05:33:53","guid":{"rendered":"https:\/\/weitai2.globaldeepsea.site\/product\/silicon-nitride-ceramic-seal-bushing-parts\/"},"modified":"2026-04-29T15:27:31","modified_gmt":"2026-04-29T07:27:31","slug":"silicon-nitride-ceramic-seal-bushing-parts","status":"publish","type":"product","link":"https:\/\/www.cn-semiconductorparts.com\/fr\/product\/silicon-nitride-ceramic-seal-bushing-parts\/","title":{"rendered":"Silicon Nitride Ceramic Seal Bushing Parts"},"content":{"rendered":"<p><!--?xml encoding=\"utf-8\" ?--><\/p>\n<div class=\"fl-builder-content fl-builder-content-1972 fl-builder-content-primary fl-builder-global-templates-locked\" data-post-id=\"1972\">\n<div class=\"fl-row fl-row-full-width fl-row-bg-none fl-node-64b7863bf1859\" data-node=\"64b7863bf1859\">\n<div class=\"fl-row-content-wrap\">\n<div class=\"fl-row-content fl-row-full-width fl-node-content\">\n<div class=\"fl-col-group fl-node-64b7863bf1899\" data-node=\"64b7863bf1899\">\n<div class=\"fl-col fl-node-64b7863bf18d7\" style=\"width: 100%\" data-node=\"64b7863bf18d7\">\n<div class=\"fl-col-content fl-node-content\">\n<div class=\"fl-module fl-module-rich-text fl-node-64b7863bf1907\" data-animation-delay=\"0.0\" data-node=\"64b7863bf1907\">\n<div class=\"fl-module-content fl-node-content\">\n<div class=\"fl-rich-text\">\n<p>Silicon nitride is a gray ceramic with high fracture toughness, excellent heat shock resistance, and relatively impenetrable properties to molten metals.<\/p>\n<p>Using these characteristics, it is applied to internal combustion engine parts such as automobile engine parts, welding machine blowpipe nozzles, etc., especially parts that need to be used in harsh environments such as overheating.<\/p>\n<p>With its high wear resistance and high mechanical strength, its applications in bearing roller parts, rotating shaft bearings and semiconductor production equipment spare parts are constantly expanding.<\/p>\n<p>&nbsp;<\/p>\n<\/div>\n<p>&nbsp;<\/p>\n<\/div>\n<p>&nbsp;<\/p>\n<\/div>\n<p>&nbsp;<\/p>\n<\/div>\n<p>&nbsp;<\/p>\n<\/div>\n<p>&nbsp;<\/p>\n<\/div>\n<div class=\"fl-col-group fl-node-64b7863bf1981\" data-node=\"64b7863bf1981\">\n<div class=\"fl-col fl-node-64b7863bf19be fl-col-small\" style=\"width: 50%\" data-node=\"64b7863bf19be\">\n<div class=\"fl-col-content fl-node-content\">\n<div class=\"fl-module fl-module-rich-text fl-node-64b7863bf19fb\" data-animation-delay=\"0.0\" data-node=\"64b7863bf19fb\">\n<div class=\"fl-module-content fl-node-content\">\n<div class=\"fl-rich-text\">\n<p>Propri\u00e9t\u00e9s de la c\u00e9ramique au nitrure de silicium<\/p>\n<p>1, a une forte r\u00e9sistance dans une grande plage de temp\u00e9ratures;<\/p>\n<p>2, force de fracture \u00e9lev\u00e9e;<\/p>\n<p>3, bonne force de flexion;<\/p>\n<p>4, r\u00e9sistance \u00e0 la fatigue m\u00e9canique et au fluage;<\/p>\n<p>5, lumi\u00e8re - basse densit\u00e9;<\/p>\n<p>6, r\u00e9sistance \u00e9lev\u00e9e \u00e0 la duret\u00e9 et \u00e0 l'usure;<\/p>\n<p>7, excellente r\u00e9sistance aux chocs thermiques;<\/p>\n<p>8, faible dilatation thermique;<\/p>\n<p>9, isolant \u00e9lectrique;<\/p>\n<p>10, bonne r\u00e9sistance \u00e0 l'oxydation;<\/p>\n<p>11, bonne r\u00e9sistance \u00e0 la corrosion chimique.<\/p>\n<p>&nbsp;<\/p>\n<\/div>\n<p>&nbsp;<\/p>\n<\/div>\n<p>&nbsp;<\/p>\n<\/div>\n<p>&nbsp;<\/p>\n<\/div>\n<p>&nbsp;<\/p>\n<\/div>\n<div class=\"fl-col fl-node-64b7863bf1cee fl-col-small\" style=\"width: 50%\" data-node=\"64b7863bf1cee\">\n<div class=\"fl-col-content fl-node-content\">\n<div class=\"fl-module fl-module-photo fl-node-64b7863bf1b2a\" data-animation-delay=\"0.0\" data-node=\"64b7863bf1b2a\">\n<div class=\"fl-module-content fl-node-content\">\n<div class=\"fl-photo fl-photo-align-center\">\n<div class=\"fl-photo-content fl-photo-img-jpg\"><img decoding=\"async\" class=\"fl-photo-img wp-image-1978\" src=\"\/wp-content\/uploads\/2025\/09\/697afaa22ac6f26f.webp\" alt=\"\u4e3b\u56fe-05\"><\/div>\n<p>&nbsp;<\/p>\n<\/div>\n<p>&nbsp;<\/p>\n<\/div>\n<p>&nbsp;<\/p>\n<\/div>\n<p>&nbsp;<\/p>\n<\/div>\n<p>&nbsp;<\/p>\n<\/div>\n<p>&nbsp;<\/p>\n<\/div>\n<div class=\"fl-col-group fl-node-64b7863bf1a75\" data-node=\"64b7863bf1a75\">\n<div class=\"fl-col fl-node-64b7863bf1ab1\" style=\"width: 100%\" data-node=\"64b7863bf1ab1\">\n<div class=\"fl-col-content fl-node-content\">\n<div class=\"fl-module fl-module-gallery fl-node-64b7863bf1944\" data-animation-delay=\"0.0\" data-node=\"64b7863bf1944\">\n<div class=\"fl-module-content fl-node-content\">\n<div class=\"fl-mosaicflow\">\n<div class=\"fl-mosaicflow-content\">\n<div class=\"fl-mosaicflow-item\">\n<div class=\"fl-photo fl-photo-align-center\">\n<div class=\"fl-photo-content fl-photo-img-jpg\"><a href=\"\/fr\/uploads\/eacc3dfd.webp\/\" target=\"_self\"> <img decoding=\"async\" class=\"fl-photo-img wp-image-1975\" src=\"\/wp-content\/uploads\/2025\/09\/41ee249c48440080.webp\" alt=\"\u4e3b\u56fe-02\"> <\/a><\/div>\n<p>&nbsp;<\/p>\n<\/div>\n<p>&nbsp;<\/p>\n<\/div>\n<div class=\"fl-mosaicflow-item\">\n<div class=\"fl-photo fl-photo-align-center\">\n<div class=\"fl-photo-content fl-photo-img-jpg\"><a href=\"\/fr\/uploads\/5d844a4b.webp\/\" target=\"_self\"> <img decoding=\"async\" class=\"fl-photo-img wp-image-1976\" src=\"\/wp-content\/uploads\/2025\/09\/0aeb47704bc05dbb.webp\" alt=\"\u4e3b\u56fe-03\"> <\/a><\/div>\n<p>&nbsp;<\/p>\n<\/div>\n<p>&nbsp;<\/p>\n<\/div>\n<div class=\"fl-mosaicflow-item\">\n<div class=\"fl-photo fl-photo-align-center\">\n<div class=\"fl-photo-content fl-photo-img-jpg\"><a href=\"\/fr\/uploads\/ef91b4bf1.webp\/\" target=\"_self\"> <img decoding=\"async\" class=\"fl-photo-img wp-image-1977\" src=\"\/wp-content\/uploads\/2025\/09\/2832af7d7860f1ee.webp\" alt=\"\u4e3b\u56fe-04\"> <\/a><\/div>\n<p>&nbsp;<\/p>\n<\/div>\n<p>&nbsp;<\/p>\n<\/div>\n<p>&nbsp;<\/p>\n<\/div>\n<div class=\"fl-clear\">&nbsp;<\/div>\n<p>&nbsp;<\/p>\n<\/div>\n<p>&nbsp;<\/p>\n<\/div>\n<p>&nbsp;<\/p>\n<\/div>\n<p>&nbsp;<\/p>\n<\/div>\n<p>&nbsp;<\/p>\n<\/div>\n<p>&nbsp;<\/p>\n<\/div>\n<div class=\"fl-col-group fl-node-64b7863bf1de1\" data-node=\"64b7863bf1de1\">\n<div class=\"fl-col fl-node-64b7863bf1e1e\" style=\"width: 100%\" data-node=\"64b7863bf1e1e\">\n<div class=\"fl-col-content fl-node-content\">\n<div class=\"fl-module fl-module-rich-text fl-node-64b7863bf1a38\" data-animation-delay=\"0.0\" data-node=\"64b7863bf1a38\">\n<div class=\"fl-module-content fl-node-content\">\n<div class=\"fl-rich-text\">\n<p>Silicon nitride ceramics have low thermal expansion coefficient and high thermal conductivity, so they have excellent heat shock resistance. The hot-pressed sintered silicon nitride will not break after being heated to 1000\u2103 and put into cold water. At not too high a temperature, silicon nitride has a high strength and impact resistance, but above 1200\u2103 will be damaged with the growth of use time, so that its strength is reduced, more prone to fatigue damage above 1450\u2103, so the use of Si3N4 temperature generally does not exceed 1300\u2103.<\/p>\n<p>&nbsp;<\/p>\n<\/div>\n<p>&nbsp;<\/p>\n<\/div>\n<p>&nbsp;<\/p>\n<\/div>\n<p>&nbsp;<\/p>\n<\/div>\n<p>&nbsp;<\/p>\n<\/div>\n<p>&nbsp;<\/p>\n<\/div>\n<div class=\"fl-col-group fl-node-64b7863bf1aee\" data-node=\"64b7863bf1aee\">\n<div class=\"fl-col fl-node-64b7863bf1d2b fl-col-small\" style=\"width: 50%\" data-node=\"64b7863bf1d2b\">\n<div class=\"fl-col-content fl-node-content\">\n<div class=\"fl-module fl-module-photo fl-node-64b7863bf1b67\" data-animation-delay=\"0.0\" data-node=\"64b7863bf1b67\">\n<div class=\"fl-module-content fl-node-content\">\n<div class=\"fl-photo fl-photo-align-center\">\n<div class=\"fl-photo-content fl-photo-img-jpg\"><img decoding=\"async\" class=\"fl-photo-img wp-image-1955\" src=\"\/wp-content\/uploads\/2025\/09\/310de37f77b7265b.webp\" alt=\"278764098743928535_\u526f\u672c.webp\"><\/div>\n<p>&nbsp;<\/p>\n<\/div>\n<p>&nbsp;<\/p>\n<\/div>\n<p>&nbsp;<\/p>\n<\/div>\n<p>&nbsp;<\/p>\n<\/div>\n<p>&nbsp;<\/p>\n<\/div>\n<div class=\"fl-col fl-node-64b7863bf1da5 fl-col-small\" style=\"width: 50%\" data-node=\"64b7863bf1da5\">\n<div class=\"fl-col-content fl-node-content\">\n<div class=\"fl-module fl-module-rich-text fl-node-64b7863bf1d68\" data-animation-delay=\"0.0\" data-node=\"64b7863bf1d68\">\n<div class=\"fl-module-content fl-node-content\">\n<div class=\"fl-rich-text\">\n<p>Therefore, silicon nitride has been widely used in:<\/p>\n<p>1. Rotating ball and roller bearings;<\/p>\n<p>2. Engine components: valve, rocker arm pad, sealing surface;<\/p>\n<p>3. Induction heating coil bracket;<\/p>\n<p>4. Turbine blades, blades, buckets;<\/p>\n<p>5. Welding and brazing fixtures;<\/p>\n<p>6. Heating element assembly;<\/p>\n<p>7. Welding positioner;<\/p>\n<p>8. Precision shafts and sleeves in high-wear environments;<\/p>\n<p>9. Thermocouple sheath and tube;<\/p>\n<p>10. Semiconductor process equipment.<\/p>\n<p>&nbsp;<\/p>\n<\/div>\n<p>&nbsp;<\/p>\n<\/div>\n<p>&nbsp;<\/p>\n<\/div>\n<p>&nbsp;<\/p>\n<\/div>\n<p>&nbsp;<\/p>\n<\/div>\n<p>&nbsp;<\/p>\n<\/div>\n<div class=\"fl-col-group fl-node-64b7863bf1c5a\" data-node=\"64b7863bf1c5a\">\n<div class=\"fl-col fl-node-64b7863bf1c97\" style=\"width: 100%\" data-node=\"64b7863bf1c97\">\n<div class=\"fl-col-content fl-node-content\">\n<div class=\"fl-module fl-module-photo fl-node-64b7863bf1cd3\" data-animation-delay=\"0.0\" data-node=\"64b7863bf1cd3\">\n<div class=\"fl-module-content fl-node-content\">\n<div class=\"fl-photo fl-photo-align-center\">\n<div class=\"fl-photo-content fl-photo-img-png\"><img decoding=\"async\" class=\"fl-photo-img wp-image-1732\" src=\"\/wp-content\/uploads\/2025\/09\/b2c38ce1672f5a38.webp\" alt=\"Adfvzcvxcd\"><\/div>\n<p>&nbsp;<\/p>\n<\/div>\n<p>&nbsp;<\/p>\n<\/div>\n<p>&nbsp;<\/p>\n<\/div>\n<p>&nbsp;<\/p>\n<\/div>\n<p>&nbsp;<\/p>\n<\/div>\n<p>&nbsp;<\/p>\n<\/div>\n<div class=\"fl-col-group fl-node-64b7863bf1ba3\" data-node=\"64b7863bf1ba3\">\n<div class=\"fl-col fl-node-64b7863bf1be0\" style=\"width: 100%\" data-node=\"64b7863bf1be0\">\n<div class=\"fl-col-content fl-node-content\">\n<div class=\"fl-module fl-module-photo fl-node-64b7863bf1c1d\" data-animation-delay=\"0.0\" data-node=\"64b7863bf1c1d\">\n<div class=\"fl-module-content fl-node-content\">\n<div class=\"fl-photo fl-photo-align-center\">\n<div class=\"fl-photo-content fl-photo-img-png\"><img decoding=\"async\" class=\"fl-photo-img wp-image-1749\" src=\"\/wp-content\/uploads\/2025\/09\/5e4f4b955af2d653.webp\" alt=\"zdfgfghj\"><\/div>\n<p>&nbsp;<\/p>\n<\/div>\n<p>&nbsp;<\/p>\n<\/div>\n<p>&nbsp;<\/p>\n<\/div>\n<p>&nbsp;<\/p>\n<\/div>\n<p>&nbsp;<\/p>\n<\/div>\n<p>&nbsp;<\/p>\n<\/div>\n<div class=\"fl-col-group fl-node-6617836fbc8a1\" data-node=\"6617836fbc8a1\">\n<div class=\"fl-col fl-node-6617836fbca71\" style=\"width: 100%\" data-node=\"6617836fbca71\">\n<div class=\"fl-col-content fl-node-content\">\n<div class=\"fl-module fl-module-rich-text fl-node-6617836fbc736\" data-animation-delay=\"0.0\" data-node=\"6617836fbc736\">\n<div class=\"fl-module-content fl-node-content\">\n<div class=\"fl-rich-text\">\n<p>&nbsp;<\/p>\n<\/div>\n<p>&nbsp;<\/p>\n<\/div>\n<p>&nbsp;<\/p>\n<\/div>\n<p>&nbsp;<\/p>\n<\/div>\n<p>&nbsp;<\/p>\n<\/div>\n<p>&nbsp;<\/p>\n<\/div>\n<p>&nbsp;<\/p>\n<\/div>\n<p>&nbsp;<\/p>\n<\/div>\n<p>&nbsp;<\/p>\n<\/div>\n<\/div>","protected":false},"excerpt":{"rendered":"<p><!--?xml encoding=\"utf-8\" ?--><\/p>\n<p>Semicera&rsquo;s Silicon Nitride Ceramic Seal Bushing Parts are designed to provide exceptional performance in high-temperature and corrosive environments. Made from advanced silicon nitride ceramic, these components offer excellent wear resistance, high strength, and superior thermal stability, making them ideal for sealing applications in semiconductor, aerospace, and industrial equipment. Semicera&rsquo;s ceramic seal bushings are highly resistant to oxidation and thermal shock, ensuring reliable and long-lasting performance, reducing maintenance costs, and enhancing the overall efficiency of your equipment.<\/p>","protected":false},"featured_media":4566,"comment_status":"closed","ping_status":"open","template":"","meta":[],"product_brand":[],"product_cat":[31,42],"product_tag":[],"class_list":{"0":"post-2295","1":"product","2":"type-product","3":"status-publish","4":"has-post-thumbnail","6":"product_cat-more-ceramic-products","7":"product_cat-silicon-nitride-ceramic","9":"first","10":"instock","11":"product-type-simple"},"_links":{"self":[{"href":"https:\/\/www.cn-semiconductorparts.com\/fr\/wp-json\/wp\/v2\/product\/2295","targetHints":{"allow":["GET"]}}],"collection":[{"href":"https:\/\/www.cn-semiconductorparts.com\/fr\/wp-json\/wp\/v2\/product"}],"about":[{"href":"https:\/\/www.cn-semiconductorparts.com\/fr\/wp-json\/wp\/v2\/types\/product"}],"replies":[{"embeddable":true,"href":"https:\/\/www.cn-semiconductorparts.com\/fr\/wp-json\/wp\/v2\/comments?post=2295"}],"wp:featuredmedia":[{"embeddable":true,"href":"https:\/\/www.cn-semiconductorparts.com\/fr\/wp-json\/wp\/v2\/media\/4566"}],"wp:attachment":[{"href":"https:\/\/www.cn-semiconductorparts.com\/fr\/wp-json\/wp\/v2\/media?parent=2295"}],"wp:term":[{"taxonomy":"product_brand","embeddable":true,"href":"https:\/\/www.cn-semiconductorparts.com\/fr\/wp-json\/wp\/v2\/product_brand?post=2295"},{"taxonomy":"product_cat","embeddable":true,"href":"https:\/\/www.cn-semiconductorparts.com\/fr\/wp-json\/wp\/v2\/product_cat?post=2295"},{"taxonomy":"product_tag","embeddable":true,"href":"https:\/\/www.cn-semiconductorparts.com\/fr\/wp-json\/wp\/v2\/product_tag?post=2295"}],"curies":[{"name":"WP","href":"https:\/\/api.w.org\/{rel}","templated":true}]}}