{"id":2296,"date":"2025-09-11T05:33:53","date_gmt":"2025-09-11T05:33:53","guid":{"rendered":"https:\/\/weitai2.globaldeepsea.site\/product\/semiconductor-ceramic-manipulator\/"},"modified":"2026-04-29T15:27:53","modified_gmt":"2026-04-29T07:27:53","slug":"semiconductor-ceramic-manipulator","status":"publish","type":"product","link":"https:\/\/www.cn-semiconductorparts.com\/fr\/product\/semiconductor-ceramic-manipulator\/","title":{"rendered":"Manipulateur en c\u00e9ramique semi-conducteur"},"content":{"rendered":"<p><?xml encoding=\"utf-8\" ?><\/p>\n<div class=\"fl-builder-content fl-builder-content-1835 fl-builder-content-primary fl-builder-global-templates-locked\" data-post-id=\"1835\">\n<div class=\"fl-row fl-row-full-width fl-row-bg-none fl-node-64b61f15ec1cf\" data-node=\"64b61f15ec1cf\">\n<div class=\"fl-row-content-wrap\">\n<div class=\"fl-row-content fl-row-full-width fl-node-content\">\n<div class=\"fl-col-group fl-node-64b61f15ec20e\" data-node=\"64b61f15ec20e\">\n<div class=\"fl-col fl-node-64b61f15ec24c\" data-node=\"64b61f15ec24c\" style=\"width: 100%;\">\n<div class=\"fl-col-content fl-node-content\">\n<div class=\"fl-module fl-module-rich-text fl-node-64b61f15ec289\" data-animation-delay=\"0.0\" data-node=\"64b61f15ec289\">\n<div class=\"fl-module-content fl-node-content\">\n<div class=\"fl-rich-text\">\n<p>La zircone est un mat\u00e9riau \u00e0 forte r\u00e9sistance m\u00e9canique et \u00e0 la t\u00e9nacit\u00e9 \u00e0 la fracture \u00e0 temp\u00e9rature ambiante. Notre zircone (ZRO2) est ajout\u00e9e avec la zircone stable partielle 3MOL1TP32O3 (PSZ). \u00c9tant donn\u00e9 que le diam\u00e8tre des particules du mat\u00e9riau PSZ est petit, il peut \u00eatre trait\u00e9 avec une haute pr\u00e9cision et que son application dans des pi\u00e8ces d'usinage de pr\u00e9cision telles que les moules se d\u00e9veloppe. De plus, peut \u00e9galement \u00eatre utilis\u00e9 pour les outils industriels, les pi\u00e8ces de connecteur optique et l'\u00e9quipement de concassage. La t\u00e9nacit\u00e9 \u00e0 forte fracture de la PSZ peut \u00eatre utilis\u00e9e pour fabriquer des ressorts sp\u00e9ciaux, et il est \u00e9galement largement utilis\u00e9 dans les couteaux en c\u00e9ramique domestiques, la trancheuse et d'autres pi\u00e8ces.<\/p>\n<\/p><\/div>\n<\/p><\/div>\n<\/p><\/div>\n<\/p><\/div>\n<\/p><\/div>\n<\/p><\/div>\n<div class=\"fl-col-group fl-node-64b61f15ec62f\" data-node=\"64b61f15ec62f\">\n<div class=\"fl-col fl-node-64b61f15ec66c fl-col-small\" data-node=\"64b61f15ec66c\" style=\"width: 50%;\">\n<div class=\"fl-col-content fl-node-content\">\n<div class=\"fl-module fl-module-rich-text fl-node-64b61f15ec6a9\" data-animation-delay=\"0.0\" data-node=\"64b61f15ec6a9\">\n<div class=\"fl-module-content fl-node-content\">\n<div class=\"fl-rich-text\">\n<p>Les principales caract\u00e9ristiques des pi\u00e8ces c\u00e9ramiques en zircone<span style=\"font-family: Calibri;\">:<\/span><\/p>\n<p>1. Excellente r\u00e9sistance \u00e0 l'usure, beaucoup plus \u00e9lev\u00e9e 276 fois que l'acier inoxydable<br \/> 2. Densit\u00e9 plus \u00e9lev\u00e9e que la plupart des c\u00e9ramiques techniques, sur 6 g \/ cm3<br \/> 3. Haute duret\u00e9, plus de 1300 MPa pour Vicker<br \/> 4. Can withstand higher temperatures up to 2400&deg;<br \/> 5. Conductivit\u00e9 thermique faible, moins de 3 W \/ Mk \u00e0 temp\u00e9rature ambiante<br \/> 6. Coefficient similaire d'expansion thermique comme acier inoxydable<br \/> 7. La t\u00e9nacit\u00e9 \u00e0 fracture exceptionnelle atteint jusqu'\u00e0 8 MPa M1 \/ \u200b\u200b2<br \/> 8. Inerness chimique, r\u00e9sistance au vieillissement, et pas rouille pour toujours<br \/> 9. R\u00e9sistance aux m\u00e9taux fondu<span style=\"font-family: Calibri;\">.<\/span><\/p>\n<\/p><\/div>\n<\/p><\/div>\n<\/p><\/div>\n<\/p><\/div>\n<\/p><\/div>\n<div class=\"fl-col fl-node-64b61f15ec6e6 fl-col-small\" data-node=\"64b61f15ec6e6\" style=\"width: 50%;\">\n<div class=\"fl-col-content fl-node-content\">\n<div class=\"fl-module fl-module-photo fl-node-64b61f15ec6ff\" data-animation-delay=\"0.0\" data-node=\"64b61f15ec6ff\">\n<div class=\"fl-module-content fl-node-content\">\n<div class=\"fl-photo fl-photo-align-center\" itemscope=\"\" itemtype=\"http:\/\/schema.org\/ImageObject\">\n<div class=\"fl-photo-content fl-photo-img-png\"> <img decoding=\"async\" alt=\"&#22270;&#29255;2\" class=\"fl-photo-img wp-image-1828\" itemprop=\"image\" src=\"\/wp-content\/uploads\/2025\/09\/42cb0375262abfcb.webp\"> <\/div>\n<\/p><\/div>\n<\/p><\/div>\n<\/p><\/div>\n<\/p><\/div>\n<\/p><\/div>\n<\/p><\/div>\n<div class=\"fl-col-group fl-node-64b61f15ec4ff\" data-node=\"64b61f15ec4ff\">\n<div class=\"fl-col fl-node-64b61f15ec53c\" data-node=\"64b61f15ec53c\" style=\"width: 100%;\">\n<div class=\"fl-col-content fl-node-content\">\n<div class=\"fl-module fl-module-rich-text fl-node-64b61f15ec4c2\" data-animation-delay=\"0.0\" data-node=\"64b61f15ec4c2\">\n<div class=\"fl-module-content fl-node-content\">\n<div class=\"fl-rich-text\">\n<p>Zircone (ZRO2) I Utilisations principales<\/p>\n<p>Outils de moisissures et de moisissures (divers moules, luminaire de positionnement de pr\u00e9cision, luminaire d'isolation); Pi\u00e8ces de l'usine (classificateur, moulin \u00e0 d\u00e9bit d'air, moulin \u00e0 perles); Outil industriel (coupe-industriel, machine \u00e0 couliller, rouleau \u00e0 presse plat); Composants du connecteur optique (anneau d'\u00e9tanch\u00e9it\u00e9, manche, montage en V-Groove); Printemps sp\u00e9cial (printemps de la bobine, printemps de plaque); Produits de consommation (petits tournevis isol\u00e9s, couteau en c\u00e9ramique, trancheuse).<\/p>\n<\/p><\/div>\n<\/p><\/div>\n<\/p><\/div>\n<\/p><\/div>\n<\/p><\/div>\n<\/p><\/div>\n<div class=\"fl-col-group fl-node-64b61f15ec355\" data-node=\"64b61f15ec355\">\n<div class=\"fl-col fl-node-64b61f15ec392\" data-node=\"64b61f15ec392\" style=\"width: 100%;\">\n<div class=\"fl-col-content fl-node-content\">\n<div class=\"fl-module fl-module-gallery fl-node-64b61f15ec3cf\" data-animation-delay=\"0.0\" data-node=\"64b61f15ec3cf\">\n<div class=\"fl-module-content fl-node-content\">\n<div class=\"fl-mosaicflow\">\n<div class=\"fl-mosaicflow-content\">\n<div class=\"fl-mosaicflow-item\">\n<div class=\"fl-photo fl-photo-align-center\" itemscope=\"\" itemtype=\"http:\/\/schema.org\/ImageObject\">\n<div class=\"fl-photo-content fl-photo-img-png\"> <a href=\"\/fr\/uploads\/SDfsdCFTYHJN.webp\/\" itemprop=\"url\" target=\"_self\"> <img decoding=\"async\" alt=\"SDFSDCFTYHJN\" class=\"fl-photo-img wp-image-1736\" itemprop=\"image\" src=\"\/wp-content\/uploads\/2025\/09\/0a5d2007841c9923.webp\"> <\/a> <\/div>\n<\/p><\/div>\n<\/p><\/div>\n<div class=\"fl-mosaicflow-item\">\n<div class=\"fl-photo fl-photo-align-center\" itemscope=\"\" itemtype=\"http:\/\/schema.org\/ImageObject\">\n<div class=\"fl-photo-content fl-photo-img-png\"> <a href=\"\/fr\/uploads\/SFDvSDcfvaq.webp\/\" itemprop=\"url\" target=\"_self\"> <img decoding=\"async\" alt=\"Sfdvsdcfvaq\" class=\"fl-photo-img wp-image-1737\" itemprop=\"image\" src=\"\/wp-content\/uploads\/2025\/09\/5d34c27c40e0923f.webp\"> <\/a> <\/div>\n<\/p><\/div>\n<\/p><\/div>\n<div class=\"fl-mosaicflow-item\">\n<div class=\"fl-photo fl-photo-align-center\" itemscope=\"\" itemtype=\"http:\/\/schema.org\/ImageObject\">\n<div class=\"fl-photo-content fl-photo-img-png\"> <a href=\"\/fr\/uploads\/ZADfvSXCD.webp\/\" itemprop=\"url\" target=\"_self\"> <img decoding=\"async\" alt=\"Zadfvsxcd\" class=\"fl-photo-img wp-image-1738\" itemprop=\"image\" src=\"\/wp-content\/uploads\/2025\/09\/6acb3916de7499d8.webp\"> <\/a> <\/div>\n<\/p><\/div>\n<\/p><\/div>\n<\/p><\/div>\n<div class=\"fl-clear\"><\/div>\n<\/p><\/div>\n<\/p><\/div>\n<\/p><\/div>\n<\/p><\/div>\n<\/p><\/div>\n<\/p><\/div>\n<div class=\"fl-col-group fl-node-64b61f15ec2c6\" data-node=\"64b61f15ec2c6\">\n<div class=\"fl-col fl-node-64b61f15ec303\" data-node=\"64b61f15ec303\" style=\"width: 100%;\">\n<div class=\"fl-col-content fl-node-content\">\n<div class=\"fl-module fl-module-photo fl-node-64b61f15ec318\" data-animation-delay=\"0.0\" data-node=\"64b61f15ec318\">\n<div class=\"fl-module-content fl-node-content\">\n<div class=\"fl-photo fl-photo-align-center\" itemscope=\"\" itemtype=\"http:\/\/schema.org\/ImageObject\">\n<div class=\"fl-photo-content fl-photo-img-png\"> <img decoding=\"async\" alt=\"Adfvzcvxcd\" class=\"fl-photo-img wp-image-1732\" itemprop=\"image\" src=\"\/wp-content\/uploads\/2025\/09\/b2c38ce1672f5a38.webp\"> <\/div>\n<\/p><\/div>\n<\/p><\/div>\n<\/p><\/div>\n<\/p><\/div>\n<\/p><\/div>\n<\/p><\/div>\n<div class=\"fl-col-group fl-node-64b61f15ec578\" data-node=\"64b61f15ec578\">\n<div class=\"fl-col fl-node-64b61f15ec5b5\" data-node=\"64b61f15ec5b5\" style=\"width: 100%;\">\n<div class=\"fl-col-content fl-node-content\">\n<div class=\"fl-module fl-module-photo fl-node-64b61f15ec5f2\" data-animation-delay=\"0.0\" data-node=\"64b61f15ec5f2\">\n<div class=\"fl-module-content fl-node-content\">\n<div class=\"fl-photo fl-photo-align-center\" itemscope=\"\" itemtype=\"http:\/\/schema.org\/ImageObject\">\n<div class=\"fl-photo-content fl-photo-img-png\"> <img decoding=\"async\" alt=\"zdfgfghj\" class=\"fl-photo-img wp-image-1809\" itemprop=\"image\" src=\"\/wp-content\/uploads\/2025\/09\/5e4f4b955af2d653.webp\"> <\/div>\n<\/p><\/div>\n<\/p><\/div>\n<\/p><\/div>\n<\/p><\/div>\n<\/p><\/div>\n<\/p><\/div>\n<div class=\"fl-col-group fl-node-661783c7b1828\" data-node=\"661783c7b1828\">\n<div class=\"fl-col fl-node-661783c7b19e4\" data-node=\"661783c7b19e4\" style=\"width: 100%;\">\n<div class=\"fl-col-content fl-node-content\">\n<div class=\"fl-module fl-module-rich-text fl-node-661783c7b16d8\" data-animation-delay=\"0.0\" data-node=\"661783c7b16d8\">\n<div class=\"fl-module-content fl-node-content\">\n<div class=\"fl-rich-text\">\n<\/p><\/div>\n<\/p><\/div>\n<\/p><\/div>\n<\/p><\/div>\n<\/p><\/div>\n<\/p><\/div>\n<\/p><\/div>\n<\/p><\/div>\n<\/p><\/div>\n<\/div>","protected":false},"excerpt":{"rendered":"<p><?xml encoding=\"utf-8\" ?><\/p>\n<p>ZirconiaceramicZirconium oxide, also called Zirconia, is an extremely tough technical ceramic with a hardness of &gt;9 Mohs.Zirconia has the highest strength and fracture toughness at room temperature among all the advanced ceramic materials,In addition to withstanding attacks from molten metal, organic solvents, strong acids, and strong alkalis, so zirconia ceramic parts are always used in various severe service conditions.<\/p>","protected":false},"featured_media":1199,"comment_status":"closed","ping_status":"open","template":"","meta":[],"product_brand":[],"product_cat":[31,33],"product_tag":[],"class_list":{"0":"post-2296","1":"product","2":"type-product","3":"status-publish","4":"has-post-thumbnail","6":"product_cat-more-ceramic-products","7":"product_cat-zirconium-oxide-ceramics","9":"first","10":"instock","11":"product-type-simple"},"_links":{"self":[{"href":"https:\/\/www.cn-semiconductorparts.com\/fr\/wp-json\/wp\/v2\/product\/2296","targetHints":{"allow":["GET"]}}],"collection":[{"href":"https:\/\/www.cn-semiconductorparts.com\/fr\/wp-json\/wp\/v2\/product"}],"about":[{"href":"https:\/\/www.cn-semiconductorparts.com\/fr\/wp-json\/wp\/v2\/types\/product"}],"replies":[{"embeddable":true,"href":"https:\/\/www.cn-semiconductorparts.com\/fr\/wp-json\/wp\/v2\/comments?post=2296"}],"wp:featuredmedia":[{"embeddable":true,"href":"https:\/\/www.cn-semiconductorparts.com\/fr\/wp-json\/wp\/v2\/media\/1199"}],"wp:attachment":[{"href":"https:\/\/www.cn-semiconductorparts.com\/fr\/wp-json\/wp\/v2\/media?parent=2296"}],"wp:term":[{"taxonomy":"product_brand","embeddable":true,"href":"https:\/\/www.cn-semiconductorparts.com\/fr\/wp-json\/wp\/v2\/product_brand?post=2296"},{"taxonomy":"product_cat","embeddable":true,"href":"https:\/\/www.cn-semiconductorparts.com\/fr\/wp-json\/wp\/v2\/product_cat?post=2296"},{"taxonomy":"product_tag","embeddable":true,"href":"https:\/\/www.cn-semiconductorparts.com\/fr\/wp-json\/wp\/v2\/product_tag?post=2296"}],"curies":[{"name":"WP","href":"https:\/\/api.w.org\/{rel}","templated":true}]}}