{"id":2304,"date":"2025-09-11T13:33:53","date_gmt":"2025-09-11T05:33:53","guid":{"rendered":"https:\/\/weitai2.globaldeepsea.site\/product\/large-size-recrystallized-silicon-carbide-wafer-boat\/"},"modified":"2026-04-29T15:27:31","modified_gmt":"2026-04-29T07:27:31","slug":"large-size-recrystallized-silicon-carbide-wafer-boat","status":"publish","type":"product","link":"https:\/\/www.cn-semiconductorparts.com\/fr\/product\/large-size-recrystallized-silicon-carbide-wafer-boat\/","title":{"rendered":"Large size recrystallized silicon carbide wafer boat"},"content":{"rendered":"<div class=\"fl-builder-content fl-builder-content-1783 fl-builder-content-primary fl-builder-global-templates-locked\" data-post-id=\"1783\">\n<div class=\"fl-row fl-row-full-width fl-row-bg-none fl-node-64b4dab1e167f\" data-node=\"64b4dab1e167f\">\n<div class=\"fl-row-content-wrap\">\n<div class=\"fl-row-content fl-row-full-width fl-node-content\">\n<div class=\"fl-col-group fl-node-65e97b969c045\" data-node=\"65e97b969c045\">\n<div class=\"fl-col fl-node-65e97b969c219\" style=\"width: 100%\" data-node=\"65e97b969c219\">\n<div class=\"fl-col-content fl-node-content\">\n<div class=\"fl-module fl-module-video fl-node-65e97b969bef2\" data-animation-delay=\"0.0\" data-node=\"65e97b969bef2\">\n<div class=\"fl-module-content fl-node-content\">\n<div class=\"fl-video fl-embed-video\"><\/div>\n<p>&nbsp;<\/p>\n<\/div>\n<p>&nbsp;<\/p>\n<\/div>\n<p>&nbsp;<\/p>\n<\/div>\n<p>&nbsp;<\/p>\n<\/div>\n<p>&nbsp;<\/p>\n<\/div>\n<div class=\"fl-col-group fl-node-64b4db3dc806f\" data-node=\"64b4db3dc806f\">\n<div class=\"fl-col fl-node-64b4db3dc82a4\" style=\"width: 100%\" data-node=\"64b4db3dc82a4\">\n<div class=\"fl-col-content fl-node-content\">\n<div class=\"fl-module fl-module-rich-text fl-node-64b4dab1e1542\" data-animation-delay=\"0.0\" data-node=\"64b4dab1e1542\">\n<div class=\"fl-module-content fl-node-content\">\n<div class=\"fl-rich-text\">\n<p data-section=\"0\">Properties of recrystallized silicon carbide<\/p>\n<p data-section=\"1\">Recrystallized silicon carbide (R-SiC) is a high-performance material with hardness second only to diamond, which is formed at a high temperature above 2000\u2103. It retains many excellent properties of SiC, such as high temperature strength, strong corrosion resistance, excellent oxidation resistance, good thermal shock resistance and so on.<\/p>\n<p data-section=\"2\">\u25cf Excellent mechanical properties. Recrystallized silicon carbide has higher strength and stiffness than carbon fiber, high impact resistance, can play a good performance in extreme temperature environments, can play a better counterbalance performance in a variety of situations. In addition, it also has good flexibility and is not easily damaged by stretching and bending, which greatly improves its performance.<\/p>\n<p data-section=\"3\">\u25cf High corrosion resistance. Recrystallized silicon carbide has high corrosion resistance to a variety of media, can prevent the erosion of a variety of corrosive media, can maintain its mechanical properties for a long time, has a strong adhesion, so that it has a longer service life. In addition, it also has good thermal stability, can adapt to a certain range of temperature changes, improve its application effect.<\/p>\n<p data-section=\"4\">\u25cf Sintering does not shrink. Because the sintering process does not shrink, no residual stress will cause deformation or cracking of the product, and parts with complex shapes and high precision can be prepared.<\/p>\n<p>&nbsp;<\/p>\n<\/div>\n<p>&nbsp;<\/p>\n<\/div>\n<p>&nbsp;<\/p>\n<\/div>\n<p>&nbsp;<\/p>\n<\/div>\n<p>&nbsp;<\/p>\n<\/div>\n<p>&nbsp;<\/p>\n<\/div>\n<div class=\"fl-col-group fl-node-665d2fec202d9\" data-node=\"665d2fec202d9\">\n<div class=\"fl-col fl-node-665d2fec205d1\" style=\"width: 100%\" data-node=\"665d2fec205d1\">\n<div class=\"fl-col-content fl-node-content\">\n<div class=\"fl-module fl-module-heading fl-node-665d2f77daacd\" data-animation-delay=\"0.0\" data-node=\"665d2f77daacd\">\n<div class=\"fl-module-content fl-node-content\">\n<h3 class=\"fl-heading\"><span class=\"fl-heading-text\">Param\u00e8tres techniques:<\/span><\/h3>\n<p>&nbsp;<\/p>\n<\/div>\n<p>&nbsp;<\/p>\n<\/div>\n<div class=\"fl-module fl-module-photo fl-node-665d2f77daa14\" data-animation-delay=\"0.0\" data-node=\"665d2f77daa14\">\n<div class=\"fl-module-content fl-node-content\">\n<div class=\"fl-photo fl-photo-align-center\">\n<div class=\"fl-photo-content fl-photo-img-png\"><img decoding=\"async\" class=\"fl-photo-img wp-image-2332\" src=\"\/wp-content\/uploads\/2025\/09\/d989e2953820a92d.webp\" alt=\"Photo 2\"><\/div>\n<p>&nbsp;<\/p>\n<\/div>\n<p>&nbsp;<\/p>\n<\/div>\n<p>&nbsp;<\/p>\n<\/div>\n<p>&nbsp;<\/p>\n<\/div>\n<p>&nbsp;<\/p>\n<\/div>\n<p>&nbsp;<\/p>\n<\/div>\n<div class=\"fl-col-group fl-node-665d3005d5168\" data-node=\"665d3005d5168\">\n<div class=\"fl-col fl-node-665d3005d541a\" style=\"width: 100%\" data-node=\"665d3005d541a\">\n<div class=\"fl-col-content fl-node-content\">\n<div class=\"fl-module fl-module-heading fl-node-665d2f77da861\" data-animation-delay=\"0.0\" data-node=\"665d2f77da861\">\n<div class=\"fl-module-content fl-node-content\">\n<h3 class=\"fl-heading\"><span class=\"fl-heading-text\">Fiche technique de mat\u00e9riaux<\/span><\/h3>\n<p>&nbsp;<\/p>\n<\/div>\n<p>&nbsp;<\/p>\n<\/div>\n<div class=\"fl-module fl-module-rich-text fl-node-665d2f77da823\" data-animation-delay=\"0.0\" data-node=\"665d2f77da823\">\n<div class=\"fl-module-content fl-node-content\">\n<div class=\"fl-rich-text\">\n<table border=\"0\" cellspacing=\"0\">\n<tbody>\n<tr>\n<td valign=\"center\" width=\"373\">\n<p><span style=\"font-family: Calibri;color: #000000\">Mat\u00e9riel<\/span><\/p>\n<\/td>\n<td valign=\"center\" width=\"294\">\n<p><span style=\"color: #000000\">R-Sic<\/span><\/p>\n<\/td>\n<\/tr>\n<tr>\n<td valign=\"center\" width=\"373\">\n<p><span style=\"color: #000000\"><span style=\"font-family: \u5b8b\u4f53\">Utiliser la temp\u00e9rature<\/span><span style=\"font-family: Calibri\">Temp\u00e9rature de travail (<\/span><span style=\"font-family: \u5b8b\u4f53\">&deg;<\/span><span style=\"font-family: Calibri\">C)<\/span><\/span><\/p>\n<\/td>\n<td valign=\"center\" width=\"294\">\n<p><span style=\"color: #000000\">1600&deg;C (&nbsp;<span style=\"font-family: \u5b8b\u4f53\">Atmosph\u00e8re d'oxydation<\/span><span style=\"font-family: Calibri\">Environnement oxydant)<\/span><\/span><\/p>\n<p><span style=\"color: #000000\">1700&deg;C (&nbsp;<span style=\"font-family: \u5b8b\u4f53\">Restaurer l'atmosph\u00e8re<\/span><span style=\"font-family: Calibri\">R\u00e9duction de l'environnement)<\/span><\/span><\/p>\n<\/td>\n<\/tr>\n<tr>\n<td valign=\"center\" width=\"373\">\n<p><span style=\"color: #000000\">Sic<span style=\"font-family: \u5b8b\u4f53\">contenu<\/span><span style=\"font-family: Calibri\">Contenu SIC (%)<\/span><\/span><\/p>\n<\/td>\n<td valign=\"center\" width=\"294\">\n<p><span style=\"color: #000000\">&gt; 99<\/span><\/p>\n<\/td>\n<\/tr>\n<tr>\n<td valign=\"center\" width=\"373\">\n<p><span style=\"color: #000000\"><span style=\"font-family: \u5b8b\u4f53\">gratuit<\/span><span style=\"font-family: Calibri\">Si&nbsp;<\/span><span style=\"font-family: \u5b8b\u4f53\">contenu<\/span><span style=\"font-family: Calibri\">Contenu SI gratuit (%)<\/span><\/span><\/p>\n<\/td>\n<td valign=\"center\" width=\"294\">\n<p><span style=\"color: #000000\">&lt; 0.1<\/span><\/p>\n<\/td>\n<\/tr>\n<tr>\n<td valign=\"center\" width=\"373\">\n<p><span style=\"color: #000000\"><span style=\"font-family: \u5b8b\u4f53\">Densit\u00e9 de volume<\/span><span style=\"font-family: Calibri\">Densit\u00e9 en vrac (g \/ cm3)<\/span><\/span><\/p>\n<\/td>\n<td valign=\"center\" width=\"294\">\n<p><span style=\"color: #000000\">2.60-2.70<\/span><\/p>\n<\/td>\n<\/tr>\n<tr>\n<td valign=\"center\" width=\"373\">\n<p><span style=\"color: #000000\"><span style=\"font-family: \u5b8b\u4f53\">Porosit\u00e9<\/span><span style=\"font-family: Calibri\">Porosit\u00e9 apparente (%)<\/span><\/span><\/p>\n<\/td>\n<td valign=\"center\" width=\"294\">\n<p><span style=\"color: #000000\">&lt; 16<\/span><\/p>\n<\/td>\n<\/tr>\n<tr>\n<td valign=\"center\" width=\"373\">\n<p><span style=\"color: #000000\"><span style=\"font-family: \u5b8b\u4f53\">R\u00e9sistance \u00e0 la compression<\/span><span style=\"font-family: Calibri\">Force d'\u00e9crasement (MPA)<\/span><\/span><\/p>\n<\/td>\n<td valign=\"center\" width=\"294\">\n<p><span style=\"color: #000000\">&gt; 600<\/span><\/p>\n<\/td>\n<\/tr>\n<tr>\n<td valign=\"center\" width=\"373\">\n<p><span style=\"color: #000000\"><span style=\"font-family: \u5b8b\u4f53\">R\u00e9sistance \u00e0 la flexion \u00e0 temp\u00e9rature ambiante<\/span><span style=\"font-family: Calibri\">R\u00e9sistance \u00e0 la flexion \u00e0 froid (MPA)<\/span><\/span><\/p>\n<\/td>\n<td valign=\"center\" width=\"294\">\n<p><span style=\"color: #000000\">80-90 (20&deg;C)<\/span><\/p>\n<\/td>\n<\/tr>\n<tr>\n<td valign=\"center\" width=\"373\">\n<p><span style=\"color: #000000\"><span style=\"font-family: \u5b8b\u4f53\">R\u00e9sistance \u00e0 la flexion \u00e0 haute temp\u00e9rature<\/span><span style=\"font-family: Calibri\">R\u00e9sistance \u00e0 la flexion chaude (MPA)<\/span><\/span><\/p>\n<\/td>\n<td valign=\"center\" width=\"294\">\n<p><span style=\"color: #000000\">90-100 (1400&deg;C)<\/span><\/p>\n<\/td>\n<\/tr>\n<tr>\n<td valign=\"center\" width=\"373\">\n<p><span style=\"font-family: \u5b8b\u4f53;color: #000000\">Coefficient de dilatation thermique<\/span><\/p>\n<p><span style=\"color: #000000\">Thermal expansion coefficient @1500&deg;C (10-6\/&deg;C)<\/span><\/p>\n<\/td>\n<td valign=\"center\" width=\"294\">\n<p><span style=\"color: #000000\">4.70<\/span><\/p>\n<\/td>\n<\/tr>\n<tr>\n<td valign=\"center\" width=\"373\">\n<p><span style=\"color: #000000\"><span style=\"font-family: \u5b8b\u4f53\">Conductivit\u00e9 thermique<\/span><span style=\"font-family: Calibri\">Conductivit\u00e9 thermique @ 1200<\/span><span style=\"font-family: \u5b8b\u4f53\">&deg;<\/span><span style=\"font-family: Calibri\">C (W \/ M<\/span><span style=\"font-family: \u5b8b\u4f53\">&bull;<\/span><span style=\"font-family: Calibri\">K)<\/span><\/span><\/p>\n<\/td>\n<td valign=\"center\" width=\"294\">\n<p><span style=\"color: #000000\">23<\/span><\/p>\n<\/td>\n<\/tr>\n<tr>\n<td valign=\"center\" width=\"373\">\n<p><span style=\"color: #000000\"><span style=\"font-family: \u5b8b\u4f53\">Module de Young<\/span><span style=\"font-family: Calibri\">Module \u00e9lastique (GPA)<\/span><\/span><\/p>\n<\/td>\n<td valign=\"center\" width=\"294\">\n<p><span style=\"color: #000000\">240<\/span><\/p>\n<\/td>\n<\/tr>\n<tr>\n<td valign=\"center\" width=\"373\">\n<p><span style=\"color: #000000\"><span style=\"font-family: \u5b8b\u4f53\">R\u00e9sistance aux chocs thermiques<\/span><span style=\"font-family: Calibri\">R\u00e9sistance aux chocs thermiques<\/span><\/span><\/p>\n<\/td>\n<td valign=\"center\" width=\"294\">\n<p><span style=\"color: #000000\"><span style=\"font-family: \u5b8b\u4f53\">tr\u00e8s bien<\/span><span style=\"font-family: Calibri\">Extr\u00eamement bon<\/span><\/span><\/p>\n<\/td>\n<\/tr>\n<\/tbody>\n<\/table>\n<\/div>\n<p>&nbsp;<\/p>\n<\/div>\n<p>&nbsp;<\/p>\n<\/div>\n<p>&nbsp;<\/p>\n<\/div>\n<p>&nbsp;<\/p>\n<\/div>\n<p>&nbsp;<\/p>\n<\/div>\n<div class=\"fl-col-group fl-node-64b4dae5e81e7\" data-node=\"64b4dae5e81e7\">\n<div class=\"fl-col fl-node-64b4dae5e835b fl-col-small\" style=\"width: 33.33%\" data-node=\"64b4dae5e835b\">\n<div class=\"fl-col-content fl-node-content\">\n<div class=\"fl-module fl-module-photo fl-node-64b4dae5e80bb\" data-animation-delay=\"0.0\" data-node=\"64b4dae5e80bb\">\n<div class=\"fl-module-content fl-node-content\">\n<div class=\"fl-photo fl-photo-align-center\">\n<div class=\"fl-photo-content fl-photo-img-png\"><img decoding=\"async\" class=\"fl-photo-img wp-image-6723\" src=\"\/wp-content\/uploads\/2025\/09\/fbbfff28dabb93a8.webp\" alt=\"Silicon carbide crystal boat (2)\"><\/div>\n<p>&nbsp;<\/p>\n<\/div>\n<p>&nbsp;<\/p>\n<\/div>\n<p>&nbsp;<\/p>\n<\/div>\n<p>&nbsp;<\/p>\n<\/div>\n<p>&nbsp;<\/p>\n<\/div>\n<div class=\"fl-col fl-node-64b4daffb0ae6 fl-col-small\" style=\"width: 33.33%\" data-node=\"64b4daffb0ae6\">\n<div class=\"fl-col-content fl-node-content\">\n<div class=\"fl-module fl-module-photo fl-node-64b4dafad4754\" data-animation-delay=\"0.0\" data-node=\"64b4dafad4754\">\n<div class=\"fl-module-content fl-node-content\">\n<div class=\"fl-photo fl-photo-align-center\">\n<div class=\"fl-photo-content fl-photo-img-png\"><img decoding=\"async\" class=\"fl-photo-img wp-image-6722\" src=\"\/wp-content\/uploads\/2025\/09\/11cde673bb007bd9.webp\" alt=\"Silicon carbide crystal boat (3)\"><\/div>\n<p>&nbsp;<\/p>\n<\/div>\n<p>&nbsp;<\/p>\n<\/div>\n<p>&nbsp;<\/p>\n<\/div>\n<p>&nbsp;<\/p>\n<\/div>\n<p>&nbsp;<\/p>\n<\/div>\n<div class=\"fl-col fl-node-64b4db03476ea fl-col-small\" style=\"width: 33.33%\" data-node=\"64b4db03476ea\">\n<div class=\"fl-col-content fl-node-content\">\n<div class=\"fl-module fl-module-photo fl-node-64b4daf9c87be\" data-animation-delay=\"0.0\" data-node=\"64b4daf9c87be\">\n<div class=\"fl-module-content fl-node-content\">\n<div class=\"fl-photo fl-photo-align-center\">\n<div class=\"fl-photo-content fl-photo-img-png\"><img decoding=\"async\" class=\"fl-photo-img wp-image-6721\" src=\"\/wp-content\/uploads\/2025\/09\/caf6a84fcfde0859.webp\" alt=\"Silicon carbide crystal boat (4)\"><\/div>\n<p>&nbsp;<\/p>\n<\/div>\n<p>&nbsp;<\/p>\n<\/div>\n<p>&nbsp;<\/p>\n<\/div>\n<p>&nbsp;<\/p>\n<\/div>\n<p>&nbsp;<\/p>\n<\/div>\n<p>&nbsp;<\/p>\n<\/div>\n<div class=\"fl-col-group fl-node-65e14b807304b\" data-node=\"65e14b807304b\">\n<div class=\"fl-col fl-node-65e14b97810d3 fl-col-small\" style=\"width: 50%\" data-node=\"65e14b97810d3\">\n<div class=\"fl-col-content fl-node-content\">\n<div class=\"fl-module fl-module-photo fl-node-65e14ba7b024b\" data-animation-delay=\"0.0\" data-node=\"65e14ba7b024b\">\n<div class=\"fl-module-content fl-node-content\">\n<div class=\"fl-photo fl-photo-align-center\">\n<div class=\"fl-photo-content fl-photo-img-png\"><img decoding=\"async\" class=\"fl-photo-img wp-image-6733\" src=\"\/wp-content\/uploads\/2025\/09\/7b068eb516063063.webp\" alt=\"Silicon Carbide Wafer Boat (5)\"><\/div>\n<p>&nbsp;<\/p>\n<\/div>\n<p>&nbsp;<\/p>\n<\/div>\n<p>&nbsp;<\/p>\n<\/div>\n<p>&nbsp;<\/p>\n<\/div>\n<p>&nbsp;<\/p>\n<\/div>\n<div class=\"fl-col fl-node-65e14bcee4eac fl-col-small\" style=\"width: 50%\" data-node=\"65e14bcee4eac\">\n<div class=\"fl-col-content fl-node-content\">\n<div class=\"fl-module fl-module-photo fl-node-65e14bc95c769\" data-animation-delay=\"0.0\" data-node=\"65e14bc95c769\">\n<div class=\"fl-module-content fl-node-content\">\n<div class=\"fl-photo fl-photo-align-center\">\n<div class=\"fl-photo-content fl-photo-img-png\"><img decoding=\"async\" class=\"fl-photo-img wp-image-6732\" src=\"\/wp-content\/uploads\/2025\/09\/40b6d02353f56544.webp\" alt=\"Silicon Carbide Wafer Boat (4)\"><\/div>\n<p>&nbsp;<\/p>\n<\/div>\n<p>&nbsp;<\/p>\n<\/div>\n<p>&nbsp;<\/p>\n<\/div>\n<p>&nbsp;<\/p>\n<\/div>\n<p>&nbsp;<\/p>\n<\/div>\n<p>&nbsp;<\/p>\n<\/div>\n<p>&nbsp;<\/p>\n<\/div>\n<p>&nbsp;<\/p>\n<\/div>\n<p>&nbsp;<\/p>\n<\/div>\n<div class=\"fl-row fl-row-full-width fl-row-bg-none fl-node-665d2f77da7e0\" data-node=\"665d2f77da7e0\">\n<div class=\"fl-row-content-wrap\">\n<div class=\"fl-row-content fl-row-full-width fl-node-content\">\n<div class=\"fl-col-group fl-node-665d2f77dac44\" data-node=\"665d2f77dac44\">\n<div class=\"fl-col fl-node-665d2f77dac85\" style=\"width: 100%\" data-node=\"665d2f77dac85\">\n<div class=\"fl-col-content fl-node-content\">\n<div class=\"fl-module fl-module-photo fl-node-665d2f77dacc6\" data-animation-delay=\"0.0\" data-node=\"665d2f77dacc6\">\n<div class=\"fl-module-content fl-node-content\">\n<div class=\"fl-photo fl-photo-align-center\">\n<div class=\"fl-photo-content fl-photo-img-jpg\"><img decoding=\"async\" class=\"fl-photo-img wp-image-7142\" src=\"\/wp-content\/uploads\/2025\/09\/b1dd0bcab1675ff4.webp\" alt=\"Lieu de travail Semiera\"><\/div>\n<p>&nbsp;<\/p>\n<\/div>\n<p>&nbsp;<\/p>\n<\/div>\n<p>&nbsp;<\/p>\n<\/div>\n<div class=\"fl-module fl-module-photo fl-node-665d2f77dadc9\" data-animation-delay=\"0.0\" data-node=\"665d2f77dadc9\">\n<div class=\"fl-module-content fl-node-content\">\n<div class=\"fl-photo fl-photo-align-center\">\n<div class=\"fl-photo-content fl-photo-img-jpg\"><img decoding=\"async\" class=\"fl-photo-img wp-image-7141\" src=\"\/wp-content\/uploads\/2025\/09\/2b946d2b4b61306d.webp\" alt=\"Semirara Lieu de travail 2\"><\/div>\n<p>&nbsp;<\/p>\n<\/div>\n<p>&nbsp;<\/p>\n<\/div>\n<p>&nbsp;<\/p>\n<\/div>\n<div class=\"fl-module fl-module-photo fl-node-665d2f77dad88\" data-animation-delay=\"0.0\" data-node=\"665d2f77dad88\">\n<div class=\"fl-module-content fl-node-content\">\n<div class=\"fl-photo fl-photo-align-center\">\n<div class=\"fl-photo-content fl-photo-img-jpg\"><img decoding=\"async\" class=\"fl-photo-img wp-image-7138\" src=\"\/wp-content\/uploads\/2025\/09\/081b6529d68ead23.webp\" alt=\"Machine de mat\u00e9riel\"><\/div>\n<p>&nbsp;<\/p>\n<\/div>\n<p>&nbsp;<\/p>\n<\/div>\n<p>&nbsp;<\/p>\n<\/div>\n<div class=\"fl-module fl-module-photo fl-node-665d2f77dad48\" data-animation-delay=\"0.0\" data-node=\"665d2f77dad48\">\n<div class=\"fl-module-content fl-node-content\">\n<div class=\"fl-photo fl-photo-align-center\">\n<div class=\"fl-photo-content fl-photo-img-jpg\"><img decoding=\"async\" class=\"fl-photo-img wp-image-7137 size-full\" src=\"\/wp-content\/uploads\/2025\/09\/a4132b2b399abbac.webp\" alt=\"Traitement CNN, nettoyage chimique, rev\u00eatement CVD\"><\/div>\n<p>&nbsp;<\/p>\n<\/div>\n<p>&nbsp;<\/p>\n<\/div>\n<p>&nbsp;<\/p>\n<\/div>\n<div class=\"fl-module fl-module-photo fl-node-665d2f77dad07\" data-animation-delay=\"0.0\" data-node=\"665d2f77dad07\">\n<div class=\"fl-module-content fl-node-content\">\n<div class=\"fl-photo fl-photo-align-center\">\n<div class=\"fl-photo-content fl-photo-img-jpg\"><img decoding=\"async\" class=\"fl-photo-img wp-image-7139\" src=\"\/wp-content\/uploads\/2025\/09\/b07f222c0ec0ab8d.webp\" alt=\"Notre service\"><\/div>\n<p>&nbsp;<\/p>\n<\/div>\n<p>&nbsp;<\/p>\n<\/div>\n<p>&nbsp;<\/p>\n<\/div>\n<p>&nbsp;<\/p>\n<\/div>\n<p>&nbsp;<\/p>\n<\/div>\n<p>&nbsp;<\/p>\n<\/div>\n<p>&nbsp;<\/p>\n<\/div>\n<p>&nbsp;<\/p>\n<\/div>\n<p>&nbsp;<\/p>\n<\/div>\n<\/div>","protected":false},"excerpt":{"rendered":"<p>Semicera&nbsp;Energy Technology Co., Ltd. is a high-tech enterprise established in China, We are professional supply Semiconductor industry recrystallized silicon carbide crystal boat nufacturer and supplier.<\/p>","protected":false},"featured_media":4567,"comment_status":"closed","ping_status":"open","template":"","meta":[],"product_brand":[],"product_cat":[45,24],"product_tag":[],"class_list":{"0":"post-2304","1":"product","2":"type-product","3":"status-publish","4":"has-post-thumbnail","6":"product_cat-silicon-carbide-boat","7":"product_cat-silicon-carbide-ceramic","9":"first","10":"instock","11":"product-type-simple"},"_links":{"self":[{"href":"https:\/\/www.cn-semiconductorparts.com\/fr\/wp-json\/wp\/v2\/product\/2304","targetHints":{"allow":["GET"]}}],"collection":[{"href":"https:\/\/www.cn-semiconductorparts.com\/fr\/wp-json\/wp\/v2\/product"}],"about":[{"href":"https:\/\/www.cn-semiconductorparts.com\/fr\/wp-json\/wp\/v2\/types\/product"}],"replies":[{"embeddable":true,"href":"https:\/\/www.cn-semiconductorparts.com\/fr\/wp-json\/wp\/v2\/comments?post=2304"}],"wp:featuredmedia":[{"embeddable":true,"href":"https:\/\/www.cn-semiconductorparts.com\/fr\/wp-json\/wp\/v2\/media\/4567"}],"wp:attachment":[{"href":"https:\/\/www.cn-semiconductorparts.com\/fr\/wp-json\/wp\/v2\/media?parent=2304"}],"wp:term":[{"taxonomy":"product_brand","embeddable":true,"href":"https:\/\/www.cn-semiconductorparts.com\/fr\/wp-json\/wp\/v2\/product_brand?post=2304"},{"taxonomy":"product_cat","embeddable":true,"href":"https:\/\/www.cn-semiconductorparts.com\/fr\/wp-json\/wp\/v2\/product_cat?post=2304"},{"taxonomy":"product_tag","embeddable":true,"href":"https:\/\/www.cn-semiconductorparts.com\/fr\/wp-json\/wp\/v2\/product_tag?post=2304"}],"curies":[{"name":"WP","href":"https:\/\/api.w.org\/{rel}","templated":true}]}}