{"id":1295,"date":"2025-09-11T05:28:18","date_gmt":"2025-09-11T05:28:18","guid":{"rendered":"https:\/\/weitai2.globaldeepsea.site\/product\/quartz-crucible\/"},"modified":"2025-09-24T16:04:00","modified_gmt":"2025-09-24T08:04:00","slug":"quartz-crucible","status":"publish","type":"product","link":"https:\/\/www.cn-semiconductorparts.com\/it\/product\/quartz-crucible\/","title":{"rendered":"QUARTZ CROGLIBILE"},"content":{"rendered":"<p><?xml encoding=\"utf-8\" ?><\/p>\n<div class=\"fl-builder-content fl-builder-content-12360 fl-builder-content-primary fl-builder-global-templates-locked\" data-post-id=\"12360\">\n<div class=\"fl-row fl-row-full-width fl-row-bg-none fl-node-6864f9baf2499\" data-node=\"6864f9baf2499\">\n<div class=\"fl-row-content-wrap\">\n<div class=\"fl-row-content fl-row-full-width fl-node-content\">\n<div class=\"fl-col-group fl-node-6864f9c6673ac\" data-node=\"6864f9c6673ac\">\n<div class=\"fl-col fl-node-6864f9c66752f\" data-node=\"6864f9c66752f\" style=\"width: 100%;\">\n<div class=\"fl-col-content fl-node-content\">\n<div class=\"fl-module fl-module-rich-text fl-node-6864f9c66726b\" data-animation-delay=\"0.0\" data-node=\"6864f9c66726b\">\n<div class=\"fl-module-content fl-node-content\">\n<div class=\"fl-rich-text\">\n<p><span style=\"font-family: arial, helvetica, sans-serif; font-size: medium;\">Quartz crucibles are a specialized product within quartz glass products. They are containers used in the photovoltaic and semiconductor industries to hold molten silicon and form silicon ingots. Due to the properties of quartz crucibles such as cleanliness, homogeneity and high-temperature resistance. In terms of physical and thermal properties, its deformation point is approximately 1100&#8451;, its softening point is 1730&#8451;, and its maximum continuous service temperature is 1100&#8451;, with a short-term maximum of 1450&#8451;. It is currently widely used in the production process of extracting crystalline silicon in the solar energy and semiconductor fields and is a consumable in the production process of crystalline silicon.<\/span><\/p>\n<p><span style=\"font-family: arial, helvetica, sans-serif; font-size: medium;\">La produzione di crogioli in quarzo a semiconduttore e crogioli di quarzo fotovoltaico seguono entrambi lo stesso flusso di processo: in primo luogo, attraverso l'uso della forza centrifuga e dei dispositivi di formazione, le materie prime a sabbia di quarzo sono formate in una certa forma e spessore in uno stampo cromatico di quarzo rotante. Con archi elettrici ad alta temperatura come fonte di calore, le materie prime a sabbia al quarzo nello stampo di crogiolo di quarzo vengono fuse ad alte temperature. Dopo il completamento dello scioglimento, vengono eliminati gli spazi vuoti del quarzo. Posizionare il crogiolo di quarzo con la fine rivolta verso il basso sulla piattaforma di lavoro. Utilizzare l'attrezzatura di macinazione o vari dispositivi di sabbiatura per rimuovere la sabbia che aderisce alla superficie esterna del crogiolo di quarzo. Quindi, utilizzare il taglio del bordo e le attrezzature per smussature e il dispositivo di centraggio per correggere il crogiolo di quarzo. In base ai requisiti di altezza, utilizzare il dispositivo di taglio per tagliare il crogiolo di quarzo. Infine, usa i dispositivi di smussatura interna ed esterna per smussare la faccia di fine taglio del crogiolo di quarzo come richiesto.<\/span><\/p>\n<p><span style=\"font-family: arial, helvetica, sans-serif; font-size: medium;\">Il crogiolo di quarzo presenta una struttura a doppio strato sia all'interno che all'esterno. I primi crogioli di quarzo avevano una struttura completamente trasparente. Questa struttura trasparente era soggetta a causare condizioni di trasferimento di calore irregolari, aumentando la difficolt\u00e0 della crescita delle aste di cristallo. Inoltre, la struttura uniforme ha richiesto una grande quantit\u00e0 di sabbia di quarzo di alta qualit\u00e0 e di alta purezza ed era costosa. Pertanto, il metodo di preparazione di questo tipo di crogiolo di quarzo \u00e8 stato sostanzialmente eliminato. I crogioli di quarzo preparati con il metodo ARC sono semi-trasparenti e hanno una struttura a strato interno ed esterno. Lo strato esterno \u00e8 una regione con alta densit\u00e0 di bolle, nota come strato composito a bolle. Lo strato composito a bolle \u00e8 riscaldato in modo pi\u00f9 uniforme e ha un migliore effetto di conservazione del calore. Lo strato interno \u00e8 uno strato trasparente di 3-5 mm, noto come strato di esaurimento della bolla. La presenza dello strato di deplezione della bolla riduce la densit\u00e0 della bolla nell'area di contatto tra il crogiolo e la soluzione, migliorando cos\u00ec il tasso di successo della crescita del singolo cristallo e la qualit\u00e0 delle aste di cristallo.<\/span><\/p>\n<p><span style=\"font-family: arial, helvetica, sans-serif; font-size: medium;\">La purezza della sabbia di quarzo influisce in modo significativo sulla qualit\u00e0 della trazione del cristallo. Durante il processo di trazione dei cristalli, il contenuto di gruppi idrossilici, elementi di impurit\u00e0 e bolle all'interno del crogiolo di quarzo influenzer\u00e0 la qualit\u00e0 dell'asta di silicio e la durata del crogiolo del quarzo. Tra questi, la via del processo pu\u00f2 migliorare il contenuto dei gruppi idrossilici, ma il contenuto di impurit\u00e0 e bolle dipende di pi\u00f9 dalla purezza della sabbia di quarzo.<\/span><\/p>\n<\/p><\/div>\n<\/p><\/div>\n<\/p><\/div>\n<div class=\"fl-module fl-module-photo fl-node-6864fa2839b3a\" data-animation-delay=\"0.0\" data-node=\"6864fa2839b3a\">\n<div class=\"fl-module-content fl-node-content\">\n<div class=\"fl-photo fl-photo-align-center\" itemscope=\"\" itemtype=\"http:\/\/schema.org\/ImageObject\">\n<div class=\"fl-photo-content fl-photo-img-jpg\"> <img decoding=\"async\" alt=\"Qartz Crucible Data_01 (1)\" class=\"fl-photo-img wp-image-12362\" itemprop=\"image\" src=\"\/wp-content\/uploads\/2025\/09\/0c6188b5cd8456b7.webp\"> <\/div>\n<\/p><\/div>\n<\/p><\/div>\n<\/p><\/div>\n<\/p><\/div>\n<\/p><\/div>\n<\/p><\/div>\n<div class=\"fl-col-group fl-node-6864f9baf24dd\" data-node=\"6864f9baf24dd\">\n<div class=\"fl-col fl-node-6864f9baf251e\" data-node=\"6864f9baf251e\" style=\"width: 100%;\">\n<div class=\"fl-col-content fl-node-content\">\n<div class=\"fl-module fl-module-photo fl-node-6864f9baf25a0\" data-animation-delay=\"0.0\" data-node=\"6864f9baf25a0\">\n<div class=\"fl-module-content fl-node-content\">\n<div class=\"fl-photo fl-photo-align-center\" itemscope=\"\" itemtype=\"http:\/\/schema.org\/ImageObject\">\n<div class=\"fl-photo-content fl-photo-img-jpg\"> <img decoding=\"async\" alt=\"Luogo di lavoro semicera\" class=\"fl-photo-img wp-image-6907\" itemprop=\"image\" src=\"\/wp-content\/uploads\/2025\/09\/b1dd0bcab1675ff4.webp\"> <\/div>\n<\/p><\/div>\n<\/p><\/div>\n<\/p><\/div>\n<div class=\"fl-module fl-module-photo fl-node-6864f9baf25e0\" data-animation-delay=\"0.0\" data-node=\"6864f9baf25e0\">\n<div class=\"fl-module-content fl-node-content\">\n<div class=\"fl-photo fl-photo-align-center\" itemscope=\"\" itemtype=\"http:\/\/schema.org\/ImageObject\">\n<div class=\"fl-photo-content fl-photo-img-jpg\"> <img decoding=\"async\" alt=\"Semicera lavoro posto 2\" class=\"fl-photo-img wp-image-6908\" itemprop=\"image\" src=\"\/wp-content\/uploads\/2025\/09\/2b946d2b4b61306d.webp\"> <\/div>\n<\/p><\/div>\n<\/p><\/div>\n<\/p><\/div>\n<div class=\"fl-module fl-module-photo fl-node-6864f9baf255f\" data-animation-delay=\"0.0\" data-node=\"6864f9baf255f\">\n<div class=\"fl-module-content fl-node-content\">\n<div class=\"fl-photo fl-photo-align-center\" itemscope=\"\" itemtype=\"http:\/\/schema.org\/ImageObject\">\n<div class=\"fl-photo-content fl-photo-img-jpg\"> <img decoding=\"async\" alt=\"Semicera ware house\" class=\"fl-photo-img wp-image-6906\" itemprop=\"image\" src=\"\/wp-content\/uploads\/2025\/09\/2190bb9ce5c1d546.webp\"> <\/div>\n<\/p><\/div>\n<\/p><\/div>\n<\/p><\/div>\n<\/p><\/div>\n<\/p><\/div>\n<\/p><\/div>\n<div class=\"fl-col-group fl-node-6864f9baf2624\" data-node=\"6864f9baf2624\">\n<div class=\"fl-col fl-node-6864f9baf2665\" data-node=\"6864f9baf2665\" style=\"width: 100%;\">\n<div class=\"fl-col-content fl-node-content\">\n<div class=\"fl-module fl-module-photo fl-node-6864f9baf26a6\" data-animation-delay=\"0.0\" data-node=\"6864f9baf26a6\">\n<div class=\"fl-module-content fl-node-content\">\n<div class=\"fl-photo fl-photo-align-center\" itemscope=\"\" itemtype=\"http:\/\/schema.org\/ImageObject\">\n<div class=\"fl-photo-content fl-photo-img-jpg\"> <img decoding=\"async\" alt=\"Macchina per attrezzature\" class=\"fl-photo-img wp-image-6909\" itemprop=\"image\" src=\"\/wp-content\/uploads\/2025\/09\/081b6529d68ead23.webp\"> <\/div>\n<\/p><\/div>\n<\/p><\/div>\n<\/p><\/div>\n<div class=\"fl-module fl-module-photo fl-node-6864f9baf26e8\" data-animation-delay=\"0.0\" data-node=\"6864f9baf26e8\">\n<div class=\"fl-module-content fl-node-content\">\n<div class=\"fl-photo fl-photo-align-center\" itemscope=\"\" itemtype=\"http:\/\/schema.org\/ImageObject\">\n<div class=\"fl-photo-content fl-photo-img-jpg\"> <img decoding=\"async\" alt=\"Elaborazione della CNN, pulizia chimica, rivestimento CVD\" class=\"fl-photo-img wp-image-6910\" itemprop=\"image\" src=\"\/wp-content\/uploads\/2025\/09\/a4132b2b399abbac.webp\"> <\/div>\n<\/p><\/div>\n<\/p><\/div>\n<\/p><\/div>\n<div class=\"fl-module fl-module-photo fl-node-6864f9baf2729\" data-animation-delay=\"0.0\" data-node=\"6864f9baf2729\">\n<div class=\"fl-module-content fl-node-content\">\n<div class=\"fl-photo fl-photo-align-center\" itemscope=\"\" itemtype=\"http:\/\/schema.org\/ImageObject\">\n<div class=\"fl-photo-content fl-photo-img-jpg\"> <img decoding=\"async\" alt=\"Il nostro servizio\" class=\"fl-photo-img wp-image-6913\" itemprop=\"image\" src=\"\/wp-content\/uploads\/2025\/09\/b07f222c0ec0ab8d.webp\"> <\/div>\n<\/p><\/div>\n<\/p><\/div>\n<\/p><\/div>\n<\/p><\/div>\n<\/p><\/div>\n<\/p><\/div>\n<\/p><\/div>\n<\/p><\/div>\n<\/p><\/div>\n<\/div>","protected":false},"excerpt":{"rendered":"<p><?xml encoding=\"utf-8\" ?><\/p>\n<p>Quartz crucible is a specialized high-purity container made from quartz glass, used in photovoltaic and semiconductor industries to melt and crystallize silicon. It features excellent thermal stability (up to 1450&deg;C), corrosion resistance, and a dual-layer structure (bubble-rich outer layer and transparent inner layer) to optimize crystal growth efficiency and purity.<\/p>","protected":false},"featured_media":867,"comment_status":"closed","ping_status":"open","template":"","meta":[],"product_brand":[],"product_cat":[16,18],"product_tag":[],"class_list":{"0":"post-1295","1":"product","2":"type-product","3":"status-publish","4":"has-post-thumbnail","6":"product_cat-cvd-sic","7":"product_cat-sic-epitaxial-parts","9":"first","10":"instock","11":"product-type-simple"},"_links":{"self":[{"href":"https:\/\/www.cn-semiconductorparts.com\/it\/wp-json\/wp\/v2\/product\/1295","targetHints":{"allow":["GET"]}}],"collection":[{"href":"https:\/\/www.cn-semiconductorparts.com\/it\/wp-json\/wp\/v2\/product"}],"about":[{"href":"https:\/\/www.cn-semiconductorparts.com\/it\/wp-json\/wp\/v2\/types\/product"}],"replies":[{"embeddable":true,"href":"https:\/\/www.cn-semiconductorparts.com\/it\/wp-json\/wp\/v2\/comments?post=1295"}],"wp:featuredmedia":[{"embeddable":true,"href":"https:\/\/www.cn-semiconductorparts.com\/it\/wp-json\/wp\/v2\/media\/867"}],"wp:attachment":[{"href":"https:\/\/www.cn-semiconductorparts.com\/it\/wp-json\/wp\/v2\/media?parent=1295"}],"wp:term":[{"taxonomy":"product_brand","embeddable":true,"href":"https:\/\/www.cn-semiconductorparts.com\/it\/wp-json\/wp\/v2\/product_brand?post=1295"},{"taxonomy":"product_cat","embeddable":true,"href":"https:\/\/www.cn-semiconductorparts.com\/it\/wp-json\/wp\/v2\/product_cat?post=1295"},{"taxonomy":"product_tag","embeddable":true,"href":"https:\/\/www.cn-semiconductorparts.com\/it\/wp-json\/wp\/v2\/product_tag?post=1295"}],"curies":[{"name":"WP","href":"https:\/\/api.w.org\/{rel}","templated":true}]}}