{"id":1313,"date":"2025-09-11T05:28:18","date_gmt":"2025-09-11T05:28:18","guid":{"rendered":"https:\/\/weitai2.globaldeepsea.site\/product\/rigid-felt-crucible\/"},"modified":"2026-04-29T15:34:28","modified_gmt":"2026-04-29T07:34:28","slug":"rigid-felt-crucible","status":"publish","type":"product","link":"https:\/\/www.cn-semiconductorparts.com\/it\/product\/rigid-felt-crucible\/","title":{"rendered":"Rigido si sentiva crogiolo"},"content":{"rendered":"<div class=\"fl-builder-content fl-builder-content-11572 fl-builder-content-primary fl-builder-global-templates-locked\" data-post-id=\"11572\">\n<div class=\"fl-row fl-row-full-width fl-row-bg-none fl-node-672dbdf6e615c\" data-node=\"672dbdf6e615c\">\n<div class=\"fl-row-content-wrap\">\n<div class=\"fl-row-content fl-row-full-width fl-node-content\">\n<div class=\"fl-col-group fl-node-672dbe1f42783\" data-node=\"672dbe1f42783\">\n<div class=\"fl-col fl-node-672dbe1f42994\" data-node=\"672dbe1f42994\" style=\"width: 100%;\">\n<div class=\"fl-col-content fl-node-content\">\n<div class=\"fl-module fl-module-rich-text fl-node-672dbe1f425c4\" data-animation-delay=\"0.0\" data-node=\"672dbe1f425c4\">\n<div class=\"fl-module-content fl-node-content\">\n<div class=\"fl-rich-text\">\n<p><span style=\"font-family: arial, helvetica, sans-serif; font-size: medium;\">Il rigido crogiolo di Felf Crucible di Semicera \u00e8 realizzato per soddisfare le esigenze impegnative di ambienti ad alta temperatura, combinando durata, eccellente isolamento termico e integrit\u00e0 strutturale. Realizzato in feltro rigido di alta qualit\u00e0, questo crogiolo \u00e8 progettato per fornire una stabilit\u00e0 di calore superiore e resistenza all'abrasione, garantendo affidabilit\u00e0 e prestazioni a lungo termine. La sua composizione di alta purezza e bassa conducibilit\u00e0 termica lo rendono una soluzione ideale per le industrie che richiedono un controllo preciso delle temperature estreme, tra cui produzione di semiconduttori, metallurgia e lavorazione avanzata dei materiali.<\/span><\/p>\n<p><strong><span style=\"font-family: arial, helvetica, sans-serif; font-size: medium;\">Progettato con materiali avanzati per prestazioni ottimali<\/span><\/strong><\/p>\n<p><span style=\"font-family: arial, helvetica, sans-serif; font-size: medium;\">Il crogiolo in feltro rigido a semicera integra materiali specializzati come grafite isostatica, grafite porosa e foglio di grafite per migliorare la stabilit\u00e0 del calore e ridurre al minimo la perdita termica. Questi materiali sono noti per la loro elevata purezza e l'eccezionale resistenza agli shock termici, consentendo al crogiolo di mantenere la sua forma e resistenza sotto un calore intenso. La combinazione di feltro rigido e altri componenti avanzati come il feltro morbido e il composito C\/C fornisce le propriet\u00e0 di isolamento eccezionali del crogiolo, riducendo il rischio di contaminazione e usura nei processi ad alta precisione.<\/span><\/p>\n<\/p><\/div>\n<\/p><\/div>\n<\/p><\/div>\n<\/p><\/div>\n<\/p><\/div>\n<\/p><\/div>\n<div class=\"fl-col-group fl-node-672dbdf6e61a1\" data-node=\"672dbdf6e61a1\">\n<div class=\"fl-col fl-node-672dbdf6e61e2\" data-node=\"672dbdf6e61e2\" style=\"width: 100%;\">\n<div class=\"fl-col-content fl-node-content\">\n<div class=\"fl-module fl-module-heading fl-node-672dbdf6e6265\" data-animation-delay=\"0.0\" data-node=\"672dbdf6e6265\">\n<div class=\"fl-module-content fl-node-content\">\n<h3 class=\"fl-heading\"> <span class=\"fl-heading-text\">Dettagli del prodotto<\/span> <\/h3>\n<\/p><\/div>\n<\/p><\/div>\n<div class=\"fl-module fl-module-rich-text fl-node-672dbdf6e6223\" data-animation-delay=\"0.0\" data-node=\"672dbdf6e6223\">\n<div class=\"fl-module-content fl-node-content\">\n<div class=\"fl-rich-text\">\n<table border=\"0\" cellspacing=\"0\">\n<tbody>\n<tr>\n<td valign=\"center\" width=\"337\">\n<p>Nome prodotto<\/p>\n<\/td>\n<td valign=\"center\" width=\"330\">\n<p>Felimento della grafite<\/p>\n<\/td>\n<\/tr>\n<tr>\n<td valign=\"center\" width=\"337\">\n<p>Composizione chimica<\/p>\n<\/td>\n<td valign=\"center\" width=\"330\">\n<p>Fibra di carbonio<\/p>\n<\/td>\n<\/tr>\n<tr>\n<td valign=\"center\" width=\"337\">\n<p>Densit\u00e0 di massa<\/p>\n<\/td>\n<td valign=\"center\" width=\"330\">\n<p>0.12-0.14g\/cm3<\/p>\n<\/td>\n<\/tr>\n<tr>\n<td valign=\"center\" width=\"337\">\n<p>Contenuto di carbonio<\/p>\n<\/td>\n<td valign=\"center\" width=\"330\">\n<p>&gt; = 99%<\/p>\n<\/td>\n<\/tr>\n<tr>\n<td valign=\"center\" width=\"337\">\n<p>Resistenza alla trazione<\/p>\n<\/td>\n<td valign=\"center\" width=\"330\">\n<p>0.14Mpa<\/p>\n<\/td>\n<\/tr>\n<tr>\n<td valign=\"center\" width=\"337\">\n<p>Conducibilit\u00e0 termica (1150 \u2103)<\/p>\n<\/td>\n<td valign=\"center\" width=\"330\">\n<p>0,08 ~ 0,14W\/MK<\/p>\n<\/td>\n<\/tr>\n<tr>\n<td valign=\"center\" width=\"337\">\n<p>Cenere<\/p>\n<\/td>\n<td valign=\"center\" width=\"330\">\n<p>&lt;= 0,005%<\/p>\n<\/td>\n<\/tr>\n<tr>\n<td valign=\"center\" width=\"337\">\n<p>Stress schiacciante<\/p>\n<\/td>\n<td valign=\"center\" width=\"330\">\n<p>8-10N\/cm<\/p>\n<\/td>\n<\/tr>\n<tr>\n<td valign=\"center\" width=\"337\">\n<p>Spessore<\/p>\n<\/td>\n<td valign=\"center\" width=\"330\">\n<p>1-10mm<\/p>\n<\/td>\n<\/tr>\n<tr>\n<td valign=\"center\" width=\"337\">\n<p>Temperatura di elaborazione<\/p>\n<\/td>\n<td valign=\"center\" width=\"330\">\n<p>2500(\u2103)<\/p>\n<\/td>\n<\/tr>\n<\/tbody>\n<\/table><\/div>\n<\/p><\/div>\n<\/p><\/div>\n<\/p><\/div>\n<\/p><\/div>\n<\/p><\/div>\n<div class=\"fl-col-group fl-node-672dbdf6e65f3\" data-node=\"672dbdf6e65f3\">\n<div class=\"fl-col fl-node-672dbdf6e6634\" data-node=\"672dbdf6e6634\" style=\"width: 50.89%;\">\n<div class=\"fl-col-content fl-node-content\">\n<div class=\"fl-module fl-module-rich-text fl-node-672dbdf6e6678\" data-animation-delay=\"0.0\" data-node=\"672dbdf6e6678\">\n<div class=\"fl-module-content fl-node-content\">\n<div class=\"fl-rich-text\">\n<p><strong><span style=\"font-family: arial, helvetica, sans-serif; font-size: medium;\">Attualmente sono disponibili quattro voti per fornire prodotti grezzi o trasformati:<\/span><\/strong><br \/><span style=\"font-family: arial, helvetica, sans-serif; font-size: medium;\"><strong>Scrf:<\/strong> Felf di fibra di grafite purificata in grafite, temperatura di trattamento termico sopra il 1900\u2103<\/span><br \/><span style=\"font-family: arial, helvetica, sans-serif; font-size: medium;\"><strong>Scrf-p:<\/strong> Feltro duro RGB altamente purificato<\/span><br \/><span style=\"font-family: arial, helvetica, sans-serif; font-size: medium;\"><strong>SCRF-LTC:<\/strong> Felf di fibra di grafite solidificata purificata, temperatura del trattamento termico superiore a 1900 \u2103, con migliori prestazioni di isolamento termico<\/span><br \/><span style=\"font-family: arial, helvetica, sans-serif; font-size: medium;\"><strong>SCRF-LTC-P:<\/strong> Feltro duro RGB-LTC altamente purificato<\/span><\/p>\n<p><strong><span style=\"font-family: arial, helvetica, sans-serif; font-size: medium;\">Dimensione disponibile:<\/span><\/strong><br \/><span style=\"font-family: arial, helvetica, sans-serif; font-size: medium;\">Piastra: 1500*1800 (max) spessore 20-200mm<\/span><br \/><span style=\"font-family: arial, helvetica, sans-serif; font-size: medium;\">Drum rotondo: 1500*2000 (max) Spessive 20-150mm<\/span><br \/><span style=\"font-family: arial, helvetica, sans-serif; font-size: medium;\">Drum quadrato: 1500*1500*2000 (max) spessore 60-120mm<\/span><br \/><span style=\"font-family: arial, helvetica, sans-serif; font-size: medium;\">Intervallo di temperatura applicativo: 1250-2600<\/span><\/p>\n<\/p><\/div>\n<\/p><\/div>\n<\/p><\/div>\n<\/p><\/div>\n<\/p><\/div>\n<div class=\"fl-col fl-node-672dbdf6e6841 fl-col-small\" data-node=\"672dbdf6e6841\" style=\"width: 49.11%;\">\n<div class=\"fl-col-content fl-node-content\">\n<div class=\"fl-module fl-module-photo fl-node-672dbdf6e67bf\" data-animation-delay=\"0.0\" data-node=\"672dbdf6e67bf\">\n<div class=\"fl-module-content fl-node-content\">\n<div class=\"fl-photo fl-photo-align-center\" itemscope=\"\" itemtype=\"http:\/\/schema.org\/ImageObject\">\n<div class=\"fl-photo-content fl-photo-img-png\"> <img decoding=\"async\" alt=\"si-growth-882326\" class=\"fl-photo-img wp-image-11575\" itemprop=\"image\" src=\"\/wp-content\/uploads\/2025\/09\/152a8e9d596dbb3c.webp\"> <\/img><\/div>\n<\/p><\/div>\n<\/p><\/div>\n<\/p><\/div>\n<\/p><\/div>\n<\/p><\/div>\n<\/p><\/div>\n<div class=\"fl-col-group fl-node-672dbe52556d1\" data-node=\"672dbe52556d1\">\n<div class=\"fl-col fl-node-672dbe52558d5\" data-node=\"672dbe52558d5\" style=\"width: 100%;\">\n<div class=\"fl-col-content fl-node-content\">\n<div class=\"fl-module fl-module-rich-text fl-node-672dbe525552f\" data-animation-delay=\"0.0\" data-node=\"672dbe525552f\">\n<div class=\"fl-module-content fl-node-content\">\n<div class=\"fl-rich-text\">\n<p><strong><span style=\"font-family: arial, helvetica, sans-serif; font-size: medium;\">Applicazioni nel settore dei semiconduttori<\/span><\/strong><\/p>\n<p><span style=\"font-family: arial, helvetica, sans-serif; font-size: medium;\">Nell'industria dei semiconduttori, il crogiolo di Felt rigido a semicera \u00e8 indispensabile in processi ad alta temperatura come fabbricazione di wafer, crescita dei cristalli e deposizione di vapore chimico. Il suo materiale in feltro rigido ad alta purezza garantisce un rischio di contaminazione minimo, rendendolo adatto per ambienti per camere pulite e applicazioni termiche precise. La durata del crogiolo e la resistenza all'abrasione sono particolarmente preziose per le apparecchiature a semiconduttore che subiscono frequenti cicli termici, in quanto aiuta a mantenere la coerenza e l'efficienza del prodotto nel tempo.<\/span><\/p>\n<p><span style=\"font-family: arial, helvetica, sans-serif; font-size: medium;\">Inoltre, il crogiolo in feltro rigido semicera funge da componente chiave nei processi che coinvolgono fogli di grafite, grafite porosa e compositi C\/C utilizzati nella produzione di semiconduttori, supportando l'integrit\u00e0 e la qualit\u00e0 dei wafer e dei componenti a semiconduttore.<\/span><\/p>\n<p><strong><span style=\"font-family: arial, helvetica, sans-serif; font-size: medium;\">Eccezionale resistenza al calore e durata dell'usura<\/span><\/strong><\/p>\n<p><span style=\"font-family: arial, helvetica, sans-serif; font-size: medium;\">Con la sua elevata stabilit\u00e0 termica e resistenza all'abrasione, il rigido crogiolo di Felf Crucible di Semicera \u00e8 costruito per gestire facilmente gli ambienti pi\u00f9 impegnativi. La sua resilienza a calore estremo e condizioni abrasive garantisce che resisti all'uso a lungo termine senza degrado, rendendolo ideale per applicazioni che richiedono prestazioni coerenti ad alta temperatura e bassa manutenzione.<\/span><\/p>\n<p><strong><span style=\"font-family: arial, helvetica, sans-serif; font-size: medium;\">Soluzione di alta purezza per processi industriali avanzati<\/span><\/strong><\/p>\n<p><span style=\"font-family: arial, helvetica, sans-serif; font-size: medium;\">Ingegnerizzato con i pi\u00f9 alti standard di purezza e prestazioni, il crogiolo di Felt Rigid di semicera fornisce una soluzione affidabile, durevole e ad alte prestazioni per le industrie che richiedono una qualit\u00e0 e una durata rigorose. Dalle precise esigenze della produzione di semiconduttori ad altre industrie ad alta tecnologia che richiedono un esatto controllo termico, questo crogiolo \u00e8 progettato per migliorare l'efficienza operativa e la qualit\u00e0 del prodotto.<\/span><\/p>\n<p><span style=\"font-family: arial, helvetica, sans-serif; font-size: medium;\">Scegli il crogiolo rigido di Felt Crucible per semicera per la stabilit\u00e0 termica avanzata, la resistenza all'abrasione e le soluzioni di alta purezza attraverso applicazioni critiche ad alta temperatura.<\/span><\/p>\n<\/p><\/div>\n<\/p><\/div>\n<\/p><\/div>\n<\/p><\/div>\n<\/p><\/div>\n<\/p><\/div>\n<\/p><\/div>\n<\/p><\/div>\n<\/p><\/div>\n<div class=\"fl-row fl-row-full-width fl-row-bg-none fl-node-672dbe0a304c5\" data-node=\"672dbe0a304c5\">\n<div class=\"fl-row-content-wrap\">\n<div class=\"fl-row-content fl-row-full-width fl-node-content\">\n<div class=\"fl-col-group fl-node-672dbe0a30507\" data-node=\"672dbe0a30507\">\n<div class=\"fl-col fl-node-672dbe0a30532\" data-node=\"672dbe0a30532\" style=\"width: 100%;\">\n<div class=\"fl-col-content fl-node-content\">\n<div class=\"fl-module fl-module-photo fl-node-672dbe0a30571\" data-animation-delay=\"0.0\" data-node=\"672dbe0a30571\">\n<div class=\"fl-module-content fl-node-content\">\n<div class=\"fl-photo fl-photo-align-center\" itemscope=\"\" itemtype=\"http:\/\/schema.org\/ImageObject\">\n<div class=\"fl-photo-content fl-photo-img-jpg\"> <img decoding=\"async\" alt=\"Luogo di lavoro semicera\" class=\"fl-photo-img wp-image-9038\" itemprop=\"image\" src=\"\/wp-content\/uploads\/2025\/09\/b1dd0bcab1675ff4.webp\"> <\/img><\/div>\n<\/p><\/div>\n<\/p><\/div>\n<\/p><\/div>\n<div class=\"fl-module fl-module-photo fl-node-672dbe0a306ac\" data-animation-delay=\"0.0\" data-node=\"672dbe0a306ac\">\n<div class=\"fl-module-content fl-node-content\">\n<div class=\"fl-photo fl-photo-align-center\" itemscope=\"\" itemtype=\"http:\/\/schema.org\/ImageObject\">\n<div class=\"fl-photo-content fl-photo-img-jpg\"> <img decoding=\"async\" alt=\"Semicera lavoro posto 2\" class=\"fl-photo-img wp-image-9037\" itemprop=\"image\" src=\"\/wp-content\/uploads\/2025\/09\/2b946d2b4b61306d.webp\"> <\/img><\/div>\n<\/p><\/div>\n<\/p><\/div>\n<\/p><\/div>\n<div class=\"fl-module fl-module-photo fl-node-672dbe0a3066d\" data-animation-delay=\"0.0\" data-node=\"672dbe0a3066d\">\n<div class=\"fl-module-content fl-node-content\">\n<div class=\"fl-photo fl-photo-align-center\" itemscope=\"\" itemtype=\"http:\/\/schema.org\/ImageObject\">\n<div class=\"fl-photo-content fl-photo-img-jpg\"> <img decoding=\"async\" alt=\"Macchina per attrezzature\" class=\"fl-photo-img wp-image-9034 size-full\" itemprop=\"image\" src=\"\/wp-content\/uploads\/2025\/09\/081b6529d68ead23.webp\"> <\/img><\/div>\n<\/p><\/div>\n<\/p><\/div>\n<\/p><\/div>\n<div class=\"fl-module fl-module-photo fl-node-672dbe0a3062e\" data-animation-delay=\"0.0\" data-node=\"672dbe0a3062e\">\n<div class=\"fl-module-content fl-node-content\">\n<div class=\"fl-photo fl-photo-align-center\" itemscope=\"\" itemtype=\"http:\/\/schema.org\/ImageObject\">\n<div class=\"fl-photo-content fl-photo-img-jpg\"> <img decoding=\"async\" alt=\"Elaborazione della CNN, pulizia chimica, rivestimento CVD\" class=\"fl-photo-img wp-image-9033\" itemprop=\"image\" src=\"\/wp-content\/uploads\/2025\/09\/a4132b2b399abbac.webp\"> <\/img><\/div>\n<\/p><\/div>\n<\/p><\/div>\n<\/p><\/div>\n<div class=\"fl-module fl-module-photo fl-node-672dbe0a305ef\" data-animation-delay=\"0.0\" data-node=\"672dbe0a305ef\">\n<div class=\"fl-module-content fl-node-content\">\n<div class=\"fl-photo fl-photo-align-center\" itemscope=\"\" itemtype=\"http:\/\/schema.org\/ImageObject\">\n<div class=\"fl-photo-content fl-photo-img-jpg\"> <img decoding=\"async\" alt=\"Semicera ware house\" class=\"fl-photo-img wp-image-9036\" itemprop=\"image\" src=\"\/wp-content\/uploads\/2025\/09\/2190bb9ce5c1d546.webp\"> <\/img><\/div>\n<\/p><\/div>\n<\/p><\/div>\n<\/p><\/div>\n<div class=\"fl-module fl-module-photo fl-node-672dbe0a305b0\" data-animation-delay=\"0.0\" data-node=\"672dbe0a305b0\">\n<div class=\"fl-module-content fl-node-content\">\n<div class=\"fl-photo fl-photo-align-center\" itemscope=\"\" itemtype=\"http:\/\/schema.org\/ImageObject\">\n<div class=\"fl-photo-content fl-photo-img-jpg\"> <img decoding=\"async\" alt=\"Il nostro servizio\" class=\"fl-photo-img wp-image-9035\" itemprop=\"image\" src=\"\/wp-content\/uploads\/2025\/09\/b07f222c0ec0ab8d.webp\"> <\/img><\/div>\n<\/p><\/div>\n<\/p><\/div>\n<\/p><\/div>\n<\/p><\/div>\n<\/p><\/div>\n<\/p><\/div>\n<\/p><\/div>\n<\/p><\/div>\n<\/p><\/div>\n<\/div>","protected":false},"excerpt":{"rendered":"<p>Il rigido crogiolo in feltro di semicera \u00e8 progettato per prestazioni superiori in applicazioni ad alta temperatura, offrendo un eccellente isolamento termico e integrit\u00e0 strutturale. Costruito con materiali di feltro rigidi di qualit\u00e0 premium, questo crogiolo fornisce resistenza al calore affidabile, bassa conducibilit\u00e0 termica e durata eccezionale, rendendolo ideale per i processi nella produzione avanzata e nei test dei materiali.<\/p>","protected":false},"featured_media":665,"comment_status":"closed","ping_status":"open","template":"","meta":[],"product_brand":[],"product_cat":[29,30],"product_tag":[],"class_list":{"0":"post-1313","1":"product","2":"type-product","3":"status-publish","4":"has-post-thumbnail","6":"product_cat-carbon-fiber","7":"product_cat-hard-felt","9":"first","10":"instock","11":"product-type-simple"},"_links":{"self":[{"href":"https:\/\/www.cn-semiconductorparts.com\/it\/wp-json\/wp\/v2\/product\/1313","targetHints":{"allow":["GET"]}}],"collection":[{"href":"https:\/\/www.cn-semiconductorparts.com\/it\/wp-json\/wp\/v2\/product"}],"about":[{"href":"https:\/\/www.cn-semiconductorparts.com\/it\/wp-json\/wp\/v2\/types\/product"}],"replies":[{"embeddable":true,"href":"https:\/\/www.cn-semiconductorparts.com\/it\/wp-json\/wp\/v2\/comments?post=1313"}],"wp:featuredmedia":[{"embeddable":true,"href":"https:\/\/www.cn-semiconductorparts.com\/it\/wp-json\/wp\/v2\/media\/665"}],"wp:attachment":[{"href":"https:\/\/www.cn-semiconductorparts.com\/it\/wp-json\/wp\/v2\/media?parent=1313"}],"wp:term":[{"taxonomy":"product_brand","embeddable":true,"href":"https:\/\/www.cn-semiconductorparts.com\/it\/wp-json\/wp\/v2\/product_brand?post=1313"},{"taxonomy":"product_cat","embeddable":true,"href":"https:\/\/www.cn-semiconductorparts.com\/it\/wp-json\/wp\/v2\/product_cat?post=1313"},{"taxonomy":"product_tag","embeddable":true,"href":"https:\/\/www.cn-semiconductorparts.com\/it\/wp-json\/wp\/v2\/product_tag?post=1313"}],"curies":[{"name":"WP","href":"https:\/\/api.w.org\/{rel}","templated":true}]}}