{"id":1315,"date":"2025-09-11T05:28:25","date_gmt":"2025-09-11T05:28:25","guid":{"rendered":"https:\/\/weitai2.globaldeepsea.site\/product\/silicon-nitride-disk\/"},"modified":"2026-04-29T15:34:13","modified_gmt":"2026-04-29T07:34:13","slug":"silicon-nitride-disk","status":"publish","type":"product","link":"https:\/\/www.cn-semiconductorparts.com\/it\/product\/silicon-nitride-disk\/","title":{"rendered":"Disco di nitruro di silicio"},"content":{"rendered":"<div class=\"fl-builder-content fl-builder-content-11563 fl-builder-content-primary fl-builder-global-templates-locked\" data-post-id=\"11563\">\n<div class=\"fl-row fl-row-full-width fl-row-bg-none fl-node-672daf5c48d7b\" data-node=\"672daf5c48d7b\">\n<div class=\"fl-row-content-wrap\">\n<div class=\"fl-row-content fl-row-full-width fl-node-content\">\n<div class=\"fl-col-group fl-node-672daf5c48dc0\" data-node=\"672daf5c48dc0\">\n<div class=\"fl-col fl-node-672daf5c48e03\" data-node=\"672daf5c48e03\" style=\"width: 100%;\">\n<div class=\"fl-col-content fl-node-content\">\n<div class=\"fl-module fl-module-rich-text fl-node-672daf5c48e44\" data-animation-delay=\"0.0\" data-node=\"672daf5c48e44\">\n<div class=\"fl-module-content fl-node-content\">\n<div class=\"fl-rich-text\">\n<p><span style=\"font-family: arial, helvetica, sans-serif; font-size: medium;\">Il disco di nitruro di silicio di Semicera offre prestazioni eccezionali in applicazioni ad alta richiesta, progettato da nitruro di silicio ad alta purezza (SI3N4) per fornire una durata eccezionale, resistenza all'usura e alta stabilit\u00e0 termica. Questo disco ceramico avanzato \u00e8 ideale per applicazioni di precisione che richiedono un'usura minima e un'alta resistenza in condizioni estreme. Progettato per soddisfare le esigenze di industrie come la produzione di semiconduttori, l'aerospaziale e la lavorazione dei materiali, il disco di nitruro di silicio a semicera garantisce prestazioni affidabili, anche negli ambienti pi\u00f9 impegnativi.<\/span><\/p>\n<p><strong><span style=\"font-family: arial, helvetica, sans-serif; font-size: medium;\">Materiali ad alte prestazioni per efficienza ottimale<\/span><\/strong><\/p>\n<p><span style=\"font-family: arial, helvetica, sans-serif; font-size: medium;\">Realizzato in nitruro di silicio (SI3N4), il disco di nitruro di silicio a semicera fa parte di una gamma pi\u00f9 ampia di soluzioni ceramiche avanzate che includono carburo di silicio (SIC), allumina (AL2O3), nitruro di alluminio (AIN) e zirconia (ZRO2). Questi materiali sono noti per le loro propriet\u00e0 meccaniche superiori, tra cui resistenza all'usura, stabilit\u00e0 termica e elevata purezza, rendendoli ideali per l'uso in una variet\u00e0 di applicazioni ad alte prestazioni. Il disco di nitruro di silicio offre un'eccellente resistenza allo shock termico e pu\u00f2 mantenere la sua integrit\u00e0 in variazioni di temperatura estrema, garantendo che si comporta in modo affidabile in ambienti difficili.<\/span><\/p>\n<p><strong><span style=\"font-family: arial, helvetica, sans-serif; font-size: medium;\">Durevole e affidabile in condizioni estreme<\/span><\/strong><\/p>\n<p><span style=\"font-family: arial, helvetica, sans-serif; font-size: medium;\">Il disco di nitruro di silicio a semicera eccelle in ambienti in cui la resistenza all'usura, la stabilit\u00e0 termica e l'alta purezza sono fondamentali. La sua composizione ceramica avanzata garantisce che mantenga la sua forza e durata anche in condizioni difficili, tra cui alte temperature e esposizione a sostanze chimiche aggressive. Queste propriet\u00e0 lo rendono una soluzione ideale per le industrie che richiedono materiali di lunga durata e ad alte prestazioni che possono resistere alle condizioni impegnative senza compromettere la qualit\u00e0 o la precisione.<\/span><\/p>\n<\/p><\/div>\n<\/p><\/div>\n<\/p><\/div>\n<\/p><\/div>\n<\/p><\/div>\n<\/p><\/div>\n<div class=\"fl-col-group fl-node-672daf5c48ec7\" data-node=\"672daf5c48ec7\">\n<div class=\"fl-col fl-node-672daf5c48f08 fl-col-small\" data-node=\"672daf5c48f08\" style=\"width: 50%;\">\n<div class=\"fl-col-content fl-node-content\">\n<div class=\"fl-module fl-module-rich-text fl-node-672daf5c48f49\" data-animation-delay=\"0.0\" data-node=\"672daf5c48f49\">\n<div class=\"fl-module-content fl-node-content\">\n<div class=\"fl-rich-text\">\n<p><span style=\"font-family: arial, helvetica, sans-serif; font-size: medium;\"><strong>Propriet\u00e0 della ceramica di nitruro di silicio<\/strong><\/span><\/p>\n<p><span style=\"font-family: arial, helvetica, sans-serif; font-size: medium;\">1, ha un'alta resistenza in un ampio intervallo di temperatura;<\/span><\/p>\n<p><span style=\"font-family: arial, helvetica, sans-serif; font-size: medium;\">2, alta tenacit\u00e0 della frattura;<\/span><\/p>\n<p><span style=\"font-family: arial, helvetica, sans-serif; font-size: medium;\">3, buona forza di piegatura;<\/span><\/p>\n<p><span style=\"font-family: arial, helvetica, sans-serif; font-size: medium;\">4, resistenza alla fatica meccanica e al creep;<\/span><\/p>\n<p><span style=\"font-family: arial, helvetica, sans-serif; font-size: medium;\">5, luce - bassa densit\u00e0;<\/span><\/p>\n<p><span style=\"font-family: arial, helvetica, sans-serif; font-size: medium;\">6, alta durezza e resistenza all'usura;<\/span><\/p>\n<p><span style=\"font-family: arial, helvetica, sans-serif; font-size: medium;\">7, eccellente resistenza agli shock termici;<\/span><\/p>\n<p><span style=\"font-family: arial, helvetica, sans-serif; font-size: medium;\">8, bassa espansione termica;<\/span><\/p>\n<p><span style=\"font-family: arial, helvetica, sans-serif; font-size: medium;\">9, isolante elettrico;<\/span><\/p>\n<p><span style=\"font-family: arial, helvetica, sans-serif; font-size: medium;\">10, buona resistenza all'ossidazione;<\/span><\/p>\n<p><span style=\"font-family: arial, helvetica, sans-serif; font-size: medium;\">11, buona resistenza alla corrosione chimica.<\/span><\/p>\n<\/p><\/div>\n<\/p><\/div>\n<\/p><\/div>\n<\/p><\/div>\n<\/p><\/div>\n<div class=\"fl-col fl-node-672daf5c49299 fl-col-small\" data-node=\"672daf5c49299\" style=\"width: 50%;\">\n<div class=\"fl-col-content fl-node-content\">\n<div class=\"fl-module fl-module-photo fl-node-672daf5c4908f\" data-animation-delay=\"0.0\" data-node=\"672daf5c4908f\">\n<div class=\"fl-module-content fl-node-content\">\n<div class=\"fl-photo fl-photo-align-center\" itemscope=\"\" itemtype=\"http:\/\/schema.org\/ImageObject\">\n<div class=\"fl-photo-content fl-photo-img-png\"> <img decoding=\"async\" alt=\"Disco di nitruro di silicio\" class=\"fl-photo-img wp-image-11566 size-full\" itemprop=\"image\" src=\"\/wp-content\/uploads\/2025\/09\/a6a521c1fe512a9a.webp\"> <\/img><\/div>\n<\/p><\/div>\n<\/p><\/div>\n<\/p><\/div>\n<\/p><\/div>\n<\/p><\/div>\n<\/p><\/div>\n<div class=\"fl-col-group fl-node-672daf5c48fcc\" data-node=\"672daf5c48fcc\">\n<div class=\"fl-col fl-node-672daf5c4900d\" data-node=\"672daf5c4900d\" style=\"width: 100%;\">\n<div class=\"fl-col-content fl-node-content\">\n<div class=\"fl-module fl-module-photo fl-node-672db090bff21\" data-animation-delay=\"0.0\" data-node=\"672db090bff21\">\n<div class=\"fl-module-content fl-node-content\">\n<div class=\"fl-photo fl-photo-align-center\" itemscope=\"\" itemtype=\"http:\/\/schema.org\/ImageObject\">\n<div class=\"fl-photo-content fl-photo-img-png\"> <img decoding=\"async\" alt=\"sem-se-images-of-si3n4-ceramic-at-a-5000---and-b-30-000---magnifications--c-pore-size-distribution-a\" class=\"fl-photo-img wp-image-11561\" itemprop=\"image\" src=\"\/wp-content\/uploads\/2025\/09\/98954e401da68de5.webp\"> <\/img><\/div>\n<\/p><\/div>\n<\/p><\/div>\n<\/p><\/div>\n<\/p><\/div>\n<\/p><\/div>\n<\/p><\/div>\n<div class=\"fl-col-group fl-node-672daf5c4939e\" data-node=\"672daf5c4939e\">\n<div class=\"fl-col fl-node-672daf5c493df\" data-node=\"672daf5c493df\" style=\"width: 100%;\">\n<div class=\"fl-col-content fl-node-content\">\n<div class=\"fl-module fl-module-rich-text fl-node-672daf5c48f8b\" data-animation-delay=\"0.0\" data-node=\"672daf5c48f8b\">\n<div class=\"fl-module-content fl-node-content\">\n<div class=\"fl-rich-text\">\n<p><span style=\"font-family: arial, helvetica, sans-serif; font-size: medium;\">Le ceramiche di nitruro di silicio hanno un basso coefficiente di espansione termica e un'elevata conducibilit\u00e0 termica, quindi hanno un'eccellente resistenza agli shock termici. Il nitruro di silicio sinterizzato a caldo non si romper\u00e0 dopo essere stato riscaldato a 1000 \u2103 e messo in acqua fredda. A una temperatura non troppo alta, il nitruro di silicio ha una resistenza ad alta resistenza e impatto, ma sopra i 1200 \u2103 saranno danneggiati con la crescita del tempo di utilizzo, in modo che la sua resistenza sia ridotta, pi\u00f9 inclini a danni da fatica superiori a 1450 \u2103, quindi l'uso della temperatura SI3N4 generalmente non supera i 1300 \u2103.<\/span><\/p>\n<\/p><\/div>\n<\/p><\/div>\n<\/p><\/div>\n<div class=\"fl-module fl-module-rich-text fl-node-672db03058bd9\" data-animation-delay=\"0.0\" data-node=\"672db03058bd9\">\n<div class=\"fl-module-content fl-node-content\">\n<div class=\"fl-rich-text\">\n<p><strong><span style=\"font-family: arial, helvetica, sans-serif; font-size: medium;\">Applicazioni nel settore dei semiconduttori<\/span><\/strong><\/p>\n<p><span style=\"font-family: arial, helvetica, sans-serif; font-size: medium;\">Nell'industria dei semiconduttori, il disco di nitruro di silicio di semicera viene utilizzato in varie applicazioni, tra cui portatori di wafer, guarnizioni meccaniche, barche di wafer e altri componenti che richiedono elevata purezza e resistenza eccezionale. La resistenza all'usura del disco e la capacit\u00e0 di gestire carichi termici elevati lo rendono perfetto per l'uso in processi come la gestione dei wafer, in cui il controllo della contaminazione e l'integrit\u00e0 strutturale sono fondamentali.<\/span><\/p>\n<p><span style=\"font-family: arial, helvetica, sans-serif; font-size: medium;\">L'elevata purezza del disco di nitruro di silicio garantisce un rischio di contaminazione minimo, rendendolo ideale per gli ambienti di camera pulita in cui la precisione \u00e8 fondamentale. Inoltre, la sua stabilit\u00e0 termica superiore gli consente di funzionare in condizioni estreme, come quelle presenti nei processi di fabbricazione di semiconduttori che coinvolgono trattamenti ad alta temperatura.<\/span><\/p>\n<p><strong><span style=\"font-family: arial, helvetica, sans-serif; font-size: medium;\">Soluzioni ceramiche avanzate per affidabilit\u00e0 a lungo termine<\/span><\/strong><\/p>\n<p><span style=\"font-family: arial, helvetica, sans-serif; font-size: medium;\">Il disco di nitruro di silicio semicera \u00e8 una scelta eccellente per le applicazioni che richiedono materiali ad alte prestazioni con bassa manutenzione e alta affidabilit\u00e0. Sia utilizzata come parte di una boccola, manica dell'asse o in sistemi pi\u00f9 complessi come le apparecchiature di elaborazione dei semiconduttori, questa soluzione ceramica composita garantisce prestazioni di lunga durata e tempi di inattivit\u00e0 ridotti.<\/span><\/p>\n<p><span style=\"font-family: arial, helvetica, sans-serif; font-size: medium;\">Con la sua combinazione di resistenza all'usura, alta stabilit\u00e0 termica e elevata purezza, il disco di nitruro di silicio di Semicera offre una soluzione superiore per le industrie che richiedono materiali in grado di resistere a condizioni estreme mantenendo precisione e prestazioni.<\/span><\/p>\n<p><span style=\"font-family: arial, helvetica, sans-serif; font-size: medium;\">Scegli il disco di nitruro di silicio a semicera per affidabilit\u00e0, durata e prestazioni senza pari nelle applicazioni pi\u00f9 esigenti.<\/span><\/p>\n<\/p><\/div>\n<\/p><\/div>\n<\/p><\/div>\n<\/p><\/div>\n<\/p><\/div>\n<\/p><\/div>\n<\/p><\/div>\n<\/p><\/div>\n<\/p><\/div>\n<div class=\"fl-row fl-row-full-width fl-row-bg-none fl-node-672daf6a7c6f3\" data-node=\"672daf6a7c6f3\">\n<div class=\"fl-row-content-wrap\">\n<div class=\"fl-row-content fl-row-full-width fl-node-content\">\n<div class=\"fl-col-group fl-node-672daf6a7c737\" data-node=\"672daf6a7c737\">\n<div class=\"fl-col fl-node-672daf6a7c779\" data-node=\"672daf6a7c779\" style=\"width: 100%;\">\n<div class=\"fl-col-content fl-node-content\">\n<div class=\"fl-module fl-module-photo fl-node-672daf6a7c7bb\" data-animation-delay=\"0.0\" data-node=\"672daf6a7c7bb\">\n<div class=\"fl-module-content fl-node-content\">\n<div class=\"fl-photo fl-photo-align-center\" itemscope=\"\" itemtype=\"http:\/\/schema.org\/ImageObject\">\n<div class=\"fl-photo-content fl-photo-img-jpg\"> <img decoding=\"async\" alt=\"Luogo di lavoro semicera\" class=\"fl-photo-img wp-image-9038\" itemprop=\"image\" src=\"\/wp-content\/uploads\/2025\/09\/b1dd0bcab1675ff4.webp\"> <\/img><\/div>\n<\/p><\/div>\n<\/p><\/div>\n<\/p><\/div>\n<div class=\"fl-module fl-module-photo fl-node-672daf6a7c903\" data-animation-delay=\"0.0\" data-node=\"672daf6a7c903\">\n<div class=\"fl-module-content fl-node-content\">\n<div class=\"fl-photo fl-photo-align-center\" itemscope=\"\" itemtype=\"http:\/\/schema.org\/ImageObject\">\n<div class=\"fl-photo-content fl-photo-img-jpg\"> <img decoding=\"async\" alt=\"Semicera lavoro posto 2\" class=\"fl-photo-img wp-image-9037\" itemprop=\"image\" src=\"\/wp-content\/uploads\/2025\/09\/2b946d2b4b61306d.webp\"> <\/img><\/div>\n<\/p><\/div>\n<\/p><\/div>\n<\/p><\/div>\n<div class=\"fl-module fl-module-photo fl-node-672daf6a7c8c2\" data-animation-delay=\"0.0\" data-node=\"672daf6a7c8c2\">\n<div class=\"fl-module-content fl-node-content\">\n<div class=\"fl-photo fl-photo-align-center\" itemscope=\"\" itemtype=\"http:\/\/schema.org\/ImageObject\">\n<div class=\"fl-photo-content fl-photo-img-jpg\"> <img decoding=\"async\" alt=\"Macchina per attrezzature\" class=\"fl-photo-img wp-image-9034 size-full\" itemprop=\"image\" src=\"\/wp-content\/uploads\/2025\/09\/081b6529d68ead23.webp\"> <\/img><\/div>\n<\/p><\/div>\n<\/p><\/div>\n<\/p><\/div>\n<div class=\"fl-module fl-module-photo fl-node-672daf6a7c880\" data-animation-delay=\"0.0\" data-node=\"672daf6a7c880\">\n<div class=\"fl-module-content fl-node-content\">\n<div class=\"fl-photo fl-photo-align-center\" itemscope=\"\" itemtype=\"http:\/\/schema.org\/ImageObject\">\n<div class=\"fl-photo-content fl-photo-img-jpg\"> <img decoding=\"async\" alt=\"Elaborazione della CNN, pulizia chimica, rivestimento CVD\" class=\"fl-photo-img wp-image-9033\" itemprop=\"image\" src=\"\/wp-content\/uploads\/2025\/09\/a4132b2b399abbac.webp\"> <\/img><\/div>\n<\/p><\/div>\n<\/p><\/div>\n<\/p><\/div>\n<div class=\"fl-module fl-module-photo fl-node-672daf6a7c83f\" data-animation-delay=\"0.0\" data-node=\"672daf6a7c83f\">\n<div class=\"fl-module-content fl-node-content\">\n<div class=\"fl-photo fl-photo-align-center\" itemscope=\"\" itemtype=\"http:\/\/schema.org\/ImageObject\">\n<div class=\"fl-photo-content fl-photo-img-jpg\"> <img decoding=\"async\" alt=\"Semicera ware house\" class=\"fl-photo-img wp-image-9036\" itemprop=\"image\" src=\"\/wp-content\/uploads\/2025\/09\/2190bb9ce5c1d546.webp\"> <\/img><\/div>\n<\/p><\/div>\n<\/p><\/div>\n<\/p><\/div>\n<div class=\"fl-module fl-module-photo fl-node-672daf6a7c7fd\" data-animation-delay=\"0.0\" data-node=\"672daf6a7c7fd\">\n<div class=\"fl-module-content fl-node-content\">\n<div class=\"fl-photo fl-photo-align-center\" itemscope=\"\" itemtype=\"http:\/\/schema.org\/ImageObject\">\n<div class=\"fl-photo-content fl-photo-img-jpg\"> <img decoding=\"async\" alt=\"Il nostro servizio\" class=\"fl-photo-img wp-image-9035\" itemprop=\"image\" src=\"\/wp-content\/uploads\/2025\/09\/b07f222c0ec0ab8d.webp\"> <\/img><\/div>\n<\/p><\/div>\n<\/p><\/div>\n<\/p><\/div>\n<\/p><\/div>\n<\/p><\/div>\n<\/p><\/div>\n<\/p><\/div>\n<\/p><\/div>\n<\/p><\/div>\n<\/div>","protected":false},"excerpt":{"rendered":"<p>Il disco di nitruro di silicio di Semicera \u00e8 un componente ceramico ad alte prestazioni progettato per l'uso in ambienti esigenti. Ingegnerizzato da nitruro di silicio di alta purezza (SI3N4), questo disco offre una resistenza all'usura eccezionale, un'elevata stabilit\u00e0 termica e una notevole resistenza meccanica. Utilizzato in operazioni ad alta temperatura o applicazioni di precisione, il disco di nitruro di silicio a semicera offre prestazioni affidabili, garantendo un'usura minima e una durata duratura in settori come la produzione di semiconduttori, aerospaziale e la lavorazione dei materiali.<\/p>","protected":false},"featured_media":791,"comment_status":"closed","ping_status":"open","template":"","meta":[],"product_brand":[],"product_cat":[31,33],"product_tag":[],"class_list":{"0":"post-1315","1":"product","2":"type-product","3":"status-publish","4":"has-post-thumbnail","6":"product_cat-more-ceramic-products","7":"product_cat-zirconium-oxide-ceramics","9":"first","10":"instock","11":"product-type-simple"},"_links":{"self":[{"href":"https:\/\/www.cn-semiconductorparts.com\/it\/wp-json\/wp\/v2\/product\/1315","targetHints":{"allow":["GET"]}}],"collection":[{"href":"https:\/\/www.cn-semiconductorparts.com\/it\/wp-json\/wp\/v2\/product"}],"about":[{"href":"https:\/\/www.cn-semiconductorparts.com\/it\/wp-json\/wp\/v2\/types\/product"}],"replies":[{"embeddable":true,"href":"https:\/\/www.cn-semiconductorparts.com\/it\/wp-json\/wp\/v2\/comments?post=1315"}],"wp:featuredmedia":[{"embeddable":true,"href":"https:\/\/www.cn-semiconductorparts.com\/it\/wp-json\/wp\/v2\/media\/791"}],"wp:attachment":[{"href":"https:\/\/www.cn-semiconductorparts.com\/it\/wp-json\/wp\/v2\/media?parent=1315"}],"wp:term":[{"taxonomy":"product_brand","embeddable":true,"href":"https:\/\/www.cn-semiconductorparts.com\/it\/wp-json\/wp\/v2\/product_brand?post=1315"},{"taxonomy":"product_cat","embeddable":true,"href":"https:\/\/www.cn-semiconductorparts.com\/it\/wp-json\/wp\/v2\/product_cat?post=1315"},{"taxonomy":"product_tag","embeddable":true,"href":"https:\/\/www.cn-semiconductorparts.com\/it\/wp-json\/wp\/v2\/product_tag?post=1315"}],"curies":[{"name":"WP","href":"https:\/\/api.w.org\/{rel}","templated":true}]}}