{"id":1329,"date":"2025-09-11T05:28:25","date_gmt":"2025-09-11T05:28:25","guid":{"rendered":"https:\/\/weitai2.globaldeepsea.site\/product\/reinforced-c-c-composite\/"},"modified":"2025-09-11T05:28:30","modified_gmt":"2025-09-11T05:28:30","slug":"reinforced-c-c-composite","status":"publish","type":"product","link":"https:\/\/www.cn-semiconductorparts.com\/it\/product\/reinforced-c-c-composite\/","title":{"rendered":"Composito C\/C rinforzato"},"content":{"rendered":"<div class=\"fl-builder-content fl-builder-content-11434 fl-builder-content-primary fl-builder-global-templates-locked\" data-post-id=\"11434\">\n<div class=\"fl-row fl-row-full-width fl-row-bg-none fl-node-67209520940f2\" data-node=\"67209520940f2\">\n<div class=\"fl-row-content-wrap\">\n<div class=\"fl-row-content fl-row-full-width fl-node-content\">\n<div class=\"fl-col-group fl-node-6720952094469\" data-node=\"6720952094469\">\n<div class=\"fl-col fl-node-67209520944ac\" data-node=\"67209520944ac\" style=\"width: 100%;\">\n<div class=\"fl-col-content fl-node-content\">\n<div class=\"fl-module fl-module-rich-text fl-node-672095209428e\" data-animation-delay=\"0.0\" data-node=\"672095209428e\">\n<div class=\"fl-module-content fl-node-content\">\n<div class=\"fl-rich-text\">\n<p><b>Compositi di carbonio di carbonio:<\/b><\/p>\n<p data-section=\"0\">I compositi di carbonio\/carbonio sono compositi a matrice di carbonio rinforzati dalle fibre di carbonio e dai loro tessuti. Con bassa densit\u00e0 (&lt;2,0 g\/cm3), alta resistenza, modulo specifico elevato, alta conducibilit\u00e0 termica, basso coefficiente di espansione, buona prestazione di attrito, buona resistenza a shock termico, stabilit\u00e0 ad alta dimensione, \u00e8 ora nell'applicazione di pi\u00f9 di 1650 \u2103, la pi\u00f9 alta temperatura teorica fino a 2600 \u2103, quindi \u00e8 ritenuto che sia uno dei materiali ad alta temperatura.<\/p>\n<\/p><\/div>\n<\/p><\/div>\n<\/p><\/div>\n<\/p><\/div>\n<\/p><\/div>\n<\/p><\/div>\n<div class=\"fl-col-group fl-node-672095e7bc277\" data-node=\"672095e7bc277\">\n<div class=\"fl-col fl-node-672095e7bc448\" data-node=\"672095e7bc448\" style=\"width: 100%;\">\n<div class=\"fl-col-content fl-node-content\">\n<div class=\"fl-module fl-module-rich-text fl-node-672095e7bc114\" data-animation-delay=\"0.0\" data-node=\"672095e7bc114\">\n<div class=\"fl-module-content fl-node-content\">\n<div class=\"fl-rich-text\">\n<p><span style=\"font-family: arial, helvetica, sans-serif; font-size: medium;\">The Reinforced C\/C Composite from Semicera represents the forefront of material technology, combining lightweight characteristics with exceptional strength and thermal stability. This innovative composite is engineered for high-performance applications in industries such as aerospace, automotive, and semiconductor manufacturing.<\/span><\/p>\n<p><span style=\"font-family: arial, helvetica, sans-serif; font-size: medium;\">At Semicera, we utilize advanced carbon fiber reinforcement to enhance the structural integrity of our C\/C composites, ensuring they can withstand extreme temperatures and mechanical stress. The result is a material that excels in applications requiring durability and reliability.<\/span><\/p>\n<p><span style=\"font-family: arial, helvetica, sans-serif; font-size: medium;\">With its outstanding properties, the Reinforced C\/C Composite is an ideal choice for critical components, offering superior performance without compromising weight. Trust Semicera to provide cutting-edge solutions that meet your demanding industrial requirements.<\/span><\/p>\n<\/p><\/div>\n<\/p><\/div>\n<\/p><\/div>\n<\/p><\/div>\n<\/p><\/div>\n<\/p><\/div>\n<div class=\"fl-col-group fl-node-672095209413b\" data-node=\"672095209413b\">\n<div class=\"fl-col fl-node-6720952094180\" data-node=\"6720952094180\" style=\"width: 100%;\">\n<div class=\"fl-col-content fl-node-content\">\n<div class=\"fl-module fl-module-rich-text fl-node-67209520941c4\" data-animation-delay=\"0.0\" data-node=\"67209520941c4\">\n<div class=\"fl-module-content fl-node-content\">\n<div class=\"fl-rich-text\">\n<table border=\"0\" cellspacing=\"0\">\n<tbody>\n<tr>\n<td colspan=\"3\" valign=\"center\" width=\"615\">\n<p align=\"center\"><b>Dati tecnici del composito di carbonio\/carbonio<\/b><\/p>\n<\/td>\n<td valign=\"center\" width=\"10\">\n<p>\u00a0<\/p>\n<\/td>\n<\/tr>\n<tr>\n<td valign=\"center\" width=\"205\">\n<p>Indice<\/p>\n<\/td>\n<td valign=\"center\" width=\"126\">\n<p align=\"center\">Unit\u00e0<\/p>\n<\/td>\n<td valign=\"center\" width=\"283\">\n<p align=\"center\">Valore<\/p>\n<\/td>\n<td valign=\"center\" width=\"10\">\n<p>\u00a0<\/p>\n<\/td>\n<\/tr>\n<tr>\n<td valign=\"center\" width=\"205\">\n<p>Densit\u00e0 di massa<\/p>\n<\/td>\n<td valign=\"center\" width=\"126\">\n<p align=\"center\">g\/cm3<\/p>\n<\/td>\n<td valign=\"center\" width=\"283\">\n<p align=\"center\">1.40~1.50<\/p>\n<\/td>\n<td valign=\"center\" width=\"10\">\n<p>\u00a0<\/p>\n<\/td>\n<\/tr>\n<tr>\n<td valign=\"center\" width=\"205\">\n<p>Contenuto di carbonio<\/p>\n<\/td>\n<td valign=\"center\" width=\"126\">\n<p align=\"center\">%<\/p>\n<\/td>\n<td valign=\"center\" width=\"283\">\n<p align=\"center\">\u226598.5~99.9<\/p>\n<\/td>\n<td valign=\"center\" width=\"10\">\n<p>\u00a0<\/p>\n<\/td>\n<\/tr>\n<tr>\n<td valign=\"center\" width=\"205\">\n<p>Cenere<\/p>\n<\/td>\n<td valign=\"center\" width=\"126\">\n<p align=\"center\">Ppm<\/p>\n<\/td>\n<td valign=\"center\" width=\"283\">\n<p align=\"center\">\u226465<\/p>\n<\/td>\n<td valign=\"center\" width=\"10\">\n<p>\u00a0<\/p>\n<\/td>\n<\/tr>\n<tr>\n<td valign=\"center\" width=\"205\">\n<p>Conducibilit\u00e0 termica (1150 \u2103)<\/p>\n<\/td>\n<td valign=\"center\" width=\"126\">\n<p align=\"center\">Con Mk<\/p>\n<\/td>\n<td valign=\"center\" width=\"283\">\n<p align=\"center\">10~30<\/p>\n<\/td>\n<td valign=\"center\" width=\"10\">\n<p>\u00a0<\/p>\n<\/td>\n<\/tr>\n<tr>\n<td valign=\"center\" width=\"205\">\n<p>Resistenza alla trazione<\/p>\n<\/td>\n<td valign=\"center\" width=\"126\">\n<p align=\"center\">MPA<\/p>\n<\/td>\n<td valign=\"center\" width=\"283\">\n<p align=\"center\">90~130<\/p>\n<\/td>\n<td valign=\"center\" width=\"10\">\n<p>\u00a0<\/p>\n<\/td>\n<\/tr>\n<tr>\n<td valign=\"center\" width=\"205\">\n<p>Forza di flessione<\/p>\n<\/td>\n<td valign=\"center\" width=\"126\">\n<p align=\"center\">MPA<\/p>\n<\/td>\n<td valign=\"center\" width=\"283\">\n<p align=\"center\">100~150<\/p>\n<\/td>\n<td valign=\"center\" width=\"10\">\n<p>\u00a0<\/p>\n<\/td>\n<\/tr>\n<tr>\n<td valign=\"center\" width=\"205\">\n<p>Resistenza a compressione<\/p>\n<\/td>\n<td valign=\"center\" width=\"126\">\n<p align=\"center\">MPA<\/p>\n<\/td>\n<td valign=\"center\" width=\"283\">\n<p align=\"center\">130~170<\/p>\n<\/td>\n<td valign=\"center\" width=\"10\">\n<p>\u00a0<\/p>\n<\/td>\n<\/tr>\n<tr>\n<td valign=\"center\" width=\"205\">\n<p>Forza di taglio<\/p>\n<\/td>\n<td valign=\"center\" width=\"126\">\n<p align=\"center\">MPA<\/p>\n<\/td>\n<td valign=\"center\" width=\"283\">\n<p align=\"center\">50~60<\/p>\n<\/td>\n<td valign=\"center\" width=\"10\">\n<p>\u00a0<\/p>\n<\/td>\n<\/tr>\n<tr>\n<td valign=\"center\" width=\"205\">\n<p>Forza di taglio interlaminale<\/p>\n<\/td>\n<td valign=\"center\" width=\"126\">\n<p align=\"center\">MPA<\/p>\n<\/td>\n<td valign=\"center\" width=\"283\">\n<p align=\"center\">\u226513<\/p>\n<\/td>\n<td valign=\"center\" width=\"10\">\n<p>\u00a0<\/p>\n<\/td>\n<\/tr>\n<tr>\n<td valign=\"center\" width=\"205\">\n<p>Resistivit\u00e0 elettrica<\/p>\n<\/td>\n<td valign=\"center\" width=\"126\">\n<p align=\"center\">\u03a9.mm2\/m<\/p>\n<\/td>\n<td valign=\"center\" width=\"283\">\n<p align=\"center\">30~43<\/p>\n<\/td>\n<td valign=\"center\" width=\"10\">\n<p>\u00a0<\/p>\n<\/td>\n<\/tr>\n<tr>\n<td valign=\"center\" width=\"205\">\n<p>Coefficiente di espansione termica<\/p>\n<\/td>\n<td valign=\"center\" width=\"126\">\n<p align=\"center\">106\/K<\/p>\n<\/td>\n<td valign=\"center\" width=\"283\">\n<p align=\"center\">0.3~1.2<\/p>\n<\/td>\n<td valign=\"center\" width=\"10\">\n<p>\u00a0<\/p>\n<\/td>\n<\/tr>\n<tr>\n<td valign=\"center\" width=\"205\">\n<p>Temperatura di elaborazione<\/p>\n<\/td>\n<td valign=\"center\" width=\"126\">\n<p align=\"center\">\u2103<\/p>\n<\/td>\n<td valign=\"center\" width=\"283\">\n<p align=\"center\">\u22652400\u2103<\/p>\n<\/td>\n<td valign=\"center\" width=\"10\">\n<p>\u00a0<\/p>\n<\/td>\n<\/tr>\n<tr>\n<td colspan=\"3\" rowspan=\"2\" valign=\"center\" width=\"615\">\n<p>Qualit\u00e0 militare, deposizione di vapore chimico completo Deposizione fornace, in fibra di carbonio Toray importato T700 Ago 3D Preparato a maglia<br \/>Specifiche del materiale: diametro esterno massimo 2000 mm, spessore della parete 8-25 mm, altezza 1600 mm<\/p>\n<\/td>\n<td valign=\"center\">\n<p>\u00a0<\/p>\n<\/td>\n<\/tr>\n<tr>\n<td valign=\"center\">\u00a0<\/td>\n<\/tr>\n<\/tbody>\n<\/table><\/div>\n<\/p><\/div>\n<\/p><\/div>\n<\/p><\/div>\n<\/p><\/div>\n<\/p><\/div>\n<div class=\"fl-col-group fl-node-67209520942d3\" data-node=\"67209520942d3\">\n<div class=\"fl-col fl-node-6720952094317 fl-col-small\" data-node=\"6720952094317\" style=\"width: 50%;\">\n<div class=\"fl-col-content fl-node-content\">\n<div class=\"fl-module fl-module-rich-text fl-node-6720952094207\" data-animation-delay=\"0.0\" data-node=\"6720952094207\">\n<div class=\"fl-module-content fl-node-content\">\n<div class=\"fl-rich-text\">\n<p>Pu\u00f2 essere ampiamente utilizzato nell'ambiente ad alta temperatura di varie struttura, riscaldatore e nave. Rispetto ai tradizionali materiali ingegneristici, il composito di carbonio carbonio ha i seguenti vantaggi:<\/p>\n<p>1) Alta resistenza<\/p>\n<p>2) alta temperatura fino a 2000\u2103<\/p>\n<p>3) Resistenza agli shock termici<\/p>\n<p>4) basso coefficiente di espansione termica<\/p>\n<p>5) piccola capacit\u00e0 termica<\/p>\n<p>6) Eccellente resistenza alla corrosione e resistenza alle radiazioni<\/p>\n<\/p><\/div>\n<\/p><\/div>\n<\/p><\/div>\n<\/p><\/div>\n<\/p><\/div>\n<div class=\"fl-col fl-node-672095209435b fl-col-small\" data-node=\"672095209435b\" style=\"width: 50%;\">\n<div class=\"fl-col-content fl-node-content\">\n<div class=\"fl-module fl-module-photo fl-node-672095431f244\" data-animation-delay=\"0.0\" data-node=\"672095431f244\">\n<div class=\"fl-module-content fl-node-content\">\n<div class=\"fl-photo fl-photo-align-center\" itemscope=\"\" itemtype=\"http:\/\/schema.org\/ImageObject\">\n<div class=\"fl-photo-content fl-photo-img-png\"> <img decoding=\"async\" alt=\"Reinforced carbon-carbon composite-2\" class=\"fl-photo-img wp-image-11435\" itemprop=\"image\" src=\"\/wp-content\/uploads\/2025\/09\/e936e19ebf6a864d.webp\"> <\/img><\/div>\n<\/p><\/div>\n<\/p><\/div>\n<\/p><\/div>\n<\/p><\/div>\n<\/p><\/div>\n<\/p><\/div>\n<div class=\"fl-col-group fl-node-672095209439e\" data-node=\"672095209439e\">\n<div class=\"fl-col fl-node-67209520943e1 fl-col-small\" data-node=\"67209520943e1\" style=\"width: 50%;\">\n<div class=\"fl-col-content fl-node-content\">\n<div class=\"fl-module fl-module-photo fl-node-6720959099167\" data-animation-delay=\"0.0\" data-node=\"6720959099167\">\n<div class=\"fl-module-content fl-node-content\">\n<div class=\"fl-photo fl-photo-align-center\" itemscope=\"\" itemtype=\"http:\/\/schema.org\/ImageObject\">\n<div class=\"fl-photo-content fl-photo-img-png\"> <img decoding=\"async\" alt=\"carbon fiber felt\" class=\"fl-photo-img wp-image-11438\" itemprop=\"image\" src=\"\/wp-content\/uploads\/2025\/09\/d616aa32b6090b54.webp\"> <\/img><\/div>\n<\/p><\/div>\n<\/p><\/div>\n<\/p><\/div>\n<\/p><\/div>\n<\/p><\/div>\n<div class=\"fl-col fl-node-67209578c5385 fl-col-small\" data-node=\"67209578c5385\" style=\"width: 50%;\">\n<div class=\"fl-col-content fl-node-content\">\n<div class=\"fl-module fl-module-rich-text fl-node-672095209424b\" data-animation-delay=\"0.0\" data-node=\"672095209424b\">\n<div class=\"fl-module-content fl-node-content\">\n<div class=\"fl-rich-text\">\n<p><b>Applicazione:<\/b><br \/>1. Aerospace. A causa del materiale composito ha una buona stabilit\u00e0 termica, elevata resistenza e rigidit\u00e0 specifica. Pu\u00f2 essere utilizzato per la produzione di freni aeronautici, ala e fusoliera, antenna satellitare e una struttura di supporto, ala solare e guscio, guscio di razzo portante di grandi dimensioni, guscio del motore, ecc.<\/p>\n<p>2. L'industria automobilistica.<\/p>\n<p>3. Il campo medico.<\/p>\n<p>4. Isulazione termica<\/p>\n<p>5. Unit\u00e0 di riscaldamento<\/p>\n<p>6. Ray-isolante<\/p>\n<\/p><\/div>\n<\/p><\/div>\n<\/p><\/div>\n<\/p><\/div>\n<\/p><\/div>\n<\/p><\/div>\n<\/p><\/div>\n<\/p><\/div>\n<\/p><\/div>\n<div class=\"fl-row fl-row-full-width fl-row-bg-none fl-node-6720952f38efc\" data-node=\"6720952f38efc\">\n<div class=\"fl-row-content-wrap\">\n<div class=\"fl-row-content fl-row-full-width fl-node-content\">\n<div class=\"fl-col-group fl-node-6720952f38f3f\" data-node=\"6720952f38f3f\">\n<div class=\"fl-col fl-node-6720952f38f7f\" data-node=\"6720952f38f7f\" style=\"width: 100%;\">\n<div class=\"fl-col-content fl-node-content\">\n<div class=\"fl-module fl-module-photo fl-node-6720952f38fbf\" data-animation-delay=\"0.0\" data-node=\"6720952f38fbf\">\n<div class=\"fl-module-content fl-node-content\">\n<div class=\"fl-photo fl-photo-align-center\" itemscope=\"\" itemtype=\"http:\/\/schema.org\/ImageObject\">\n<div class=\"fl-photo-content fl-photo-img-jpg\"> <img decoding=\"async\" alt=\"Luogo di lavoro semicera\" class=\"fl-photo-img wp-image-9038\" itemprop=\"image\" src=\"\/wp-content\/uploads\/2025\/09\/b1dd0bcab1675ff4.webp\"> <\/img><\/div>\n<\/p><\/div>\n<\/p><\/div>\n<\/p><\/div>\n<div class=\"fl-module fl-module-photo fl-node-6720952f390fb\" data-animation-delay=\"0.0\" data-node=\"6720952f390fb\">\n<div class=\"fl-module-content fl-node-content\">\n<div class=\"fl-photo fl-photo-align-center\" itemscope=\"\" itemtype=\"http:\/\/schema.org\/ImageObject\">\n<div class=\"fl-photo-content fl-photo-img-jpg\"> <img decoding=\"async\" alt=\"Semicera lavoro posto 2\" class=\"fl-photo-img wp-image-9037\" itemprop=\"image\" src=\"\/wp-content\/uploads\/2025\/09\/2b946d2b4b61306d.webp\"> <\/img><\/div>\n<\/p><\/div>\n<\/p><\/div>\n<\/p><\/div>\n<div class=\"fl-module fl-module-photo fl-node-6720952f390bc\" data-animation-delay=\"0.0\" data-node=\"6720952f390bc\">\n<div class=\"fl-module-content fl-node-content\">\n<div class=\"fl-photo fl-photo-align-center\" itemscope=\"\" itemtype=\"http:\/\/schema.org\/ImageObject\">\n<div class=\"fl-photo-content fl-photo-img-jpg\"> <img decoding=\"async\" alt=\"Macchina per attrezzature\" class=\"fl-photo-img wp-image-9034 size-full\" itemprop=\"image\" src=\"\/wp-content\/uploads\/2025\/09\/081b6529d68ead23.webp\"> <\/img><\/div>\n<\/p><\/div>\n<\/p><\/div>\n<\/p><\/div>\n<div class=\"fl-module fl-module-photo fl-node-6720952f3907d\" data-animation-delay=\"0.0\" data-node=\"6720952f3907d\">\n<div class=\"fl-module-content fl-node-content\">\n<div class=\"fl-photo fl-photo-align-center\" itemscope=\"\" itemtype=\"http:\/\/schema.org\/ImageObject\">\n<div class=\"fl-photo-content fl-photo-img-jpg\"> <img decoding=\"async\" alt=\"Elaborazione della CNN, pulizia chimica, rivestimento CVD\" class=\"fl-photo-img wp-image-9033\" itemprop=\"image\" src=\"\/wp-content\/uploads\/2025\/09\/a4132b2b399abbac.webp\"> <\/img><\/div>\n<\/p><\/div>\n<\/p><\/div>\n<\/p><\/div>\n<div class=\"fl-module fl-module-photo fl-node-6720952f3903d\" data-animation-delay=\"0.0\" data-node=\"6720952f3903d\">\n<div class=\"fl-module-content fl-node-content\">\n<div class=\"fl-photo fl-photo-align-center\" itemscope=\"\" itemtype=\"http:\/\/schema.org\/ImageObject\">\n<div class=\"fl-photo-content fl-photo-img-jpg\"> <img decoding=\"async\" alt=\"Semicera ware house\" class=\"fl-photo-img wp-image-9036\" itemprop=\"image\" src=\"\/wp-content\/uploads\/2025\/09\/2190bb9ce5c1d546.webp\"> <\/img><\/div>\n<\/p><\/div>\n<\/p><\/div>\n<\/p><\/div>\n<div class=\"fl-module fl-module-photo fl-node-6720952f38ffe\" data-animation-delay=\"0.0\" data-node=\"6720952f38ffe\">\n<div class=\"fl-module-content fl-node-content\">\n<div class=\"fl-photo fl-photo-align-center\" itemscope=\"\" itemtype=\"http:\/\/schema.org\/ImageObject\">\n<div class=\"fl-photo-content fl-photo-img-jpg\"> <img decoding=\"async\" alt=\"Il nostro servizio\" class=\"fl-photo-img wp-image-9035\" itemprop=\"image\" src=\"\/wp-content\/uploads\/2025\/09\/b07f222c0ec0ab8d.webp\"> <\/img><\/div>\n<\/p><\/div>\n<\/p><\/div>\n<\/p><\/div>\n<\/p><\/div>\n<\/p><\/div>\n<\/p><\/div>\n<\/p><\/div>\n<\/p><\/div>\n<\/p><\/div>\n<\/div>","protected":false},"excerpt":{"rendered":"<p>Reinforced C\/C Composites This advanced composite material has strength and versatility. Reinforced C\/C composites are designed to improve performance in a variety of industrial applications and unleash the power of innovation. Every component of Semicera has superior quality and unparalleled durability that you can trust. We look forward to being your long-term partner in China.<\/p>","protected":false},"featured_media":534,"comment_status":"closed","ping_status":"open","template":"","meta":[],"product_brand":[],"product_cat":[20,19],"product_tag":[],"class_list":{"0":"post-1329","1":"product","2":"type-product","3":"status-publish","4":"has-post-thumbnail","6":"product_cat-other-quartz-parts","7":"product_cat-quartz","9":"first","10":"instock","11":"product-type-simple"},"_links":{"self":[{"href":"https:\/\/www.cn-semiconductorparts.com\/it\/wp-json\/wp\/v2\/product\/1329","targetHints":{"allow":["GET"]}}],"collection":[{"href":"https:\/\/www.cn-semiconductorparts.com\/it\/wp-json\/wp\/v2\/product"}],"about":[{"href":"https:\/\/www.cn-semiconductorparts.com\/it\/wp-json\/wp\/v2\/types\/product"}],"replies":[{"embeddable":true,"href":"https:\/\/www.cn-semiconductorparts.com\/it\/wp-json\/wp\/v2\/comments?post=1329"}],"wp:featuredmedia":[{"embeddable":true,"href":"https:\/\/www.cn-semiconductorparts.com\/it\/wp-json\/wp\/v2\/media\/534"}],"wp:attachment":[{"href":"https:\/\/www.cn-semiconductorparts.com\/it\/wp-json\/wp\/v2\/media?parent=1329"}],"wp:term":[{"taxonomy":"product_brand","embeddable":true,"href":"https:\/\/www.cn-semiconductorparts.com\/it\/wp-json\/wp\/v2\/product_brand?post=1329"},{"taxonomy":"product_cat","embeddable":true,"href":"https:\/\/www.cn-semiconductorparts.com\/it\/wp-json\/wp\/v2\/product_cat?post=1329"},{"taxonomy":"product_tag","embeddable":true,"href":"https:\/\/www.cn-semiconductorparts.com\/it\/wp-json\/wp\/v2\/product_tag?post=1329"}],"curies":[{"name":"WP","href":"https:\/\/api.w.org\/{rel}","templated":true}]}}