{"id":1343,"date":"2025-09-11T05:28:33","date_gmt":"2025-09-11T05:28:33","guid":{"rendered":"https:\/\/weitai2.globaldeepsea.site\/product\/sin-plates\/"},"modified":"2025-09-24T16:03:58","modified_gmt":"2025-09-24T08:03:58","slug":"sin-plates","status":"publish","type":"product","link":"https:\/\/www.cn-semiconductorparts.com\/it\/product\/sin-plates\/","title":{"rendered":"Piatti peccati"},"content":{"rendered":"<p><?xml encoding=\"utf-8\" ?><\/p>\n<div class=\"fl-builder-content fl-builder-content-11224 fl-builder-content-primary fl-builder-global-templates-locked\" data-post-id=\"11224\">\n<div class=\"fl-row fl-row-full-width fl-row-bg-none fl-node-670ddb2e279d0\" data-node=\"670ddb2e279d0\">\n<div class=\"fl-row-content-wrap\">\n<div class=\"fl-row-content fl-row-full-width fl-node-content\">\n<div class=\"fl-col-group fl-node-670ddb2e28bf0\" data-node=\"670ddb2e28bf0\">\n<div class=\"fl-col fl-node-670ddb2e28d92\" data-node=\"670ddb2e28d92\" style=\"width: 100%;\">\n<div class=\"fl-col-content fl-node-content\">\n<div class=\"fl-module fl-module-rich-text fl-node-670ddb2e277d1\" data-animation-delay=\"0.0\" data-node=\"670ddb2e277d1\">\n<div class=\"fl-module-content fl-node-content\">\n<div class=\"fl-rich-text\">\n<p><span style=\"font-family: arial, helvetica, sans-serif; font-size: medium;\">SiN Plates, also known as silicon nitride plates, are renowned for their exceptional mechanical and thermal properties, making them ideal for a variety of high-performance applications. As a trusted manufacturer of advanced ceramic components, Semicera offers premium-quality SiN Plates that meet the needs of industries requiring durable, heat-resistant, and high-strength materials.<\/span><\/p>\n<p><strong><span style=\"font-family: arial, helvetica, sans-serif; font-size: medium;\">Properties and Applications of SiN Plates<\/span><\/strong><br \/><span style=\"font-family: arial, helvetica, sans-serif; font-size: medium;\">SiN Plates are characterized by their excellent resistance to thermal shock, mechanical strength, and high wear resistance. These qualities make them ideal for industries such as electronics, automotive, and energy where materials must perform under high-temperature and high-stress conditions. Whether used as SiN Substrates in semiconductors or Ceramic Insulating Heat Dissipation Substrates in electronic devices, SiN Plates are reliable and versatile.<\/span><\/p>\n<p><span style=\"font-family: arial, helvetica, sans-serif; font-size: medium;\">Nell'industria del veicolo elettrico (EV), le piastre EV Sin sono cruciali per le applicazioni che richiedono dissipazione e isolamento del calore. La loro eccellente conduttivit\u00e0 termica e propriet\u00e0 isolanti li rendono la scelta perfetta per i sistemi elettronici di potenza nei veicoli elettrici. Le piastre in ceramica Sin di Semicira si distinguono per la loro capacit\u00e0 di soddisfare le rigorose esigenze della moderna tecnologia automobilistica.<\/span><\/p>\n<p><strong><span style=\"font-family: arial, helvetica, sans-serif; font-size: medium;\">Versatility of SiN Ceramic Plates<\/span><\/strong><br \/><span style=\"font-family: arial, helvetica, sans-serif; font-size: medium;\">La gamma di applicazioni per le piastre del peccato si estende oltre i semiconduttori e la tecnologia EV. Queste piastre sono utilizzate anche in settori che richiedono substrati ceramici ad alte prestazioni. Ad esempio, i substrati SIN forniscono una piattaforma robusta per i circuiti integrati, garantendo stabilit\u00e0 e affidabilit\u00e0 nei dispositivi elettronici. Allo stesso modo, le piastre ceramiche di nitruro di silicio sono ampiamente utilizzate nei macchinari e nell'aerospaziale, dove la forza e la durata sono essenziali.<\/span><\/p>\n<p><span style=\"font-family: arial, helvetica, sans-serif; font-size: medium;\">Inoltre, le piastre del peccato sono un'opzione eccellente per le aziende che cercano substrati di nitruro di silicio superiori in ambienti ad alta temperatura. Queste piastre di ceramica non sono solo leggere ma anche resistenti alla corrosione, rendendole adatte per ambienti impegnativi come l'elaborazione chimica e la produzione automobilistica.<\/span><\/p>\n<p><strong><span style=\"font-family: arial, helvetica, sans-serif; font-size: medium;\">Perch\u00e9 scegliere Semicera?<\/span><\/strong><br \/><span style=\"font-family: arial, helvetica, sans-serif; font-size: medium;\">Semicera \u00e8 dedicata alla produzione di piastre peccate di alta qualit\u00e0 che soddisfano i pi\u00f9 alti standard del settore. Con un focus sull'innovazione e sulla soddisfazione del cliente, Semicera garantisce che le sue piastre in ceramica Sin offrano prestazioni superiori in una vasta gamma di applicazioni. Dai substrati di nitruro di silicio ai substrati di dissipazione del calore isolanti in ceramica, Semicera fornisce le industrie affidabili e ad alte prestazioni devono rimanere competitive.<\/span><\/p>\n<p>&nbsp;<\/p>\n<p><span style=\"font-family: arial, helvetica, sans-serif; font-size: medium;\">Con le loro eccellenti propriet\u00e0 termiche e meccaniche, le piastre del peccato svolgono un ruolo critico in numerose applicazioni avanzate. Sia per i substrati Sin in elettronica, le piastre di ceramica a nitruro di silicio nei macchinari o i substrati di dissipazione del calore in ceramica nei veicoli elettrici, le soluzioni Sin di Semicera forniscono l'affidabilit\u00e0 e le prestazioni che le industrie moderne richiedono. Investire nei prodotti in ceramica Sin di Semicera garantisce durata, efficienza e successo in vari settori.<\/span><\/p>\n<\/p><\/div>\n<\/p><\/div>\n<\/p><\/div>\n<\/p><\/div>\n<\/p><\/div>\n<\/p><\/div>\n<div class=\"fl-col-group fl-node-670ddc7d643c2\" data-node=\"670ddc7d643c2\">\n<div class=\"fl-col fl-node-670ddc97c4f6f fl-col-small\" data-node=\"670ddc97c4f6f\" style=\"width: 50%;\">\n<div class=\"fl-col-content fl-node-content\">\n<div class=\"fl-module fl-module-photo fl-node-670ddc7d64257\" data-animation-delay=\"0.0\" data-node=\"670ddc7d64257\">\n<div class=\"fl-module-content fl-node-content\">\n<div class=\"fl-photo fl-photo-align-center\" itemscope=\"\" itemtype=\"http:\/\/schema.org\/ImageObject\">\n<div class=\"fl-photo-content fl-photo-img-png\"> <img decoding=\"async\" alt=\"Piatti peccati\" class=\"fl-photo-img wp-image-11225\" itemprop=\"image\" src=\"\/wp-content\/uploads\/2025\/09\/418970cb6dfc8664.webp\"> <\/div>\n<\/p><\/div>\n<\/p><\/div>\n<\/p><\/div>\n<\/p><\/div>\n<\/p><\/div>\n<div class=\"fl-col fl-node-670ddc7d645c1 fl-col-small\" data-node=\"670ddc7d645c1\" style=\"width: 50%;\">\n<div class=\"fl-col-content fl-node-content\">\n<div class=\"fl-module fl-module-photo fl-node-670ddc944bfb3\" data-animation-delay=\"0.0\" data-node=\"670ddc944bfb3\">\n<div class=\"fl-module-content fl-node-content\">\n<div class=\"fl-photo fl-photo-align-center\" itemscope=\"\" itemtype=\"http:\/\/schema.org\/ImageObject\">\n<div class=\"fl-photo-content fl-photo-img-png\"> <img decoding=\"async\" alt=\"SUBSTRATI SIN-2\" class=\"fl-photo-img wp-image-11227\" itemprop=\"image\" src=\"\/wp-content\/uploads\/2025\/09\/00ce23de10e468b0.webp\"> <\/div>\n<\/p><\/div>\n<\/p><\/div>\n<\/p><\/div>\n<\/p><\/div>\n<\/p><\/div>\n<\/p><\/div>\n<\/p><\/div>\n<\/p><\/div>\n<\/p><\/div>\n<div class=\"fl-row fl-row-full-width fl-row-bg-none fl-node-670ddc72da454\" data-node=\"670ddc72da454\">\n<div class=\"fl-row-content-wrap\">\n<div class=\"fl-row-content fl-row-full-width fl-node-content\">\n<div class=\"fl-col-group fl-node-670ddc72da499\" data-node=\"670ddc72da499\">\n<div class=\"fl-col fl-node-670ddc72da4db\" data-node=\"670ddc72da4db\" style=\"width: 100%;\">\n<div class=\"fl-col-content fl-node-content\">\n<div class=\"fl-module fl-module-photo fl-node-670ddc72da51d\" data-animation-delay=\"0.0\" data-node=\"670ddc72da51d\">\n<div class=\"fl-module-content fl-node-content\">\n<div class=\"fl-photo fl-photo-align-center\" itemscope=\"\" itemtype=\"http:\/\/schema.org\/ImageObject\">\n<div class=\"fl-photo-content fl-photo-img-jpg\"> <img decoding=\"async\" alt=\"Luogo di lavoro semicera\" class=\"fl-photo-img wp-image-9038\" itemprop=\"image\" src=\"\/wp-content\/uploads\/2025\/09\/b1dd0bcab1675ff4.webp\"> <\/div>\n<\/p><\/div>\n<\/p><\/div>\n<\/p><\/div>\n<div class=\"fl-module fl-module-photo fl-node-670ddc72da667\" data-animation-delay=\"0.0\" data-node=\"670ddc72da667\">\n<div class=\"fl-module-content fl-node-content\">\n<div class=\"fl-photo fl-photo-align-center\" itemscope=\"\" itemtype=\"http:\/\/schema.org\/ImageObject\">\n<div class=\"fl-photo-content fl-photo-img-jpg\"> <img decoding=\"async\" alt=\"Semicera lavoro posto 2\" class=\"fl-photo-img wp-image-9037\" itemprop=\"image\" src=\"\/wp-content\/uploads\/2025\/09\/2b946d2b4b61306d.webp\"> <\/div>\n<\/p><\/div>\n<\/p><\/div>\n<\/p><\/div>\n<div class=\"fl-module fl-module-photo fl-node-670ddc72da625\" data-animation-delay=\"0.0\" data-node=\"670ddc72da625\">\n<div class=\"fl-module-content fl-node-content\">\n<div class=\"fl-photo fl-photo-align-center\" itemscope=\"\" itemtype=\"http:\/\/schema.org\/ImageObject\">\n<div class=\"fl-photo-content fl-photo-img-jpg\"> <img decoding=\"async\" alt=\"Macchina per attrezzature\" class=\"fl-photo-img wp-image-9034 size-full\" itemprop=\"image\" src=\"\/wp-content\/uploads\/2025\/09\/081b6529d68ead23.webp\"> <\/div>\n<\/p><\/div>\n<\/p><\/div>\n<\/p><\/div>\n<div class=\"fl-module fl-module-photo fl-node-670ddc72da5e3\" data-animation-delay=\"0.0\" data-node=\"670ddc72da5e3\">\n<div class=\"fl-module-content fl-node-content\">\n<div class=\"fl-photo fl-photo-align-center\" itemscope=\"\" itemtype=\"http:\/\/schema.org\/ImageObject\">\n<div class=\"fl-photo-content fl-photo-img-jpg\"> <img decoding=\"async\" alt=\"Elaborazione della CNN, pulizia chimica, rivestimento CVD\" class=\"fl-photo-img wp-image-9033\" itemprop=\"image\" src=\"\/wp-content\/uploads\/2025\/09\/a4132b2b399abbac.webp\"> <\/div>\n<\/p><\/div>\n<\/p><\/div>\n<\/p><\/div>\n<div class=\"fl-module fl-module-photo fl-node-670ddc72da5a2\" data-animation-delay=\"0.0\" data-node=\"670ddc72da5a2\">\n<div class=\"fl-module-content fl-node-content\">\n<div class=\"fl-photo fl-photo-align-center\" itemscope=\"\" itemtype=\"http:\/\/schema.org\/ImageObject\">\n<div class=\"fl-photo-content fl-photo-img-jpg\"> <img decoding=\"async\" alt=\"Semicera ware house\" class=\"fl-photo-img wp-image-9036\" itemprop=\"image\" src=\"\/wp-content\/uploads\/2025\/09\/2190bb9ce5c1d546.webp\"> <\/div>\n<\/p><\/div>\n<\/p><\/div>\n<\/p><\/div>\n<div class=\"fl-module fl-module-photo fl-node-670ddc72da55f\" data-animation-delay=\"0.0\" data-node=\"670ddc72da55f\">\n<div class=\"fl-module-content fl-node-content\">\n<div class=\"fl-photo fl-photo-align-center\" itemscope=\"\" itemtype=\"http:\/\/schema.org\/ImageObject\">\n<div class=\"fl-photo-content fl-photo-img-jpg\"> <img decoding=\"async\" alt=\"Il nostro servizio\" class=\"fl-photo-img wp-image-9035\" itemprop=\"image\" src=\"\/wp-content\/uploads\/2025\/09\/b07f222c0ec0ab8d.webp\"> <\/div>\n<\/p><\/div>\n<\/p><\/div>\n<\/p><\/div>\n<\/p><\/div>\n<\/p><\/div>\n<\/p><\/div>\n<\/p><\/div>\n<\/p><\/div>\n<\/p><\/div>\n<\/div>","protected":false},"excerpt":{"rendered":"<p><?xml encoding=\"utf-8\" ?><\/p>\n<p>SiN plates from Semicera are cutting-edge ceramic materials known for their superior strength, thermal stability and wear and corrosion resistance. With Semicera&rsquo;s SiN plates, customers benefit from advanced technology and reliable performance, ensuring long-lasting, high-quality results in a variety of industrial applications. We look forward to being your long-term partner in China.<\/p>","protected":false},"featured_media":1245,"comment_status":"closed","ping_status":"open","template":"","meta":[],"product_brand":[],"product_cat":[20,19],"product_tag":[],"class_list":{"0":"post-1343","1":"product","2":"type-product","3":"status-publish","4":"has-post-thumbnail","6":"product_cat-other-quartz-parts","7":"product_cat-quartz","9":"first","10":"instock","11":"product-type-simple"},"_links":{"self":[{"href":"https:\/\/www.cn-semiconductorparts.com\/it\/wp-json\/wp\/v2\/product\/1343","targetHints":{"allow":["GET"]}}],"collection":[{"href":"https:\/\/www.cn-semiconductorparts.com\/it\/wp-json\/wp\/v2\/product"}],"about":[{"href":"https:\/\/www.cn-semiconductorparts.com\/it\/wp-json\/wp\/v2\/types\/product"}],"replies":[{"embeddable":true,"href":"https:\/\/www.cn-semiconductorparts.com\/it\/wp-json\/wp\/v2\/comments?post=1343"}],"wp:featuredmedia":[{"embeddable":true,"href":"https:\/\/www.cn-semiconductorparts.com\/it\/wp-json\/wp\/v2\/media\/1245"}],"wp:attachment":[{"href":"https:\/\/www.cn-semiconductorparts.com\/it\/wp-json\/wp\/v2\/media?parent=1343"}],"wp:term":[{"taxonomy":"product_brand","embeddable":true,"href":"https:\/\/www.cn-semiconductorparts.com\/it\/wp-json\/wp\/v2\/product_brand?post=1343"},{"taxonomy":"product_cat","embeddable":true,"href":"https:\/\/www.cn-semiconductorparts.com\/it\/wp-json\/wp\/v2\/product_cat?post=1343"},{"taxonomy":"product_tag","embeddable":true,"href":"https:\/\/www.cn-semiconductorparts.com\/it\/wp-json\/wp\/v2\/product_tag?post=1343"}],"curies":[{"name":"WP","href":"https:\/\/api.w.org\/{rel}","templated":true}]}}