{"id":1377,"date":"2025-09-11T05:28:46","date_gmt":"2025-09-11T05:28:46","guid":{"rendered":"https:\/\/weitai2.globaldeepsea.site\/product\/custom-quartz-protection-tube\/"},"modified":"2025-09-24T16:03:56","modified_gmt":"2025-09-24T08:03:56","slug":"custom-quartz-protection-tube","status":"publish","type":"product","link":"https:\/\/www.cn-semiconductorparts.com\/it\/product\/custom-quartz-protection-tube\/","title":{"rendered":"Tubo di protezione del quarzo personalizzato"},"content":{"rendered":"<p><?xml encoding=\"utf-8\" ?><\/p>\n<div class=\"fl-builder-content fl-builder-content-10774 fl-builder-content-primary fl-builder-global-templates-locked\" data-post-id=\"10774\">\n<div class=\"fl-row fl-row-full-width fl-row-bg-none fl-node-66e53ff79aaeb\" data-node=\"66e53ff79aaeb\">\n<div class=\"fl-row-content-wrap\">\n<div class=\"fl-row-content fl-row-full-width fl-node-content\">\n<div class=\"fl-col-group fl-node-66e53ff79ab30\" data-node=\"66e53ff79ab30\">\n<div class=\"fl-col fl-node-66e53ff79ab74\" data-node=\"66e53ff79ab74\" style=\"width: 100%;\">\n<div class=\"fl-col-content fl-node-content\">\n<div class=\"fl-module fl-module-rich-text fl-node-66e53ff79abf6\" data-animation-delay=\"0.0\" data-node=\"66e53ff79abf6\">\n<div class=\"fl-module-content fl-node-content\">\n<div class=\"fl-rich-text\">\n<p><span style=\"font-family: arial, helvetica, sans-serif; font-size: medium;\">Introducing the Custom Quartz Protection Tube by semicera, a precision-engineered solution designed to meet the demanding needs of semiconductor manufacturing and high-temperature processes. Semicera specializes in producing high-quality quartz furnace tubes that offer exceptional thermal stability and durability, ensuring optimal performance in critical applications such as CVD processes. These protection tubes are crafted from semiconductor-grade quartz, providing excellent resistance to high temperatures and chemical corrosion.<\/span><\/p>\n<p><span style=\"font-family: arial, helvetica, sans-serif; font-size: medium;\">Our Custom Quartz Protection Tube is specifically designed for use in Quartz boats for CVD processes, where precision and reliability are key. The high-purity quartz material ensures minimal contamination during sensitive manufacturing processes. Additionally, the tube&#8217;s robust construction makes it ideal for use in Quartz furnace tubes, providing enhanced protection and longevity in high-temperature environments.<\/span><\/p>\n<p><span style=\"font-family: arial, helvetica, sans-serif; font-size: medium;\">Semicera&#8217;s commitment to quality and innovation means that each Quartz Protection Tube is tailored to meet your exact specifications. From semiconductor-grade quartz components to specialized custom designs, our products are engineered to withstand the most rigorous conditions, ensuring efficient and reliable operation in your production processes.<\/span><\/p>\n<p><span style=\"font-family: arial, helvetica, sans-serif; font-size: medium;\">Trust Semicera per soluzioni innovative nei componenti del quarzo. Dalle barche al quarzo per i processi CVD ai componenti del quarzo a semiconduttore, il nostro tubo di protezione al quarzo personalizzato \u00e8 una testimonianza del nostro impegno per la qualit\u00e0, l'affidabilit\u00e0 e la tecnologia all'avanguardia. Migliora i tuoi processi con le soluzioni di quarzo ingegnerizzate a precisione di Semicira.<\/span><\/p>\n<div id=\"gtx-trans\" style=\"position: absolute; left: -74px; top: -18px;\">&nbsp;<\/div>\n<\/p><\/div>\n<\/p><\/div>\n<\/p><\/div>\n<\/p><\/div>\n<\/p><\/div>\n<\/p><\/div>\n<div class=\"fl-col-group fl-node-66e53ff79ac39\" data-node=\"66e53ff79ac39\">\n<div class=\"fl-col fl-node-66e5402a24e07 fl-col-small\" data-node=\"66e5402a24e07\" style=\"width: 50%;\">\n<div class=\"fl-col-content fl-node-content\">\n<div class=\"fl-module fl-module-photo fl-node-66e540268d0be\" data-animation-delay=\"0.0\" data-node=\"66e540268d0be\">\n<div class=\"fl-module-content fl-node-content\">\n<div class=\"fl-photo fl-photo-align-center\" itemscope=\"\" itemtype=\"http:\/\/schema.org\/ImageObject\">\n<div class=\"fl-photo-content fl-photo-img-jpg\"> <img decoding=\"async\" alt=\"Tubi di protezione al quarzo\" class=\"fl-photo-img wp-image-10780\" itemprop=\"image\" src=\"\/wp-content\/uploads\/2025\/09\/fcd4d666728d017e.webp\"> <\/div>\n<\/p><\/div>\n<\/p><\/div>\n<\/p><\/div>\n<\/p><\/div>\n<\/p><\/div>\n<div class=\"fl-col fl-node-66e53ff79ac7a fl-col-small\" data-node=\"66e53ff79ac7a\" style=\"width: 50%;\">\n<div class=\"fl-col-content fl-node-content\">\n<div class=\"fl-module fl-module-photo fl-node-66e53ff79acbb\" data-animation-delay=\"0.0\" data-node=\"66e53ff79acbb\">\n<div class=\"fl-module-content fl-node-content\">\n<div class=\"fl-photo fl-photo-align-center\" itemscope=\"\" itemtype=\"http:\/\/schema.org\/ImageObject\">\n<div class=\"fl-photo-content fl-photo-img-jpg\"> <img decoding=\"async\" alt=\"Tubo di protezione del quarzo\" class=\"fl-photo-img wp-image-10779\" itemprop=\"image\" src=\"\/wp-content\/uploads\/2025\/09\/531cdc7a5fb779c0.webp\"> <\/div>\n<\/p><\/div>\n<\/p><\/div>\n<\/p><\/div>\n<\/p><\/div>\n<\/p><\/div>\n<\/p><\/div>\n<div class=\"fl-col-group fl-node-66e53ff79acfd\" data-node=\"66e53ff79acfd\">\n<div class=\"fl-col fl-node-66e53ff79ad3e\" data-node=\"66e53ff79ad3e\" style=\"width: 100%;\">\n<div class=\"fl-col-content fl-node-content\">\n<div class=\"fl-module fl-module-photo fl-node-66e53ff79ad7f\" data-animation-delay=\"0.0\" data-node=\"66e53ff79ad7f\">\n<div class=\"fl-module-content fl-node-content\">\n<div class=\"fl-photo fl-photo-align-center\" itemscope=\"\" itemtype=\"http:\/\/schema.org\/ImageObject\">\n<div class=\"fl-photo-content fl-photo-img-jpg\"> <img decoding=\"async\" alt=\"Luogo di lavoro semicera\" class=\"fl-photo-img wp-image-7142\" itemprop=\"image\" src=\"\/wp-content\/uploads\/2025\/09\/b1dd0bcab1675ff4.webp\"> <\/div>\n<\/p><\/div>\n<\/p><\/div>\n<\/p><\/div>\n<div class=\"fl-module fl-module-photo fl-node-66e53ff79adc0\" data-animation-delay=\"0.0\" data-node=\"66e53ff79adc0\">\n<div class=\"fl-module-content fl-node-content\">\n<div class=\"fl-photo fl-photo-align-center\" itemscope=\"\" itemtype=\"http:\/\/schema.org\/ImageObject\">\n<div class=\"fl-photo-content fl-photo-img-jpg\"> <img decoding=\"async\" alt=\"Semicera lavoro posto 2\" class=\"fl-photo-img wp-image-7141\" itemprop=\"image\" src=\"\/wp-content\/uploads\/2025\/09\/2b946d2b4b61306d.webp\"> <\/div>\n<\/p><\/div>\n<\/p><\/div>\n<\/p><\/div>\n<div class=\"fl-module fl-module-photo fl-node-66e53ff79ae84\" data-animation-delay=\"0.0\" data-node=\"66e53ff79ae84\">\n<div class=\"fl-module-content fl-node-content\">\n<div class=\"fl-photo fl-photo-align-center\" itemscope=\"\" itemtype=\"http:\/\/schema.org\/ImageObject\">\n<div class=\"fl-photo-content fl-photo-img-jpg\"> <img decoding=\"async\" alt=\"Macchina per attrezzature\" class=\"fl-photo-img wp-image-7138\" itemprop=\"image\" src=\"\/wp-content\/uploads\/2025\/09\/081b6529d68ead23.webp\"> <\/div>\n<\/p><\/div>\n<\/p><\/div>\n<\/p><\/div>\n<div class=\"fl-module fl-module-photo fl-node-66e53ff79ae43\" data-animation-delay=\"0.0\" data-node=\"66e53ff79ae43\">\n<div class=\"fl-module-content fl-node-content\">\n<div class=\"fl-photo fl-photo-align-center\" itemscope=\"\" itemtype=\"http:\/\/schema.org\/ImageObject\">\n<div class=\"fl-photo-content fl-photo-img-jpg\"> <img decoding=\"async\" alt=\"Elaborazione della CNN, pulizia chimica, rivestimento CVD\" class=\"fl-photo-img wp-image-7137\" itemprop=\"image\" src=\"\/wp-content\/uploads\/2025\/09\/a4132b2b399abbac.webp\"> <\/div>\n<\/p><\/div>\n<\/p><\/div>\n<\/p><\/div>\n<div class=\"fl-module fl-module-photo fl-node-66e53ff79ae02\" data-animation-delay=\"0.0\" data-node=\"66e53ff79ae02\">\n<div class=\"fl-module-content fl-node-content\">\n<div class=\"fl-photo fl-photo-align-center\" itemscope=\"\" itemtype=\"http:\/\/schema.org\/ImageObject\">\n<div class=\"fl-photo-content fl-photo-img-jpg\"> <img decoding=\"async\" alt=\"Semicera ware house\" class=\"fl-photo-img wp-image-7140\" itemprop=\"image\" src=\"\/wp-content\/uploads\/2025\/09\/2190bb9ce5c1d546.webp\"> <\/div>\n<\/p><\/div>\n<\/p><\/div>\n<\/p><\/div>\n<div class=\"fl-module fl-module-photo fl-node-66e53ff79aec5\" data-animation-delay=\"0.0\" data-node=\"66e53ff79aec5\">\n<div class=\"fl-module-content fl-node-content\">\n<div class=\"fl-photo fl-photo-align-center\" itemscope=\"\" itemtype=\"http:\/\/schema.org\/ImageObject\">\n<div class=\"fl-photo-content fl-photo-img-jpg\"> <img decoding=\"async\" alt=\"Il nostro servizio\" class=\"fl-photo-img wp-image-7139\" itemprop=\"image\" src=\"\/wp-content\/uploads\/2025\/09\/b07f222c0ec0ab8d.webp\"> <\/div>\n<\/p><\/div>\n<\/p><\/div>\n<\/p><\/div>\n<\/p><\/div>\n<\/p><\/div>\n<\/p><\/div>\n<\/p><\/div>\n<\/p><\/div>\n<\/p><\/div>\n<\/div>","protected":false},"excerpt":{"rendered":"<p><?xml encoding=\"utf-8\" ?><\/p>\n<p>Semicera presenta con orgoglio il tubo di protezione del quarzo personalizzato, meticolosamente realizzato per soddisfare gli standard rigorosi delle industrie moderne. Ideale per le barche al quarzo nei processi CVD e nei tubi del forno al quarzo, questo componente di quarzo di livello semiconduttore garantisce prestazioni e longevit\u00e0 eccezionali in ambienti esigenti.<\/p>","protected":false},"featured_media":507,"comment_status":"closed","ping_status":"open","template":"","meta":[],"product_brand":[],"product_cat":[16,18],"product_tag":[],"class_list":{"0":"post-1377","1":"product","2":"type-product","3":"status-publish","4":"has-post-thumbnail","6":"product_cat-cvd-sic","7":"product_cat-sic-epitaxial-parts","9":"first","10":"instock","11":"product-type-simple"},"_links":{"self":[{"href":"https:\/\/www.cn-semiconductorparts.com\/it\/wp-json\/wp\/v2\/product\/1377","targetHints":{"allow":["GET"]}}],"collection":[{"href":"https:\/\/www.cn-semiconductorparts.com\/it\/wp-json\/wp\/v2\/product"}],"about":[{"href":"https:\/\/www.cn-semiconductorparts.com\/it\/wp-json\/wp\/v2\/types\/product"}],"replies":[{"embeddable":true,"href":"https:\/\/www.cn-semiconductorparts.com\/it\/wp-json\/wp\/v2\/comments?post=1377"}],"wp:featuredmedia":[{"embeddable":true,"href":"https:\/\/www.cn-semiconductorparts.com\/it\/wp-json\/wp\/v2\/media\/507"}],"wp:attachment":[{"href":"https:\/\/www.cn-semiconductorparts.com\/it\/wp-json\/wp\/v2\/media?parent=1377"}],"wp:term":[{"taxonomy":"product_brand","embeddable":true,"href":"https:\/\/www.cn-semiconductorparts.com\/it\/wp-json\/wp\/v2\/product_brand?post=1377"},{"taxonomy":"product_cat","embeddable":true,"href":"https:\/\/www.cn-semiconductorparts.com\/it\/wp-json\/wp\/v2\/product_cat?post=1377"},{"taxonomy":"product_tag","embeddable":true,"href":"https:\/\/www.cn-semiconductorparts.com\/it\/wp-json\/wp\/v2\/product_tag?post=1377"}],"curies":[{"name":"WP","href":"https:\/\/api.w.org\/{rel}","templated":true}]}}