{"id":1394,"date":"2025-09-11T05:28:53","date_gmt":"2025-09-11T05:28:53","guid":{"rendered":"https:\/\/weitai2.globaldeepsea.site\/product\/porous-graphite-tube\/"},"modified":"2026-04-29T15:33:44","modified_gmt":"2026-04-29T07:33:44","slug":"porous-graphite-tube","status":"publish","type":"product","link":"https:\/\/www.cn-semiconductorparts.com\/it\/product\/porous-graphite-tube\/","title":{"rendered":"Tubo di grafite poroso"},"content":{"rendered":"<div class=\"fl-builder-content fl-builder-content-10314 fl-builder-content-primary fl-builder-global-templates-locked\" data-post-id=\"10314\">\n<div class=\"fl-row fl-row-full-width fl-row-bg-none fl-node-66c2ff115ed28\" data-node=\"66c2ff115ed28\">\n<div class=\"fl-row-content-wrap\">\n<div class=\"fl-row-content fl-row-full-width fl-node-content\">\n<div class=\"fl-col-group fl-node-66c2ff115fdb2\" data-node=\"66c2ff115fdb2\">\n<div class=\"fl-col fl-node-66c2ff115ff42\" data-node=\"66c2ff115ff42\" style=\"width: 100%;\">\n<div class=\"fl-col-content fl-node-content\">\n<div class=\"fl-module fl-module-rich-text fl-node-66c2ff115ebde\" data-animation-delay=\"0.0\" data-node=\"66c2ff115ebde\">\n<div class=\"fl-module-content fl-node-content\">\n<div class=\"fl-rich-text\">\n<p><span style=\"font-family: arial, helvetica, sans-serif; font-size: medium;\">Il tubo di grafite poroso di Semicira \u00e8 progettato per fornire conducibilit\u00e0 termica superiore, garantendo un trasferimento di calore efficiente in applicazioni ad alta temperatura. Ci\u00f2 lo rende una scelta eccellente per settori come la metallurgia, la lavorazione chimica e l'energia, dove la gestione del calore \u00e8 fondamentale per mantenere l'efficienza operativa.<\/span><\/p>\n<p><strong><span style=\"font-family: arial, helvetica, sans-serif; font-size: medium;\">Permeabilit\u00e0 al gas migliorata<\/span><\/strong><br \/><span style=\"font-family: arial, helvetica, sans-serif; font-size: medium;\">La struttura porosa del tubo di grafite poroso consente un'eccellente permeabilit\u00e0 al gas, rendendola ideale per applicazioni che richiedono flusso di gas controllato. Sia utilizzati nei sistemi di filtrazione, nelle configurazioni di diffusione del gas o come componente nelle celle a combustibile, questo tubo offre prestazioni affidabili con una distribuzione costante del gas.<\/span><\/p>\n<p><strong><span style=\"font-family: arial, helvetica, sans-serif; font-size: medium;\">Design robusto e resistente<\/span><\/strong><br \/><span style=\"font-family: arial, helvetica, sans-serif; font-size: medium;\">Progettato con la durata in mente, il tubo di grafite poroso semicera offre una resistenza eccezionale allo shock termico, all'ossidazione e alla corrosione chimica. La sua costruzione robusta garantisce affidabilit\u00e0 a lungo termine, anche in ambienti difficili in cui altri materiali potrebbero fallire. Questa durata riduce i costi di manutenzione e estende la durata della durata dell'attrezzatura in cui viene utilizzata.<\/span><\/p>\n<p><strong><span style=\"font-family: arial, helvetica, sans-serif; font-size: medium;\">Applicazioni versatili<\/span><\/strong><br \/><span style=\"font-family: arial, helvetica, sans-serif; font-size: medium;\">Il tubo di grafite poroso di semicera \u00e8 abbastanza versatile da essere utilizzato in una variet\u00e0 di processi industriali. La sua capacit\u00e0 di gestire temperature estreme, unita alla sua natura porosa, lo rende adatto a ruoli come elementi di riscaldamento, elettrodi e persino applicazioni specializzate nel settore dei semiconduttori. L'adattabilit\u00e0 del tubo a diverse condizioni lo rende uno strumento indispensabile in molte tecnologie avanzate.<\/span><\/p>\n<p><strong><span style=\"font-family: arial, helvetica, sans-serif; font-size: medium;\">Produzione di precisione<\/span><\/strong><br \/><span style=\"font-family: arial, helvetica, sans-serif; font-size: medium;\">Semicera si impegna a fornire prodotti che soddisfino i pi\u00f9 alti standard di qualit\u00e0. Il tubo di grafite poroso \u00e8 prodotto con precisione per garantire porosit\u00e0 uniforme e prestazioni coerenti in tutte le unit\u00e0. Questa attenzione ai dettagli garantisce che il tubo funzioni in modo ottimale, fornendo il supporto necessario per i tuoi processi industriali.<\/span><\/p>\n<p><strong><span style=\"font-family: arial, helvetica, sans-serif; font-size: medium;\">Soluzioni innovative per l'industria moderna<\/span><\/strong><br \/><span style=\"font-family: arial, helvetica, sans-serif; font-size: medium;\">Come leader nella scienza dei materiali, Semicera continua a innovare nello sviluppo di materiali ad alte prestazioni. Il tubo di grafite poroso rappresenta la nostra dedizione alla fornitura di soluzioni che migliorano l'efficienza e l'affidabilit\u00e0 nelle applicazioni industriali. Sfruttando le propriet\u00e0 uniche della grafite, offriamo prodotti che soddisfano le esigenze in evoluzione dell'industria moderna.<\/span><\/p>\n<\/p><\/div>\n<\/p><\/div>\n<\/p><\/div>\n<\/p><\/div>\n<\/p><\/div>\n<\/p><\/div>\n<div class=\"fl-col-group fl-node-66c2ff768aece\" data-node=\"66c2ff768aece\">\n<div class=\"fl-col fl-node-66c2ffb11b169 fl-col-small\" data-node=\"66c2ffb11b169\" style=\"width: 50%;\">\n<div class=\"fl-col-content fl-node-content\">\n<div class=\"fl-module fl-module-photo fl-node-66c2ff768ad93\" data-animation-delay=\"0.0\" data-node=\"66c2ff768ad93\">\n<div class=\"fl-module-content fl-node-content\">\n<div class=\"fl-photo fl-photo-align-center\" itemscope=\"\" itemtype=\"http:\/\/schema.org\/ImageObject\">\n<div class=\"fl-photo-content fl-photo-img-jpg\"> <img decoding=\"async\" alt=\"Tubo di grafite poroso (2)\" class=\"fl-photo-img wp-image-10320\" itemprop=\"image\" src=\"\/wp-content\/uploads\/2025\/09\/9426e70cf6301ccf.webp\"> <\/img><\/div>\n<\/p><\/div>\n<\/p><\/div>\n<\/p><\/div>\n<\/p><\/div>\n<\/p><\/div>\n<div class=\"fl-col fl-node-66c2ff768b04b fl-col-small\" data-node=\"66c2ff768b04b\" style=\"width: 50%;\">\n<div class=\"fl-col-content fl-node-content\">\n<div class=\"fl-module fl-module-photo fl-node-66c2ffae12e0d\" data-animation-delay=\"0.0\" data-node=\"66c2ffae12e0d\">\n<div class=\"fl-module-content fl-node-content\">\n<div class=\"fl-photo fl-photo-align-center\" itemscope=\"\" itemtype=\"http:\/\/schema.org\/ImageObject\">\n<div class=\"fl-photo-content fl-photo-img-jpg\"> <img decoding=\"async\" alt=\"Tubo di grafite poroso (3)\" class=\"fl-photo-img wp-image-10318\" itemprop=\"image\" src=\"\/wp-content\/uploads\/2025\/09\/2c346b5dd42f36c2.webp\"> <\/img><\/div>\n<\/p><\/div>\n<\/p><\/div>\n<\/p><\/div>\n<\/p><\/div>\n<\/p><\/div>\n<\/p><\/div>\n<\/p><\/div>\n<\/p><\/div>\n<\/p><\/div>\n<div class=\"fl-row fl-row-full-width fl-row-bg-none fl-node-66c2ffe4a4e65\" data-node=\"66c2ffe4a4e65\">\n<div class=\"fl-row-content-wrap\">\n<div class=\"fl-row-content fl-row-full-width fl-node-content\">\n<div class=\"fl-col-group fl-node-66c2ffe4a4ea7\" data-node=\"66c2ffe4a4ea7\">\n<div class=\"fl-col fl-node-66c2ffe4a4eec\" data-node=\"66c2ffe4a4eec\" style=\"width: 100%;\">\n<div class=\"fl-col-content fl-node-content\">\n<div class=\"fl-module fl-module-photo fl-node-66c2ffe4a4f2c\" data-animation-delay=\"0.0\" data-node=\"66c2ffe4a4f2c\">\n<div class=\"fl-module-content fl-node-content\">\n<div class=\"fl-photo fl-photo-align-center\" itemscope=\"\" itemtype=\"http:\/\/schema.org\/ImageObject\">\n<div class=\"fl-photo-content fl-photo-img-jpg\"> <img decoding=\"async\" alt=\"Luogo di lavoro semicera\" class=\"fl-photo-img wp-image-9038\" itemprop=\"image\" src=\"\/wp-content\/uploads\/2025\/09\/b1dd0bcab1675ff4.webp\"> <\/img><\/div>\n<\/p><\/div>\n<\/p><\/div>\n<\/p><\/div>\n<div class=\"fl-module fl-module-photo fl-node-66c2ffe4a506b\" data-animation-delay=\"0.0\" data-node=\"66c2ffe4a506b\">\n<div class=\"fl-module-content fl-node-content\">\n<div class=\"fl-photo fl-photo-align-center\" itemscope=\"\" itemtype=\"http:\/\/schema.org\/ImageObject\">\n<div class=\"fl-photo-content fl-photo-img-jpg\"> <img decoding=\"async\" alt=\"Semicera lavoro posto 2\" class=\"fl-photo-img wp-image-9037\" itemprop=\"image\" src=\"\/wp-content\/uploads\/2025\/09\/2b946d2b4b61306d.webp\"> <\/img><\/div>\n<\/p><\/div>\n<\/p><\/div>\n<\/p><\/div>\n<div class=\"fl-module fl-module-photo fl-node-66c2ffe4a502c\" data-animation-delay=\"0.0\" data-node=\"66c2ffe4a502c\">\n<div class=\"fl-module-content fl-node-content\">\n<div class=\"fl-photo fl-photo-align-center\" itemscope=\"\" itemtype=\"http:\/\/schema.org\/ImageObject\">\n<div class=\"fl-photo-content fl-photo-img-jpg\"> <img decoding=\"async\" alt=\"Macchina per attrezzature\" class=\"fl-photo-img wp-image-9034 size-full\" itemprop=\"image\" src=\"\/wp-content\/uploads\/2025\/09\/081b6529d68ead23.webp\"> <\/img><\/div>\n<\/p><\/div>\n<\/p><\/div>\n<\/p><\/div>\n<div class=\"fl-module fl-module-photo fl-node-66c2ffe4a4fec\" data-animation-delay=\"0.0\" data-node=\"66c2ffe4a4fec\">\n<div class=\"fl-module-content fl-node-content\">\n<div class=\"fl-photo fl-photo-align-center\" itemscope=\"\" itemtype=\"http:\/\/schema.org\/ImageObject\">\n<div class=\"fl-photo-content fl-photo-img-jpg\"> <img decoding=\"async\" alt=\"Elaborazione della CNN, pulizia chimica, rivestimento CVD\" class=\"fl-photo-img wp-image-9033\" itemprop=\"image\" src=\"\/wp-content\/uploads\/2025\/09\/a4132b2b399abbac.webp\"> <\/img><\/div>\n<\/p><\/div>\n<\/p><\/div>\n<\/p><\/div>\n<div class=\"fl-module fl-module-photo fl-node-66c2ffe4a4fac\" data-animation-delay=\"0.0\" data-node=\"66c2ffe4a4fac\">\n<div class=\"fl-module-content fl-node-content\">\n<div class=\"fl-photo fl-photo-align-center\" itemscope=\"\" itemtype=\"http:\/\/schema.org\/ImageObject\">\n<div class=\"fl-photo-content fl-photo-img-jpg\"> <img decoding=\"async\" alt=\"Semicera ware house\" class=\"fl-photo-img wp-image-9036\" itemprop=\"image\" src=\"\/wp-content\/uploads\/2025\/09\/2190bb9ce5c1d546.webp\"\/> <\/div>\n<\/p><\/div>\n<\/p><\/div>\n<\/p><\/div>\n<div class=\"fl-module fl-module-photo fl-node-66c2ffe4a4f6c\" data-animation-delay=\"0.0\" data-node=\"66c2ffe4a4f6c\">\n<div class=\"fl-module-content fl-node-content\">\n<div class=\"fl-photo fl-photo-align-center\" itemscope=\"\" itemtype=\"http:\/\/schema.org\/ImageObject\">\n<div class=\"fl-photo-content fl-photo-img-jpg\"> <img decoding=\"async\" alt=\"Il nostro servizio\" class=\"fl-photo-img wp-image-9035\" itemprop=\"image\" src=\"\/wp-content\/uploads\/2025\/09\/b07f222c0ec0ab8d.webp\"\/> <\/div>\n<\/p><\/div>\n<\/p><\/div>\n<\/p><\/div>\n<\/p><\/div>\n<\/p><\/div>\n<\/p><\/div>\n<\/p><\/div>\n<\/p><\/div>\n<\/p><\/div>\n<\/div>","protected":false},"excerpt":{"rendered":"<p>Semiceraintroducing ThePtoreus Graphite Tube, una soluzione innovativa progettata per soddisfare le esigenze impegnative di varie applicazioni industriali. Noto per la sua eccezionale conducibilit\u00e0 termica ed elettrica, la grafite \u00e8 un materiale ideale per ambienti ad alte prestazioni. La struttura porosa di questo tubo migliora la sua versatilit\u00e0, rendendolo adatto a una vasta gamma di usi specializzati.<\/p>","protected":false},"featured_media":498,"comment_status":"closed","ping_status":"open","template":"","meta":[],"product_brand":[],"product_cat":[53,26],"product_tag":[],"class_list":{"0":"post-1394","1":"product","2":"type-product","3":"status-publish","4":"has-post-thumbnail","6":"product_cat-cassette","7":"product_cat-wafer","9":"first","10":"instock","11":"product-type-simple"},"_links":{"self":[{"href":"https:\/\/www.cn-semiconductorparts.com\/it\/wp-json\/wp\/v2\/product\/1394","targetHints":{"allow":["GET"]}}],"collection":[{"href":"https:\/\/www.cn-semiconductorparts.com\/it\/wp-json\/wp\/v2\/product"}],"about":[{"href":"https:\/\/www.cn-semiconductorparts.com\/it\/wp-json\/wp\/v2\/types\/product"}],"replies":[{"embeddable":true,"href":"https:\/\/www.cn-semiconductorparts.com\/it\/wp-json\/wp\/v2\/comments?post=1394"}],"wp:featuredmedia":[{"embeddable":true,"href":"https:\/\/www.cn-semiconductorparts.com\/it\/wp-json\/wp\/v2\/media\/498"}],"wp:attachment":[{"href":"https:\/\/www.cn-semiconductorparts.com\/it\/wp-json\/wp\/v2\/media?parent=1394"}],"wp:term":[{"taxonomy":"product_brand","embeddable":true,"href":"https:\/\/www.cn-semiconductorparts.com\/it\/wp-json\/wp\/v2\/product_brand?post=1394"},{"taxonomy":"product_cat","embeddable":true,"href":"https:\/\/www.cn-semiconductorparts.com\/it\/wp-json\/wp\/v2\/product_cat?post=1394"},{"taxonomy":"product_tag","embeddable":true,"href":"https:\/\/www.cn-semiconductorparts.com\/it\/wp-json\/wp\/v2\/product_tag?post=1394"}],"curies":[{"name":"WP","href":"https:\/\/api.w.org\/{rel}","templated":true}]}}