{"id":1453,"date":"2025-09-11T05:29:13","date_gmt":"2025-09-11T05:29:13","guid":{"rendered":"https:\/\/weitai2.globaldeepsea.site\/product\/silicon-carbide-ceramics-sic-seal-ring\/"},"modified":"2025-09-11T05:29:13","modified_gmt":"2025-09-11T05:29:13","slug":"silicon-carbide-ceramics-sic-seal-ring","status":"publish","type":"product","link":"https:\/\/www.cn-semiconductorparts.com\/it\/product\/silicon-carbide-ceramics-sic-seal-ring\/","title":{"rendered":"Anello di tenuta in carburo di silicio"},"content":{"rendered":"<div class=\"fl-builder-content fl-builder-content-9390 fl-builder-content-primary fl-builder-global-templates-locked\" data-post-id=\"9390\">\n<div class=\"fl-row fl-row-full-width fl-row-bg-none fl-node-6687ac73c639f\" data-node=\"6687ac73c639f\">\n<div class=\"fl-row-content-wrap\">\n<div class=\"fl-row-content fl-row-full-width fl-node-content\">\n<div class=\"fl-col-group fl-node-6687ac73c63e2\" data-node=\"6687ac73c63e2\">\n<div class=\"fl-col fl-node-6687ac73c6424\" data-node=\"6687ac73c6424\" style=\"width: 100%;\">\n<div class=\"fl-col-content fl-node-content\">\n<div class=\"fl-module fl-module-rich-text fl-node-6687ac73c6465\" data-animation-delay=\"0.0\" data-node=\"6687ac73c6465\">\n<div class=\"fl-module-content fl-node-content\">\n<div class=\"fl-rich-text\">\n<p>L'anello di tenuta in carburo di silicio (SIC) \u00e8 un elemento di tenuta in materiale ceramico in carburo di silicio e utilizzato in applicazioni di tenuta meccanica. L'anello di tenuta della ceramica in carburo di silicio (SIC) utilizza il carburo di silicio come componente principale e ha eccellenti propriet\u00e0 fisiche e chimiche, quindi \u00e8 ampiamente utilizzato in vari campi industriali che richiedono una tenuta ad alte prestazioni.<\/p>\n<p>Il carburo di silicio \u00e8 un nuovo tipo di ceramica con prestazioni ad alto costo e eccellenti propriet\u00e0 dei materiali. A causa di caratteristiche come l'alta resistenza e la durezza, la resistenza ad alta temperatura, la grande conduttivit\u00e0 termica e la resistenza alla corrosione chimica, il carburo di silicio pu\u00f2 quasi resistere a tutto il mezzo chimico. Pertanto, i SIC sono ampiamente utilizzati nell'estrazione petrolifera, chimica, macchinari e spazio aereo, persino l'energia nucleare e i militari hanno le loro richieste speciali su SIC. Alcune normali applicazioni che possiamo offrire sono gli anelli di tenuta per pompa, valvola e armatura protettiva ecc.<\/p>\n<p><span style=\"font-family: 'Segoe UI';\">Pu\u00f2 fare strutture molto complesse;\u00a0<\/span><span style=\"font-family: 'Segoe UI';\">Pu\u00f2 essere usato a 1400 \u2103;\u00a0<\/span><span style=\"font-family: 'Segoe UI';\">Alta durezza, molto resistente all'usura;\u00a0<\/span><span style=\"font-family: 'Segoe UI';\">Elevata resistenza alla corrosione; Possiamo progettare e fabbricare in base alla tua dimensione specifica.<\/span><\/p>\n<\/p><\/div>\n<\/p><\/div>\n<\/p><\/div>\n<\/p><\/div>\n<\/p><\/div>\n<\/p><\/div>\n<div class=\"fl-col-group fl-node-6687ac73c666f\" data-node=\"6687ac73c666f\">\n<div class=\"fl-col fl-node-6687ad018b6e8 fl-col-small\" data-node=\"6687ad018b6e8\" style=\"width: 50%;\">\n<div class=\"fl-col-content fl-node-content\">\n<div class=\"fl-module fl-module-photo fl-node-6687ac9d4f90a\" data-animation-delay=\"0.0\" data-node=\"6687ac9d4f90a\">\n<div class=\"fl-module-content fl-node-content\">\n<div class=\"fl-photo fl-photo-align-center\" itemscope=\"\" itemtype=\"http:\/\/schema.org\/ImageObject\">\n<div class=\"fl-photo-content fl-photo-img-png\"> <img decoding=\"async\" alt=\"Immagine 16\" class=\"fl-photo-img wp-image-9395\" itemprop=\"image\" src=\"\/wp-content\/uploads\/2025\/09\/b0da0b54542f7e6f.webp\"> <\/img><\/div>\n<\/p><\/div>\n<\/p><\/div>\n<\/p><\/div>\n<\/p><\/div>\n<\/p><\/div>\n<div class=\"fl-col fl-node-6687ac73c66b0 fl-col-small\" data-node=\"6687ac73c66b0\" style=\"width: 50%;\">\n<div class=\"fl-col-content fl-node-content\">\n<div class=\"fl-module fl-module-photo fl-node-6687ac73c66f1\" data-animation-delay=\"0.0\" data-node=\"6687ac73c66f1\">\n<div class=\"fl-module-content fl-node-content\">\n<div class=\"fl-photo fl-photo-align-center\" itemscope=\"\" itemtype=\"http:\/\/schema.org\/ImageObject\">\n<div class=\"fl-photo-content fl-photo-img-png\"> <img decoding=\"async\" alt=\"Immagine 18\" class=\"fl-photo-img wp-image-9396\" itemprop=\"image\" src=\"\/wp-content\/uploads\/2025\/09\/dc8d8f65b269a2b7.webp\"> <\/img><\/div>\n<\/p><\/div>\n<\/p><\/div>\n<\/p><\/div>\n<\/p><\/div>\n<\/p><\/div>\n<\/p><\/div>\n<div class=\"fl-col-group fl-node-6687ac73c64a6\" data-node=\"6687ac73c64a6\">\n<div class=\"fl-col fl-node-6687ac73c64e8\" data-node=\"6687ac73c64e8\" style=\"width: 100%;\">\n<div class=\"fl-col-content fl-node-content\">\n<div class=\"fl-module fl-module-rich-text fl-node-6687ac73c6529\" data-animation-delay=\"0.0\" data-node=\"6687ac73c6529\">\n<div class=\"fl-module-content fl-node-content\">\n<div class=\"fl-rich-text\">\n<p>Caratteristiche principali:<\/p>\n<p>1. Resistenza all'usura: le ceramiche in carburo di silicio hanno una durezza estremamente elevata e un'eccellente resistenza all'usura. Pu\u00f2 mantenere una durata di lunga durata in condizioni ad alta velocit\u00e0 e ad alta atmosfera, riducendo il rischio di usura e fallimento del sigillo.<\/p>\n<p>2. Resistenza alla corrosione: le ceramiche in carburo di silicio hanno un'eccellente resistenza alla corrosione e pu\u00f2 resistere all'erosione da acidi, alcali, solventi e molti mezzi corrosivi. Ci\u00f2 rende le foche in carburo di silicio adatte alle esigenze di sigillatura in vari ambienti corrosivi.<\/p>\n<p>3. Stabilit\u00e0 ad alta temperatura: la ceramica in carburo di silicio pu\u00f2 mantenere la loro struttura e stabilit\u00e0 delle prestazioni in condizioni di alta temperatura. Pu\u00f2 resistere a temperature elevate di migliaia di gradi Celsius, quindi funziona bene in applicazioni di tenuta ad alta temperatura.<\/p>\n<p>3<\/p>\n<p>5. Eccellenti prestazioni di tenuta: gli anelli di tenuta in ceramica in carburo di silicio possono fornire prestazioni di tenuta affidabili, impedire efficacemente perdite medi e impurit\u00e0 di entrare nell'area di tenuta e garantire il funzionamento sicuro dell'attrezzatura.<\/p>\n<\/p><\/div>\n<\/p><\/div>\n<\/p><\/div>\n<\/p><\/div>\n<\/p><\/div>\n<\/p><\/div>\n<\/p><\/div>\n<\/p><\/div>\n<\/p><\/div>\n<div class=\"fl-row fl-row-full-width fl-row-bg-none fl-node-6687ad281b4f8\" data-node=\"6687ad281b4f8\">\n<div class=\"fl-row-content-wrap\">\n<div class=\"fl-row-content fl-row-full-width fl-node-content\">\n<div class=\"fl-col-group fl-node-6687ad281b53e\" data-node=\"6687ad281b53e\">\n<div class=\"fl-col fl-node-6687ad281b582\" data-node=\"6687ad281b582\" style=\"width: 100%;\">\n<div class=\"fl-col-content fl-node-content\">\n<div class=\"fl-module fl-module-photo fl-node-6687ad281b5c3\" data-animation-delay=\"0.0\" data-node=\"6687ad281b5c3\">\n<div class=\"fl-module-content fl-node-content\">\n<div class=\"fl-photo fl-photo-align-center\" itemscope=\"\" itemtype=\"http:\/\/schema.org\/ImageObject\">\n<div class=\"fl-photo-content fl-photo-img-jpg\"> <img decoding=\"async\" alt=\"Luogo di lavoro semicera\" class=\"fl-photo-img wp-image-9038\" itemprop=\"image\" src=\"\/wp-content\/uploads\/2025\/09\/b1dd0bcab1675ff4.webp\"> <\/img><\/div>\n<\/p><\/div>\n<\/p><\/div>\n<\/p><\/div>\n<div class=\"fl-module fl-module-photo fl-node-6687ad281b70e\" data-animation-delay=\"0.0\" data-node=\"6687ad281b70e\">\n<div class=\"fl-module-content fl-node-content\">\n<div class=\"fl-photo fl-photo-align-center\" itemscope=\"\" itemtype=\"http:\/\/schema.org\/ImageObject\">\n<div class=\"fl-photo-content fl-photo-img-jpg\"> <img decoding=\"async\" alt=\"Semicera lavoro posto 2\" class=\"fl-photo-img wp-image-9037\" itemprop=\"image\" src=\"\/wp-content\/uploads\/2025\/09\/2b946d2b4b61306d.webp\"> <\/img><\/div>\n<\/p><\/div>\n<\/p><\/div>\n<\/p><\/div>\n<div class=\"fl-module fl-module-photo fl-node-6687ad281b6cd\" data-animation-delay=\"0.0\" data-node=\"6687ad281b6cd\">\n<div class=\"fl-module-content fl-node-content\">\n<div class=\"fl-photo fl-photo-align-center\" itemscope=\"\" itemtype=\"http:\/\/schema.org\/ImageObject\">\n<div class=\"fl-photo-content fl-photo-img-jpg\"> <img decoding=\"async\" alt=\"Macchina per attrezzature\" class=\"fl-photo-img wp-image-9034 size-full\" itemprop=\"image\" src=\"\/wp-content\/uploads\/2025\/09\/081b6529d68ead23.webp\"> <\/img><\/div>\n<\/p><\/div>\n<\/p><\/div>\n<\/p><\/div>\n<div class=\"fl-module fl-module-photo fl-node-6687ad281b687\" data-animation-delay=\"0.0\" data-node=\"6687ad281b687\">\n<div class=\"fl-module-content fl-node-content\">\n<div class=\"fl-photo fl-photo-align-center\" itemscope=\"\" itemtype=\"http:\/\/schema.org\/ImageObject\">\n<div class=\"fl-photo-content fl-photo-img-jpg\"> <img decoding=\"async\" alt=\"Elaborazione della CNN, pulizia chimica, rivestimento CVD\" class=\"fl-photo-img wp-image-9033\" itemprop=\"image\" src=\"\/wp-content\/uploads\/2025\/09\/a4132b2b399abbac.webp\"> <\/img><\/div>\n<\/p><\/div>\n<\/p><\/div>\n<\/p><\/div>\n<div class=\"fl-module fl-module-photo fl-node-6687ad281b646\" data-animation-delay=\"0.0\" data-node=\"6687ad281b646\">\n<div class=\"fl-module-content fl-node-content\">\n<div class=\"fl-photo fl-photo-align-center\" itemscope=\"\" itemtype=\"http:\/\/schema.org\/ImageObject\">\n<div class=\"fl-photo-content fl-photo-img-jpg\"> <img decoding=\"async\" alt=\"Semicera ware house\" class=\"fl-photo-img wp-image-9036\" itemprop=\"image\" src=\"\/wp-content\/uploads\/2025\/09\/2190bb9ce5c1d546.webp\"\/> <\/div>\n<\/p><\/div>\n<\/p><\/div>\n<\/p><\/div>\n<div class=\"fl-module fl-module-photo fl-node-6687ad281b604\" data-animation-delay=\"0.0\" data-node=\"6687ad281b604\">\n<div class=\"fl-module-content fl-node-content\">\n<div class=\"fl-photo fl-photo-align-center\" itemscope=\"\" itemtype=\"http:\/\/schema.org\/ImageObject\">\n<div class=\"fl-photo-content fl-photo-img-jpg\"> <img decoding=\"async\" alt=\"Il nostro servizio\" class=\"fl-photo-img wp-image-9035\" itemprop=\"image\" src=\"\/wp-content\/uploads\/2025\/09\/b07f222c0ec0ab8d.webp\"\/> <\/div>\n<\/p><\/div>\n<\/p><\/div>\n<\/p><\/div>\n<\/p><\/div>\n<\/p><\/div>\n<\/p><\/div>\n<\/p><\/div>\n<\/p><\/div>\n<\/p><\/div>\n<\/div>","protected":false},"excerpt":{"rendered":"<p>L'anello di tenuta in carburo di silicio (SIC) \u00e8 un elemento di tenuta ad alte prestazioni con resistenza all'usura, resistenza alla corrosione e stabilit\u00e0 ad alta temperatura. Svolgono un ruolo importante nel campo industriale, fornendo prestazioni di sigillatura affidabili e proteggendo le attrezzature da perdite e usura.<\/p>","protected":false},"featured_media":874,"comment_status":"closed","ping_status":"open","template":"","meta":[],"product_brand":[],"product_cat":[25,24],"product_tag":[],"class_list":{"0":"post-1453","1":"product","2":"type-product","3":"status-publish","4":"has-post-thumbnail","6":"product_cat-more-sic-product","7":"product_cat-silicon-carbide-ceramic","9":"first","10":"instock","11":"product-type-simple"},"_links":{"self":[{"href":"https:\/\/www.cn-semiconductorparts.com\/it\/wp-json\/wp\/v2\/product\/1453","targetHints":{"allow":["GET"]}}],"collection":[{"href":"https:\/\/www.cn-semiconductorparts.com\/it\/wp-json\/wp\/v2\/product"}],"about":[{"href":"https:\/\/www.cn-semiconductorparts.com\/it\/wp-json\/wp\/v2\/types\/product"}],"replies":[{"embeddable":true,"href":"https:\/\/www.cn-semiconductorparts.com\/it\/wp-json\/wp\/v2\/comments?post=1453"}],"wp:featuredmedia":[{"embeddable":true,"href":"https:\/\/www.cn-semiconductorparts.com\/it\/wp-json\/wp\/v2\/media\/874"}],"wp:attachment":[{"href":"https:\/\/www.cn-semiconductorparts.com\/it\/wp-json\/wp\/v2\/media?parent=1453"}],"wp:term":[{"taxonomy":"product_brand","embeddable":true,"href":"https:\/\/www.cn-semiconductorparts.com\/it\/wp-json\/wp\/v2\/product_brand?post=1453"},{"taxonomy":"product_cat","embeddable":true,"href":"https:\/\/www.cn-semiconductorparts.com\/it\/wp-json\/wp\/v2\/product_cat?post=1453"},{"taxonomy":"product_tag","embeddable":true,"href":"https:\/\/www.cn-semiconductorparts.com\/it\/wp-json\/wp\/v2\/product_tag?post=1453"}],"curies":[{"name":"WP","href":"https:\/\/api.w.org\/{rel}","templated":true}]}}