{"id":1457,"date":"2025-09-11T05:29:13","date_gmt":"2025-09-11T05:29:13","guid":{"rendered":"https:\/\/weitai2.globaldeepsea.site\/product\/sic-micro-reaction-tubes\/"},"modified":"2025-09-11T05:29:14","modified_gmt":"2025-09-11T05:29:14","slug":"sic-micro-reaction-tubes","status":"publish","type":"product","link":"https:\/\/www.cn-semiconductorparts.com\/it\/product\/sic-micro-reaction-tubes\/","title":{"rendered":"Tubi di micro reazione SIC"},"content":{"rendered":"<div class=\"fl-builder-content fl-builder-content-9278 fl-builder-content-primary fl-builder-global-templates-locked\" data-post-id=\"9278\">\n<div class=\"fl-row fl-row-full-width fl-row-bg-none fl-node-66851849b6150\" data-node=\"66851849b6150\">\n<div class=\"fl-row-content-wrap\">\n<div class=\"fl-row-content fl-row-full-width fl-node-content\">\n<div class=\"fl-col-group fl-node-6685191d20411\" data-node=\"6685191d20411\">\n<div class=\"fl-col fl-node-6685191d206c8\" data-node=\"6685191d206c8\" style=\"width: 100%;\">\n<div class=\"fl-col-content fl-node-content\">\n<div class=\"fl-module fl-module-rich-text fl-node-66851902ec4e8\" data-animation-delay=\"0.0\" data-node=\"66851902ec4e8\">\n<div class=\"fl-module-content fl-node-content\">\n<div class=\"fl-rich-text\">\n<p>I tubi di micro reazione SIC hanno un'eccellente resistenza ad alta temperatura e possono funzionare stabilmente in condizioni di alta temperatura. L'elevata conduttivit\u00e0 termica e la stabilit\u00e0 termica dei materiali in carburo di silicio consentono ai microreattori di condurre e disperdere rapidamente il calore, controllare efficacemente la temperatura di reazione e quindi ottenere una gestione termica e un controllo della temperatura efficiente. Ci\u00f2 fornisce un ambiente ideale per reazioni ad alta temperatura e migliora le velocit\u00e0 di reazione e la selettivit\u00e0.<\/p>\n<p>Inoltre, i tubi di micro reazione SIC hanno un'eccellente stabilit\u00e0 chimica e possono resistere all'erosione e alla corrosione da una variet\u00e0 di sostanze chimiche. I tubi di micro reazione SIC hanno una buona tolleranza ai reagenti comuni come acidi, basi e solventi, garantendo cos\u00ec la lunga vita e l'affidabilit\u00e0 del tubo di reazione. La superficie inerte dei materiali in carburo di silicio riduce anche l'adsorbimento e la contaminazione reagenti inutili, mantenendo la purezza e la coerenza della reazione.<\/p>\n<p>Il micro design di tubi di micro reazione SIC offre loro un elevato rapporto superficie \/ volume, fornendo una maggiore efficienza di reazione e velocit\u00e0 di reazione pi\u00f9 rapide. La struttura del microcanale del microreattore consente un alto grado di controllo e miscelazione dei fluidi, raggiungendo cos\u00ec condizioni di reazione precise e uno scambio di materiali uniformi. Ci\u00f2 fa s\u00ec che i tubi di micro reazione SIC abbiano un grande potenziale in applicazioni come microfluidica, sintesi dei farmaci, reazioni catalitiche e analisi biochimica.<\/p>\n<p>La personalizzazione e la compatibilit\u00e0 dei tubi di micro reazione SIC li rendono adatti a una variet\u00e0 di applicazioni di laboratorio e industriali. Possono essere integrati con le attrezzature di laboratorio tradizionali e i sistemi di automazione per ottenere processi di reazione ad alto rendimento e ad alta efficienza. L'affidabilit\u00e0 e la precisione dei tubi di micro reazione SIC li rendono una scelta ideale per i ricercatori e gli ingegneri per innovare e ottimizzare.<\/p>\n<\/p><\/div>\n<\/p><\/div>\n<\/p><\/div>\n<\/p><\/div>\n<\/p><\/div>\n<\/p><\/div>\n<div class=\"fl-col-group fl-node-66851849b6195\" data-node=\"66851849b6195\">\n<div class=\"fl-col fl-node-66851849b62e3\" data-node=\"66851849b62e3\" style=\"width: 100%;\">\n<div class=\"fl-col-content fl-node-content\">\n<div class=\"fl-module fl-module-photo fl-node-66851921e4600\" data-animation-delay=\"0.0\" data-node=\"66851921e4600\">\n<div class=\"fl-module-content fl-node-content\">\n<div class=\"fl-photo fl-photo-align-center\" itemscope=\"\" itemtype=\"http:\/\/schema.org\/ImageObject\">\n<div class=\"fl-photo-content fl-photo-img-jpg\"> <img decoding=\"async\" alt=\"SIC Micro Reaction Tubes_Proc\" class=\"fl-photo-img wp-image-9281\" itemprop=\"image\" src=\"\/wp-content\/uploads\/2025\/09\/cc1535e32bb8922e.webp\"> <\/img><\/div>\n<\/p><\/div>\n<\/p><\/div>\n<\/p><\/div>\n<\/p><\/div>\n<\/p><\/div>\n<\/p><\/div>\n<div class=\"fl-col-group fl-node-66851849b6221\" data-node=\"66851849b6221\">\n<div class=\"fl-col fl-node-66851849b6262 fl-col-has-cols\" data-node=\"66851849b6262\" style=\"width: 100%;\">\n<div class=\"fl-col-content fl-node-content\">\n<div class=\"fl-module fl-module-heading fl-node-66851849b62a3\" data-animation-delay=\"0.0\" data-node=\"66851849b62a3\">\n<div class=\"fl-module-content fl-node-content\">\n<h3 class=\"fl-heading\"> <span class=\"fl-heading-text\">Parametri tecnici:<\/span> <\/h3>\n<\/p><\/div>\n<\/p><\/div>\n<div class=\"fl-col-group fl-node-66851849b64a7 fl-col-group-nested\" data-node=\"66851849b64a7\">\n<div class=\"fl-col fl-node-66851849b6364\" data-node=\"66851849b6364\" style=\"width: 100%;\">\n<div class=\"fl-col-content fl-node-content\">\n<div class=\"fl-module fl-module-photo fl-node-66851849b65ac\" data-animation-delay=\"0.0\" data-node=\"66851849b65ac\">\n<div class=\"fl-module-content fl-node-content\">\n<div class=\"fl-photo fl-photo-align-center\" itemscope=\"\" itemtype=\"http:\/\/schema.org\/ImageObject\">\n<div class=\"fl-photo-content fl-photo-img-png\"> <img decoding=\"async\" alt=\"Parametri in carburo di silicio\" class=\"fl-photo-img wp-image-3336\" itemprop=\"image\" src=\"\/wp-content\/uploads\/2025\/09\/f34bdb8e2db1ea64.webp\"> <\/img><\/div>\n<\/p><\/div>\n<\/p><\/div>\n<\/p><\/div>\n<\/p><\/div>\n<\/p><\/div>\n<\/p><\/div>\n<\/p><\/div>\n<\/p><\/div>\n<\/p><\/div>\n<\/p><\/div>\n<\/p><\/div>\n<\/p><\/div>\n<div class=\"fl-row fl-row-full-width fl-row-bg-none fl-node-668518683b2a8\" data-node=\"668518683b2a8\">\n<div class=\"fl-row-content-wrap\">\n<div class=\"fl-row-content fl-row-full-width fl-node-content\">\n<div class=\"fl-col-group fl-node-668518683b2eb\" data-node=\"668518683b2eb\">\n<div class=\"fl-col fl-node-668518683b32b\" data-node=\"668518683b32b\" style=\"width: 100%;\">\n<div class=\"fl-col-content fl-node-content\">\n<div class=\"fl-module fl-module-photo fl-node-668518683b36b\" data-animation-delay=\"0.0\" data-node=\"668518683b36b\">\n<div class=\"fl-module-content fl-node-content\">\n<div class=\"fl-photo fl-photo-align-center\" itemscope=\"\" itemtype=\"http:\/\/schema.org\/ImageObject\">\n<div class=\"fl-photo-content fl-photo-img-jpg\"> <img decoding=\"async\" alt=\"Luogo di lavoro semicera\" class=\"fl-photo-img wp-image-9038\" itemprop=\"image\" src=\"\/wp-content\/uploads\/2025\/09\/b1dd0bcab1675ff4.webp\"> <\/img><\/div>\n<\/p><\/div>\n<\/p><\/div>\n<\/p><\/div>\n<div class=\"fl-module fl-module-photo fl-node-668518683b4ac\" data-animation-delay=\"0.0\" data-node=\"668518683b4ac\">\n<div class=\"fl-module-content fl-node-content\">\n<div class=\"fl-photo fl-photo-align-center\" itemscope=\"\" itemtype=\"http:\/\/schema.org\/ImageObject\">\n<div class=\"fl-photo-content fl-photo-img-jpg\"> <img decoding=\"async\" alt=\"Semicera lavoro posto 2\" class=\"fl-photo-img wp-image-9037\" itemprop=\"image\" src=\"\/wp-content\/uploads\/2025\/09\/2b946d2b4b61306d.webp\"> <\/img><\/div>\n<\/p><\/div>\n<\/p><\/div>\n<\/p><\/div>\n<div class=\"fl-module fl-module-photo fl-node-668518683b46b\" data-animation-delay=\"0.0\" data-node=\"668518683b46b\">\n<div class=\"fl-module-content fl-node-content\">\n<div class=\"fl-photo fl-photo-align-center\" itemscope=\"\" itemtype=\"http:\/\/schema.org\/ImageObject\">\n<div class=\"fl-photo-content fl-photo-img-jpg\"> <img decoding=\"async\" alt=\"Macchina per attrezzature\" class=\"fl-photo-img wp-image-9034 size-full\" itemprop=\"image\" src=\"\/wp-content\/uploads\/2025\/09\/081b6529d68ead23.webp\"> <\/img><\/div>\n<\/p><\/div>\n<\/p><\/div>\n<\/p><\/div>\n<div class=\"fl-module fl-module-photo fl-node-668518683b42b\" data-animation-delay=\"0.0\" data-node=\"668518683b42b\">\n<div class=\"fl-module-content fl-node-content\">\n<div class=\"fl-photo fl-photo-align-center\" itemscope=\"\" itemtype=\"http:\/\/schema.org\/ImageObject\">\n<div class=\"fl-photo-content fl-photo-img-jpg\"> <img decoding=\"async\" alt=\"Elaborazione della CNN, pulizia chimica, rivestimento CVD\" class=\"fl-photo-img wp-image-9033\" itemprop=\"image\" src=\"\/wp-content\/uploads\/2025\/09\/a4132b2b399abbac.webp\"> <\/img><\/div>\n<\/p><\/div>\n<\/p><\/div>\n<\/p><\/div>\n<div class=\"fl-module fl-module-photo fl-node-668518683b3eb\" data-animation-delay=\"0.0\" data-node=\"668518683b3eb\">\n<div class=\"fl-module-content fl-node-content\">\n<div class=\"fl-photo fl-photo-align-center\" itemscope=\"\" itemtype=\"http:\/\/schema.org\/ImageObject\">\n<div class=\"fl-photo-content fl-photo-img-jpg\"> <img decoding=\"async\" alt=\"Semicera ware house\" class=\"fl-photo-img wp-image-9036\" itemprop=\"image\" src=\"\/wp-content\/uploads\/2025\/09\/2190bb9ce5c1d546.webp\"> <\/img><\/div>\n<\/p><\/div>\n<\/p><\/div>\n<\/p><\/div>\n<div class=\"fl-module fl-module-photo fl-node-668518683b3ab\" data-animation-delay=\"0.0\" data-node=\"668518683b3ab\">\n<div class=\"fl-module-content fl-node-content\">\n<div class=\"fl-photo fl-photo-align-center\" itemscope=\"\" itemtype=\"http:\/\/schema.org\/ImageObject\">\n<div class=\"fl-photo-content fl-photo-img-jpg\"> <img decoding=\"async\" alt=\"Il nostro servizio\" class=\"fl-photo-img wp-image-9035\" itemprop=\"image\" src=\"\/wp-content\/uploads\/2025\/09\/b07f222c0ec0ab8d.webp\"> <\/img><\/div>\n<\/p><\/div>\n<\/p><\/div>\n<\/p><\/div>\n<\/p><\/div>\n<\/p><\/div>\n<\/p><\/div>\n<\/p><\/div>\n<\/p><\/div>\n<\/p><\/div>\n<\/div>","protected":false},"excerpt":{"rendered":"<p>I tubi di micro reazione SIC sono un microreattore avanzato utilizzato per processi di reazione efficienti e precisi nei campi chimici e biologici. I tubi di micro reazione SIC hanno attirato un'ampia attenzione per le sue propriet\u00e0 fisiche e chimiche uniche, che possono fornire eccellenti prestazioni di reazione e eccellente capacit\u00e0 di controllo.<\/p>","protected":false},"featured_media":838,"comment_status":"closed","ping_status":"open","template":"","meta":[],"product_brand":[],"product_cat":[25,24],"product_tag":[],"class_list":{"0":"post-1457","1":"product","2":"type-product","3":"status-publish","4":"has-post-thumbnail","6":"product_cat-more-sic-product","7":"product_cat-silicon-carbide-ceramic","9":"first","10":"instock","11":"product-type-simple"},"_links":{"self":[{"href":"https:\/\/www.cn-semiconductorparts.com\/it\/wp-json\/wp\/v2\/product\/1457","targetHints":{"allow":["GET"]}}],"collection":[{"href":"https:\/\/www.cn-semiconductorparts.com\/it\/wp-json\/wp\/v2\/product"}],"about":[{"href":"https:\/\/www.cn-semiconductorparts.com\/it\/wp-json\/wp\/v2\/types\/product"}],"replies":[{"embeddable":true,"href":"https:\/\/www.cn-semiconductorparts.com\/it\/wp-json\/wp\/v2\/comments?post=1457"}],"wp:featuredmedia":[{"embeddable":true,"href":"https:\/\/www.cn-semiconductorparts.com\/it\/wp-json\/wp\/v2\/media\/838"}],"wp:attachment":[{"href":"https:\/\/www.cn-semiconductorparts.com\/it\/wp-json\/wp\/v2\/media?parent=1457"}],"wp:term":[{"taxonomy":"product_brand","embeddable":true,"href":"https:\/\/www.cn-semiconductorparts.com\/it\/wp-json\/wp\/v2\/product_brand?post=1457"},{"taxonomy":"product_cat","embeddable":true,"href":"https:\/\/www.cn-semiconductorparts.com\/it\/wp-json\/wp\/v2\/product_cat?post=1457"},{"taxonomy":"product_tag","embeddable":true,"href":"https:\/\/www.cn-semiconductorparts.com\/it\/wp-json\/wp\/v2\/product_tag?post=1457"}],"curies":[{"name":"WP","href":"https:\/\/api.w.org\/{rel}","templated":true}]}}