{"id":1458,"date":"2025-09-11T05:29:13","date_gmt":"2025-09-11T05:29:13","guid":{"rendered":"https:\/\/weitai2.globaldeepsea.site\/product\/sic-ceramic-rollers\/"},"modified":"2025-09-11T05:29:14","modified_gmt":"2025-09-11T05:29:14","slug":"sic-ceramic-rollers","status":"publish","type":"product","link":"https:\/\/www.cn-semiconductorparts.com\/it\/product\/sic-ceramic-rollers\/","title":{"rendered":"Sic rulli in ceramica"},"content":{"rendered":"<div class=\"fl-builder-content fl-builder-content-9283 fl-builder-content-primary fl-builder-global-templates-locked\" data-post-id=\"9283\">\n<div class=\"fl-row fl-row-full-width fl-row-bg-none fl-node-66851d3a6bdfc\" data-node=\"66851d3a6bdfc\">\n<div class=\"fl-row-content-wrap\">\n<div class=\"fl-row-content fl-row-full-width fl-node-content\">\n<div class=\"fl-col-group fl-node-66851da101419\" data-node=\"66851da101419\">\n<div class=\"fl-col fl-node-66851da1016a7\" data-node=\"66851da1016a7\" style=\"width: 100%;\">\n<div class=\"fl-col-content fl-node-content\">\n<div class=\"fl-module fl-module-rich-text fl-node-66851d3a6c07c\" data-animation-delay=\"0.0\" data-node=\"66851d3a6c07c\">\n<div class=\"fl-module-content fl-node-content\">\n<div class=\"fl-rich-text\">\n<p>I rulli in ceramica SIC hanno un'eccellente resistenza all'usura e possono resistere ad alta pressione e attrito senza perdere la qualit\u00e0 della superficie. La sua durezza \u00e8 vicina a quella di Diamond, che gli consente di ridurre efficacemente l'usura di contatto con materiali metallici ed estendere la durata del rullo. Il coefficiente a basso attrito dei rulli ceramici SIC riduce anche la perdita di energia e la generazione di calore, migliorando l'efficienza della produzione.<\/p>\n<p>Inoltre, i rulli in ceramica SIC hanno un'eccellente resistenza ad alta temperatura. Pu\u00f2 funzionare stabilmente in ambienti ad alta temperatura senza ammorbidire o deformazione. Ci\u00f2 rende i rulli ceramici SIC molto adatti per processi di elaborazione ad alta temperatura come il rotolamento a caldo in metallo e la fusione continua, garantendo che i rulli mantengano eccellenti prestazioni e stabilit\u00e0 dimensionale a temperature estreme.<\/p>\n<p>I rulli ceramici SIC hanno anche un'eccellente resistenza alla corrosione. Pu\u00f2 resistere all'erosione di sostanze chimiche come acidi, alcali, solventi e gas corrosivi, mantenendo la finitura superficiale e la funzionalit\u00e0 dei rulli. Ci\u00f2 fa s\u00ec che i rulli di ceramica SIC si esibiscano bene in applicazioni come la lavorazione chimica e l'elettroplaggio, estendendo la durata delle attrezzature e migliorando la qualit\u00e0 della produzione.<\/p>\n<p>Le caratteristiche leggere dei rulli in ceramica SIC danno loro eccellenti caratteristiche inerziali e capacit\u00e0 di riduzione delle vibrazioni, riducendo cos\u00ec le vibrazioni e il rumore, migliorando la stabilit\u00e0 delle attrezzature e il comfort operativo. Le sue dimensioni precise e la superficie piana garantiscono la stabilit\u00e0 e la fluidit\u00e0 del rullo, fornendo risultati eccellenti per i processi di lavorazione dei metalli e di stampa.<\/p>\n<\/p><\/div>\n<\/p><\/div>\n<\/p><\/div>\n<\/p><\/div>\n<\/p><\/div>\n<\/p><\/div>\n<div class=\"fl-col-group fl-node-66851d3a6be3f\" data-node=\"66851d3a6be3f\">\n<div class=\"fl-col fl-node-66851d3a6bf7e\" data-node=\"66851d3a6bf7e\" style=\"width: 100%;\">\n<div class=\"fl-col-content fl-node-content\">\n<div class=\"fl-module fl-module-photo fl-node-66851d3a6bfbe\" data-animation-delay=\"0.0\" data-node=\"66851d3a6bfbe\">\n<div class=\"fl-module-content fl-node-content\">\n<div class=\"fl-photo fl-photo-align-center\" itemscope=\"\" itemtype=\"http:\/\/schema.org\/ImageObject\">\n<div class=\"fl-photo-content fl-photo-img-png\"> <img decoding=\"async\" alt=\"Sic Ceramic Rollers - Copia\" class=\"fl-photo-img wp-image-9286\" itemprop=\"image\" src=\"\/wp-content\/uploads\/2025\/09\/7c2ee77c8e71ef98.webp\"> <\/img><\/div>\n<\/p><\/div>\n<\/p><\/div>\n<\/p><\/div>\n<\/p><\/div>\n<\/p><\/div>\n<\/p><\/div>\n<div class=\"fl-col-group fl-node-66851d3a6c0bc\" data-node=\"66851d3a6c0bc\">\n<div class=\"fl-col fl-node-66851d3a6c0fc\" data-node=\"66851d3a6c0fc\" style=\"width: 100%;\">\n<div class=\"fl-col-content fl-node-content\">\n<div class=\"fl-module fl-module-rich-text fl-node-66851d3a6c03d\" data-animation-delay=\"0.0\" data-node=\"66851d3a6c03d\">\n<div class=\"fl-module-content fl-node-content\">\n<div class=\"fl-rich-text\">\n<p data-section=\"0\">Follo in carburo di silicio sinterizzato non pressura, prodotti in carburo di silicio sinterizzato in carburo sinterizzato, l'uso di polvere in carburo di silicio ultra-fine ad alta purezza, sinterizzazione a 2450 \u2103 ad alta temperatura, contenuto di carburo di silicio di oltre 99.1%, densit\u00e0 di prodotto \u22653,10 g\/cm3, no in metallo come il silicio in metallo.<\/p>\n<p data-section=\"2\">\u25ba Contenuto di carburo di silicio - \u226599%;<\/p>\n<p data-section=\"4\">\u25ba Resistenza ad alta temperatura - Uso normale a 1800 \u2103;<\/p>\n<p data-section=\"6\">\u25ba Alta conduttivit\u00e0 termica - paragonabile alla conduttivit\u00e0 termica dei materiali di grafite;<\/p>\n<p data-section=\"8\">\u25ba Elevata durezza - Durezza seconda solo al diamante, nitruro di boro cubico;<\/p>\n<p data-section=\"10\">\u25ba Resistenza alla corrosione - L'acido forte e gli alcali non hanno alcuna corrosione, la resistenza alla corrosione \u00e8 migliore del carburo di tungsteno e dell'allumina;<\/p>\n<p data-section=\"12\">\u25ba Peso leggero: densit\u00e0 3,10 g\/cm3, vicino all'alluminio;<\/p>\n<p data-section=\"14\">\u25ba Nessuna deformazione: coefficiente molto piccolo di espansione termica;<\/p>\n<p data-section=\"16\">\u25ba Resistenza alle shock termiche: il materiale pu\u00f2 resistere a rapidi cambiamenti di temperatura, resistenza alle shock termiche, resistenza al freddo e al calore, prestazioni stabili.<\/p>\n<\/p><\/div>\n<\/p><\/div>\n<\/p><\/div>\n<\/p><\/div>\n<\/p><\/div>\n<\/p><\/div>\n<div class=\"fl-col-group fl-node-66851d3a6bebf\" data-node=\"66851d3a6bebf\">\n<div class=\"fl-col fl-node-66851d3a6beff fl-col-has-cols\" data-node=\"66851d3a6beff\" style=\"width: 100%;\">\n<div class=\"fl-col-content fl-node-content\">\n<div class=\"fl-module fl-module-heading fl-node-66851d3a6bf3f\" data-animation-delay=\"0.0\" data-node=\"66851d3a6bf3f\">\n<div class=\"fl-module-content fl-node-content\">\n<h3 class=\"fl-heading\"> <span class=\"fl-heading-text\">Parametri tecnici:<\/span> <\/h3>\n<\/p><\/div>\n<\/p><\/div>\n<div class=\"fl-col-group fl-node-66851d3a6c13c fl-col-group-nested\" data-node=\"66851d3a6c13c\">\n<div class=\"fl-col fl-node-66851d3a6bffd\" data-node=\"66851d3a6bffd\" style=\"width: 100%;\">\n<div class=\"fl-col-content fl-node-content\">\n<div class=\"fl-module fl-module-photo fl-node-66851d3a6c23c\" data-animation-delay=\"0.0\" data-node=\"66851d3a6c23c\">\n<div class=\"fl-module-content fl-node-content\">\n<div class=\"fl-photo fl-photo-align-center\" itemscope=\"\" itemtype=\"http:\/\/schema.org\/ImageObject\">\n<div class=\"fl-photo-content fl-photo-img-png\"> <img decoding=\"async\" alt=\"Parametri in carburo di silicio\" class=\"fl-photo-img wp-image-3336\" itemprop=\"image\" src=\"\/wp-content\/uploads\/2025\/09\/f34bdb8e2db1ea64.webp\"> <\/img><\/div>\n<\/p><\/div>\n<\/p><\/div>\n<\/p><\/div>\n<\/p><\/div>\n<\/p><\/div>\n<\/p><\/div>\n<\/p><\/div>\n<\/p><\/div>\n<\/p><\/div>\n<\/p><\/div>\n<\/p><\/div>\n<\/p><\/div>\n<div class=\"fl-row fl-row-full-width fl-row-bg-none fl-node-66851dcf05c1d\" data-node=\"66851dcf05c1d\">\n<div class=\"fl-row-content-wrap\">\n<div class=\"fl-row-content fl-row-full-width fl-node-content\">\n<div class=\"fl-col-group fl-node-66851dcf05c63\" data-node=\"66851dcf05c63\">\n<div class=\"fl-col fl-node-66851dcf05ca4\" data-node=\"66851dcf05ca4\" style=\"width: 100%;\">\n<div class=\"fl-col-content fl-node-content\">\n<div class=\"fl-module fl-module-photo fl-node-66851dcf05ce4\" data-animation-delay=\"0.0\" data-node=\"66851dcf05ce4\">\n<div class=\"fl-module-content fl-node-content\">\n<div class=\"fl-photo fl-photo-align-center\" itemscope=\"\" itemtype=\"http:\/\/schema.org\/ImageObject\">\n<div class=\"fl-photo-content fl-photo-img-jpg\"> <img decoding=\"async\" alt=\"Luogo di lavoro semicera\" class=\"fl-photo-img wp-image-9038\" itemprop=\"image\" src=\"\/wp-content\/uploads\/2025\/09\/b1dd0bcab1675ff4.webp\"> <\/img><\/div>\n<\/p><\/div>\n<\/p><\/div>\n<\/p><\/div>\n<div class=\"fl-module fl-module-photo fl-node-66851dcf05e23\" data-animation-delay=\"0.0\" data-node=\"66851dcf05e23\">\n<div class=\"fl-module-content fl-node-content\">\n<div class=\"fl-photo fl-photo-align-center\" itemscope=\"\" itemtype=\"http:\/\/schema.org\/ImageObject\">\n<div class=\"fl-photo-content fl-photo-img-jpg\"> <img decoding=\"async\" alt=\"Semicera lavoro posto 2\" class=\"fl-photo-img wp-image-9037\" itemprop=\"image\" src=\"\/wp-content\/uploads\/2025\/09\/2b946d2b4b61306d.webp\"> <\/img><\/div>\n<\/p><\/div>\n<\/p><\/div>\n<\/p><\/div>\n<div class=\"fl-module fl-module-photo fl-node-66851dcf05de4\" data-animation-delay=\"0.0\" data-node=\"66851dcf05de4\">\n<div class=\"fl-module-content fl-node-content\">\n<div class=\"fl-photo fl-photo-align-center\" itemscope=\"\" itemtype=\"http:\/\/schema.org\/ImageObject\">\n<div class=\"fl-photo-content fl-photo-img-jpg\"> <img decoding=\"async\" alt=\"Macchina per attrezzature\" class=\"fl-photo-img wp-image-9034 size-full\" itemprop=\"image\" src=\"\/wp-content\/uploads\/2025\/09\/081b6529d68ead23.webp\"> <\/img><\/div>\n<\/p><\/div>\n<\/p><\/div>\n<\/p><\/div>\n<div class=\"fl-module fl-module-photo fl-node-66851dcf05da4\" data-animation-delay=\"0.0\" data-node=\"66851dcf05da4\">\n<div class=\"fl-module-content fl-node-content\">\n<div class=\"fl-photo fl-photo-align-center\" itemscope=\"\" itemtype=\"http:\/\/schema.org\/ImageObject\">\n<div class=\"fl-photo-content fl-photo-img-jpg\"> <img decoding=\"async\" alt=\"Elaborazione della CNN, pulizia chimica, rivestimento CVD\" class=\"fl-photo-img wp-image-9033\" itemprop=\"image\" src=\"\/wp-content\/uploads\/2025\/09\/a4132b2b399abbac.webp\"> <\/img><\/div>\n<\/p><\/div>\n<\/p><\/div>\n<\/p><\/div>\n<div class=\"fl-module fl-module-photo fl-node-66851dcf05d64\" data-animation-delay=\"0.0\" data-node=\"66851dcf05d64\">\n<div class=\"fl-module-content fl-node-content\">\n<div class=\"fl-photo fl-photo-align-center\" itemscope=\"\" itemtype=\"http:\/\/schema.org\/ImageObject\">\n<div class=\"fl-photo-content fl-photo-img-jpg\"> <img decoding=\"async\" alt=\"Semicera ware house\" class=\"fl-photo-img wp-image-9036\" itemprop=\"image\" src=\"\/wp-content\/uploads\/2025\/09\/2190bb9ce5c1d546.webp\"> <\/img><\/div>\n<\/p><\/div>\n<\/p><\/div>\n<\/p><\/div>\n<div class=\"fl-module fl-module-photo fl-node-66851dcf05d24\" data-animation-delay=\"0.0\" data-node=\"66851dcf05d24\">\n<div class=\"fl-module-content fl-node-content\">\n<div class=\"fl-photo fl-photo-align-center\" itemscope=\"\" itemtype=\"http:\/\/schema.org\/ImageObject\">\n<div class=\"fl-photo-content fl-photo-img-jpg\"> <img decoding=\"async\" alt=\"Il nostro servizio\" class=\"fl-photo-img wp-image-9035\" itemprop=\"image\" src=\"\/wp-content\/uploads\/2025\/09\/b07f222c0ec0ab8d.webp\"> <\/img><\/div>\n<\/p><\/div>\n<\/p><\/div>\n<\/p><\/div>\n<\/p><\/div>\n<\/p><\/div>\n<\/p><\/div>\n<\/p><\/div>\n<\/p><\/div>\n<\/p><\/div>\n<\/div>","protected":false},"excerpt":{"rendered":"<p>I rulli in ceramica SIC sono un rullo ad alte prestazioni ampiamente utilizzato nelle industrie di lavorazione e stampa dei metalli. I rulli in ceramica SIC hanno attirato molta attenzione per le loro eccellenti propriet\u00e0 fisiche e chimiche e possono fornire un'eccellente resistenza all'usura, resistenza ad alta temperatura e resistenza alla corrosione.<\/p>","protected":false},"featured_media":813,"comment_status":"closed","ping_status":"open","template":"","meta":[],"product_brand":[],"product_cat":[58,24],"product_tag":[],"class_list":{"0":"post-1458","1":"product","2":"type-product","3":"status-publish","4":"has-post-thumbnail","6":"product_cat-sic-furnace-tube","7":"product_cat-silicon-carbide-ceramic","9":"first","10":"instock","11":"product-type-simple"},"_links":{"self":[{"href":"https:\/\/www.cn-semiconductorparts.com\/it\/wp-json\/wp\/v2\/product\/1458","targetHints":{"allow":["GET"]}}],"collection":[{"href":"https:\/\/www.cn-semiconductorparts.com\/it\/wp-json\/wp\/v2\/product"}],"about":[{"href":"https:\/\/www.cn-semiconductorparts.com\/it\/wp-json\/wp\/v2\/types\/product"}],"replies":[{"embeddable":true,"href":"https:\/\/www.cn-semiconductorparts.com\/it\/wp-json\/wp\/v2\/comments?post=1458"}],"wp:featuredmedia":[{"embeddable":true,"href":"https:\/\/www.cn-semiconductorparts.com\/it\/wp-json\/wp\/v2\/media\/813"}],"wp:attachment":[{"href":"https:\/\/www.cn-semiconductorparts.com\/it\/wp-json\/wp\/v2\/media?parent=1458"}],"wp:term":[{"taxonomy":"product_brand","embeddable":true,"href":"https:\/\/www.cn-semiconductorparts.com\/it\/wp-json\/wp\/v2\/product_brand?post=1458"},{"taxonomy":"product_cat","embeddable":true,"href":"https:\/\/www.cn-semiconductorparts.com\/it\/wp-json\/wp\/v2\/product_cat?post=1458"},{"taxonomy":"product_tag","embeddable":true,"href":"https:\/\/www.cn-semiconductorparts.com\/it\/wp-json\/wp\/v2\/product_tag?post=1458"}],"curies":[{"name":"WP","href":"https:\/\/api.w.org\/{rel}","templated":true}]}}