{"id":1462,"date":"2025-09-11T05:29:13","date_gmt":"2025-09-11T05:29:13","guid":{"rendered":"https:\/\/weitai2.globaldeepsea.site\/product\/silicon-carbide-ceramic-tube\/"},"modified":"2025-09-11T05:29:16","modified_gmt":"2025-09-11T05:29:16","slug":"silicon-carbide-ceramic-tube","status":"publish","type":"product","link":"https:\/\/www.cn-semiconductorparts.com\/it\/product\/silicon-carbide-ceramic-tube\/","title":{"rendered":"Tubo ceramico in carburo di silicio"},"content":{"rendered":"<div class=\"fl-builder-content fl-builder-content-9358 fl-builder-content-primary fl-builder-global-templates-locked\" data-post-id=\"9358\">\n<div class=\"fl-row fl-row-full-width fl-row-bg-none fl-node-66879f32402fa\" data-node=\"66879f32402fa\">\n<div class=\"fl-row-content-wrap\">\n<div class=\"fl-row-content fl-row-full-width fl-node-content\">\n<div class=\"fl-col-group fl-node-66879f324033e\" data-node=\"66879f324033e\">\n<div class=\"fl-col fl-node-66879f324037f\" data-node=\"66879f324037f\" style=\"width: 100%;\">\n<div class=\"fl-col-content fl-node-content\">\n<div class=\"fl-module fl-module-rich-text fl-node-66879f324057e\" data-animation-delay=\"0.0\" data-node=\"66879f324057e\">\n<div class=\"fl-module-content fl-node-content\">\n<div class=\"fl-rich-text\">\n<p>Il tubo ceramico in carburo di silicio ha un'eccellente stabilit\u00e0 ad alta temperatura e pu\u00f2 mantenere la sua struttura e le prestazioni in ambienti estremamente ad alta temperatura. Pu\u00f2 resistere a temperature elevate fino a migliaia di gradi Celsius, quindi ha una vasta gamma di usi in applicazioni ad alta temperatura. Inoltre, il tubo ceramico in carburo di silicio ha anche una buona conduttivit\u00e0 termica e pu\u00f2 effettivamente condurre calore, rendendolo un ruolo importante nel campo della gestione termica e della dissipazione del calore.<\/p>\n<p>Il tubo ceramico in carburo di silicio mostra anche un'eccellente stabilit\u00e0 chimica e resistenza alla corrosione. Ha una buona resistenza a molti acidi, alcali e altri prodotti chimici, rendendolo ampiamente utilizzato in processi chimici, ambienti corrosivi e trattamento a base di acido. Inoltre, il tubo ceramico in carburo di silicio ha anche un basso coefficiente di espansione termica, che gli consente di mantenere una buona stabilit\u00e0 quando la temperatura cambia.<\/p>\n<p>Il tubo in ceramica in carburo di silicio ha una vasta gamma di applicazioni in molti settori. Nei forni ad alta temperatura, le attrezzature e i bruciatori di trattamento termico, il tubo ceramico in carburo di silicio pu\u00f2 essere utilizzato come interni del forno, materiali refrattari e materiali di isolamento termico. Nel settore chimico, pu\u00f2 essere utilizzato per condutture, reattori e serbatoi di stoccaggio per i media corrosivi. Inoltre, il tubo ceramico in carburo di silicio \u00e8 anche ampiamente utilizzato nella produzione di semiconduttori, nell'industria solare, nelle apparecchiature elettroniche e nell'aerospaziale.<\/p>\n<\/p><\/div>\n<\/p><\/div>\n<\/p><\/div>\n<\/p><\/div>\n<\/p><\/div>\n<\/p><\/div>\n<div class=\"fl-col-group fl-node-66879f32405bd\" data-node=\"66879f32405bd\">\n<div class=\"fl-col fl-node-6687a0d805e1d fl-col-small\" data-node=\"6687a0d805e1d\" style=\"width: 49.78%;\">\n<div class=\"fl-col-content fl-node-content\">\n<div class=\"fl-module fl-module-photo fl-node-66879f32404be\" data-animation-delay=\"0.0\" data-node=\"66879f32404be\">\n<div class=\"fl-module-content fl-node-content\">\n<div class=\"fl-photo fl-photo-align-center\" itemscope=\"\" itemtype=\"http:\/\/schema.org\/ImageObject\">\n<div class=\"fl-photo-content fl-photo-img-png\"> <img decoding=\"async\" alt=\"Tubo in ceramica in carburo di silicio (3)\" class=\"fl-photo-img wp-image-9371\" itemprop=\"image\" src=\"\/wp-content\/uploads\/2025\/09\/d55d9ba421154a39.webp\"> <\/img><\/div>\n<\/p><\/div>\n<\/p><\/div>\n<\/p><\/div>\n<\/p><\/div>\n<\/p><\/div>\n<div class=\"fl-col fl-node-66879f32405fd\" data-node=\"66879f32405fd\" style=\"width: 50.22%;\">\n<div class=\"fl-col-content fl-node-content\">\n<div class=\"fl-module fl-module-rich-text fl-node-66879f324053e\" data-animation-delay=\"0.0\" data-node=\"66879f324053e\">\n<div class=\"fl-module-content fl-node-content\">\n<div class=\"fl-rich-text\">\n<p>La forma e le dimensioni possono essere personalizzate in base ai requisiti<\/p>\n<p>Durezza molto elevata (HV10): 22.2 (GPA)<\/p>\n<p>Densit\u00e0 molto bassa (3,10-3,20 g\/cm\u00b3)<\/p>\n<p>A temperature fino a 1400 \u2103, SIC pu\u00f2 persino mantenere la sua forza<\/p>\n<p>A causa della sua stabilit\u00e0 chimica e fisica, SIC ha un'elevata durezza e resistenza alla corrosione.<\/p>\n<\/p><\/div>\n<\/p><\/div>\n<\/p><\/div>\n<\/p><\/div>\n<\/p><\/div>\n<\/p><\/div>\n<div class=\"fl-col-group fl-node-66879f324067c\" data-node=\"66879f324067c\">\n<div class=\"fl-col fl-node-66879f32406bc\" data-node=\"66879f32406bc\" style=\"width: 100%;\">\n<div class=\"fl-col-content fl-node-content\">\n<div class=\"fl-module fl-module-gallery fl-node-66879f32406fe\" data-animation-delay=\"0.0\" data-node=\"66879f32406fe\">\n<div class=\"fl-module-content fl-node-content\">\n<div class=\"fl-mosaicflow\">\n<div class=\"fl-mosaicflow-content\">\n<div class=\"fl-mosaicflow-item\">\n<div class=\"fl-photo fl-photo-align-center\" itemscope=\"\" itemtype=\"http:\/\/schema.org\/ImageObject\">\n<div class=\"fl-photo-content fl-photo-img-png\"> <a href=\"\/it\/uploads\/Silicon-carbide-ceramic-tube-11.webp\/\" itemprop=\"url\" target=\"_self\"> <img decoding=\"async\" alt=\"Tubo in ceramica in carburo di silicio (1)\" class=\"fl-photo-img wp-image-9369\" itemprop=\"image\" src=\"\/wp-content\/uploads\/2025\/09\/0f140fb8cca2115b.webp\"> <\/img><\/a> <\/div>\n<\/p><\/div>\n<\/p><\/div>\n<div class=\"fl-mosaicflow-item\">\n<div class=\"fl-photo fl-photo-align-center\" itemscope=\"\" itemtype=\"http:\/\/schema.org\/ImageObject\">\n<div class=\"fl-photo-content fl-photo-img-png\"> <a href=\"\/it\/uploads\/Silicon-carbide-ceramic-tube-21.webp\/\" itemprop=\"url\" target=\"_self\"> <img decoding=\"async\" alt=\"Tubo in ceramica in carburo di silicio (2)\" class=\"fl-photo-img wp-image-9370\" itemprop=\"image\" src=\"\/wp-content\/uploads\/2025\/09\/82a546b3e21e36f9.webp\"> <\/img><\/a> <\/div>\n<\/p><\/div>\n<\/p><\/div>\n<\/p><\/div>\n<div class=\"fl-clear\"><\/div>\n<\/p><\/div>\n<\/p><\/div>\n<\/p><\/div>\n<\/p><\/div>\n<\/p><\/div>\n<\/p><\/div>\n<\/p><\/div>\n<\/p><\/div>\n<\/p><\/div>\n<div class=\"fl-row fl-row-full-width fl-row-bg-none fl-node-6687a12431887\" data-node=\"6687a12431887\">\n<div class=\"fl-row-content-wrap\">\n<div class=\"fl-row-content fl-row-full-width fl-node-content\">\n<div class=\"fl-col-group fl-node-6687a124318d0\" data-node=\"6687a124318d0\">\n<div class=\"fl-col fl-node-6687a12431913\" data-node=\"6687a12431913\" style=\"width: 100%;\">\n<div class=\"fl-col-content fl-node-content\">\n<div class=\"fl-module fl-module-photo fl-node-6687a12431954\" data-animation-delay=\"0.0\" data-node=\"6687a12431954\">\n<div class=\"fl-module-content fl-node-content\">\n<div class=\"fl-photo fl-photo-align-center\" itemscope=\"\" itemtype=\"http:\/\/schema.org\/ImageObject\">\n<div class=\"fl-photo-content fl-photo-img-jpg\"> <img decoding=\"async\" alt=\"Luogo di lavoro semicera\" class=\"fl-photo-img wp-image-9038\" itemprop=\"image\" src=\"\/wp-content\/uploads\/2025\/09\/b1dd0bcab1675ff4.webp\"> <\/img><\/div>\n<\/p><\/div>\n<\/p><\/div>\n<\/p><\/div>\n<div class=\"fl-module fl-module-photo fl-node-6687a12431a9a\" data-animation-delay=\"0.0\" data-node=\"6687a12431a9a\">\n<div class=\"fl-module-content fl-node-content\">\n<div class=\"fl-photo fl-photo-align-center\" itemscope=\"\" itemtype=\"http:\/\/schema.org\/ImageObject\">\n<div class=\"fl-photo-content fl-photo-img-jpg\"> <img decoding=\"async\" alt=\"Semicera lavoro posto 2\" class=\"fl-photo-img wp-image-9037\" itemprop=\"image\" src=\"\/wp-content\/uploads\/2025\/09\/2b946d2b4b61306d.webp\"> <\/img><\/div>\n<\/p><\/div>\n<\/p><\/div>\n<\/p><\/div>\n<div class=\"fl-module fl-module-photo fl-node-6687a12431a59\" data-animation-delay=\"0.0\" data-node=\"6687a12431a59\">\n<div class=\"fl-module-content fl-node-content\">\n<div class=\"fl-photo fl-photo-align-center\" itemscope=\"\" itemtype=\"http:\/\/schema.org\/ImageObject\">\n<div class=\"fl-photo-content fl-photo-img-jpg\"> <img decoding=\"async\" alt=\"Macchina per attrezzature\" class=\"fl-photo-img wp-image-9034 size-full\" itemprop=\"image\" src=\"\/wp-content\/uploads\/2025\/09\/081b6529d68ead23.webp\"> <\/img><\/div>\n<\/p><\/div>\n<\/p><\/div>\n<\/p><\/div>\n<div class=\"fl-module fl-module-photo fl-node-6687a12431a18\" data-animation-delay=\"0.0\" data-node=\"6687a12431a18\">\n<div class=\"fl-module-content fl-node-content\">\n<div class=\"fl-photo fl-photo-align-center\" itemscope=\"\" itemtype=\"http:\/\/schema.org\/ImageObject\">\n<div class=\"fl-photo-content fl-photo-img-jpg\"> <img decoding=\"async\" alt=\"Elaborazione della CNN, pulizia chimica, rivestimento CVD\" class=\"fl-photo-img wp-image-9033\" itemprop=\"image\" src=\"\/wp-content\/uploads\/2025\/09\/a4132b2b399abbac.webp\"\/> <\/div>\n<\/p><\/div>\n<\/p><\/div>\n<\/p><\/div>\n<div class=\"fl-module fl-module-photo fl-node-6687a124319d7\" data-animation-delay=\"0.0\" data-node=\"6687a124319d7\">\n<div class=\"fl-module-content fl-node-content\">\n<div class=\"fl-photo fl-photo-align-center\" itemscope=\"\" itemtype=\"http:\/\/schema.org\/ImageObject\">\n<div class=\"fl-photo-content fl-photo-img-jpg\"> <img decoding=\"async\" alt=\"Semicera ware house\" class=\"fl-photo-img wp-image-9036\" itemprop=\"image\" src=\"\/wp-content\/uploads\/2025\/09\/2190bb9ce5c1d546.webp\"\/> <\/div>\n<\/p><\/div>\n<\/p><\/div>\n<\/p><\/div>\n<div class=\"fl-module fl-module-photo fl-node-6687a12431995\" data-animation-delay=\"0.0\" data-node=\"6687a12431995\">\n<div class=\"fl-module-content fl-node-content\">\n<div class=\"fl-photo fl-photo-align-center\" itemscope=\"\" itemtype=\"http:\/\/schema.org\/ImageObject\">\n<div class=\"fl-photo-content fl-photo-img-jpg\"> <img decoding=\"async\" alt=\"Il nostro servizio\" class=\"fl-photo-img wp-image-9035\" itemprop=\"image\" src=\"\/wp-content\/uploads\/2025\/09\/b07f222c0ec0ab8d.webp\"\/> <\/div>\n<\/p><\/div>\n<\/p><\/div>\n<\/p><\/div>\n<\/p><\/div>\n<\/p><\/div>\n<\/p><\/div>\n<\/p><\/div>\n<\/p><\/div>\n<\/p><\/div>\n<\/div>","protected":false},"excerpt":{"rendered":"<p>Il tubo ceramico in carburo di silicio \u00e8 un materiale ceramico tubolare con carburo di silicio (SIC) come componente principale. \u00c8 un materiale ceramico tubolare con stabilit\u00e0 ad alta temperatura, stabilit\u00e0 chimica e buona conducibilit\u00e0 termica. Il tubo ceramico in carburo di silicio \u00e8 ampiamente utilizzato nei campi di alta temperatura, corrosione chimica e gestione termica e svolge un ruolo importante.<\/p>","protected":false},"featured_media":900,"comment_status":"closed","ping_status":"open","template":"","meta":[],"product_brand":[],"product_cat":[25,24],"product_tag":[],"class_list":{"0":"post-1462","1":"product","2":"type-product","3":"status-publish","4":"has-post-thumbnail","6":"product_cat-more-sic-product","7":"product_cat-silicon-carbide-ceramic","9":"first","10":"instock","11":"product-type-simple"},"_links":{"self":[{"href":"https:\/\/www.cn-semiconductorparts.com\/it\/wp-json\/wp\/v2\/product\/1462","targetHints":{"allow":["GET"]}}],"collection":[{"href":"https:\/\/www.cn-semiconductorparts.com\/it\/wp-json\/wp\/v2\/product"}],"about":[{"href":"https:\/\/www.cn-semiconductorparts.com\/it\/wp-json\/wp\/v2\/types\/product"}],"replies":[{"embeddable":true,"href":"https:\/\/www.cn-semiconductorparts.com\/it\/wp-json\/wp\/v2\/comments?post=1462"}],"wp:featuredmedia":[{"embeddable":true,"href":"https:\/\/www.cn-semiconductorparts.com\/it\/wp-json\/wp\/v2\/media\/900"}],"wp:attachment":[{"href":"https:\/\/www.cn-semiconductorparts.com\/it\/wp-json\/wp\/v2\/media?parent=1462"}],"wp:term":[{"taxonomy":"product_brand","embeddable":true,"href":"https:\/\/www.cn-semiconductorparts.com\/it\/wp-json\/wp\/v2\/product_brand?post=1462"},{"taxonomy":"product_cat","embeddable":true,"href":"https:\/\/www.cn-semiconductorparts.com\/it\/wp-json\/wp\/v2\/product_cat?post=1462"},{"taxonomy":"product_tag","embeddable":true,"href":"https:\/\/www.cn-semiconductorparts.com\/it\/wp-json\/wp\/v2\/product_tag?post=1462"}],"curies":[{"name":"WP","href":"https:\/\/api.w.org\/{rel}","templated":true}]}}