{"id":1868,"date":"2025-09-11T05:31:25","date_gmt":"2025-09-11T05:31:25","guid":{"rendered":"https:\/\/weitai2.globaldeepsea.site\/product\/factory-directly-supply-sic-cantilever-paddles-silicon-carbide-sic-cantiliver-paddle\/"},"modified":"2026-04-29T15:30:39","modified_gmt":"2026-04-29T07:30:39","slug":"factory-directly-supply-sic-cantilever-paddles-silicon-carbide-sic-cantiliver-paddle","status":"publish","type":"product","link":"https:\/\/www.cn-semiconductorparts.com\/it\/product\/factory-directly-supply-sic-cantilever-paddles-silicon-carbide-sic-cantiliver-paddle\/","title":{"rendered":"Factory Directly supply Sic Cantilever Paddles Silicon Carbide Sic Cantiliver Paddle"},"content":{"rendered":"","protected":false},"excerpt":{"rendered":"<p>Silicon carbide paddle, also known as silicon carbide cantilever paddle, silicon carbide cantilever beam is a kind of silicon carbide ceramic products after 1850\u2103 high temperature sintering, but high temperature sintering silicon carbide ceramic is a special ceramic products, by fine particles \u03b1-SiC and additives pressed into a blank, in contact with liquid silicon at high temperature, carbon in the blank and L'infiltrazione della reazione di SI, la formazione di \u03b2-SIC e combinata con silicio \u03b1-SIC, riempie la porosit\u00e0, in modo da ottenere materiali ceramici ad alta densit\u00e0; Ha varie propriet\u00e0 superiori della ceramica industriale.<\/p>","protected":false},"featured_media":916,"comment_status":"closed","ping_status":"open","template":"","meta":[],"product_brand":[],"product_cat":[15],"product_tag":[],"class_list":{"0":"post-1868","1":"product","2":"type-product","3":"status-publish","4":"has-post-thumbnail","6":"product_cat-uncategorized","8":"first","9":"instock","10":"product-type-simple"},"_links":{"self":[{"href":"https:\/\/www.cn-semiconductorparts.com\/it\/wp-json\/wp\/v2\/product\/1868","targetHints":{"allow":["GET"]}}],"collection":[{"href":"https:\/\/www.cn-semiconductorparts.com\/it\/wp-json\/wp\/v2\/product"}],"about":[{"href":"https:\/\/www.cn-semiconductorparts.com\/it\/wp-json\/wp\/v2\/types\/product"}],"replies":[{"embeddable":true,"href":"https:\/\/www.cn-semiconductorparts.com\/it\/wp-json\/wp\/v2\/comments?post=1868"}],"wp:featuredmedia":[{"embeddable":true,"href":"https:\/\/www.cn-semiconductorparts.com\/it\/wp-json\/wp\/v2\/media\/916"}],"wp:attachment":[{"href":"https:\/\/www.cn-semiconductorparts.com\/it\/wp-json\/wp\/v2\/media?parent=1868"}],"wp:term":[{"taxonomy":"product_brand","embeddable":true,"href":"https:\/\/www.cn-semiconductorparts.com\/it\/wp-json\/wp\/v2\/product_brand?post=1868"},{"taxonomy":"product_cat","embeddable":true,"href":"https:\/\/www.cn-semiconductorparts.com\/it\/wp-json\/wp\/v2\/product_cat?post=1868"},{"taxonomy":"product_tag","embeddable":true,"href":"https:\/\/www.cn-semiconductorparts.com\/it\/wp-json\/wp\/v2\/product_tag?post=1868"}],"curies":[{"name":"WP","href":"https:\/\/api.w.org\/{rel}","templated":true}]}}