{"id":2011,"date":"2025-09-11T05:32:19","date_gmt":"2025-09-11T05:32:19","guid":{"rendered":"https:\/\/weitai2.globaldeepsea.site\/product\/tantalum-carbide%ef%bc%88tac%ef%bc%89-coated-plate\/"},"modified":"2026-04-29T15:29:26","modified_gmt":"2026-04-29T07:29:26","slug":"tantalum-carbide%ef%bc%88tac%ef%bc%89-coated-plate","status":"publish","type":"product","link":"https:\/\/www.cn-semiconductorparts.com\/it\/product\/tantalum-carbide\uff08tac\uff09-coated-plate\/","title":{"rendered":"Tantalum Carbide\uff08TaC\uff09 Coated Plate"},"content":{"rendered":"<p><?xml encoding=\"utf-8\" ?><\/p>\n<div class=\"fl-builder-content fl-builder-content-5723 fl-builder-content-primary fl-builder-global-templates-locked\" data-post-id=\"5723\">\n<div class=\"fl-row fl-row-full-width fl-row-bg-none fl-node-65dd9475f01f6\" data-node=\"65dd9475f01f6\">\n<div class=\"fl-row-content-wrap\">\n<div class=\"fl-row-content fl-row-full-width fl-node-content\">\n<div class=\"fl-col-group fl-node-65dd9475f02f6\" data-node=\"65dd9475f02f6\">\n<div class=\"fl-col fl-node-65dd9475f0335\" data-node=\"65dd9475f0335\" style=\"width: 100%;\">\n<div class=\"fl-col-content fl-node-content\">\n<div class=\"fl-module fl-module-rich-text fl-node-65dd9475f0374\" data-animation-delay=\"0.0\" data-node=\"65dd9475f0374\">\n<div class=\"fl-module-content fl-node-content\">\n<div class=\"fl-rich-text\">\n<p><span style=\"font-family: 'Segoe UI';\">Semicera offre rivestimenti specializzati in carburo di tantalum (TAC) per vari componenti e vettori.<\/span>&nbsp;Semicera leading coating process enables tantalum carbide (TaC) coatings to achieve high purity, high temperature stability and high chemical tolerance, improving product quality of SIC\/GAN crystals and EPI layers (Graphite coated TaC susceptor), and extending the life of key reactor components. The use of tantalum carbide TaC coating is to solve the edge problem and improve the quality of crystal growth, and&nbsp;Semicera Semicera has breakthrough solved the tantalum carbide coating technology (CVD), reaching the international advanced level.<\/p>\n<div id=\"gtx-trans\" style=\"position: absolute; left: 115px; top: 43.8906px;\">&nbsp;<\/div>\n<\/p><\/div>\n<\/p><\/div>\n<\/p><\/div>\n<\/p><\/div>\n<\/p><\/div>\n<\/p><\/div>\n<div class=\"fl-col-group fl-node-65dd9475f06e4\" data-node=\"65dd9475f06e4\">\n<div class=\"fl-col fl-node-65dd9475f0723\" data-node=\"65dd9475f0723\" style=\"width: 100%;\">\n<div class=\"fl-col-content fl-node-content\">\n<div class=\"fl-module fl-module-rich-text fl-node-65dd9475f0762\" data-animation-delay=\"0.0\" data-node=\"65dd9475f0762\">\n<div class=\"fl-module-content fl-node-content\">\n<div class=\"fl-rich-text\">\n<p>After years of development, Semicera has conquered the technology of CVD TaC with the joint efforts of the R&amp;D department. Defects are easy to occur in the growth process of SiC wafers, but after using TaC, the difference is significant. Below is a comparison of wafers with and without TaC, as well as Simicera&#8217; parts for single crystal growth&nbsp;<\/p>\n<\/p><\/div>\n<\/p><\/div>\n<\/p><\/div>\n<\/p><\/div>\n<\/p><\/div>\n<\/p><\/div>\n<div class=\"fl-col-group fl-node-65dd9475f0b12\" data-node=\"65dd9475f0b12\">\n<div class=\"fl-col fl-node-65dd9475f0c0f fl-col-small\" data-node=\"65dd9475f0c0f\" style=\"width: 50%;\">\n<div class=\"fl-col-content fl-node-content\">\n<div class=\"fl-module fl-module-photo fl-node-65dd9475f0b90\" data-animation-delay=\"0.0\" data-node=\"65dd9475f0b90\">\n<div class=\"fl-module-content fl-node-content\">\n<div class=\"fl-photo fl-photo-align-center\" itemscope=\"\" itemtype=\"http:\/\/schema.org\/ImageObject\">\n<div class=\"fl-photo-content fl-photo-img-jpg\"> <img decoding=\"async\" alt=\"b917b6b4-7572-47fe-9074-24d33288257c\" class=\"fl-photo-img wp-image-6551\" itemprop=\"image\" src=\"\/wp-content\/uploads\/2025\/09\/4237e668f8b30dd0.webp\"> <\/div>\n<\/p><\/div>\n<\/p><\/div>\n<\/p><\/div>\n<div class=\"fl-module fl-module-heading fl-node-65dd9475f0c8c\" data-animation-delay=\"0.0\" data-node=\"65dd9475f0c8c\">\n<div class=\"fl-module-content fl-node-content\">\n<h3 class=\"fl-heading\">  TAC parte per la crescita singola cristallo  <\/h3>\n<\/p><\/div>\n<\/p><\/div>\n<\/p><\/div>\n<\/p><\/div>\n<div class=\"fl-col fl-node-65dd9475f0b51 fl-col-small\" data-node=\"65dd9475f0b51\" style=\"width: 50%;\">\n<div class=\"fl-col-content fl-node-content\">\n<div class=\"fl-module fl-module-photo fl-node-65dd9475f0bd0\" data-animation-delay=\"0.0\" data-node=\"65dd9475f0bd0\">\n<div class=\"fl-module-content fl-node-content\">\n<div class=\"fl-photo fl-photo-align-center\" itemscope=\"\" itemtype=\"http:\/\/schema.org\/ImageObject\">\n<div class=\"fl-photo-content fl-photo-img-jpg\"> <img decoding=\"async\" alt=\"Antiwear Tantalum Carbide rivestimento_ Protegge l&#039;attrezzatura dall&#039;usura e dalla corrosione Immagine in primo piano\" class=\"fl-photo-img wp-image-6556\" itemprop=\"image\" src=\"\/wp-content\/uploads\/2025\/09\/b649860e6c3b4d4c.webp\"> <\/div>\n<\/p><\/div>\n<\/p><\/div>\n<\/p><\/div>\n<div class=\"fl-module fl-module-heading fl-node-65dd9475f0c4e\" data-animation-delay=\"0.0\" data-node=\"65dd9475f0c4e\">\n<div class=\"fl-module-content fl-node-content\">\n<h3 class=\"fl-heading\">  Grafite con anello rivestito TAC  <\/h3>\n<\/p><\/div>\n<\/p><\/div>\n<\/p><\/div>\n<\/p><\/div>\n<\/p><\/div>\n<div class=\"fl-col-group fl-node-65dd9475f05aa\" data-node=\"65dd9475f05aa\">\n<div class=\"fl-col fl-node-65dd9475f06a6 fl-col-small\" data-node=\"65dd9475f06a6\" style=\"width: 50%;\">\n<div class=\"fl-col-content fl-node-content\">\n<div class=\"fl-module fl-module-photo fl-node-65dd9475f0628\" data-animation-delay=\"0.0\" data-node=\"65dd9475f0628\">\n<div class=\"fl-module-content fl-node-content\">\n<div class=\"fl-photo fl-photo-align-center\" itemscope=\"\" itemtype=\"http:\/\/schema.org\/ImageObject\">\n<div class=\"fl-photo-content fl-photo-img-png\"> <img decoding=\"async\" alt=\"&#24494;&#20449;&#22270;&#29255;_20240227150045\" class=\"fl-photo-img wp-image-6621\" itemprop=\"image\" src=\"\/wp-content\/uploads\/2025\/09\/2cd49ccb4cfabe42.webp\"> <\/div>\n<\/p><\/div>\n<\/p><\/div>\n<\/p><\/div>\n<div class=\"fl-module fl-module-heading fl-node-65dd9475f091b\" data-animation-delay=\"0.0\" data-node=\"65dd9475f091b\">\n<div class=\"fl-module-content fl-node-content\">\n<h3 class=\"fl-heading\"> <span class=\"fl-heading-text\">con e senza tac<\/span> <\/h3>\n<\/p><\/div>\n<\/p><\/div>\n<\/p><\/div>\n<\/p><\/div>\n<div class=\"fl-col fl-node-65dd9475f05e9 fl-col-small\" data-node=\"65dd9475f05e9\" style=\"width: 50%;\">\n<div class=\"fl-col-content fl-node-content\">\n<div class=\"fl-module fl-module-photo fl-node-65dd9475f0667\" data-animation-delay=\"0.0\" data-node=\"65dd9475f0667\">\n<div class=\"fl-module-content fl-node-content\">\n<div class=\"fl-photo fl-photo-align-center\" itemscope=\"\" itemtype=\"http:\/\/schema.org\/ImageObject\">\n<div class=\"fl-photo-content fl-photo-img-png\"> <img decoding=\"async\" alt=\"&#24494;&#20449;&#22270;&#29255;_20240227150053\" class=\"fl-photo-img wp-image-6620\" itemprop=\"image\" src=\"\/wp-content\/uploads\/2025\/09\/a0422af12a1b298a.webp\"> <\/div>\n<\/p><\/div>\n<\/p><\/div>\n<\/p><\/div>\n<div class=\"fl-module fl-module-heading fl-node-65dd9475f08dc\" data-animation-delay=\"0.0\" data-node=\"65dd9475f08dc\">\n<div class=\"fl-module-content fl-node-content\">\n<h3 class=\"fl-heading\"> <span class=\"fl-heading-text\">Dopo aver usato TAC (a destra)<\/span> <\/h3>\n<\/p><\/div>\n<\/p><\/div>\n<\/p><\/div>\n<\/p><\/div>\n<\/p><\/div>\n<div class=\"fl-col-group fl-node-65dd9475f07e0\" data-node=\"65dd9475f07e0\">\n<div class=\"fl-col fl-node-65dd9475f081f\" data-node=\"65dd9475f081f\" style=\"width: 100%;\">\n<div class=\"fl-col-content fl-node-content\">\n<div class=\"fl-module fl-module-rich-text fl-node-65dd9475f07a0\" data-animation-delay=\"0.0\" data-node=\"65dd9475f07a0\">\n<div class=\"fl-module-content fl-node-content\">\n<div class=\"fl-rich-text\">\n<p>Inoltre, la durata della durata dei prodotti TAC di semicera \u00e8 pi\u00f9 lunga e pi\u00f9 resistente alle alte temperature di quella del rivestimento SIC. Dopo un lungo periodo di dati di misurazione di laboratorio, il nostro TAC pu\u00f2 funzionare a lungo al massimo di 2300 gradi Celsius. Di seguito sono riportati alcuni dei nostri campioni:<\/p>\n<\/p><\/div>\n<\/p><\/div>\n<\/p><\/div>\n<\/p><\/div>\n<\/p><\/div>\n<\/p><\/div>\n<div class=\"fl-col-group fl-node-65dd9475f095a\" data-node=\"65dd9475f095a\">\n<div class=\"fl-col fl-node-65dd9475f0a56 fl-col-small\" data-node=\"65dd9475f0a56\" style=\"width: 50%;\">\n<div class=\"fl-col-content fl-node-content\">\n<div class=\"fl-module fl-module-photo fl-node-65dd9475f09d8\" data-animation-delay=\"0.0\" data-node=\"65dd9475f09d8\">\n<div class=\"fl-module-content fl-node-content\">\n<div class=\"fl-photo fl-photo-align-center\" itemscope=\"\" itemtype=\"http:\/\/schema.org\/ImageObject\">\n<div class=\"fl-photo-content fl-photo-img-png\"> <img decoding=\"async\" alt=\"3 (2)\" class=\"fl-photo-img wp-image-6555\" itemprop=\"image\" src=\"\/wp-content\/uploads\/2025\/09\/0ec1a5c315fd7be4.webp\"> <\/div>\n<\/p><\/div>\n<\/p><\/div>\n<\/p><\/div>\n<div class=\"fl-module fl-module-heading fl-node-65dd9475f0ad4\" data-animation-delay=\"0.0\" data-node=\"65dd9475f0ad4\">\n<div class=\"fl-module-content fl-node-content\">\n<h3 class=\"fl-heading\">  Suscettore rivestito TAC  <\/h3>\n<\/p><\/div>\n<\/p><\/div>\n<\/p><\/div>\n<\/p><\/div>\n<div class=\"fl-col fl-node-65dd9475f0999 fl-col-small\" data-node=\"65dd9475f0999\" style=\"width: 50%;\">\n<div class=\"fl-col-content fl-node-content\">\n<div class=\"fl-module fl-module-photo fl-node-65dd9475f0a17\" data-animation-delay=\"0.0\" data-node=\"65dd9475f0a17\">\n<div class=\"fl-module-content fl-node-content\">\n<div class=\"fl-photo fl-photo-align-center\" itemscope=\"\" itemtype=\"http:\/\/schema.org\/ImageObject\">\n<div class=\"fl-photo-content fl-photo-img-jpg\"> <img decoding=\"async\" alt=\"Innovative Tantalum Carbide Coating Technology_ Material durezza e resistenza ad alta temperatura\" class=\"fl-photo-img wp-image-6552\" itemprop=\"image\" src=\"\/wp-content\/uploads\/2025\/09\/e4cefcad53c59428.webp\"> <\/div>\n<\/p><\/div>\n<\/p><\/div>\n<\/p><\/div>\n<div class=\"fl-module fl-module-heading fl-node-65dd9475f0a95\" data-animation-delay=\"0.0\" data-node=\"65dd9475f0a95\">\n<div class=\"fl-module-content fl-node-content\">\n<h3 class=\"fl-heading\">  Grafite con reattore rivestito TAC  <\/h3>\n<\/p><\/div>\n<\/p><\/div>\n<\/p><\/div>\n<\/p><\/div>\n<\/p><\/div>\n<div class=\"fl-col-group fl-node-65dd9475f052c\" data-node=\"65dd9475f052c\">\n<div class=\"fl-col fl-node-65dd9475f056c\" data-node=\"65dd9475f056c\" style=\"width: 100%;\">\n<div class=\"fl-col-content fl-node-content\">\n<div class=\"fl-module fl-module-photo fl-node-65dd9475f04af\" data-animation-delay=\"0.0\" data-node=\"65dd9475f04af\">\n<div class=\"fl-module-content fl-node-content\">\n<div class=\"fl-photo fl-photo-align-center\" itemscope=\"\" itemtype=\"http:\/\/schema.org\/ImageObject\">\n<div class=\"fl-photo-content fl-photo-img-jpg\"> <img decoding=\"async\" alt=\"&#24494;&#20449;&#25130;&#22270;_20240227145010\" class=\"fl-photo-img wp-image-6617\" itemprop=\"image\" src=\"\/wp-content\/uploads\/2025\/09\/a78744c3b6b5d143.webp\"> <\/div>\n<\/p><\/div>\n<\/p><\/div>\n<\/p><\/div>\n<div class=\"fl-module fl-module-heading fl-node-65dd9475f04ee\" data-animation-delay=\"0.0\" data-node=\"65dd9475f04ee\">\n<div class=\"fl-module-content fl-node-content\">\n<h3 class=\"fl-heading\"> <span class=\"fl-heading-text\">(a) Diagramma schematico del dispositivo di crescita del lingotto a cristallo singolo SIC mediante metodo PVT (B) staffa di semi rivestito TAC superiore (incluso seme SIC) (C) Anello guida a grafite con rivestimento TAC<\/span> <\/h3>\n<\/p><\/div>\n<\/p><\/div>\n<\/p><\/div>\n<\/p><\/div>\n<\/p><\/div>\n<div class=\"fl-col-group fl-node-65dd9475f085e\" data-node=\"65dd9475f085e\">\n<div class=\"fl-col fl-node-65dd9475f089d\" data-node=\"65dd9475f089d\" style=\"width: 100%;\">\n<div class=\"fl-col-content fl-node-content\">\n<div class=\"fl-module fl-module-photo fl-node-65dd9475f03b3\" data-animation-delay=\"0.0\" data-node=\"65dd9475f03b3\">\n<div class=\"fl-module-content fl-node-content\">\n<div class=\"fl-photo fl-photo-align-center\" itemscope=\"\" itemtype=\"http:\/\/schema.org\/ImageObject\">\n<div class=\"fl-photo-content fl-photo-img-png\"> <img decoding=\"async\" alt=\"Zdfvzcfv\" class=\"fl-photo-img wp-image-1695\" itemprop=\"image\" src=\"\/wp-content\/uploads\/2025\/09\/3af45f659235a2b7.webp\"> <\/div>\n<\/p><\/div>\n<\/p><\/div>\n<\/p><\/div>\n<\/p><\/div>\n<\/p><\/div>\n<\/p><\/div>\n<div class=\"fl-col-group fl-node-65dd9475f0239\" data-node=\"65dd9475f0239\">\n<div class=\"fl-col fl-node-65dd9475f0278\" data-node=\"65dd9475f0278\" style=\"width: 100%;\">\n<div class=\"fl-col-content fl-node-content\">\n<div class=\"fl-module fl-module-photo fl-node-65dd9475f02b8\" data-animation-delay=\"0.0\" data-node=\"65dd9475f02b8\">\n<div class=\"fl-module-content fl-node-content\">\n<div class=\"fl-photo fl-photo-align-center\" itemscope=\"\" itemtype=\"http:\/\/schema.org\/ImageObject\">\n<div class=\"fl-photo-content fl-photo-img-png\"> <img decoding=\"async\" alt=\"Caratteristica principale\" class=\"fl-photo-img wp-image-1693\" itemprop=\"image\" src=\"\/wp-content\/uploads\/2025\/09\/5ef7704e93891c45.webp\"> <\/div>\n<\/p><\/div>\n<\/p><\/div>\n<\/p><\/div>\n<\/p><\/div>\n<\/p><\/div>\n<\/p><\/div>\n<div class=\"fl-col-group fl-node-65dd9475f03f2\" data-node=\"65dd9475f03f2\">\n<div class=\"fl-col fl-node-65dd9475f0431\" data-node=\"65dd9475f0431\" style=\"width: 100%;\">\n<div class=\"fl-col-content fl-node-content\">\n<div class=\"fl-module fl-module-photo fl-node-65dd9475f0470\" data-animation-delay=\"0.0\" data-node=\"65dd9475f0470\">\n<div class=\"fl-module-content fl-node-content\">\n<div class=\"fl-photo fl-photo-align-center\" itemscope=\"\" itemtype=\"http:\/\/schema.org\/ImageObject\">\n<div class=\"fl-photo-content fl-photo-img-jpg\"> <img decoding=\"async\" alt=\"Luogo di lavoro semicera\" class=\"fl-photo-img wp-image-7286\" itemprop=\"image\" src=\"\/wp-content\/uploads\/2025\/09\/b1dd0bcab1675ff4.webp\"> <\/div>\n<\/p><\/div>\n<\/p><\/div>\n<\/p><\/div>\n<div class=\"fl-module fl-module-photo fl-node-66175f5ce9516\" data-animation-delay=\"0.0\" data-node=\"66175f5ce9516\">\n<div class=\"fl-module-content fl-node-content\">\n<div class=\"fl-photo fl-photo-align-center\" itemscope=\"\" itemtype=\"http:\/\/schema.org\/ImageObject\">\n<div class=\"fl-photo-content fl-photo-img-jpg\"> <img decoding=\"async\" alt=\"Semicera lavoro posto 2\" class=\"fl-photo-img wp-image-7287\" itemprop=\"image\" src=\"\/wp-content\/uploads\/2025\/09\/2b946d2b4b61306d.webp\"> <\/div>\n<\/p><\/div>\n<\/p><\/div>\n<\/p><\/div>\n<div class=\"fl-module fl-module-photo fl-node-66175f5c516d9\" data-animation-delay=\"0.0\" data-node=\"66175f5c516d9\">\n<div class=\"fl-module-content fl-node-content\">\n<div class=\"fl-photo fl-photo-align-center\" itemscope=\"\" itemtype=\"http:\/\/schema.org\/ImageObject\">\n<div class=\"fl-photo-content fl-photo-img-jpg\"> <img decoding=\"async\" alt=\"Macchina per attrezzature\" class=\"fl-photo-img wp-image-7288\" itemprop=\"image\" src=\"\/wp-content\/uploads\/2025\/09\/081b6529d68ead23.webp\"> <\/div>\n<\/p><\/div>\n<\/p><\/div>\n<\/p><\/div>\n<div class=\"fl-module fl-module-photo fl-node-66175f5b8b9ec\" data-animation-delay=\"0.0\" data-node=\"66175f5b8b9ec\">\n<div class=\"fl-module-content fl-node-content\">\n<div class=\"fl-photo fl-photo-align-center\" itemscope=\"\" itemtype=\"http:\/\/schema.org\/ImageObject\">\n<div class=\"fl-photo-content fl-photo-img-jpg\"> <img decoding=\"async\" alt=\"Elaborazione della CNN, pulizia chimica, rivestimento CVD\" class=\"fl-photo-img wp-image-7289\" itemprop=\"image\" src=\"\/wp-content\/uploads\/2025\/09\/a4132b2b399abbac.webp\"> <\/div>\n<\/p><\/div>\n<\/p><\/div>\n<\/p><\/div>\n<div class=\"fl-module fl-module-photo fl-node-66175f5ac0819\" data-animation-delay=\"0.0\" data-node=\"66175f5ac0819\">\n<div class=\"fl-module-content fl-node-content\">\n<div class=\"fl-photo fl-photo-align-center\" itemscope=\"\" itemtype=\"http:\/\/schema.org\/ImageObject\">\n<div class=\"fl-photo-content fl-photo-img-jpg\"> <img decoding=\"async\" alt=\"Il nostro servizio\" class=\"fl-photo-img wp-image-7290\" itemprop=\"image\" src=\"\/wp-content\/uploads\/2025\/09\/b07f222c0ec0ab8d.webp\"> <\/div>\n<\/p><\/div>\n<\/p><\/div>\n<\/p><\/div>\n<\/p><\/div>\n<\/p><\/div>\n<\/p><\/div>\n<\/p><\/div>\n<\/p><\/div>\n<\/p><\/div>\n<\/div>","protected":false},"excerpt":{"rendered":"<p><?xml encoding=\"utf-8\" ?><\/p>\n<p>Tantalum carbide coating is an advanced surface coating technology that uses tantalum carbide material to form a hard, wear-resistant and corrosion-resistant protective layer on the surface of the substrate. This coating has excellent properties that significantly increase the material&rsquo;s hardness, high temperature resistance and chemical resistance, while reducing friction and wear. Tantalum carbide coatings are widely used in various fields, including industrial manufacturing, aerospace, automotive engineering and medical equipment, to extend material life, improve production efficiency and reduce maintenance costs. Whether protecting metal surfaces from corrosion or enhancing the wear resistance and oxidation resistance of mechanical parts, tantalum carbide coatings provide a reliable solution for a variety of applications.<\/p>","protected":false},"featured_media":836,"comment_status":"closed","ping_status":"open","template":"","meta":[],"product_brand":[],"product_cat":[23,21],"product_tag":[],"class_list":{"0":"post-2011","1":"product","2":"type-product","3":"status-publish","4":"has-post-thumbnail","6":"product_cat-lsotropic-graphite","7":"product_cat-specialty-graphite","9":"first","10":"instock","11":"product-type-simple"},"_links":{"self":[{"href":"https:\/\/www.cn-semiconductorparts.com\/it\/wp-json\/wp\/v2\/product\/2011","targetHints":{"allow":["GET"]}}],"collection":[{"href":"https:\/\/www.cn-semiconductorparts.com\/it\/wp-json\/wp\/v2\/product"}],"about":[{"href":"https:\/\/www.cn-semiconductorparts.com\/it\/wp-json\/wp\/v2\/types\/product"}],"replies":[{"embeddable":true,"href":"https:\/\/www.cn-semiconductorparts.com\/it\/wp-json\/wp\/v2\/comments?post=2011"}],"wp:featuredmedia":[{"embeddable":true,"href":"https:\/\/www.cn-semiconductorparts.com\/it\/wp-json\/wp\/v2\/media\/836"}],"wp:attachment":[{"href":"https:\/\/www.cn-semiconductorparts.com\/it\/wp-json\/wp\/v2\/media?parent=2011"}],"wp:term":[{"taxonomy":"product_brand","embeddable":true,"href":"https:\/\/www.cn-semiconductorparts.com\/it\/wp-json\/wp\/v2\/product_brand?post=2011"},{"taxonomy":"product_cat","embeddable":true,"href":"https:\/\/www.cn-semiconductorparts.com\/it\/wp-json\/wp\/v2\/product_cat?post=2011"},{"taxonomy":"product_tag","embeddable":true,"href":"https:\/\/www.cn-semiconductorparts.com\/it\/wp-json\/wp\/v2\/product_tag?post=2011"}],"curies":[{"name":"WP","href":"https:\/\/api.w.org\/{rel}","templated":true}]}}