{"id":2049,"date":"2025-09-11T05:32:25","date_gmt":"2025-09-11T05:32:25","guid":{"rendered":"https:\/\/weitai2.globaldeepsea.site\/product\/ios-certificate-high-temperature-silicon-carbide-ceramic-sic-ceramic-plate\/"},"modified":"2026-04-29T15:29:25","modified_gmt":"2026-04-29T07:29:25","slug":"ios-certificate-high-temperature-silicon-carbide-ceramic-sic-ceramic-plate","status":"publish","type":"product","link":"https:\/\/www.cn-semiconductorparts.com\/it\/product\/ios-certificate-high-temperature-silicon-carbide-ceramic-sic-ceramic-plate\/","title":{"rendered":"Certificato iOS Piatto ceramico in carburo ad alta temperatura\/silicio"},"content":{"rendered":"","protected":false},"excerpt":{"rendered":"<p>Si3n4 SIC legato come nuovo materiale refrattario di tipo, \u00e8 ampiamente utilizzato. La temperatura di applicazione \u00e8 1400 C.It ha una migliore stabilit\u00e0 termica, lo shock termico, che \u00e8 migliore del semplice materiale refrattario. ect.<\/p>","protected":false},"featured_media":1095,"comment_status":"closed","ping_status":"open","template":"","meta":[],"product_brand":[],"product_cat":[16,49],"product_tag":[],"class_list":{"0":"post-2049","1":"product","2":"type-product","3":"status-publish","4":"has-post-thumbnail","6":"product_cat-cvd-sic","7":"product_cat-mocvd-epitaxial-parts","9":"first","10":"instock","11":"product-type-simple"},"_links":{"self":[{"href":"https:\/\/www.cn-semiconductorparts.com\/it\/wp-json\/wp\/v2\/product\/2049","targetHints":{"allow":["GET"]}}],"collection":[{"href":"https:\/\/www.cn-semiconductorparts.com\/it\/wp-json\/wp\/v2\/product"}],"about":[{"href":"https:\/\/www.cn-semiconductorparts.com\/it\/wp-json\/wp\/v2\/types\/product"}],"replies":[{"embeddable":true,"href":"https:\/\/www.cn-semiconductorparts.com\/it\/wp-json\/wp\/v2\/comments?post=2049"}],"wp:featuredmedia":[{"embeddable":true,"href":"https:\/\/www.cn-semiconductorparts.com\/it\/wp-json\/wp\/v2\/media\/1095"}],"wp:attachment":[{"href":"https:\/\/www.cn-semiconductorparts.com\/it\/wp-json\/wp\/v2\/media?parent=2049"}],"wp:term":[{"taxonomy":"product_brand","embeddable":true,"href":"https:\/\/www.cn-semiconductorparts.com\/it\/wp-json\/wp\/v2\/product_brand?post=2049"},{"taxonomy":"product_cat","embeddable":true,"href":"https:\/\/www.cn-semiconductorparts.com\/it\/wp-json\/wp\/v2\/product_cat?post=2049"},{"taxonomy":"product_tag","embeddable":true,"href":"https:\/\/www.cn-semiconductorparts.com\/it\/wp-json\/wp\/v2\/product_tag?post=2049"}],"curies":[{"name":"WP","href":"https:\/\/api.w.org\/{rel}","templated":true}]}}