{"id":2226,"date":"2025-09-11T05:33:27","date_gmt":"2025-09-11T05:33:27","guid":{"rendered":"https:\/\/weitai2.globaldeepsea.site\/product\/high-purity-sic-ceramic-reflector-can-be-customized\/"},"modified":"2026-04-29T15:28:12","modified_gmt":"2026-04-29T07:28:12","slug":"high-purity-sic-ceramic-reflector-can-be-customized","status":"publish","type":"product","link":"https:\/\/www.cn-semiconductorparts.com\/it\/product\/high-purity-sic-ceramic-reflector-can-be-customized\/","title":{"rendered":"Il riflettore ceramico SiC ad alta purezza pu\u00f2 essere personalizzato"},"content":{"rendered":"<div class=\"fl-builder-content fl-builder-content-3067 fl-builder-content-primary fl-builder-global-templates-locked\" data-post-id=\"3067\">\n<div class=\"fl-row fl-row-full-width fl-row-bg-none fl-node-64ddb877af0eb\" data-node=\"64ddb877af0eb\">\n<div class=\"fl-row-content-wrap\">\n<div class=\"fl-row-content fl-row-full-width fl-node-content\">\n<div class=\"fl-col-group fl-node-64ddb877af133\" data-node=\"64ddb877af133\">\n<div class=\"fl-col fl-node-64ddb877af177\" data-node=\"64ddb877af177\" style=\"width: 100%;\">\n<div class=\"fl-col-content fl-node-content\">\n<div class=\"fl-module fl-module-heading fl-node-64ddb877af1b9 pro_tit\" data-animation-delay=\"0.0\" data-node=\"64ddb877af1b9\">\n<div class=\"fl-module-content fl-node-content\">\n<h3 class=\"fl-heading\"> <span class=\"fl-heading-text\">Descrizione<\/span> <\/h3>\n<\/p><\/div>\n<\/p><\/div>\n<\/p><\/div>\n<\/p><\/div>\n<\/p><\/div>\n<div class=\"fl-col-group fl-node-64ddb877af1fa\" data-node=\"64ddb877af1fa\">\n<div class=\"fl-col fl-node-64ddb877af23c\" data-node=\"64ddb877af23c\" style=\"width: 100%;\">\n<div class=\"fl-col-content fl-node-content\">\n<div class=\"fl-module fl-module-rich-text fl-node-64ddb877af27d\" data-animation-delay=\"0.0\" data-node=\"64ddb877af27d\">\n<div class=\"fl-module-content fl-node-content\">\n<div class=\"fl-rich-text\">\n<p>La durezza delle parti strutturali ceramiche in carburo di silicio \u00e8 seconda solo a Diamond, Vickers Durezza 2500; Come materiale super duro e fragile, \u00e8 molto difficile elaborare parti strutturali in carburo di silicio. Wei Tai Energy Technology adotta CNC Machining Center. Nel processo di macinazione circolare interna ed esterna delle parti strutturali ceramiche in carburo di silicio, la tolleranza al diametro pu\u00f2 essere controllata entro \u00b1 0,005 mm e rotondit\u00e0 \u00b1 0,005 mm. La struttura ceramica in carburo di silicio lavorata di precisione ha una superficie liscia, nessuna bara, nessuna porosit\u00e0, nessuna fessura, rugosit\u00e0 di RA0,1\u03bcm.<\/p>\n<p>Specchio in carburo di silicio, specchio SIC, specchio ceramico in carburo di silicio, specchio leggero specchio SIC corpo bianco, wei tai tecnologia energetica specchio in carburo di silicio, specchio SIC, specchio SIC, specchio in ceramica in carbidi in silicio, specchio leggero specchio siic a specchio a vuoto \u22653,10 g\/cm3.<\/p>\n<\/p><\/div>\n<\/p><\/div>\n<\/p><\/div>\n<\/p><\/div>\n<\/p><\/div>\n<\/p><\/div>\n<div class=\"fl-col-group fl-node-64ddb877af2bf\" data-node=\"64ddb877af2bf\">\n<div class=\"fl-col fl-node-64ddb877af4f7\" data-node=\"64ddb877af4f7\" style=\"width: 100%;\">\n<div class=\"fl-col-content fl-node-content\">\n<div class=\"fl-module fl-module-gallery fl-node-6556e2189de0a\" data-animation-delay=\"0.0\" data-node=\"6556e2189de0a\">\n<div class=\"fl-module-content fl-node-content\">\n<div class=\"fl-mosaicflow\">\n<div class=\"fl-mosaicflow-content\">\n<div class=\"fl-mosaicflow-item\">\n<div class=\"fl-photo fl-photo-align-center\" itemscope=\"\" itemtype=\"http:\/\/schema.org\/ImageObject\">\n<div class=\"fl-photo-content fl-photo-img-png\"> <a href=\"\/it\/uploads\/91d4c80d1.webp\/\" itemprop=\"url\" target=\"_self\"> <img decoding=\"async\" alt=\"Riflettore SiC (7\uff09\" class=\"fl-photo-img wp-image-5186\" itemprop=\"image\" src=\"\/wp-content\/uploads\/2025\/09\/c0d6aee414c948e2.webp\"> <\/img><\/a> <\/div>\n<\/p><\/div>\n<\/p><\/div>\n<div class=\"fl-mosaicflow-item\">\n<div class=\"fl-photo fl-photo-align-center\" itemscope=\"\" itemtype=\"http:\/\/schema.org\/ImageObject\">\n<div class=\"fl-photo-content fl-photo-img-jpg\"> <a href=\"\/it\/uploads\/SiC-Reflector-.webp\/\" itemprop=\"url\" target=\"_self\"> <img decoding=\"async\" alt=\"Riflettore SIC\" class=\"fl-photo-img wp-image-5187\" itemprop=\"image\" src=\"\/wp-content\/uploads\/2025\/09\/c3abc1087157ee6a.webp\"> <\/img><\/a> <\/div>\n<\/p><\/div>\n<\/p><\/div>\n<div class=\"fl-mosaicflow-item\">\n<div class=\"fl-photo fl-photo-align-center\" itemscope=\"\" itemtype=\"http:\/\/schema.org\/ImageObject\">\n<div class=\"fl-photo-content fl-photo-img-png\"> <a href=\"\/it\/uploads\/SiC-Reflector-7.webp\/\" itemprop=\"url\" target=\"_self\"> <img decoding=\"async\" alt=\"Riflettore SIC\" class=\"fl-photo-img wp-image-5189\" itemprop=\"image\" src=\"\/wp-content\/uploads\/2025\/09\/a75a2a434c9b57aa.webp\"> <\/img><\/a> <\/div>\n<\/p><\/div>\n<\/p><\/div>\n<\/p><\/div>\n<div class=\"fl-clear\"><\/div>\n<\/p><\/div>\n<\/p><\/div>\n<\/p><\/div>\n<\/p><\/div>\n<\/p><\/div>\n<\/p><\/div>\n<div class=\"fl-col-group fl-node-64ddb877af433\" data-node=\"64ddb877af433\">\n<div class=\"fl-col fl-node-64ddb877af475\" data-node=\"64ddb877af475\" style=\"width: 100%;\">\n<div class=\"fl-col-content fl-node-content\">\n<div class=\"fl-module fl-module-rich-text fl-node-64ddb877af3f1\" data-animation-delay=\"0.0\" data-node=\"64ddb877af3f1\">\n<div class=\"fl-module-content fl-node-content\">\n<div class=\"fl-rich-text\">\n<p>1. La superficie della grande tavola \u00e8 alta e liscia<br \/> WEI TAI Energy Technology Assorbimento del vuoto Le dimensioni della scheda della scheda fino a 1950*3950 mm (oltre a questa dimensione pu\u00f2 essere splicing). Ha la planarit\u00e0 e la deflessione, la planarit\u00e0 \u00e8 generalmente controllata in 25 fili, fino a 10 fili; Il valore di deflessione \u00e8 inferiore a 10 fili a 30 kg di forza extra.<br \/> 2. Il peso leggero trasporta un peso pesante<br \/> La piattaforma di adsorbimento del vuoto Wei Tai Energy Technology utilizza una struttura a nido d'ape in alluminio premium, tutte utilizzando materiale in lega di alluminio, con una densit\u00e0 di circa 25-35 kg per metro quadrato. Carico di 30 kg senza deformazione.<br \/> 3. Aspirazione uniforme di grande aspirazione<br \/> Il design ottimizzato della piattaforma di adsorbimento del vuoto Wei Tai Energy Technology pu\u00f2 non solo garantire che le prestazioni della piattaforma non siano interessate, ma rendono anche l'aspirazione di qualsiasi posizione della piattaforma grande e uniforme.<br \/> 4. Resistenza all'abrasione<br \/> La superficie della piattaforma di adsorbimento del vuoto WEI TAI Energy Technology ha una variet\u00e0 di processi di trattamento, tra cui spolveratura PVDF di fluorocarburi, ossidazione positiva e ossidazione della forte, che sono selezionate in base alle esigenze effettive. Il processo di ossidazione dura \u00e8 resistere all'usura e la sua durezza superficiale pu\u00f2 raggiungere HV500-700.<br \/> 5. Personalizzazione del cliente<br \/> La piattaforma di adsorbimento del vuoto Wei Tai Energy Technology pu\u00f2 essere personalizzata in base alle esigenze dei clienti, che si tratti di dimensioni della piattaforma, apertura e distanza, area di aspirazione, diametro di aspirazione, numero di porte di aspirazione, modalit\u00e0 di interfaccia o qualsiasi partizione, con o senza aspirazione.<\/p>\n<\/p><\/div>\n<\/p><\/div>\n<\/p><\/div>\n<\/p><\/div>\n<\/p><\/div>\n<\/p><\/div>\n<div class=\"fl-col-group fl-node-64ddb87e6368e\" data-node=\"64ddb87e6368e\">\n<div class=\"fl-col fl-node-64ddb87e6384b\" data-node=\"64ddb87e6384b\" style=\"width: 100%;\">\n<div class=\"fl-col-content fl-node-content\">\n<div class=\"fl-module fl-module-heading fl-node-64ddb87e63522\" data-animation-delay=\"0.0\" data-node=\"64ddb87e63522\">\n<div class=\"fl-module-content fl-node-content\">\n<h3 class=\"fl-heading\"> <span class=\"fl-heading-text\">Parametri tecnici<\/span> <\/h3>\n<\/p><\/div>\n<\/p><\/div>\n<div class=\"fl-module fl-module-photo fl-node-64ddb88c0849a\" data-animation-delay=\"0.0\" data-node=\"64ddb88c0849a\">\n<div class=\"fl-module-content fl-node-content\">\n<div class=\"fl-photo fl-photo-align-center\" itemscope=\"\" itemtype=\"http:\/\/schema.org\/ImageObject\">\n<div class=\"fl-photo-content fl-photo-img-png\"> <img decoding=\"async\" alt=\"Parametri in carburo di silicio\" class=\"fl-photo-img wp-image-2776\" itemprop=\"image\" src=\"\/wp-content\/uploads\/2025\/09\/bd315bb4aa989ceb.webp\"> <\/img><\/div>\n<\/p><\/div>\n<\/p><\/div>\n<\/p><\/div>\n<\/p><\/div>\n<\/p><\/div>\n<\/p><\/div>\n<div class=\"fl-col-group fl-node-64ddb877af539\" data-node=\"64ddb877af539\">\n<div class=\"fl-col fl-node-64ddb877af57d\" data-node=\"64ddb877af57d\" style=\"width: 100%;\">\n<div class=\"fl-col-content fl-node-content\">\n<div class=\"fl-module fl-module-photo fl-node-64ddb877af5c0\" data-animation-delay=\"0.0\" data-node=\"64ddb877af5c0\">\n<div class=\"fl-module-content fl-node-content\">\n<div class=\"fl-photo fl-photo-align-center\" itemscope=\"\" itemtype=\"http:\/\/schema.org\/ImageObject\">\n<div class=\"fl-photo-content fl-photo-img-jpg\"> <img decoding=\"async\" alt=\"Figure-N6-HERSCHEL-Primary-Reflector-design-segments-with-or-without-I-F_Q640(1)\" class=\"fl-photo-img wp-image-3060\" itemprop=\"image\" src=\"\/wp-content\/uploads\/2025\/09\/3f5c72860aedd767.webp\"> <\/img><\/div>\n<\/p><\/div>\n<\/p><\/div>\n<\/p><\/div>\n<\/p><\/div>\n<\/p><\/div>\n<\/p><\/div>\n<\/p><\/div>\n<\/p><\/div>\n<\/p><\/div>\n<\/div>","protected":false},"excerpt":{"rendered":"<p>Il carburo di silicio \u00e8 un nuovo tipo di ceramica con prestazioni ad alto costo e eccellenti propriet\u00e0 dei materiali. A causa di caratteristiche come l'alta resistenza e la durezza, la resistenza ad alta temperatura, la grande conduttivit\u00e0 termica e la resistenza alla corrosione chimica, il carburo di silicio pu\u00f2 quasi resistere a tutto il mezzo chimico. Pertanto, i SIC sono ampiamente utilizzati nell'estrazione petrolifera, chimica, macchinari e spazio aereo, persino l'energia nucleare e i militari hanno le loro richieste speciali su SIC. Alcune normali applicazione che possiamo offrire sono gli anelli di tenuta per pompa, valvola e armatura protettiva ecc. Siamo in grado di progettare e fabbricare in base alle dimensioni specifiche con buona qualit\u00e0 e tempo di consegna ragionevole.<\/p>","protected":false},"featured_media":805,"comment_status":"closed","ping_status":"open","template":"","meta":[],"product_brand":[],"product_cat":[16,66],"product_tag":[],"class_list":{"0":"post-2226","1":"product","2":"type-product","3":"status-publish","4":"has-post-thumbnail","6":"product_cat-cvd-sic","7":"product_cat-etching-process-parts","9":"first","10":"instock","11":"product-type-simple"},"_links":{"self":[{"href":"https:\/\/www.cn-semiconductorparts.com\/it\/wp-json\/wp\/v2\/product\/2226","targetHints":{"allow":["GET"]}}],"collection":[{"href":"https:\/\/www.cn-semiconductorparts.com\/it\/wp-json\/wp\/v2\/product"}],"about":[{"href":"https:\/\/www.cn-semiconductorparts.com\/it\/wp-json\/wp\/v2\/types\/product"}],"replies":[{"embeddable":true,"href":"https:\/\/www.cn-semiconductorparts.com\/it\/wp-json\/wp\/v2\/comments?post=2226"}],"wp:featuredmedia":[{"embeddable":true,"href":"https:\/\/www.cn-semiconductorparts.com\/it\/wp-json\/wp\/v2\/media\/805"}],"wp:attachment":[{"href":"https:\/\/www.cn-semiconductorparts.com\/it\/wp-json\/wp\/v2\/media?parent=2226"}],"wp:term":[{"taxonomy":"product_brand","embeddable":true,"href":"https:\/\/www.cn-semiconductorparts.com\/it\/wp-json\/wp\/v2\/product_brand?post=2226"},{"taxonomy":"product_cat","embeddable":true,"href":"https:\/\/www.cn-semiconductorparts.com\/it\/wp-json\/wp\/v2\/product_cat?post=2226"},{"taxonomy":"product_tag","embeddable":true,"href":"https:\/\/www.cn-semiconductorparts.com\/it\/wp-json\/wp\/v2\/product_tag?post=2226"}],"curies":[{"name":"WP","href":"https:\/\/api.w.org\/{rel}","templated":true}]}}