{"id":2240,"date":"2025-09-11T13:33:34","date_gmt":"2025-09-11T05:33:34","guid":{"rendered":"https:\/\/weitai2.globaldeepsea.site\/product\/high-strength-c-c-composite-material-carbon-fiber-felt\/"},"modified":"2026-04-29T15:27:45","modified_gmt":"2026-04-29T07:27:45","slug":"high-strength-c-c-composite-material-carbon-fiber-felt","status":"publish","type":"product","link":"https:\/\/www.cn-semiconductorparts.com\/it\/product\/high-strength-c-c-composite-material-carbon-fiber-felt\/","title":{"rendered":"High strength C\/C composite material, carbon fiber felt"},"content":{"rendered":"<p><!--?xml encoding=\"utf-8\" ?--><\/p>\n<div class=\"fl-builder-content fl-builder-content-2823 fl-builder-content-primary fl-builder-global-templates-locked\" data-post-id=\"2823\">\n<div class=\"fl-row fl-row-full-width fl-row-bg-none fl-node-64daf684ac615\" data-node=\"64daf684ac615\">\n<div class=\"fl-row-content-wrap\">\n<div class=\"fl-row-content fl-row-full-width fl-node-content\">\n<div class=\"fl-col-group fl-node-64daf684ac655\" data-node=\"64daf684ac655\">\n<div class=\"fl-col fl-node-64daf684ac692\" style=\"width: 100%\" data-node=\"64daf684ac692\">\n<div class=\"fl-col-content fl-node-content\">\n<div class=\"fl-module fl-module-heading fl-node-64daf684ac70d\" data-animation-delay=\"0.0\" data-node=\"64daf684ac70d\">\n<div class=\"fl-module-content fl-node-content\">\n<h3 class=\"fl-heading\"><span class=\"fl-heading-text\">Dettagli del prodotto<\/span><\/h3>\n<p>&nbsp;<\/p>\n<\/div>\n<p>&nbsp;<\/p>\n<\/div>\n<div class=\"fl-module fl-module-rich-text fl-node-64daf684ac6d0\" data-animation-delay=\"0.0\" data-node=\"64daf684ac6d0\">\n<div class=\"fl-module-content fl-node-content\">\n<div class=\"fl-rich-text\">\n<table border=\"0\" cellspacing=\"0\">\n<tbody>\n<tr>\n<td colspan=\"3\" valign=\"center\" width=\"626\">\n<p align=\"center\"><strong>Dati tecnici del composito di carbonio\/carbonio<\/strong><\/p>\n<\/td>\n<\/tr>\n<tr>\n<td valign=\"center\" width=\"210\">\n<p>Indice<\/p>\n<\/td>\n<td valign=\"center\" width=\"129\">\n<p align=\"center\">Unit\u00e0<\/p>\n<\/td>\n<td valign=\"center\" width=\"285\">\n<p align=\"center\">Valore<\/p>\n<\/td>\n<\/tr>\n<tr>\n<td valign=\"center\" width=\"210\">\n<p>Densit\u00e0 di massa<\/p>\n<\/td>\n<td valign=\"center\" width=\"129\">\n<p align=\"center\">g\/cm3<\/p>\n<\/td>\n<td valign=\"center\" width=\"285\">\n<p align=\"center\">1.40~1.50<\/p>\n<\/td>\n<\/tr>\n<tr>\n<td valign=\"center\" width=\"210\">\n<p>Contenuto di carbonio<\/p>\n<\/td>\n<td valign=\"center\" width=\"129\">\n<p align=\"center\">%<\/p>\n<\/td>\n<td valign=\"center\" width=\"285\">\n<p align=\"center\">&ge;98.5~99.9<\/p>\n<\/td>\n<\/tr>\n<tr>\n<td valign=\"center\" width=\"210\">\n<p>Cenere<\/p>\n<\/td>\n<td valign=\"center\" width=\"129\">\n<p align=\"center\">Ppm<\/p>\n<\/td>\n<td valign=\"center\" width=\"285\">\n<p align=\"center\">&le;65<\/p>\n<\/td>\n<\/tr>\n<tr>\n<td valign=\"center\" width=\"210\">\n<p>Conducibilit\u00e0 termica (1150 \u2103)<\/p>\n<\/td>\n<td valign=\"center\" width=\"129\">\n<p align=\"center\">Con Mk<\/p>\n<\/td>\n<td valign=\"center\" width=\"285\">\n<p align=\"center\">10~30<\/p>\n<\/td>\n<\/tr>\n<tr>\n<td valign=\"center\" width=\"210\">\n<p>Resistenza alla trazione<\/p>\n<\/td>\n<td valign=\"center\" width=\"129\">\n<p align=\"center\">MPA<\/p>\n<\/td>\n<td valign=\"center\" width=\"285\">\n<p align=\"center\">90~130<\/p>\n<\/td>\n<\/tr>\n<tr>\n<td valign=\"center\" width=\"210\">\n<p>Forza di flessione<\/p>\n<\/td>\n<td valign=\"center\" width=\"129\">\n<p align=\"center\">MPA<\/p>\n<\/td>\n<td valign=\"center\" width=\"285\">\n<p align=\"center\">100~150<\/p>\n<\/td>\n<\/tr>\n<tr>\n<td valign=\"center\" width=\"210\">\n<p>Resistenza a compressione<\/p>\n<\/td>\n<td valign=\"center\" width=\"129\">\n<p align=\"center\">MPA<\/p>\n<\/td>\n<td valign=\"center\" width=\"285\">\n<p align=\"center\">130~170<\/p>\n<\/td>\n<\/tr>\n<tr>\n<td valign=\"center\" width=\"210\">\n<p>Forza di taglio<\/p>\n<\/td>\n<td valign=\"center\" width=\"129\">\n<p align=\"center\">MPA<\/p>\n<\/td>\n<td valign=\"center\" width=\"285\">\n<p align=\"center\">50~60<\/p>\n<\/td>\n<\/tr>\n<tr>\n<td valign=\"center\" width=\"210\">\n<p>Forza di taglio interlaminale<\/p>\n<\/td>\n<td valign=\"center\" width=\"129\">\n<p align=\"center\">MPA<\/p>\n<\/td>\n<td valign=\"center\" width=\"285\">\n<p align=\"center\">&ge;13<\/p>\n<\/td>\n<\/tr>\n<tr>\n<td valign=\"center\" width=\"210\">\n<p>Resistivit\u00e0 elettrica<\/p>\n<\/td>\n<td valign=\"center\" width=\"129\">\n<p align=\"center\">&Omega;.mm2\/m<\/p>\n<\/td>\n<td valign=\"center\" width=\"285\">\n<p align=\"center\">30~43<\/p>\n<\/td>\n<\/tr>\n<tr>\n<td valign=\"center\" width=\"210\">\n<p>Coefficiente di espansione termica<\/p>\n<\/td>\n<td valign=\"center\" width=\"129\">\n<p align=\"center\">106\/K<\/p>\n<\/td>\n<td valign=\"center\" width=\"285\">\n<p align=\"center\">0.3~1.2<\/p>\n<\/td>\n<\/tr>\n<tr>\n<td valign=\"center\" width=\"210\">\n<p>Temperatura di elaborazione<\/p>\n<\/td>\n<td valign=\"center\" width=\"129\">\n<p align=\"center\">\u2103<\/p>\n<\/td>\n<td valign=\"center\" width=\"285\">\n<p align=\"center\">&ge;2400\u2103<\/p>\n<\/td>\n<\/tr>\n<tr>\n<td colspan=\"3\" rowspan=\"2\" valign=\"center\" width=\"626\">\n<p>Qualit\u00e0 militare, deposizione di vapore chimico completo Deposizione fornace, in fibra di carbonio Toray importato T700 Ago 3D Preparato a maglia<br \/>Specifiche del materiale: diametro esterno massimo 2000 mm, spessore della parete 8-25 mm, altezza 1600 mm<\/p>\n<\/td>\n<\/tr>\n<\/tbody>\n<\/table>\n<\/div>\n<p>&nbsp;<\/p>\n<\/div>\n<p>&nbsp;<\/p>\n<\/div>\n<p>&nbsp;<\/p>\n<\/div>\n<p>&nbsp;<\/p>\n<\/div>\n<p>&nbsp;<\/p>\n<\/div>\n<div class=\"fl-col-group fl-node-64daf78af13b2\" data-node=\"64daf78af13b2\">\n<div class=\"fl-col fl-node-64daf78af15ff fl-col-small\" style=\"width: 50%\" data-node=\"64daf78af15ff\">\n<div class=\"fl-col-content fl-node-content\">\n<div class=\"fl-module fl-module-photo fl-node-64daf684aca63\" data-animation-delay=\"0.0\" data-node=\"64daf684aca63\">\n<div class=\"fl-module-content fl-node-content\">\n<div class=\"fl-photo fl-photo-align-center\">\n<div class=\"fl-photo-content fl-photo-img-png\"><img decoding=\"async\" class=\"fl-photo-img wp-image-2824\" src=\"\/wp-content\/uploads\/2025\/09\/2fc8a1063c32f5c9.webp\" alt=\"\u672a\u6807\u9898-1\"><\/div>\n<p>&nbsp;<\/p>\n<\/div>\n<p>&nbsp;<\/p>\n<\/div>\n<p>&nbsp;<\/p>\n<\/div>\n<p>&nbsp;<\/p>\n<\/div>\n<p>&nbsp;<\/p>\n<\/div>\n<div class=\"fl-col fl-node-64daf794d25d9 fl-col-small\" style=\"width: 50%\" data-node=\"64daf794d25d9\">\n<div class=\"fl-col-content fl-node-content\">\n<div class=\"fl-module fl-module-photo fl-node-64daf684acaa0\" data-animation-delay=\"0.0\" data-node=\"64daf684acaa0\">\n<div class=\"fl-module-content fl-node-content\">\n<div class=\"fl-photo fl-photo-align-center\">\n<div class=\"fl-photo-content fl-photo-img-jpg\"><img decoding=\"async\" class=\"fl-photo-img wp-image-2826\" src=\"\/wp-content\/uploads\/2025\/09\/e2dc77c8d3bc3d36.webp\" alt=\"Main-01\"><\/div>\n<p>&nbsp;<\/p>\n<\/div>\n<p>&nbsp;<\/p>\n<\/div>\n<p>&nbsp;<\/p>\n<\/div>\n<p>&nbsp;<\/p>\n<\/div>\n<p>&nbsp;<\/p>\n<\/div>\n<p>&nbsp;<\/p>\n<\/div>\n<div class=\"fl-col-group fl-node-64daf684ac7c5\" data-node=\"64daf684ac7c5\">\n<div class=\"fl-col fl-node-64daf684ac802\" style=\"width: 100%\" data-node=\"64daf684ac802\">\n<div class=\"fl-col-content fl-node-content\">\n<div class=\"fl-module fl-module-rich-text fl-node-64daf684ac74a\" data-animation-delay=\"0.0\" data-node=\"64daf684ac74a\">\n<div class=\"fl-module-content fl-node-content\">\n<div class=\"fl-rich-text\">\n<p><strong>Compositi di carbonio di carbonio:<\/strong><br \/>Carbon carbon composites&nbsp;(Carbon-fiber-reinforced carbon composites) (CFC) is a kind of material formed by high strength carbon fiber and carbon matrix after graphitization enhancement processing.<\/p>\n<p>Pu\u00f2 essere ampiamente utilizzato nell'ambiente ad alta temperatura di varie struttura, riscaldatore e nave. Rispetto ai tradizionali materiali ingegneristici, il composito di carbonio carbonio ha i seguenti vantaggi:<\/p>\n<p>1) Alta resistenza<\/p>\n<p>2) alta temperatura fino a 2000\u2103<\/p>\n<p>3) Resistenza agli shock termici<\/p>\n<p>4) basso coefficiente di espansione termica<\/p>\n<p>5) piccola capacit\u00e0 termica<\/p>\n<p>6) Eccellente resistenza alla corrosione e resistenza alle radiazioni<\/p>\n<p>&nbsp;<\/p>\n<\/div>\n<p>&nbsp;<\/p>\n<\/div>\n<p>&nbsp;<\/p>\n<\/div>\n<p>&nbsp;<\/p>\n<\/div>\n<p>&nbsp;<\/p>\n<\/div>\n<p>&nbsp;<\/p>\n<\/div>\n<div class=\"fl-col-group fl-node-64daf684ac8b9\" data-node=\"64daf684ac8b9\">\n<div class=\"fl-col fl-node-64daf7778a14b fl-col-small\" style=\"width: 50%\" data-node=\"64daf7778a14b\">\n<div class=\"fl-col-content fl-node-content\">\n<div class=\"fl-module fl-module-photo fl-node-64daf744b2b01\" data-animation-delay=\"0.0\" data-node=\"64daf744b2b01\">\n<div class=\"fl-module-content fl-node-content\">\n<div class=\"fl-photo fl-photo-align-center\">\n<div class=\"fl-photo-content fl-photo-img-jpg\"><img decoding=\"async\" class=\"fl-photo-img wp-image-2826\" src=\"\/wp-content\/uploads\/2025\/09\/e2dc77c8d3bc3d36.webp\" alt=\"Main-01\"><\/div>\n<p>&nbsp;<\/p>\n<\/div>\n<p>&nbsp;<\/p>\n<\/div>\n<p>&nbsp;<\/p>\n<\/div>\n<p>&nbsp;<\/p>\n<\/div>\n<p>&nbsp;<\/p>\n<\/div>\n<div class=\"fl-col fl-node-64daf684ac8f6 fl-col-small\" style=\"width: 50%\" data-node=\"64daf684ac8f6\">\n<div class=\"fl-col-content fl-node-content\">\n<div class=\"fl-module fl-module-rich-text fl-node-64daf684ac87c\" data-animation-delay=\"0.0\" data-node=\"64daf684ac87c\">\n<div class=\"fl-module-content fl-node-content\">\n<div class=\"fl-rich-text\">\n<p><strong>Applicazione:<\/strong><br \/>1. Aerospace. A causa del materiale composito ha una buona stabilit\u00e0 termica, elevata resistenza e rigidit\u00e0 specifica. Pu\u00f2 essere utilizzato per la produzione di freni aeronautici, ala e fusoliera, antenna satellitare e una struttura di supporto, ala solare e guscio, guscio di razzo portante di grandi dimensioni, guscio del motore, ecc.<\/p>\n<p>2. L'industria automobilistica.<\/p>\n<p>3. Il campo medico.<\/p>\n<p>4. Isulazione termica<\/p>\n<p>5. Unit\u00e0 di riscaldamento<\/p>\n<p>6. Ray-isolante<\/p>\n<p>&nbsp;<\/p>\n<\/div>\n<p>&nbsp;<\/p>\n<\/div>\n<p>&nbsp;<\/p>\n<\/div>\n<p>&nbsp;<\/p>\n<\/div>\n<p>&nbsp;<\/p>\n<\/div>\n<p>&nbsp;<\/p>\n<\/div>\n<div class=\"fl-col-group fl-node-64daf684ac933\" data-node=\"64daf684ac933\">\n<div class=\"fl-col fl-node-64daf684ac970\" style=\"width: 100%\" data-node=\"64daf684ac970\">\n<div class=\"fl-col-content fl-node-content\">\n<div class=\"fl-module fl-module-photo fl-node-64daf684ac9ad\" data-animation-delay=\"0.0\" data-node=\"64daf684ac9ad\">\n<div class=\"fl-module-content fl-node-content\">\n<div class=\"fl-photo fl-photo-align-center\">\n<div class=\"fl-photo-content fl-photo-img-png\"><img decoding=\"async\" class=\"fl-photo-img wp-image-2397\" src=\"\/wp-content\/uploads\/2025\/09\/26eb965d6cf57638.webp\" alt=\"sdfS\"><\/div>\n<p>&nbsp;<\/p>\n<\/div>\n<p>&nbsp;<\/p>\n<\/div>\n<p>&nbsp;<\/p>\n<\/div>\n<p>&nbsp;<\/p>\n<\/div>\n<p>&nbsp;<\/p>\n<\/div>\n<p>&nbsp;<\/p>\n<\/div>\n<div class=\"fl-col-group fl-node-66178071c5670\" data-node=\"66178071c5670\">\n<div class=\"fl-col fl-node-66178071c5820\" style=\"width: 100%\" data-node=\"66178071c5820\">\n<div class=\"fl-col-content fl-node-content\">\n<div class=\"fl-module fl-module-rich-text fl-node-66178071c54f0\" data-animation-delay=\"0.0\" data-node=\"66178071c54f0\">\n<div class=\"fl-module-content fl-node-content\">\n<div class=\"fl-rich-text\">\n<p>&nbsp;<\/p>\n<\/div>\n<p>&nbsp;<\/p>\n<\/div>\n<p>&nbsp;<\/p>\n<\/div>\n<p>&nbsp;<\/p>\n<\/div>\n<p>&nbsp;<\/p>\n<\/div>\n<p>&nbsp;<\/p>\n<\/div>\n<p>&nbsp;<\/p>\n<\/div>\n<p>&nbsp;<\/p>\n<\/div>\n<p>&nbsp;<\/p>\n<\/div>\n<\/div>","protected":false},"excerpt":{"rendered":"<p><!--?xml encoding=\"utf-8\" ?--><\/p>\n<p>Semicera&nbsp;Energy Technology Co., Ltd.is a leading supplier of advanced semiconductor ceramics and the only manufacturer in China that can simultaneously provide high-purity silicon carbide ceramic(especially theRecrystallizedSiC) and CVD SiC coating. In addition, our company is also committed to ceramic fields such as alumina, aluminum nitride, zirconia, and silicon nitride, etc.<\/p>","protected":false},"featured_media":4599,"comment_status":"closed","ping_status":"open","template":"","meta":[],"product_brand":[],"product_cat":[38,29],"product_tag":[],"class_list":{"0":"post-2240","1":"product","2":"type-product","3":"status-publish","4":"has-post-thumbnail","6":"product_cat-c-c-composite-cfc","7":"product_cat-carbon-fiber","9":"first","10":"instock","11":"product-type-simple"},"_links":{"self":[{"href":"https:\/\/www.cn-semiconductorparts.com\/it\/wp-json\/wp\/v2\/product\/2240","targetHints":{"allow":["GET"]}}],"collection":[{"href":"https:\/\/www.cn-semiconductorparts.com\/it\/wp-json\/wp\/v2\/product"}],"about":[{"href":"https:\/\/www.cn-semiconductorparts.com\/it\/wp-json\/wp\/v2\/types\/product"}],"replies":[{"embeddable":true,"href":"https:\/\/www.cn-semiconductorparts.com\/it\/wp-json\/wp\/v2\/comments?post=2240"}],"wp:featuredmedia":[{"embeddable":true,"href":"https:\/\/www.cn-semiconductorparts.com\/it\/wp-json\/wp\/v2\/media\/4599"}],"wp:attachment":[{"href":"https:\/\/www.cn-semiconductorparts.com\/it\/wp-json\/wp\/v2\/media?parent=2240"}],"wp:term":[{"taxonomy":"product_brand","embeddable":true,"href":"https:\/\/www.cn-semiconductorparts.com\/it\/wp-json\/wp\/v2\/product_brand?post=2240"},{"taxonomy":"product_cat","embeddable":true,"href":"https:\/\/www.cn-semiconductorparts.com\/it\/wp-json\/wp\/v2\/product_cat?post=2240"},{"taxonomy":"product_tag","embeddable":true,"href":"https:\/\/www.cn-semiconductorparts.com\/it\/wp-json\/wp\/v2\/product_tag?post=2240"}],"curies":[{"name":"WP","href":"https:\/\/api.w.org\/{rel}","templated":true}]}}