{"id":1300,"date":"2025-09-11T05:28:18","date_gmt":"2025-09-11T05:28:18","guid":{"rendered":"https:\/\/weitai2.globaldeepsea.site\/product\/porous-graphite-plate\/"},"modified":"2026-04-29T15:34:23","modified_gmt":"2026-04-29T07:34:23","slug":"porous-graphite-plate","status":"publish","type":"product","link":"https:\/\/www.cn-semiconductorparts.com\/nl\/product\/porous-graphite-plate\/","title":{"rendered":"Poreuze grafietplaat"},"content":{"rendered":"<p><?xml encoding=\"utf-8\" ?><\/p>\n<div class=\"fl-builder-content fl-builder-content-12313 fl-builder-content-primary fl-builder-global-templates-locked\" data-post-id=\"12313\">\n<div class=\"fl-row fl-row-full-width fl-row-bg-none fl-node-684a79eeaf0a6\" data-node=\"684a79eeaf0a6\">\n<div class=\"fl-row-content-wrap\">\n<div class=\"fl-row-content fl-row-full-width fl-node-content\">\n<div class=\"fl-col-group fl-node-684a79eeb14bd\" data-node=\"684a79eeb14bd\">\n<div class=\"fl-col fl-node-684a79eeb1689\" data-node=\"684a79eeb1689\" style=\"width: 100%;\">\n<div class=\"fl-col-content fl-node-content\">\n<div class=\"fl-module fl-module-rich-text fl-node-684a79eeaee71\" data-animation-delay=\"0.0\" data-node=\"684a79eeaee71\">\n<div class=\"fl-module-content fl-node-content\">\n<div class=\"fl-rich-text\">\n<p data-end=\"226\" data-start=\"127\"><span style=\"font-family: arial, helvetica, sans-serif; font-size: medium;\"><strong data-end=\"226\" data-start=\"127\">Poreus grafiet: een geavanceerd materiaal met uitzonderlijke eigenschappen en veelzijdige toepassingen<\/strong><\/span><\/p>\n<p data-end=\"650\" data-start=\"228\"><span style=\"font-family: arial, helvetica, sans-serif; font-size: medium;\">Porous graphite is a material composed of graphene layers arranged into a three-dimensional network structure through specific fabrication processes. Unlike traditional graphite, its standout feature is the abundance of nano-sized pores within its structure, which form interconnected channels. This unique architecture endows the material with a remarkably high specific surface area, with some types exceeding 2000 m&sup2;\/g.<\/span><\/p>\n<p data-end=\"695\" data-start=\"652\"><span style=\"font-family: arial, helvetica, sans-serif; font-size: medium;\"><strong data-end=\"695\" data-start=\"652\">Fabricagemethoden voor poreus grafiet<\/strong><\/span><\/p>\n<p data-end=\"1415\" data-start=\"697\"><span style=\"font-family: arial, helvetica, sans-serif; font-size: medium;\">Onder de verschillende fabricagemethoden is chemische dampafzetting (CVD) momenteel de meest gevestigde techniek. Door de parameters zoals reactietemperatuur en gasstroom nauwkeurig te regelen, kan een grafietstructuur met een specifieke poriegrootteverdeling groeien op het oppervlak van metaalkatalysatoren. Een andere meer economische benadering omvat grafietoxidatieverreding. Deze methode begint met grafietoxidatie, gevolgd door peeling in grafeenoxide. Het materiaal wordt vervolgens gedroogd met behulp van vriesdrogende of superkritische droogtechnieken om een \u200b\u200bdriedimensionaal raamwerk te vormen en uiteindelijk gereduceerd bij hoge temperaturen om poreus grafiet op te leveren. Deze aanpak is eenvoudiger en geschikter voor grootschalige productie.<\/span><\/p>\n<p data-end=\"1454\" data-start=\"1417\"><span style=\"font-family: arial, helvetica, sans-serif; font-size: medium;\"><strong data-end=\"1454\" data-start=\"1417\">Belangrijkste voordelen van poreus grafiet<\/strong><\/span><\/p>\n<p data-end=\"1558\" data-start=\"1456\"><span style=\"font-family: arial, helvetica, sans-serif; font-size: medium;\">Poreus grafiet biedt verschillende belangrijke voordelen die het voor verschillende toepassingen zeer aantrekkelijk maken:<\/span><\/p>\n<ol data-end=\"1977\" data-start=\"1560\">\n<li data-end=\"1693\" data-start=\"1560\">\n<p data-end=\"1693\" data-start=\"1563\"><span style=\"font-family: arial, helvetica, sans-serif; font-size: medium;\"><strong data-end=\"1602\" data-start=\"1563\">Uitstekende elektrische geleidbaarheid<\/strong>: De geleidbaarheid kan meer dan 1000 s\/m bereiken, dankzij de integriteit van de grafeenbladen.<\/span><\/p>\n<\/li>\n<li data-end=\"1799\" data-start=\"1694\">\n<p data-end=\"1799\" data-start=\"1697\"><span style=\"font-family: arial, helvetica, sans-serif; font-size: medium;\"><strong data-end=\"1728\" data-start=\"1697\">Uitstekende thermische stabiliteit<\/strong>: It can withstand temperatures as high as 2000&deg;C in inert atmospheres.<\/span><\/p>\n<\/li>\n<li data-end=\"1977\" data-start=\"1800\">\n<p data-end=\"1977\" data-start=\"1803\"><span style=\"font-family: arial, helvetica, sans-serif; font-size: medium;\"><strong data-end=\"1840\" data-start=\"1803\">Verstelbare poriegrootteverdeling<\/strong>: Door het fabricageproces te optimaliseren, kan poreus grafiet een pori\u00ebnstructuur op meerdere niveaus bereiken, vari\u00ebrend van micropori\u00ebn tot macropori\u00ebn.<\/span><\/p>\n<\/li>\n<\/ol>\n<p data-end=\"2014\" data-start=\"1979\"><span style=\"font-family: arial, helvetica, sans-serif; font-size: medium;\"><strong data-end=\"2014\" data-start=\"1979\">Toepassingen van poreus grafiet<\/strong><\/span><\/p>\n<p data-end=\"2084\" data-start=\"2016\"><span style=\"font-family: arial, helvetica, sans-serif; font-size: medium;\">Poreus grafiet maakt aanzienlijke stappen in verschillende industrie\u00ebn:<\/span><\/p>\n<ul data-end=\"2600\" data-start=\"2086\">\n<li data-end=\"2266\" data-start=\"2086\">\n<p data-end=\"2266\" data-start=\"2088\"><span style=\"font-family: arial, helvetica, sans-serif; font-size: medium;\"><strong data-end=\"2106\" data-start=\"2088\">Energieopslag<\/strong>: In lithium-ionbatterijen helpt de poreuze structuur de volume-expansie tijdens lading en ontladingscycli te verminderen, waardoor de cyclusstabiliteit van de batterij wordt verbeterd.<\/span><\/p>\n<\/li>\n<li data-end=\"2466\" data-start=\"2267\">\n<p data-end=\"2466\" data-start=\"2269\"><span style=\"font-family: arial, helvetica, sans-serif; font-size: medium;\"><strong data-end=\"2297\" data-start=\"2269\">Milieubescherming<\/strong>: Met zijn enorme oppervlakte- en diverse oppervlaktefunctionele groepen blinkt poreus grafiet uit in adsorberende organische verontreinigende stoffen, waardoor het ideaal is voor afvalwaterbehandeling.<\/span><\/p>\n<\/li>\n<li data-end=\"2600\" data-start=\"2467\">\n<p data-end=\"2600\" data-start=\"2469\"><span style=\"font-family: arial, helvetica, sans-serif; font-size: medium;\"><strong data-end=\"2484\" data-start=\"2469\">Biomedicine<\/strong>: Gemodificeerd poreus grafiet kan dienen als een medicijndrager, waarbij zijn pori\u00ebnkanalen gecontroleerde geneesmiddelenafgifte vergemakkelijken.<\/span><\/p>\n<\/li>\n<\/ul>\n<p data-end=\"2638\" data-start=\"2602\"><span style=\"font-family: arial, helvetica, sans-serif; font-size: medium;\"><strong data-end=\"2638\" data-start=\"2602\">Uitdagingen en toekomstige richtingen<\/strong><\/span><\/p>\n<p data-end=\"2884\" data-start=\"2640\"><span style=\"font-family: arial, helvetica, sans-serif; font-size: medium;\">Ondanks het veelbelovende potentieel staat de industrialisatie van poreus grafiet voor enkele uitdagingen, met name in halfgeleidertoepassingen. Bovendien is verder onderzoek nodig om de poriegroottebesturing voor specifieke applicatiebehoeften te verfijnen.<\/span><\/p>\n<p data-end=\"3091\" data-start=\"2886\"><span style=\"font-family: arial, helvetica, sans-serif; font-size: medium;\">Semicera biedt geavanceerde poreuze grafietmaterialen die zijn ontworpen om de productopbrengsten te verbeteren en de productiekosten te verlagen. Neem gerust contact met ons op voor meer informatie over hoe onze producten uw behoeften kunnen ondersteunen.<\/span><\/p>\n<\/p><\/div>\n<\/p><\/div>\n<\/p><\/div>\n<\/p><\/div>\n<\/p><\/div>\n<\/p><\/div>\n<div class=\"fl-col-group fl-node-684a7b01ecdbc\" data-node=\"684a7b01ecdbc\">\n<div class=\"fl-col fl-node-684a7b01ed02e fl-col-small\" data-node=\"684a7b01ed02e\" style=\"width: 36.45%;\">\n<div class=\"fl-col-content fl-node-content\">\n<div class=\"fl-module fl-module-photo fl-node-684a7ae411276\" data-animation-delay=\"0.0\" data-node=\"684a7ae411276\">\n<div class=\"fl-module-content fl-node-content\">\n<div class=\"fl-photo fl-photo-align-center\" itemscope=\"\" itemtype=\"http:\/\/schema.org\/ImageObject\">\n<div class=\"fl-photo-content fl-photo-img-jpg\"> <img decoding=\"async\" alt=\"Poreus grafiet (1)\" class=\"fl-photo-img wp-image-12317\" itemprop=\"image\" src=\"\/wp-content\/uploads\/2025\/09\/f37a46d61d56eee4.webp\"> <\/div>\n<\/p><\/div>\n<\/p><\/div>\n<\/p><\/div>\n<\/p><\/div>\n<\/p><\/div>\n<div class=\"fl-col fl-node-684a7b0f9ee93\" data-node=\"684a7b0f9ee93\" style=\"width: 63.55%;\">\n<div class=\"fl-col-content fl-node-content\">\n<div class=\"fl-module fl-module-photo fl-node-684a7a7746f39\" data-animation-delay=\"0.0\" data-node=\"684a7a7746f39\">\n<div class=\"fl-module-content fl-node-content\">\n<div class=\"fl-photo fl-photo-align-center\" itemscope=\"\" itemtype=\"http:\/\/schema.org\/ImageObject\">\n<div class=\"fl-photo-content fl-photo-img-png\"> <img decoding=\"async\" alt=\"Poreus-grafiet\" class=\"fl-photo-img wp-image-12193 size-full\" itemprop=\"image\" src=\"\/wp-content\/uploads\/2025\/09\/d773c43a89023c46.webp\"> <\/div>\n<\/p><\/div>\n<\/p><\/div>\n<\/p><\/div>\n<\/p><\/div>\n<\/p><\/div>\n<\/p><\/div>\n<\/p><\/div>\n<\/p><\/div>\n<\/p><\/div>\n<div class=\"fl-row fl-row-full-width fl-row-bg-none fl-node-684a79490d6e2\" data-node=\"684a79490d6e2\">\n<div class=\"fl-row-content-wrap\">\n<div class=\"fl-row-content fl-row-full-width fl-node-content\">\n<div class=\"fl-col-group fl-node-684a79490d725\" data-node=\"684a79490d725\">\n<div class=\"fl-col fl-node-684a79490d767\" data-node=\"684a79490d767\" style=\"width: 100%;\">\n<div class=\"fl-col-content fl-node-content\">\n<div class=\"fl-module fl-module-photo fl-node-684a79490d7eb\" data-animation-delay=\"0.0\" data-node=\"684a79490d7eb\">\n<div class=\"fl-module-content fl-node-content\">\n<div class=\"fl-photo fl-photo-align-center\" itemscope=\"\" itemtype=\"http:\/\/schema.org\/ImageObject\">\n<div class=\"fl-photo-content fl-photo-img-jpg\"> <img decoding=\"async\" alt=\"Semicera werkplek\" class=\"fl-photo-img wp-image-6907\" itemprop=\"image\" src=\"\/wp-content\/uploads\/2025\/09\/b1dd0bcab1675ff4.webp\"> <\/div>\n<\/p><\/div>\n<\/p><\/div>\n<\/p><\/div>\n<div class=\"fl-module fl-module-photo fl-node-684a79490d82e\" data-animation-delay=\"0.0\" data-node=\"684a79490d82e\">\n<div class=\"fl-module-content fl-node-content\">\n<div class=\"fl-photo fl-photo-align-center\" itemscope=\"\" itemtype=\"http:\/\/schema.org\/ImageObject\">\n<div class=\"fl-photo-content fl-photo-img-jpg\"> <img decoding=\"async\" alt=\"Semicera werkplek 2\" class=\"fl-photo-img wp-image-6908\" itemprop=\"image\" src=\"\/wp-content\/uploads\/2025\/09\/2b946d2b4b61306d.webp\"> <\/div>\n<\/p><\/div>\n<\/p><\/div>\n<\/p><\/div>\n<div class=\"fl-module fl-module-photo fl-node-684a79490d7a9\" data-animation-delay=\"0.0\" data-node=\"684a79490d7a9\">\n<div class=\"fl-module-content fl-node-content\">\n<div class=\"fl-photo fl-photo-align-center\" itemscope=\"\" itemtype=\"http:\/\/schema.org\/ImageObject\">\n<div class=\"fl-photo-content fl-photo-img-jpg\"> <img decoding=\"async\" alt=\"Semicera Ware House\" class=\"fl-photo-img wp-image-6906\" itemprop=\"image\" src=\"\/wp-content\/uploads\/2025\/09\/2190bb9ce5c1d546.webp\"> <\/div>\n<\/p><\/div>\n<\/p><\/div>\n<\/p><\/div>\n<\/p><\/div>\n<\/p><\/div>\n<\/p><\/div>\n<div class=\"fl-col-group fl-node-684a79490d870\" data-node=\"684a79490d870\">\n<div class=\"fl-col fl-node-684a79490d8af\" data-node=\"684a79490d8af\" style=\"width: 100%;\">\n<div class=\"fl-col-content fl-node-content\">\n<div class=\"fl-module fl-module-photo fl-node-684a79490d8f0\" data-animation-delay=\"0.0\" data-node=\"684a79490d8f0\">\n<div class=\"fl-module-content fl-node-content\">\n<div class=\"fl-photo fl-photo-align-center\" itemscope=\"\" itemtype=\"http:\/\/schema.org\/ImageObject\">\n<div class=\"fl-photo-content fl-photo-img-jpg\"> <img decoding=\"async\" alt=\"Apparatuurmachine\" class=\"fl-photo-img wp-image-6909\" itemprop=\"image\" src=\"\/wp-content\/uploads\/2025\/09\/081b6529d68ead23.webp\"> <\/div>\n<\/p><\/div>\n<\/p><\/div>\n<\/p><\/div>\n<div class=\"fl-module fl-module-photo fl-node-684a79490d92f\" data-animation-delay=\"0.0\" data-node=\"684a79490d92f\">\n<div class=\"fl-module-content fl-node-content\">\n<div class=\"fl-photo fl-photo-align-center\" itemscope=\"\" itemtype=\"http:\/\/schema.org\/ImageObject\">\n<div class=\"fl-photo-content fl-photo-img-jpg\"> <img decoding=\"async\" alt=\"CNN -verwerking, chemische reiniging, CVD -coating\" class=\"fl-photo-img wp-image-6910\" itemprop=\"image\" src=\"\/wp-content\/uploads\/2025\/09\/a4132b2b399abbac.webp\"> <\/div>\n<\/p><\/div>\n<\/p><\/div>\n<\/p><\/div>\n<div class=\"fl-module fl-module-photo fl-node-684a79490d96d\" data-animation-delay=\"0.0\" data-node=\"684a79490d96d\">\n<div class=\"fl-module-content fl-node-content\">\n<div class=\"fl-photo fl-photo-align-center\" itemscope=\"\" itemtype=\"http:\/\/schema.org\/ImageObject\">\n<div class=\"fl-photo-content fl-photo-img-jpg\"> <img decoding=\"async\" alt=\"Onze service\" class=\"fl-photo-img wp-image-6913\" itemprop=\"image\" src=\"\/wp-content\/uploads\/2025\/09\/b07f222c0ec0ab8d.webp\"> <\/div>\n<\/p><\/div>\n<\/p><\/div>\n<\/p><\/div>\n<\/p><\/div>\n<\/p><\/div>\n<\/p><\/div>\n<\/p><\/div>\n<\/p><\/div>\n<\/p><\/div>\n<\/div>","protected":false},"excerpt":{"rendered":"<p><?xml encoding=\"utf-8\" ?><\/p>\n<p>Poreuze grafitefeatures Een 3D -grafeennetwerk met een hoog oppervlak, superieure geleidbaarheid en aanpasbare poriegroottes. Op grote schaal gebruikt in batterijen, waterzuivering en biomedische toedieningssystemen. Schaalbare productie en geavanceerde prestaties voor moderne industrie\u00ebn.<\/p>","protected":false},"featured_media":435,"comment_status":"closed","ping_status":"open","template":"","meta":[],"product_brand":[],"product_cat":[23,21],"product_tag":[],"class_list":{"0":"post-1300","1":"product","2":"type-product","3":"status-publish","4":"has-post-thumbnail","6":"product_cat-lsotropic-graphite","7":"product_cat-specialty-graphite","9":"first","10":"instock","11":"product-type-simple"},"_links":{"self":[{"href":"https:\/\/www.cn-semiconductorparts.com\/nl\/wp-json\/wp\/v2\/product\/1300","targetHints":{"allow":["GET"]}}],"collection":[{"href":"https:\/\/www.cn-semiconductorparts.com\/nl\/wp-json\/wp\/v2\/product"}],"about":[{"href":"https:\/\/www.cn-semiconductorparts.com\/nl\/wp-json\/wp\/v2\/types\/product"}],"replies":[{"embeddable":true,"href":"https:\/\/www.cn-semiconductorparts.com\/nl\/wp-json\/wp\/v2\/comments?post=1300"}],"wp:featuredmedia":[{"embeddable":true,"href":"https:\/\/www.cn-semiconductorparts.com\/nl\/wp-json\/wp\/v2\/media\/435"}],"wp:attachment":[{"href":"https:\/\/www.cn-semiconductorparts.com\/nl\/wp-json\/wp\/v2\/media?parent=1300"}],"wp:term":[{"taxonomy":"product_brand","embeddable":true,"href":"https:\/\/www.cn-semiconductorparts.com\/nl\/wp-json\/wp\/v2\/product_brand?post=1300"},{"taxonomy":"product_cat","embeddable":true,"href":"https:\/\/www.cn-semiconductorparts.com\/nl\/wp-json\/wp\/v2\/product_cat?post=1300"},{"taxonomy":"product_tag","embeddable":true,"href":"https:\/\/www.cn-semiconductorparts.com\/nl\/wp-json\/wp\/v2\/product_tag?post=1300"}],"curies":[{"name":"WP","href":"https:\/\/api.w.org\/{rel}","templated":true}]}}