{"id":1440,"date":"2025-09-11T05:29:06","date_gmt":"2025-09-11T05:29:06","guid":{"rendered":"https:\/\/weitai2.globaldeepsea.site\/product\/tac-coated-graphite-guide-ring\/"},"modified":"2026-04-29T15:33:31","modified_gmt":"2026-04-29T07:33:31","slug":"tac-coated-graphite-guide-ring","status":"publish","type":"product","link":"https:\/\/www.cn-semiconductorparts.com\/nl\/product\/tac-coated-graphite-guide-ring\/","title":{"rendered":"TAC gecoate grafietgeleiderring"},"content":{"rendered":"<p><?xml encoding=\"utf-8\" ?><\/p>\n<div class=\"fl-builder-content fl-builder-content-9705 fl-builder-content-primary fl-builder-global-templates-locked\" data-post-id=\"9705\">\n<div class=\"fl-row fl-row-full-width fl-row-bg-none fl-node-66a72cb9dab3f\" data-node=\"66a72cb9dab3f\">\n<div class=\"fl-row-content-wrap\">\n<div class=\"fl-row-content fl-row-full-width fl-node-content\">\n<div class=\"fl-col-group fl-node-66a72cb9dac3d\" data-node=\"66a72cb9dac3d\">\n<div class=\"fl-col fl-node-66a72cb9dac7b\" data-node=\"66a72cb9dac7b\" style=\"width: 100%;\">\n<div class=\"fl-col-content fl-node-content\">\n<div class=\"fl-module fl-module-rich-text fl-node-66a72cb9dacb9\" data-animation-delay=\"0.0\" data-node=\"66a72cb9dacb9\">\n<div class=\"fl-module-content fl-node-content\">\n<div class=\"fl-rich-text\">\n<p>TaC coated graphite guide rings refer to the deposition of a thin layer of tantalum carbide on the surface of a graphite guide ring to improve its wear resistance, high temperature resistance and chemical stability. This coating is usually formed on the surface of a graphite guide ring by techniques such as physical vapor deposition (PVD) or chemical vapor deposition (CVD).<\/p>\n<div id=\"gtx-trans\" style=\"position: absolute; left: 194px; top: 111.453px;\">&nbsp;<\/div>\n<\/p><\/div>\n<\/p><\/div>\n<\/p><\/div>\n<div class=\"fl-module fl-module-rich-text fl-node-66a72cbeb3ad1\" data-animation-delay=\"0.0\" data-node=\"66a72cbeb3ad1\">\n<div class=\"fl-module-content fl-node-content\">\n<div class=\"fl-rich-text\">\n<p><span style=\"font-family: 'Segoe UI';\">Semicera biedt gespecialiseerde tantalum carbide (TAC) coatings voor verschillende componenten en dragers.<\/span>&nbsp;Semicera leading coating process enables tantalum carbide (TaC) coatings to achieve high purity, high temperature stability and high chemical tolerance, improving product quality of SIC\/GAN crystals and EPI layers (Graphite coated TaC susceptor), and extending the life of key reactor components. The use of tantalum carbide TaC coating is to solve the edge problem and improve the quality of crystal growth, and Semicera has breakthrough solved the tantalum carbide coating technology (CVD), reaching the international advanced level.<\/p>\n<div id=\"gtx-trans\" style=\"position: absolute; left: 194px; top: 111.453px;\">&nbsp;<\/div>\n<\/p><\/div>\n<\/p><\/div>\n<\/p><\/div>\n<\/p><\/div>\n<\/p><\/div>\n<\/p><\/div>\n<div class=\"fl-col-group fl-node-66a72cb9daee8\" data-node=\"66a72cb9daee8\">\n<div class=\"fl-col fl-node-66a72cb9daf26\" data-node=\"66a72cb9daf26\" style=\"width: 100%;\">\n<div class=\"fl-col-content fl-node-content\">\n<div class=\"fl-module fl-module-rich-text fl-node-66a72cb9daf65\" data-animation-delay=\"0.0\" data-node=\"66a72cb9daf65\">\n<div class=\"fl-module-content fl-node-content\">\n<div class=\"fl-rich-text\">\n<p>After years of development, Semicera has conquered the technology of CVD TaC with the joint efforts of the R&amp;D department. Defects are easy to occur in the growth process of SiC wafers, but after using TaC, the difference is significant. Below is a comparison of wafers with and without TaC, as well as Simicera&#8217; parts for single crystal growth.<\/p>\n<\/p><\/div>\n<\/p><\/div>\n<\/p><\/div>\n<div class=\"fl-module fl-module-rich-text fl-node-66a72cc957591\" data-animation-delay=\"0.0\" data-node=\"66a72cc957591\">\n<div class=\"fl-module-content fl-node-content\">\n<div class=\"fl-rich-text\">\n<p>The main features of TaC coated graphite guide rings include:<\/p>\n<p>1. High temperature resistance: TaC coating has excellent high temperature stability and can maintain stability in high temperature environments.<\/p>\n<p>2. Wear resistance: The high hardness of the tantalum carbide thin layer gives the guide ring good wear resistance and extends its service life.<\/p>\n<p>3. Chemical stability: TaC coating has high stability against chemical corrosion, making it suitable for applications in some corrosive media.<\/p>\n<p>4. Reduce friction: TaC coating can effectively reduce the friction between the graphite guide ring and other components and improve the efficiency of mechanical seals.<\/p>\n<\/p><\/div>\n<\/p><\/div>\n<\/p><\/div>\n<\/p><\/div>\n<\/p><\/div>\n<\/p><\/div>\n<div class=\"fl-col-group fl-node-66a72cb9db213\" data-node=\"66a72cb9db213\">\n<div class=\"fl-col fl-node-66a72cb9db30b fl-col-small\" data-node=\"66a72cb9db30b\" style=\"width: 50%;\">\n<div class=\"fl-col-content fl-node-content\">\n<div class=\"fl-module fl-module-photo fl-node-66a72cb9db28f\" data-animation-delay=\"0.0\" data-node=\"66a72cb9db28f\">\n<div class=\"fl-module-content fl-node-content\">\n<div class=\"fl-photo fl-photo-align-center\" itemscope=\"\" itemtype=\"http:\/\/schema.org\/ImageObject\">\n<div class=\"fl-photo-content fl-photo-img-jpg\"> <img decoding=\"async\" alt=\"Hoog effici\u00ebntie Tantalum Carbide Coating_ Verbetering van de effici\u00ebntie van de industri\u00eble productie en verlagen onderhoudskosten dat wordt uitgelicht beeld\" class=\"fl-photo-img wp-image-7305 size-thumbnail\" itemprop=\"image\" src=\"\/wp-content\/uploads\/2025\/09\/0c4e2486991c9804.webp\"> <\/div>\n<\/p><\/div>\n<\/p><\/div>\n<\/p><\/div>\n<div class=\"fl-module fl-module-heading fl-node-66a72cb9db38f\" data-animation-delay=\"0.0\" data-node=\"66a72cb9db38f\">\n<div class=\"fl-module-content fl-node-content\">\n<h3 class=\"fl-heading\">  TAC -gedeelte voor groei enkel kristal  <\/h3>\n<\/p><\/div>\n<\/p><\/div>\n<\/p><\/div>\n<\/p><\/div>\n<div class=\"fl-col fl-node-66a72cb9db251 fl-col-small\" data-node=\"66a72cb9db251\" style=\"width: 50%;\">\n<div class=\"fl-col-content fl-node-content\">\n<div class=\"fl-module fl-module-photo fl-node-66a72cb9db2cd\" data-animation-delay=\"0.0\" data-node=\"66a72cb9db2cd\">\n<div class=\"fl-module-content fl-node-content\">\n<div class=\"fl-photo fl-photo-align-center\" itemscope=\"\" itemtype=\"http:\/\/schema.org\/ImageObject\">\n<div class=\"fl-photo-content fl-photo-img-jpg\"> <img decoding=\"async\" alt=\"Antiwear tantalum carbide Coating_ beschermt apparatuur tegen slijtage en corrosie -uitgelichte afbeelding\" class=\"fl-photo-img wp-image-6556 size-thumbnail\" itemprop=\"image\" src=\"\/wp-content\/uploads\/2025\/09\/3358ccbc0dafe7b5.webp\"> <\/div>\n<\/p><\/div>\n<\/p><\/div>\n<\/p><\/div>\n<div class=\"fl-module fl-module-heading fl-node-66a72cb9db349\" data-animation-delay=\"0.0\" data-node=\"66a72cb9db349\">\n<div class=\"fl-module-content fl-node-content\">\n<h3 class=\"fl-heading\">  Grafiet met TAC -gecoate ring  <\/h3>\n<\/p><\/div>\n<\/p><\/div>\n<\/p><\/div>\n<\/p><\/div>\n<\/p><\/div>\n<div class=\"fl-col-group fl-node-66a72cb9dadb2\" data-node=\"66a72cb9dadb2\">\n<div class=\"fl-col fl-node-66a72cb9daeaa fl-col-small\" data-node=\"66a72cb9daeaa\" style=\"width: 50%;\">\n<div class=\"fl-col-content fl-node-content\">\n<div class=\"fl-module fl-module-photo fl-node-66a72cb9dae2e\" data-animation-delay=\"0.0\" data-node=\"66a72cb9dae2e\">\n<div class=\"fl-module-content fl-node-content\">\n<div class=\"fl-photo fl-photo-align-center\" itemscope=\"\" itemtype=\"http:\/\/schema.org\/ImageObject\">\n<div class=\"fl-photo-content fl-photo-img-png\"> <img decoding=\"async\" alt=\"&#24494;&#20449;&#22270;&#29255;_20240227150045\" class=\"fl-photo-img wp-image-6621\" itemprop=\"image\" src=\"\/wp-content\/uploads\/2025\/09\/7f66597ee3a8b10a.webp\"> <\/div>\n<\/p><\/div>\n<\/p><\/div>\n<\/p><\/div>\n<div class=\"fl-module fl-module-heading fl-node-66a72cb9db09c\" data-animation-delay=\"0.0\" data-node=\"66a72cb9db09c\">\n<div class=\"fl-module-content fl-node-content\">\n<h3 class=\"fl-heading\"> <span class=\"fl-heading-text\">met en zonder tac<\/span> <\/h3>\n<\/p><\/div>\n<\/p><\/div>\n<\/p><\/div>\n<\/p><\/div>\n<div class=\"fl-col fl-node-66a72cb9dadf0 fl-col-small\" data-node=\"66a72cb9dadf0\" style=\"width: 50%;\">\n<div class=\"fl-col-content fl-node-content\">\n<div class=\"fl-module fl-module-photo fl-node-66a72cb9dae6c\" data-animation-delay=\"0.0\" data-node=\"66a72cb9dae6c\">\n<div class=\"fl-module-content fl-node-content\">\n<div class=\"fl-photo fl-photo-align-center\" itemscope=\"\" itemtype=\"http:\/\/schema.org\/ImageObject\">\n<div class=\"fl-photo-content fl-photo-img-png\"> <img decoding=\"async\" alt=\"&#24494;&#20449;&#22270;&#29255;_20240227150053\" class=\"fl-photo-img wp-image-6620 size-thumbnail\" itemprop=\"image\" src=\"\/wp-content\/uploads\/2025\/09\/b13df0bf24464be4.webp\"> <\/div>\n<\/p><\/div>\n<\/p><\/div>\n<\/p><\/div>\n<div class=\"fl-module fl-module-heading fl-node-66a72cb9db05e\" data-animation-delay=\"0.0\" data-node=\"66a72cb9db05e\">\n<div class=\"fl-module-content fl-node-content\">\n<h3 class=\"fl-heading\"> <span class=\"fl-heading-text\">Na het gebruik van TAC (rechts)<\/span> <\/h3>\n<\/p><\/div>\n<\/p><\/div>\n<\/p><\/div>\n<\/p><\/div>\n<\/p><\/div>\n<div class=\"fl-col-group fl-node-66a72cb9dafe3\" data-node=\"66a72cb9dafe3\">\n<div class=\"fl-col fl-node-66a72cb9db021\" data-node=\"66a72cb9db021\" style=\"width: 100%;\">\n<div class=\"fl-col-content fl-node-content\">\n<div class=\"fl-module fl-module-rich-text fl-node-66a72cb9dafa4\" data-animation-delay=\"0.0\" data-node=\"66a72cb9dafa4\">\n<div class=\"fl-module-content fl-node-content\">\n<div class=\"fl-rich-text\">\n<p>Moreover, Semicera&#8217;s TaC-coated products&nbsp;exhibit a longer service life and greater high-temperature resistance compared to <b>SiC coatings.<\/b>&nbsp;Laboratory measurements have demonstrated that our TaC coatings&nbsp;can consistently perform at temperatures up to 2300 degrees Celsius for extended periods. Below are some examples of our samples:<\/p>\n<div id=\"gtx-trans\" style=\"position: absolute; left: 1221px; top: 26px;\">&nbsp;<\/div>\n<\/p><\/div>\n<\/p><\/div>\n<\/p><\/div>\n<\/p><\/div>\n<\/p><\/div>\n<\/p><\/div>\n<div class=\"fl-col-group fl-node-66a72cb9db0da\" data-node=\"66a72cb9db0da\">\n<div class=\"fl-col fl-node-66a72cb9db1d5 fl-col-small\" data-node=\"66a72cb9db1d5\" style=\"width: 50%;\">\n<div class=\"fl-col-content fl-node-content\">\n<div class=\"fl-module fl-module-photo fl-node-66a72cb9db159\" data-animation-delay=\"0.0\" data-node=\"66a72cb9db159\">\n<div class=\"fl-module-content fl-node-content\">\n<div class=\"fl-photo fl-photo-align-center\" itemscope=\"\" itemtype=\"http:\/\/schema.org\/ImageObject\">\n<div class=\"fl-photo-content fl-photo-img-png\"> <img decoding=\"async\" alt=\"3\" class=\"fl-photo-img wp-image-8245\" itemprop=\"image\" src=\"\/wp-content\/uploads\/2025\/09\/c934e5dc4964ad7b.webp\"> <\/div>\n<\/p><\/div>\n<\/p><\/div>\n<\/p><\/div>\n<div class=\"fl-module fl-module-heading fl-node-66a72cb9db599\" data-animation-delay=\"0.0\" data-node=\"66a72cb9db599\">\n<div class=\"fl-module-content fl-node-content\">\n<h3 class=\"fl-heading\">  TAC -gecoate susceptor  <\/h3>\n<\/p><\/div>\n<\/p><\/div>\n<\/p><\/div>\n<\/p><\/div>\n<div class=\"fl-col fl-node-66a72cb9db118 fl-col-small\" data-node=\"66a72cb9db118\" style=\"width: 50%;\">\n<div class=\"fl-col-content fl-node-content\">\n<div class=\"fl-module fl-module-photo fl-node-66a72cb9db197\" data-animation-delay=\"0.0\" data-node=\"66a72cb9db197\">\n<div class=\"fl-module-content fl-node-content\">\n<div class=\"fl-photo fl-photo-align-center\" itemscope=\"\" itemtype=\"http:\/\/schema.org\/ImageObject\">\n<div class=\"fl-photo-content fl-photo-img-png\"> <img decoding=\"async\" alt=\"4\" class=\"fl-photo-img wp-image-8246\" itemprop=\"image\" src=\"\/wp-content\/uploads\/2025\/09\/288e78622a58bce1.webp\"> <\/div>\n<\/p><\/div>\n<\/p><\/div>\n<\/p><\/div>\n<div class=\"fl-module fl-module-heading fl-node-66a72cb9db5da\" data-animation-delay=\"0.0\" data-node=\"66a72cb9db5da\">\n<div class=\"fl-module-content fl-node-content\">\n<h3 class=\"fl-heading\">  Grafiet met TAC -gecoate reactor  <\/h3>\n<\/p><\/div>\n<\/p><\/div>\n<\/p><\/div>\n<\/p><\/div>\n<\/p><\/div>\n<div class=\"fl-col-group fl-node-66a72cb9db4d7\" data-node=\"66a72cb9db4d7\">\n<div class=\"fl-col fl-node-66a72cb9db517\" data-node=\"66a72cb9db517\" style=\"width: 100%;\">\n<div class=\"fl-col-content fl-node-content\">\n<div class=\"fl-module fl-module-photo fl-node-66a72cb9db558\" data-animation-delay=\"0.0\" data-node=\"66a72cb9db558\">\n<div class=\"fl-module-content fl-node-content\">\n<div class=\"fl-photo fl-photo-align-center\" itemscope=\"\" itemtype=\"http:\/\/schema.org\/ImageObject\">\n<div class=\"fl-photo-content fl-photo-img-png\"> <img decoding=\"async\" alt=\"0(1)\" class=\"fl-photo-img wp-image-6851\" itemprop=\"image\" src=\"\/wp-content\/uploads\/2025\/09\/474f2973c811b4a2.webp\"> <\/div>\n<\/p><\/div>\n<\/p><\/div>\n<\/p><\/div>\n<\/p><\/div>\n<\/p><\/div>\n<\/p><\/div>\n<div class=\"fl-col-group fl-node-66a72cb9dab7f\" data-node=\"66a72cb9dab7f\">\n<div class=\"fl-col fl-node-66a72cb9dabc1\" data-node=\"66a72cb9dabc1\" style=\"width: 100%;\">\n<div class=\"fl-col-content fl-node-content\">\n<div class=\"fl-module fl-module-photo fl-node-66a72cb9dabff\" data-animation-delay=\"0.0\" data-node=\"66a72cb9dabff\">\n<div class=\"fl-module-content fl-node-content\">\n<div class=\"fl-photo fl-photo-align-center\" itemscope=\"\" itemtype=\"http:\/\/schema.org\/ImageObject\">\n<div class=\"fl-photo-content fl-photo-img-jpg\"> <img decoding=\"async\" alt=\"Semicera werkplek\" class=\"fl-photo-img wp-image-7286\" itemprop=\"image\" src=\"\/wp-content\/uploads\/2025\/09\/b1dd0bcab1675ff4.webp\"> <\/div>\n<\/p><\/div>\n<\/p><\/div>\n<\/p><\/div>\n<\/p><\/div>\n<\/p><\/div>\n<\/p><\/div>\n<div class=\"fl-col-group fl-node-66a72cb9dacf7\" data-node=\"66a72cb9dacf7\">\n<div class=\"fl-col fl-node-66a72cb9dad35\" data-node=\"66a72cb9dad35\" style=\"width: 100%;\">\n<div class=\"fl-col-content fl-node-content\">\n<div class=\"fl-module fl-module-photo fl-node-66a72cb9dad74\" data-animation-delay=\"0.0\" data-node=\"66a72cb9dad74\">\n<div class=\"fl-module-content fl-node-content\">\n<div class=\"fl-photo fl-photo-align-center\" itemscope=\"\" itemtype=\"http:\/\/schema.org\/ImageObject\">\n<div class=\"fl-photo-content fl-photo-img-jpg\"> <img decoding=\"async\" alt=\"Semicera werkplek 2\" class=\"fl-photo-img wp-image-7287\" itemprop=\"image\" src=\"\/wp-content\/uploads\/2025\/09\/2b946d2b4b61306d.webp\"> <\/div>\n<\/p><\/div>\n<\/p><\/div>\n<\/p><\/div>\n<div class=\"fl-module fl-module-photo fl-node-66a72cb9db495\" data-animation-delay=\"0.0\" data-node=\"66a72cb9db495\">\n<div class=\"fl-module-content fl-node-content\">\n<div class=\"fl-photo fl-photo-align-center\" itemscope=\"\" itemtype=\"http:\/\/schema.org\/ImageObject\">\n<div class=\"fl-photo-content fl-photo-img-jpg\"> <img decoding=\"async\" alt=\"Apparatuurmachine\" class=\"fl-photo-img wp-image-7288\" itemprop=\"image\" src=\"\/wp-content\/uploads\/2025\/09\/081b6529d68ead23.webp\"> <\/div>\n<\/p><\/div>\n<\/p><\/div>\n<\/p><\/div>\n<div class=\"fl-module fl-module-photo fl-node-66a72cb9db3d2\" data-animation-delay=\"0.0\" data-node=\"66a72cb9db3d2\">\n<div class=\"fl-module-content fl-node-content\">\n<div class=\"fl-photo fl-photo-align-center\" itemscope=\"\" itemtype=\"http:\/\/schema.org\/ImageObject\">\n<div class=\"fl-photo-content fl-photo-img-jpg\"> <img decoding=\"async\" alt=\"Semicera Ware House\" class=\"fl-photo-img wp-image-7140\" itemprop=\"image\" src=\"\/wp-content\/uploads\/2025\/09\/2190bb9ce5c1d546.webp\"> <\/div>\n<\/p><\/div>\n<\/p><\/div>\n<\/p><\/div>\n<div class=\"fl-module fl-module-photo fl-node-66a72cb9db454\" data-animation-delay=\"0.0\" data-node=\"66a72cb9db454\">\n<div class=\"fl-module-content fl-node-content\">\n<div class=\"fl-photo fl-photo-align-center\" itemscope=\"\" itemtype=\"http:\/\/schema.org\/ImageObject\">\n<div class=\"fl-photo-content fl-photo-img-jpg\"> <img decoding=\"async\" alt=\"CNN -verwerking, chemische reiniging, CVD -coating\" class=\"fl-photo-img wp-image-7289\" itemprop=\"image\" src=\"\/wp-content\/uploads\/2025\/09\/a4132b2b399abbac.webp\"> <\/div>\n<\/p><\/div>\n<\/p><\/div>\n<\/p><\/div>\n<div class=\"fl-module fl-module-photo fl-node-66a72cb9db413\" data-animation-delay=\"0.0\" data-node=\"66a72cb9db413\">\n<div class=\"fl-module-content fl-node-content\">\n<div class=\"fl-photo fl-photo-align-center\" itemscope=\"\" itemtype=\"http:\/\/schema.org\/ImageObject\">\n<div class=\"fl-photo-content fl-photo-img-jpg\"> <img decoding=\"async\" alt=\"Onze service\" class=\"fl-photo-img wp-image-7290\" itemprop=\"image\" src=\"\/wp-content\/uploads\/2025\/09\/b07f222c0ec0ab8d.webp\"> <\/div>\n<\/p><\/div>\n<\/p><\/div>\n<\/p><\/div>\n<\/p><\/div>\n<\/p><\/div>\n<\/p><\/div>\n<\/p><\/div>\n<\/p><\/div>\n<\/p><\/div>\n<\/div>","protected":false},"excerpt":{"rendered":"<p><?xml encoding=\"utf-8\" ?><\/p>\n<p>Semicera Semiconductor&rsquo;s TaC Coated Graphite Guide Ring is engineered for silicon carbide crystal growth, providing exceptional wear resistance and thermal stability. Choose Semicera for reliable and high-performance components.<\/p>","protected":false},"featured_media":772,"comment_status":"closed","ping_status":"open","template":"","meta":[],"product_brand":[],"product_cat":[37],"product_tag":[],"class_list":{"0":"post-1440","1":"product","2":"type-product","3":"status-publish","4":"has-post-thumbnail","6":"product_cat-cvd-tac-coating","8":"first","9":"instock","10":"product-type-simple"},"_links":{"self":[{"href":"https:\/\/www.cn-semiconductorparts.com\/nl\/wp-json\/wp\/v2\/product\/1440","targetHints":{"allow":["GET"]}}],"collection":[{"href":"https:\/\/www.cn-semiconductorparts.com\/nl\/wp-json\/wp\/v2\/product"}],"about":[{"href":"https:\/\/www.cn-semiconductorparts.com\/nl\/wp-json\/wp\/v2\/types\/product"}],"replies":[{"embeddable":true,"href":"https:\/\/www.cn-semiconductorparts.com\/nl\/wp-json\/wp\/v2\/comments?post=1440"}],"wp:featuredmedia":[{"embeddable":true,"href":"https:\/\/www.cn-semiconductorparts.com\/nl\/wp-json\/wp\/v2\/media\/772"}],"wp:attachment":[{"href":"https:\/\/www.cn-semiconductorparts.com\/nl\/wp-json\/wp\/v2\/media?parent=1440"}],"wp:term":[{"taxonomy":"product_brand","embeddable":true,"href":"https:\/\/www.cn-semiconductorparts.com\/nl\/wp-json\/wp\/v2\/product_brand?post=1440"},{"taxonomy":"product_cat","embeddable":true,"href":"https:\/\/www.cn-semiconductorparts.com\/nl\/wp-json\/wp\/v2\/product_cat?post=1440"},{"taxonomy":"product_tag","embeddable":true,"href":"https:\/\/www.cn-semiconductorparts.com\/nl\/wp-json\/wp\/v2\/product_tag?post=1440"}],"curies":[{"name":"WP","href":"https:\/\/api.w.org\/{rel}","templated":true}]}}