{"id":1441,"date":"2025-09-11T05:29:06","date_gmt":"2025-09-11T05:29:06","guid":{"rendered":"https:\/\/weitai2.globaldeepsea.site\/product\/tantalum-carbide-coating-pedestal-support-plate\/"},"modified":"2026-04-29T15:33:31","modified_gmt":"2026-04-29T07:33:31","slug":"tantalum-carbide-coating-pedestal-support-plate","status":"publish","type":"product","link":"https:\/\/www.cn-semiconductorparts.com\/nl\/product\/tantalum-carbide-coating-pedestal-support-plate\/","title":{"rendered":"Tantalum carbide coating voetstuk ondersteuningsplaat"},"content":{"rendered":"<p><?xml encoding=\"utf-8\" ?><\/p>\n<div class=\"fl-builder-content fl-builder-content-9691 fl-builder-content-primary fl-builder-global-templates-locked\" data-post-id=\"9691\">\n<div class=\"fl-row fl-row-full-width fl-row-bg-none fl-node-66a712a32dcb3\" data-node=\"66a712a32dcb3\">\n<div class=\"fl-row-content-wrap\">\n<div class=\"fl-row-content fl-row-full-width fl-node-content\">\n<div class=\"fl-col-group fl-node-66a712a32ddc9\" data-node=\"66a712a32ddc9\">\n<div class=\"fl-col fl-node-66a712a32de09\" data-node=\"66a712a32de09\" style=\"width: 100%;\">\n<div class=\"fl-col-content fl-node-content\">\n<div class=\"fl-module fl-module-rich-text fl-node-66a712a32de49\" data-animation-delay=\"0.0\" data-node=\"66a712a32de49\">\n<div class=\"fl-module-content fl-node-content\">\n<div class=\"fl-rich-text\">\n<p><span style=\"font-family: 'Segoe UI';\">Tantalum carbide coated susceptor support plate is a susceptor or support structure that is covered with a thin layer of tantalum carbide. This coating can be formed on the susceptor surface by techniques such as physical vapor deposition (PVD) or chemical vapor deposition (CVD), giving the susceptor the superior properties of tantalum carbide.<\/span><\/p>\n<div id=\"gtx-trans\" style=\"position: absolute; left: 194px; top: 111.453px;\">&nbsp;<\/div>\n<\/p><\/div>\n<\/p><\/div>\n<\/p><\/div>\n<div class=\"fl-module fl-module-rich-text fl-node-66a712b314303\" data-animation-delay=\"0.0\" data-node=\"66a712b314303\">\n<div class=\"fl-module-content fl-node-content\">\n<div class=\"fl-rich-text\">\n<p><span style=\"font-family: 'Segoe UI';\">Semicera biedt gespecialiseerde tantalum carbide (TAC) coatings voor verschillende componenten en dragers.<\/span>&nbsp;Semicera leading coating process enables tantalum carbide (TaC) coatings to achieve high purity, high temperature stability and high chemical tolerance, improving product quality of SIC\/GAN crystals and EPI layers (Graphite coated TaC susceptor), and extending the life of key reactor components. The use of tantalum carbide TaC coating is to solve the edge problem and improve the quality of crystal growth, and Semicera has breakthrough solved the tantalum carbide coating technology (CVD), reaching the international advanced level.<\/p>\n<div id=\"gtx-trans\" style=\"position: absolute; left: 194px; top: 111.453px;\">&nbsp;<\/div>\n<\/p><\/div>\n<\/p><\/div>\n<\/p><\/div>\n<\/p><\/div>\n<\/p><\/div>\n<\/p><\/div>\n<div class=\"fl-col-group fl-node-66a712a32e086\" data-node=\"66a712a32e086\">\n<div class=\"fl-col fl-node-66a712a32e0c6\" data-node=\"66a712a32e0c6\" style=\"width: 100%;\">\n<div class=\"fl-col-content fl-node-content\">\n<div class=\"fl-module fl-module-rich-text fl-node-66a712a32e106\" data-animation-delay=\"0.0\" data-node=\"66a712a32e106\">\n<div class=\"fl-module-content fl-node-content\">\n<div class=\"fl-rich-text\">\n<p>After years of development, Semicera has conquered the technology of CVD TaC with the joint efforts of the R&amp;D department. Defects are easy to occur in the growth process of SiC wafers, but after using TaC, the difference is significant. Below is a comparison of wafers with and without TaC, as well as Simicera&#8217; parts for single crystal growth.<\/p>\n<\/p><\/div>\n<\/p><\/div>\n<\/p><\/div>\n<div class=\"fl-module fl-module-rich-text fl-node-66a7130ac1b06\" data-animation-delay=\"0.0\" data-node=\"66a7130ac1b06\">\n<div class=\"fl-module-content fl-node-content\">\n<div class=\"fl-rich-text\">\n<p>De belangrijkste kenmerken van tantalum carbide gecoate base supportplaten zijn inclusief:<\/p>\n<p>1. Stabiliteit met hoge temperatuur: tantalumcarbide heeft een uitstekende stabiliteit van hoge temperatuur, waardoor de gecoate basisondersteuningsplaat geschikt is voor ondersteuningsbehoeften in werkomgevingen op hoge temperatuur.<\/p>\n<p>2. Corrosieweerstand: Tantalum carbide -coating heeft een goede corrosieweerstand, kan weerstand bieden aan chemische corrosie en oxidatie en de levensduur van de basis verlengen.<\/p>\n<p>3. Hoge hardheid en slijtvastheid: de hoge hardheid van tantalum carbide -coating geeft de basisondersteuningsplaat een goede slijtvastheid, wat geschikt is voor gelegenheden die een hoge slijtvastheid vereisen.<\/p>\n<p>4. Chemische stabiliteit: Tantalum carbide heeft een hoge stabiliteit voor een verscheidenheid aan chemische stoffen, waardoor de gecoate basisondersteuningsplaat goed presteert in sommige corrosieve omgevingen.<\/p>\n<\/p><\/div>\n<\/p><\/div>\n<\/p><\/div>\n<\/p><\/div>\n<\/p><\/div>\n<\/p><\/div>\n<div class=\"fl-col-group fl-node-66a712a32e3c3\" data-node=\"66a712a32e3c3\">\n<div class=\"fl-col fl-node-66a712a32e4c9 fl-col-small\" data-node=\"66a712a32e4c9\" style=\"width: 50%;\">\n<div class=\"fl-col-content fl-node-content\">\n<div class=\"fl-module fl-module-photo fl-node-66a712a32e442\" data-animation-delay=\"0.0\" data-node=\"66a712a32e442\">\n<div class=\"fl-module-content fl-node-content\">\n<div class=\"fl-photo fl-photo-align-center\" itemscope=\"\" itemtype=\"http:\/\/schema.org\/ImageObject\">\n<div class=\"fl-photo-content fl-photo-img-jpg\"> <img decoding=\"async\" alt=\"Hoog effici\u00ebntie Tantalum Carbide Coating_ Verbetering van de effici\u00ebntie van de industri\u00eble productie en verlagen onderhoudskosten dat wordt uitgelicht beeld\" class=\"fl-photo-img wp-image-7305 size-thumbnail\" itemprop=\"image\" src=\"\/wp-content\/uploads\/2025\/09\/0c4e2486991c9804.webp\"> <\/div>\n<\/p><\/div>\n<\/p><\/div>\n<\/p><\/div>\n<div class=\"fl-module fl-module-heading fl-node-66a712a32e549\" data-animation-delay=\"0.0\" data-node=\"66a712a32e549\">\n<div class=\"fl-module-content fl-node-content\">\n<h3 class=\"fl-heading\">  TAC -gedeelte voor groei enkel kristal  <\/h3>\n<\/p><\/div>\n<\/p><\/div>\n<\/p><\/div>\n<\/p><\/div>\n<div class=\"fl-col fl-node-66a712a32e403 fl-col-small\" data-node=\"66a712a32e403\" style=\"width: 50%;\">\n<div class=\"fl-col-content fl-node-content\">\n<div class=\"fl-module fl-module-photo fl-node-66a712a32e481\" data-animation-delay=\"0.0\" data-node=\"66a712a32e481\">\n<div class=\"fl-module-content fl-node-content\">\n<div class=\"fl-photo fl-photo-align-center\" itemscope=\"\" itemtype=\"http:\/\/schema.org\/ImageObject\">\n<div class=\"fl-photo-content fl-photo-img-jpg\"> <img decoding=\"async\" alt=\"Antiwear tantalum carbide Coating_ beschermt apparatuur tegen slijtage en corrosie -uitgelichte afbeelding\" class=\"fl-photo-img wp-image-6556 size-thumbnail\" itemprop=\"image\" src=\"\/wp-content\/uploads\/2025\/09\/3358ccbc0dafe7b5.webp\"> <\/div>\n<\/p><\/div>\n<\/p><\/div>\n<\/p><\/div>\n<div class=\"fl-module fl-module-heading fl-node-66a712a32e50a\" data-animation-delay=\"0.0\" data-node=\"66a712a32e50a\">\n<div class=\"fl-module-content fl-node-content\">\n<h3 class=\"fl-heading\">  Grafiet met TAC -gecoate ring  <\/h3>\n<\/p><\/div>\n<\/p><\/div>\n<\/p><\/div>\n<\/p><\/div>\n<\/p><\/div>\n<div class=\"fl-col-group fl-node-66a712a32df48\" data-node=\"66a712a32df48\">\n<div class=\"fl-col fl-node-66a712a32e046 fl-col-small\" data-node=\"66a712a32e046\" style=\"width: 50%;\">\n<div class=\"fl-col-content fl-node-content\">\n<div class=\"fl-module fl-module-photo fl-node-66a712a32dfc7\" data-animation-delay=\"0.0\" data-node=\"66a712a32dfc7\">\n<div class=\"fl-module-content fl-node-content\">\n<div class=\"fl-photo fl-photo-align-center\" itemscope=\"\" itemtype=\"http:\/\/schema.org\/ImageObject\">\n<div class=\"fl-photo-content fl-photo-img-png\"> <img decoding=\"async\" alt=\"&#24494;&#20449;&#22270;&#29255;_20240227150045\" class=\"fl-photo-img wp-image-6621\" itemprop=\"image\" src=\"\/wp-content\/uploads\/2025\/09\/7f66597ee3a8b10a.webp\"> <\/div>\n<\/p><\/div>\n<\/p><\/div>\n<\/p><\/div>\n<div class=\"fl-module fl-module-heading fl-node-66a712a32e245\" data-animation-delay=\"0.0\" data-node=\"66a712a32e245\">\n<div class=\"fl-module-content fl-node-content\">\n<h3 class=\"fl-heading\"> <span class=\"fl-heading-text\">met en zonder tac<\/span> <\/h3>\n<\/p><\/div>\n<\/p><\/div>\n<\/p><\/div>\n<\/p><\/div>\n<div class=\"fl-col fl-node-66a712a32df87 fl-col-small\" data-node=\"66a712a32df87\" style=\"width: 50%;\">\n<div class=\"fl-col-content fl-node-content\">\n<div class=\"fl-module fl-module-photo fl-node-66a712a32e007\" data-animation-delay=\"0.0\" data-node=\"66a712a32e007\">\n<div class=\"fl-module-content fl-node-content\">\n<div class=\"fl-photo fl-photo-align-center\" itemscope=\"\" itemtype=\"http:\/\/schema.org\/ImageObject\">\n<div class=\"fl-photo-content fl-photo-img-png\"> <img decoding=\"async\" alt=\"&#24494;&#20449;&#22270;&#29255;_20240227150053\" class=\"fl-photo-img wp-image-6620 size-thumbnail\" itemprop=\"image\" src=\"\/wp-content\/uploads\/2025\/09\/b13df0bf24464be4.webp\"> <\/div>\n<\/p><\/div>\n<\/p><\/div>\n<\/p><\/div>\n<div class=\"fl-module fl-module-heading fl-node-66a712a32e206\" data-animation-delay=\"0.0\" data-node=\"66a712a32e206\">\n<div class=\"fl-module-content fl-node-content\">\n<h3 class=\"fl-heading\"> <span class=\"fl-heading-text\">Na het gebruik van TAC (rechts)<\/span> <\/h3>\n<\/p><\/div>\n<\/p><\/div>\n<\/p><\/div>\n<\/p><\/div>\n<\/p><\/div>\n<div class=\"fl-col-group fl-node-66a712a32e185\" data-node=\"66a712a32e185\">\n<div class=\"fl-col fl-node-66a712a32e1c5\" data-node=\"66a712a32e1c5\" style=\"width: 100%;\">\n<div class=\"fl-col-content fl-node-content\">\n<div class=\"fl-module fl-module-rich-text fl-node-66a712a32e146\" data-animation-delay=\"0.0\" data-node=\"66a712a32e146\">\n<div class=\"fl-module-content fl-node-content\">\n<div class=\"fl-rich-text\">\n<p>Moreover, Semicera&#8217;s TaC-coated products&nbsp;exhibit a longer service life and greater high-temperature resistance compared to <b>SiC coatings.<\/b>&nbsp;Laboratory measurements have demonstrated that our TaC coatings&nbsp;can consistently perform at temperatures up to 2300 degrees Celsius for extended periods. Below are some examples of our samples:<\/p>\n<div id=\"gtx-trans\" style=\"position: absolute; left: 1221px; top: 26px;\">&nbsp;<\/div>\n<\/p><\/div>\n<\/p><\/div>\n<\/p><\/div>\n<\/p><\/div>\n<\/p><\/div>\n<\/p><\/div>\n<div class=\"fl-col-group fl-node-66a712a32e285\" data-node=\"66a712a32e285\">\n<div class=\"fl-col fl-node-66a712a32e383 fl-col-small\" data-node=\"66a712a32e383\" style=\"width: 50%;\">\n<div class=\"fl-col-content fl-node-content\">\n<div class=\"fl-module fl-module-photo fl-node-66a712a32e304\" data-animation-delay=\"0.0\" data-node=\"66a712a32e304\">\n<div class=\"fl-module-content fl-node-content\">\n<div class=\"fl-photo fl-photo-align-center\" itemscope=\"\" itemtype=\"http:\/\/schema.org\/ImageObject\">\n<div class=\"fl-photo-content fl-photo-img-png\"> <img decoding=\"async\" alt=\"3\" class=\"fl-photo-img wp-image-8245\" itemprop=\"image\" src=\"\/wp-content\/uploads\/2025\/09\/c934e5dc4964ad7b.webp\"> <\/div>\n<\/p><\/div>\n<\/p><\/div>\n<\/p><\/div>\n<div class=\"fl-module fl-module-heading fl-node-66a712a32e748\" data-animation-delay=\"0.0\" data-node=\"66a712a32e748\">\n<div class=\"fl-module-content fl-node-content\">\n<h3 class=\"fl-heading\">  TAC -gecoate susceptor  <\/h3>\n<\/p><\/div>\n<\/p><\/div>\n<\/p><\/div>\n<\/p><\/div>\n<div class=\"fl-col fl-node-66a712a32e2c4 fl-col-small\" data-node=\"66a712a32e2c4\" style=\"width: 50%;\">\n<div class=\"fl-col-content fl-node-content\">\n<div class=\"fl-module fl-module-photo fl-node-66a712a32e344\" data-animation-delay=\"0.0\" data-node=\"66a712a32e344\">\n<div class=\"fl-module-content fl-node-content\">\n<div class=\"fl-photo fl-photo-align-center\" itemscope=\"\" itemtype=\"http:\/\/schema.org\/ImageObject\">\n<div class=\"fl-photo-content fl-photo-img-png\"> <img decoding=\"async\" alt=\"4\" class=\"fl-photo-img wp-image-8246\" itemprop=\"image\" src=\"\/wp-content\/uploads\/2025\/09\/288e78622a58bce1.webp\"> <\/div>\n<\/p><\/div>\n<\/p><\/div>\n<\/p><\/div>\n<div class=\"fl-module fl-module-heading fl-node-66a712a32e787\" data-animation-delay=\"0.0\" data-node=\"66a712a32e787\">\n<div class=\"fl-module-content fl-node-content\">\n<h3 class=\"fl-heading\">  Grafiet met TAC -gecoate reactor  <\/h3>\n<\/p><\/div>\n<\/p><\/div>\n<\/p><\/div>\n<\/p><\/div>\n<\/p><\/div>\n<div class=\"fl-col-group fl-node-66a712a32e689\" data-node=\"66a712a32e689\">\n<div class=\"fl-col fl-node-66a712a32e6c8\" data-node=\"66a712a32e6c8\" style=\"width: 100%;\">\n<div class=\"fl-col-content fl-node-content\">\n<div class=\"fl-module fl-module-photo fl-node-66a712a32e708\" data-animation-delay=\"0.0\" data-node=\"66a712a32e708\">\n<div class=\"fl-module-content fl-node-content\">\n<div class=\"fl-photo fl-photo-align-center\" itemscope=\"\" itemtype=\"http:\/\/schema.org\/ImageObject\">\n<div class=\"fl-photo-content fl-photo-img-png\"> <img decoding=\"async\" alt=\"0(1)\" class=\"fl-photo-img wp-image-6851\" itemprop=\"image\" src=\"\/wp-content\/uploads\/2025\/09\/474f2973c811b4a2.webp\"> <\/div>\n<\/p><\/div>\n<\/p><\/div>\n<\/p><\/div>\n<\/p><\/div>\n<\/p><\/div>\n<\/p><\/div>\n<div class=\"fl-col-group fl-node-66a712a32dd07\" data-node=\"66a712a32dd07\">\n<div class=\"fl-col fl-node-66a712a32dd49\" data-node=\"66a712a32dd49\" style=\"width: 100%;\">\n<div class=\"fl-col-content fl-node-content\">\n<div class=\"fl-module fl-module-photo fl-node-66a712a32dd8a\" data-animation-delay=\"0.0\" data-node=\"66a712a32dd8a\">\n<div class=\"fl-module-content fl-node-content\">\n<div class=\"fl-photo fl-photo-align-center\" itemscope=\"\" itemtype=\"http:\/\/schema.org\/ImageObject\">\n<div class=\"fl-photo-content fl-photo-img-jpg\"> <img decoding=\"async\" alt=\"Semicera werkplek\" class=\"fl-photo-img wp-image-7286\" itemprop=\"image\" src=\"\/wp-content\/uploads\/2025\/09\/b1dd0bcab1675ff4.webp\"> <\/div>\n<\/p><\/div>\n<\/p><\/div>\n<\/p><\/div>\n<\/p><\/div>\n<\/p><\/div>\n<\/p><\/div>\n<div class=\"fl-col-group fl-node-66a712a32de89\" data-node=\"66a712a32de89\">\n<div class=\"fl-col fl-node-66a712a32dec8\" data-node=\"66a712a32dec8\" style=\"width: 100%;\">\n<div class=\"fl-col-content fl-node-content\">\n<div class=\"fl-module fl-module-photo fl-node-66a712a32df08\" data-animation-delay=\"0.0\" data-node=\"66a712a32df08\">\n<div class=\"fl-module-content fl-node-content\">\n<div class=\"fl-photo fl-photo-align-center\" itemscope=\"\" itemtype=\"http:\/\/schema.org\/ImageObject\">\n<div class=\"fl-photo-content fl-photo-img-jpg\"> <img decoding=\"async\" alt=\"Semicera werkplek 2\" class=\"fl-photo-img wp-image-7287\" itemprop=\"image\" src=\"\/wp-content\/uploads\/2025\/09\/2b946d2b4b61306d.webp\"> <\/div>\n<\/p><\/div>\n<\/p><\/div>\n<\/p><\/div>\n<div class=\"fl-module fl-module-photo fl-node-66a712a32e649\" data-animation-delay=\"0.0\" data-node=\"66a712a32e649\">\n<div class=\"fl-module-content fl-node-content\">\n<div class=\"fl-photo fl-photo-align-center\" itemscope=\"\" itemtype=\"http:\/\/schema.org\/ImageObject\">\n<div class=\"fl-photo-content fl-photo-img-jpg\"> <img decoding=\"async\" alt=\"Apparatuurmachine\" class=\"fl-photo-img wp-image-7288\" itemprop=\"image\" src=\"\/wp-content\/uploads\/2025\/09\/081b6529d68ead23.webp\"> <\/div>\n<\/p><\/div>\n<\/p><\/div>\n<\/p><\/div>\n<div class=\"fl-module fl-module-photo fl-node-66a712a32e589\" data-animation-delay=\"0.0\" data-node=\"66a712a32e589\">\n<div class=\"fl-module-content fl-node-content\">\n<div class=\"fl-photo fl-photo-align-center\" itemscope=\"\" itemtype=\"http:\/\/schema.org\/ImageObject\">\n<div class=\"fl-photo-content fl-photo-img-jpg\"> <img decoding=\"async\" alt=\"Semicera Ware House\" class=\"fl-photo-img wp-image-7140\" itemprop=\"image\" src=\"\/wp-content\/uploads\/2025\/09\/2190bb9ce5c1d546.webp\"> <\/div>\n<\/p><\/div>\n<\/p><\/div>\n<\/p><\/div>\n<div class=\"fl-module fl-module-photo fl-node-66a712a32e609\" data-animation-delay=\"0.0\" data-node=\"66a712a32e609\">\n<div class=\"fl-module-content fl-node-content\">\n<div class=\"fl-photo fl-photo-align-center\" itemscope=\"\" itemtype=\"http:\/\/schema.org\/ImageObject\">\n<div class=\"fl-photo-content fl-photo-img-jpg\"> <img decoding=\"async\" alt=\"CNN -verwerking, chemische reiniging, CVD -coating\" class=\"fl-photo-img wp-image-7289\" itemprop=\"image\" src=\"\/wp-content\/uploads\/2025\/09\/a4132b2b399abbac.webp\"> <\/div>\n<\/p><\/div>\n<\/p><\/div>\n<\/p><\/div>\n<div class=\"fl-module fl-module-photo fl-node-66a712a32e5c8\" data-animation-delay=\"0.0\" data-node=\"66a712a32e5c8\">\n<div class=\"fl-module-content fl-node-content\">\n<div class=\"fl-photo fl-photo-align-center\" itemscope=\"\" itemtype=\"http:\/\/schema.org\/ImageObject\">\n<div class=\"fl-photo-content fl-photo-img-jpg\"> <img decoding=\"async\" alt=\"Onze service\" class=\"fl-photo-img wp-image-7290\" itemprop=\"image\" src=\"\/wp-content\/uploads\/2025\/09\/b07f222c0ec0ab8d.webp\"> <\/div>\n<\/p><\/div>\n<\/p><\/div>\n<\/p><\/div>\n<\/p><\/div>\n<\/p><\/div>\n<\/p><\/div>\n<\/p><\/div>\n<\/p><\/div>\n<\/p><\/div>\n<\/div>","protected":false},"excerpt":{"rendered":"<p><?xml encoding=\"utf-8\" ?><\/p>\n<p>The Tantalum Carbide Coated Susceptor Support Plate by Semicera is designed for use in silicon carbide epitaxy and crystal growth. It provides stable support in high-temperature, corrosive, or high-pressure environments, essential for these advanced processes. Commonly used in high-pressure reactors, furnace structures, and chemical equipment, it ensures system performance and stability. Semicera&rsquo;s innovative coating technology guarantees superior quality and reliability for demanding engineering applications.<\/p>","protected":false},"featured_media":726,"comment_status":"closed","ping_status":"open","template":"","meta":[],"product_brand":[],"product_cat":[37],"product_tag":[],"class_list":{"0":"post-1441","1":"product","2":"type-product","3":"status-publish","4":"has-post-thumbnail","6":"product_cat-cvd-tac-coating","8":"first","9":"instock","10":"product-type-simple"},"_links":{"self":[{"href":"https:\/\/www.cn-semiconductorparts.com\/nl\/wp-json\/wp\/v2\/product\/1441","targetHints":{"allow":["GET"]}}],"collection":[{"href":"https:\/\/www.cn-semiconductorparts.com\/nl\/wp-json\/wp\/v2\/product"}],"about":[{"href":"https:\/\/www.cn-semiconductorparts.com\/nl\/wp-json\/wp\/v2\/types\/product"}],"replies":[{"embeddable":true,"href":"https:\/\/www.cn-semiconductorparts.com\/nl\/wp-json\/wp\/v2\/comments?post=1441"}],"wp:featuredmedia":[{"embeddable":true,"href":"https:\/\/www.cn-semiconductorparts.com\/nl\/wp-json\/wp\/v2\/media\/726"}],"wp:attachment":[{"href":"https:\/\/www.cn-semiconductorparts.com\/nl\/wp-json\/wp\/v2\/media?parent=1441"}],"wp:term":[{"taxonomy":"product_brand","embeddable":true,"href":"https:\/\/www.cn-semiconductorparts.com\/nl\/wp-json\/wp\/v2\/product_brand?post=1441"},{"taxonomy":"product_cat","embeddable":true,"href":"https:\/\/www.cn-semiconductorparts.com\/nl\/wp-json\/wp\/v2\/product_cat?post=1441"},{"taxonomy":"product_tag","embeddable":true,"href":"https:\/\/www.cn-semiconductorparts.com\/nl\/wp-json\/wp\/v2\/product_tag?post=1441"}],"curies":[{"name":"WP","href":"https:\/\/api.w.org\/{rel}","templated":true}]}}