{"id":1448,"date":"2025-09-11T05:29:06","date_gmt":"2025-09-11T05:29:06","guid":{"rendered":"https:\/\/weitai2.globaldeepsea.site\/product\/graphite-accessories-for-hot-field-of-single-crystal-furnace\/"},"modified":"2026-04-29T15:33:34","modified_gmt":"2026-04-29T07:33:34","slug":"graphite-accessories-for-hot-field-of-single-crystal-furnace","status":"publish","type":"product","link":"https:\/\/www.cn-semiconductorparts.com\/nl\/product\/graphite-accessories-for-hot-field-of-single-crystal-furnace\/","title":{"rendered":"Grafietaccessoires voor hete veld van enkele kristaloven"},"content":{"rendered":"<div class=\"fl-builder-content fl-builder-content-9593 fl-builder-content-primary fl-builder-global-templates-locked\" data-post-id=\"9593\">\n<div class=\"fl-row fl-row-full-width fl-row-bg-none fl-node-669a348872937\" data-node=\"669a348872937\">\n<div class=\"fl-row-content-wrap\">\n<div class=\"fl-row-content fl-row-full-width fl-node-content\">\n<div class=\"fl-col-group fl-node-669a34e43d4b8\" data-node=\"669a34e43d4b8\">\n<div class=\"fl-col fl-node-669a34e43d654\" data-node=\"669a34e43d654\" style=\"width: 100%;\">\n<div class=\"fl-col-content fl-node-content\">\n<div class=\"fl-module fl-module-rich-text fl-node-669a34e43d366\" data-animation-delay=\"0.0\" data-node=\"669a34e43d366\">\n<div class=\"fl-module-content fl-node-content\">\n<div class=\"fl-rich-text\">\n<p><span style=\"font-size: medium;\">Grafietaccessoires voor enkele kristalovens in de fotovolta\u00efsche industrie spelen een cruciale rol bij de productie van zonnecellen. Ze be\u00efnvloeden rechtstreeks de productie -effici\u00ebntie en kwaliteit van zonnecellen door een stabiele thermische omgeving te bieden en de groei van silicium enkele kristallen te ondersteunen. Daarom worden onderzoek en ontwikkeling en innovatie continu uitgevoerd om de prestaties, duurzaamheid en het aanpassingsvermogen van grafietaccessoires te verbeteren om te voldoen aan de behoeften van de zich ontwikkelende fotovolta\u00efsche industrie.<\/span><\/p>\n<\/p><\/div>\n<\/p><\/div>\n<\/p><\/div>\n<div class=\"fl-module fl-module-rich-text fl-node-669a34fed8905\" data-animation-delay=\"0.0\" data-node=\"669a34fed8905\">\n<div class=\"fl-module-content fl-node-content\">\n<div class=\"fl-rich-text\">\n<p>\u00a0<span style=\"font-size: medium;\">Invoering:<\/span><\/p>\n<p><span style=\"font-size: medium;\">1. Materiaalselectie: de grafietaccessoires voor het thermische veld van de enkele kristaloven in de fotovolta\u00efsche industrie gebruiken meestal grafietmaterialen met veel zuiverheid. Deze grafietaccessoires moeten een hoge zuiverheid, een lage onzuiverheidsgehalte en uitstekende thermische geleidbaarheid hebben om de stabiliteit van het thermische veld en de duurzaamheid in omgevingen op hoge temperatuur te waarborgen.<\/span><\/p>\n<p><span style=\"font-size: medium;\">2. Thermisch veldontwerp: het ontwerp van de grafietaccessoires voor het thermische veld van de enkele kristaloven moet rekening houden met de uniformiteit en stabiliteit van het thermische veld. De vorm en structuur van de grafietaccessoires spelen een belangrijke rol in de geleiding en verdeling van het thermische veld om ervoor te zorgen dat het silicium enkelkristal gelijkmatig in de oven wordt verwarmd en een consistente temperatuurverdeling verkrijgt.<\/span><\/p>\n<p><span style=\"font-size: medium;\">3. Thermische geleidbaarheid: de grafietaccessoires voor het thermische veld van de enkele kristaloven in de fotovolta\u00efsche industrie moeten een goede thermische geleidbaarheid hebben om een \u200b\u200beffici\u00ebnte thermische geleiding en uniforme temperatuurverdeling te bieden. Dit helpt ervoor te zorgen dat het silicium enkelkristal gelijkmatig wordt verwarmd tijdens het groeiproces in de oven en de impact van temperatuurgradi\u00ebnten op de kristalkwaliteit te verminderen.<\/span><\/p>\n<p><span style=\"font-size: medium;\">4. Weerstand op hoge temperaturen: omdat de groeitemperatuur in de enkele kristaloven meestal hoog is, moeten de grafietaccessoires voor het thermische veld van de enkele kristaloven in de fotovolta\u00efsche industrie een goede weerstand op hoge temperatuur hebben. Ze moeten in staat zijn om structurele stabiliteit en mechanische sterkte in een omgeving met hoge temperatuur te behouden om een \u200b\u200bstabiele werking op de lange termijn te garanderen.<\/span><\/p>\n<p><span style=\"font-size: medium;\">5. Corrosieweerstand: de grafietaccessoires voor het thermische veld van de enkele kristaloven in de fotovolta\u00efsche industrie moeten ook een goede corrosieweerstand hebben om de chemische reacties aan te kunnen die kunnen optreden in contact met siliciummaterialen en andere chemicali\u00ebn. Dit helpt om de stabiliteit en het leven van de grafietaccessoires te handhaven.<\/span><\/p>\n<p><span style=\"font-size: medium;\">\u00a0<\/span><\/p>\n<\/p><\/div>\n<\/p><\/div>\n<\/p><\/div>\n<\/p><\/div>\n<\/p><\/div>\n<\/p><\/div>\n<div class=\"fl-col-group fl-node-669a348872978\" data-node=\"669a348872978\">\n<div class=\"fl-col fl-node-669a3488729b7\" data-node=\"669a3488729b7\" style=\"width: 100%;\">\n<div class=\"fl-col-content fl-node-content\">\n<div class=\"fl-module fl-module-photo fl-node-669a34926dcff\" data-animation-delay=\"0.0\" data-node=\"669a34926dcff\">\n<div class=\"fl-module-content fl-node-content\">\n<div class=\"fl-photo fl-photo-align-center\" itemscope=\"\" itemtype=\"http:\/\/schema.org\/ImageObject\">\n<div class=\"fl-photo-content fl-photo-img-png\"> <img decoding=\"async\" alt=\"Single Crystal Tulling -armatuur (3)\" class=\"fl-photo-img wp-image-9578\" itemprop=\"image\" src=\"\/wp-content\/uploads\/2025\/09\/e5a38d1e21bb2348.webp\"> <\/img><\/div>\n<\/p><\/div>\n<\/p><\/div>\n<\/p><\/div>\n<div class=\"fl-module fl-module-photo fl-node-669a34a455149\" data-animation-delay=\"0.0\" data-node=\"669a34a455149\">\n<div class=\"fl-module-content fl-node-content\">\n<div class=\"fl-photo fl-photo-align-center\" itemscope=\"\" itemtype=\"http:\/\/schema.org\/ImageObject\">\n<div class=\"fl-photo-content fl-photo-img-png\"> <img decoding=\"async\" alt=\"Single Crystal Tulling -armatuur (2)\" class=\"fl-photo-img wp-image-9577\" itemprop=\"image\" src=\"\/wp-content\/uploads\/2025\/09\/9a2c62df8ddd24dc.webp\"> <\/img><\/div>\n<\/p><\/div>\n<\/p><\/div>\n<\/p><\/div>\n<div class=\"fl-module fl-module-photo fl-node-669a34bc29342\" data-animation-delay=\"0.0\" data-node=\"669a34bc29342\">\n<div class=\"fl-module-content fl-node-content\">\n<div class=\"fl-photo fl-photo-align-center\" itemscope=\"\" itemtype=\"http:\/\/schema.org\/ImageObject\">\n<div class=\"fl-photo-content fl-photo-img-png\"> <img decoding=\"async\" alt=\"Single Crystal Tulling armatuur (1)\" class=\"fl-photo-img wp-image-9576\" itemprop=\"image\" src=\"\/wp-content\/uploads\/2025\/09\/798aee82cb981e12.webp\"> <\/img><\/div>\n<\/p><\/div>\n<\/p><\/div>\n<\/p><\/div>\n<div class=\"fl-module fl-module-photo fl-node-669a34ba46673\" data-animation-delay=\"0.0\" data-node=\"669a34ba46673\">\n<div class=\"fl-module-content fl-node-content\">\n<div class=\"fl-photo fl-photo-align-center\" itemscope=\"\" itemtype=\"http:\/\/schema.org\/ImageObject\">\n<div class=\"fl-photo-content fl-photo-img-png\"> <img decoding=\"async\" alt=\"74dc1d0c\" class=\"fl-photo-img wp-image-9581\" itemprop=\"image\" src=\"\/wp-content\/uploads\/2025\/09\/a430c07772752cab.webp\"> <\/img><\/div>\n<\/p><\/div>\n<\/p><\/div>\n<\/p><\/div>\n<div class=\"fl-module fl-module-photo fl-node-669a3488729f5\" data-animation-delay=\"0.0\" data-node=\"669a3488729f5\">\n<div class=\"fl-module-content fl-node-content\">\n<div class=\"fl-photo fl-photo-align-center\" itemscope=\"\" itemtype=\"http:\/\/schema.org\/ImageObject\">\n<div class=\"fl-photo-content fl-photo-img-jpg\"> <img decoding=\"async\" alt=\"Semicera werkplek\" class=\"fl-photo-img wp-image-9038\" itemprop=\"image\" src=\"\/wp-content\/uploads\/2025\/09\/b1dd0bcab1675ff4.webp\"> <\/img><\/div>\n<\/p><\/div>\n<\/p><\/div>\n<\/p><\/div>\n<div class=\"fl-module fl-module-photo fl-node-669a348872b2b\" data-animation-delay=\"0.0\" data-node=\"669a348872b2b\">\n<div class=\"fl-module-content fl-node-content\">\n<div class=\"fl-photo fl-photo-align-center\" itemscope=\"\" itemtype=\"http:\/\/schema.org\/ImageObject\">\n<div class=\"fl-photo-content fl-photo-img-jpg\"> <img decoding=\"async\" alt=\"Semicera werkplek 2\" class=\"fl-photo-img wp-image-9037\" itemprop=\"image\" src=\"\/wp-content\/uploads\/2025\/09\/2b946d2b4b61306d.webp\"> <\/img><\/div>\n<\/p><\/div>\n<\/p><\/div>\n<\/p><\/div>\n<div class=\"fl-module fl-module-photo fl-node-669a348872aed\" data-animation-delay=\"0.0\" data-node=\"669a348872aed\">\n<div class=\"fl-module-content fl-node-content\">\n<div class=\"fl-photo fl-photo-align-center\" itemscope=\"\" itemtype=\"http:\/\/schema.org\/ImageObject\">\n<div class=\"fl-photo-content fl-photo-img-jpg\"> <img decoding=\"async\" alt=\"Apparatuurmachine\" class=\"fl-photo-img wp-image-9034 size-full\" itemprop=\"image\" src=\"\/wp-content\/uploads\/2025\/09\/081b6529d68ead23.webp\"> <\/img><\/div>\n<\/p><\/div>\n<\/p><\/div>\n<\/p><\/div>\n<div class=\"fl-module fl-module-photo fl-node-669a348872aaf\" data-animation-delay=\"0.0\" data-node=\"669a348872aaf\">\n<div class=\"fl-module-content fl-node-content\">\n<div class=\"fl-photo fl-photo-align-center\" itemscope=\"\" itemtype=\"http:\/\/schema.org\/ImageObject\">\n<div class=\"fl-photo-content fl-photo-img-jpg\"> <img decoding=\"async\" alt=\"CNN -verwerking, chemische reiniging, CVD -coating\" class=\"fl-photo-img wp-image-9033\" itemprop=\"image\" src=\"\/wp-content\/uploads\/2025\/09\/a4132b2b399abbac.webp\"> <\/img><\/div>\n<\/p><\/div>\n<\/p><\/div>\n<\/p><\/div>\n<div class=\"fl-module fl-module-photo fl-node-669a348872a71\" data-animation-delay=\"0.0\" data-node=\"669a348872a71\">\n<div class=\"fl-module-content fl-node-content\">\n<div class=\"fl-photo fl-photo-align-center\" itemscope=\"\" itemtype=\"http:\/\/schema.org\/ImageObject\">\n<div class=\"fl-photo-content fl-photo-img-jpg\"> <img decoding=\"async\" alt=\"Semicera Ware House\" class=\"fl-photo-img wp-image-9036\" itemprop=\"image\" src=\"\/wp-content\/uploads\/2025\/09\/2190bb9ce5c1d546.webp\"\/> <\/div>\n<\/p><\/div>\n<\/p><\/div>\n<\/p><\/div>\n<div class=\"fl-module fl-module-photo fl-node-669a348872a34\" data-animation-delay=\"0.0\" data-node=\"669a348872a34\">\n<div class=\"fl-module-content fl-node-content\">\n<div class=\"fl-photo fl-photo-align-center\" itemscope=\"\" itemtype=\"http:\/\/schema.org\/ImageObject\">\n<div class=\"fl-photo-content fl-photo-img-jpg\"> <img decoding=\"async\" alt=\"Onze service\" class=\"fl-photo-img wp-image-9035\" itemprop=\"image\" src=\"\/wp-content\/uploads\/2025\/09\/b07f222c0ec0ab8d.webp\"\/> <\/div>\n<\/p><\/div>\n<\/p><\/div>\n<\/p><\/div>\n<\/p><\/div>\n<\/p><\/div>\n<\/p><\/div>\n<\/p><\/div>\n<\/p><\/div>\n<\/p><\/div>\n<\/div>","protected":false},"excerpt":{"rendered":"<p>De thermische veldgrafietaccessoires met enkele kristaloven van Semicera zijn essentieel voor de fotovolta\u00efsche industrie. Deze componenten zorgen voor een stabiel thermisch veld, ter ondersteuning van de groei van silicium enkele kristallen bij de productie van zonnecellen. De grafietaccessoires van Semicera zijn ontworpen voor duurzaamheid en effici\u00ebntie, waardoor ze ideaal zijn voor krachtige zonnetoepassingen.<\/p>","protected":false},"featured_media":564,"comment_status":"closed","ping_status":"open","template":"","meta":[],"product_brand":[],"product_cat":[23,21],"product_tag":[],"class_list":{"0":"post-1448","1":"product","2":"type-product","3":"status-publish","4":"has-post-thumbnail","6":"product_cat-lsotropic-graphite","7":"product_cat-specialty-graphite","9":"first","10":"instock","11":"product-type-simple"},"_links":{"self":[{"href":"https:\/\/www.cn-semiconductorparts.com\/nl\/wp-json\/wp\/v2\/product\/1448","targetHints":{"allow":["GET"]}}],"collection":[{"href":"https:\/\/www.cn-semiconductorparts.com\/nl\/wp-json\/wp\/v2\/product"}],"about":[{"href":"https:\/\/www.cn-semiconductorparts.com\/nl\/wp-json\/wp\/v2\/types\/product"}],"replies":[{"embeddable":true,"href":"https:\/\/www.cn-semiconductorparts.com\/nl\/wp-json\/wp\/v2\/comments?post=1448"}],"wp:featuredmedia":[{"embeddable":true,"href":"https:\/\/www.cn-semiconductorparts.com\/nl\/wp-json\/wp\/v2\/media\/564"}],"wp:attachment":[{"href":"https:\/\/www.cn-semiconductorparts.com\/nl\/wp-json\/wp\/v2\/media?parent=1448"}],"wp:term":[{"taxonomy":"product_brand","embeddable":true,"href":"https:\/\/www.cn-semiconductorparts.com\/nl\/wp-json\/wp\/v2\/product_brand?post=1448"},{"taxonomy":"product_cat","embeddable":true,"href":"https:\/\/www.cn-semiconductorparts.com\/nl\/wp-json\/wp\/v2\/product_cat?post=1448"},{"taxonomy":"product_tag","embeddable":true,"href":"https:\/\/www.cn-semiconductorparts.com\/nl\/wp-json\/wp\/v2\/product_tag?post=1448"}],"curies":[{"name":"WP","href":"https:\/\/api.w.org\/{rel}","templated":true}]}}