{"id":1453,"date":"2025-09-11T05:29:13","date_gmt":"2025-09-11T05:29:13","guid":{"rendered":"https:\/\/weitai2.globaldeepsea.site\/product\/silicon-carbide-ceramics-sic-seal-ring\/"},"modified":"2025-09-11T05:29:13","modified_gmt":"2025-09-11T05:29:13","slug":"silicon-carbide-ceramics-sic-seal-ring","status":"publish","type":"product","link":"https:\/\/www.cn-semiconductorparts.com\/nl\/product\/silicon-carbide-ceramics-sic-seal-ring\/","title":{"rendered":"Silicon Carbide Ceramics (SIC) afdichtingring"},"content":{"rendered":"<div class=\"fl-builder-content fl-builder-content-9390 fl-builder-content-primary fl-builder-global-templates-locked\" data-post-id=\"9390\">\n<div class=\"fl-row fl-row-full-width fl-row-bg-none fl-node-6687ac73c639f\" data-node=\"6687ac73c639f\">\n<div class=\"fl-row-content-wrap\">\n<div class=\"fl-row-content fl-row-full-width fl-node-content\">\n<div class=\"fl-col-group fl-node-6687ac73c63e2\" data-node=\"6687ac73c63e2\">\n<div class=\"fl-col fl-node-6687ac73c6424\" data-node=\"6687ac73c6424\" style=\"width: 100%;\">\n<div class=\"fl-col-content fl-node-content\">\n<div class=\"fl-module fl-module-rich-text fl-node-6687ac73c6465\" data-animation-delay=\"0.0\" data-node=\"6687ac73c6465\">\n<div class=\"fl-module-content fl-node-content\">\n<div class=\"fl-rich-text\">\n<p>Siliconen carbide keramiek (SIC) afdichtingring is een afdichtelement gemaakt van siliciumcarbide keramisch materiaal en gebruikt in mechanische afdichtingtoepassingen. Silicium Carbide Ceramics (SIC) afdichtring maakt gebruik van siliciumcarbide als hoofdcomponent en heeft uitstekende fysische en chemische eigenschappen, dus het wordt veel gebruikt in verschillende industri\u00eble velden die hoogwaardige afdichting vereisen.<\/p>\n<p>Siliconencarbide is een nieuw type keramiek met hoog kostenprestaties en uitstekende materiaaleigenschappen. Vanwege kenmerken zoals hoge sterkte en hardheid, hoge temperatuurweerstand, grote thermische geleidbaarheid en chemische corrosieweerstand, kan siliciumcarbide bijna alle chemische medium weerstaan. Daarom worden SIC veel gebruikt in oliemining, chemische, machines en luchtruim, zelfs kernenergie en het leger hebben hun speciale eisen aan SIC. Een normale toepassing die we kunnen bieden, zijn afdichtingsringen voor pomp, klep en beschermende pantser etc.<\/p>\n<p><span style=\"font-family: 'Segoe UI';\">Kan zeer complexe structuren maken;\u00a0<\/span><span style=\"font-family: 'Segoe UI';\">Het kan worden gebruikt bij 1400 \u2103;\u00a0<\/span><span style=\"font-family: 'Segoe UI';\">Hoge hardheid, zeer slijtvast;\u00a0<\/span><span style=\"font-family: 'Segoe UI';\">Hoge corrosieweerstand; We kunnen ontwerpen en produceren volgens uw specifieke maat.<\/span><\/p>\n<\/p><\/div>\n<\/p><\/div>\n<\/p><\/div>\n<\/p><\/div>\n<\/p><\/div>\n<\/p><\/div>\n<div class=\"fl-col-group fl-node-6687ac73c666f\" data-node=\"6687ac73c666f\">\n<div class=\"fl-col fl-node-6687ad018b6e8 fl-col-small\" data-node=\"6687ad018b6e8\" style=\"width: 50%;\">\n<div class=\"fl-col-content fl-node-content\">\n<div class=\"fl-module fl-module-photo fl-node-6687ac9d4f90a\" data-animation-delay=\"0.0\" data-node=\"6687ac9d4f90a\">\n<div class=\"fl-module-content fl-node-content\">\n<div class=\"fl-photo fl-photo-align-center\" itemscope=\"\" itemtype=\"http:\/\/schema.org\/ImageObject\">\n<div class=\"fl-photo-content fl-photo-img-png\"> <img decoding=\"async\" alt=\"Foto 16\" class=\"fl-photo-img wp-image-9395\" itemprop=\"image\" src=\"\/wp-content\/uploads\/2025\/09\/b0da0b54542f7e6f.webp\"> <\/img><\/div>\n<\/p><\/div>\n<\/p><\/div>\n<\/p><\/div>\n<\/p><\/div>\n<\/p><\/div>\n<div class=\"fl-col fl-node-6687ac73c66b0 fl-col-small\" data-node=\"6687ac73c66b0\" style=\"width: 50%;\">\n<div class=\"fl-col-content fl-node-content\">\n<div class=\"fl-module fl-module-photo fl-node-6687ac73c66f1\" data-animation-delay=\"0.0\" data-node=\"6687ac73c66f1\">\n<div class=\"fl-module-content fl-node-content\">\n<div class=\"fl-photo fl-photo-align-center\" itemscope=\"\" itemtype=\"http:\/\/schema.org\/ImageObject\">\n<div class=\"fl-photo-content fl-photo-img-png\"> <img decoding=\"async\" alt=\"Foto 18\" class=\"fl-photo-img wp-image-9396\" itemprop=\"image\" src=\"\/wp-content\/uploads\/2025\/09\/dc8d8f65b269a2b7.webp\"> <\/img><\/div>\n<\/p><\/div>\n<\/p><\/div>\n<\/p><\/div>\n<\/p><\/div>\n<\/p><\/div>\n<\/p><\/div>\n<div class=\"fl-col-group fl-node-6687ac73c64a6\" data-node=\"6687ac73c64a6\">\n<div class=\"fl-col fl-node-6687ac73c64e8\" data-node=\"6687ac73c64e8\" style=\"width: 100%;\">\n<div class=\"fl-col-content fl-node-content\">\n<div class=\"fl-module fl-module-rich-text fl-node-6687ac73c6529\" data-animation-delay=\"0.0\" data-node=\"6687ac73c6529\">\n<div class=\"fl-module-content fl-node-content\">\n<div class=\"fl-rich-text\">\n<p>Hoofdkenmerken:<\/p>\n<p>1. Draagweerstand: Siliconencarbide -keramiek heeft een extreem hoge hardheid en uitstekende slijtvastheid. Het kan een lange levensduur behouden onder snelle en hoge fictie-omstandigheden, waardoor het risico op slijtage en afdichtingsfalen wordt verminderd.<\/p>\n<p>2. Corrosieweerstand: Siliciumcarbide -keramiek heeft een uitstekende corrosieweerstand en kan erosie door zuren, alkalis, oplosmiddelen en veel corrosieve media weerstaan. Dit maakt siliciumcarbideafdichtingen geschikt voor afdichtingsbehoeften in verschillende corrosieve omgevingen.<\/p>\n<p>3. Stabiliteit met hoge temperatuur: Silicium Carbide Ceramics kan hun structuur en prestatiestabiliteit onder hoge temperatuuromstandigheden behouden. Het kan hoge temperaturen van duizenden graden Celsius weerstaan, dus het presteert goed in afdichtingstoepassingen op hoge temperatuur.<\/p>\n<p>4. Lage wrijvingsco\u00ebffici\u00ebnt: Silicon Carbide Ceramics heeft een lage wrijvingsco\u00ebffici\u00ebnt, die wrijving en het genereren van warmte vermindert, energieverlies en slijtage vermindert en de afdichtingseffici\u00ebntie verbetert.<\/p>\n<p>5. Uitstekende afdichtingsprestaties: Siliconen carbide keramische afdichtingsringen kunnen betrouwbare afdichtingsprestaties bieden, effectief voorkomen dat gemiddelde lekkage en onzuiverheden het afdichtgebied betreden en zorgen voor de veilige werking van de apparatuur.<\/p>\n<\/p><\/div>\n<\/p><\/div>\n<\/p><\/div>\n<\/p><\/div>\n<\/p><\/div>\n<\/p><\/div>\n<\/p><\/div>\n<\/p><\/div>\n<\/p><\/div>\n<div class=\"fl-row fl-row-full-width fl-row-bg-none fl-node-6687ad281b4f8\" data-node=\"6687ad281b4f8\">\n<div class=\"fl-row-content-wrap\">\n<div class=\"fl-row-content fl-row-full-width fl-node-content\">\n<div class=\"fl-col-group fl-node-6687ad281b53e\" data-node=\"6687ad281b53e\">\n<div class=\"fl-col fl-node-6687ad281b582\" data-node=\"6687ad281b582\" style=\"width: 100%;\">\n<div class=\"fl-col-content fl-node-content\">\n<div class=\"fl-module fl-module-photo fl-node-6687ad281b5c3\" data-animation-delay=\"0.0\" data-node=\"6687ad281b5c3\">\n<div class=\"fl-module-content fl-node-content\">\n<div class=\"fl-photo fl-photo-align-center\" itemscope=\"\" itemtype=\"http:\/\/schema.org\/ImageObject\">\n<div class=\"fl-photo-content fl-photo-img-jpg\"> <img decoding=\"async\" alt=\"Semicera werkplek\" class=\"fl-photo-img wp-image-9038\" itemprop=\"image\" src=\"\/wp-content\/uploads\/2025\/09\/b1dd0bcab1675ff4.webp\"> <\/img><\/div>\n<\/p><\/div>\n<\/p><\/div>\n<\/p><\/div>\n<div class=\"fl-module fl-module-photo fl-node-6687ad281b70e\" data-animation-delay=\"0.0\" data-node=\"6687ad281b70e\">\n<div class=\"fl-module-content fl-node-content\">\n<div class=\"fl-photo fl-photo-align-center\" itemscope=\"\" itemtype=\"http:\/\/schema.org\/ImageObject\">\n<div class=\"fl-photo-content fl-photo-img-jpg\"> <img decoding=\"async\" alt=\"Semicera werkplek 2\" class=\"fl-photo-img wp-image-9037\" itemprop=\"image\" src=\"\/wp-content\/uploads\/2025\/09\/2b946d2b4b61306d.webp\"> <\/img><\/div>\n<\/p><\/div>\n<\/p><\/div>\n<\/p><\/div>\n<div class=\"fl-module fl-module-photo fl-node-6687ad281b6cd\" data-animation-delay=\"0.0\" data-node=\"6687ad281b6cd\">\n<div class=\"fl-module-content fl-node-content\">\n<div class=\"fl-photo fl-photo-align-center\" itemscope=\"\" itemtype=\"http:\/\/schema.org\/ImageObject\">\n<div class=\"fl-photo-content fl-photo-img-jpg\"> <img decoding=\"async\" alt=\"Apparatuurmachine\" class=\"fl-photo-img wp-image-9034 size-full\" itemprop=\"image\" src=\"\/wp-content\/uploads\/2025\/09\/081b6529d68ead23.webp\"> <\/img><\/div>\n<\/p><\/div>\n<\/p><\/div>\n<\/p><\/div>\n<div class=\"fl-module fl-module-photo fl-node-6687ad281b687\" data-animation-delay=\"0.0\" data-node=\"6687ad281b687\">\n<div class=\"fl-module-content fl-node-content\">\n<div class=\"fl-photo fl-photo-align-center\" itemscope=\"\" itemtype=\"http:\/\/schema.org\/ImageObject\">\n<div class=\"fl-photo-content fl-photo-img-jpg\"> <img decoding=\"async\" alt=\"CNN -verwerking, chemische reiniging, CVD -coating\" class=\"fl-photo-img wp-image-9033\" itemprop=\"image\" src=\"\/wp-content\/uploads\/2025\/09\/a4132b2b399abbac.webp\"> <\/img><\/div>\n<\/p><\/div>\n<\/p><\/div>\n<\/p><\/div>\n<div class=\"fl-module fl-module-photo fl-node-6687ad281b646\" data-animation-delay=\"0.0\" data-node=\"6687ad281b646\">\n<div class=\"fl-module-content fl-node-content\">\n<div class=\"fl-photo fl-photo-align-center\" itemscope=\"\" itemtype=\"http:\/\/schema.org\/ImageObject\">\n<div class=\"fl-photo-content fl-photo-img-jpg\"> <img decoding=\"async\" alt=\"Semicera Ware House\" class=\"fl-photo-img wp-image-9036\" itemprop=\"image\" src=\"\/wp-content\/uploads\/2025\/09\/2190bb9ce5c1d546.webp\"\/> <\/div>\n<\/p><\/div>\n<\/p><\/div>\n<\/p><\/div>\n<div class=\"fl-module fl-module-photo fl-node-6687ad281b604\" data-animation-delay=\"0.0\" data-node=\"6687ad281b604\">\n<div class=\"fl-module-content fl-node-content\">\n<div class=\"fl-photo fl-photo-align-center\" itemscope=\"\" itemtype=\"http:\/\/schema.org\/ImageObject\">\n<div class=\"fl-photo-content fl-photo-img-jpg\"> <img decoding=\"async\" alt=\"Onze service\" class=\"fl-photo-img wp-image-9035\" itemprop=\"image\" src=\"\/wp-content\/uploads\/2025\/09\/b07f222c0ec0ab8d.webp\"\/> <\/div>\n<\/p><\/div>\n<\/p><\/div>\n<\/p><\/div>\n<\/p><\/div>\n<\/p><\/div>\n<\/p><\/div>\n<\/p><\/div>\n<\/p><\/div>\n<\/p><\/div>\n<\/div>","protected":false},"excerpt":{"rendered":"<p>Siliconen carbide keramiek (SIC) afdichtring is een hoog performance afdichtingselement met slijtvastheid, corrosieweerstand en stabiliteit met hoge temperatuur. Ze spelen een belangrijke rol in het industri\u00eble veld, bieden betrouwbare afdichtingsprestaties en het beschermen van apparatuur tegen lekkage en slijtage.<\/p>","protected":false},"featured_media":874,"comment_status":"closed","ping_status":"open","template":"","meta":[],"product_brand":[],"product_cat":[25,24],"product_tag":[],"class_list":{"0":"post-1453","1":"product","2":"type-product","3":"status-publish","4":"has-post-thumbnail","6":"product_cat-more-sic-product","7":"product_cat-silicon-carbide-ceramic","9":"first","10":"instock","11":"product-type-simple"},"_links":{"self":[{"href":"https:\/\/www.cn-semiconductorparts.com\/nl\/wp-json\/wp\/v2\/product\/1453","targetHints":{"allow":["GET"]}}],"collection":[{"href":"https:\/\/www.cn-semiconductorparts.com\/nl\/wp-json\/wp\/v2\/product"}],"about":[{"href":"https:\/\/www.cn-semiconductorparts.com\/nl\/wp-json\/wp\/v2\/types\/product"}],"replies":[{"embeddable":true,"href":"https:\/\/www.cn-semiconductorparts.com\/nl\/wp-json\/wp\/v2\/comments?post=1453"}],"wp:featuredmedia":[{"embeddable":true,"href":"https:\/\/www.cn-semiconductorparts.com\/nl\/wp-json\/wp\/v2\/media\/874"}],"wp:attachment":[{"href":"https:\/\/www.cn-semiconductorparts.com\/nl\/wp-json\/wp\/v2\/media?parent=1453"}],"wp:term":[{"taxonomy":"product_brand","embeddable":true,"href":"https:\/\/www.cn-semiconductorparts.com\/nl\/wp-json\/wp\/v2\/product_brand?post=1453"},{"taxonomy":"product_cat","embeddable":true,"href":"https:\/\/www.cn-semiconductorparts.com\/nl\/wp-json\/wp\/v2\/product_cat?post=1453"},{"taxonomy":"product_tag","embeddable":true,"href":"https:\/\/www.cn-semiconductorparts.com\/nl\/wp-json\/wp\/v2\/product_tag?post=1453"}],"curies":[{"name":"WP","href":"https:\/\/api.w.org\/{rel}","templated":true}]}}