{"id":1457,"date":"2025-09-11T05:29:13","date_gmt":"2025-09-11T05:29:13","guid":{"rendered":"https:\/\/weitai2.globaldeepsea.site\/product\/sic-micro-reaction-tubes\/"},"modified":"2025-09-11T05:29:14","modified_gmt":"2025-09-11T05:29:14","slug":"sic-micro-reaction-tubes","status":"publish","type":"product","link":"https:\/\/www.cn-semiconductorparts.com\/nl\/product\/sic-micro-reaction-tubes\/","title":{"rendered":"SIC Micro -reactiebuizen"},"content":{"rendered":"<div class=\"fl-builder-content fl-builder-content-9278 fl-builder-content-primary fl-builder-global-templates-locked\" data-post-id=\"9278\">\n<div class=\"fl-row fl-row-full-width fl-row-bg-none fl-node-66851849b6150\" data-node=\"66851849b6150\">\n<div class=\"fl-row-content-wrap\">\n<div class=\"fl-row-content fl-row-full-width fl-node-content\">\n<div class=\"fl-col-group fl-node-6685191d20411\" data-node=\"6685191d20411\">\n<div class=\"fl-col fl-node-6685191d206c8\" data-node=\"6685191d206c8\" style=\"width: 100%;\">\n<div class=\"fl-col-content fl-node-content\">\n<div class=\"fl-module fl-module-rich-text fl-node-66851902ec4e8\" data-animation-delay=\"0.0\" data-node=\"66851902ec4e8\">\n<div class=\"fl-module-content fl-node-content\">\n<div class=\"fl-rich-text\">\n<p>SIC -micro -reactiebuizen hebben een uitstekende weerstand van hoge temperatuur en kunnen stabiel werken onder omstandigheden op hoge temperatuur. De hoge thermische geleidbaarheid en thermische stabiliteit van siliciumcarbidematerialen stellen de microreactoren in staat om snel warmte te leiden en te verspreiden, effectief de reactietemperatuur te regelen en dus een effici\u00ebnte thermische beheer en temperatuurregeling te bereiken. Dit biedt een ideale omgeving voor reacties op hoge temperatuur en verbetert de reactiesnelheden en selectiviteit.<\/p>\n<p>Bovendien hebben SIC -micro -reactiebuizen een uitstekende chemische stabiliteit en kunnen erosie en corrosie van verschillende chemicali\u00ebn weerstaan. SIC -micro -reactiebuizen hebben een goede tolerantie voor veel voorkomende reactanten zoals zuren, basen en oplosmiddelen, waardoor de lange levensduur en betrouwbaarheid van de reactiebuis worden gewaarborgd. Het inerte oppervlak van siliciumcarbide -materialen vermindert ook onnodige reactantadsorptie en verontreiniging, waardoor de zuiverheid en consistentie van de reactie handhaaft.<\/p>\n<p>Het micro -ontwerp van SiC -micro -reactiebuizen geeft hen een hoog oppervlak tot volumeverhouding, waardoor een hogere reactie -effici\u00ebntie en snellere reactiesnelheden worden geboden. De microkanaalstructuur van de microreactor maakt een hoge mate van vloeistofcontrole en mengen mogelijk, waardoor precieze reactieomstandigheden en uniforme materiaaluitwisseling worden bereikt. Dit zorgt ervoor dat SIC -micro -reactiebuizen een groot potentieel hebben in toepassingen zoals microfluidica, geneesmiddelsynthese, katalytische reacties en biochemische analyse.<\/p>\n<p>De aanpasbaarheid en compatibiliteit van SIC -micro -reactiebuizen maken ze geschikt voor een verscheidenheid aan laboratorium- en industri\u00eble toepassingen. Ze kunnen worden ge\u00efntegreerd met traditionele laboratoriumapparatuur en automatiseringssystemen om hoge-doorvoer- en zeer effici\u00ebnte reactieprocessen te bereiken. De betrouwbaarheid en precisie van SIC -micro -reactiebuizen maken ze een ideale keuze voor onderzoekers en ingenieurs om te innoveren en te optimaliseren.<\/p>\n<\/p><\/div>\n<\/p><\/div>\n<\/p><\/div>\n<\/p><\/div>\n<\/p><\/div>\n<\/p><\/div>\n<div class=\"fl-col-group fl-node-66851849b6195\" data-node=\"66851849b6195\">\n<div class=\"fl-col fl-node-66851849b62e3\" data-node=\"66851849b62e3\" style=\"width: 100%;\">\n<div class=\"fl-col-content fl-node-content\">\n<div class=\"fl-module fl-module-photo fl-node-66851921e4600\" data-animation-delay=\"0.0\" data-node=\"66851921e4600\">\n<div class=\"fl-module-content fl-node-content\">\n<div class=\"fl-photo fl-photo-align-center\" itemscope=\"\" itemtype=\"http:\/\/schema.org\/ImageObject\">\n<div class=\"fl-photo-content fl-photo-img-jpg\"> <img decoding=\"async\" alt=\"SIC Micro -reactiebuizen_proc\" class=\"fl-photo-img wp-image-9281\" itemprop=\"image\" src=\"\/wp-content\/uploads\/2025\/09\/cc1535e32bb8922e.webp\"> <\/img><\/div>\n<\/p><\/div>\n<\/p><\/div>\n<\/p><\/div>\n<\/p><\/div>\n<\/p><\/div>\n<\/p><\/div>\n<div class=\"fl-col-group fl-node-66851849b6221\" data-node=\"66851849b6221\">\n<div class=\"fl-col fl-node-66851849b6262 fl-col-has-cols\" data-node=\"66851849b6262\" style=\"width: 100%;\">\n<div class=\"fl-col-content fl-node-content\">\n<div class=\"fl-module fl-module-heading fl-node-66851849b62a3\" data-animation-delay=\"0.0\" data-node=\"66851849b62a3\">\n<div class=\"fl-module-content fl-node-content\">\n<h3 class=\"fl-heading\"> <span class=\"fl-heading-text\">Technische parameters:<\/span> <\/h3>\n<\/p><\/div>\n<\/p><\/div>\n<div class=\"fl-col-group fl-node-66851849b64a7 fl-col-group-nested\" data-node=\"66851849b64a7\">\n<div class=\"fl-col fl-node-66851849b6364\" data-node=\"66851849b6364\" style=\"width: 100%;\">\n<div class=\"fl-col-content fl-node-content\">\n<div class=\"fl-module fl-module-photo fl-node-66851849b65ac\" data-animation-delay=\"0.0\" data-node=\"66851849b65ac\">\n<div class=\"fl-module-content fl-node-content\">\n<div class=\"fl-photo fl-photo-align-center\" itemscope=\"\" itemtype=\"http:\/\/schema.org\/ImageObject\">\n<div class=\"fl-photo-content fl-photo-img-png\"> <img decoding=\"async\" alt=\"Siliconen carbide -parameters\" class=\"fl-photo-img wp-image-3336\" itemprop=\"image\" src=\"\/wp-content\/uploads\/2025\/09\/f34bdb8e2db1ea64.webp\"> <\/img><\/div>\n<\/p><\/div>\n<\/p><\/div>\n<\/p><\/div>\n<\/p><\/div>\n<\/p><\/div>\n<\/p><\/div>\n<\/p><\/div>\n<\/p><\/div>\n<\/p><\/div>\n<\/p><\/div>\n<\/p><\/div>\n<\/p><\/div>\n<div class=\"fl-row fl-row-full-width fl-row-bg-none fl-node-668518683b2a8\" data-node=\"668518683b2a8\">\n<div class=\"fl-row-content-wrap\">\n<div class=\"fl-row-content fl-row-full-width fl-node-content\">\n<div class=\"fl-col-group fl-node-668518683b2eb\" data-node=\"668518683b2eb\">\n<div class=\"fl-col fl-node-668518683b32b\" data-node=\"668518683b32b\" style=\"width: 100%;\">\n<div class=\"fl-col-content fl-node-content\">\n<div class=\"fl-module fl-module-photo fl-node-668518683b36b\" data-animation-delay=\"0.0\" data-node=\"668518683b36b\">\n<div class=\"fl-module-content fl-node-content\">\n<div class=\"fl-photo fl-photo-align-center\" itemscope=\"\" itemtype=\"http:\/\/schema.org\/ImageObject\">\n<div class=\"fl-photo-content fl-photo-img-jpg\"> <img decoding=\"async\" alt=\"Semicera werkplek\" class=\"fl-photo-img wp-image-9038\" itemprop=\"image\" src=\"\/wp-content\/uploads\/2025\/09\/b1dd0bcab1675ff4.webp\"> <\/img><\/div>\n<\/p><\/div>\n<\/p><\/div>\n<\/p><\/div>\n<div class=\"fl-module fl-module-photo fl-node-668518683b4ac\" data-animation-delay=\"0.0\" data-node=\"668518683b4ac\">\n<div class=\"fl-module-content fl-node-content\">\n<div class=\"fl-photo fl-photo-align-center\" itemscope=\"\" itemtype=\"http:\/\/schema.org\/ImageObject\">\n<div class=\"fl-photo-content fl-photo-img-jpg\"> <img decoding=\"async\" alt=\"Semicera werkplek 2\" class=\"fl-photo-img wp-image-9037\" itemprop=\"image\" src=\"\/wp-content\/uploads\/2025\/09\/2b946d2b4b61306d.webp\"> <\/img><\/div>\n<\/p><\/div>\n<\/p><\/div>\n<\/p><\/div>\n<div class=\"fl-module fl-module-photo fl-node-668518683b46b\" data-animation-delay=\"0.0\" data-node=\"668518683b46b\">\n<div class=\"fl-module-content fl-node-content\">\n<div class=\"fl-photo fl-photo-align-center\" itemscope=\"\" itemtype=\"http:\/\/schema.org\/ImageObject\">\n<div class=\"fl-photo-content fl-photo-img-jpg\"> <img decoding=\"async\" alt=\"Apparatuurmachine\" class=\"fl-photo-img wp-image-9034 size-full\" itemprop=\"image\" src=\"\/wp-content\/uploads\/2025\/09\/081b6529d68ead23.webp\"> <\/img><\/div>\n<\/p><\/div>\n<\/p><\/div>\n<\/p><\/div>\n<div class=\"fl-module fl-module-photo fl-node-668518683b42b\" data-animation-delay=\"0.0\" data-node=\"668518683b42b\">\n<div class=\"fl-module-content fl-node-content\">\n<div class=\"fl-photo fl-photo-align-center\" itemscope=\"\" itemtype=\"http:\/\/schema.org\/ImageObject\">\n<div class=\"fl-photo-content fl-photo-img-jpg\"> <img decoding=\"async\" alt=\"CNN -verwerking, chemische reiniging, CVD -coating\" class=\"fl-photo-img wp-image-9033\" itemprop=\"image\" src=\"\/wp-content\/uploads\/2025\/09\/a4132b2b399abbac.webp\"> <\/img><\/div>\n<\/p><\/div>\n<\/p><\/div>\n<\/p><\/div>\n<div class=\"fl-module fl-module-photo fl-node-668518683b3eb\" data-animation-delay=\"0.0\" data-node=\"668518683b3eb\">\n<div class=\"fl-module-content fl-node-content\">\n<div class=\"fl-photo fl-photo-align-center\" itemscope=\"\" itemtype=\"http:\/\/schema.org\/ImageObject\">\n<div class=\"fl-photo-content fl-photo-img-jpg\"> <img decoding=\"async\" alt=\"Semicera Ware House\" class=\"fl-photo-img wp-image-9036\" itemprop=\"image\" src=\"\/wp-content\/uploads\/2025\/09\/2190bb9ce5c1d546.webp\"> <\/img><\/div>\n<\/p><\/div>\n<\/p><\/div>\n<\/p><\/div>\n<div class=\"fl-module fl-module-photo fl-node-668518683b3ab\" data-animation-delay=\"0.0\" data-node=\"668518683b3ab\">\n<div class=\"fl-module-content fl-node-content\">\n<div class=\"fl-photo fl-photo-align-center\" itemscope=\"\" itemtype=\"http:\/\/schema.org\/ImageObject\">\n<div class=\"fl-photo-content fl-photo-img-jpg\"> <img decoding=\"async\" alt=\"Onze service\" class=\"fl-photo-img wp-image-9035\" itemprop=\"image\" src=\"\/wp-content\/uploads\/2025\/09\/b07f222c0ec0ab8d.webp\"> <\/img><\/div>\n<\/p><\/div>\n<\/p><\/div>\n<\/p><\/div>\n<\/p><\/div>\n<\/p><\/div>\n<\/p><\/div>\n<\/p><\/div>\n<\/p><\/div>\n<\/p><\/div>\n<\/div>","protected":false},"excerpt":{"rendered":"<p>SIC -micro -reactiebuizen is een geavanceerde microreactor die wordt gebruikt voor effici\u00ebnte en precieze reactieprocessen in de chemische en biologische velden. SIC -micro -reactiebuizen hebben grote aandacht getrokken voor zijn unieke fysische en chemische eigenschappen, die uitstekende reactieprestaties en uitstekende controlevaardigheden kunnen bieden.<\/p>","protected":false},"featured_media":838,"comment_status":"closed","ping_status":"open","template":"","meta":[],"product_brand":[],"product_cat":[25,24],"product_tag":[],"class_list":{"0":"post-1457","1":"product","2":"type-product","3":"status-publish","4":"has-post-thumbnail","6":"product_cat-more-sic-product","7":"product_cat-silicon-carbide-ceramic","9":"first","10":"instock","11":"product-type-simple"},"_links":{"self":[{"href":"https:\/\/www.cn-semiconductorparts.com\/nl\/wp-json\/wp\/v2\/product\/1457","targetHints":{"allow":["GET"]}}],"collection":[{"href":"https:\/\/www.cn-semiconductorparts.com\/nl\/wp-json\/wp\/v2\/product"}],"about":[{"href":"https:\/\/www.cn-semiconductorparts.com\/nl\/wp-json\/wp\/v2\/types\/product"}],"replies":[{"embeddable":true,"href":"https:\/\/www.cn-semiconductorparts.com\/nl\/wp-json\/wp\/v2\/comments?post=1457"}],"wp:featuredmedia":[{"embeddable":true,"href":"https:\/\/www.cn-semiconductorparts.com\/nl\/wp-json\/wp\/v2\/media\/838"}],"wp:attachment":[{"href":"https:\/\/www.cn-semiconductorparts.com\/nl\/wp-json\/wp\/v2\/media?parent=1457"}],"wp:term":[{"taxonomy":"product_brand","embeddable":true,"href":"https:\/\/www.cn-semiconductorparts.com\/nl\/wp-json\/wp\/v2\/product_brand?post=1457"},{"taxonomy":"product_cat","embeddable":true,"href":"https:\/\/www.cn-semiconductorparts.com\/nl\/wp-json\/wp\/v2\/product_cat?post=1457"},{"taxonomy":"product_tag","embeddable":true,"href":"https:\/\/www.cn-semiconductorparts.com\/nl\/wp-json\/wp\/v2\/product_tag?post=1457"}],"curies":[{"name":"WP","href":"https:\/\/api.w.org\/{rel}","templated":true}]}}