{"id":1458,"date":"2025-09-11T05:29:13","date_gmt":"2025-09-11T05:29:13","guid":{"rendered":"https:\/\/weitai2.globaldeepsea.site\/product\/sic-ceramic-rollers\/"},"modified":"2025-09-11T05:29:14","modified_gmt":"2025-09-11T05:29:14","slug":"sic-ceramic-rollers","status":"publish","type":"product","link":"https:\/\/www.cn-semiconductorparts.com\/nl\/product\/sic-ceramic-rollers\/","title":{"rendered":"SIC keramische rollen"},"content":{"rendered":"<div class=\"fl-builder-content fl-builder-content-9283 fl-builder-content-primary fl-builder-global-templates-locked\" data-post-id=\"9283\">\n<div class=\"fl-row fl-row-full-width fl-row-bg-none fl-node-66851d3a6bdfc\" data-node=\"66851d3a6bdfc\">\n<div class=\"fl-row-content-wrap\">\n<div class=\"fl-row-content fl-row-full-width fl-node-content\">\n<div class=\"fl-col-group fl-node-66851da101419\" data-node=\"66851da101419\">\n<div class=\"fl-col fl-node-66851da1016a7\" data-node=\"66851da1016a7\" style=\"width: 100%;\">\n<div class=\"fl-col-content fl-node-content\">\n<div class=\"fl-module fl-module-rich-text fl-node-66851d3a6c07c\" data-animation-delay=\"0.0\" data-node=\"66851d3a6c07c\">\n<div class=\"fl-module-content fl-node-content\">\n<div class=\"fl-rich-text\">\n<p>SIC -keramische rollen hebben uitstekende slijtvastheid en kunnen hoge druk en wrijving weerstaan \u200b\u200bzonder de oppervlaktekwaliteit te verliezen. De hardheid is dicht bij die van Diamond, waardoor het contactslijtage van het contact effectief kan verminderen met metalen materialen en de levensduur van de rol verlengen. De lage wrijvingsco\u00ebffici\u00ebnt van SIC -keramische rollen vermindert ook energieverlies en het genereren van warmte, waardoor de productie -effici\u00ebntie wordt verbeterd.<\/p>\n<p>Bovendien hebben SIC -keramische rollen een uitstekende weerstand op hoge temperatuur. Het kan stabiel werken in omgevingen op hoge temperatuur zonder verzachten of vervorming. Dit maakt SIC -keramische rollen zeer geschikt voor verwerkingsprocessen op hoge temperatuur zoals metalen warm rollen en continu gieten, zodat de rollen uitstekende prestaties en dimensionale stabiliteit behouden onder extreme temperaturen.<\/p>\n<p>SIC -keramische rollers hebben ook uitstekende corrosieweerstand. Het kan de erosie van chemicali\u00ebn zoals zuren, alkali\u00ebrs, oplosmiddelen en corrosieve gassen weerstaan, waardoor de oppervlakteafwerking en functionaliteit van de rollen worden gehandhaafd. Hierdoor presteren SIC -keramische rollers goed in toepassingen zoals chemische verwerking en elektropatisering, waardoor de levensduur van apparatuur wordt verlengd en de productiekwaliteit wordt verbeterd.<\/p>\n<p>De lichtgewicht kenmerken van SIC -keramische rollen geven ze uitstekende traagheidskenmerken en trillingsreductiemogelijkheden, waardoor trillingen en lawaai worden verminderd, de stabiliteit van de apparatuur en het werkcomfort verbeteren. De precieze afmetingen en het platte oppervlak zorgen voor rolstabiliteit en gladheid, waardoor uitstekende resultaten opleveren voor metaalbewerkings- en afdrukprocessen.<\/p>\n<\/p><\/div>\n<\/p><\/div>\n<\/p><\/div>\n<\/p><\/div>\n<\/p><\/div>\n<\/p><\/div>\n<div class=\"fl-col-group fl-node-66851d3a6be3f\" data-node=\"66851d3a6be3f\">\n<div class=\"fl-col fl-node-66851d3a6bf7e\" data-node=\"66851d3a6bf7e\" style=\"width: 100%;\">\n<div class=\"fl-col-content fl-node-content\">\n<div class=\"fl-module fl-module-photo fl-node-66851d3a6bfbe\" data-animation-delay=\"0.0\" data-node=\"66851d3a6bfbe\">\n<div class=\"fl-module-content fl-node-content\">\n<div class=\"fl-photo fl-photo-align-center\" itemscope=\"\" itemtype=\"http:\/\/schema.org\/ImageObject\">\n<div class=\"fl-photo-content fl-photo-img-png\"> <img decoding=\"async\" alt=\"Sic keramische rollers - kopie\" class=\"fl-photo-img wp-image-9286\" itemprop=\"image\" src=\"\/wp-content\/uploads\/2025\/09\/7c2ee77c8e71ef98.webp\"> <\/img><\/div>\n<\/p><\/div>\n<\/p><\/div>\n<\/p><\/div>\n<\/p><\/div>\n<\/p><\/div>\n<\/p><\/div>\n<div class=\"fl-col-group fl-node-66851d3a6c0bc\" data-node=\"66851d3a6c0bc\">\n<div class=\"fl-col fl-node-66851d3a6c0fc\" data-node=\"66851d3a6c0fc\" style=\"width: 100%;\">\n<div class=\"fl-col-content fl-node-content\">\n<div class=\"fl-module fl-module-rich-text fl-node-66851d3a6c03d\" data-animation-delay=\"0.0\" data-node=\"66851d3a6c03d\">\n<div class=\"fl-module-content fl-node-content\">\n<div class=\"fl-rich-text\">\n<p data-section=\"0\">Niet-druk gesinterde siliciumcarbide-rol, atmosferische druk gesinterde siliciumcarbide keramische producten, het gebruik van hoge zuiverheid ultralijn siliciumcarbide poeder, gesinterd bij 2450 \u2103 hoge temperatuur, silicium carbide-gehalte van meer dan 99.1%, productdichtheid \u22653,10 g\/cm3, geen metaal instel.<\/p>\n<p data-section=\"2\">\u25ba Siliconen carbide -gehalte - \u226599%;<\/p>\n<p data-section=\"4\">\u25ba Hoge temperatuurweerstand - normaal gebruik bij 1800 \u2103;<\/p>\n<p data-section=\"6\">\u25ba Hoge thermische geleidbaarheid - vergelijkbaar met de thermische geleidbaarheid van grafietmaterialen;<\/p>\n<p data-section=\"8\">\u25ba Hoge hardheid - Hardheid ALLEEN ALLEEN VOOR DIAMOND, CUBIC BORON NITRIDE;<\/p>\n<p data-section=\"10\">\u25ba Corrosiebestendigheid - Sterk zuur en alkali hebben geen corrosie, corrosieweerstand is beter dan wolfraamcarbide en aluminiumoxide;<\/p>\n<p data-section=\"12\">\u25ba Lichtgewicht - Dichtheid 3.10 g\/cm3, dicht bij aluminium;<\/p>\n<p data-section=\"14\">\u25ba Geen vervorming - zeer kleine co\u00ebffici\u00ebnt van thermische expansie;<\/p>\n<p data-section=\"16\">\u25ba Thermische schokweerstand - Het materiaal kan bestand zijn tegen snelle temperatuurveranderingen, thermische schokweerstand, weerstand tegen koude en warmte, stabiele prestaties.<\/p>\n<\/p><\/div>\n<\/p><\/div>\n<\/p><\/div>\n<\/p><\/div>\n<\/p><\/div>\n<\/p><\/div>\n<div class=\"fl-col-group fl-node-66851d3a6bebf\" data-node=\"66851d3a6bebf\">\n<div class=\"fl-col fl-node-66851d3a6beff fl-col-has-cols\" data-node=\"66851d3a6beff\" style=\"width: 100%;\">\n<div class=\"fl-col-content fl-node-content\">\n<div class=\"fl-module fl-module-heading fl-node-66851d3a6bf3f\" data-animation-delay=\"0.0\" data-node=\"66851d3a6bf3f\">\n<div class=\"fl-module-content fl-node-content\">\n<h3 class=\"fl-heading\"> <span class=\"fl-heading-text\">Technische parameters:<\/span> <\/h3>\n<\/p><\/div>\n<\/p><\/div>\n<div class=\"fl-col-group fl-node-66851d3a6c13c fl-col-group-nested\" data-node=\"66851d3a6c13c\">\n<div class=\"fl-col fl-node-66851d3a6bffd\" data-node=\"66851d3a6bffd\" style=\"width: 100%;\">\n<div class=\"fl-col-content fl-node-content\">\n<div class=\"fl-module fl-module-photo fl-node-66851d3a6c23c\" data-animation-delay=\"0.0\" data-node=\"66851d3a6c23c\">\n<div class=\"fl-module-content fl-node-content\">\n<div class=\"fl-photo fl-photo-align-center\" itemscope=\"\" itemtype=\"http:\/\/schema.org\/ImageObject\">\n<div class=\"fl-photo-content fl-photo-img-png\"> <img decoding=\"async\" alt=\"Siliconen carbide -parameters\" class=\"fl-photo-img wp-image-3336\" itemprop=\"image\" src=\"\/wp-content\/uploads\/2025\/09\/f34bdb8e2db1ea64.webp\"> <\/img><\/div>\n<\/p><\/div>\n<\/p><\/div>\n<\/p><\/div>\n<\/p><\/div>\n<\/p><\/div>\n<\/p><\/div>\n<\/p><\/div>\n<\/p><\/div>\n<\/p><\/div>\n<\/p><\/div>\n<\/p><\/div>\n<\/p><\/div>\n<div class=\"fl-row fl-row-full-width fl-row-bg-none fl-node-66851dcf05c1d\" data-node=\"66851dcf05c1d\">\n<div class=\"fl-row-content-wrap\">\n<div class=\"fl-row-content fl-row-full-width fl-node-content\">\n<div class=\"fl-col-group fl-node-66851dcf05c63\" data-node=\"66851dcf05c63\">\n<div class=\"fl-col fl-node-66851dcf05ca4\" data-node=\"66851dcf05ca4\" style=\"width: 100%;\">\n<div class=\"fl-col-content fl-node-content\">\n<div class=\"fl-module fl-module-photo fl-node-66851dcf05ce4\" data-animation-delay=\"0.0\" data-node=\"66851dcf05ce4\">\n<div class=\"fl-module-content fl-node-content\">\n<div class=\"fl-photo fl-photo-align-center\" itemscope=\"\" itemtype=\"http:\/\/schema.org\/ImageObject\">\n<div class=\"fl-photo-content fl-photo-img-jpg\"> <img decoding=\"async\" alt=\"Semicera werkplek\" class=\"fl-photo-img wp-image-9038\" itemprop=\"image\" src=\"\/wp-content\/uploads\/2025\/09\/b1dd0bcab1675ff4.webp\"> <\/img><\/div>\n<\/p><\/div>\n<\/p><\/div>\n<\/p><\/div>\n<div class=\"fl-module fl-module-photo fl-node-66851dcf05e23\" data-animation-delay=\"0.0\" data-node=\"66851dcf05e23\">\n<div class=\"fl-module-content fl-node-content\">\n<div class=\"fl-photo fl-photo-align-center\" itemscope=\"\" itemtype=\"http:\/\/schema.org\/ImageObject\">\n<div class=\"fl-photo-content fl-photo-img-jpg\"> <img decoding=\"async\" alt=\"Semicera werkplek 2\" class=\"fl-photo-img wp-image-9037\" itemprop=\"image\" src=\"\/wp-content\/uploads\/2025\/09\/2b946d2b4b61306d.webp\"> <\/img><\/div>\n<\/p><\/div>\n<\/p><\/div>\n<\/p><\/div>\n<div class=\"fl-module fl-module-photo fl-node-66851dcf05de4\" data-animation-delay=\"0.0\" data-node=\"66851dcf05de4\">\n<div class=\"fl-module-content fl-node-content\">\n<div class=\"fl-photo fl-photo-align-center\" itemscope=\"\" itemtype=\"http:\/\/schema.org\/ImageObject\">\n<div class=\"fl-photo-content fl-photo-img-jpg\"> <img decoding=\"async\" alt=\"Apparatuurmachine\" class=\"fl-photo-img wp-image-9034 size-full\" itemprop=\"image\" src=\"\/wp-content\/uploads\/2025\/09\/081b6529d68ead23.webp\"> <\/img><\/div>\n<\/p><\/div>\n<\/p><\/div>\n<\/p><\/div>\n<div class=\"fl-module fl-module-photo fl-node-66851dcf05da4\" data-animation-delay=\"0.0\" data-node=\"66851dcf05da4\">\n<div class=\"fl-module-content fl-node-content\">\n<div class=\"fl-photo fl-photo-align-center\" itemscope=\"\" itemtype=\"http:\/\/schema.org\/ImageObject\">\n<div class=\"fl-photo-content fl-photo-img-jpg\"> <img decoding=\"async\" alt=\"CNN -verwerking, chemische reiniging, CVD -coating\" class=\"fl-photo-img wp-image-9033\" itemprop=\"image\" src=\"\/wp-content\/uploads\/2025\/09\/a4132b2b399abbac.webp\"> <\/img><\/div>\n<\/p><\/div>\n<\/p><\/div>\n<\/p><\/div>\n<div class=\"fl-module fl-module-photo fl-node-66851dcf05d64\" data-animation-delay=\"0.0\" data-node=\"66851dcf05d64\">\n<div class=\"fl-module-content fl-node-content\">\n<div class=\"fl-photo fl-photo-align-center\" itemscope=\"\" itemtype=\"http:\/\/schema.org\/ImageObject\">\n<div class=\"fl-photo-content fl-photo-img-jpg\"> <img decoding=\"async\" alt=\"Semicera Ware House\" class=\"fl-photo-img wp-image-9036\" itemprop=\"image\" src=\"\/wp-content\/uploads\/2025\/09\/2190bb9ce5c1d546.webp\"> <\/img><\/div>\n<\/p><\/div>\n<\/p><\/div>\n<\/p><\/div>\n<div class=\"fl-module fl-module-photo fl-node-66851dcf05d24\" data-animation-delay=\"0.0\" data-node=\"66851dcf05d24\">\n<div class=\"fl-module-content fl-node-content\">\n<div class=\"fl-photo fl-photo-align-center\" itemscope=\"\" itemtype=\"http:\/\/schema.org\/ImageObject\">\n<div class=\"fl-photo-content fl-photo-img-jpg\"> <img decoding=\"async\" alt=\"Onze service\" class=\"fl-photo-img wp-image-9035\" itemprop=\"image\" src=\"\/wp-content\/uploads\/2025\/09\/b07f222c0ec0ab8d.webp\"> <\/img><\/div>\n<\/p><\/div>\n<\/p><\/div>\n<\/p><\/div>\n<\/p><\/div>\n<\/p><\/div>\n<\/p><\/div>\n<\/p><\/div>\n<\/p><\/div>\n<\/p><\/div>\n<\/div>","protected":false},"excerpt":{"rendered":"<p>SIC Ceramic Rollers is een krachtige rol die veel wordt gebruikt in metaalverwerking en printindustrie. SIC -keramische rollen hebben veel aandacht getrokken voor hun uitstekende fysische en chemische eigenschappen en kunnen uitstekende slijtvastheid, weerstand op hoge temperatuur en corrosieweerstand bieden.<\/p>","protected":false},"featured_media":813,"comment_status":"closed","ping_status":"open","template":"","meta":[],"product_brand":[],"product_cat":[58,24],"product_tag":[],"class_list":{"0":"post-1458","1":"product","2":"type-product","3":"status-publish","4":"has-post-thumbnail","6":"product_cat-sic-furnace-tube","7":"product_cat-silicon-carbide-ceramic","9":"first","10":"instock","11":"product-type-simple"},"_links":{"self":[{"href":"https:\/\/www.cn-semiconductorparts.com\/nl\/wp-json\/wp\/v2\/product\/1458","targetHints":{"allow":["GET"]}}],"collection":[{"href":"https:\/\/www.cn-semiconductorparts.com\/nl\/wp-json\/wp\/v2\/product"}],"about":[{"href":"https:\/\/www.cn-semiconductorparts.com\/nl\/wp-json\/wp\/v2\/types\/product"}],"replies":[{"embeddable":true,"href":"https:\/\/www.cn-semiconductorparts.com\/nl\/wp-json\/wp\/v2\/comments?post=1458"}],"wp:featuredmedia":[{"embeddable":true,"href":"https:\/\/www.cn-semiconductorparts.com\/nl\/wp-json\/wp\/v2\/media\/813"}],"wp:attachment":[{"href":"https:\/\/www.cn-semiconductorparts.com\/nl\/wp-json\/wp\/v2\/media?parent=1458"}],"wp:term":[{"taxonomy":"product_brand","embeddable":true,"href":"https:\/\/www.cn-semiconductorparts.com\/nl\/wp-json\/wp\/v2\/product_brand?post=1458"},{"taxonomy":"product_cat","embeddable":true,"href":"https:\/\/www.cn-semiconductorparts.com\/nl\/wp-json\/wp\/v2\/product_cat?post=1458"},{"taxonomy":"product_tag","embeddable":true,"href":"https:\/\/www.cn-semiconductorparts.com\/nl\/wp-json\/wp\/v2\/product_tag?post=1458"}],"curies":[{"name":"WP","href":"https:\/\/api.w.org\/{rel}","templated":true}]}}