{"id":1538,"date":"2025-09-11T05:29:39","date_gmt":"2025-09-11T05:29:39","guid":{"rendered":"https:\/\/weitai2.globaldeepsea.site\/product\/free-sample-for-high-temperature-resistant-silicon-carbide-ceramic-sealing-ring-ssic-rbsic-seal-ring\/"},"modified":"2026-04-29T15:32:48","modified_gmt":"2026-04-29T07:32:48","slug":"free-sample-for-high-temperature-resistant-silicon-carbide-ceramic-sealing-ring-ssic-rbsic-seal-ring","status":"publish","type":"product","link":"https:\/\/www.cn-semiconductorparts.com\/nl\/product\/free-sample-for-high-temperature-resistant-silicon-carbide-ceramic-sealing-ring-ssic-rbsic-seal-ring\/","title":{"rendered":"Free sample for High Temperature Resistant Silicon Carbide Ceramic Sealing Ring Ssic Rbsic Seal Ring"},"content":{"rendered":"","protected":false},"excerpt":{"rendered":"<p>Ontdek de geavanceerde siliconiseerde grafietafdichtingsringen van Semicera, ontworpen om de effici\u00ebntie in industri\u00eble toepassingen te verbeteren. Met hun superieure afdichtingsmogelijkheden, lage wrijvingsco\u00ebffici\u00ebnt en uitstekende dimensionale stabiliteit, maken onze producten nauwkeurige afdichting mogelijk en het verminderen van energieverlies, waardoor de algehele operationele effici\u00ebntie wordt verbeterd.<\/p>","protected":false},"featured_media":1202,"comment_status":"closed","ping_status":"open","template":"","meta":[],"product_brand":[],"product_cat":[15],"product_tag":[],"class_list":{"0":"post-1538","1":"product","2":"type-product","3":"status-publish","4":"has-post-thumbnail","6":"product_cat-uncategorized","8":"first","9":"instock","10":"product-type-simple"},"_links":{"self":[{"href":"https:\/\/www.cn-semiconductorparts.com\/nl\/wp-json\/wp\/v2\/product\/1538","targetHints":{"allow":["GET"]}}],"collection":[{"href":"https:\/\/www.cn-semiconductorparts.com\/nl\/wp-json\/wp\/v2\/product"}],"about":[{"href":"https:\/\/www.cn-semiconductorparts.com\/nl\/wp-json\/wp\/v2\/types\/product"}],"replies":[{"embeddable":true,"href":"https:\/\/www.cn-semiconductorparts.com\/nl\/wp-json\/wp\/v2\/comments?post=1538"}],"wp:featuredmedia":[{"embeddable":true,"href":"https:\/\/www.cn-semiconductorparts.com\/nl\/wp-json\/wp\/v2\/media\/1202"}],"wp:attachment":[{"href":"https:\/\/www.cn-semiconductorparts.com\/nl\/wp-json\/wp\/v2\/media?parent=1538"}],"wp:term":[{"taxonomy":"product_brand","embeddable":true,"href":"https:\/\/www.cn-semiconductorparts.com\/nl\/wp-json\/wp\/v2\/product_brand?post=1538"},{"taxonomy":"product_cat","embeddable":true,"href":"https:\/\/www.cn-semiconductorparts.com\/nl\/wp-json\/wp\/v2\/product_cat?post=1538"},{"taxonomy":"product_tag","embeddable":true,"href":"https:\/\/www.cn-semiconductorparts.com\/nl\/wp-json\/wp\/v2\/product_tag?post=1538"}],"curies":[{"name":"WP","href":"https:\/\/api.w.org\/{rel}","templated":true}]}}