{"id":1307,"date":"2025-09-11T05:28:18","date_gmt":"2025-09-11T05:28:18","guid":{"rendered":"https:\/\/weitai2.globaldeepsea.site\/product\/inp-and-cdte-substrate\/"},"modified":"2025-09-11T05:28:22","modified_gmt":"2025-09-11T05:28:22","slug":"inp-and-cdte-substrate","status":"publish","type":"product","link":"https:\/\/www.cn-semiconductorparts.com\/pl\/product\/inp-and-cdte-substrate\/","title":{"rendered":"Pod\u0142o\u017ce INP i CDTE"},"content":{"rendered":"<div class=\"fl-builder-content fl-builder-content-12178 fl-builder-content-primary fl-builder-global-templates-locked\" data-post-id=\"12178\">\n<div class=\"fl-row fl-row-full-width fl-row-bg-none fl-node-6788cef7eb853\" data-node=\"6788cef7eb853\">\n<div class=\"fl-row-content-wrap\">\n<div class=\"fl-row-content fl-row-full-width fl-node-content\">\n<div class=\"fl-col-group fl-node-6788cef7ecb87\" data-node=\"6788cef7ecb87\">\n<div class=\"fl-col fl-node-6788cef7ecd3b\" data-node=\"6788cef7ecd3b\" style=\"width: 100%;\">\n<div class=\"fl-col-content fl-node-content\">\n<div class=\"fl-module fl-module-rich-text fl-node-6788cef7eb70b\" data-animation-delay=\"0.0\" data-node=\"6788cef7eb70b\">\n<div class=\"fl-module-content fl-node-content\">\n<div class=\"fl-rich-text\">\n<p>Z p\u00f3\u0142cerarem <strong>Pod\u0142o\u017ce INP i CDTE<\/strong>, mo\u017cesz oczekiwa\u0107, \u017ce najwy\u017cszej jako\u015bci i precyzji zaprojektowane zaspokoj\u0105 konkretne potrzeby proces\u00f3w produkcyjnych. Niezale\u017cnie od tego, czy w przypadku zastosowa\u0144 fotowoltaicznych czy urz\u0105dze\u0144 p\u00f3\u0142przewodnikowych nasze substraty s\u0105 tworzone w celu zapewnienia optymalnej wydajno\u015bci, trwa\u0142o\u015bci i sp\u00f3jno\u015bci. Jako zaufany dostawca, Semicera jest zaanga\u017cowany w dostarczanie wysokiej jako\u015bci, konfigurowalnych rozwi\u0105za\u0144 pod\u0142o\u017ca, kt\u00f3re nap\u0119dzaj\u0105 innowacje w sektorze elektroniki i energii odnawialnej.<\/p>\n<\/p><\/div>\n<\/p><\/div>\n<\/p><\/div>\n<div class=\"fl-module fl-module-rich-text fl-node-6788d00bb23c5\" data-animation-delay=\"0.0\" data-node=\"6788d00bb23c5\">\n<div class=\"fl-module-content fl-node-content\">\n<div class=\"fl-rich-text\">\n<h2><strong><span style=\"font-family: arial, helvetica, sans-serif; font-size: medium;\">W\u0142a\u015bciwo\u015bci krystaliczne i elektryczne<sup>\u273d<\/sup><sup>1<\/sup><\/span><\/strong><\/h2>\n<div style=\"text-align: center;\">\n<table align=\"center\" border=\"0\" style=\"height: 100px; ; width: 750px;\">\n<tbody>\n<tr>\n<td>\n<div><span style=\"font-family: arial, helvetica, sans-serif; font-size: small; color: #808080;\">Typ<\/span><\/div>\n<\/td>\n<td>\n<div><span style=\"font-family: arial, helvetica, sans-serif; font-size: small; color: #808080;\">Dopant<\/span><\/div>\n<\/td>\n<td>\n<div><span style=\"font-family: arial, helvetica, sans-serif; font-size: small; color: #808080;\">EPD \uff08CM<sup>\u20132<\/sup>\uff09 \uff08Patrz poni\u017cej A.\uff09<\/span><\/div>\n<\/td>\n<td>\n<div><span style=\"font-family: arial, helvetica, sans-serif; font-size: small; color: #808080;\">DF \uff08Bez wady\uff09 Obszar \uff08cm<sup>2<\/sup>, Patrz poni\u017cej B.\uff09<\/span><\/div>\n<\/td>\n<td>\n<div><span style=\"font-family: arial, helvetica, sans-serif; font-size: small; color: #808080;\">C\/\uff08C CM<sup>\u20133<\/sup>\uff09<\/span><\/div>\n<\/td>\n<td>\n<div><span style=\"font-family: arial, helvetica, sans-serif; font-size: small; color: #808080;\">Mobilit \uff08y cm<sup>2<\/sup>\/Vs\uff09<\/span><\/div>\n<\/td>\n<td>\n<div><span style=\"font-family: arial, helvetica, sans-serif; font-size: small; color: #808080;\">Resistriit \uff08y \u03c9 \u30fb cm\uff09<\/span><\/div>\n<\/td>\n<\/tr>\n<tr>\n<td>\n<div><span style=\"font-family: arial, helvetica, sans-serif; font-size: small; color: #808080;\">n<\/span><\/div>\n<\/td>\n<td>\n<div><span style=\"font-family: arial, helvetica, sans-serif; font-size: small; color: #808080;\">Sn<\/span><\/div>\n<\/td>\n<td>\n<div><span style=\"font-family: arial, helvetica, sans-serif; font-size: small; color: #808080;\">\u22665 \u00d7 10<sup>4<\/sup><\/span><\/div>\n<div><span style=\"font-family: arial, helvetica, sans-serif; font-size: small; color: #808080;\">\u22661 \u00d7 10<sup>4<\/sup><\/span><\/div>\n<div><span style=\"font-family: arial, helvetica, sans-serif; font-size: small; color: #808080;\">\u22665 \u00d7 10<sup>3<\/sup><\/span><\/div>\n<\/td>\n<td>\n<div><span style=\"font-family: arial, helvetica, sans-serif; font-size: small; color: #808080;\">\u2500\u2500\u2500\u2500\u2500\u2500<\/span><\/div>\n<\/td>\n<td><span style=\"font-family: arial, helvetica, sans-serif; font-size: small; color: #808080;\">\u00a0<\/span> <\/p>\n<div><span style=\"font-family: arial, helvetica, sans-serif; font-size: small; color: #808080;\">\uff080,5\u301c6\uff09 \u00d7 10<sup>18<\/sup><\/span><\/div>\n<\/td>\n<td>\n<div><span style=\"font-family: arial, helvetica, sans-serif; font-size: small; color: #808080;\">\u2500\u2500\u2500\u2500\u2500\u2500<\/span><\/div>\n<\/td>\n<td>\n<div><span style=\"font-family: arial, helvetica, sans-serif; font-size: small; color: #808080;\">\u2500\u2500\u2500\u2500\u2500\u2500<\/span><\/div>\n<\/td>\n<\/tr>\n<tr>\n<td>\n<div><span style=\"font-family: arial, helvetica, sans-serif; font-size: small; color: #808080;\">n<\/span><\/div>\n<\/td>\n<td>\n<div><span style=\"font-family: arial, helvetica, sans-serif; font-size: small; color: #808080;\">S<\/span><\/div>\n<\/td>\n<td>\n<div><span style=\"font-family: arial, helvetica, sans-serif; font-size: small; color: #808080;\">\u2500\u2500\u2500\u2500\u2500\u2500<\/span><\/div>\n<\/td>\n<td>\n<div><span style=\"font-family: arial, helvetica, sans-serif; font-size: small; color: #808080;\">\u2267 10 \uff0859,4%\uff09<\/span><\/div>\n<div><span style=\"font-family: arial, helvetica, sans-serif; font-size: small; color: #808080;\">\u2267 15 \uff0887%\uff09 .4<\/span><\/div>\n<\/td>\n<td>\n<div><span style=\"font-family: arial, helvetica, sans-serif; font-size: small; color: #808080;\">\uff082\u301c10\uff09 \u00d7 10<sup>18<\/sup><\/span><\/div>\n<\/td>\n<td>\n<div><span style=\"font-family: arial, helvetica, sans-serif; font-size: small; color: #808080;\">\u2500\u2500\u2500\u2500\u2500\u2500<\/span><\/div>\n<\/td>\n<td>\n<div><span style=\"font-family: arial, helvetica, sans-serif; font-size: small; color: #808080;\">\u2500\u2500\u2500\u2500\u2500\u2500<\/span><\/div>\n<\/td>\n<\/tr>\n<tr>\n<td><span style=\"font-family: arial, helvetica, sans-serif; font-size: small; color: #808080;\">p<\/span><\/td>\n<td>\n<div><span style=\"font-family: arial, helvetica, sans-serif; font-size: small; color: #808080;\">Zn<\/span><\/div>\n<\/td>\n<td>\n<div><span style=\"font-family: arial, helvetica, sans-serif; font-size: small; color: #808080;\">\u2500\u2500\u2500\u2500\u2500\u2500<\/span><\/div>\n<\/td>\n<td>\n<div><span style=\"font-family: arial, helvetica, sans-serif; font-size: small; color: #808080;\">\u2267 10 \uff0859,4%\uff09<\/span><\/div>\n<div><span style=\"font-family: arial, helvetica, sans-serif; font-size: small; color: #808080;\">\u2267 15 \uff0887%\uff09.<\/span><\/div>\n<\/td>\n<td>\n<div><span style=\"font-family: arial, helvetica, sans-serif; font-size: small; color: #808080;\">\uff083\u301c6\uff09 \u00d7 10<sup>18<\/sup><\/span><\/div>\n<\/td>\n<td>\n<div><span style=\"font-family: arial, helvetica, sans-serif; font-size: small; color: #808080;\">\u2500\u2500\u2500\u2500\u2500\u2500<\/span><\/div>\n<\/td>\n<td>\n<div><span style=\"font-family: arial, helvetica, sans-serif; font-size: small; color: #808080;\">\u2500\u2500\u2500\u2500\u2500\u2500<\/span><\/div>\n<\/td>\n<\/tr>\n<tr>\n<td>\n<div><span style=\"font-family: arial, helvetica, sans-serif; font-size: small; color: #808080;\">SI<\/span><\/div>\n<\/td>\n<td>\n<div><span style=\"font-family: arial, helvetica, sans-serif; font-size: small; color: #808080;\">Fe<\/span><\/div>\n<\/td>\n<td>\n<div><span style=\"font-family: arial, helvetica, sans-serif; font-size: small; color: #808080;\">\u22665 \u00d7 10<sup>4<\/sup><\/span><\/div>\n<div><span style=\"font-family: arial, helvetica, sans-serif; font-size: small; color: #808080;\">\u22661 \u00d7 10<sup>4<\/sup><\/span><\/div>\n<\/td>\n<td>\n<div><span style=\"font-family: arial, helvetica, sans-serif; font-size: small; color: #808080;\">\u2500\u2500\u2500\u2500\u2500\u2500<\/span><\/div>\n<\/td>\n<td>\n<div><span style=\"font-family: arial, helvetica, sans-serif; font-size: small; color: #808080;\">\u2500\u2500\u2500\u2500\u2500\u2500<\/span><\/div>\n<\/td>\n<td>\n<div><span style=\"font-family: arial, helvetica, sans-serif; font-size: small; color: #808080;\">\u2500\u2500\u2500\u2500\u2500\u2500<\/span><\/div>\n<\/td>\n<td>\n<div><span style=\"font-family: arial, helvetica, sans-serif; font-size: small; color: #808080;\">\u2267 1 \u00d7 10<sup>6<\/sup><\/span><\/div>\n<\/td>\n<\/tr>\n<tr>\n<td>\n<div><span style=\"font-family: arial, helvetica, sans-serif; font-size: small; color: #808080;\">n<\/span><\/div>\n<\/td>\n<td>\n<div><span style=\"font-family: arial, helvetica, sans-serif; font-size: small; color: #808080;\">nic<\/span><\/div>\n<\/td>\n<td>\n<div><span style=\"font-family: arial, helvetica, sans-serif; font-size: small; color: #808080;\">\u22665 \u00d7 10<sup>4<\/sup><\/span><\/div>\n<\/td>\n<td>\n<div><span style=\"font-family: arial, helvetica, sans-serif; font-size: small; color: #808080;\">\u2500\u2500\u2500\u2500\u2500\u2500<\/span><\/div>\n<\/td>\n<td>\n<div><span style=\"font-family: arial, helvetica, sans-serif; font-size: small; color: #808080;\">\u22661 \u00d7 10<sup>16<\/sup><\/span><\/div>\n<\/td>\n<td>\n<div><span style=\"font-family: arial, helvetica, sans-serif; font-size: small; color: #808080;\">\u2267 4 \u00d7 10<sup>3<\/sup><\/span><\/div>\n<\/td>\n<td>\n<div><span style=\"font-family: arial, helvetica, sans-serif; font-size: small; color: #808080;\">\u2500\u2500\u2500\u2500\u2500\u2500<\/span><\/div>\n<\/td>\n<\/tr>\n<\/tbody>\n<\/table>\n<div><span style=\"font-family: 'Zapf Dingbats';\">\u273d<\/span><span style=\"font-family: HelveticaNeue-Roman;\">1 Inne specyfikacje s\u0105 dost\u0119pne na \u017c\u0105danie.<\/span><\/div>\n<\/p><\/div>\n<\/p><\/div>\n<\/p><\/div>\n<\/p><\/div>\n<\/p><\/div>\n<\/p><\/div>\n<\/p><\/div>\n<div class=\"fl-col-group fl-node-6788d21bd4153\" data-node=\"6788d21bd4153\">\n<div class=\"fl-col fl-node-6788d21bd436c fl-col-small\" data-node=\"6788d21bd436c\" style=\"width: 50%;\">\n<div class=\"fl-col-content fl-node-content\">\n<div class=\"fl-module fl-module-rich-text fl-node-6788d1f5c3c51\" data-animation-delay=\"0.0\" data-node=\"6788d1f5c3c51\">\n<div class=\"fl-module-content fl-node-content\">\n<div class=\"fl-rich-text\">\n<h2><strong><span style=\"font-family: arial, helvetica, sans-serif; font-size: medium;\">A.13 punkty \u015brednia <\/span><\/strong><\/h2>\n<div><span style=\"font-family: arial, helvetica, sans-serif; font-size: medium;\">1. G\u0119sto\u015bci dotkni\u0119cia dotkni\u0119cia zwichni\u0119cia mierzone s\u0105 w 13 punktach.<\/span> <\/p>\n<div><span style=\"font-family: arial, helvetica, sans-serif; font-size: medium;\">2. Obliczana jest \u015brednia wa\u017cona powierzchni g\u0119sto\u015bci zwichni\u0119cia.<\/span><\/div>\n<\/p><\/div>\n<\/p><\/div>\n<\/p><\/div>\n<\/p><\/div>\n<\/p><\/div>\n<\/p><\/div>\n<div class=\"fl-col fl-node-6788d21f8265e fl-col-small\" data-node=\"6788d21f8265e\" style=\"width: 50%;\">\n<div class=\"fl-col-content fl-node-content\">\n<div class=\"fl-module fl-module-rich-text fl-node-6788d213a5123\" data-animation-delay=\"0.0\" data-node=\"6788d213a5123\">\n<div class=\"fl-module-content fl-node-content\">\n<div class=\"fl-rich-text\">\n<h2><strong><span style=\"font-family: arial, helvetica, sans-serif; font-size: medium;\">B.DF Pomiar powierzchni (w przypadku gwarancji obszaru)<\/span><\/strong><\/h2>\n<div><span style=\"font-family: arial, helvetica, sans-serif; font-size: medium;\">1. Zliczane s\u0105 g\u0119sto\u015bci trawienia na trawienie wynosz\u0105ce 69 punkt\u00f3w jako prawe.<\/span> <\/p>\n<div><span style=\"font-family: arial, helvetica, sans-serif; font-size: medium;\">2. DF jest zdefiniowany jako EPD mniejszy ni\u017c 500 cm<sup>\u20132 <\/sup><\/span><\/div>\n<div><span style=\"font-family: arial, helvetica, sans-serif; font-size: medium;\">3. Maksymalna powierzchnia DF mierzona t\u0105 metod\u0105 wynosi 17,25 cm<sup>2<\/sup><\/span><\/div>\n<\/p><\/div>\n<\/p><\/div>\n<\/p><\/div>\n<\/p><\/div>\n<\/p><\/div>\n<\/p><\/div>\n<\/p><\/div>\n<div class=\"fl-col-group fl-node-6788d289eaa3f\" data-node=\"6788d289eaa3f\">\n<div class=\"fl-col fl-node-6788d289eabe6 fl-col-small\" data-node=\"6788d289eabe6\" style=\"width: 50%;\">\n<div class=\"fl-col-content fl-node-content\">\n<div class=\"fl-module fl-module-photo fl-node-6788d289ea8d1\" data-animation-delay=\"0.0\" data-node=\"6788d289ea8d1\">\n<div class=\"fl-module-content fl-node-content\">\n<div class=\"fl-photo fl-photo-align-center\" itemscope=\"\" itemtype=\"http:\/\/schema.org\/ImageObject\">\n<div class=\"fl-photo-content fl-photo-img-jpg\"> <img decoding=\"async\" alt=\"Pod\u0142o\u017ce INP i CDTE (2)\" class=\"fl-photo-img wp-image-12181\" itemprop=\"image\" src=\"\/wp-content\/uploads\/2025\/09\/b814a022d331a3d7.webp\"> <\/img><\/div>\n<\/p><\/div>\n<\/p><\/div>\n<\/p><\/div>\n<\/p><\/div>\n<\/p><\/div>\n<div class=\"fl-col fl-node-6788d2a806982 fl-col-small\" data-node=\"6788d2a806982\" style=\"width: 50%;\">\n<div class=\"fl-col-content fl-node-content\">\n<div class=\"fl-module fl-module-photo fl-node-6788d2a8064d7\" data-animation-delay=\"0.0\" data-node=\"6788d2a8064d7\">\n<div class=\"fl-module-content fl-node-content\">\n<div class=\"fl-photo fl-photo-align-center\" itemscope=\"\" itemtype=\"http:\/\/schema.org\/ImageObject\">\n<div class=\"fl-photo-content fl-photo-img-jpg\"> <img decoding=\"async\" alt=\"Pod\u0142o\u017ce INP i CDTE (1)\" class=\"fl-photo-img wp-image-12182\" itemprop=\"image\" src=\"\/wp-content\/uploads\/2025\/09\/d262c16aec1a39f7.webp\"> <\/img><\/div>\n<\/p><\/div>\n<\/p><\/div>\n<\/p><\/div>\n<\/p><\/div>\n<\/p><\/div>\n<\/p><\/div>\n<div class=\"fl-col-group fl-node-6788d2e44c46a\" data-node=\"6788d2e44c46a\">\n<div class=\"fl-col fl-node-6788d2e44c697\" data-node=\"6788d2e44c697\" style=\"width: 100%;\">\n<div class=\"fl-col-content fl-node-content\">\n<div class=\"fl-module fl-module-photo fl-node-6788d2df5dcbd\" data-animation-delay=\"0.0\" data-node=\"6788d2df5dcbd\">\n<div class=\"fl-module-content fl-node-content\">\n<div class=\"fl-photo fl-photo-align-center\" itemscope=\"\" itemtype=\"http:\/\/schema.org\/ImageObject\">\n<div class=\"fl-photo-content fl-photo-img-jpg\"> <img decoding=\"async\" alt=\"Pod\u0142o\u017ce INP i CDTE (3)\" class=\"fl-photo-img wp-image-12183\" itemprop=\"image\" src=\"\/wp-content\/uploads\/2025\/09\/2200e05643cdc576.webp\"> <\/img><\/div>\n<\/p><\/div>\n<\/p><\/div>\n<\/p><\/div>\n<\/p><\/div>\n<\/p><\/div>\n<\/p><\/div>\n<div class=\"fl-col-group fl-node-6788d348dc8fe\" data-node=\"6788d348dc8fe\">\n<div class=\"fl-col fl-node-6788d348dca8d\" data-node=\"6788d348dca8d\" style=\"width: 54.78%;\">\n<div class=\"fl-col-content fl-node-content\">\n<div class=\"fl-module fl-module-rich-text fl-node-6788d348dc7c9\" data-animation-delay=\"0.0\" data-node=\"6788d348dc7c9\">\n<div class=\"fl-module-content fl-node-content\">\n<div class=\"fl-rich-text\">\n<h2><span style=\"font-family: arial, helvetica, sans-serif; font-size: medium;\"><b>INP pojedyncze kryszta\u0142y pod\u0142o\u017ca wsp\u00f3lne specyfikacje<\/b><\/span><\/h2>\n<div>\n<div><span style=\"font-family: arial, helvetica, sans-serif; font-size: medium;\">1. Orientacja<\/span><\/div>\n<div>\n<div><span style=\"font-family: arial, helvetica, sans-serif; font-size: medium;\">\u00a0 \u00a0 Orientacja powierzchniowa (100) \u00b1 0,2\u00ba lub (100) \u00b1 0,05\u00ba<\/span><\/div>\n<div>\n<div><span style=\"font-family: arial, helvetica, sans-serif; font-size: medium;\">\u00a0 \u00a0\u00a0Orientacja powierzchniowa jest dost\u0119pna na \u017c\u0105danie.<\/span><\/div>\n<div>\n<div><span style=\"font-family: arial, helvetica, sans-serif; font-size: medium;\">\u00a0 \u00a0\u00a0Orientacja p\u0142askiego: (011) \u00b1 1\u00ba lub (011) \u00b1 0,1\u00ba, je\u015bli: (011) \u00b1 2\u00ba<\/span><\/div>\n<div>\n<div><span style=\"font-family: arial, helvetica, sans-serif; font-size: medium;\">\u00a0 \u00a0\u00a0Odszczepienie jest dost\u0119pne na \u017c\u0105danie.<\/span><\/div>\n<div><span style=\"font-family: arial, helvetica, sans-serif; font-size: medium;\">2. Dost\u0119pne jest oznaczenie laserowe oparte na p\u00f3\u0142 standardu.<\/span><\/div>\n<div><span style=\"font-family: arial, helvetica, sans-serif; font-size: medium;\">3. Pakiet indywidualny, a tak\u017ce pakiet w gazie N2.<\/span><\/div>\n<div><span style=\"font-family: arial, helvetica, sans-serif; font-size: medium;\">4. Dost\u0119pne jest trawienie w gazie N2.<\/span><\/div>\n<div><span style=\"font-family: arial, helvetica, sans-serif; font-size: medium;\">5. Dost\u0119pne s\u0105 prostok\u0105tne wafle.<\/span><\/div>\n<div><span style=\"font-family: arial, helvetica, sans-serif; font-size: medium;\">Powy\u017csza specyfikacja to standard JX.<\/span><\/div>\n<div><span style=\"font-family: HelveticaNeue-Medium;\"><span style=\"font-family: arial, helvetica, sans-serif; font-size: medium;\">Je\u015bli wymagane s\u0105 inne specyfikacje, zapytaj nas.<\/span><\/span><\/div>\n<\/p><\/div>\n<\/p><\/div>\n<\/p><\/div>\n<\/p><\/div>\n<\/p><\/div>\n<\/p><\/div>\n<\/p><\/div>\n<\/p><\/div>\n<\/p><\/div>\n<\/p><\/div>\n<div class=\"fl-col fl-node-6788d3fc8848d fl-col-small\" data-node=\"6788d3fc8848d\" style=\"width: 45.22%;\">\n<div class=\"fl-col-content fl-node-content\">\n<div class=\"fl-module fl-module-rich-text fl-node-6788d45ad463c\" data-animation-delay=\"0.0\" data-node=\"6788d45ad463c\">\n<div class=\"fl-module-content fl-node-content\">\n<div class=\"fl-rich-text\">\n<h2><strong><span style=\"font-family: arial, helvetica, sans-serif; font-size: medium;\">Orientacja<\/span><\/strong><\/h2>\n<p>\u00a0<\/p>\n<\/p><\/div>\n<\/p><\/div>\n<\/p><\/div>\n<div class=\"fl-module fl-module-photo fl-node-6788d51a053af\" data-animation-delay=\"0.0\" data-node=\"6788d51a053af\">\n<div class=\"fl-module-content fl-node-content\">\n<div class=\"fl-photo fl-photo-align-center\" itemscope=\"\" itemtype=\"http:\/\/schema.org\/ImageObject\">\n<div class=\"fl-photo-content fl-photo-img-jpg\"> <img decoding=\"async\" alt=\"Pod\u0142o\u017ce INP i CDTE (4) (1)\" class=\"fl-photo-img wp-image-12186 size-thumbnail\" itemprop=\"image\" src=\"\/wp-content\/uploads\/2025\/09\/cbb23a40405136c2.webp\"> <\/img><\/div>\n<\/p><\/div>\n<\/p><\/div>\n<\/p><\/div>\n<\/p><\/div>\n<\/p><\/div>\n<\/p><\/div>\n<\/p><\/div>\n<\/p><\/div>\n<\/p><\/div>\n<div class=\"fl-row fl-row-full-width fl-row-bg-none fl-node-6788d5a8b3096\" data-node=\"6788d5a8b3096\">\n<div class=\"fl-row-content-wrap\">\n<div class=\"fl-row-content fl-row-full-width fl-node-content\">\n<div class=\"fl-col-group fl-node-6788d5a8b30e3\" data-node=\"6788d5a8b30e3\">\n<div class=\"fl-col fl-node-6788d5a8b312b\" data-node=\"6788d5a8b312b\" style=\"width: 100%;\">\n<div class=\"fl-col-content fl-node-content\">\n<div class=\"fl-module fl-module-photo fl-node-6788d5a8b3171\" data-animation-delay=\"0.0\" data-node=\"6788d5a8b3171\">\n<div class=\"fl-module-content fl-node-content\">\n<div class=\"fl-photo fl-photo-align-center\" itemscope=\"\" itemtype=\"http:\/\/schema.org\/ImageObject\">\n<div class=\"fl-photo-content fl-photo-img-jpg\"> <img decoding=\"async\" alt=\"Miejsce pracy p\u00f3\u0142cesy\" class=\"fl-photo-img wp-image-9038\" itemprop=\"image\" src=\"\/wp-content\/uploads\/2025\/09\/b1dd0bcab1675ff4.webp\"> <\/img><\/div>\n<\/p><\/div>\n<\/p><\/div>\n<\/p><\/div>\n<div class=\"fl-module fl-module-photo fl-node-6788d5a8b32ce\" data-animation-delay=\"0.0\" data-node=\"6788d5a8b32ce\">\n<div class=\"fl-module-content fl-node-content\">\n<div class=\"fl-photo fl-photo-align-center\" itemscope=\"\" itemtype=\"http:\/\/schema.org\/ImageObject\">\n<div class=\"fl-photo-content fl-photo-img-jpg\"> <img decoding=\"async\" alt=\"P\u00f3\u0142cera robocza miejsce 2\" class=\"fl-photo-img wp-image-9037\" itemprop=\"image\" src=\"\/wp-content\/uploads\/2025\/09\/2b946d2b4b61306d.webp\"> <\/img><\/div>\n<\/p><\/div>\n<\/p><\/div>\n<\/p><\/div>\n<div class=\"fl-module fl-module-photo fl-node-6788d5a8b3289\" data-animation-delay=\"0.0\" data-node=\"6788d5a8b3289\">\n<div class=\"fl-module-content fl-node-content\">\n<div class=\"fl-photo fl-photo-align-center\" itemscope=\"\" itemtype=\"http:\/\/schema.org\/ImageObject\">\n<div class=\"fl-photo-content fl-photo-img-jpg\"> <img decoding=\"async\" alt=\"Maszyna sprz\u0119tu\" class=\"fl-photo-img wp-image-9034 size-full\" itemprop=\"image\" src=\"\/wp-content\/uploads\/2025\/09\/081b6529d68ead23.webp\"> <\/img><\/div>\n<\/p><\/div>\n<\/p><\/div>\n<\/p><\/div>\n<div class=\"fl-module fl-module-photo fl-node-6788d5a8b3242\" data-animation-delay=\"0.0\" data-node=\"6788d5a8b3242\">\n<div class=\"fl-module-content fl-node-content\">\n<div class=\"fl-photo fl-photo-align-center\" itemscope=\"\" itemtype=\"http:\/\/schema.org\/ImageObject\">\n<div class=\"fl-photo-content fl-photo-img-jpg\"> <img decoding=\"async\" alt=\"Przetwarzanie CNN, czyszczenie chemiczne, pow\u0142oka CVD\" class=\"fl-photo-img wp-image-9033\" itemprop=\"image\" src=\"\/wp-content\/uploads\/2025\/09\/a4132b2b399abbac.webp\"> <\/img><\/div>\n<\/p><\/div>\n<\/p><\/div>\n<\/p><\/div>\n<div class=\"fl-module fl-module-photo fl-node-6788d5a8b31fc\" data-animation-delay=\"0.0\" data-node=\"6788d5a8b31fc\">\n<div class=\"fl-module-content fl-node-content\">\n<div class=\"fl-photo fl-photo-align-center\" itemscope=\"\" itemtype=\"http:\/\/schema.org\/ImageObject\">\n<div class=\"fl-photo-content fl-photo-img-jpg\"> <img decoding=\"async\" alt=\"Semicera Ware House\" class=\"fl-photo-img wp-image-9036\" itemprop=\"image\" src=\"\/wp-content\/uploads\/2025\/09\/2190bb9ce5c1d546.webp\"\/> <\/div>\n<\/p><\/div>\n<\/p><\/div>\n<\/p><\/div>\n<div class=\"fl-module fl-module-photo fl-node-6788d5a8b31b7\" data-animation-delay=\"0.0\" data-node=\"6788d5a8b31b7\">\n<div class=\"fl-module-content fl-node-content\">\n<div class=\"fl-photo fl-photo-align-center\" itemscope=\"\" itemtype=\"http:\/\/schema.org\/ImageObject\">\n<div class=\"fl-photo-content fl-photo-img-jpg\"> <img decoding=\"async\" alt=\"Nasza us\u0142uga\" class=\"fl-photo-img wp-image-9035\" itemprop=\"image\" src=\"\/wp-content\/uploads\/2025\/09\/b07f222c0ec0ab8d.webp\"\/> <\/div>\n<\/p><\/div>\n<\/p><\/div>\n<\/p><\/div>\n<\/p><\/div>\n<\/p><\/div>\n<\/p><\/div>\n<\/p><\/div>\n<\/p><\/div>\n<\/p><\/div>\n<\/div>","protected":false},"excerpt":{"rendered":"<p>Rozwi\u0105zania pod\u0142o\u017ca INP i CDTE Semicera s\u0105 przeznaczone do zastosowa\u0144 o wysokiej wydajno\u015bci w przemy\u015ble p\u00f3\u0142przewodnik\u00f3w i energii s\u0142onecznej. Nasze substraty INP (fosfor indium) i CDTE (kadm telluride) oferuj\u0105 wyj\u0105tkowe w\u0142a\u015bciwo\u015bci materia\u0142u, w tym wysok\u0105 wydajno\u015b\u0107, doskona\u0142\u0105 przewodno\u015b\u0107 elektryczn\u0105 i solidn\u0105 stabilno\u015b\u0107 termiczn\u0105. Te substraty s\u0105 idealne do stosowania w zaawansowanych urz\u0105dzeniach optoelektronicznych, tranzystorach o wysokiej cz\u0119stotliwo\u015bci i cienkowarstwowych ogniwach s\u0142onecznych, zapewniaj\u0105c niezawodne podstawy do najnowocze\u015bniejszych technologii.<\/p>","protected":false},"featured_media":530,"comment_status":"closed","ping_status":"open","template":"","meta":[],"product_brand":[],"product_cat":[25,24],"product_tag":[],"class_list":{"0":"post-1307","1":"product","2":"type-product","3":"status-publish","4":"has-post-thumbnail","6":"product_cat-more-sic-product","7":"product_cat-silicon-carbide-ceramic","9":"first","10":"instock","11":"product-type-simple"},"_links":{"self":[{"href":"https:\/\/www.cn-semiconductorparts.com\/pl\/wp-json\/wp\/v2\/product\/1307","targetHints":{"allow":["GET"]}}],"collection":[{"href":"https:\/\/www.cn-semiconductorparts.com\/pl\/wp-json\/wp\/v2\/product"}],"about":[{"href":"https:\/\/www.cn-semiconductorparts.com\/pl\/wp-json\/wp\/v2\/types\/product"}],"replies":[{"embeddable":true,"href":"https:\/\/www.cn-semiconductorparts.com\/pl\/wp-json\/wp\/v2\/comments?post=1307"}],"wp:featuredmedia":[{"embeddable":true,"href":"https:\/\/www.cn-semiconductorparts.com\/pl\/wp-json\/wp\/v2\/media\/530"}],"wp:attachment":[{"href":"https:\/\/www.cn-semiconductorparts.com\/pl\/wp-json\/wp\/v2\/media?parent=1307"}],"wp:term":[{"taxonomy":"product_brand","embeddable":true,"href":"https:\/\/www.cn-semiconductorparts.com\/pl\/wp-json\/wp\/v2\/product_brand?post=1307"},{"taxonomy":"product_cat","embeddable":true,"href":"https:\/\/www.cn-semiconductorparts.com\/pl\/wp-json\/wp\/v2\/product_cat?post=1307"},{"taxonomy":"product_tag","embeddable":true,"href":"https:\/\/www.cn-semiconductorparts.com\/pl\/wp-json\/wp\/v2\/product_tag?post=1307"}],"curies":[{"name":"WP","href":"https:\/\/api.w.org\/{rel}","templated":true}]}}