{"id":1309,"date":"2025-09-11T05:28:18","date_gmt":"2025-09-11T05:28:18","guid":{"rendered":"https:\/\/weitai2.globaldeepsea.site\/product\/plastic-silicon-carbide-ceramics\/"},"modified":"2026-04-29T15:34:26","modified_gmt":"2026-04-29T07:34:26","slug":"plastic-silicon-carbide-ceramics","status":"publish","type":"product","link":"https:\/\/www.cn-semiconductorparts.com\/pl\/product\/plastic-silicon-carbide-ceramics\/","title":{"rendered":"Plastikowy silikonowa ceramika w\u0119glik\u00f3w"},"content":{"rendered":"<div class=\"fl-builder-content fl-builder-content-11639 fl-builder-content-primary fl-builder-global-templates-locked\" data-post-id=\"11639\">\n<div class=\"fl-row fl-row-full-width fl-row-bg-none fl-node-6736ad4fd6144\" data-node=\"6736ad4fd6144\">\n<div class=\"fl-row-content-wrap\">\n<div class=\"fl-row-content fl-row-full-width fl-node-content\">\n<div class=\"fl-col-group fl-node-6736ad4fd6ea0\" data-node=\"6736ad4fd6ea0\">\n<div class=\"fl-col fl-node-6736ad4fd7028\" data-node=\"6736ad4fd7028\" style=\"width: 100%;\">\n<div class=\"fl-col-content fl-node-content\">\n<div class=\"fl-module fl-module-rich-text fl-node-6736ad4fd5ffb\" data-animation-delay=\"0.0\" data-node=\"6736ad4fd5ffb\">\n<div class=\"fl-module-content fl-node-content\">\n<div class=\"fl-rich-text\">\n<p><span style=\"font-family: arial, helvetica, sans-serif; font-size: medium;\">Plastikowa ceramika w\u0119glik\u00f3w silikonowych Semicera \u0142\u0105czy trwa\u0142o\u015b\u0107 i si\u0142\u0119 krzemowego w\u0119glika (SIC) z wszechstronno\u015bci\u0105 i elastyczno\u015bci\u0105 kompozyt\u00f3w na bazie tworzyw sztucznych. Te innowacyjne materia\u0142y s\u0105 zaprojektowane w celu zapewnienia wyj\u0105tkowej wydajno\u015bci w zastosowaniach, kt\u00f3re wymagaj\u0105 wysokiej odporno\u015bci na zu\u017cycie, doskona\u0142ej stabilno\u015bci termicznej i si\u0142y mechanicznej. Ceramika z w\u0119glik\u00f3w z tworzywa sztucznego jest unikalnym rozwi\u0105zaniem dla bran\u017c, kt\u00f3re wymagaj\u0105 niezawodnego materia\u0142u zdolnego do wytrzymania ekstremalnych warunk\u00f3w, co czyni je idealnym wyborem do zastosowa\u0144 p\u00f3\u0142przewodnik\u00f3w, motoryzacyjnych i przemys\u0142owych.<\/span><\/p>\n<p><strong><span style=\"font-family: arial, helvetica, sans-serif; font-size: medium;\">Zaawansowana wydajno\u015b\u0107 plastikowej krzemowej ceramiki<\/span><\/strong><br \/><span style=\"font-family: arial, helvetica, sans-serif; font-size: medium;\">Plastikowa ceramika w\u0119glik\u00f3w silikonowych Semicera jest specjalnie zaprojektowana w celu wytrzymania wysokich temperatur, \u015brodowisk \u017cr\u0105cych i stresu mechanicznego. Unikalna kombinacja twardo\u015bci i tworzywa z tworzywa sztucznego krzemowego skutkuje materia\u0142em, kt\u00f3ry oferuje doskona\u0142\u0105 odporno\u015b\u0107 na zu\u017cycie, wysok\u0105 przewodno\u015b\u0107 ciepln\u0105 i nisk\u0105 rozszerzalno\u015b\u0107 ciepln\u0105. To sprawia, \u017ce \u200b\u200bceramika z w\u0119glik\u00f3w z plastiku krzem jest idealnym materia\u0142em do komponent\u00f3w, kt\u00f3re musz\u0105 wykonywa\u0107 w trudnych warunkach przy jednoczesnym zachowaniu precyzji i stabilno\u015bci.<\/span><\/p>\n<p><span style=\"font-family: arial, helvetica, sans-serif; font-size: medium;\">Te ceramika wykazuj\u0105 niezwyk\u0142\u0105 si\u0142\u0119 i sztywno\u015b\u0107, co czyni je idealnymi do zastosowa\u0144, w kt\u00f3rych tradycyjne materia\u0142y mog\u0105 zawodzi\u0107. Elastyczno\u015b\u0107 kompozyt\u00f3w z tworzyw sztucznych pozwala na \u0142atwe formowanie w z\u0142o\u017cone kszta\u0142ty, dzi\u0119ki czemu ceramika z krzemowych w\u0119glik\u00f3w z tworzywa sztucznego nadaje si\u0119 do szerokiej gamy niestandardowych zastosowa\u0144 w r\u00f3\u017cnych bran\u017cach, od produkcji p\u00f3\u0142przewodnik\u00f3w po wysokowydajne komponenty motoryzacyjne i lotnicze.<\/span><\/p>\n<p><strong><span style=\"font-family: arial, helvetica, sans-serif; font-size: medium;\">Zastosowania w bran\u017cy p\u00f3\u0142przewodnik\u00f3w<\/span><\/strong><br \/><span style=\"font-family: arial, helvetica, sans-serif; font-size: medium;\">W przemy\u015ble p\u00f3\u0142przewodnik\u00f3w ceramika z krzem z tworzywa sztucznego zyskuje coraz wi\u0119ksz\u0105 uwag\u0119 na ich zdolno\u015b\u0107 do poprawy wydajno\u015bci w kluczowych zastosowaniach. Te ceramika s\u0105 szczeg\u00f3lnie przydatne w wytwarzaniu bardzo precyzyjnych narz\u0119dzi i komponent\u00f3w, kt\u00f3re wymagaj\u0105 zar\u00f3wno wysokiej wytrzyma\u0142o\u015bci, jak i stabilno\u015bci termicznej. Wysoka przewodno\u015b\u0107 cieplna SIC pomaga rozproszy\u0107 ciep\u0142o w wra\u017cliwych procesach p\u00f3\u0142przewodnik\u00f3w, co ma kluczowe znaczenie dla utrzymania integralno\u015bci i wydajno\u015bci urz\u0105dzenia. Plastikowe ceramika z w\u0119glik\u00f3w silikonowych jest r\u00f3wnie\u017c stosowana w sprz\u0119cie do obs\u0142ugi i przetwarzania p\u0142ytek, zapewniaj\u0105c niezawodny i trwa\u0142y materia\u0142 do transportu i wsparcia krzemowych p\u0142ytek i innych substrat\u00f3w podczas produkcji.<\/span><\/p>\n<p><span style=\"font-family: arial, helvetica, sans-serif; font-size: medium;\">Ponadto doskona\u0142a odporno\u015b\u0107 na zu\u017cycie i niski wsp\u00f3\u0142czynnik rozszerzenia cieplnej ceramiki z tworzywa sztucznego krzemowego sprawiaj\u0105, \u017ce s\u0105 idealne do zastosowa\u0144 p\u00f3\u0142przewodnikowych, w kt\u00f3rych niezb\u0119dna jest precyzja i d\u0142ugoterminowa trwa\u0142o\u015b\u0107. Materia\u0142y te mog\u0105 by\u0107 stosowane w r\u00f3\u017cnych procesach p\u00f3\u0142przewodnik\u00f3w, w tym trawienia, osadzania i litografii, gdzie pomagaj\u0105 zmniejszy\u0107 zu\u017cycie i poprawi\u0107 d\u0142ugowieczno\u015b\u0107 sprz\u0119tu produkcyjnego.<\/span><\/p>\n<p><strong><span style=\"font-family: arial, helvetica, sans-serif; font-size: medium;\">Trwa\u0142o\u015b\u0107 i dostosowywanie<\/span><\/strong><br \/><span style=\"font-family: arial, helvetica, sans-serif; font-size: medium;\">Plastikowe krzemowe ceramiki w\u0119glik\u00f3w Semicera s\u0105 dost\u0119pne w konfigurowalnych rozmiarach i kszta\u0142tach, oferuj\u0105c elastyczno\u015b\u0107 w zaspokajaniu okre\u015blonych potrzeb bran\u017cowych. Niezale\u017cnie od tego, czy w przypadku og\u00f3lnych zastosowa\u0144 przemys\u0142owych, czy wysoce wyspecjalizowanych przypadk\u00f3w u\u017cycia, ceramika te zapewnia trwa\u0142o\u015b\u0107, si\u0142\u0119 i zarz\u0105dzanie termicznie wymagane dla najbardziej wymagaj\u0105cych \u015brodowisk. Zdolno\u015b\u0107 do kszta\u0142towania materia\u0142u w z\u0142o\u017cone geometrie sprawia, \u017ce \u200b\u200bjest to nieocenione rozwi\u0105zanie niestandardowych komponent\u00f3w w narz\u0119dziach p\u00f3\u0142przewodnikowych, systemach motoryzacyjnych i nie tylko.<\/span><\/p>\n<\/p><\/div>\n<\/p><\/div>\n<\/p><\/div>\n<\/p><\/div>\n<\/p><\/div>\n<\/p><\/div>\n<\/p><\/div>\n<\/p><\/div>\n<\/p><\/div>\n<div class=\"fl-row fl-row-full-width fl-row-bg-none fl-node-6736ad5adc6d0\" data-node=\"6736ad5adc6d0\">\n<div class=\"fl-row-content-wrap\">\n<div class=\"fl-row-content fl-row-full-width fl-node-content\">\n<div class=\"fl-col-group fl-node-6736ad5adc716\" data-node=\"6736ad5adc716\">\n<div class=\"fl-col fl-node-6736ad5adc758\" data-node=\"6736ad5adc758\" style=\"width: 100%;\">\n<div class=\"fl-col-content fl-node-content\">\n<div class=\"fl-module fl-module-photo fl-node-6736ad5adc79a\" data-animation-delay=\"0.0\" data-node=\"6736ad5adc79a\">\n<div class=\"fl-module-content fl-node-content\">\n<div class=\"fl-photo fl-photo-align-center\" itemscope=\"\" itemtype=\"http:\/\/schema.org\/ImageObject\">\n<div class=\"fl-photo-content fl-photo-img-jpg\"> <img decoding=\"async\" alt=\"Miejsce pracy p\u00f3\u0142cesy\" class=\"fl-photo-img wp-image-9038\" itemprop=\"image\" src=\"\/wp-content\/uploads\/2025\/09\/b1dd0bcab1675ff4.webp\"> <\/img><\/div>\n<\/p><\/div>\n<\/p><\/div>\n<\/p><\/div>\n<div class=\"fl-module fl-module-photo fl-node-6736ad5adc8e3\" data-animation-delay=\"0.0\" data-node=\"6736ad5adc8e3\">\n<div class=\"fl-module-content fl-node-content\">\n<div class=\"fl-photo fl-photo-align-center\" itemscope=\"\" itemtype=\"http:\/\/schema.org\/ImageObject\">\n<div class=\"fl-photo-content fl-photo-img-jpg\"> <img decoding=\"async\" alt=\"P\u00f3\u0142cera robocza miejsce 2\" class=\"fl-photo-img wp-image-9037\" itemprop=\"image\" src=\"\/wp-content\/uploads\/2025\/09\/2b946d2b4b61306d.webp\"> <\/img><\/div>\n<\/p><\/div>\n<\/p><\/div>\n<\/p><\/div>\n<div class=\"fl-module fl-module-photo fl-node-6736ad5adc8a1\" data-animation-delay=\"0.0\" data-node=\"6736ad5adc8a1\">\n<div class=\"fl-module-content fl-node-content\">\n<div class=\"fl-photo fl-photo-align-center\" itemscope=\"\" itemtype=\"http:\/\/schema.org\/ImageObject\">\n<div class=\"fl-photo-content fl-photo-img-jpg\"> <img decoding=\"async\" alt=\"Maszyna sprz\u0119tu\" class=\"fl-photo-img wp-image-9034 size-full\" itemprop=\"image\" src=\"\/wp-content\/uploads\/2025\/09\/081b6529d68ead23.webp\"> <\/img><\/div>\n<\/p><\/div>\n<\/p><\/div>\n<\/p><\/div>\n<div class=\"fl-module fl-module-photo fl-node-6736ad5adc85f\" data-animation-delay=\"0.0\" data-node=\"6736ad5adc85f\">\n<div class=\"fl-module-content fl-node-content\">\n<div class=\"fl-photo fl-photo-align-center\" itemscope=\"\" itemtype=\"http:\/\/schema.org\/ImageObject\">\n<div class=\"fl-photo-content fl-photo-img-jpg\"> <img decoding=\"async\" alt=\"Przetwarzanie CNN, czyszczenie chemiczne, pow\u0142oka CVD\" class=\"fl-photo-img wp-image-9033\" itemprop=\"image\" src=\"\/wp-content\/uploads\/2025\/09\/a4132b2b399abbac.webp\"> <\/img><\/div>\n<\/p><\/div>\n<\/p><\/div>\n<\/p><\/div>\n<div class=\"fl-module fl-module-photo fl-node-6736ad5adc81e\" data-animation-delay=\"0.0\" data-node=\"6736ad5adc81e\">\n<div class=\"fl-module-content fl-node-content\">\n<div class=\"fl-photo fl-photo-align-center\" itemscope=\"\" itemtype=\"http:\/\/schema.org\/ImageObject\">\n<div class=\"fl-photo-content fl-photo-img-jpg\"> <img decoding=\"async\" alt=\"Semicera Ware House\" class=\"fl-photo-img wp-image-9036\" itemprop=\"image\" src=\"\/wp-content\/uploads\/2025\/09\/2190bb9ce5c1d546.webp\"> <\/img><\/div>\n<\/p><\/div>\n<\/p><\/div>\n<\/p><\/div>\n<div class=\"fl-module fl-module-photo fl-node-6736ad5adc7dc\" data-animation-delay=\"0.0\" data-node=\"6736ad5adc7dc\">\n<div class=\"fl-module-content fl-node-content\">\n<div class=\"fl-photo fl-photo-align-center\" itemscope=\"\" itemtype=\"http:\/\/schema.org\/ImageObject\">\n<div class=\"fl-photo-content fl-photo-img-jpg\"> <img decoding=\"async\" alt=\"Nasza us\u0142uga\" class=\"fl-photo-img wp-image-9035\" itemprop=\"image\" src=\"\/wp-content\/uploads\/2025\/09\/b07f222c0ec0ab8d.webp\"> <\/img><\/div>\n<\/p><\/div>\n<\/p><\/div>\n<\/p><\/div>\n<\/p><\/div>\n<\/p><\/div>\n<\/p><\/div>\n<\/p><\/div>\n<\/p><\/div>\n<\/p><\/div>\n<\/div>","protected":false},"excerpt":{"rendered":"<p>Plastikowa ceramika w\u0119glik\u00f3w silikonowych Semicera jest zaprojektowana w celu uzyskania wysokowydajnych zastosowa\u0144, w kt\u00f3rych trwa\u0142o\u015b\u0107, stabilno\u015b\u0107 termiczna i wytrzyma\u0142o\u015b\u0107 mechaniczna s\u0105 krytyczne. \u0141\u0105cz\u0105c wyj\u0105tkowe w\u0142a\u015bciwo\u015bci w\u0119gliku krzemu (SIC) z wszechstronno\u015bci\u0105 kompozyt\u00f3w plastikowych, ceramika te zapewnia unikalne rozwi\u0105zanie dla bran\u017c wymagaj\u0105cych materia\u0142\u00f3w, kt\u00f3re mog\u0105 wytrzyma\u0107 ekstremalne \u015brodowiska. Plastikowa ceramika z krzemowych w\u0119glik\u00f3w SemiceRA oferuje doskona\u0142\u0105 odporno\u015b\u0107 na zu\u017cycie, stabilno\u015b\u0107 wysokiej temperatury i doskona\u0142\u0105 wytrzyma\u0142o\u015b\u0107, co czyni je idealnymi do wymagaj\u0105cych zastosowa\u0144 w produkcji elektronicznej, motoryzacyjnej i przemys\u0142owej.<\/p>","protected":false},"featured_media":1037,"comment_status":"closed","ping_status":"open","template":"","meta":[],"product_brand":[],"product_cat":[27,26],"product_tag":[],"class_list":{"0":"post-1309","1":"product","2":"type-product","3":"status-publish","4":"has-post-thumbnail","6":"product_cat-si-wafer","7":"product_cat-wafer","9":"first","10":"instock","11":"product-type-simple"},"_links":{"self":[{"href":"https:\/\/www.cn-semiconductorparts.com\/pl\/wp-json\/wp\/v2\/product\/1309","targetHints":{"allow":["GET"]}}],"collection":[{"href":"https:\/\/www.cn-semiconductorparts.com\/pl\/wp-json\/wp\/v2\/product"}],"about":[{"href":"https:\/\/www.cn-semiconductorparts.com\/pl\/wp-json\/wp\/v2\/types\/product"}],"replies":[{"embeddable":true,"href":"https:\/\/www.cn-semiconductorparts.com\/pl\/wp-json\/wp\/v2\/comments?post=1309"}],"wp:featuredmedia":[{"embeddable":true,"href":"https:\/\/www.cn-semiconductorparts.com\/pl\/wp-json\/wp\/v2\/media\/1037"}],"wp:attachment":[{"href":"https:\/\/www.cn-semiconductorparts.com\/pl\/wp-json\/wp\/v2\/media?parent=1309"}],"wp:term":[{"taxonomy":"product_brand","embeddable":true,"href":"https:\/\/www.cn-semiconductorparts.com\/pl\/wp-json\/wp\/v2\/product_brand?post=1309"},{"taxonomy":"product_cat","embeddable":true,"href":"https:\/\/www.cn-semiconductorparts.com\/pl\/wp-json\/wp\/v2\/product_cat?post=1309"},{"taxonomy":"product_tag","embeddable":true,"href":"https:\/\/www.cn-semiconductorparts.com\/pl\/wp-json\/wp\/v2\/product_tag?post=1309"}],"curies":[{"name":"WP","href":"https:\/\/api.w.org\/{rel}","templated":true}]}}