{"id":1313,"date":"2025-09-11T05:28:18","date_gmt":"2025-09-11T05:28:18","guid":{"rendered":"https:\/\/weitai2.globaldeepsea.site\/product\/rigid-felt-crucible\/"},"modified":"2026-04-29T15:34:28","modified_gmt":"2026-04-29T07:34:28","slug":"rigid-felt-crucible","status":"publish","type":"product","link":"https:\/\/www.cn-semiconductorparts.com\/pl\/product\/rigid-felt-crucible\/","title":{"rendered":"Sztywne filcowe tygle"},"content":{"rendered":"<div class=\"fl-builder-content fl-builder-content-11572 fl-builder-content-primary fl-builder-global-templates-locked\" data-post-id=\"11572\">\n<div class=\"fl-row fl-row-full-width fl-row-bg-none fl-node-672dbdf6e615c\" data-node=\"672dbdf6e615c\">\n<div class=\"fl-row-content-wrap\">\n<div class=\"fl-row-content fl-row-full-width fl-node-content\">\n<div class=\"fl-col-group fl-node-672dbe1f42783\" data-node=\"672dbe1f42783\">\n<div class=\"fl-col fl-node-672dbe1f42994\" data-node=\"672dbe1f42994\" style=\"width: 100%;\">\n<div class=\"fl-col-content fl-node-content\">\n<div class=\"fl-module fl-module-rich-text fl-node-672dbe1f425c4\" data-animation-delay=\"0.0\" data-node=\"672dbe1f425c4\">\n<div class=\"fl-module-content fl-node-content\">\n<div class=\"fl-rich-text\">\n<p><span style=\"font-family: arial, helvetica, sans-serif; font-size: medium;\">Sztywne odczuwalne tygle przez p\u00f3\u0142cest\u0119 jest tworzone w celu zaspokojenia wymagaj\u0105cych potrzeb \u015brodowisk o wysokiej temperaturze, \u0142\u0105cz\u0105cej trwa\u0142o\u015b\u0107, doskona\u0142\u0105 izolacj\u0119 termiczn\u0105 i integralno\u015b\u0107 strukturaln\u0105. Wykonany z wysokiej jako\u015bci sztywnego filcu ten tygla jest zaprojektowana w celu zapewnienia doskona\u0142ej stabilno\u015bci cieplnej i odporno\u015bci na \u015bcieranie, zapewniaj\u0105c niezawodno\u015b\u0107 i d\u0142ugoterminow\u0105 wydajno\u015b\u0107. Jego sk\u0142ad o wysokiej czysto\u015bci i niska przewodno\u015b\u0107 cieplna sprawiaj\u0105, \u017ce jest to idealne rozwi\u0105zanie dla bran\u017c, kt\u00f3re wymagaj\u0105 precyzyjnej kontroli ekstremalnych temperatur, w tym produkcji p\u00f3\u0142przewodnik\u00f3w, metalurgii i zaawansowanych materia\u0142\u00f3w.<\/span><\/p>\n<p><strong><span style=\"font-family: arial, helvetica, sans-serif; font-size: medium;\">Zaprojektowany z zaawansowanymi materia\u0142ami dla optymalnej wydajno\u015bci<\/span><\/strong><\/p>\n<p><span style=\"font-family: arial, helvetica, sans-serif; font-size: medium;\">Sztywne filcowe ty\u0142y na p\u00f3\u0142cedrze integruje wyspecjalizowane materia\u0142y, takie jak grafit izostatyczny, porowaty grafit i folia grafitowa, aby zwi\u0119kszy\u0107 stabilno\u015b\u0107 ciep\u0142a i zminimalizowa\u0107 straty termiczne. Materia\u0142y te znane s\u0105 z wysokiej czysto\u015bci i wyj\u0105tkowej odporno\u015bci na wstrz\u0105sy termiczne, umo\u017cliwiaj\u0105c tygle utrzymanie jego kszta\u0142tu i wytrzyma\u0142o\u015bci przy intensywnym cieple. Po\u0142\u0105czenie sztywnych filcu i innych zaawansowanych komponent\u00f3w, takich jak mi\u0119kki filc i kompozyt C\/C, zapewnia zaleg\u0142e w\u0142a\u015bciwo\u015bci izolacji tygla, zmniejszaj\u0105c ryzyko zanieczyszczenia i zu\u017cycia w procesach precyzyjnych.<\/span><\/p>\n<\/p><\/div>\n<\/p><\/div>\n<\/p><\/div>\n<\/p><\/div>\n<\/p><\/div>\n<\/p><\/div>\n<div class=\"fl-col-group fl-node-672dbdf6e61a1\" data-node=\"672dbdf6e61a1\">\n<div class=\"fl-col fl-node-672dbdf6e61e2\" data-node=\"672dbdf6e61e2\" style=\"width: 100%;\">\n<div class=\"fl-col-content fl-node-content\">\n<div class=\"fl-module fl-module-heading fl-node-672dbdf6e6265\" data-animation-delay=\"0.0\" data-node=\"672dbdf6e6265\">\n<div class=\"fl-module-content fl-node-content\">\n<h3 class=\"fl-heading\"> <span class=\"fl-heading-text\">Szczeg\u00f3\u0142y produktu<\/span> <\/h3>\n<\/p><\/div>\n<\/p><\/div>\n<div class=\"fl-module fl-module-rich-text fl-node-672dbdf6e6223\" data-animation-delay=\"0.0\" data-node=\"672dbdf6e6223\">\n<div class=\"fl-module-content fl-node-content\">\n<div class=\"fl-rich-text\">\n<table border=\"0\" cellspacing=\"0\">\n<tbody>\n<tr>\n<td valign=\"center\" width=\"337\">\n<p>Nazwa produktu<\/p>\n<\/td>\n<td valign=\"center\" width=\"330\">\n<p>Graphit Fintr<\/p>\n<\/td>\n<\/tr>\n<tr>\n<td valign=\"center\" width=\"337\">\n<p>Sk\u0142ad chemiczny<\/p>\n<\/td>\n<td valign=\"center\" width=\"330\">\n<p>W\u0142\u00f3kno w\u0119glowe<\/p>\n<\/td>\n<\/tr>\n<tr>\n<td valign=\"center\" width=\"337\">\n<p>G\u0119sto\u015b\u0107 luzem<\/p>\n<\/td>\n<td valign=\"center\" width=\"330\">\n<p>0.12-0.14g\/cm3<\/p>\n<\/td>\n<\/tr>\n<tr>\n<td valign=\"center\" width=\"337\">\n<p>Zawarto\u015b\u0107 w\u0119gla<\/p>\n<\/td>\n<td valign=\"center\" width=\"330\">\n<p>&gt; = 99%<\/p>\n<\/td>\n<\/tr>\n<tr>\n<td valign=\"center\" width=\"337\">\n<p>Wytrzyma\u0142o\u015b\u0107 na rozci\u0105ganie<\/p>\n<\/td>\n<td valign=\"center\" width=\"330\">\n<p>0.14Mpa<\/p>\n<\/td>\n<\/tr>\n<tr>\n<td valign=\"center\" width=\"337\">\n<p>Przewodno\u015b\u0107 cieplna (1150 \u2103)<\/p>\n<\/td>\n<td valign=\"center\" width=\"330\">\n<p>0,08 ~ 0,14 W\/mk<\/p>\n<\/td>\n<\/tr>\n<tr>\n<td valign=\"center\" width=\"337\">\n<p>Popi\u00f3\u0142<\/p>\n<\/td>\n<td valign=\"center\" width=\"330\">\n<p>&lt;= 0,005%<\/p>\n<\/td>\n<\/tr>\n<tr>\n<td valign=\"center\" width=\"337\">\n<p>Mia\u017cd\u017c\u0105cy stres<\/p>\n<\/td>\n<td valign=\"center\" width=\"330\">\n<p>8-10N\/cm<\/p>\n<\/td>\n<\/tr>\n<tr>\n<td valign=\"center\" width=\"337\">\n<p>Grubo\u015b\u0107<\/p>\n<\/td>\n<td valign=\"center\" width=\"330\">\n<p>1-10mm<\/p>\n<\/td>\n<\/tr>\n<tr>\n<td valign=\"center\" width=\"337\">\n<p>Temperatura przetwarzania<\/p>\n<\/td>\n<td valign=\"center\" width=\"330\">\n<p>2500(\u2103)<\/p>\n<\/td>\n<\/tr>\n<\/tbody>\n<\/table><\/div>\n<\/p><\/div>\n<\/p><\/div>\n<\/p><\/div>\n<\/p><\/div>\n<\/p><\/div>\n<div class=\"fl-col-group fl-node-672dbdf6e65f3\" data-node=\"672dbdf6e65f3\">\n<div class=\"fl-col fl-node-672dbdf6e6634\" data-node=\"672dbdf6e6634\" style=\"width: 50.89%;\">\n<div class=\"fl-col-content fl-node-content\">\n<div class=\"fl-module fl-module-rich-text fl-node-672dbdf6e6678\" data-animation-delay=\"0.0\" data-node=\"672dbdf6e6678\">\n<div class=\"fl-module-content fl-node-content\">\n<div class=\"fl-rich-text\">\n<p><strong><span style=\"font-family: arial, helvetica, sans-serif; font-size: medium;\">Obecnie dost\u0119pne s\u0105 cztery oceny dostarczania produkt\u00f3w surowych lub przetworzonych:<\/span><\/strong><br \/><span style=\"font-family: arial, helvetica, sans-serif; font-size: medium;\"><strong>Scrf:<\/strong> Oczyszczone utwardzone grafitowe w\u0142\u00f3kna Filc, temperatura obr\u00f3bki cieplnej powy\u017cej 1900 roku\u2103<\/span><br \/><span style=\"font-family: arial, helvetica, sans-serif; font-size: medium;\"><strong>SCRF-P:<\/strong> Wysoce oczyszczone RGB Hard Found<\/span><br \/><span style=\"font-family: arial, helvetica, sans-serif; font-size: medium;\"><strong>Scrf-ltc:<\/strong> Oczyszczone zestalone grafitowe w\u0142\u00f3kna Filc, temperatura obr\u00f3bki cieplnej powy\u017cej 1900 \u2103, z lepsz\u0105 wydajno\u015bci\u0105 izolacji termicznej<\/span><br \/><span style=\"font-family: arial, helvetica, sans-serif; font-size: medium;\"><strong>SCRF-LTC-P:<\/strong> Wysoce oczyszczone rgb-ltc twarde filc<\/span><\/p>\n<p><strong><span style=\"font-family: arial, helvetica, sans-serif; font-size: medium;\">Dost\u0119pny rozmiar:<\/span><\/strong><br \/><span style=\"font-family: arial, helvetica, sans-serif; font-size: medium;\">P\u0142yta: 1500*1800 (maksymalna) grubo\u015b\u0107 20-200 mm<\/span><br \/><span style=\"font-family: arial, helvetica, sans-serif; font-size: medium;\">Okr\u0105g\u0142y b\u0119ben: 1500*2000 (maksymalny) grubo\u015bci 20-150 mm<\/span><br \/><span style=\"font-family: arial, helvetica, sans-serif; font-size: medium;\">Kwadratowy b\u0119ben: 1500*1500*2000 (maksymalny) grubo\u015b\u0107 60-120 mm<\/span><br \/><span style=\"font-family: arial, helvetica, sans-serif; font-size: medium;\">Aplikacyjny zakres temperatur: 1250-2600<\/span><\/p>\n<\/p><\/div>\n<\/p><\/div>\n<\/p><\/div>\n<\/p><\/div>\n<\/p><\/div>\n<div class=\"fl-col fl-node-672dbdf6e6841 fl-col-small\" data-node=\"672dbdf6e6841\" style=\"width: 49.11%;\">\n<div class=\"fl-col-content fl-node-content\">\n<div class=\"fl-module fl-module-photo fl-node-672dbdf6e67bf\" data-animation-delay=\"0.0\" data-node=\"672dbdf6e67bf\">\n<div class=\"fl-module-content fl-node-content\">\n<div class=\"fl-photo fl-photo-align-center\" itemscope=\"\" itemtype=\"http:\/\/schema.org\/ImageObject\">\n<div class=\"fl-photo-content fl-photo-img-png\"> <img decoding=\"async\" alt=\"si-growth-882326\" class=\"fl-photo-img wp-image-11575\" itemprop=\"image\" src=\"\/wp-content\/uploads\/2025\/09\/152a8e9d596dbb3c.webp\"> <\/img><\/div>\n<\/p><\/div>\n<\/p><\/div>\n<\/p><\/div>\n<\/p><\/div>\n<\/p><\/div>\n<\/p><\/div>\n<div class=\"fl-col-group fl-node-672dbe52556d1\" data-node=\"672dbe52556d1\">\n<div class=\"fl-col fl-node-672dbe52558d5\" data-node=\"672dbe52558d5\" style=\"width: 100%;\">\n<div class=\"fl-col-content fl-node-content\">\n<div class=\"fl-module fl-module-rich-text fl-node-672dbe525552f\" data-animation-delay=\"0.0\" data-node=\"672dbe525552f\">\n<div class=\"fl-module-content fl-node-content\">\n<div class=\"fl-rich-text\">\n<p><strong><span style=\"font-family: arial, helvetica, sans-serif; font-size: medium;\">Zastosowania w bran\u017cy p\u00f3\u0142przewodnik\u00f3w<\/span><\/strong><\/p>\n<p><span style=\"font-family: arial, helvetica, sans-serif; font-size: medium;\">W przemy\u015ble p\u00f3\u0142przewodnik\u00f3w sztywny tygla p\u00f3\u0142cedrowego jest niezb\u0119dna w procesach o wysokiej temperaturze, takich jak wytwarzanie op\u0142at, wzrost kryszta\u0142\u00f3w i chemiczne odk\u0142adanie pary. Sztywny materia\u0142 filcowy o wysokiej czysto\u015bci zapewnia minimalne ryzyko zanieczyszczenia, dzi\u0119ki czemu jest odpowiedni dla \u015brodowisk czystych i precyzyjnych zastosowa\u0144 termicznych. Trwa\u0142o\u015b\u0107 i odporno\u015b\u0107 na \u015bcieranie tygla s\u0105 szczeg\u00f3lnie cenne dla urz\u0105dze\u0144 p\u00f3\u0142przewodnik\u00f3w, kt\u00f3re podlegaj\u0105 cz\u0119ste cyklicznemu cyklowaniu termicznym, poniewa\u017c pomaga zachowa\u0107 sp\u00f3jno\u015b\u0107 i wydajno\u015b\u0107 produktu w czasie.<\/span><\/p>\n<p><span style=\"font-family: arial, helvetica, sans-serif; font-size: medium;\">Ponadto sztywny odczuwalny tygle p\u00f3\u0142cesta s\u0142u\u017cy jako kluczowy element proces\u00f3w obejmuj\u0105cych folii grafitowe, porowaty grafit i kompozyty C\/C stosowane w produkcji p\u00f3\u0142przewodnik\u00f3w, wspieraj\u0105c integralno\u015b\u0107 i jako\u015b\u0107 p\u0142ytek i komponent\u00f3w p\u00f3\u0142przewodnik\u00f3w.<\/span><\/p>\n<p><strong><span style=\"font-family: arial, helvetica, sans-serif; font-size: medium;\">Wyj\u0105tkowa odporno\u015b\u0107 na ciep\u0142o i trwa\u0142o\u015b\u0107 zu\u017cycia<\/span><\/strong><\/p>\n<p><span style=\"font-family: arial, helvetica, sans-serif; font-size: medium;\">Dzi\u0119ki wysokiej stabilno\u015bci termicznej i odporno\u015bci na \u015bcieranie sztywne odczuwalne tygiel przez p\u00f3\u0142cest\u0119 jest zbudowane w celu z \u0142atwo\u015bci\u0105 obs\u0142ugi najbardziej wymagaj\u0105cych \u015brodowisk. Jego odporno\u015b\u0107 na ekstremalne warunki cieplne i \u015bcierne zapewnia, \u017ce \u200b\u200bwytrzymuje d\u0142ugoterminowe stosowanie bez degradacji, co czyni go idealnym do zastosowa\u0144 wymagaj\u0105cych sp\u00f3jnej wydajno\u015bci w wysokiej temperaturze i niskiej konserwacji.<\/span><\/p>\n<p><strong><span style=\"font-family: arial, helvetica, sans-serif; font-size: medium;\">Rozwi\u0105zanie o wysokiej czysto\u015bci dla zaawansowanych proces\u00f3w przemys\u0142owych<\/span><\/strong><\/p>\n<p><span style=\"font-family: arial, helvetica, sans-serif; font-size: medium;\">Zdecydowany z najwy\u017cszymi standardami czysto\u015bci i wydajno\u015bci, sztywny tygla Filc p\u00f3\u0142ceracyjnego zapewnia niezawodne, trwa\u0142e i wysokowydajne rozwi\u0105zanie dla bran\u017c, kt\u00f3re wymagaj\u0105 rygorystycznej jako\u015bci i trwa\u0142o\u015bci. Od precyzyjnych potrzeb produkcji p\u00f3\u0142przewodnik\u00f3w po inne bran\u017ce zaawansowane technologicznie wymagaj\u0105ce wymagania kontroli cieplnej, tygiel ten ma na celu zwi\u0119kszenie wydajno\u015bci operacyjnej i jako\u015bci produktu.<\/span><\/p>\n<p><span style=\"font-family: arial, helvetica, sans-serif; font-size: medium;\">Wybierz sztywny tygla filcowa wed\u0142ug p\u00f3\u0142cesyn pod wzgl\u0119dem zaawansowanej stabilno\u015bci termicznej, odporno\u015bci na \u015bcieranie i roztwor\u00f3w o du\u017cej czysto\u015bci w krytycznych zastosowaniach o wysokiej temperaturze.<\/span><\/p>\n<\/p><\/div>\n<\/p><\/div>\n<\/p><\/div>\n<\/p><\/div>\n<\/p><\/div>\n<\/p><\/div>\n<\/p><\/div>\n<\/p><\/div>\n<\/p><\/div>\n<div class=\"fl-row fl-row-full-width fl-row-bg-none fl-node-672dbe0a304c5\" data-node=\"672dbe0a304c5\">\n<div class=\"fl-row-content-wrap\">\n<div class=\"fl-row-content fl-row-full-width fl-node-content\">\n<div class=\"fl-col-group fl-node-672dbe0a30507\" data-node=\"672dbe0a30507\">\n<div class=\"fl-col fl-node-672dbe0a30532\" data-node=\"672dbe0a30532\" style=\"width: 100%;\">\n<div class=\"fl-col-content fl-node-content\">\n<div class=\"fl-module fl-module-photo fl-node-672dbe0a30571\" data-animation-delay=\"0.0\" data-node=\"672dbe0a30571\">\n<div class=\"fl-module-content fl-node-content\">\n<div class=\"fl-photo fl-photo-align-center\" itemscope=\"\" itemtype=\"http:\/\/schema.org\/ImageObject\">\n<div class=\"fl-photo-content fl-photo-img-jpg\"> <img decoding=\"async\" alt=\"Miejsce pracy p\u00f3\u0142cesy\" class=\"fl-photo-img wp-image-9038\" itemprop=\"image\" src=\"\/wp-content\/uploads\/2025\/09\/b1dd0bcab1675ff4.webp\"> <\/img><\/div>\n<\/p><\/div>\n<\/p><\/div>\n<\/p><\/div>\n<div class=\"fl-module fl-module-photo fl-node-672dbe0a306ac\" data-animation-delay=\"0.0\" data-node=\"672dbe0a306ac\">\n<div class=\"fl-module-content fl-node-content\">\n<div class=\"fl-photo fl-photo-align-center\" itemscope=\"\" itemtype=\"http:\/\/schema.org\/ImageObject\">\n<div class=\"fl-photo-content fl-photo-img-jpg\"> <img decoding=\"async\" alt=\"P\u00f3\u0142cera robocza miejsce 2\" class=\"fl-photo-img wp-image-9037\" itemprop=\"image\" src=\"\/wp-content\/uploads\/2025\/09\/2b946d2b4b61306d.webp\"> <\/img><\/div>\n<\/p><\/div>\n<\/p><\/div>\n<\/p><\/div>\n<div class=\"fl-module fl-module-photo fl-node-672dbe0a3066d\" data-animation-delay=\"0.0\" data-node=\"672dbe0a3066d\">\n<div class=\"fl-module-content fl-node-content\">\n<div class=\"fl-photo fl-photo-align-center\" itemscope=\"\" itemtype=\"http:\/\/schema.org\/ImageObject\">\n<div class=\"fl-photo-content fl-photo-img-jpg\"> <img decoding=\"async\" alt=\"Maszyna sprz\u0119tu\" class=\"fl-photo-img wp-image-9034 size-full\" itemprop=\"image\" src=\"\/wp-content\/uploads\/2025\/09\/081b6529d68ead23.webp\"> <\/img><\/div>\n<\/p><\/div>\n<\/p><\/div>\n<\/p><\/div>\n<div class=\"fl-module fl-module-photo fl-node-672dbe0a3062e\" data-animation-delay=\"0.0\" data-node=\"672dbe0a3062e\">\n<div class=\"fl-module-content fl-node-content\">\n<div class=\"fl-photo fl-photo-align-center\" itemscope=\"\" itemtype=\"http:\/\/schema.org\/ImageObject\">\n<div class=\"fl-photo-content fl-photo-img-jpg\"> <img decoding=\"async\" alt=\"Przetwarzanie CNN, czyszczenie chemiczne, pow\u0142oka CVD\" class=\"fl-photo-img wp-image-9033\" itemprop=\"image\" src=\"\/wp-content\/uploads\/2025\/09\/a4132b2b399abbac.webp\"> <\/img><\/div>\n<\/p><\/div>\n<\/p><\/div>\n<\/p><\/div>\n<div class=\"fl-module fl-module-photo fl-node-672dbe0a305ef\" data-animation-delay=\"0.0\" data-node=\"672dbe0a305ef\">\n<div class=\"fl-module-content fl-node-content\">\n<div class=\"fl-photo fl-photo-align-center\" itemscope=\"\" itemtype=\"http:\/\/schema.org\/ImageObject\">\n<div class=\"fl-photo-content fl-photo-img-jpg\"> <img decoding=\"async\" alt=\"Semicera Ware House\" class=\"fl-photo-img wp-image-9036\" itemprop=\"image\" src=\"\/wp-content\/uploads\/2025\/09\/2190bb9ce5c1d546.webp\"> <\/img><\/div>\n<\/p><\/div>\n<\/p><\/div>\n<\/p><\/div>\n<div class=\"fl-module fl-module-photo fl-node-672dbe0a305b0\" data-animation-delay=\"0.0\" data-node=\"672dbe0a305b0\">\n<div class=\"fl-module-content fl-node-content\">\n<div class=\"fl-photo fl-photo-align-center\" itemscope=\"\" itemtype=\"http:\/\/schema.org\/ImageObject\">\n<div class=\"fl-photo-content fl-photo-img-jpg\"> <img decoding=\"async\" alt=\"Nasza us\u0142uga\" class=\"fl-photo-img wp-image-9035\" itemprop=\"image\" src=\"\/wp-content\/uploads\/2025\/09\/b07f222c0ec0ab8d.webp\"> <\/img><\/div>\n<\/p><\/div>\n<\/p><\/div>\n<\/p><\/div>\n<\/p><\/div>\n<\/p><\/div>\n<\/p><\/div>\n<\/p><\/div>\n<\/p><\/div>\n<\/p><\/div>\n<\/div>","protected":false},"excerpt":{"rendered":"<p>Sztywne filcowe tygle z p\u00f3\u0142cesy zosta\u0142o zaprojektowane do doskona\u0142ej wydajno\u015bci w zastosowaniach o wysokiej temperaturze, oferuj\u0105c doskona\u0142\u0105 izolacj\u0119 termiczn\u0105 i integralno\u015b\u0107 strukturaln\u0105. Zbudowany z sztywnych materia\u0142\u00f3w filcowych o jako\u015bci premium, tyg\u00f3\u0142 zapewnia niezawodn\u0105 odporno\u015b\u0107 na ciep\u0142o, nisk\u0105 przewodno\u015b\u0107 ciepln\u0105 i wyj\u0105tkow\u0105 trwa\u0142o\u015b\u0107, co czyni go idealnym do proces\u00f3w w zaawansowanych testach produkcyjnych i materia\u0142owych.<\/p>","protected":false},"featured_media":665,"comment_status":"closed","ping_status":"open","template":"","meta":[],"product_brand":[],"product_cat":[29,30],"product_tag":[],"class_list":{"0":"post-1313","1":"product","2":"type-product","3":"status-publish","4":"has-post-thumbnail","6":"product_cat-carbon-fiber","7":"product_cat-hard-felt","9":"first","10":"instock","11":"product-type-simple"},"_links":{"self":[{"href":"https:\/\/www.cn-semiconductorparts.com\/pl\/wp-json\/wp\/v2\/product\/1313","targetHints":{"allow":["GET"]}}],"collection":[{"href":"https:\/\/www.cn-semiconductorparts.com\/pl\/wp-json\/wp\/v2\/product"}],"about":[{"href":"https:\/\/www.cn-semiconductorparts.com\/pl\/wp-json\/wp\/v2\/types\/product"}],"replies":[{"embeddable":true,"href":"https:\/\/www.cn-semiconductorparts.com\/pl\/wp-json\/wp\/v2\/comments?post=1313"}],"wp:featuredmedia":[{"embeddable":true,"href":"https:\/\/www.cn-semiconductorparts.com\/pl\/wp-json\/wp\/v2\/media\/665"}],"wp:attachment":[{"href":"https:\/\/www.cn-semiconductorparts.com\/pl\/wp-json\/wp\/v2\/media?parent=1313"}],"wp:term":[{"taxonomy":"product_brand","embeddable":true,"href":"https:\/\/www.cn-semiconductorparts.com\/pl\/wp-json\/wp\/v2\/product_brand?post=1313"},{"taxonomy":"product_cat","embeddable":true,"href":"https:\/\/www.cn-semiconductorparts.com\/pl\/wp-json\/wp\/v2\/product_cat?post=1313"},{"taxonomy":"product_tag","embeddable":true,"href":"https:\/\/www.cn-semiconductorparts.com\/pl\/wp-json\/wp\/v2\/product_tag?post=1313"}],"curies":[{"name":"WP","href":"https:\/\/api.w.org\/{rel}","templated":true}]}}