{"id":1317,"date":"2025-09-11T05:28:25","date_gmt":"2025-09-11T05:28:25","guid":{"rendered":"https:\/\/weitai2.globaldeepsea.site\/product\/zirconia-ceramic-nozzle\/"},"modified":"2026-04-29T15:34:14","modified_gmt":"2026-04-29T07:34:14","slug":"zirconia-ceramic-nozzle","status":"publish","type":"product","link":"https:\/\/www.cn-semiconductorparts.com\/pl\/product\/zirconia-ceramic-nozzle\/","title":{"rendered":"Zirconia Ceramic Nozzle"},"content":{"rendered":"<div class=\"fl-builder-content fl-builder-content-11534 fl-builder-content-primary fl-builder-global-templates-locked\" data-post-id=\"11534\">\n<div class=\"fl-row fl-row-full-width fl-row-bg-none fl-node-672d78c978efb\" data-node=\"672d78c978efb\">\n<div class=\"fl-row-content-wrap\">\n<div class=\"fl-row-content fl-row-full-width fl-node-content\">\n<div class=\"fl-col-group fl-node-672d78c978f45\" data-node=\"672d78c978f45\">\n<div class=\"fl-col fl-node-672d78c978f8b\" data-node=\"672d78c978f8b\" style=\"width: 100%;\">\n<div class=\"fl-col-content fl-node-content\">\n<div class=\"fl-module fl-module-rich-text fl-node-672d78c978fd3\" data-animation-delay=\"0.0\" data-node=\"672d78c978fd3\">\n<div class=\"fl-module-content fl-node-content\">\n<div class=\"fl-rich-text\">\n<p><span style=\"font-family: arial, helvetica, sans-serif; font-size: medium;\">The Zirconia Ceramic Nozzle by Semicera is engineered for superior performance in high-demand industries where reliability and durability are critical. Crafted from high-purity Zirconia (ZrO2), this ceramic nozzle provides exceptional wear resistance, high thermal stability, and excellent mechanical strength. These qualities make it an ideal choice for applications in industries such as semiconductor manufacturing, materials processing, and precision engineering.<\/span><\/p>\n<p><strong><span style=\"font-family: arial, helvetica, sans-serif; font-size: medium;\">Advanced Ceramic Materials for Optimal Performance<\/span><\/strong><\/p>\n<p><span style=\"font-family: arial, helvetica, sans-serif; font-size: medium;\">At Semicera, we utilize a variety of advanced ceramic materials including Silicon Carbide (SiC), Alumina (Al2O3), Silicon Nitride (Si3N4), and Aluminum Nitride (AIN), as well as Composite Ceramics to create solutions that meet the unique needs of high-tech applications. The Zirconia Ceramic Nozzle stands out due to its exceptional hardness and resistance to thermal shock, allowing it to perform reliably even under extreme conditions. This makes it particularly suited for high-temperature operations and applications where precision and purity are paramount.<\/span><\/p>\n<p><strong><span style=\"font-family: arial, helvetica, sans-serif; font-size: medium;\">Exceptional Durability and High Thermal Stability<\/span><\/strong><\/p>\n<p><span style=\"font-family: arial, helvetica, sans-serif; font-size: medium;\">One of the key benefits of the Zirconia Ceramic Nozzle is its outstanding wear resistance, which ensures a long service life in abrasive environments. The high thermal stability of Zirconia ceramics enables these nozzles to maintain their structural integrity even when exposed to fluctuating or high temperatures. This is especially important in industries such as semiconductor manufacturing, where processes require exacting standards of purity and thermal management.<\/span><\/p>\n<\/p><\/div>\n<\/p><\/div>\n<\/p><\/div>\n<\/p><\/div>\n<\/p><\/div>\n<\/p><\/div>\n<div class=\"fl-col-group fl-node-672d78c979429\" data-node=\"672d78c979429\">\n<div class=\"fl-col fl-node-672d78c979472 fl-col-small\" data-node=\"672d78c979472\" style=\"width: 50%;\">\n<div class=\"fl-col-content fl-node-content\">\n<div class=\"fl-module fl-module-rich-text fl-node-672d78c9794bf\" data-animation-delay=\"0.0\" data-node=\"672d78c9794bf\">\n<div class=\"fl-module-content fl-node-content\">\n<div class=\"fl-rich-text\">\n<p><strong><span style=\"font-family: arial, helvetica, sans-serif; font-size: medium;\">The main characteristics of zirconia ceramic parts:<\/span><\/strong><\/p>\n<p><span style=\"font-family: arial, helvetica, sans-serif; font-size: medium;\">1. Doskona\u0142a odporno\u015b\u0107 na zu\u017cycie, znacznie wy\u017csza 276 razy ni\u017c stal nierdzewna<\/span><br \/><span style=\"font-family: arial, helvetica, sans-serif; font-size: medium;\"> 2. Wi\u0119ksza g\u0119sto\u015b\u0107 ni\u017c wi\u0119kszo\u015b\u0107 ceramiki technicznej, ponad 6 g\/cm3<\/span><br \/><span style=\"font-family: arial, helvetica, sans-serif; font-size: medium;\"> 3. Wysoka twardo\u015b\u0107, ponad 1300 MPa dla Vicker<\/span><br \/><span style=\"font-family: arial, helvetica, sans-serif; font-size: medium;\"> 4. Mo\u017cna wytrzyma\u0107 wy\u017csze temperatury do 2400 \u00b0<\/span><br \/><span style=\"font-family: arial, helvetica, sans-serif; font-size: medium;\"> 5. Niska przewodnictwo cieplne, mniej ni\u017c 3 W\/mk w temperaturze pokojowej<\/span><br \/><span style=\"font-family: arial, helvetica, sans-serif; font-size: medium;\"> 6. Podobny wsp\u00f3\u0142czynnik rozszerzalno\u015bci cieplnej jako stali nierdzewnej<\/span><br \/><span style=\"font-family: arial, helvetica, sans-serif; font-size: medium;\"> 7. Wyj\u0105tkowa wytrzyma\u0142o\u015b\u0107 z\u0142amania si\u0119ga do 8 MPa M1\/2<\/span><br \/><span style=\"font-family: arial, helvetica, sans-serif; font-size: medium;\"> 8. Bezw\u0142adno\u015b\u0107 chemiczna, odporno\u015b\u0107 na starzenie si\u0119, a nie rdz\u0119 na zawsze<\/span><br \/><span style=\"font-family: arial, helvetica, sans-serif; font-size: medium;\"> 9. Resistance to molten metals due to an extraordinary melting point.<\/span><\/p>\n<\/p><\/div>\n<\/p><\/div>\n<\/p><\/div>\n<\/p><\/div>\n<\/p><\/div>\n<div class=\"fl-col fl-node-672d78c97950a fl-col-small\" data-node=\"672d78c97950a\" style=\"width: 50%;\">\n<div class=\"fl-col-content fl-node-content\">\n<div class=\"fl-module fl-module-photo fl-node-672d78c979555\" data-animation-delay=\"0.0\" data-node=\"672d78c979555\">\n<div class=\"fl-module-content fl-node-content\">\n<div class=\"fl-photo fl-photo-align-center\" itemscope=\"\" itemtype=\"http:\/\/schema.org\/ImageObject\">\n<div class=\"fl-photo-content fl-photo-img-png\"> <img decoding=\"async\" alt=\"Zirconia Ceramic Nozzle\" class=\"fl-photo-img wp-image-11535\" itemprop=\"image\" src=\"\/wp-content\/uploads\/2025\/09\/a6035f2ffc79f9e0.webp\"> <\/img><\/div>\n<\/p><\/div>\n<\/p><\/div>\n<\/p><\/div>\n<\/p><\/div>\n<\/p><\/div>\n<\/p><\/div>\n<div class=\"fl-col-group fl-node-672d7939d367c\" data-node=\"672d7939d367c\">\n<div class=\"fl-col fl-node-672d7939d394f\" data-node=\"672d7939d394f\" style=\"width: 100%;\">\n<div class=\"fl-col-content fl-node-content\">\n<div class=\"fl-module fl-module-rich-text fl-node-672d78fd47171\" data-animation-delay=\"0.0\" data-node=\"672d78fd47171\">\n<div class=\"fl-module-content fl-node-content\">\n<div class=\"fl-rich-text\">\n<p><strong><span style=\"font-family: arial, helvetica, sans-serif; font-size: medium;\">Zastosowanie cyrkonu (ZRO2)<\/span><\/strong><\/p>\n<p><span style=\"font-family: arial, helvetica, sans-serif; font-size: medium;\">Narz\u0119dzia do formy i formy (r\u00f3\u017cne formy, precyzyjne urz\u0105dzenie do pozycjonowania, urz\u0105dzenie izolacyjne); Cz\u0119\u015bci m\u0142yna (klasyfikator, m\u0142yn przep\u0142ywowy, m\u0142yn); Narz\u0119dzie przemys\u0142owe (no\u017cyt przemys\u0142owy, maszyna do \u015blizgania si\u0119, p\u0142aska bolka prasowa); Komponenty z\u0142\u0105cza optyczne (pier\u015bcie\u0144 uszczelniaj\u0105cy, r\u0119kaw, urz\u0105dzenie V-Groove); Spr\u0119\u017cyna specjalna (spr\u0119\u017cyna cewki, spr\u0119\u017cyna p\u0142ytowa); Produkty konsumenckie (ma\u0142y izolowany \u015brubokr\u0119t, n\u00f3\u017c ceramiczny, gro\u017anik).<\/span><\/p>\n<\/p><\/div>\n<\/p><\/div>\n<\/p><\/div>\n<\/p><\/div>\n<\/p><\/div>\n<\/p><\/div>\n<div class=\"fl-col-group fl-node-672d78c9792b9\" data-node=\"672d78c9792b9\">\n<div class=\"fl-col fl-node-672d78c979303\" data-node=\"672d78c979303\" style=\"width: 100%;\">\n<div class=\"fl-col-content fl-node-content\">\n<div class=\"fl-module fl-module-rich-text fl-node-672d78c97926c\" data-animation-delay=\"0.0\" data-node=\"672d78c97926c\">\n<div class=\"fl-module-content fl-node-content\">\n<div class=\"fl-rich-text\">\n<p><strong><span style=\"font-family: arial, helvetica, sans-serif; font-size: medium;\">Semiconductor Industry Applications<\/span><\/strong><\/p>\n<p><span style=\"font-family: arial, helvetica, sans-serif; font-size: medium;\">In the semiconductor industry, the Zirconia Ceramic Nozzle plays a critical role in processes that demand high purity and precision. It is often used in equipment for wafer handling, where its wear resistance ensures that it performs reliably over long periods. Additionally, its high thermal stability makes it perfect for use in environments where thermal shock could be a concern. The nozzle&#8217;s compatibility with other high-performance ceramics, such as wafer carriers, mechanical seals, and wafer boats, ensures that it integrates seamlessly into semiconductor production systems, optimizing efficiency and reducing downtime.<\/span><\/p>\n<p><strong><span style=\"font-family: arial, helvetica, sans-serif; font-size: medium;\">Reliable, High-Purity Solutions for Critical Industries<\/span><\/strong><\/p>\n<p><span style=\"font-family: arial, helvetica, sans-serif; font-size: medium;\">Whether used as a bushing, axle sleeve, or part of more complex semiconductor systems, the Zirconia Ceramic Nozzle from Semicera offers a reliable solution for demanding industrial applications. Its combination of high purity, wear resistance, and high thermal stability ensures that it can handle the harshest conditions, providing consistent, long-term performance where it matters most.<\/span><\/p>\n<p><span style=\"font-family: arial, helvetica, sans-serif; font-size: medium;\">Choose the Zirconia Ceramic Nozzle by Semicera for unparalleled quality, durability, and precision.<\/span><\/p>\n<\/p><\/div>\n<\/p><\/div>\n<\/p><\/div>\n<\/p><\/div>\n<\/p><\/div>\n<\/p><\/div>\n<\/p><\/div>\n<\/p><\/div>\n<\/p><\/div>\n<div class=\"fl-row fl-row-full-width fl-row-bg-none fl-node-672d78d0ab9e5\" data-node=\"672d78d0ab9e5\">\n<div class=\"fl-row-content-wrap\">\n<div class=\"fl-row-content fl-row-full-width fl-node-content\">\n<div class=\"fl-col-group fl-node-672d78d0aba28\" data-node=\"672d78d0aba28\">\n<div class=\"fl-col fl-node-672d78d0aba69\" data-node=\"672d78d0aba69\" style=\"width: 100%;\">\n<div class=\"fl-col-content fl-node-content\">\n<div class=\"fl-module fl-module-photo fl-node-672d78d0abaa8\" data-animation-delay=\"0.0\" data-node=\"672d78d0abaa8\">\n<div class=\"fl-module-content fl-node-content\">\n<div class=\"fl-photo fl-photo-align-center\" itemscope=\"\" itemtype=\"http:\/\/schema.org\/ImageObject\">\n<div class=\"fl-photo-content fl-photo-img-jpg\"> <img decoding=\"async\" alt=\"Miejsce pracy p\u00f3\u0142cesy\" class=\"fl-photo-img wp-image-9038\" itemprop=\"image\" src=\"\/wp-content\/uploads\/2025\/09\/b1dd0bcab1675ff4.webp\"> <\/img><\/div>\n<\/p><\/div>\n<\/p><\/div>\n<\/p><\/div>\n<div class=\"fl-module fl-module-photo fl-node-672d78d0abbe6\" data-animation-delay=\"0.0\" data-node=\"672d78d0abbe6\">\n<div class=\"fl-module-content fl-node-content\">\n<div class=\"fl-photo fl-photo-align-center\" itemscope=\"\" itemtype=\"http:\/\/schema.org\/ImageObject\">\n<div class=\"fl-photo-content fl-photo-img-jpg\"> <img decoding=\"async\" alt=\"P\u00f3\u0142cera robocza miejsce 2\" class=\"fl-photo-img wp-image-9037\" itemprop=\"image\" src=\"\/wp-content\/uploads\/2025\/09\/2b946d2b4b61306d.webp\"> <\/img><\/div>\n<\/p><\/div>\n<\/p><\/div>\n<\/p><\/div>\n<div class=\"fl-module fl-module-photo fl-node-672d78d0abba7\" data-animation-delay=\"0.0\" data-node=\"672d78d0abba7\">\n<div class=\"fl-module-content fl-node-content\">\n<div class=\"fl-photo fl-photo-align-center\" itemscope=\"\" itemtype=\"http:\/\/schema.org\/ImageObject\">\n<div class=\"fl-photo-content fl-photo-img-jpg\"> <img decoding=\"async\" alt=\"Maszyna sprz\u0119tu\" class=\"fl-photo-img wp-image-9034 size-full\" itemprop=\"image\" src=\"\/wp-content\/uploads\/2025\/09\/081b6529d68ead23.webp\"> <\/img><\/div>\n<\/p><\/div>\n<\/p><\/div>\n<\/p><\/div>\n<div class=\"fl-module fl-module-photo fl-node-672d78d0abb66\" data-animation-delay=\"0.0\" data-node=\"672d78d0abb66\">\n<div class=\"fl-module-content fl-node-content\">\n<div class=\"fl-photo fl-photo-align-center\" itemscope=\"\" itemtype=\"http:\/\/schema.org\/ImageObject\">\n<div class=\"fl-photo-content fl-photo-img-jpg\"> <img decoding=\"async\" alt=\"Przetwarzanie CNN, czyszczenie chemiczne, pow\u0142oka CVD\" class=\"fl-photo-img wp-image-9033\" itemprop=\"image\" src=\"\/wp-content\/uploads\/2025\/09\/a4132b2b399abbac.webp\"> <\/img><\/div>\n<\/p><\/div>\n<\/p><\/div>\n<\/p><\/div>\n<div class=\"fl-module fl-module-photo fl-node-672d78d0abb26\" data-animation-delay=\"0.0\" data-node=\"672d78d0abb26\">\n<div class=\"fl-module-content fl-node-content\">\n<div class=\"fl-photo fl-photo-align-center\" itemscope=\"\" itemtype=\"http:\/\/schema.org\/ImageObject\">\n<div class=\"fl-photo-content fl-photo-img-jpg\"> <img decoding=\"async\" alt=\"Semicera Ware House\" class=\"fl-photo-img wp-image-9036\" itemprop=\"image\" src=\"\/wp-content\/uploads\/2025\/09\/2190bb9ce5c1d546.webp\"> <\/img><\/div>\n<\/p><\/div>\n<\/p><\/div>\n<\/p><\/div>\n<div class=\"fl-module fl-module-photo fl-node-672d78d0abae7\" data-animation-delay=\"0.0\" data-node=\"672d78d0abae7\">\n<div class=\"fl-module-content fl-node-content\">\n<div class=\"fl-photo fl-photo-align-center\" itemscope=\"\" itemtype=\"http:\/\/schema.org\/ImageObject\">\n<div class=\"fl-photo-content fl-photo-img-jpg\"> <img decoding=\"async\" alt=\"Nasza us\u0142uga\" class=\"fl-photo-img wp-image-9035\" itemprop=\"image\" src=\"\/wp-content\/uploads\/2025\/09\/b07f222c0ec0ab8d.webp\"> <\/img><\/div>\n<\/p><\/div>\n<\/p><\/div>\n<\/p><\/div>\n<\/p><\/div>\n<\/p><\/div>\n<\/p><\/div>\n<\/p><\/div>\n<\/p><\/div>\n<\/p><\/div>\n<\/div>","protected":false},"excerpt":{"rendered":"<p>Semicera\u2019s zirconia ceramic nozzles are designed to meet the most demanding industrial requirements. Made of high-purity zirconium oxide (ZrO2), the nozzles offer excellent wear resistance, high thermal stability, and exceptional strength under extreme conditions. Ideal for high-precision applications, Semicera\u2019s zirconia ceramic nozzles are engineered to withstand harsh environments and are ideal for use in the semiconductor industry, metalworking, and other advanced manufacturing processes. We look forward to being your long-term partner in China.<\/p>","protected":false},"featured_media":1196,"comment_status":"closed","ping_status":"open","template":"","meta":[],"product_brand":[],"product_cat":[31,33],"product_tag":[],"class_list":{"0":"post-1317","1":"product","2":"type-product","3":"status-publish","4":"has-post-thumbnail","6":"product_cat-more-ceramic-products","7":"product_cat-zirconium-oxide-ceramics","9":"first","10":"instock","11":"product-type-simple"},"_links":{"self":[{"href":"https:\/\/www.cn-semiconductorparts.com\/pl\/wp-json\/wp\/v2\/product\/1317","targetHints":{"allow":["GET"]}}],"collection":[{"href":"https:\/\/www.cn-semiconductorparts.com\/pl\/wp-json\/wp\/v2\/product"}],"about":[{"href":"https:\/\/www.cn-semiconductorparts.com\/pl\/wp-json\/wp\/v2\/types\/product"}],"replies":[{"embeddable":true,"href":"https:\/\/www.cn-semiconductorparts.com\/pl\/wp-json\/wp\/v2\/comments?post=1317"}],"wp:featuredmedia":[{"embeddable":true,"href":"https:\/\/www.cn-semiconductorparts.com\/pl\/wp-json\/wp\/v2\/media\/1196"}],"wp:attachment":[{"href":"https:\/\/www.cn-semiconductorparts.com\/pl\/wp-json\/wp\/v2\/media?parent=1317"}],"wp:term":[{"taxonomy":"product_brand","embeddable":true,"href":"https:\/\/www.cn-semiconductorparts.com\/pl\/wp-json\/wp\/v2\/product_brand?post=1317"},{"taxonomy":"product_cat","embeddable":true,"href":"https:\/\/www.cn-semiconductorparts.com\/pl\/wp-json\/wp\/v2\/product_cat?post=1317"},{"taxonomy":"product_tag","embeddable":true,"href":"https:\/\/www.cn-semiconductorparts.com\/pl\/wp-json\/wp\/v2\/product_tag?post=1317"}],"curies":[{"name":"WP","href":"https:\/\/api.w.org\/{rel}","templated":true}]}}