{"id":1325,"date":"2025-09-11T05:28:25","date_gmt":"2025-09-11T05:28:25","guid":{"rendered":"https:\/\/weitai2.globaldeepsea.site\/product\/silicon-carbide-ceramic-seal-ring\/"},"modified":"2026-04-29T15:34:17","modified_gmt":"2026-04-29T07:34:17","slug":"silicon-carbide-ceramic-seal-ring","status":"publish","type":"product","link":"https:\/\/www.cn-semiconductorparts.com\/pl\/product\/silicon-carbide-ceramic-seal-ring\/","title":{"rendered":"Pier\u015bcie\u0144 ceramiczny z w\u0119glikiem krzemowym"},"content":{"rendered":"<p><?xml encoding=\"utf-8\" ?><\/p>\n<div class=\"fl-builder-content fl-builder-content-11440 fl-builder-content-primary fl-builder-global-templates-locked\" data-post-id=\"11440\">\n<div class=\"fl-row fl-row-full-width fl-row-bg-none fl-node-67209924b4913\" data-node=\"67209924b4913\">\n<div class=\"fl-row-content-wrap\">\n<div class=\"fl-row-content fl-row-full-width fl-node-content\">\n<div class=\"fl-col-group fl-node-67209924b4957\" data-node=\"67209924b4957\">\n<div class=\"fl-col fl-node-67209924b4998\" data-node=\"67209924b4998\" style=\"width: 100%;\">\n<div class=\"fl-col-content fl-node-content\">\n<div class=\"fl-module fl-module-rich-text fl-node-67209924b49da\" data-animation-delay=\"0.0\" data-node=\"67209924b49da\">\n<div class=\"fl-module-content fl-node-content\">\n<div class=\"fl-rich-text\">\n<p><span style=\"font-family: arial, helvetica, sans-serif; font-size: medium;\">. <span style=\"color: #ff0000;\">Pier\u015bcie\u0144 ceramiczny z w\u0119glikiem krzemowym<\/span> from Semicera is designed for high-performance applications, providing exceptional durability and reliability in challenging environments. This advanced <span style=\"color: #ff0000;\">seal ring<\/span> utilizes sintered and reaction bonded silicon carbide, known for its outstanding wear resistance and mechanical strength, making it ideal for demanding conditions.<\/span><\/p>\n<p><span style=\"font-family: arial, helvetica, sans-serif; font-size: medium;\">At Semicera, our <span style=\"color: #ff0000;\">Silicon Carbide Ceramic Seal Rings<\/span> are engineered to meet the rigorous standards of various industries, including oil and gas, chemical processing, and water treatment. The unique properties of silicon carbide ensure minimal friction and wear, prolonging the lifespan of mechanical seals while reducing maintenance costs.<\/span><\/p>\n<\/p><\/div>\n<\/p><\/div>\n<\/p><\/div>\n<\/p><\/div>\n<\/p><\/div>\n<\/p><\/div>\n<div class=\"fl-col-group fl-node-67209924b4be9\" data-node=\"67209924b4be9\">\n<div class=\"fl-col fl-node-6720997c1655f fl-col-small\" data-node=\"6720997c1655f\" style=\"width: 50%;\">\n<div class=\"fl-col-content fl-node-content\">\n<div class=\"fl-module fl-module-photo fl-node-67209924b4c6a\" data-animation-delay=\"0.0\" data-node=\"67209924b4c6a\">\n<div class=\"fl-module-content fl-node-content\">\n<div class=\"fl-photo fl-photo-align-center\" itemscope=\"\" itemtype=\"http:\/\/schema.org\/ImageObject\">\n<div class=\"fl-photo-content fl-photo-img-png\"> <img decoding=\"async\" alt=\"SiC Ceramic Seal Ring-2\" class=\"fl-photo-img wp-image-11441 size-thumbnail\" itemprop=\"image\" src=\"\/wp-content\/uploads\/2025\/09\/8cff5f4d0668f1f4.webp\"> <\/div>\n<\/p><\/div>\n<\/p><\/div>\n<\/p><\/div>\n<\/p><\/div>\n<\/p><\/div>\n<div class=\"fl-col fl-node-67209924b4c2a fl-col-small\" data-node=\"67209924b4c2a\" style=\"width: 50%;\">\n<div class=\"fl-col-content fl-node-content\">\n<div class=\"fl-module fl-module-rich-text fl-node-67209982a6e64\" data-animation-delay=\"0.0\" data-node=\"67209982a6e64\">\n<div class=\"fl-module-content fl-node-content\">\n<div class=\"fl-rich-text\">\n<p><span style=\"font-family: arial, helvetica, sans-serif; font-size: medium;\">Our seal rings are expertly crafted through precision machining, ensuring a perfect fit for <span style=\"color: #ff0000;\">silicon carbide shaft seals<\/span> and other mechanical seal applications. Whether you require a standard design or a custom solution, Semicera is committed to delivering high-quality products tailored to your specific needs.<\/span><\/p>\n<p><span style=\"font-family: arial, helvetica, sans-serif; font-size: medium;\">Choose the <span style=\"color: #ff0000;\">Pier\u015bcie\u0144 ceramiczny z w\u0119glikiem krzemowym<\/span> for its superior performance and reliability in harsh conditions. Trust Semicera to provide innovative sealing solutions that enhance efficiency and operational longevity.<\/span><\/p>\n<\/p><\/div>\n<\/p><\/div>\n<\/p><\/div>\n<\/p><\/div>\n<\/p><\/div>\n<\/p><\/div>\n<div class=\"fl-col-group fl-node-67209924b4a1a\" data-node=\"67209924b4a1a\">\n<div class=\"fl-col fl-node-67209924b4a5c\" data-node=\"67209924b4a5c\" style=\"width: 100%;\">\n<div class=\"fl-col-content fl-node-content\">\n<div class=\"fl-module fl-module-rich-text fl-node-67209924b4a9c\" data-animation-delay=\"0.0\" data-node=\"67209924b4a9c\">\n<div class=\"fl-module-content fl-node-content\">\n<div class=\"fl-rich-text\">\n<p><span style=\"font-family: arial, helvetica, sans-serif; font-size: medium;\">Zastosowania:<\/span><\/p>\n<p><span style=\"font-family: arial, helvetica, sans-serif; font-size: medium;\">-Pole odporne na zu\u017cycie: tuleja, talerz, dysz\u0119 piaskow\u0105, podszewka cyklonowa, lufa szlifierska itp.\u2026<\/span><\/p>\n<p><span style=\"font-family: arial, helvetica, sans-serif; font-size: medium;\">-Pole w wysokiej temperaturze: p\u0142yta SIC, rurka do pieca hartuj\u0105ca, rurka promieniowa, tygiel, element grzewczy, wa\u0142ek, wi\u0105zka, wymiennik ciep\u0142a, rura zimnego powietrza, dysza palnika, rura ochronna termopary, \u0142\u00f3d\u017a SIC, struktura samochodu pieca, setter itp.<\/span><\/p>\n<p><span style=\"font-family: arial, helvetica, sans-serif; font-size: medium;\">-Wojskowe pole kuloodporne<\/span><\/p>\n<p><span style=\"font-family: arial, helvetica, sans-serif; font-size: medium;\">-Krzemowy p\u00f3\u0142przewodnik: \u0142\u00f3d\u017a waflowa SIC, SIC Chuck, SIC Paddle, SIC Cassette, rurka dyfuzyjna SIC, widelca op\u0142at, p\u0142yta ss\u0105ca, droga prowadz\u0105ca itp.<\/span><\/p>\n<p><span style=\"font-family: arial, helvetica, sans-serif; font-size: medium;\">-Krzemowa piecz\u0119\u0107 z w\u0119glik\u00f3w krzemowych: wszelkiego rodzaju pier\u015bcie\u0144 uszczelniaj\u0105cy, \u0142o\u017cysko, tuleja itp.<\/span><\/p>\n<p><span style=\"font-family: arial, helvetica, sans-serif; font-size: medium;\">-Pole fotowoltaiczne: \u0142opatka wspornikowa, ga\u0142ka szlifierska, wa\u0142ek w\u0119gla krzemu itp.<\/span><\/p>\n<p><span style=\"font-family: arial, helvetica, sans-serif; font-size: medium;\">-Pole baterii litowej<\/span><\/p>\n<\/p><\/div>\n<\/p><\/div>\n<\/p><\/div>\n<\/p><\/div>\n<\/p><\/div>\n<\/p><\/div>\n<div class=\"fl-col-group fl-node-67209924b4cab\" data-node=\"67209924b4cab\">\n<div class=\"fl-col fl-node-67209924b4cec\" data-node=\"67209924b4cec\" style=\"width: 100%;\">\n<div class=\"fl-col-content fl-node-content\">\n<div class=\"fl-module fl-module-gallery fl-node-67209924b4d2c\" data-animation-delay=\"0.0\" data-node=\"67209924b4d2c\">\n<div class=\"fl-module-content fl-node-content\">\n<div class=\"fl-mosaicflow\">\n<div class=\"fl-mosaicflow-content\">\n<div class=\"fl-mosaicflow-item\">\n<div class=\"fl-photo fl-photo-align-center\" itemscope=\"\" itemtype=\"http:\/\/schema.org\/ImageObject\">\n<div class=\"fl-photo-content fl-photo-img-png\"> <a href=\"\/pl\/uploads\/CVD-SiC-Ring-2.webp\/\" itemprop=\"url\" target=\"_self\"> <img decoding=\"async\" alt=\"CVD SiC Ring-2\" class=\"fl-photo-img wp-image-11443\" itemprop=\"image\" src=\"\/wp-content\/uploads\/2025\/09\/fa4366732ef9e105.webp\"> <\/a> <\/div>\n<\/p><\/div>\n<\/p><\/div>\n<div class=\"fl-mosaicflow-item\">\n<div class=\"fl-photo fl-photo-align-center\" itemscope=\"\" itemtype=\"http:\/\/schema.org\/ImageObject\">\n<div class=\"fl-photo-content fl-photo-img-png\"> <a href=\"\/pl\/uploads\/CVD-SiC-Etching-Ring-Silicon-carbide-2.webp\/\" itemprop=\"url\" target=\"_self\"> <img decoding=\"async\" alt=\"CVD SiC Etching Ring Silicon carbide-2\" class=\"fl-photo-img wp-image-11444\" itemprop=\"image\" src=\"\/wp-content\/uploads\/2025\/09\/7fb328fdd3ddf424.webp\"> <\/a> <\/div>\n<\/p><\/div>\n<\/p><\/div>\n<div class=\"fl-mosaicflow-item\">\n<div class=\"fl-photo fl-photo-align-center\" itemscope=\"\" itemtype=\"http:\/\/schema.org\/ImageObject\">\n<div class=\"fl-photo-content fl-photo-img-jpg\"> <a href=\"\/pl\/uploads\/Silicon-carbide-sealing-part-41.webp\/\" itemprop=\"url\" target=\"_self\"> <img decoding=\"async\" alt=\"Silicon carbide sealing part (4)\" class=\"fl-photo-img wp-image-11445\" itemprop=\"image\" src=\"\/wp-content\/uploads\/2025\/09\/68ac80caf0ff75f7.webp\"> <\/a> <\/div>\n<\/p><\/div>\n<\/p><\/div>\n<\/p><\/div>\n<div class=\"fl-clear\"><\/div>\n<\/p><\/div>\n<\/p><\/div>\n<\/p><\/div>\n<\/p><\/div>\n<\/p><\/div>\n<\/p><\/div>\n<div class=\"fl-col-group fl-node-67209924b4add\" data-node=\"67209924b4add\">\n<div class=\"fl-col fl-node-67209924b4b1e\" data-node=\"67209924b4b1e\" style=\"width: 100%;\">\n<div class=\"fl-col-content fl-node-content\">\n<div class=\"fl-module fl-module-heading fl-node-67209924b4b9f\" data-animation-delay=\"0.0\" data-node=\"67209924b4b9f\">\n<div class=\"fl-module-content fl-node-content\">\n<h3 class=\"fl-heading\"> <span class=\"fl-heading-text\">Parametry techniczne<\/span> <\/h3>\n<\/p><\/div>\n<\/p><\/div>\n<div class=\"fl-module fl-module-photo fl-node-67209924b4b5e\" data-animation-delay=\"0.0\" data-node=\"67209924b4b5e\">\n<div class=\"fl-module-content fl-node-content\">\n<div class=\"fl-photo fl-photo-align-center\" itemscope=\"\" itemtype=\"http:\/\/schema.org\/ImageObject\">\n<div class=\"fl-photo-content fl-photo-img-png\"> <img decoding=\"async\" alt=\"&#22270;&#29255;1\" class=\"fl-photo-img wp-image-2429\" itemprop=\"image\" src=\"\/wp-content\/uploads\/2025\/09\/d989e2953820a92d.webp\"> <\/div>\n<\/p><\/div>\n<\/p><\/div>\n<\/p><\/div>\n<\/p><\/div>\n<\/p><\/div>\n<\/p><\/div>\n<\/p><\/div>\n<\/p><\/div>\n<\/p><\/div>\n<div class=\"fl-row fl-row-full-width fl-row-bg-none fl-node-672099317da03\" data-node=\"672099317da03\">\n<div class=\"fl-row-content-wrap\">\n<div class=\"fl-row-content fl-row-full-width fl-node-content\">\n<div class=\"fl-col-group fl-node-672099317da45\" data-node=\"672099317da45\">\n<div class=\"fl-col fl-node-672099317da84\" data-node=\"672099317da84\" style=\"width: 100%;\">\n<div class=\"fl-col-content fl-node-content\">\n<div class=\"fl-module fl-module-photo fl-node-672099317dac3\" data-animation-delay=\"0.0\" data-node=\"672099317dac3\">\n<div class=\"fl-module-content fl-node-content\">\n<div class=\"fl-photo fl-photo-align-center\" itemscope=\"\" itemtype=\"http:\/\/schema.org\/ImageObject\">\n<div class=\"fl-photo-content fl-photo-img-jpg\"> <img decoding=\"async\" alt=\"Miejsce pracy p\u00f3\u0142cesy\" class=\"fl-photo-img wp-image-9038\" itemprop=\"image\" src=\"\/wp-content\/uploads\/2025\/09\/b1dd0bcab1675ff4.webp\"> <\/div>\n<\/p><\/div>\n<\/p><\/div>\n<\/p><\/div>\n<div class=\"fl-module fl-module-photo fl-node-672099317dbf9\" data-animation-delay=\"0.0\" data-node=\"672099317dbf9\">\n<div class=\"fl-module-content fl-node-content\">\n<div class=\"fl-photo fl-photo-align-center\" itemscope=\"\" itemtype=\"http:\/\/schema.org\/ImageObject\">\n<div class=\"fl-photo-content fl-photo-img-jpg\"> <img decoding=\"async\" alt=\"P\u00f3\u0142cera robocza miejsce 2\" class=\"fl-photo-img wp-image-9037\" itemprop=\"image\" src=\"\/wp-content\/uploads\/2025\/09\/2b946d2b4b61306d.webp\"> <\/div>\n<\/p><\/div>\n<\/p><\/div>\n<\/p><\/div>\n<div class=\"fl-module fl-module-photo fl-node-672099317dbba\" data-animation-delay=\"0.0\" data-node=\"672099317dbba\">\n<div class=\"fl-module-content fl-node-content\">\n<div class=\"fl-photo fl-photo-align-center\" itemscope=\"\" itemtype=\"http:\/\/schema.org\/ImageObject\">\n<div class=\"fl-photo-content fl-photo-img-jpg\"> <img decoding=\"async\" alt=\"Maszyna sprz\u0119tu\" class=\"fl-photo-img wp-image-9034 size-full\" itemprop=\"image\" src=\"\/wp-content\/uploads\/2025\/09\/081b6529d68ead23.webp\"> <\/div>\n<\/p><\/div>\n<\/p><\/div>\n<\/p><\/div>\n<div class=\"fl-module fl-module-photo fl-node-672099317db7a\" data-animation-delay=\"0.0\" data-node=\"672099317db7a\">\n<div class=\"fl-module-content fl-node-content\">\n<div class=\"fl-photo fl-photo-align-center\" itemscope=\"\" itemtype=\"http:\/\/schema.org\/ImageObject\">\n<div class=\"fl-photo-content fl-photo-img-jpg\"> <img decoding=\"async\" alt=\"Przetwarzanie CNN, czyszczenie chemiczne, pow\u0142oka CVD\" class=\"fl-photo-img wp-image-9033\" itemprop=\"image\" src=\"\/wp-content\/uploads\/2025\/09\/a4132b2b399abbac.webp\"> <\/div>\n<\/p><\/div>\n<\/p><\/div>\n<\/p><\/div>\n<div class=\"fl-module fl-module-photo fl-node-672099317db40\" data-animation-delay=\"0.0\" data-node=\"672099317db40\">\n<div class=\"fl-module-content fl-node-content\">\n<div class=\"fl-photo fl-photo-align-center\" itemscope=\"\" itemtype=\"http:\/\/schema.org\/ImageObject\">\n<div class=\"fl-photo-content fl-photo-img-jpg\"> <img decoding=\"async\" alt=\"Semicera Ware House\" class=\"fl-photo-img wp-image-9036\" itemprop=\"image\" src=\"\/wp-content\/uploads\/2025\/09\/2190bb9ce5c1d546.webp\"> <\/div>\n<\/p><\/div>\n<\/p><\/div>\n<\/p><\/div>\n<div class=\"fl-module fl-module-photo fl-node-672099317db01\" data-animation-delay=\"0.0\" data-node=\"672099317db01\">\n<div class=\"fl-module-content fl-node-content\">\n<div class=\"fl-photo fl-photo-align-center\" itemscope=\"\" itemtype=\"http:\/\/schema.org\/ImageObject\">\n<div class=\"fl-photo-content fl-photo-img-jpg\"> <img decoding=\"async\" alt=\"Nasza us\u0142uga\" class=\"fl-photo-img wp-image-9035\" itemprop=\"image\" src=\"\/wp-content\/uploads\/2025\/09\/b07f222c0ec0ab8d.webp\"> <\/div>\n<\/p><\/div>\n<\/p><\/div>\n<\/p><\/div>\n<\/p><\/div>\n<\/p><\/div>\n<\/p><\/div>\n<\/p><\/div>\n<\/p><\/div>\n<\/p><\/div>\n<\/div>","protected":false},"excerpt":{"rendered":"<p><?xml encoding=\"utf-8\" ?><\/p>\n<p>Made with outstanding durability and performance in mind, they reflect the Semicera brand&rsquo;s superior quality. Semicera&rsquo;s silicon carbide ceramic seal rings are designed to withstand the most demanding industrial environments, ensuring reliability and longevity. We look forward to being your long-term partner in China.<\/p>","protected":false},"featured_media":760,"comment_status":"closed","ping_status":"open","template":"","meta":[],"product_brand":[],"product_cat":[37],"product_tag":[],"class_list":{"0":"post-1325","1":"product","2":"type-product","3":"status-publish","4":"has-post-thumbnail","6":"product_cat-cvd-tac-coating","8":"first","9":"instock","10":"product-type-simple"},"_links":{"self":[{"href":"https:\/\/www.cn-semiconductorparts.com\/pl\/wp-json\/wp\/v2\/product\/1325","targetHints":{"allow":["GET"]}}],"collection":[{"href":"https:\/\/www.cn-semiconductorparts.com\/pl\/wp-json\/wp\/v2\/product"}],"about":[{"href":"https:\/\/www.cn-semiconductorparts.com\/pl\/wp-json\/wp\/v2\/types\/product"}],"replies":[{"embeddable":true,"href":"https:\/\/www.cn-semiconductorparts.com\/pl\/wp-json\/wp\/v2\/comments?post=1325"}],"wp:featuredmedia":[{"embeddable":true,"href":"https:\/\/www.cn-semiconductorparts.com\/pl\/wp-json\/wp\/v2\/media\/760"}],"wp:attachment":[{"href":"https:\/\/www.cn-semiconductorparts.com\/pl\/wp-json\/wp\/v2\/media?parent=1325"}],"wp:term":[{"taxonomy":"product_brand","embeddable":true,"href":"https:\/\/www.cn-semiconductorparts.com\/pl\/wp-json\/wp\/v2\/product_brand?post=1325"},{"taxonomy":"product_cat","embeddable":true,"href":"https:\/\/www.cn-semiconductorparts.com\/pl\/wp-json\/wp\/v2\/product_cat?post=1325"},{"taxonomy":"product_tag","embeddable":true,"href":"https:\/\/www.cn-semiconductorparts.com\/pl\/wp-json\/wp\/v2\/product_tag?post=1325"}],"curies":[{"name":"WP","href":"https:\/\/api.w.org\/{rel}","templated":true}]}}