{"id":1329,"date":"2025-09-11T05:28:25","date_gmt":"2025-09-11T05:28:25","guid":{"rendered":"https:\/\/weitai2.globaldeepsea.site\/product\/reinforced-c-c-composite\/"},"modified":"2025-09-11T05:28:30","modified_gmt":"2025-09-11T05:28:30","slug":"reinforced-c-c-composite","status":"publish","type":"product","link":"https:\/\/www.cn-semiconductorparts.com\/pl\/product\/reinforced-c-c-composite\/","title":{"rendered":"Wzmocniony kompozyt C\/C."},"content":{"rendered":"<div class=\"fl-builder-content fl-builder-content-11434 fl-builder-content-primary fl-builder-global-templates-locked\" data-post-id=\"11434\">\n<div class=\"fl-row fl-row-full-width fl-row-bg-none fl-node-67209520940f2\" data-node=\"67209520940f2\">\n<div class=\"fl-row-content-wrap\">\n<div class=\"fl-row-content fl-row-full-width fl-node-content\">\n<div class=\"fl-col-group fl-node-6720952094469\" data-node=\"6720952094469\">\n<div class=\"fl-col fl-node-67209520944ac\" data-node=\"67209520944ac\" style=\"width: 100%;\">\n<div class=\"fl-col-content fl-node-content\">\n<div class=\"fl-module fl-module-rich-text fl-node-672095209428e\" data-animation-delay=\"0.0\" data-node=\"672095209428e\">\n<div class=\"fl-module-content fl-node-content\">\n<div class=\"fl-rich-text\">\n<p><b>Kompozyty w\u0119glowe w\u0119glowe:<\/b><\/p>\n<p data-section=\"0\">Kompozyty w\u0119glowe\/w\u0119glowe to kompozyty macierzy w\u0119glowej wzmocnione w\u0142\u00f3knami w\u0119glowymi i ich tkaninami. Przy niskiej g\u0119sto\u015bci (&lt;2,0 g\/cm3), wysoka wytrzyma\u0142o\u015b\u0107, wysoka specyficzna modu\u0142, wysoka przewodno\u015b\u0107 cieplna, niski wsp\u00f3\u0142czynnik ekspansji, dobrej wydajno\u015bci tarcia, dobrym odporno\u015bci\u0105 na wstrz\u0105sy cieplne, stabilno\u015b\u0107 o wysokiej wymiaru, jest obecnie w stosowaniu wi\u0119kszej ni\u017c 1650 \u2103, najwy\u017csza temperatura teoretyczna do 2600 \u2103, wi\u0119c uwa\u017ca si\u0119, \u017ce jest to jedna z najbardziej obiecuj\u0105cych materia\u0142\u00f3w o wysokiej temperaturze.<\/p>\n<\/p><\/div>\n<\/p><\/div>\n<\/p><\/div>\n<\/p><\/div>\n<\/p><\/div>\n<\/p><\/div>\n<div class=\"fl-col-group fl-node-672095e7bc277\" data-node=\"672095e7bc277\">\n<div class=\"fl-col fl-node-672095e7bc448\" data-node=\"672095e7bc448\" style=\"width: 100%;\">\n<div class=\"fl-col-content fl-node-content\">\n<div class=\"fl-module fl-module-rich-text fl-node-672095e7bc114\" data-animation-delay=\"0.0\" data-node=\"672095e7bc114\">\n<div class=\"fl-module-content fl-node-content\">\n<div class=\"fl-rich-text\">\n<p><span style=\"font-family: arial, helvetica, sans-serif; font-size: medium;\">Wzmocniony kompozyt C\/C z p\u00f3\u0142cesy reprezentuje czo\u0142ow\u0105 technologi\u0119 materia\u0142u, \u0142\u0105cz\u0105c lekkie cechy z wyj\u0105tkow\u0105 wytrzyma\u0142o\u015bci\u0105 i stabilno\u015bci\u0105 termiczn\u0105. Ten innowacyjny kompozyt jest zaprojektowany do produkcji o wysokiej wydajno\u015bci w bran\u017cach, takich jak produkcja lotnicza, motoryzacyjna i p\u00f3\u0142przewodnikowa.<\/span><\/p>\n<p><span style=\"font-family: arial, helvetica, sans-serif; font-size: medium;\">W Semicera wykorzystujemy zaawansowane wzmocnienie w\u0142\u00f3kien w\u0119glowych, aby zwi\u0119kszy\u0107 integralno\u015b\u0107 strukturaln\u0105 naszych kompozyt\u00f3w C\/C, zapewniaj\u0105c, \u017ce mog\u0105 one wytrzyma\u0107 ekstremalne temperatury i napr\u0119\u017cenie mechaniczne. Rezultatem jest materia\u0142, kt\u00f3ry wyr\u00f3\u017cnia si\u0119 w aplikacjach wymagaj\u0105cych trwa\u0142o\u015bci i niezawodno\u015bci.<\/span><\/p>\n<p><span style=\"font-family: arial, helvetica, sans-serif; font-size: medium;\">Dzi\u0119ki jego znakomitym w\u0142a\u015bciwo\u015bciom wzmocniony kompozyt C\/C jest idealnym wyborem dla krytycznych komponent\u00f3w, oferuj\u0105c doskona\u0142\u0105 wydajno\u015b\u0107 bez uszczerbku dla wagi. Zaufaj p\u00f3\u0142cesta, aby zapewni\u0107 najnowocze\u015bniejsze rozwi\u0105zania spe\u0142niaj\u0105ce wymagaj\u0105ce wymagania przemys\u0142owe.<\/span><\/p>\n<\/p><\/div>\n<\/p><\/div>\n<\/p><\/div>\n<\/p><\/div>\n<\/p><\/div>\n<\/p><\/div>\n<div class=\"fl-col-group fl-node-672095209413b\" data-node=\"672095209413b\">\n<div class=\"fl-col fl-node-6720952094180\" data-node=\"6720952094180\" style=\"width: 100%;\">\n<div class=\"fl-col-content fl-node-content\">\n<div class=\"fl-module fl-module-rich-text fl-node-67209520941c4\" data-animation-delay=\"0.0\" data-node=\"67209520941c4\">\n<div class=\"fl-module-content fl-node-content\">\n<div class=\"fl-rich-text\">\n<table border=\"0\" cellspacing=\"0\">\n<tbody>\n<tr>\n<td colspan=\"3\" valign=\"center\" width=\"615\">\n<p align=\"center\"><b>Dane techniczne kompozyt\u00f3w w\u0119glowych\/w\u0119glowych<\/b><\/p>\n<\/td>\n<td valign=\"center\" width=\"10\">\n<p>\u00a0<\/p>\n<\/td>\n<\/tr>\n<tr>\n<td valign=\"center\" width=\"205\">\n<p>Indeks<\/p>\n<\/td>\n<td valign=\"center\" width=\"126\">\n<p align=\"center\">Jednostka<\/p>\n<\/td>\n<td valign=\"center\" width=\"283\">\n<p align=\"center\">Warto\u015b\u0107<\/p>\n<\/td>\n<td valign=\"center\" width=\"10\">\n<p>\u00a0<\/p>\n<\/td>\n<\/tr>\n<tr>\n<td valign=\"center\" width=\"205\">\n<p>G\u0119sto\u015b\u0107 luzem<\/p>\n<\/td>\n<td valign=\"center\" width=\"126\">\n<p align=\"center\">g\/cm3<\/p>\n<\/td>\n<td valign=\"center\" width=\"283\">\n<p align=\"center\">1.40~1.50<\/p>\n<\/td>\n<td valign=\"center\" width=\"10\">\n<p>\u00a0<\/p>\n<\/td>\n<\/tr>\n<tr>\n<td valign=\"center\" width=\"205\">\n<p>Zawarto\u015b\u0107 w\u0119gla<\/p>\n<\/td>\n<td valign=\"center\" width=\"126\">\n<p align=\"center\">%<\/p>\n<\/td>\n<td valign=\"center\" width=\"283\">\n<p align=\"center\">\u226598.5~99.9<\/p>\n<\/td>\n<td valign=\"center\" width=\"10\">\n<p>\u00a0<\/p>\n<\/td>\n<\/tr>\n<tr>\n<td valign=\"center\" width=\"205\">\n<p>Popi\u00f3\u0142<\/p>\n<\/td>\n<td valign=\"center\" width=\"126\">\n<p align=\"center\">Ppm<\/p>\n<\/td>\n<td valign=\"center\" width=\"283\">\n<p align=\"center\">\u226465<\/p>\n<\/td>\n<td valign=\"center\" width=\"10\">\n<p>\u00a0<\/p>\n<\/td>\n<\/tr>\n<tr>\n<td valign=\"center\" width=\"205\">\n<p>Przewodno\u015b\u0107 cieplna (1150 \u2103)<\/p>\n<\/td>\n<td valign=\"center\" width=\"126\">\n<p align=\"center\">W\/mk<\/p>\n<\/td>\n<td valign=\"center\" width=\"283\">\n<p align=\"center\">10~30<\/p>\n<\/td>\n<td valign=\"center\" width=\"10\">\n<p>\u00a0<\/p>\n<\/td>\n<\/tr>\n<tr>\n<td valign=\"center\" width=\"205\">\n<p>Wytrzyma\u0142o\u015b\u0107 na rozci\u0105ganie<\/p>\n<\/td>\n<td valign=\"center\" width=\"126\">\n<p align=\"center\">MPA<\/p>\n<\/td>\n<td valign=\"center\" width=\"283\">\n<p align=\"center\">90~130<\/p>\n<\/td>\n<td valign=\"center\" width=\"10\">\n<p>\u00a0<\/p>\n<\/td>\n<\/tr>\n<tr>\n<td valign=\"center\" width=\"205\">\n<p>Si\u0142a zginania<\/p>\n<\/td>\n<td valign=\"center\" width=\"126\">\n<p align=\"center\">MPA<\/p>\n<\/td>\n<td valign=\"center\" width=\"283\">\n<p align=\"center\">100~150<\/p>\n<\/td>\n<td valign=\"center\" width=\"10\">\n<p>\u00a0<\/p>\n<\/td>\n<\/tr>\n<tr>\n<td valign=\"center\" width=\"205\">\n<p>Si\u0142a \u015bciskaj\u0105ca<\/p>\n<\/td>\n<td valign=\"center\" width=\"126\">\n<p align=\"center\">MPA<\/p>\n<\/td>\n<td valign=\"center\" width=\"283\">\n<p align=\"center\">130~170<\/p>\n<\/td>\n<td valign=\"center\" width=\"10\">\n<p>\u00a0<\/p>\n<\/td>\n<\/tr>\n<tr>\n<td valign=\"center\" width=\"205\">\n<p>Si\u0142a \u015bcinania<\/p>\n<\/td>\n<td valign=\"center\" width=\"126\">\n<p align=\"center\">MPA<\/p>\n<\/td>\n<td valign=\"center\" width=\"283\">\n<p align=\"center\">50~60<\/p>\n<\/td>\n<td valign=\"center\" width=\"10\">\n<p>\u00a0<\/p>\n<\/td>\n<\/tr>\n<tr>\n<td valign=\"center\" width=\"205\">\n<p>Si\u0142a \u015bcinania interlaminarnego<\/p>\n<\/td>\n<td valign=\"center\" width=\"126\">\n<p align=\"center\">MPA<\/p>\n<\/td>\n<td valign=\"center\" width=\"283\">\n<p align=\"center\">\u226513<\/p>\n<\/td>\n<td valign=\"center\" width=\"10\">\n<p>\u00a0<\/p>\n<\/td>\n<\/tr>\n<tr>\n<td valign=\"center\" width=\"205\">\n<p>Rezystywno\u015b\u0107 elektryczna<\/p>\n<\/td>\n<td valign=\"center\" width=\"126\">\n<p align=\"center\">\u03a9.mm2\/m<\/p>\n<\/td>\n<td valign=\"center\" width=\"283\">\n<p align=\"center\">30~43<\/p>\n<\/td>\n<td valign=\"center\" width=\"10\">\n<p>\u00a0<\/p>\n<\/td>\n<\/tr>\n<tr>\n<td valign=\"center\" width=\"205\">\n<p>Wsp\u00f3\u0142czynnik rozszerzalno\u015bci cieplnej<\/p>\n<\/td>\n<td valign=\"center\" width=\"126\">\n<p align=\"center\">106\/K<\/p>\n<\/td>\n<td valign=\"center\" width=\"283\">\n<p align=\"center\">0.3~1.2<\/p>\n<\/td>\n<td valign=\"center\" width=\"10\">\n<p>\u00a0<\/p>\n<\/td>\n<\/tr>\n<tr>\n<td valign=\"center\" width=\"205\">\n<p>Temperatura przetwarzania<\/p>\n<\/td>\n<td valign=\"center\" width=\"126\">\n<p align=\"center\">\u2103<\/p>\n<\/td>\n<td valign=\"center\" width=\"283\">\n<p align=\"center\">\u22652400\u2103<\/p>\n<\/td>\n<td valign=\"center\" width=\"10\">\n<p>\u00a0<\/p>\n<\/td>\n<\/tr>\n<tr>\n<td colspan=\"3\" rowspan=\"2\" valign=\"center\" width=\"615\">\n<p>Jako\u015b\u0107 wojskowa, pe\u0142ne chemiczne osadzanie pary piec\u00f3w, importowane z w\u0142\u00f3kna w\u0119glowego Toray T700 Wst\u0119pnie tkane ig\u0142y 3D<br \/>Specyfikacje materia\u0142u: maksymalna \u015brednica zewn\u0119trzna 2000 mm, grubo\u015b\u0107 \u015bciany 8-25 mm, wysoko\u015b\u0107 1600 mm<\/p>\n<\/td>\n<td valign=\"center\">\n<p>\u00a0<\/p>\n<\/td>\n<\/tr>\n<tr>\n<td valign=\"center\">\u00a0<\/td>\n<\/tr>\n<\/tbody>\n<\/table><\/div>\n<\/p><\/div>\n<\/p><\/div>\n<\/p><\/div>\n<\/p><\/div>\n<\/p><\/div>\n<div class=\"fl-col-group fl-node-67209520942d3\" data-node=\"67209520942d3\">\n<div class=\"fl-col fl-node-6720952094317 fl-col-small\" data-node=\"6720952094317\" style=\"width: 50%;\">\n<div class=\"fl-col-content fl-node-content\">\n<div class=\"fl-module fl-module-rich-text fl-node-6720952094207\" data-animation-delay=\"0.0\" data-node=\"6720952094207\">\n<div class=\"fl-module-content fl-node-content\">\n<div class=\"fl-rich-text\">\n<p>Mo\u017ce by\u0107 szeroko stosowany w \u015brodowisku o wysokiej temperaturze r\u00f3\u017cnych struktury, grzejnika i naczynia. W por\u00f3wnaniu z tradycyjnymi materia\u0142ami in\u017cynierskimi kompozyt w\u0119glowy ma nast\u0119puj\u0105ce zalety:<\/p>\n<p>1) Wysoka si\u0142a<\/p>\n<p>2) Wysoka temperatura do 2000\u2103<\/p>\n<p>3) Odporno\u015b\u0107 na wstrz\u0105sy termiczne<\/p>\n<p>4) niski wsp\u00f3\u0142czynnik rozszerzalno\u015bci cieplnej<\/p>\n<p>5) Ma\u0142a pojemno\u015b\u0107 termiczna<\/p>\n<p>6) Doskona\u0142a odporno\u015b\u0107 na korozj\u0119 i odporno\u015b\u0107 na promieniowanie<\/p>\n<\/p><\/div>\n<\/p><\/div>\n<\/p><\/div>\n<\/p><\/div>\n<\/p><\/div>\n<div class=\"fl-col fl-node-672095209435b fl-col-small\" data-node=\"672095209435b\" style=\"width: 50%;\">\n<div class=\"fl-col-content fl-node-content\">\n<div class=\"fl-module fl-module-photo fl-node-672095431f244\" data-animation-delay=\"0.0\" data-node=\"672095431f244\">\n<div class=\"fl-module-content fl-node-content\">\n<div class=\"fl-photo fl-photo-align-center\" itemscope=\"\" itemtype=\"http:\/\/schema.org\/ImageObject\">\n<div class=\"fl-photo-content fl-photo-img-png\"> <img decoding=\"async\" alt=\"Wzmocniony kompozyt w\u0119glowy-w\u0119giel-2\" class=\"fl-photo-img wp-image-11435\" itemprop=\"image\" src=\"\/wp-content\/uploads\/2025\/09\/e936e19ebf6a864d.webp\"> <\/img><\/div>\n<\/p><\/div>\n<\/p><\/div>\n<\/p><\/div>\n<\/p><\/div>\n<\/p><\/div>\n<\/p><\/div>\n<div class=\"fl-col-group fl-node-672095209439e\" data-node=\"672095209439e\">\n<div class=\"fl-col fl-node-67209520943e1 fl-col-small\" data-node=\"67209520943e1\" style=\"width: 50%;\">\n<div class=\"fl-col-content fl-node-content\">\n<div class=\"fl-module fl-module-photo fl-node-6720959099167\" data-animation-delay=\"0.0\" data-node=\"6720959099167\">\n<div class=\"fl-module-content fl-node-content\">\n<div class=\"fl-photo fl-photo-align-center\" itemscope=\"\" itemtype=\"http:\/\/schema.org\/ImageObject\">\n<div class=\"fl-photo-content fl-photo-img-png\"> <img decoding=\"async\" alt=\"Fext Fibre Fibre\" class=\"fl-photo-img wp-image-11438\" itemprop=\"image\" src=\"\/wp-content\/uploads\/2025\/09\/d616aa32b6090b54.webp\"> <\/img><\/div>\n<\/p><\/div>\n<\/p><\/div>\n<\/p><\/div>\n<\/p><\/div>\n<\/p><\/div>\n<div class=\"fl-col fl-node-67209578c5385 fl-col-small\" data-node=\"67209578c5385\" style=\"width: 50%;\">\n<div class=\"fl-col-content fl-node-content\">\n<div class=\"fl-module fl-module-rich-text fl-node-672095209424b\" data-animation-delay=\"0.0\" data-node=\"672095209424b\">\n<div class=\"fl-module-content fl-node-content\">\n<div class=\"fl-rich-text\">\n<p><b>Aplikacja:<\/b><br \/>1. Aerospace. Z powodu materia\u0142u kompozytowego ma dobr\u0105 stabilno\u015b\u0107 termiczn\u0105, wysok\u0105 wytrzyma\u0142o\u015b\u0107 i sztywno\u015b\u0107. Mo\u017ce by\u0107 stosowany do produkcji hamulc\u00f3w samolot\u00f3w, skrzyd\u0142a i kad\u0142uba, anteny satelitarnej oraz struktury wsporczej, skrzyd\u0142a s\u0142onecznego i skorupy, du\u017cej skorupy rakietowej, skorupy silnika itp.<\/p>\n<p>2. Przemys\u0142 motoryzacyjny.<\/p>\n<p>3. Pole medyczne.<\/p>\n<p>4. Osadowanie ciep\u0142a<\/p>\n<p>5. Jednostka grzewcza<\/p>\n<p>6. Insulation Ray<\/p>\n<\/p><\/div>\n<\/p><\/div>\n<\/p><\/div>\n<\/p><\/div>\n<\/p><\/div>\n<\/p><\/div>\n<\/p><\/div>\n<\/p><\/div>\n<\/p><\/div>\n<div class=\"fl-row fl-row-full-width fl-row-bg-none fl-node-6720952f38efc\" data-node=\"6720952f38efc\">\n<div class=\"fl-row-content-wrap\">\n<div class=\"fl-row-content fl-row-full-width fl-node-content\">\n<div class=\"fl-col-group fl-node-6720952f38f3f\" data-node=\"6720952f38f3f\">\n<div class=\"fl-col fl-node-6720952f38f7f\" data-node=\"6720952f38f7f\" style=\"width: 100%;\">\n<div class=\"fl-col-content fl-node-content\">\n<div class=\"fl-module fl-module-photo fl-node-6720952f38fbf\" data-animation-delay=\"0.0\" data-node=\"6720952f38fbf\">\n<div class=\"fl-module-content fl-node-content\">\n<div class=\"fl-photo fl-photo-align-center\" itemscope=\"\" itemtype=\"http:\/\/schema.org\/ImageObject\">\n<div class=\"fl-photo-content fl-photo-img-jpg\"> <img decoding=\"async\" alt=\"Miejsce pracy p\u00f3\u0142cesy\" class=\"fl-photo-img wp-image-9038\" itemprop=\"image\" src=\"\/wp-content\/uploads\/2025\/09\/b1dd0bcab1675ff4.webp\"> <\/img><\/div>\n<\/p><\/div>\n<\/p><\/div>\n<\/p><\/div>\n<div class=\"fl-module fl-module-photo fl-node-6720952f390fb\" data-animation-delay=\"0.0\" data-node=\"6720952f390fb\">\n<div class=\"fl-module-content fl-node-content\">\n<div class=\"fl-photo fl-photo-align-center\" itemscope=\"\" itemtype=\"http:\/\/schema.org\/ImageObject\">\n<div class=\"fl-photo-content fl-photo-img-jpg\"> <img decoding=\"async\" alt=\"P\u00f3\u0142cera robocza miejsce 2\" class=\"fl-photo-img wp-image-9037\" itemprop=\"image\" src=\"\/wp-content\/uploads\/2025\/09\/2b946d2b4b61306d.webp\"> <\/img><\/div>\n<\/p><\/div>\n<\/p><\/div>\n<\/p><\/div>\n<div class=\"fl-module fl-module-photo fl-node-6720952f390bc\" data-animation-delay=\"0.0\" data-node=\"6720952f390bc\">\n<div class=\"fl-module-content fl-node-content\">\n<div class=\"fl-photo fl-photo-align-center\" itemscope=\"\" itemtype=\"http:\/\/schema.org\/ImageObject\">\n<div class=\"fl-photo-content fl-photo-img-jpg\"> <img decoding=\"async\" alt=\"Maszyna sprz\u0119tu\" class=\"fl-photo-img wp-image-9034 size-full\" itemprop=\"image\" src=\"\/wp-content\/uploads\/2025\/09\/081b6529d68ead23.webp\"> <\/img><\/div>\n<\/p><\/div>\n<\/p><\/div>\n<\/p><\/div>\n<div class=\"fl-module fl-module-photo fl-node-6720952f3907d\" data-animation-delay=\"0.0\" data-node=\"6720952f3907d\">\n<div class=\"fl-module-content fl-node-content\">\n<div class=\"fl-photo fl-photo-align-center\" itemscope=\"\" itemtype=\"http:\/\/schema.org\/ImageObject\">\n<div class=\"fl-photo-content fl-photo-img-jpg\"> <img decoding=\"async\" alt=\"Przetwarzanie CNN, czyszczenie chemiczne, pow\u0142oka CVD\" class=\"fl-photo-img wp-image-9033\" itemprop=\"image\" src=\"\/wp-content\/uploads\/2025\/09\/a4132b2b399abbac.webp\"> <\/img><\/div>\n<\/p><\/div>\n<\/p><\/div>\n<\/p><\/div>\n<div class=\"fl-module fl-module-photo fl-node-6720952f3903d\" data-animation-delay=\"0.0\" data-node=\"6720952f3903d\">\n<div class=\"fl-module-content fl-node-content\">\n<div class=\"fl-photo fl-photo-align-center\" itemscope=\"\" itemtype=\"http:\/\/schema.org\/ImageObject\">\n<div class=\"fl-photo-content fl-photo-img-jpg\"> <img decoding=\"async\" alt=\"Semicera Ware House\" class=\"fl-photo-img wp-image-9036\" itemprop=\"image\" src=\"\/wp-content\/uploads\/2025\/09\/2190bb9ce5c1d546.webp\"> <\/img><\/div>\n<\/p><\/div>\n<\/p><\/div>\n<\/p><\/div>\n<div class=\"fl-module fl-module-photo fl-node-6720952f38ffe\" data-animation-delay=\"0.0\" data-node=\"6720952f38ffe\">\n<div class=\"fl-module-content fl-node-content\">\n<div class=\"fl-photo fl-photo-align-center\" itemscope=\"\" itemtype=\"http:\/\/schema.org\/ImageObject\">\n<div class=\"fl-photo-content fl-photo-img-jpg\"> <img decoding=\"async\" alt=\"Nasza us\u0142uga\" class=\"fl-photo-img wp-image-9035\" itemprop=\"image\" src=\"\/wp-content\/uploads\/2025\/09\/b07f222c0ec0ab8d.webp\"> <\/img><\/div>\n<\/p><\/div>\n<\/p><\/div>\n<\/p><\/div>\n<\/p><\/div>\n<\/p><\/div>\n<\/p><\/div>\n<\/p><\/div>\n<\/p><\/div>\n<\/p><\/div>\n<\/div>","protected":false},"excerpt":{"rendered":"<p>Wzmocnione kompozyty C\/C Ten zaawansowany materia\u0142 kompozytowy ma wytrzyma\u0142o\u015b\u0107 i wszechstronno\u015b\u0107. Wzmocnione kompozyty C\/C s\u0105 zaprojektowane w celu poprawy wydajno\u015bci w r\u00f3\u017cnych zastosowaniach przemys\u0142owych i uwolnienia si\u0142y innowacji. Ka\u017cdy element p\u00f3\u0142cesy ma najwy\u017csz\u0105 jako\u015b\u0107 i niezr\u00f3wnan\u0105 trwa\u0142o\u015b\u0107, kt\u00f3rym mo\u017cesz zaufa\u0107. Z niecierpliwo\u015bci\u0105 czekamy na bycie twoim d\u0142ugoterminowym partnerem w Chinach.<\/p>","protected":false},"featured_media":534,"comment_status":"closed","ping_status":"open","template":"","meta":[],"product_brand":[],"product_cat":[20,19],"product_tag":[],"class_list":{"0":"post-1329","1":"product","2":"type-product","3":"status-publish","4":"has-post-thumbnail","6":"product_cat-other-quartz-parts","7":"product_cat-quartz","9":"first","10":"instock","11":"product-type-simple"},"_links":{"self":[{"href":"https:\/\/www.cn-semiconductorparts.com\/pl\/wp-json\/wp\/v2\/product\/1329","targetHints":{"allow":["GET"]}}],"collection":[{"href":"https:\/\/www.cn-semiconductorparts.com\/pl\/wp-json\/wp\/v2\/product"}],"about":[{"href":"https:\/\/www.cn-semiconductorparts.com\/pl\/wp-json\/wp\/v2\/types\/product"}],"replies":[{"embeddable":true,"href":"https:\/\/www.cn-semiconductorparts.com\/pl\/wp-json\/wp\/v2\/comments?post=1329"}],"wp:featuredmedia":[{"embeddable":true,"href":"https:\/\/www.cn-semiconductorparts.com\/pl\/wp-json\/wp\/v2\/media\/534"}],"wp:attachment":[{"href":"https:\/\/www.cn-semiconductorparts.com\/pl\/wp-json\/wp\/v2\/media?parent=1329"}],"wp:term":[{"taxonomy":"product_brand","embeddable":true,"href":"https:\/\/www.cn-semiconductorparts.com\/pl\/wp-json\/wp\/v2\/product_brand?post=1329"},{"taxonomy":"product_cat","embeddable":true,"href":"https:\/\/www.cn-semiconductorparts.com\/pl\/wp-json\/wp\/v2\/product_cat?post=1329"},{"taxonomy":"product_tag","embeddable":true,"href":"https:\/\/www.cn-semiconductorparts.com\/pl\/wp-json\/wp\/v2\/product_tag?post=1329"}],"curies":[{"name":"WP","href":"https:\/\/api.w.org\/{rel}","templated":true}]}}