{"id":1330,"date":"2025-09-11T05:28:25","date_gmt":"2025-09-11T05:28:25","guid":{"rendered":"https:\/\/weitai2.globaldeepsea.site\/product\/aln-heater\/"},"modified":"2026-04-29T15:34:19","modified_gmt":"2026-04-29T07:34:19","slug":"aln-heater","status":"publish","type":"product","link":"https:\/\/www.cn-semiconductorparts.com\/pl\/product\/aln-heater\/","title":{"rendered":"ALN SEATER"},"content":{"rendered":"<div class=\"fl-builder-content fl-builder-content-11388 fl-builder-content-primary fl-builder-global-templates-locked\" data-post-id=\"11388\">\n<div class=\"fl-row fl-row-full-width fl-row-bg-none fl-node-671affa5aeb68\" data-node=\"671affa5aeb68\">\n<div class=\"fl-row-content-wrap\">\n<div class=\"fl-row-content fl-row-full-width fl-node-content\">\n<div class=\"fl-col-group fl-node-671afff00a2ad\" data-node=\"671afff00a2ad\">\n<div class=\"fl-col fl-node-671afff00a451\" data-node=\"671afff00a451\" style=\"width: 100%;\">\n<div class=\"fl-col-content fl-node-content\">\n<div class=\"fl-module fl-module-rich-text fl-node-671b030d1ab2c\" data-animation-delay=\"0.0\" data-node=\"671b030d1ab2c\">\n<div class=\"fl-module-content fl-node-content\">\n<div class=\"fl-rich-text\">\n<p><span style=\"font-family: arial, helvetica, sans-serif; font-size: medium;\">Grza\u0142ka ALN by Semicera to zaawansowane rozwi\u0105zanie grzewcze wykonane z aluminiowej ceramiki azotku, zaprojektowane do zastosowa\u0144 o wysokiej wydajno\u015bci w bran\u017cach takich jak p\u00f3\u0142przewodniki, systemy pr\u00f3\u017cniowe i wiele innych. Wyj\u0105tkowa przewodno\u015b\u0107 cieplna i izolacja elektryczna sprawiaj\u0105, \u017ce idealnie nadaje si\u0119 do precyzyjnego ogrzewania w wymagaj\u0105cych \u015brodowiskach, takich jak przetwarzanie p\u0142ytki, parowniki pr\u00f3\u017cniowe i maszyny rozpylaj\u0105ce.<\/span><\/p>\n<\/p><\/div>\n<\/p><\/div>\n<\/p><\/div>\n<\/p><\/div>\n<\/p><\/div>\n<\/p><\/div>\n<div class=\"fl-col-group fl-node-671b043744ff0\" data-node=\"671b043744ff0\">\n<div class=\"fl-col fl-node-671b043745254 fl-col-small\" data-node=\"671b043745254\" style=\"width: 50%;\">\n<div class=\"fl-col-content fl-node-content\">\n<div class=\"fl-module fl-module-photo fl-node-671b0432002c6\" data-animation-delay=\"0.0\" data-node=\"671b0432002c6\">\n<div class=\"fl-module-content fl-node-content\">\n<div class=\"fl-photo fl-photo-align-center\" itemscope=\"\" itemtype=\"http:\/\/schema.org\/ImageObject\">\n<div class=\"fl-photo-content fl-photo-img-jpg\"> <img decoding=\"async\" alt=\"ALN grzejnik-3\" class=\"fl-photo-img wp-image-11391 size-thumbnail\" itemprop=\"image\" src=\"\/wp-content\/uploads\/2025\/09\/b1113051b77f5ab2.webp\"> <\/img><\/div>\n<\/p><\/div>\n<\/p><\/div>\n<\/p><\/div>\n<\/p><\/div>\n<\/p><\/div>\n<div class=\"fl-col fl-node-671b043caa80b fl-col-small\" data-node=\"671b043caa80b\" style=\"width: 50%;\">\n<div class=\"fl-col-content fl-node-content\">\n<div class=\"fl-module fl-module-rich-text fl-node-671b033b0f25e\" data-animation-delay=\"0.0\" data-node=\"671b033b0f25e\">\n<div class=\"fl-module-content fl-node-content\">\n<div class=\"fl-rich-text\">\n<p><span style=\"font-family: arial, helvetica, sans-serif; font-size: medium;\">W Semicera jeste\u015bmy dumni z dostarczania najwy\u017cszej jako\u015bci produkt\u00f3w, kt\u00f3re zaspokajaj\u0105 potrzeby bran\u017cowe, a grzejnik ALN nie jest wyj\u0105tkiem. Wyprodukowany z azotku aluminiowego (ALN), ten grzejnik oferuje doskona\u0142\u0105 odporno\u015b\u0107 na ciep\u0142o, niski rozszerzenie cieplne i zdolno\u015b\u0107 do wytrzymania ekstremalnych temperatur bez uszczerbku dla wydajno\u015bci. Jego wydajny rozk\u0142ad ciep\u0142a sprawia, \u017ce \u200b\u200bnadaje si\u0119 do proces\u00f3w krytycznych, takich jak chemiczne osadzanie pary (CVD) i inne zastosowania w cienkim filmie.<\/span><\/p>\n<\/p><\/div>\n<\/p><\/div>\n<\/p><\/div>\n<\/p><\/div>\n<\/p><\/div>\n<\/p><\/div>\n<div class=\"fl-col-group fl-node-671b0399881f2\" data-node=\"671b0399881f2\">\n<div class=\"fl-col fl-node-671b03a1c8452 fl-col-small\" data-node=\"671b03a1c8452\" style=\"width: 50%;\">\n<div class=\"fl-col-content fl-node-content\">\n<div class=\"fl-module fl-module-rich-text fl-node-671b043990b79\" data-animation-delay=\"0.0\" data-node=\"671b043990b79\">\n<div class=\"fl-module-content fl-node-content\">\n<div class=\"fl-rich-text\">\n<p><span style=\"font-family: arial, helvetica, sans-serif; font-size: medium;\">Ponadto grzejnik ALN jest idealny do integracji z podgrzewaczami wafli i parownik\u00f3w pr\u00f3\u017cniowych, co czyni go wszechstronnym rozwi\u0105zaniem dla producent\u00f3w, kt\u00f3rzy polegaj\u0105 na sp\u00f3jnych, wysokiej jako\u015bci sk\u0142adnikach grzewczych. Dzi\u0119ki obr\u00f3bce aluminiowej azotku i precyzyjnym azotku konstrukcji aluminium, grzejnik jest zbudowany dla d\u0142ugoterminowej niezawodno\u015bci i precyzyjnej kontroli ogrzewania.<\/span><\/p>\n<\/p><\/div>\n<\/p><\/div>\n<\/p><\/div>\n<\/p><\/div>\n<\/p><\/div>\n<div class=\"fl-col fl-node-671b0399885a7 fl-col-small\" data-node=\"671b0399885a7\" style=\"width: 50%;\">\n<div class=\"fl-col-content fl-node-content\">\n<div class=\"fl-module fl-module-photo fl-node-671b036d773fe\" data-animation-delay=\"0.0\" data-node=\"671b036d773fe\">\n<div class=\"fl-module-content fl-node-content\">\n<div class=\"fl-photo fl-photo-align-center\" itemscope=\"\" itemtype=\"http:\/\/schema.org\/ImageObject\">\n<div class=\"fl-photo-content fl-photo-img-png\"> <img decoding=\"async\" alt=\"ampoule-heater-2-20181101-orig-21655\" class=\"fl-photo-img wp-image-11392\" itemprop=\"image\" src=\"\/wp-content\/uploads\/2025\/09\/6663bf95ee43f99f.webp\"> <\/img><\/div>\n<\/p><\/div>\n<\/p><\/div>\n<\/p><\/div>\n<\/p><\/div>\n<\/p><\/div>\n<\/p><\/div>\n<div class=\"fl-col-group fl-node-671b03b59646e\" data-node=\"671b03b59646e\">\n<div class=\"fl-col fl-node-671b03b5966c6\" data-node=\"671b03b5966c6\" style=\"width: 100%;\">\n<div class=\"fl-col-content fl-node-content\">\n<div class=\"fl-module fl-module-rich-text fl-node-671b035550eab\" data-animation-delay=\"0.0\" data-node=\"671b035550eab\">\n<div class=\"fl-module-content fl-node-content\">\n<div class=\"fl-rich-text\">\n<p><span style=\"font-family: arial, helvetica, sans-serif; font-size: medium;\">Je\u015bli szukasz rozwi\u0105zania azotku aluminiowego ALN, kt\u00f3re wyr\u00f3\u017cnia si\u0119 zar\u00f3wno trwa\u0142o\u015bci\u0105, jak i wydajno\u015bci\u0105, Semicera zapewnia zaufan\u0105 opcj\u0119 w grzejniku ALN. Ten zaawansowany ceramiczny grzejnik obs\u0142uguje najnowocze\u015bniejsze technologie w procesach CVD, rozpylaniu i innych aplikacjach p\u00f3\u0142przewodnik\u00f3w, pomagaj\u0105c utrzyma\u0107 integralno\u015b\u0107 procesu w \u015brodowiskach o wysokiej temperaturze.<\/span><\/p>\n<\/p><\/div>\n<\/p><\/div>\n<\/p><\/div>\n<div class=\"fl-module fl-module-photo fl-node-671b04010494a\" data-animation-delay=\"0.0\" data-node=\"671b04010494a\">\n<div class=\"fl-module-content fl-node-content\">\n<div class=\"fl-photo fl-photo-align-center\" itemscope=\"\" itemtype=\"http:\/\/schema.org\/ImageObject\">\n<div class=\"fl-photo-content fl-photo-img-png\"> <img decoding=\"async\" alt=\"ALN grzejnik-2\" class=\"fl-photo-img wp-image-11393\" itemprop=\"image\" src=\"\/wp-content\/uploads\/2025\/09\/63d54d6a0111d967.webp\"> <\/img><\/div>\n<\/p><\/div>\n<\/p><\/div>\n<\/p><\/div>\n<\/p><\/div>\n<\/p><\/div>\n<\/p><\/div>\n<div class=\"fl-col-group fl-node-671affa5aebab\" data-node=\"671affa5aebab\">\n<div class=\"fl-col fl-node-671affa5aebee\" data-node=\"671affa5aebee\" style=\"width: 100%;\">\n<div class=\"fl-col-content fl-node-content\">\n<div class=\"fl-module fl-module-photo fl-node-671affa5aec2e\" data-animation-delay=\"0.0\" data-node=\"671affa5aec2e\">\n<div class=\"fl-module-content fl-node-content\">\n<div class=\"fl-photo fl-photo-align-center\" itemscope=\"\" itemtype=\"http:\/\/schema.org\/ImageObject\">\n<div class=\"fl-photo-content fl-photo-img-jpg\"> <img decoding=\"async\" alt=\"Miejsce pracy p\u00f3\u0142cesy\" class=\"fl-photo-img wp-image-9038\" itemprop=\"image\" src=\"\/wp-content\/uploads\/2025\/09\/b1dd0bcab1675ff4.webp\"> <\/img><\/div>\n<\/p><\/div>\n<\/p><\/div>\n<\/p><\/div>\n<div class=\"fl-module fl-module-photo fl-node-671affa5aed6e\" data-animation-delay=\"0.0\" data-node=\"671affa5aed6e\">\n<div class=\"fl-module-content fl-node-content\">\n<div class=\"fl-photo fl-photo-align-center\" itemscope=\"\" itemtype=\"http:\/\/schema.org\/ImageObject\">\n<div class=\"fl-photo-content fl-photo-img-jpg\"> <img decoding=\"async\" alt=\"P\u00f3\u0142cera robocza miejsce 2\" class=\"fl-photo-img wp-image-9037\" itemprop=\"image\" src=\"\/wp-content\/uploads\/2025\/09\/2b946d2b4b61306d.webp\"> <\/img><\/div>\n<\/p><\/div>\n<\/p><\/div>\n<\/p><\/div>\n<div class=\"fl-module fl-module-photo fl-node-671affa5aed2e\" data-animation-delay=\"0.0\" data-node=\"671affa5aed2e\">\n<div class=\"fl-module-content fl-node-content\">\n<div class=\"fl-photo fl-photo-align-center\" itemscope=\"\" itemtype=\"http:\/\/schema.org\/ImageObject\">\n<div class=\"fl-photo-content fl-photo-img-jpg\"> <img decoding=\"async\" alt=\"Maszyna sprz\u0119tu\" class=\"fl-photo-img wp-image-9034 size-full\" itemprop=\"image\" src=\"\/wp-content\/uploads\/2025\/09\/081b6529d68ead23.webp\"> <\/img><\/div>\n<\/p><\/div>\n<\/p><\/div>\n<\/p><\/div>\n<div class=\"fl-module fl-module-photo fl-node-671affa5aecee\" data-animation-delay=\"0.0\" data-node=\"671affa5aecee\">\n<div class=\"fl-module-content fl-node-content\">\n<div class=\"fl-photo fl-photo-align-center\" itemscope=\"\" itemtype=\"http:\/\/schema.org\/ImageObject\">\n<div class=\"fl-photo-content fl-photo-img-jpg\"> <img decoding=\"async\" alt=\"Przetwarzanie CNN, czyszczenie chemiczne, pow\u0142oka CVD\" class=\"fl-photo-img wp-image-9033\" itemprop=\"image\" src=\"\/wp-content\/uploads\/2025\/09\/a4132b2b399abbac.webp\"> <\/img><\/div>\n<\/p><\/div>\n<\/p><\/div>\n<\/p><\/div>\n<div class=\"fl-module fl-module-photo fl-node-671affa5aecae\" data-animation-delay=\"0.0\" data-node=\"671affa5aecae\">\n<div class=\"fl-module-content fl-node-content\">\n<div class=\"fl-photo fl-photo-align-center\" itemscope=\"\" itemtype=\"http:\/\/schema.org\/ImageObject\">\n<div class=\"fl-photo-content fl-photo-img-jpg\"> <img decoding=\"async\" alt=\"Semicera Ware House\" class=\"fl-photo-img wp-image-9036\" itemprop=\"image\" src=\"\/wp-content\/uploads\/2025\/09\/2190bb9ce5c1d546.webp\"> <\/img><\/div>\n<\/p><\/div>\n<\/p><\/div>\n<\/p><\/div>\n<div class=\"fl-module fl-module-photo fl-node-671affa5aec6e\" data-animation-delay=\"0.0\" data-node=\"671affa5aec6e\">\n<div class=\"fl-module-content fl-node-content\">\n<div class=\"fl-photo fl-photo-align-center\" itemscope=\"\" itemtype=\"http:\/\/schema.org\/ImageObject\">\n<div class=\"fl-photo-content fl-photo-img-jpg\"> <img decoding=\"async\" alt=\"Nasza us\u0142uga\" class=\"fl-photo-img wp-image-9035\" itemprop=\"image\" src=\"\/wp-content\/uploads\/2025\/09\/b07f222c0ec0ab8d.webp\"\/> <\/div>\n<\/p><\/div>\n<\/p><\/div>\n<\/p><\/div>\n<\/p><\/div>\n<\/p><\/div>\n<\/p><\/div>\n<\/p><\/div>\n<\/p><\/div>\n<\/p><\/div>\n<\/div>","protected":false},"excerpt":{"rendered":"<p>Grza\u0142ka ALN by Semicera to wysokowydajne rozwi\u0105zanie grzewcze zaprojektowane do precyzyjnych zastosowa\u0144 w bran\u017cach takich jak p\u00f3\u0142przewodniki i elektronika. Wykonany z ceramiki azotku aluminiowego, oferuje doskona\u0142\u0105 przewodno\u015b\u0107 ciepln\u0105 i izolacj\u0119 elektryczn\u0105, dzi\u0119ki czemu jest idealny do proces\u00f3w wymagaj\u0105cych precyzyjnej kontroli temperatury. Semicera zapewnia, \u017ce \u200b\u200bka\u017cdy grzejnik ALN jest wykonany w celu zapewnienia niezawodnej wydajno\u015bci w \u015brodowiskach o wysokiej temperaturze, oferuj\u0105c wydajno\u015b\u0107 i trwa\u0142o\u015b\u0107 w krytycznych zastosowaniach.<\/p>","protected":false},"featured_media":1197,"comment_status":"closed","ping_status":"open","template":"","meta":[],"product_brand":[],"product_cat":[38,29],"product_tag":[],"class_list":{"0":"post-1330","1":"product","2":"type-product","3":"status-publish","4":"has-post-thumbnail","6":"product_cat-c-c-composite-cfc","7":"product_cat-carbon-fiber","9":"first","10":"instock","11":"product-type-simple"},"_links":{"self":[{"href":"https:\/\/www.cn-semiconductorparts.com\/pl\/wp-json\/wp\/v2\/product\/1330","targetHints":{"allow":["GET"]}}],"collection":[{"href":"https:\/\/www.cn-semiconductorparts.com\/pl\/wp-json\/wp\/v2\/product"}],"about":[{"href":"https:\/\/www.cn-semiconductorparts.com\/pl\/wp-json\/wp\/v2\/types\/product"}],"replies":[{"embeddable":true,"href":"https:\/\/www.cn-semiconductorparts.com\/pl\/wp-json\/wp\/v2\/comments?post=1330"}],"wp:featuredmedia":[{"embeddable":true,"href":"https:\/\/www.cn-semiconductorparts.com\/pl\/wp-json\/wp\/v2\/media\/1197"}],"wp:attachment":[{"href":"https:\/\/www.cn-semiconductorparts.com\/pl\/wp-json\/wp\/v2\/media?parent=1330"}],"wp:term":[{"taxonomy":"product_brand","embeddable":true,"href":"https:\/\/www.cn-semiconductorparts.com\/pl\/wp-json\/wp\/v2\/product_brand?post=1330"},{"taxonomy":"product_cat","embeddable":true,"href":"https:\/\/www.cn-semiconductorparts.com\/pl\/wp-json\/wp\/v2\/product_cat?post=1330"},{"taxonomy":"product_tag","embeddable":true,"href":"https:\/\/www.cn-semiconductorparts.com\/pl\/wp-json\/wp\/v2\/product_tag?post=1330"}],"curies":[{"name":"WP","href":"https:\/\/api.w.org\/{rel}","templated":true}]}}