{"id":1340,"date":"2025-09-11T05:28:33","date_gmt":"2025-09-11T05:28:33","guid":{"rendered":"https:\/\/weitai2.globaldeepsea.site\/product\/high-purity-quartz-bell-jar\/"},"modified":"2026-04-29T15:34:08","modified_gmt":"2026-04-29T07:34:08","slug":"high-purity-quartz-bell-jar","status":"publish","type":"product","link":"https:\/\/www.cn-semiconductorparts.com\/pl\/product\/high-purity-quartz-bell-jar\/","title":{"rendered":"S\u0142oik z wysokiej czysto\u015bci kwarc"},"content":{"rendered":"<p><?xml encoding=\"utf-8\" ?><\/p>\n<div class=\"fl-builder-content fl-builder-content-11236 fl-builder-content-primary fl-builder-global-templates-locked\" data-post-id=\"11236\">\n<div class=\"fl-row fl-row-full-width fl-row-bg-none fl-node-670e07e58d965\" data-node=\"670e07e58d965\">\n<div class=\"fl-row-content-wrap\">\n<div class=\"fl-row-content fl-row-full-width fl-node-content\">\n<div class=\"fl-col-group fl-node-670e07e58f3ff\" data-node=\"670e07e58f3ff\">\n<div class=\"fl-col fl-node-670e07e58f58b\" data-node=\"670e07e58f58b\" style=\"width: 100%;\">\n<div class=\"fl-col-content fl-node-content\">\n<div class=\"fl-module fl-module-rich-text fl-node-670e07e58d7ef\" data-animation-delay=\"0.0\" data-node=\"670e07e58d7ef\">\n<div class=\"fl-module-content fl-node-content\">\n<div class=\"fl-rich-text\">\n<p><span style=\"font-family: arial, helvetica, sans-serif; font-size: medium;\">The High Purity Quartz Bell Jar from Semicera is engineered for use in advanced semiconductor processing environments. Made from high-quality quartz, this bell jar is ideal for vacuum systems, wafer oxidation, and annealing processes in semiconductor fabrication. With its exceptional clarity and purity, it ensures a contamination-free environment, critical for CVD processes and high-precision applications.<\/span><\/p>\n<p><span style=\"font-family: arial, helvetica, sans-serif; font-size: medium;\">Semicera&rsquo;s High Purity Quartz Bell Jar is also suitable for bell vacuum chambers, providing superior thermal and chemical resistance. Its use in demanding environments like wafer oxidation and annealing processes guarantees optimal performance and durability.<\/span><\/p>\n<p><span style=\"font-family: arial, helvetica, sans-serif; font-size: medium;\">W przypadku zastosowa\u0144 wymagaj\u0105cych materia\u0142\u00f3w o wysokiej czysto\u015bci, takich jak komponenty kwarcowe p\u00f3\u0142przewodnikowe, ten s\u0142oik z dzwonkiem kwarcowym oferuje wiarygodne wyniki. Jego solidny projekt obs\u0142uguje sp\u00f3jne wyniki w systemach pr\u00f3\u017cniowych i zwi\u0119ksza wydajno\u015b\u0107 procesu CVD. Niezale\u017cnie od tego, czy jest u\u017cywany w systemie pr\u00f3\u017cniowym Bell Jar, czy szklanym s\u0142oikiem pr\u00f3\u017cniowym do precyzyjnego obs\u0142ugi p\u0142ytki, zapewnia wysok\u0105 wydajno\u015b\u0107 i d\u0142ugowieczno\u015b\u0107.<\/span><\/p>\n<p><span style=\"font-family: arial, helvetica, sans-serif; font-size: medium;\">This high-purity quartz solution is an essential part of achieving precise results in semiconductor production, making it the ideal choice for industries where accuracy and purity are critical.<\/span><\/p>\n<\/p><\/div>\n<\/p><\/div>\n<\/p><\/div>\n<\/p><\/div>\n<\/p><\/div>\n<\/p><\/div>\n<div class=\"fl-col-group fl-node-670e08f5e6312\" data-node=\"670e08f5e6312\">\n<div class=\"fl-col fl-node-670e09098d4b0 fl-col-small\" data-node=\"670e09098d4b0\" style=\"width: 50%;\">\n<div class=\"fl-col-content fl-node-content\">\n<div class=\"fl-module fl-module-photo fl-node-670e08f5e61af\" data-animation-delay=\"0.0\" data-node=\"670e08f5e61af\">\n<div class=\"fl-module-content fl-node-content\">\n<div class=\"fl-photo fl-photo-align-center\" itemscope=\"\" itemtype=\"http:\/\/schema.org\/ImageObject\">\n<div class=\"fl-photo-content fl-photo-img-png\"> <img decoding=\"async\" alt=\"Kwarc o wysokiej czysto\u015bci Bell Jar-2\" class=\"fl-photo-img wp-image-11237\" itemprop=\"image\" src=\"\/wp-content\/uploads\/2025\/09\/31070ece323df14e.webp\"> <\/div>\n<\/p><\/div>\n<\/p><\/div>\n<\/p><\/div>\n<\/p><\/div>\n<\/p><\/div>\n<div class=\"fl-col fl-node-670e08f5e64dc fl-col-small\" data-node=\"670e08f5e64dc\" style=\"width: 50%;\">\n<div class=\"fl-col-content fl-node-content\">\n<div class=\"fl-module fl-module-photo fl-node-670e0906acf47\" data-animation-delay=\"0.0\" data-node=\"670e0906acf47\">\n<div class=\"fl-module-content fl-node-content\">\n<div class=\"fl-photo fl-photo-align-center\" itemscope=\"\" itemtype=\"http:\/\/schema.org\/ImageObject\">\n<div class=\"fl-photo-content fl-photo-img-png\"> <img decoding=\"async\" alt=\"Kwarc o wysokiej czysto\u015bci Bell Jar-3\" class=\"fl-photo-img wp-image-11239\" itemprop=\"image\" src=\"\/wp-content\/uploads\/2025\/09\/d919a59f8fd48439.webp\"> <\/div>\n<\/p><\/div>\n<\/p><\/div>\n<\/p><\/div>\n<\/p><\/div>\n<\/p><\/div>\n<\/p><\/div>\n<\/p><\/div>\n<\/p><\/div>\n<\/p><\/div>\n<div class=\"fl-row fl-row-full-width fl-row-bg-none fl-node-670e1925281d2\" data-node=\"670e1925281d2\">\n<div class=\"fl-row-content-wrap\">\n<div class=\"fl-row-content fl-row-full-width fl-node-content\">\n<div class=\"fl-col-group fl-node-670e1925361d3\" data-node=\"670e1925361d3\">\n<div class=\"fl-col fl-node-670e19253665d\" data-node=\"670e19253665d\" style=\"width: 100%;\">\n<div class=\"fl-col-content fl-node-content\">\n<div class=\"fl-module fl-module-photo fl-node-670e192527d46\" data-animation-delay=\"0.0\" data-node=\"670e192527d46\">\n<div class=\"fl-module-content fl-node-content\">\n<div class=\"fl-photo fl-photo-align-center\" itemscope=\"\" itemtype=\"http:\/\/schema.org\/ImageObject\">\n<div class=\"fl-photo-content fl-photo-img-png\"> <img decoding=\"async\" alt=\"73-figure2-14-1_256845\" class=\"fl-photo-img wp-image-11249\" itemprop=\"image\" src=\"\/wp-content\/uploads\/2025\/09\/281e4929257287e4.webp\"> <\/div>\n<\/p><\/div>\n<\/p><\/div>\n<\/p><\/div>\n<\/p><\/div>\n<\/p><\/div>\n<\/p><\/div>\n<\/p><\/div>\n<\/p><\/div>\n<\/p><\/div>\n<div class=\"fl-row fl-row-full-width fl-row-bg-none fl-node-670e085155f99\" data-node=\"670e085155f99\">\n<div class=\"fl-row-content-wrap\">\n<div class=\"fl-row-content fl-row-full-width fl-node-content\">\n<div class=\"fl-col-group fl-node-670e085155fde\" data-node=\"670e085155fde\">\n<div class=\"fl-col fl-node-670e085156021\" data-node=\"670e085156021\" style=\"width: 100%;\">\n<div class=\"fl-col-content fl-node-content\">\n<div class=\"fl-module fl-module-photo fl-node-670e085156064\" data-animation-delay=\"0.0\" data-node=\"670e085156064\">\n<div class=\"fl-module-content fl-node-content\">\n<div class=\"fl-photo fl-photo-align-center\" itemscope=\"\" itemtype=\"http:\/\/schema.org\/ImageObject\">\n<div class=\"fl-photo-content fl-photo-img-jpg\"> <img decoding=\"async\" alt=\"Miejsce pracy p\u00f3\u0142cesy\" class=\"fl-photo-img wp-image-9038\" itemprop=\"image\" src=\"\/wp-content\/uploads\/2025\/09\/b1dd0bcab1675ff4.webp\"> <\/div>\n<\/p><\/div>\n<\/p><\/div>\n<\/p><\/div>\n<div class=\"fl-module fl-module-photo fl-node-670e0851561af\" data-animation-delay=\"0.0\" data-node=\"670e0851561af\">\n<div class=\"fl-module-content fl-node-content\">\n<div class=\"fl-photo fl-photo-align-center\" itemscope=\"\" itemtype=\"http:\/\/schema.org\/ImageObject\">\n<div class=\"fl-photo-content fl-photo-img-jpg\"> <img decoding=\"async\" alt=\"P\u00f3\u0142cera robocza miejsce 2\" class=\"fl-photo-img wp-image-9037\" itemprop=\"image\" src=\"\/wp-content\/uploads\/2025\/09\/2b946d2b4b61306d.webp\"> <\/div>\n<\/p><\/div>\n<\/p><\/div>\n<\/p><\/div>\n<div class=\"fl-module fl-module-photo fl-node-670e08515616d\" data-animation-delay=\"0.0\" data-node=\"670e08515616d\">\n<div class=\"fl-module-content fl-node-content\">\n<div class=\"fl-photo fl-photo-align-center\" itemscope=\"\" itemtype=\"http:\/\/schema.org\/ImageObject\">\n<div class=\"fl-photo-content fl-photo-img-jpg\"> <img decoding=\"async\" alt=\"Maszyna sprz\u0119tu\" class=\"fl-photo-img wp-image-9034 size-full\" itemprop=\"image\" src=\"\/wp-content\/uploads\/2025\/09\/081b6529d68ead23.webp\"> <\/div>\n<\/p><\/div>\n<\/p><\/div>\n<\/p><\/div>\n<div class=\"fl-module fl-module-photo fl-node-670e08515612b\" data-animation-delay=\"0.0\" data-node=\"670e08515612b\">\n<div class=\"fl-module-content fl-node-content\">\n<div class=\"fl-photo fl-photo-align-center\" itemscope=\"\" itemtype=\"http:\/\/schema.org\/ImageObject\">\n<div class=\"fl-photo-content fl-photo-img-jpg\"> <img decoding=\"async\" alt=\"Przetwarzanie CNN, czyszczenie chemiczne, pow\u0142oka CVD\" class=\"fl-photo-img wp-image-9033\" itemprop=\"image\" src=\"\/wp-content\/uploads\/2025\/09\/a4132b2b399abbac.webp\"> <\/div>\n<\/p><\/div>\n<\/p><\/div>\n<\/p><\/div>\n<div class=\"fl-module fl-module-photo fl-node-670e0851560e8\" data-animation-delay=\"0.0\" data-node=\"670e0851560e8\">\n<div class=\"fl-module-content fl-node-content\">\n<div class=\"fl-photo fl-photo-align-center\" itemscope=\"\" itemtype=\"http:\/\/schema.org\/ImageObject\">\n<div class=\"fl-photo-content fl-photo-img-jpg\"> <img decoding=\"async\" alt=\"Semicera Ware House\" class=\"fl-photo-img wp-image-9036\" itemprop=\"image\" src=\"\/wp-content\/uploads\/2025\/09\/2190bb9ce5c1d546.webp\"> <\/div>\n<\/p><\/div>\n<\/p><\/div>\n<\/p><\/div>\n<div class=\"fl-module fl-module-photo fl-node-670e0851560a6\" data-animation-delay=\"0.0\" data-node=\"670e0851560a6\">\n<div class=\"fl-module-content fl-node-content\">\n<div class=\"fl-photo fl-photo-align-center\" itemscope=\"\" itemtype=\"http:\/\/schema.org\/ImageObject\">\n<div class=\"fl-photo-content fl-photo-img-jpg\"> <img decoding=\"async\" alt=\"Nasza us\u0142uga\" class=\"fl-photo-img wp-image-9035\" itemprop=\"image\" src=\"\/wp-content\/uploads\/2025\/09\/b07f222c0ec0ab8d.webp\"> <\/div>\n<\/p><\/div>\n<\/p><\/div>\n<\/p><\/div>\n<\/p><\/div>\n<\/p><\/div>\n<\/p><\/div>\n<\/p><\/div>\n<\/p><\/div>\n<\/p><\/div>\n<\/div>","protected":false},"excerpt":{"rendered":"<p><?xml encoding=\"utf-8\" ?><\/p>\n<p>The High Purity Quartz Bell Jar from Semicera is designed for high-performance applications in industries such as semiconductor manufacturing. Made with top-grade quartz, this product ensures exceptional purity and durability, ideal for maintaining a clean and stable environment in vacuum systems and sensitive processes. Semicera&rsquo;s quartz bell jars are highly resistant to thermal and chemical challenges, making them a reliable choice for demanding applications where precision and contamination control are essential. We look forward to becoming your long-term partner in China.<\/p>","protected":false},"featured_media":894,"comment_status":"closed","ping_status":"open","template":"","meta":[],"product_brand":[],"product_cat":[31,42],"product_tag":[],"class_list":{"0":"post-1340","1":"product","2":"type-product","3":"status-publish","4":"has-post-thumbnail","6":"product_cat-more-ceramic-products","7":"product_cat-silicon-nitride-ceramic","9":"first","10":"instock","11":"product-type-simple"},"_links":{"self":[{"href":"https:\/\/www.cn-semiconductorparts.com\/pl\/wp-json\/wp\/v2\/product\/1340","targetHints":{"allow":["GET"]}}],"collection":[{"href":"https:\/\/www.cn-semiconductorparts.com\/pl\/wp-json\/wp\/v2\/product"}],"about":[{"href":"https:\/\/www.cn-semiconductorparts.com\/pl\/wp-json\/wp\/v2\/types\/product"}],"replies":[{"embeddable":true,"href":"https:\/\/www.cn-semiconductorparts.com\/pl\/wp-json\/wp\/v2\/comments?post=1340"}],"wp:featuredmedia":[{"embeddable":true,"href":"https:\/\/www.cn-semiconductorparts.com\/pl\/wp-json\/wp\/v2\/media\/894"}],"wp:attachment":[{"href":"https:\/\/www.cn-semiconductorparts.com\/pl\/wp-json\/wp\/v2\/media?parent=1340"}],"wp:term":[{"taxonomy":"product_brand","embeddable":true,"href":"https:\/\/www.cn-semiconductorparts.com\/pl\/wp-json\/wp\/v2\/product_brand?post=1340"},{"taxonomy":"product_cat","embeddable":true,"href":"https:\/\/www.cn-semiconductorparts.com\/pl\/wp-json\/wp\/v2\/product_cat?post=1340"},{"taxonomy":"product_tag","embeddable":true,"href":"https:\/\/www.cn-semiconductorparts.com\/pl\/wp-json\/wp\/v2\/product_tag?post=1340"}],"curies":[{"name":"WP","href":"https:\/\/api.w.org\/{rel}","templated":true}]}}