{"id":1343,"date":"2025-09-11T05:28:33","date_gmt":"2025-09-11T05:28:33","guid":{"rendered":"https:\/\/weitai2.globaldeepsea.site\/product\/sin-plates\/"},"modified":"2025-09-24T16:03:58","modified_gmt":"2025-09-24T08:03:58","slug":"sin-plates","status":"publish","type":"product","link":"https:\/\/www.cn-semiconductorparts.com\/pl\/product\/sin-plates\/","title":{"rendered":"Grzech p\u0142yt"},"content":{"rendered":"<p><?xml encoding=\"utf-8\" ?><\/p>\n<div class=\"fl-builder-content fl-builder-content-11224 fl-builder-content-primary fl-builder-global-templates-locked\" data-post-id=\"11224\">\n<div class=\"fl-row fl-row-full-width fl-row-bg-none fl-node-670ddb2e279d0\" data-node=\"670ddb2e279d0\">\n<div class=\"fl-row-content-wrap\">\n<div class=\"fl-row-content fl-row-full-width fl-node-content\">\n<div class=\"fl-col-group fl-node-670ddb2e28bf0\" data-node=\"670ddb2e28bf0\">\n<div class=\"fl-col fl-node-670ddb2e28d92\" data-node=\"670ddb2e28d92\" style=\"width: 100%;\">\n<div class=\"fl-col-content fl-node-content\">\n<div class=\"fl-module fl-module-rich-text fl-node-670ddb2e277d1\" data-animation-delay=\"0.0\" data-node=\"670ddb2e277d1\">\n<div class=\"fl-module-content fl-node-content\">\n<div class=\"fl-rich-text\">\n<p><span style=\"font-family: arial, helvetica, sans-serif; font-size: medium;\">SiN Plates, also known as silicon nitride plates, are renowned for their exceptional mechanical and thermal properties, making them ideal for a variety of high-performance applications. As a trusted manufacturer of advanced ceramic components, Semicera offers premium-quality SiN Plates that meet the needs of industries requiring durable, heat-resistant, and high-strength materials.<\/span><\/p>\n<p><strong><span style=\"font-family: arial, helvetica, sans-serif; font-size: medium;\">Properties and Applications of SiN Plates<\/span><\/strong><br \/><span style=\"font-family: arial, helvetica, sans-serif; font-size: medium;\">SiN Plates are characterized by their excellent resistance to thermal shock, mechanical strength, and high wear resistance. These qualities make them ideal for industries such as electronics, automotive, and energy where materials must perform under high-temperature and high-stress conditions. Whether used as SiN Substrates in semiconductors or Ceramic Insulating Heat Dissipation Substrates in electronic devices, SiN Plates are reliable and versatile.<\/span><\/p>\n<p><span style=\"font-family: arial, helvetica, sans-serif; font-size: medium;\">W bran\u017cy pojazd\u00f3w elektrycznych (EV) p\u0142ytki SIN s\u0105 kluczowe dla zastosowa\u0144 wymagaj\u0105cych rozpraszania ciep\u0142a i izolacji. Ich doskona\u0142a przewodno\u015b\u0107 cieplna i w\u0142a\u015bciwo\u015bci izolacyjne sprawiaj\u0105, \u017ce s\u0105 one idealnym wyborem dla system\u00f3w elektronicznych energii w EVS. P\u0142yty ceramiczne SEMICERA wyr\u00f3\u017cniaj\u0105 si\u0119 ich zdolno\u015bci\u0105 do zaspokajania rygorystycznych wymaga\u0144 nowoczesnej technologii motoryzacyjnej.<\/span><\/p>\n<p><strong><span style=\"font-family: arial, helvetica, sans-serif; font-size: medium;\">Versatility of SiN Ceramic Plates<\/span><\/strong><br \/><span style=\"font-family: arial, helvetica, sans-serif; font-size: medium;\">Zakres zastosowa\u0144 p\u0142ytek SIN wykracza poza p\u00f3\u0142przewodniki i technologi\u0119 EV. P\u0142yty te s\u0105 r\u00f3wnie\u017c stosowane w bran\u017cach, kt\u00f3re wymagaj\u0105 wysokowydajnych substrat\u00f3w ceramicznych. Na przyk\u0142ad substraty SIN zapewniaj\u0105 solidn\u0105 platform\u0119 dla obwod\u00f3w zintegrowanych, zapewniaj\u0105c stabilno\u015b\u0107 i niezawodno\u015b\u0107 w urz\u0105dzeniach elektronicznych. Podobnie p\u0142ytki ceramiczne azotku krzemowego s\u0105 szeroko stosowane w maszynach i lotach lotniczych, gdzie niezb\u0119dna jest wytrzyma\u0142o\u015b\u0107 i trwa\u0142o\u015b\u0107.<\/span><\/p>\n<p><span style=\"font-family: arial, helvetica, sans-serif; font-size: medium;\">Ponadto p\u0142yty SIN s\u0105 doskona\u0142\u0105 opcj\u0105 dla firm szukaj\u0105cych doskona\u0142ych substrat\u00f3w azotku krzemu w \u015brodowiskach o wysokiej temperaturze. Te ceramiczne p\u0142yty s\u0105 nie tylko lekkie, ale tak\u017ce odporne na korozj\u0119, co czyni je odpowiednim dla wymagaj\u0105cych \u015brodowisk, takich jak przetwarzanie chemiczne i produkcja motoryzacyjna.<\/span><\/p>\n<p><strong><span style=\"font-family: arial, helvetica, sans-serif; font-size: medium;\">Dlaczego warto wybra\u0107 p\u00f3\u0142cesta?<\/span><\/strong><br \/><span style=\"font-family: arial, helvetica, sans-serif; font-size: medium;\">Semicera jest po\u015bwi\u0119cona produkcji najwy\u017cszej jako\u015bci p\u0142yt grzechowych, kt\u00f3re spe\u0142niaj\u0105 najwy\u017csze standardy bran\u017cowe. Koncentruj\u0105c si\u0119 na innowacjach i satysfakcji klient\u00f3w, Semicera zapewnia, \u017ce \u200b\u200bjej ceramiczne p\u0142yty grzechu zapewniaj\u0105 doskona\u0142\u0105 wydajno\u015b\u0107 w szerokiej gamie zastosowa\u0144. Od substrat\u00f3w azotk\u00f3w silikonowych po ceramiczne substraty rozpraszania ciep\u0142a, Semicera zapewnia niezawodne, wysokowydajne materia\u0142y bran\u017cowe, kt\u00f3re musz\u0105 pozosta\u0107 konkurencyjne.<\/span><\/p>\n<p>&nbsp;<\/p>\n<p><span style=\"font-family: arial, helvetica, sans-serif; font-size: medium;\">Dzi\u0119ki ich doskona\u0142ym w\u0142a\u015bciwo\u015bciom termicznym i mechanicznym p\u0142ytki SIN odgrywaj\u0105 kluczow\u0105 rol\u0119 w wielu zaawansowanych zastosowaniach. Niezale\u017cnie od tego, czy w przypadku substrat\u00f3w SIN w elektronice, silikonowych azotku ceramicznych p\u0142yt ceramicznych w maszynach, czy ceramiczne substraty rozpraszania ciep\u0142a w EVS, rozwi\u0105zania SIN SIN zapewniaj\u0105 niezawodno\u015b\u0107 i wyniki, kt\u00f3rych wymaga wsp\u00f3\u0142czesne bran\u017ce. Inwestowanie w ceramiczne produkty ceramiczne p\u00f3\u0142cesyntu zapewnia trwa\u0142o\u015b\u0107, wydajno\u015b\u0107 i sukces w r\u00f3\u017cnych sektorach.<\/span><\/p>\n<\/p><\/div>\n<\/p><\/div>\n<\/p><\/div>\n<\/p><\/div>\n<\/p><\/div>\n<\/p><\/div>\n<div class=\"fl-col-group fl-node-670ddc7d643c2\" data-node=\"670ddc7d643c2\">\n<div class=\"fl-col fl-node-670ddc97c4f6f fl-col-small\" data-node=\"670ddc97c4f6f\" style=\"width: 50%;\">\n<div class=\"fl-col-content fl-node-content\">\n<div class=\"fl-module fl-module-photo fl-node-670ddc7d64257\" data-animation-delay=\"0.0\" data-node=\"670ddc7d64257\">\n<div class=\"fl-module-content fl-node-content\">\n<div class=\"fl-photo fl-photo-align-center\" itemscope=\"\" itemtype=\"http:\/\/schema.org\/ImageObject\">\n<div class=\"fl-photo-content fl-photo-img-png\"> <img decoding=\"async\" alt=\"Grzech p\u0142yt\" class=\"fl-photo-img wp-image-11225\" itemprop=\"image\" src=\"\/wp-content\/uploads\/2025\/09\/418970cb6dfc8664.webp\"> <\/div>\n<\/p><\/div>\n<\/p><\/div>\n<\/p><\/div>\n<\/p><\/div>\n<\/p><\/div>\n<div class=\"fl-col fl-node-670ddc7d645c1 fl-col-small\" data-node=\"670ddc7d645c1\" style=\"width: 50%;\">\n<div class=\"fl-col-content fl-node-content\">\n<div class=\"fl-module fl-module-photo fl-node-670ddc944bfb3\" data-animation-delay=\"0.0\" data-node=\"670ddc944bfb3\">\n<div class=\"fl-module-content fl-node-content\">\n<div class=\"fl-photo fl-photo-align-center\" itemscope=\"\" itemtype=\"http:\/\/schema.org\/ImageObject\">\n<div class=\"fl-photo-content fl-photo-img-png\"> <img decoding=\"async\" alt=\"Sin pod\u0142o\u017ca-2\" class=\"fl-photo-img wp-image-11227\" itemprop=\"image\" src=\"\/wp-content\/uploads\/2025\/09\/00ce23de10e468b0.webp\"> <\/div>\n<\/p><\/div>\n<\/p><\/div>\n<\/p><\/div>\n<\/p><\/div>\n<\/p><\/div>\n<\/p><\/div>\n<\/p><\/div>\n<\/p><\/div>\n<\/p><\/div>\n<div class=\"fl-row fl-row-full-width fl-row-bg-none fl-node-670ddc72da454\" data-node=\"670ddc72da454\">\n<div class=\"fl-row-content-wrap\">\n<div class=\"fl-row-content fl-row-full-width fl-node-content\">\n<div class=\"fl-col-group fl-node-670ddc72da499\" data-node=\"670ddc72da499\">\n<div class=\"fl-col fl-node-670ddc72da4db\" data-node=\"670ddc72da4db\" style=\"width: 100%;\">\n<div class=\"fl-col-content fl-node-content\">\n<div class=\"fl-module fl-module-photo fl-node-670ddc72da51d\" data-animation-delay=\"0.0\" data-node=\"670ddc72da51d\">\n<div class=\"fl-module-content fl-node-content\">\n<div class=\"fl-photo fl-photo-align-center\" itemscope=\"\" itemtype=\"http:\/\/schema.org\/ImageObject\">\n<div class=\"fl-photo-content fl-photo-img-jpg\"> <img decoding=\"async\" alt=\"Miejsce pracy p\u00f3\u0142cesy\" class=\"fl-photo-img wp-image-9038\" itemprop=\"image\" src=\"\/wp-content\/uploads\/2025\/09\/b1dd0bcab1675ff4.webp\"> <\/div>\n<\/p><\/div>\n<\/p><\/div>\n<\/p><\/div>\n<div class=\"fl-module fl-module-photo fl-node-670ddc72da667\" data-animation-delay=\"0.0\" data-node=\"670ddc72da667\">\n<div class=\"fl-module-content fl-node-content\">\n<div class=\"fl-photo fl-photo-align-center\" itemscope=\"\" itemtype=\"http:\/\/schema.org\/ImageObject\">\n<div class=\"fl-photo-content fl-photo-img-jpg\"> <img decoding=\"async\" alt=\"P\u00f3\u0142cera robocza miejsce 2\" class=\"fl-photo-img wp-image-9037\" itemprop=\"image\" src=\"\/wp-content\/uploads\/2025\/09\/2b946d2b4b61306d.webp\"> <\/div>\n<\/p><\/div>\n<\/p><\/div>\n<\/p><\/div>\n<div class=\"fl-module fl-module-photo fl-node-670ddc72da625\" data-animation-delay=\"0.0\" data-node=\"670ddc72da625\">\n<div class=\"fl-module-content fl-node-content\">\n<div class=\"fl-photo fl-photo-align-center\" itemscope=\"\" itemtype=\"http:\/\/schema.org\/ImageObject\">\n<div class=\"fl-photo-content fl-photo-img-jpg\"> <img decoding=\"async\" alt=\"Maszyna sprz\u0119tu\" class=\"fl-photo-img wp-image-9034 size-full\" itemprop=\"image\" src=\"\/wp-content\/uploads\/2025\/09\/081b6529d68ead23.webp\"> <\/div>\n<\/p><\/div>\n<\/p><\/div>\n<\/p><\/div>\n<div class=\"fl-module fl-module-photo fl-node-670ddc72da5e3\" data-animation-delay=\"0.0\" data-node=\"670ddc72da5e3\">\n<div class=\"fl-module-content fl-node-content\">\n<div class=\"fl-photo fl-photo-align-center\" itemscope=\"\" itemtype=\"http:\/\/schema.org\/ImageObject\">\n<div class=\"fl-photo-content fl-photo-img-jpg\"> <img decoding=\"async\" alt=\"Przetwarzanie CNN, czyszczenie chemiczne, pow\u0142oka CVD\" class=\"fl-photo-img wp-image-9033\" itemprop=\"image\" src=\"\/wp-content\/uploads\/2025\/09\/a4132b2b399abbac.webp\"> <\/div>\n<\/p><\/div>\n<\/p><\/div>\n<\/p><\/div>\n<div class=\"fl-module fl-module-photo fl-node-670ddc72da5a2\" data-animation-delay=\"0.0\" data-node=\"670ddc72da5a2\">\n<div class=\"fl-module-content fl-node-content\">\n<div class=\"fl-photo fl-photo-align-center\" itemscope=\"\" itemtype=\"http:\/\/schema.org\/ImageObject\">\n<div class=\"fl-photo-content fl-photo-img-jpg\"> <img decoding=\"async\" alt=\"Semicera Ware House\" class=\"fl-photo-img wp-image-9036\" itemprop=\"image\" src=\"\/wp-content\/uploads\/2025\/09\/2190bb9ce5c1d546.webp\"> <\/div>\n<\/p><\/div>\n<\/p><\/div>\n<\/p><\/div>\n<div class=\"fl-module fl-module-photo fl-node-670ddc72da55f\" data-animation-delay=\"0.0\" data-node=\"670ddc72da55f\">\n<div class=\"fl-module-content fl-node-content\">\n<div class=\"fl-photo fl-photo-align-center\" itemscope=\"\" itemtype=\"http:\/\/schema.org\/ImageObject\">\n<div class=\"fl-photo-content fl-photo-img-jpg\"> <img decoding=\"async\" alt=\"Nasza us\u0142uga\" class=\"fl-photo-img wp-image-9035\" itemprop=\"image\" src=\"\/wp-content\/uploads\/2025\/09\/b07f222c0ec0ab8d.webp\"> <\/div>\n<\/p><\/div>\n<\/p><\/div>\n<\/p><\/div>\n<\/p><\/div>\n<\/p><\/div>\n<\/p><\/div>\n<\/p><\/div>\n<\/p><\/div>\n<\/p><\/div>\n<\/div>","protected":false},"excerpt":{"rendered":"<p><?xml encoding=\"utf-8\" ?><\/p>\n<p>SiN plates from Semicera are cutting-edge ceramic materials known for their superior strength, thermal stability and wear and corrosion resistance. With Semicera&rsquo;s SiN plates, customers benefit from advanced technology and reliable performance, ensuring long-lasting, high-quality results in a variety of industrial applications. We look forward to being your long-term partner in China.<\/p>","protected":false},"featured_media":1245,"comment_status":"closed","ping_status":"open","template":"","meta":[],"product_brand":[],"product_cat":[20,19],"product_tag":[],"class_list":{"0":"post-1343","1":"product","2":"type-product","3":"status-publish","4":"has-post-thumbnail","6":"product_cat-other-quartz-parts","7":"product_cat-quartz","9":"first","10":"instock","11":"product-type-simple"},"_links":{"self":[{"href":"https:\/\/www.cn-semiconductorparts.com\/pl\/wp-json\/wp\/v2\/product\/1343","targetHints":{"allow":["GET"]}}],"collection":[{"href":"https:\/\/www.cn-semiconductorparts.com\/pl\/wp-json\/wp\/v2\/product"}],"about":[{"href":"https:\/\/www.cn-semiconductorparts.com\/pl\/wp-json\/wp\/v2\/types\/product"}],"replies":[{"embeddable":true,"href":"https:\/\/www.cn-semiconductorparts.com\/pl\/wp-json\/wp\/v2\/comments?post=1343"}],"wp:featuredmedia":[{"embeddable":true,"href":"https:\/\/www.cn-semiconductorparts.com\/pl\/wp-json\/wp\/v2\/media\/1245"}],"wp:attachment":[{"href":"https:\/\/www.cn-semiconductorparts.com\/pl\/wp-json\/wp\/v2\/media?parent=1343"}],"wp:term":[{"taxonomy":"product_brand","embeddable":true,"href":"https:\/\/www.cn-semiconductorparts.com\/pl\/wp-json\/wp\/v2\/product_brand?post=1343"},{"taxonomy":"product_cat","embeddable":true,"href":"https:\/\/www.cn-semiconductorparts.com\/pl\/wp-json\/wp\/v2\/product_cat?post=1343"},{"taxonomy":"product_tag","embeddable":true,"href":"https:\/\/www.cn-semiconductorparts.com\/pl\/wp-json\/wp\/v2\/product_tag?post=1343"}],"curies":[{"name":"WP","href":"https:\/\/api.w.org\/{rel}","templated":true}]}}