{"id":1344,"date":"2025-09-11T05:28:33","date_gmt":"2025-09-11T05:28:33","guid":{"rendered":"https:\/\/weitai2.globaldeepsea.site\/product\/carbon-and-graphite-soft-felt\/"},"modified":"2026-04-29T15:34:09","modified_gmt":"2026-04-29T07:34:09","slug":"carbon-and-graphite-soft-felt","status":"publish","type":"product","link":"https:\/\/www.cn-semiconductorparts.com\/pl\/product\/carbon-and-graphite-soft-felt\/","title":{"rendered":"W\u0119giel i grafit mi\u0119kki filc"},"content":{"rendered":"<p><?xml encoding=\"utf-8\" ?><\/p>\n<div class=\"fl-builder-content fl-builder-content-11183 fl-builder-content-primary fl-builder-global-templates-locked\" data-post-id=\"11183\">\n<div class=\"fl-row fl-row-full-width fl-row-bg-none fl-node-67077d5d26006\" data-node=\"67077d5d26006\">\n<div class=\"fl-row-content-wrap\">\n<div class=\"fl-row-content fl-row-full-width fl-node-content\">\n<div class=\"fl-col-group fl-node-67077d6af407c\" data-node=\"67077d6af407c\">\n<div class=\"fl-col fl-node-67077d6b0001f\" data-node=\"67077d6b0001f\" style=\"width: 100%;\">\n<div class=\"fl-col-content fl-node-content\">\n<div class=\"fl-module fl-module-rich-text fl-node-67077d6af3f0b\" data-animation-delay=\"0.0\" data-node=\"67077d6af3f0b\">\n<div class=\"fl-module-content fl-node-content\">\n<div class=\"fl-rich-text\">\n<p><span style=\"font-family: arial, helvetica, sans-serif; font-size: medium;\">The Carbon and Graphite Soft Felt by Semicera is a high-performance material designed for applications requiring excellent heat insulation and resistance. This felt is crafted with precision, utilizing advanced carbon and graphite technology, ensuring it meets the highest industry standards. Semicera offers superior quality in each product, making this felt ideal for processes like vacuum furnaces, thermal insulation, and high-temperature environments.<\/span><\/p>\n<p><span style=\"font-family: arial, helvetica, sans-serif; font-size: medium;\">One of the key features of Semicera&#8217;s Carbon and Graphite Soft Felt is its lightweight and flexible structure, which allows for easy installation and handling. Additionally, its high thermal conductivity and low thermal expansion make it suitable for a variety of industries, including aerospace, electronics, and energy sectors. This material also pairs well with Isostatic Graphite, Porous Graphite, and Graphite Foil, further enhancing its versatility.<\/span><\/p>\n<p><span style=\"font-family: arial, helvetica, sans-serif; font-size: medium;\">For industries requiring thermal efficiency, the Carbon and Graphite Soft Felt provides long-lasting performance and reliability. Its composition integrates Rigid Felt, Soft Felt, and C\/C Composite materials, offering superior insulation in high-temperature environments. Whether you&#8217;re in need of insulation for furnaces or other heat-intensive applications, this product ensures optimal thermal management and durability.<\/span><\/p>\n<\/p><\/div>\n<\/p><\/div>\n<\/p><\/div>\n<\/p><\/div>\n<\/p><\/div>\n<\/p><\/div>\n<div class=\"fl-col-group fl-node-67077d5d2604b\" data-node=\"67077d5d2604b\">\n<div class=\"fl-col fl-node-67077d5d2608d\" data-node=\"67077d5d2608d\" style=\"width: 100%;\">\n<div class=\"fl-col-content fl-node-content\">\n<div class=\"fl-module fl-module-heading fl-node-67077d5d26113\" data-animation-delay=\"0.0\" data-node=\"67077d5d26113\">\n<div class=\"fl-module-content fl-node-content\">\n<h3 class=\"fl-heading\"> <span class=\"fl-heading-text\">Szczeg\u00f3\u0142y produktu<\/span> <\/h3>\n<\/p><\/div>\n<\/p><\/div>\n<div class=\"fl-module fl-module-rich-text fl-node-67077d5d260d0\" data-animation-delay=\"0.0\" data-node=\"67077d5d260d0\">\n<div class=\"fl-module-content fl-node-content\">\n<div class=\"fl-rich-text\">\n<table border=\"0\" cellspacing=\"0\">\n<tbody>\n<tr>\n<td valign=\"center\">\n<p>Nazwa produktu<\/p>\n<\/td>\n<td valign=\"center\">\n<p>Graphit Fintr<\/p>\n<\/td>\n<\/tr>\n<tr>\n<td valign=\"center\">\n<p>Sk\u0142ad chemiczny<\/p>\n<\/td>\n<td valign=\"center\">\n<p>W\u0142\u00f3kno w\u0119glowe<\/p>\n<\/td>\n<\/tr>\n<tr>\n<td valign=\"center\">\n<p>G\u0119sto\u015b\u0107 luzem<\/p>\n<\/td>\n<td valign=\"center\">\n<p>0.12-0.14g\/cm3<\/p>\n<\/td>\n<\/tr>\n<tr>\n<td valign=\"center\">\n<p>Zawarto\u015b\u0107 w\u0119gla<\/p>\n<\/td>\n<td valign=\"center\">\n<p>&gt; = 99%<\/p>\n<\/td>\n<\/tr>\n<tr>\n<td valign=\"center\">\n<p>Wytrzyma\u0142o\u015b\u0107 na rozci\u0105ganie<\/p>\n<\/td>\n<td valign=\"center\">\n<p>0.14Mpa<\/p>\n<\/td>\n<\/tr>\n<tr>\n<td valign=\"center\">\n<p>Thermal conductivity(1150&#8451;)<\/p>\n<\/td>\n<td valign=\"center\">\n<p>0,08 ~ 0,14 W\/mk<\/p>\n<\/td>\n<\/tr>\n<tr>\n<td valign=\"center\">\n<p>Popi\u00f3\u0142<\/p>\n<\/td>\n<td valign=\"center\">\n<p>&lt;= 0,005%<\/p>\n<\/td>\n<\/tr>\n<tr>\n<td valign=\"center\">\n<p>Mia\u017cd\u017c\u0105cy stres<\/p>\n<\/td>\n<td valign=\"center\">\n<p>8-10N\/cm<\/p>\n<\/td>\n<\/tr>\n<tr>\n<td valign=\"center\">\n<p>Grubo\u015b\u0107<\/p>\n<\/td>\n<td valign=\"center\">\n<p>1-10mm<\/p>\n<\/td>\n<\/tr>\n<tr>\n<td valign=\"center\">\n<p>Temperatura przetwarzania<\/p>\n<\/td>\n<td valign=\"center\">\n<p>2500(&#8451;)<\/p>\n<\/td>\n<\/tr>\n<\/tbody>\n<\/table><\/div>\n<\/p><\/div>\n<\/p><\/div>\n<\/p><\/div>\n<\/p><\/div>\n<\/p><\/div>\n<div class=\"fl-col-group fl-node-67077d5d26272\" data-node=\"67077d5d26272\">\n<div class=\"fl-col fl-node-67077d5d262b3\" data-node=\"67077d5d262b3\" style=\"width: 100%;\">\n<div class=\"fl-col-content fl-node-content\">\n<div class=\"fl-module fl-module-rich-text fl-node-67077d5d262f8\" data-animation-delay=\"0.0\" data-node=\"67077d5d262f8\">\n<div class=\"fl-module-content fl-node-content\">\n<div class=\"fl-rich-text\">\n<p>Obecnie dost\u0119pne w czterech specyfikacjach, ka\u017cda dost\u0119pna w rolkach, cz\u0119\u015bciach i wst\u0119pnie zjechanych rurkach z filc:<br \/>SCSF: High purity graphite felt, better thermal conductivity, heat treatment temperature of more than 1900&#8451;<br \/>SCSF-P: Ultra-wysoka czysto\u015b\u0107 SCSF-B Felt<br \/>SCSF-v: High purity graphite felt, heat treatment temperature of more than 2650&#8451;, low thermal conductivity<br \/>SCSF-VP: Ultra-wysoka czysto\u015b\u0107 SCSF-D Felt<\/p>\n<\/p><\/div>\n<\/p><\/div>\n<\/p><\/div>\n<\/p><\/div>\n<\/p><\/div>\n<\/p><\/div>\n<div class=\"fl-col-group fl-node-67077d5d2633b\" data-node=\"67077d5d2633b\">\n<div class=\"fl-col fl-node-67077d5d2637d\" data-node=\"67077d5d2637d\" style=\"width: 100%;\">\n<div class=\"fl-col-content fl-node-content\">\n<div class=\"fl-module fl-module-photo fl-node-67077d5d263be\" data-animation-delay=\"0.0\" data-node=\"67077d5d263be\">\n<div class=\"fl-module-content fl-node-content\">\n<div class=\"fl-photo fl-photo-align-center\" itemscope=\"\" itemtype=\"http:\/\/schema.org\/ImageObject\">\n<div class=\"fl-photo-content fl-photo-img-png\"> <img decoding=\"async\" alt=\"&#24494;&#20449;&#25130;&#22270;_20231206112113\" class=\"fl-photo-img wp-image-5393\" itemprop=\"image\" src=\"\/wp-content\/uploads\/2025\/09\/3172eea9a3bb3aa9.webp\"> <\/div>\n<\/p><\/div>\n<\/p><\/div>\n<\/p><\/div>\n<\/p><\/div>\n<\/p><\/div>\n<\/p><\/div>\n<div class=\"fl-col-group fl-node-67077d5d263ff\" data-node=\"67077d5d263ff\">\n<div class=\"fl-col fl-node-67077d5d26441 fl-col-small\" data-node=\"67077d5d26441\" style=\"width: 50%;\">\n<div class=\"fl-col-content fl-node-content\">\n<div class=\"fl-module fl-module-rich-text fl-node-67077d5d26124\" data-animation-delay=\"0.0\" data-node=\"67077d5d26124\">\n<div class=\"fl-module-content fl-node-content\">\n<div class=\"fl-rich-text\">\n<p><strong>W\u0142a\u015bciwo\u015bci :<\/strong><br \/>-Znakomita stabilno\u015b\u0107 termiczna<br \/>-Wysoka wytrzyma\u0142o\u015b\u0107 mechaniczna<br \/>-Dobra przewodno\u015b\u0107 elektryczna i cieplna<br \/>-Doskona\u0142a odporno\u015b\u0107 na szok termiczny i korozj\u0119<br \/>-Wysoka czysto\u015b\u0107 materia\u0142u<br \/>-Wysoka pojemno\u015b\u0107 obci\u0105\u017cenia elektrycznego<br \/>-Jednolity profil temperatury<\/p>\n<\/p><\/div>\n<\/p><\/div>\n<\/p><\/div>\n<\/p><\/div>\n<\/p><\/div>\n<div class=\"fl-col fl-node-67077d5d26483 fl-col-small\" data-node=\"67077d5d26483\" style=\"width: 50%;\">\n<div class=\"fl-col-content fl-node-content\">\n<div class=\"fl-module fl-module-photo fl-node-67077d5d264c4\" data-animation-delay=\"0.0\" data-node=\"67077d5d264c4\">\n<div class=\"fl-module-content fl-node-content\">\n<div class=\"fl-photo fl-photo-align-center\" itemscope=\"\" itemtype=\"http:\/\/schema.org\/ImageObject\">\n<div class=\"fl-photo-content fl-photo-img-png\"> <img decoding=\"async\" alt=\"&#24494;&#20449;&#25130;&#22270;_20231206112141\" class=\"fl-photo-img wp-image-5394\" itemprop=\"image\" src=\"\/wp-content\/uploads\/2025\/09\/f5588e8d0a3d5d35.webp\"> <\/div>\n<\/p><\/div>\n<\/p><\/div>\n<\/p><\/div>\n<\/p><\/div>\n<\/p><\/div>\n<\/p><\/div>\n<div class=\"fl-col-group fl-node-67077d5d26506\" data-node=\"67077d5d26506\">\n<div class=\"fl-col fl-node-67077d5d265db fl-col-small\" data-node=\"67077d5d265db\" style=\"width: 50%;\">\n<div class=\"fl-col-content fl-node-content\">\n<div class=\"fl-module fl-module-photo fl-node-67077d5d26590\" data-animation-delay=\"0.0\" data-node=\"67077d5d26590\">\n<div class=\"fl-module-content fl-node-content\">\n<div class=\"fl-photo fl-photo-align-center\" itemscope=\"\" itemtype=\"http:\/\/schema.org\/ImageObject\">\n<div class=\"fl-photo-content fl-photo-img-png\"> <img decoding=\"async\" alt=\"W\u0119giel i grafit mi\u0119kki filc\" class=\"fl-photo-img wp-image-11187\" itemprop=\"image\" src=\"\/wp-content\/uploads\/2025\/09\/6729cb90bc6142fb.webp\"> <\/div>\n<\/p><\/div>\n<\/p><\/div>\n<\/p><\/div>\n<\/p><\/div>\n<\/p><\/div>\n<div class=\"fl-col fl-node-67077d5d2654a fl-col-small\" data-node=\"67077d5d2654a\" style=\"width: 50%;\">\n<div class=\"fl-col-content fl-node-content\">\n<div class=\"fl-module fl-module-rich-text fl-node-67077d5d26165\" data-animation-delay=\"0.0\" data-node=\"67077d5d26165\">\n<div class=\"fl-module-content fl-node-content\">\n<div class=\"fl-rich-text\">\n<p><strong>Pola aplikacji:<\/strong><br \/>-Piece pr\u00f3\u017cniowe<br \/>-Oboj\u0119tne piece gazowe<br \/>-Obr\u00f3bka cieplna<br \/>(Hartowanie, karbonizacja, lutowanie itp.)<br \/>-Produkcja w\u0142\u00f3kien w\u0119glowych<br \/>-Produkcja twardej metalu<br \/>-Aplikacje spiekania<br \/>-Techniczna produkcja ceramiczna<br \/>-Wybrze\u017ce CVD\/PVD<\/p>\n<\/p><\/div>\n<\/p><\/div>\n<\/p><\/div>\n<\/p><\/div>\n<\/p><\/div>\n<\/p><\/div>\n<div class=\"fl-col-group fl-node-67077e388f341\" data-node=\"67077e388f341\">\n<div class=\"fl-col fl-node-67077e388f52f\" data-node=\"67077e388f52f\" style=\"width: 100%;\">\n<div class=\"fl-col-content fl-node-content\">\n<div class=\"fl-module fl-module-photo fl-node-67077e388f1c9\" data-animation-delay=\"0.0\" data-node=\"67077e388f1c9\">\n<div class=\"fl-module-content fl-node-content\">\n<div class=\"fl-photo fl-photo-align-center\" itemscope=\"\" itemtype=\"http:\/\/schema.org\/ImageObject\">\n<div class=\"fl-photo-content fl-photo-img-jpg\"> <img decoding=\"async\" alt=\"graphite-felt_635980\" class=\"fl-photo-img wp-image-11188\" itemprop=\"image\" src=\"\/wp-content\/uploads\/2025\/09\/f378ab867ae0affe.webp\"> <\/div>\n<\/p><\/div>\n<\/p><\/div>\n<\/p><\/div>\n<\/p><\/div>\n<\/p><\/div>\n<\/p><\/div>\n<\/p><\/div>\n<\/p><\/div>\n<\/p><\/div>\n<div class=\"fl-row fl-row-full-width fl-row-bg-none fl-node-67077d665f5c0\" data-node=\"67077d665f5c0\">\n<div class=\"fl-row-content-wrap\">\n<div class=\"fl-row-content fl-row-full-width fl-node-content\">\n<div class=\"fl-col-group fl-node-67077d665f601\" data-node=\"67077d665f601\">\n<div class=\"fl-col fl-node-67077d665f642\" data-node=\"67077d665f642\" style=\"width: 100%;\">\n<div class=\"fl-col-content fl-node-content\">\n<div class=\"fl-module fl-module-photo fl-node-67077d665f681\" data-animation-delay=\"0.0\" data-node=\"67077d665f681\">\n<div class=\"fl-module-content fl-node-content\">\n<div class=\"fl-photo fl-photo-align-center\" itemscope=\"\" itemtype=\"http:\/\/schema.org\/ImageObject\">\n<div class=\"fl-photo-content fl-photo-img-jpg\"> <img decoding=\"async\" alt=\"Miejsce pracy p\u00f3\u0142cesy\" class=\"fl-photo-img wp-image-9038\" itemprop=\"image\" src=\"\/wp-content\/uploads\/2025\/09\/b1dd0bcab1675ff4.webp\"> <\/div>\n<\/p><\/div>\n<\/p><\/div>\n<\/p><\/div>\n<div class=\"fl-module fl-module-photo fl-node-67077d665f79f\" data-animation-delay=\"0.0\" data-node=\"67077d665f79f\">\n<div class=\"fl-module-content fl-node-content\">\n<div class=\"fl-photo fl-photo-align-center\" itemscope=\"\" itemtype=\"http:\/\/schema.org\/ImageObject\">\n<div class=\"fl-photo-content fl-photo-img-jpg\"> <img decoding=\"async\" alt=\"P\u00f3\u0142cera robocza miejsce 2\" class=\"fl-photo-img wp-image-9037\" itemprop=\"image\" src=\"\/wp-content\/uploads\/2025\/09\/2b946d2b4b61306d.webp\"> <\/div>\n<\/p><\/div>\n<\/p><\/div>\n<\/p><\/div>\n<div class=\"fl-module fl-module-photo fl-node-67077d665f75f\" data-animation-delay=\"0.0\" data-node=\"67077d665f75f\">\n<div class=\"fl-module-content fl-node-content\">\n<div class=\"fl-photo fl-photo-align-center\" itemscope=\"\" itemtype=\"http:\/\/schema.org\/ImageObject\">\n<div class=\"fl-photo-content fl-photo-img-jpg\"> <img decoding=\"async\" alt=\"Maszyna sprz\u0119tu\" class=\"fl-photo-img wp-image-9034 size-full\" itemprop=\"image\" src=\"\/wp-content\/uploads\/2025\/09\/081b6529d68ead23.webp\"> <\/div>\n<\/p><\/div>\n<\/p><\/div>\n<\/p><\/div>\n<div class=\"fl-module fl-module-photo fl-node-67077d665f71e\" data-animation-delay=\"0.0\" data-node=\"67077d665f71e\">\n<div class=\"fl-module-content fl-node-content\">\n<div class=\"fl-photo fl-photo-align-center\" itemscope=\"\" itemtype=\"http:\/\/schema.org\/ImageObject\">\n<div class=\"fl-photo-content fl-photo-img-jpg\"> <img decoding=\"async\" alt=\"Przetwarzanie CNN, czyszczenie chemiczne, pow\u0142oka CVD\" class=\"fl-photo-img wp-image-9033\" itemprop=\"image\" src=\"\/wp-content\/uploads\/2025\/09\/a4132b2b399abbac.webp\"> <\/div>\n<\/p><\/div>\n<\/p><\/div>\n<\/p><\/div>\n<div class=\"fl-module fl-module-photo fl-node-67077d665f6fd\" data-animation-delay=\"0.0\" data-node=\"67077d665f6fd\">\n<div class=\"fl-module-content fl-node-content\">\n<div class=\"fl-photo fl-photo-align-center\" itemscope=\"\" itemtype=\"http:\/\/schema.org\/ImageObject\">\n<div class=\"fl-photo-content fl-photo-img-jpg\"> <img decoding=\"async\" alt=\"Semicera Ware House\" class=\"fl-photo-img wp-image-9036\" itemprop=\"image\" src=\"\/wp-content\/uploads\/2025\/09\/2190bb9ce5c1d546.webp\"> <\/div>\n<\/p><\/div>\n<\/p><\/div>\n<\/p><\/div>\n<div class=\"fl-module fl-module-photo fl-node-67077d665f6bf\" data-animation-delay=\"0.0\" data-node=\"67077d665f6bf\">\n<div class=\"fl-module-content fl-node-content\">\n<div class=\"fl-photo fl-photo-align-center\" itemscope=\"\" itemtype=\"http:\/\/schema.org\/ImageObject\">\n<div class=\"fl-photo-content fl-photo-img-jpg\"> <img decoding=\"async\" alt=\"Nasza us\u0142uga\" class=\"fl-photo-img wp-image-9035\" itemprop=\"image\" src=\"\/wp-content\/uploads\/2025\/09\/b07f222c0ec0ab8d.webp\"> <\/div>\n<\/p><\/div>\n<\/p><\/div>\n<\/p><\/div>\n<\/p><\/div>\n<\/p><\/div>\n<\/p><\/div>\n<\/p><\/div>\n<\/p><\/div>\n<\/p><\/div>\n<\/div>","protected":false},"excerpt":{"rendered":"<p><?xml encoding=\"utf-8\" ?><\/p>\n<p>Semicera&rsquo;s carbon and graphite soft felts are designed to provide excellent insulation and performance in high temperature applications. This versatile material combines lightweight flexibility with exceptional durability, making it an ideal choice for industries such as aerospace and electronics. Semicera ensures that every product meets stringent quality standards, providing reliability and efficiency. With its excellent thermal conductivity and low thermal expansion, this felt is ideal for a variety of insulation needs, ensuring optimal performance in demanding environments. We look forward to being your long-term partner in China.<\/p>","protected":false},"featured_media":592,"comment_status":"closed","ping_status":"open","template":"","meta":[],"product_brand":[],"product_cat":[29,43],"product_tag":[],"class_list":{"0":"post-1344","1":"product","2":"type-product","3":"status-publish","4":"has-post-thumbnail","6":"product_cat-carbon-fiber","7":"product_cat-soft-felt","9":"first","10":"instock","11":"product-type-simple"},"_links":{"self":[{"href":"https:\/\/www.cn-semiconductorparts.com\/pl\/wp-json\/wp\/v2\/product\/1344","targetHints":{"allow":["GET"]}}],"collection":[{"href":"https:\/\/www.cn-semiconductorparts.com\/pl\/wp-json\/wp\/v2\/product"}],"about":[{"href":"https:\/\/www.cn-semiconductorparts.com\/pl\/wp-json\/wp\/v2\/types\/product"}],"replies":[{"embeddable":true,"href":"https:\/\/www.cn-semiconductorparts.com\/pl\/wp-json\/wp\/v2\/comments?post=1344"}],"wp:featuredmedia":[{"embeddable":true,"href":"https:\/\/www.cn-semiconductorparts.com\/pl\/wp-json\/wp\/v2\/media\/592"}],"wp:attachment":[{"href":"https:\/\/www.cn-semiconductorparts.com\/pl\/wp-json\/wp\/v2\/media?parent=1344"}],"wp:term":[{"taxonomy":"product_brand","embeddable":true,"href":"https:\/\/www.cn-semiconductorparts.com\/pl\/wp-json\/wp\/v2\/product_brand?post=1344"},{"taxonomy":"product_cat","embeddable":true,"href":"https:\/\/www.cn-semiconductorparts.com\/pl\/wp-json\/wp\/v2\/product_cat?post=1344"},{"taxonomy":"product_tag","embeddable":true,"href":"https:\/\/www.cn-semiconductorparts.com\/pl\/wp-json\/wp\/v2\/product_tag?post=1344"}],"curies":[{"name":"WP","href":"https:\/\/api.w.org\/{rel}","templated":true}]}}