{"id":1346,"date":"2025-09-11T05:28:33","date_gmt":"2025-09-11T05:28:33","guid":{"rendered":"https:\/\/weitai2.globaldeepsea.site\/product\/carbon-carbon-composites\/"},"modified":"2026-04-29T15:34:10","modified_gmt":"2026-04-29T07:34:10","slug":"carbon-carbon-composites","status":"publish","type":"product","link":"https:\/\/www.cn-semiconductorparts.com\/pl\/product\/carbon-carbon-composites\/","title":{"rendered":"Kompozyty w\u0119glowe w\u0119glowe"},"content":{"rendered":"<p><?xml encoding=\"utf-8\" ?><\/p>\n<div class=\"fl-builder-content fl-builder-content-11170 fl-builder-content-primary fl-builder-global-templates-locked\" data-post-id=\"11170\">\n<div class=\"fl-row fl-row-full-width fl-row-bg-none fl-node-67074e94d183e\" data-node=\"67074e94d183e\">\n<div class=\"fl-row-content-wrap\">\n<div class=\"fl-row-content fl-row-full-width fl-node-content\">\n<div class=\"fl-col-group fl-node-67074f0a0cadf\" data-node=\"67074f0a0cadf\">\n<div class=\"fl-col fl-node-67074f0a0cc98\" data-node=\"67074f0a0cc98\" style=\"width: 100%;\">\n<div class=\"fl-col-content fl-node-content\">\n<div class=\"fl-module fl-module-rich-text fl-node-67074f0a0c992\" data-animation-delay=\"0.0\" data-node=\"67074f0a0c992\">\n<div class=\"fl-module-content fl-node-content\">\n<div class=\"fl-rich-text\">\n<p><span style=\"font-family: arial, helvetica, sans-serif; font-size: medium;\">The Carbon Carbon Composites offered by Semicera are engineered to deliver exceptional performance in high-temperature and high-stress environments. These advanced materials, also known as Reinforced Carbon&ndash;Carbon Composites (RCC), provide superior strength, thermal stability, and resistance to oxidation, making them ideal for a range of demanding applications, from aerospace to industrial machinery.<\/span><\/p>\n<p><span style=\"font-family: arial, helvetica, sans-serif; font-size: medium;\">Semicera&rsquo;s Carbon Carbon Composites are produced using high-quality carbon carbon fiber, delivering a combination of lightweight properties and high strength. This makes them particularly suited for applications requiring materials that can withstand extreme heat and stress, such as in space vehicles, high-performance brake systems, and specialized industrial components.<\/span><\/p>\n<p><span style=\"font-family: arial, helvetica, sans-serif; font-size: medium;\">The structure of C-C composites is reinforced through the use of carbon fiber-reinforced carbon (CFRC), ensuring the materials maintain their integrity even in extreme conditions. The composition of carbon carbon materials and composites from Semicera also provides high durability and oxidation resistance, extending the lifespan of the components made from them.<\/span><\/p>\n<p><span style=\"font-family: arial, helvetica, sans-serif; font-size: medium;\">These Carbon Carbon Composites are an essential choice for industries requiring materials that balance strength, heat resistance, and weight, making them a top option for critical applications. Whether you need C-C composites for aerospace, automotive, or industrial uses, Semicera&rsquo;s products ensure top-tier performance.<\/span><\/p>\n<\/p><\/div>\n<\/p><\/div>\n<\/p><\/div>\n<\/p><\/div>\n<\/p><\/div>\n<\/p><\/div>\n<div class=\"fl-col-group fl-node-67074e94d1882\" data-node=\"67074e94d1882\">\n<div class=\"fl-col fl-node-67074e94d18c5\" data-node=\"67074e94d18c5\" style=\"width: 100%;\">\n<div class=\"fl-col-content fl-node-content\">\n<div class=\"fl-module fl-module-rich-text fl-node-67074e94d1906\" data-animation-delay=\"0.0\" data-node=\"67074e94d1906\">\n<div class=\"fl-module-content fl-node-content\">\n<div class=\"fl-rich-text\">\n<table border=\"0\" cellspacing=\"0\">\n<tbody>\n<tr>\n<td colspan=\"3\" valign=\"center\" width=\"615\">\n<p align=\"center\"><b>Dane techniczne kompozyt\u00f3w w\u0119glowych\/w\u0119glowych<\/b><\/p>\n<\/td>\n<td valign=\"center\" width=\"10\">\n<p>&nbsp;<\/p>\n<\/td>\n<\/tr>\n<tr>\n<td valign=\"center\" width=\"205\">\n<p>Indeks<\/p>\n<\/td>\n<td valign=\"center\" width=\"126\">\n<p align=\"center\">Jednostka<\/p>\n<\/td>\n<td valign=\"center\" width=\"283\">\n<p align=\"center\">Warto\u015b\u0107<\/p>\n<\/td>\n<td valign=\"center\" width=\"10\">\n<p>&nbsp;<\/p>\n<\/td>\n<\/tr>\n<tr>\n<td valign=\"center\" width=\"205\">\n<p>G\u0119sto\u015b\u0107 luzem<\/p>\n<\/td>\n<td valign=\"center\" width=\"126\">\n<p align=\"center\">g\/cm3<\/p>\n<\/td>\n<td valign=\"center\" width=\"283\">\n<p align=\"center\">1.40~1.50<\/p>\n<\/td>\n<td valign=\"center\" width=\"10\">\n<p>&nbsp;<\/p>\n<\/td>\n<\/tr>\n<tr>\n<td valign=\"center\" width=\"205\">\n<p>Zawarto\u015b\u0107 w\u0119gla<\/p>\n<\/td>\n<td valign=\"center\" width=\"126\">\n<p align=\"center\">%<\/p>\n<\/td>\n<td valign=\"center\" width=\"283\">\n<p align=\"center\">&ge;98.5~99.9<\/p>\n<\/td>\n<td valign=\"center\" width=\"10\">\n<p>&nbsp;<\/p>\n<\/td>\n<\/tr>\n<tr>\n<td valign=\"center\" width=\"205\">\n<p>Popi\u00f3\u0142<\/p>\n<\/td>\n<td valign=\"center\" width=\"126\">\n<p align=\"center\">Ppm<\/p>\n<\/td>\n<td valign=\"center\" width=\"283\">\n<p align=\"center\">&le;65<\/p>\n<\/td>\n<td valign=\"center\" width=\"10\">\n<p>&nbsp;<\/p>\n<\/td>\n<\/tr>\n<tr>\n<td valign=\"center\" width=\"205\">\n<p>Thermal conductivity (1150&#8451;)<\/p>\n<\/td>\n<td valign=\"center\" width=\"126\">\n<p align=\"center\">W\/mk<\/p>\n<\/td>\n<td valign=\"center\" width=\"283\">\n<p align=\"center\">10~30<\/p>\n<\/td>\n<td valign=\"center\" width=\"10\">\n<p>&nbsp;<\/p>\n<\/td>\n<\/tr>\n<tr>\n<td valign=\"center\" width=\"205\">\n<p>Wytrzyma\u0142o\u015b\u0107 na rozci\u0105ganie<\/p>\n<\/td>\n<td valign=\"center\" width=\"126\">\n<p align=\"center\">MPA<\/p>\n<\/td>\n<td valign=\"center\" width=\"283\">\n<p align=\"center\">90~130<\/p>\n<\/td>\n<td valign=\"center\" width=\"10\">\n<p>&nbsp;<\/p>\n<\/td>\n<\/tr>\n<tr>\n<td valign=\"center\" width=\"205\">\n<p>Si\u0142a zginania<\/p>\n<\/td>\n<td valign=\"center\" width=\"126\">\n<p align=\"center\">MPA<\/p>\n<\/td>\n<td valign=\"center\" width=\"283\">\n<p align=\"center\">100~150<\/p>\n<\/td>\n<td valign=\"center\" width=\"10\">\n<p>&nbsp;<\/p>\n<\/td>\n<\/tr>\n<tr>\n<td valign=\"center\" width=\"205\">\n<p>Si\u0142a \u015bciskaj\u0105ca<\/p>\n<\/td>\n<td valign=\"center\" width=\"126\">\n<p align=\"center\">MPA<\/p>\n<\/td>\n<td valign=\"center\" width=\"283\">\n<p align=\"center\">130~170<\/p>\n<\/td>\n<td valign=\"center\" width=\"10\">\n<p>&nbsp;<\/p>\n<\/td>\n<\/tr>\n<tr>\n<td valign=\"center\" width=\"205\">\n<p>Si\u0142a \u015bcinania<\/p>\n<\/td>\n<td valign=\"center\" width=\"126\">\n<p align=\"center\">MPA<\/p>\n<\/td>\n<td valign=\"center\" width=\"283\">\n<p align=\"center\">50~60<\/p>\n<\/td>\n<td valign=\"center\" width=\"10\">\n<p>&nbsp;<\/p>\n<\/td>\n<\/tr>\n<tr>\n<td valign=\"center\" width=\"205\">\n<p>Si\u0142a \u015bcinania interlaminarnego<\/p>\n<\/td>\n<td valign=\"center\" width=\"126\">\n<p align=\"center\">MPA<\/p>\n<\/td>\n<td valign=\"center\" width=\"283\">\n<p align=\"center\">&ge;13<\/p>\n<\/td>\n<td valign=\"center\" width=\"10\">\n<p>&nbsp;<\/p>\n<\/td>\n<\/tr>\n<tr>\n<td valign=\"center\" width=\"205\">\n<p>Rezystywno\u015b\u0107 elektryczna<\/p>\n<\/td>\n<td valign=\"center\" width=\"126\">\n<p align=\"center\">&Omega;.mm2\/m<\/p>\n<\/td>\n<td valign=\"center\" width=\"283\">\n<p align=\"center\">30~43<\/p>\n<\/td>\n<td valign=\"center\" width=\"10\">\n<p>&nbsp;<\/p>\n<\/td>\n<\/tr>\n<tr>\n<td valign=\"center\" width=\"205\">\n<p>Wsp\u00f3\u0142czynnik rozszerzalno\u015bci cieplnej<\/p>\n<\/td>\n<td valign=\"center\" width=\"126\">\n<p align=\"center\">106\/K<\/p>\n<\/td>\n<td valign=\"center\" width=\"283\">\n<p align=\"center\">0.3~1.2<\/p>\n<\/td>\n<td valign=\"center\" width=\"10\">\n<p>&nbsp;<\/p>\n<\/td>\n<\/tr>\n<tr>\n<td valign=\"center\" width=\"205\">\n<p>Temperatura przetwarzania<\/p>\n<\/td>\n<td valign=\"center\" width=\"126\">\n<p align=\"center\">&#8451;<\/p>\n<\/td>\n<td valign=\"center\" width=\"283\">\n<p align=\"center\">&ge;2400&#8451;<\/p>\n<\/td>\n<td valign=\"center\" width=\"10\">\n<p>&nbsp;<\/p>\n<\/td>\n<\/tr>\n<tr>\n<td colspan=\"3\" rowspan=\"2\" valign=\"center\" width=\"615\">\n<p>Jako\u015b\u0107 wojskowa, pe\u0142ne chemiczne osadzanie pary piec\u00f3w, importowane z w\u0142\u00f3kna w\u0119glowego Toray T700 Wst\u0119pnie tkane ig\u0142y 3D<br \/>Specyfikacje materia\u0142u: maksymalna \u015brednica zewn\u0119trzna 2000 mm, grubo\u015b\u0107 \u015bciany 8-25 mm, wysoko\u015b\u0107 1600 mm<\/p>\n<\/td>\n<td valign=\"center\">\n<p>&nbsp;<\/p>\n<\/td>\n<\/tr>\n<tr>\n<td valign=\"center\">&nbsp;<\/td>\n<\/tr>\n<\/tbody>\n<\/table><\/div>\n<\/p><\/div>\n<\/p><\/div>\n<\/p><\/div>\n<\/p><\/div>\n<\/p><\/div>\n<div class=\"fl-col-group fl-node-67074ff1489b9\" data-node=\"67074ff1489b9\">\n<div class=\"fl-col fl-node-67074ff148c40\" data-node=\"67074ff148c40\" style=\"width: 100%;\">\n<div class=\"fl-col-content fl-node-content\">\n<div class=\"fl-module fl-module-photo fl-node-67074fd2e640f\" data-animation-delay=\"0.0\" data-node=\"67074fd2e640f\">\n<div class=\"fl-module-content fl-node-content\">\n<div class=\"fl-photo fl-photo-align-center\" itemscope=\"\" itemtype=\"http:\/\/schema.org\/ImageObject\">\n<div class=\"fl-photo-content fl-photo-img-png\"> <img decoding=\"async\" alt=\"format_webp-2\" class=\"fl-photo-img wp-image-11179\" itemprop=\"image\" src=\"\/wp-content\/uploads\/2025\/09\/6477f956dac6a75b.webp\"> <\/div>\n<\/p><\/div>\n<\/p><\/div>\n<\/p><\/div>\n<\/p><\/div>\n<\/p><\/div>\n<\/p><\/div>\n<div class=\"fl-col-group fl-node-67074e94d1a0e\" data-node=\"67074e94d1a0e\">\n<div class=\"fl-col fl-node-67074e94d1a4e\" data-node=\"67074e94d1a4e\" style=\"width: 100%;\">\n<div class=\"fl-col-content fl-node-content\">\n<div class=\"fl-module fl-module-rich-text fl-node-67074e94d19cd\" data-animation-delay=\"0.0\" data-node=\"67074e94d19cd\">\n<div class=\"fl-module-content fl-node-content\">\n<div class=\"fl-rich-text\">\n<p><b>Kompozyty w\u0119glowe w\u0119glowe:<\/b><br \/>Carbon carbon composites&nbsp;(Carbon-fiber-reinforced carbon composites) (CFC) is a kind of material formed by high strength carbon fiber and carbon matrix after graphitization enhancement processing.<\/p>\n<\/p><\/div>\n<\/p><\/div>\n<\/p><\/div>\n<\/p><\/div>\n<\/p><\/div>\n<\/p><\/div>\n<div class=\"fl-col-group fl-node-67074e94d1a8e\" data-node=\"67074e94d1a8e\">\n<div class=\"fl-col fl-node-67074e94d1acf fl-col-small\" data-node=\"67074e94d1acf\" style=\"width: 50%;\">\n<div class=\"fl-col-content fl-node-content\">\n<div class=\"fl-module fl-module-rich-text fl-node-67074e94d1947\" data-animation-delay=\"0.0\" data-node=\"67074e94d1947\">\n<div class=\"fl-module-content fl-node-content\">\n<div class=\"fl-rich-text\">\n<p>Mo\u017ce by\u0107 szeroko stosowany w \u015brodowisku o wysokiej temperaturze r\u00f3\u017cnych struktury, grzejnika i naczynia. W por\u00f3wnaniu z tradycyjnymi materia\u0142ami in\u017cynierskimi kompozyt w\u0119glowy ma nast\u0119puj\u0105ce zalety:<\/p>\n<p>1) Wysoka si\u0142a<\/p>\n<p>2) High temperature up to 2000&#8451;<\/p>\n<p>3) Odporno\u015b\u0107 na wstrz\u0105sy termiczne<\/p>\n<p>4) niski wsp\u00f3\u0142czynnik rozszerzalno\u015bci cieplnej<\/p>\n<p>5) Ma\u0142a pojemno\u015b\u0107 termiczna<\/p>\n<p>6) Doskona\u0142a odporno\u015b\u0107 na korozj\u0119 i odporno\u015b\u0107 na promieniowanie<\/p>\n<\/p><\/div>\n<\/p><\/div>\n<\/p><\/div>\n<\/p><\/div>\n<\/p><\/div>\n<div class=\"fl-col fl-node-67074e94d1b0f fl-col-small\" data-node=\"67074e94d1b0f\" style=\"width: 50%;\">\n<div class=\"fl-col-content fl-node-content\">\n<div class=\"fl-module fl-module-rich-text fl-node-67074e94d1987\" data-animation-delay=\"0.0\" data-node=\"67074e94d1987\">\n<div class=\"fl-module-content fl-node-content\">\n<div class=\"fl-rich-text\">\n<p><b>Aplikacja:<\/b><br \/>1. Aerospace. Z powodu materia\u0142u kompozytowego ma dobr\u0105 stabilno\u015b\u0107 termiczn\u0105, wysok\u0105 wytrzyma\u0142o\u015b\u0107 i sztywno\u015b\u0107. Mo\u017ce by\u0107 stosowany do produkcji hamulc\u00f3w samolot\u00f3w, skrzyd\u0142a i kad\u0142uba, anteny satelitarnej oraz struktury wsporczej, skrzyd\u0142a s\u0142onecznego i skorupy, du\u017cej skorupy rakietowej, skorupy silnika itp.<\/p>\n<p>2. Przemys\u0142 motoryzacyjny.<\/p>\n<p>3. Pole medyczne.<\/p>\n<p>4. Osadowanie ciep\u0142a<\/p>\n<p>5. Jednostka grzewcza<\/p>\n<p>6. Insulation Ray<\/p>\n<\/p><\/div>\n<\/p><\/div>\n<\/p><\/div>\n<\/p><\/div>\n<\/p><\/div>\n<\/p><\/div>\n<\/p><\/div>\n<\/p><\/div>\n<\/p><\/div>\n<div class=\"fl-row fl-row-full-width fl-row-bg-none fl-node-67074fc0a96c1\" data-node=\"67074fc0a96c1\">\n<div class=\"fl-row-content-wrap\">\n<div class=\"fl-row-content fl-row-full-width fl-node-content\">\n<div class=\"fl-col-group fl-node-67074fc0a9704\" data-node=\"67074fc0a9704\">\n<div class=\"fl-col fl-node-67074fc0a9745\" data-node=\"67074fc0a9745\" style=\"width: 100%;\">\n<div class=\"fl-col-content fl-node-content\">\n<div class=\"fl-module fl-module-photo fl-node-67074fc0a9785\" data-animation-delay=\"0.0\" data-node=\"67074fc0a9785\">\n<div class=\"fl-module-content fl-node-content\">\n<div class=\"fl-photo fl-photo-align-center\" itemscope=\"\" itemtype=\"http:\/\/schema.org\/ImageObject\">\n<div class=\"fl-photo-content fl-photo-img-jpg\"> <img decoding=\"async\" alt=\"Miejsce pracy p\u00f3\u0142cesy\" class=\"fl-photo-img wp-image-9038\" itemprop=\"image\" src=\"\/wp-content\/uploads\/2025\/09\/b1dd0bcab1675ff4.webp\"> <\/div>\n<\/p><\/div>\n<\/p><\/div>\n<\/p><\/div>\n<div class=\"fl-module fl-module-photo fl-node-67074fc0a98c5\" data-animation-delay=\"0.0\" data-node=\"67074fc0a98c5\">\n<div class=\"fl-module-content fl-node-content\">\n<div class=\"fl-photo fl-photo-align-center\" itemscope=\"\" itemtype=\"http:\/\/schema.org\/ImageObject\">\n<div class=\"fl-photo-content fl-photo-img-jpg\"> <img decoding=\"async\" alt=\"P\u00f3\u0142cera robocza miejsce 2\" class=\"fl-photo-img wp-image-9037\" itemprop=\"image\" src=\"\/wp-content\/uploads\/2025\/09\/2b946d2b4b61306d.webp\"> <\/div>\n<\/p><\/div>\n<\/p><\/div>\n<\/p><\/div>\n<div class=\"fl-module fl-module-photo fl-node-67074fc0a9885\" data-animation-delay=\"0.0\" data-node=\"67074fc0a9885\">\n<div class=\"fl-module-content fl-node-content\">\n<div class=\"fl-photo fl-photo-align-center\" itemscope=\"\" itemtype=\"http:\/\/schema.org\/ImageObject\">\n<div class=\"fl-photo-content fl-photo-img-jpg\"> <img decoding=\"async\" alt=\"Maszyna sprz\u0119tu\" class=\"fl-photo-img wp-image-9034 size-full\" itemprop=\"image\" src=\"\/wp-content\/uploads\/2025\/09\/081b6529d68ead23.webp\"> <\/div>\n<\/p><\/div>\n<\/p><\/div>\n<\/p><\/div>\n<div class=\"fl-module fl-module-photo fl-node-67074fc0a9845\" data-animation-delay=\"0.0\" data-node=\"67074fc0a9845\">\n<div class=\"fl-module-content fl-node-content\">\n<div class=\"fl-photo fl-photo-align-center\" itemscope=\"\" itemtype=\"http:\/\/schema.org\/ImageObject\">\n<div class=\"fl-photo-content fl-photo-img-jpg\"> <img decoding=\"async\" alt=\"Przetwarzanie CNN, czyszczenie chemiczne, pow\u0142oka CVD\" class=\"fl-photo-img wp-image-9033\" itemprop=\"image\" src=\"\/wp-content\/uploads\/2025\/09\/a4132b2b399abbac.webp\"> <\/div>\n<\/p><\/div>\n<\/p><\/div>\n<\/p><\/div>\n<div class=\"fl-module fl-module-photo fl-node-67074fc0a9805\" data-animation-delay=\"0.0\" data-node=\"67074fc0a9805\">\n<div class=\"fl-module-content fl-node-content\">\n<div class=\"fl-photo fl-photo-align-center\" itemscope=\"\" itemtype=\"http:\/\/schema.org\/ImageObject\">\n<div class=\"fl-photo-content fl-photo-img-jpg\"> <img decoding=\"async\" alt=\"Semicera Ware House\" class=\"fl-photo-img wp-image-9036\" itemprop=\"image\" src=\"\/wp-content\/uploads\/2025\/09\/2190bb9ce5c1d546.webp\"> <\/div>\n<\/p><\/div>\n<\/p><\/div>\n<\/p><\/div>\n<div class=\"fl-module fl-module-photo fl-node-67074fc0a97c5\" data-animation-delay=\"0.0\" data-node=\"67074fc0a97c5\">\n<div class=\"fl-module-content fl-node-content\">\n<div class=\"fl-photo fl-photo-align-center\" itemscope=\"\" itemtype=\"http:\/\/schema.org\/ImageObject\">\n<div class=\"fl-photo-content fl-photo-img-jpg\"> <img decoding=\"async\" alt=\"Nasza us\u0142uga\" class=\"fl-photo-img wp-image-9035\" itemprop=\"image\" src=\"\/wp-content\/uploads\/2025\/09\/b07f222c0ec0ab8d.webp\"> <\/div>\n<\/p><\/div>\n<\/p><\/div>\n<\/p><\/div>\n<\/p><\/div>\n<\/p><\/div>\n<\/p><\/div>\n<\/p><\/div>\n<\/p><\/div>\n<\/p><\/div>\n<\/div>","protected":false},"excerpt":{"rendered":"<p><?xml encoding=\"utf-8\" ?><\/p>\n<p>Semicera offers high-performance carbon-carbon composites designed for applications that require superior strength and thermal stability. These advanced materials are well suited for extreme environments, with exceptional durability and oxidation resistance. These composites maintain integrity under high pressure and temperature, making them a reliable choice for critical applications. Trust Semicera to provide innovative carbon-based material solutions. We look forward to being your long-term partner in China.<\/p>","protected":false},"featured_media":505,"comment_status":"closed","ping_status":"open","template":"","meta":[],"product_brand":[],"product_cat":[29,43],"product_tag":[],"class_list":{"0":"post-1346","1":"product","2":"type-product","3":"status-publish","4":"has-post-thumbnail","6":"product_cat-carbon-fiber","7":"product_cat-soft-felt","9":"first","10":"instock","11":"product-type-simple"},"_links":{"self":[{"href":"https:\/\/www.cn-semiconductorparts.com\/pl\/wp-json\/wp\/v2\/product\/1346","targetHints":{"allow":["GET"]}}],"collection":[{"href":"https:\/\/www.cn-semiconductorparts.com\/pl\/wp-json\/wp\/v2\/product"}],"about":[{"href":"https:\/\/www.cn-semiconductorparts.com\/pl\/wp-json\/wp\/v2\/types\/product"}],"replies":[{"embeddable":true,"href":"https:\/\/www.cn-semiconductorparts.com\/pl\/wp-json\/wp\/v2\/comments?post=1346"}],"wp:featuredmedia":[{"embeddable":true,"href":"https:\/\/www.cn-semiconductorparts.com\/pl\/wp-json\/wp\/v2\/media\/505"}],"wp:attachment":[{"href":"https:\/\/www.cn-semiconductorparts.com\/pl\/wp-json\/wp\/v2\/media?parent=1346"}],"wp:term":[{"taxonomy":"product_brand","embeddable":true,"href":"https:\/\/www.cn-semiconductorparts.com\/pl\/wp-json\/wp\/v2\/product_brand?post=1346"},{"taxonomy":"product_cat","embeddable":true,"href":"https:\/\/www.cn-semiconductorparts.com\/pl\/wp-json\/wp\/v2\/product_cat?post=1346"},{"taxonomy":"product_tag","embeddable":true,"href":"https:\/\/www.cn-semiconductorparts.com\/pl\/wp-json\/wp\/v2\/product_tag?post=1346"}],"curies":[{"name":"WP","href":"https:\/\/api.w.org\/{rel}","templated":true}]}}