{"id":1347,"date":"2025-09-11T05:28:33","date_gmt":"2025-09-11T05:28:33","guid":{"rendered":"https:\/\/weitai2.globaldeepsea.site\/product\/soft-graphite-felt\/"},"modified":"2026-04-29T15:34:10","modified_gmt":"2026-04-29T07:34:10","slug":"soft-graphite-felt","status":"publish","type":"product","link":"https:\/\/www.cn-semiconductorparts.com\/pl\/product\/soft-graphite-felt\/","title":{"rendered":"Mi\u0119kki filc grafitu"},"content":{"rendered":"<p><?xml encoding=\"utf-8\" ?><\/p>\n<div class=\"fl-builder-content fl-builder-content-11182 fl-builder-content-primary fl-builder-global-templates-locked\" data-post-id=\"11182\">\n<div class=\"fl-row fl-row-full-width fl-row-bg-none fl-node-67077bfb9267d\" data-node=\"67077bfb9267d\">\n<div class=\"fl-row-content-wrap\">\n<div class=\"fl-row-content fl-row-full-width fl-node-content\">\n<div class=\"fl-col-group fl-node-67077c5ce2f28\" data-node=\"67077c5ce2f28\">\n<div class=\"fl-col fl-node-67077c5ce3270\" data-node=\"67077c5ce3270\" style=\"width: 100%;\">\n<div class=\"fl-col-content fl-node-content\">\n<div class=\"fl-module fl-module-rich-text fl-node-67077c5ce2cce\" data-animation-delay=\"0.0\" data-node=\"67077c5ce2cce\">\n<div class=\"fl-module-content fl-node-content\">\n<div class=\"fl-rich-text\">\n<p><span style=\"font-family: arial, helvetica, sans-serif; font-size: medium;\">The Soft Graphite Felt from Semicera is a versatile and high-performance material designed for a range of industrial applications. This felt is made from high-quality isostatic graphite, offering exceptional thermal conductivity and resilience. Its porous structure enhances performance in various environments, making it ideal for use in C\/C composites and other high-temperature applications.<\/span><\/p>\n<p><span style=\"font-family: arial, helvetica, sans-serif; font-size: medium;\">With Semicera&#8217;s commitment to quality, our Soft Graphite Felt provides not only the flexibility of soft felt but also the durability needed for demanding applications. Whether used in combination with graphite foil or as a standalone material, it ensures reliable performance and longevity. Trust Semicera for innovative solutions that meet your industrial needs.<\/span><\/p>\n<\/p><\/div>\n<\/p><\/div>\n<\/p><\/div>\n<\/p><\/div>\n<\/p><\/div>\n<\/p><\/div>\n<div class=\"fl-col-group fl-node-67077bfb926c1\" data-node=\"67077bfb926c1\">\n<div class=\"fl-col fl-node-67077bfb92702\" data-node=\"67077bfb92702\" style=\"width: 100%;\">\n<div class=\"fl-col-content fl-node-content\">\n<div class=\"fl-module fl-module-heading fl-node-67077bfb92788\" data-animation-delay=\"0.0\" data-node=\"67077bfb92788\">\n<div class=\"fl-module-content fl-node-content\">\n<h3 class=\"fl-heading\"> <span class=\"fl-heading-text\">Szczeg\u00f3\u0142y produktu<\/span> <\/h3>\n<\/p><\/div>\n<\/p><\/div>\n<div class=\"fl-module fl-module-rich-text fl-node-67077bfb92743\" data-animation-delay=\"0.0\" data-node=\"67077bfb92743\">\n<div class=\"fl-module-content fl-node-content\">\n<div class=\"fl-rich-text\">\n<table border=\"0\" cellspacing=\"0\">\n<tbody>\n<tr>\n<td valign=\"center\">\n<p>Nazwa produktu<\/p>\n<\/td>\n<td valign=\"center\">\n<p>Graphit Fintr<\/p>\n<\/td>\n<\/tr>\n<tr>\n<td valign=\"center\">\n<p>Sk\u0142ad chemiczny<\/p>\n<\/td>\n<td valign=\"center\">\n<p>W\u0142\u00f3kno w\u0119glowe<\/p>\n<\/td>\n<\/tr>\n<tr>\n<td valign=\"center\">\n<p>G\u0119sto\u015b\u0107 luzem<\/p>\n<\/td>\n<td valign=\"center\">\n<p>0.12-0.14g\/cm3<\/p>\n<\/td>\n<\/tr>\n<tr>\n<td valign=\"center\">\n<p>Zawarto\u015b\u0107 w\u0119gla<\/p>\n<\/td>\n<td valign=\"center\">\n<p>&gt; = 99%<\/p>\n<\/td>\n<\/tr>\n<tr>\n<td valign=\"center\">\n<p>Wytrzyma\u0142o\u015b\u0107 na rozci\u0105ganie<\/p>\n<\/td>\n<td valign=\"center\">\n<p>0.14Mpa<\/p>\n<\/td>\n<\/tr>\n<tr>\n<td valign=\"center\">\n<p>Thermal conductivity(1150&#8451;)<\/p>\n<\/td>\n<td valign=\"center\">\n<p>0,08 ~ 0,14 W\/mk<\/p>\n<\/td>\n<\/tr>\n<tr>\n<td valign=\"center\">\n<p>Popi\u00f3\u0142<\/p>\n<\/td>\n<td valign=\"center\">\n<p>&lt;= 0,005%<\/p>\n<\/td>\n<\/tr>\n<tr>\n<td valign=\"center\">\n<p>Mia\u017cd\u017c\u0105cy stres<\/p>\n<\/td>\n<td valign=\"center\">\n<p>8-10N\/cm<\/p>\n<\/td>\n<\/tr>\n<tr>\n<td valign=\"center\">\n<p>Grubo\u015b\u0107<\/p>\n<\/td>\n<td valign=\"center\">\n<p>1-10mm<\/p>\n<\/td>\n<\/tr>\n<tr>\n<td valign=\"center\">\n<p>Temperatura przetwarzania<\/p>\n<\/td>\n<td valign=\"center\">\n<p>2500(&#8451;)<\/p>\n<\/td>\n<\/tr>\n<\/tbody>\n<\/table><\/div>\n<\/p><\/div>\n<\/p><\/div>\n<\/p><\/div>\n<\/p><\/div>\n<\/p><\/div>\n<div class=\"fl-col-group fl-node-67077bfb92913\" data-node=\"67077bfb92913\">\n<div class=\"fl-col fl-node-67077bfb92954\" data-node=\"67077bfb92954\" style=\"width: 100%;\">\n<div class=\"fl-col-content fl-node-content\">\n<div class=\"fl-module fl-module-rich-text fl-node-67077bfb92994\" data-animation-delay=\"0.0\" data-node=\"67077bfb92994\">\n<div class=\"fl-module-content fl-node-content\">\n<div class=\"fl-rich-text\">\n<p>Obecnie dost\u0119pne w czterech specyfikacjach, ka\u017cda dost\u0119pna w rolkach, cz\u0119\u015bciach i wst\u0119pnie zjechanych rurkach z filc:<br \/>SCSF: High purity graphite felt, better thermal conductivity, heat treatment temperature of more than 1900&#8451;<br \/>SCSF-P: Ultra-wysoka czysto\u015b\u0107 SCSF-B Felt<br \/>SCSF-v: High purity graphite felt, heat treatment temperature of more than 2650&#8451;, low thermal conductivity<br \/>SCSF-VP: Ultra-wysoka czysto\u015b\u0107 SCSF-D Felt<\/p>\n<\/p><\/div>\n<\/p><\/div>\n<\/p><\/div>\n<\/p><\/div>\n<\/p><\/div>\n<\/p><\/div>\n<div class=\"fl-col-group fl-node-67077bfb929d4\" data-node=\"67077bfb929d4\">\n<div class=\"fl-col fl-node-67077bfb92a14\" data-node=\"67077bfb92a14\" style=\"width: 100%;\">\n<div class=\"fl-col-content fl-node-content\">\n<div class=\"fl-module fl-module-photo fl-node-67077bfb92a55\" data-animation-delay=\"0.0\" data-node=\"67077bfb92a55\">\n<div class=\"fl-module-content fl-node-content\">\n<div class=\"fl-photo fl-photo-align-center\" itemscope=\"\" itemtype=\"http:\/\/schema.org\/ImageObject\">\n<div class=\"fl-photo-content fl-photo-img-png\"> <img decoding=\"async\" alt=\"&#24494;&#20449;&#25130;&#22270;_20231206112113\" class=\"fl-photo-img wp-image-5393\" itemprop=\"image\" src=\"\/wp-content\/uploads\/2025\/09\/3172eea9a3bb3aa9.webp\"> <\/div>\n<\/p><\/div>\n<\/p><\/div>\n<\/p><\/div>\n<\/p><\/div>\n<\/p><\/div>\n<\/p><\/div>\n<div class=\"fl-col-group fl-node-67077bfb92a95\" data-node=\"67077bfb92a95\">\n<div class=\"fl-col fl-node-67077bfb92ad6 fl-col-small\" data-node=\"67077bfb92ad6\" style=\"width: 50%;\">\n<div class=\"fl-col-content fl-node-content\">\n<div class=\"fl-module fl-module-rich-text fl-node-67077bfb927ca\" data-animation-delay=\"0.0\" data-node=\"67077bfb927ca\">\n<div class=\"fl-module-content fl-node-content\">\n<div class=\"fl-rich-text\">\n<p><strong>W\u0142a\u015bciwo\u015bci :<\/strong><br \/>-Znakomita stabilno\u015b\u0107 termiczna<br \/>-Wysoka wytrzyma\u0142o\u015b\u0107 mechaniczna<br \/>-Dobra przewodno\u015b\u0107 elektryczna i cieplna<br \/>-Doskona\u0142a odporno\u015b\u0107 na szok termiczny i korozj\u0119<br \/>-Wysoka czysto\u015b\u0107 materia\u0142u<br \/>-Wysoka pojemno\u015b\u0107 obci\u0105\u017cenia elektrycznego<br \/>-Jednolity profil temperatury<\/p>\n<\/p><\/div>\n<\/p><\/div>\n<\/p><\/div>\n<\/p><\/div>\n<\/p><\/div>\n<div class=\"fl-col fl-node-67077bfb92b17 fl-col-small\" data-node=\"67077bfb92b17\" style=\"width: 50%;\">\n<div class=\"fl-col-content fl-node-content\">\n<div class=\"fl-module fl-module-photo fl-node-67077bfb92b57\" data-animation-delay=\"0.0\" data-node=\"67077bfb92b57\">\n<div class=\"fl-module-content fl-node-content\">\n<div class=\"fl-photo fl-photo-align-center\" itemscope=\"\" itemtype=\"http:\/\/schema.org\/ImageObject\">\n<div class=\"fl-photo-content fl-photo-img-png\"> <img decoding=\"async\" alt=\"&#24494;&#20449;&#25130;&#22270;_20231206112141\" class=\"fl-photo-img wp-image-5394\" itemprop=\"image\" src=\"\/wp-content\/uploads\/2025\/09\/f5588e8d0a3d5d35.webp\"> <\/div>\n<\/p><\/div>\n<\/p><\/div>\n<\/p><\/div>\n<\/p><\/div>\n<\/p><\/div>\n<\/p><\/div>\n<div class=\"fl-col-group fl-node-67077bfb92b99\" data-node=\"67077bfb92b99\">\n<div class=\"fl-col fl-node-67077bfb92c5a fl-col-small\" data-node=\"67077bfb92c5a\" style=\"width: 50%;\">\n<div class=\"fl-col-content fl-node-content\">\n<div class=\"fl-module fl-module-photo fl-node-67077bfb92c1a\" data-animation-delay=\"0.0\" data-node=\"67077bfb92c1a\">\n<div class=\"fl-module-content fl-node-content\">\n<div class=\"fl-photo fl-photo-align-center\" itemscope=\"\" itemtype=\"http:\/\/schema.org\/ImageObject\">\n<div class=\"fl-photo-content fl-photo-img-png\"> <img decoding=\"async\" alt=\"Mi\u0119kki filc grafitu\" class=\"fl-photo-img wp-image-11185\" itemprop=\"image\" src=\"\/wp-content\/uploads\/2025\/09\/5a24c8ce7c1ccf0f.webp\"> <\/div>\n<\/p><\/div>\n<\/p><\/div>\n<\/p><\/div>\n<\/p><\/div>\n<\/p><\/div>\n<div class=\"fl-col fl-node-67077bfb92bda fl-col-small\" data-node=\"67077bfb92bda\" style=\"width: 50%;\">\n<div class=\"fl-col-content fl-node-content\">\n<div class=\"fl-module fl-module-rich-text fl-node-67077bfb9280b\" data-animation-delay=\"0.0\" data-node=\"67077bfb9280b\">\n<div class=\"fl-module-content fl-node-content\">\n<div class=\"fl-rich-text\">\n<p><strong>Pola aplikacji:<\/strong><br \/>-Piece pr\u00f3\u017cniowe<br \/>-Oboj\u0119tne piece gazowe<br \/>-Obr\u00f3bka cieplna<br \/>(Hartowanie, karbonizacja, lutowanie itp.)<br \/>-Produkcja w\u0142\u00f3kien w\u0119glowych<br \/>-Produkcja twardej metalu<br \/>-Aplikacje spiekania<br \/>-Techniczna produkcja ceramiczna<br \/>-Wybrze\u017ce CVD\/PVD<\/p>\n<\/p><\/div>\n<\/p><\/div>\n<\/p><\/div>\n<\/p><\/div>\n<\/p><\/div>\n<\/p><\/div>\n<div class=\"fl-col-group fl-node-67077bfb92852\" data-node=\"67077bfb92852\">\n<div class=\"fl-col fl-node-67077bfb92893\" data-node=\"67077bfb92893\" style=\"width: 100%;\">\n<div class=\"fl-col-content fl-node-content\">\n<div class=\"fl-module fl-module-photo fl-node-67077c4df0a1b\" data-animation-delay=\"0.0\" data-node=\"67077c4df0a1b\">\n<div class=\"fl-module-content fl-node-content\">\n<div class=\"fl-photo fl-photo-align-center\" itemscope=\"\" itemtype=\"http:\/\/schema.org\/ImageObject\">\n<div class=\"fl-photo-content fl-photo-img-jpg\"> <img decoding=\"async\" alt=\"graphite-felt_635980\" class=\"fl-photo-img wp-image-11188\" itemprop=\"image\" src=\"\/wp-content\/uploads\/2025\/09\/f378ab867ae0affe.webp\"> <\/div>\n<\/p><\/div>\n<\/p><\/div>\n<\/p><\/div>\n<\/p><\/div>\n<\/p><\/div>\n<\/p><\/div>\n<\/p><\/div>\n<\/p><\/div>\n<\/p><\/div>\n<div class=\"fl-row fl-row-full-width fl-row-bg-none fl-node-67077c0ed3dd8\" data-node=\"67077c0ed3dd8\">\n<div class=\"fl-row-content-wrap\">\n<div class=\"fl-row-content fl-row-full-width fl-node-content\">\n<div class=\"fl-col-group fl-node-67077c0ed3e1a\" data-node=\"67077c0ed3e1a\">\n<div class=\"fl-col fl-node-67077c0ed3e5e\" data-node=\"67077c0ed3e5e\" style=\"width: 100%;\">\n<div class=\"fl-col-content fl-node-content\">\n<div class=\"fl-module fl-module-photo fl-node-67077c0ed3e9f\" data-animation-delay=\"0.0\" data-node=\"67077c0ed3e9f\">\n<div class=\"fl-module-content fl-node-content\">\n<div class=\"fl-photo fl-photo-align-center\" itemscope=\"\" itemtype=\"http:\/\/schema.org\/ImageObject\">\n<div class=\"fl-photo-content fl-photo-img-jpg\"> <img decoding=\"async\" alt=\"Miejsce pracy p\u00f3\u0142cesy\" class=\"fl-photo-img wp-image-9038\" itemprop=\"image\" src=\"\/wp-content\/uploads\/2025\/09\/b1dd0bcab1675ff4.webp\"> <\/div>\n<\/p><\/div>\n<\/p><\/div>\n<\/p><\/div>\n<div class=\"fl-module fl-module-photo fl-node-67077c0ed3fe0\" data-animation-delay=\"0.0\" data-node=\"67077c0ed3fe0\">\n<div class=\"fl-module-content fl-node-content\">\n<div class=\"fl-photo fl-photo-align-center\" itemscope=\"\" itemtype=\"http:\/\/schema.org\/ImageObject\">\n<div class=\"fl-photo-content fl-photo-img-jpg\"> <img decoding=\"async\" alt=\"P\u00f3\u0142cera robocza miejsce 2\" class=\"fl-photo-img wp-image-9037\" itemprop=\"image\" src=\"\/wp-content\/uploads\/2025\/09\/2b946d2b4b61306d.webp\"> <\/div>\n<\/p><\/div>\n<\/p><\/div>\n<\/p><\/div>\n<div class=\"fl-module fl-module-photo fl-node-67077c0ed3fa0\" data-animation-delay=\"0.0\" data-node=\"67077c0ed3fa0\">\n<div class=\"fl-module-content fl-node-content\">\n<div class=\"fl-photo fl-photo-align-center\" itemscope=\"\" itemtype=\"http:\/\/schema.org\/ImageObject\">\n<div class=\"fl-photo-content fl-photo-img-jpg\"> <img decoding=\"async\" alt=\"Maszyna sprz\u0119tu\" class=\"fl-photo-img wp-image-9034 size-full\" itemprop=\"image\" src=\"\/wp-content\/uploads\/2025\/09\/081b6529d68ead23.webp\"> <\/div>\n<\/p><\/div>\n<\/p><\/div>\n<\/p><\/div>\n<div class=\"fl-module fl-module-photo fl-node-67077c0ed3f60\" data-animation-delay=\"0.0\" data-node=\"67077c0ed3f60\">\n<div class=\"fl-module-content fl-node-content\">\n<div class=\"fl-photo fl-photo-align-center\" itemscope=\"\" itemtype=\"http:\/\/schema.org\/ImageObject\">\n<div class=\"fl-photo-content fl-photo-img-jpg\"> <img decoding=\"async\" alt=\"Przetwarzanie CNN, czyszczenie chemiczne, pow\u0142oka CVD\" class=\"fl-photo-img wp-image-9033\" itemprop=\"image\" src=\"\/wp-content\/uploads\/2025\/09\/a4132b2b399abbac.webp\"> <\/div>\n<\/p><\/div>\n<\/p><\/div>\n<\/p><\/div>\n<div class=\"fl-module fl-module-photo fl-node-67077c0ed3f1f\" data-animation-delay=\"0.0\" data-node=\"67077c0ed3f1f\">\n<div class=\"fl-module-content fl-node-content\">\n<div class=\"fl-photo fl-photo-align-center\" itemscope=\"\" itemtype=\"http:\/\/schema.org\/ImageObject\">\n<div class=\"fl-photo-content fl-photo-img-jpg\"> <img decoding=\"async\" alt=\"Semicera Ware House\" class=\"fl-photo-img wp-image-9036\" itemprop=\"image\" src=\"\/wp-content\/uploads\/2025\/09\/2190bb9ce5c1d546.webp\"> <\/div>\n<\/p><\/div>\n<\/p><\/div>\n<\/p><\/div>\n<div class=\"fl-module fl-module-photo fl-node-67077c0ed3edf\" data-animation-delay=\"0.0\" data-node=\"67077c0ed3edf\">\n<div class=\"fl-module-content fl-node-content\">\n<div class=\"fl-photo fl-photo-align-center\" itemscope=\"\" itemtype=\"http:\/\/schema.org\/ImageObject\">\n<div class=\"fl-photo-content fl-photo-img-jpg\"> <img decoding=\"async\" alt=\"Nasza us\u0142uga\" class=\"fl-photo-img wp-image-9035\" itemprop=\"image\" src=\"\/wp-content\/uploads\/2025\/09\/b07f222c0ec0ab8d.webp\"> <\/div>\n<\/p><\/div>\n<\/p><\/div>\n<\/p><\/div>\n<\/p><\/div>\n<\/p><\/div>\n<\/p><\/div>\n<\/p><\/div>\n<\/p><\/div>\n<\/p><\/div>\n<\/div>","protected":false},"excerpt":{"rendered":"<p><?xml encoding=\"utf-8\" ?><\/p>\n<p>The Soft Graphite Felt by Semicera is a premium material renowned for its excellent thermal conductivity and lightweight properties. Engineered for versatility, this felt is ideal for various applications, including aerospace and electronics. With Semicera&rsquo;s commitment to quality, our Soft Graphite Felt ensures exceptional performance and durability, making it a reliable choice for your industrial needs. Choose Semicera for innovative solutions that elevate your projects.<\/p>","protected":false},"featured_media":738,"comment_status":"closed","ping_status":"open","template":"","meta":[],"product_brand":[],"product_cat":[29,43],"product_tag":[],"class_list":{"0":"post-1347","1":"product","2":"type-product","3":"status-publish","4":"has-post-thumbnail","6":"product_cat-carbon-fiber","7":"product_cat-soft-felt","9":"first","10":"instock","11":"product-type-simple"},"_links":{"self":[{"href":"https:\/\/www.cn-semiconductorparts.com\/pl\/wp-json\/wp\/v2\/product\/1347","targetHints":{"allow":["GET"]}}],"collection":[{"href":"https:\/\/www.cn-semiconductorparts.com\/pl\/wp-json\/wp\/v2\/product"}],"about":[{"href":"https:\/\/www.cn-semiconductorparts.com\/pl\/wp-json\/wp\/v2\/types\/product"}],"replies":[{"embeddable":true,"href":"https:\/\/www.cn-semiconductorparts.com\/pl\/wp-json\/wp\/v2\/comments?post=1347"}],"wp:featuredmedia":[{"embeddable":true,"href":"https:\/\/www.cn-semiconductorparts.com\/pl\/wp-json\/wp\/v2\/media\/738"}],"wp:attachment":[{"href":"https:\/\/www.cn-semiconductorparts.com\/pl\/wp-json\/wp\/v2\/media?parent=1347"}],"wp:term":[{"taxonomy":"product_brand","embeddable":true,"href":"https:\/\/www.cn-semiconductorparts.com\/pl\/wp-json\/wp\/v2\/product_brand?post=1347"},{"taxonomy":"product_cat","embeddable":true,"href":"https:\/\/www.cn-semiconductorparts.com\/pl\/wp-json\/wp\/v2\/product_cat?post=1347"},{"taxonomy":"product_tag","embeddable":true,"href":"https:\/\/www.cn-semiconductorparts.com\/pl\/wp-json\/wp\/v2\/product_tag?post=1347"}],"curies":[{"name":"WP","href":"https:\/\/api.w.org\/{rel}","templated":true}]}}