{"id":1348,"date":"2025-09-11T05:28:33","date_gmt":"2025-09-11T05:28:33","guid":{"rendered":"https:\/\/weitai2.globaldeepsea.site\/product\/quartz-sand\/"},"modified":"2025-09-11T05:28:37","modified_gmt":"2025-09-11T05:28:37","slug":"quartz-sand","status":"publish","type":"product","link":"https:\/\/www.cn-semiconductorparts.com\/pl\/product\/quartz-sand\/","title":{"rendered":"Kwarcowy piasek"},"content":{"rendered":"<div class=\"fl-builder-content fl-builder-content-11148 fl-builder-content-primary fl-builder-global-templates-locked\" data-post-id=\"11148\">\n<div class=\"fl-row fl-row-full-width fl-row-bg-none fl-node-67061f231ac2e\" data-node=\"67061f231ac2e\">\n<div class=\"fl-row-content-wrap\">\n<div class=\"fl-row-content fl-row-full-width fl-node-content\">\n<div class=\"fl-col-group fl-node-67061f231ac6e\" data-node=\"67061f231ac6e\">\n<div class=\"fl-col fl-node-67061f231acad\" data-node=\"67061f231acad\" style=\"width: 100%;\">\n<div class=\"fl-col-content fl-node-content\">\n<div class=\"fl-module fl-module-rich-text fl-node-67061f231aceb\" data-animation-delay=\"0.0\" data-node=\"67061f231aceb\">\n<div class=\"fl-module-content fl-node-content\">\n<div class=\"fl-rich-text\">\n<p><span style=\"font-family: arial, helvetica, sans-serif; font-size: medium;\">Kwarcowy piasek z p\u00f3\u0142cesy to materia\u0142 o du\u017cej czysto\u015bci stosowany szeroko w produkcji p\u00f3\u0142przewodnikowej i innych bran\u017cach zaawansowanych technologii. Dzi\u0119ki doskona\u0142ej stabilno\u015bci termicznej i odporno\u015bci chemicznej piasek kwarcowy Semicera jest idealny do produkcji krytycznych element\u00f3w kwarcowych, takich jak \u0142odzie kwarcowe, rurki, tygle i koryta. Sk\u0142adniki te s\u0105 niezb\u0119dne do proces\u00f3w w produkcji op\u0142at, kt\u00f3re obejmuj\u0105 warunki wysokiej temperatury i trawienie chemiczne.<\/span><\/p>\n<p><span style=\"font-family: arial, helvetica, sans-serif; font-size: medium;\">W aplikacjach p\u00f3\u0142przewodnikowych piasek kwarcowy jest niezb\u0119dny do produkcji podatnik\u00f3w kwarcowych, s\u0142oik\u00f3w i pier\u015bcionk\u00f3w o wyj\u0105tkowej trwa\u0142o\u015bci i precyzji. Sp\u00f3jno\u015b\u0107 tego materia\u0142u zapewnia jednorodno\u015b\u0107 we wszystkich komponentach kwarcu, co poprawia wydajno\u015b\u0107 w zaawansowanych \u015brodowiskach produkcyjnych. Niezale\u017cnie od tego, czy w przypadku piec\u00f3w, reaktor\u00f3w czy komory wytrawiania, ten wysokiej jako\u015bci piasek kwarcowy jest podstaw\u0105 szerokiej gamy produkt\u00f3w kwarcowych, kt\u00f3re obs\u0142uguj\u0105 nowoczesne przetwarzanie p\u00f3\u0142przewodnik\u00f3w.<\/span><\/p>\n<p><span style=\"font-family: arial, helvetica, sans-serif; font-size: medium;\">Dzi\u0119ki niezr\u00f3wnanej jako\u015bci piasek kwarcowy Semicera pomaga zoptymalizowa\u0107 procesy, takie jak czyszczenie op\u0142at, chemiczne osadzanie pary i trawienie, zapewniaj\u0105c, \u017ce sprz\u0119t dzia\u0142a wydajnie i niezawodnie w r\u00f3\u017cnych zastosowaniach.<\/span><\/p>\n<div id=\"gtx-trans\" style=\"position: absolute; left: 549px; top: 26px;\">\u00a0<\/div>\n<\/p><\/div>\n<\/p><\/div>\n<\/p><\/div>\n<\/p><\/div>\n<\/p><\/div>\n<\/p><\/div>\n<div class=\"fl-col-group fl-node-67061f231ad6f\" data-node=\"67061f231ad6f\">\n<div class=\"fl-col fl-node-67061f231adae\" data-node=\"67061f231adae\" style=\"width: 100%;\">\n<div class=\"fl-col-content fl-node-content\">\n<div class=\"fl-module fl-module-photo fl-node-67061f231adec\" data-animation-delay=\"0.0\" data-node=\"67061f231adec\">\n<div class=\"fl-module-content fl-node-content\">\n<div class=\"fl-photo fl-photo-align-center\" itemscope=\"\" itemtype=\"http:\/\/schema.org\/ImageObject\">\n<div class=\"fl-photo-content fl-photo-img-jpg\"> <img decoding=\"async\" alt=\"quartz-crucible-production-line_622825\" class=\"fl-photo-img wp-image-11151\" itemprop=\"image\" src=\"\/wp-content\/uploads\/2025\/09\/68085edce3af2c13.webp\"> <\/img><\/div>\n<\/p><\/div>\n<\/p><\/div>\n<\/p><\/div>\n<\/p><\/div>\n<\/p><\/div>\n<\/p><\/div>\n<div class=\"fl-col-group fl-node-67061ffbc1928\" data-node=\"67061ffbc1928\">\n<div class=\"fl-col fl-node-67061ffbc1ad4\" data-node=\"67061ffbc1ad4\" style=\"width: 100%;\">\n<div class=\"fl-col-content fl-node-content\">\n<div class=\"fl-module fl-module-rich-text fl-node-67061ffbc17d7\" data-animation-delay=\"0.0\" data-node=\"67061ffbc17d7\">\n<div class=\"fl-module-content fl-node-content\">\n<div class=\"fl-rich-text\">\n<p><span style=\"font-family: arial, helvetica, sans-serif; font-size: medium;\">W Semicera rozumiemy, \u017ce jako\u015b\u0107 surowc\u00f3w wp\u0142ywa bezpo\u015brednio na wydajno\u015b\u0107 i niezawodno\u015b\u0107 produkt\u00f3w ko\u0144cowych. Dlatego jeste\u015bmy zaanga\u017cowani w dostarczanie piasku kwarcowego o du\u017cej czysto\u015bci, kt\u00f3ry konsekwentnie spe\u0142nia rygorystyczne wymagania naszych klient\u00f3w. Nasze produkty s\u0105 szeroko testowane i certyfikowane, aby zapewni\u0107, \u017ce spe\u0142niaj\u0105 najwy\u017csze standardy bran\u017cowe dla czysto\u015bci, sk\u0142adu chemicznego i w\u0142a\u015bciwo\u015bci fizycznych.<\/span><\/p>\n<p><span style=\"font-family: arial, helvetica, sans-serif; font-size: medium;\">Zastosowania piasku kwarcowego o wysokiej czysto\u015bci wykraczaj\u0105 poza p\u0142ytki p\u00f3\u0142przewodnik\u00f3w i kom\u00f3rki fotowoltaiczne. Jest r\u00f3wnie\u017c stosowany w produkcji innych zaawansowanych technologicznie komponent\u00f3w, takich jak w\u0142\u00f3kna optyczne, wysokiej klasy kwarcowe naczynia szklane i specjalistyczny sprz\u0119t laboratoryjny. Wyj\u0105tkowa charakterystyka czysto\u015bci i wydajno\u015bci naszego piasku kwarcowego sprawiaj\u0105, \u017ce jest odpowiedni dla szerokiej gamy zaawansowanych technologii i zastosowa\u0144.<\/span><\/p>\n<\/p><\/div>\n<\/p><\/div>\n<\/p><\/div>\n<\/p><\/div>\n<\/p><\/div>\n<\/p><\/div>\n<div class=\"fl-col-group fl-node-67061f231ae2a\" data-node=\"67061f231ae2a\">\n<div class=\"fl-col fl-node-67061f231ae68\" data-node=\"67061f231ae68\" style=\"width: 100%;\">\n<div class=\"fl-col-content fl-node-content\">\n<div class=\"fl-module fl-module-photo fl-node-67061f231aea6\" data-animation-delay=\"0.0\" data-node=\"67061f231aea6\">\n<div class=\"fl-module-content fl-node-content\">\n<div class=\"fl-photo fl-photo-align-center\" itemscope=\"\" itemtype=\"http:\/\/schema.org\/ImageObject\">\n<div class=\"fl-photo-content fl-photo-img-jpg\"> <img decoding=\"async\" alt=\"qqqq_254724\" class=\"fl-photo-img wp-image-11152\" itemprop=\"image\" src=\"\/wp-content\/uploads\/2025\/09\/6ef6680baaf44a3b.webp\"> <\/img><\/div>\n<\/p><\/div>\n<\/p><\/div>\n<\/p><\/div>\n<div class=\"fl-module fl-module-photo fl-node-67061f8d64fd6\" data-animation-delay=\"0.0\" data-node=\"67061f8d64fd6\">\n<div class=\"fl-module-content fl-node-content\">\n<div class=\"fl-photo fl-photo-align-center\" itemscope=\"\" itemtype=\"http:\/\/schema.org\/ImageObject\">\n<div class=\"fl-photo-content fl-photo-img-jpg\"> <img decoding=\"async\" alt=\"Miejsce pracy p\u00f3\u0142cesy\" class=\"fl-photo-img wp-image-7142\" itemprop=\"image\" src=\"\/wp-content\/uploads\/2025\/09\/b1dd0bcab1675ff4.webp\"> <\/img><\/div>\n<\/p><\/div>\n<\/p><\/div>\n<\/p><\/div>\n<div class=\"fl-module fl-module-photo fl-node-67061f231aee4\" data-animation-delay=\"0.0\" data-node=\"67061f231aee4\">\n<div class=\"fl-module-content fl-node-content\">\n<div class=\"fl-photo fl-photo-align-center\" itemscope=\"\" itemtype=\"http:\/\/schema.org\/ImageObject\">\n<div class=\"fl-photo-content fl-photo-img-jpg\"> <img decoding=\"async\" alt=\"P\u00f3\u0142cera robocza miejsce 2\" class=\"fl-photo-img wp-image-7141\" itemprop=\"image\" src=\"\/wp-content\/uploads\/2025\/09\/2b946d2b4b61306d.webp\"> <\/img><\/div>\n<\/p><\/div>\n<\/p><\/div>\n<\/p><\/div>\n<div class=\"fl-module fl-module-photo fl-node-67061f231af9e\" data-animation-delay=\"0.0\" data-node=\"67061f231af9e\">\n<div class=\"fl-module-content fl-node-content\">\n<div class=\"fl-photo fl-photo-align-center\" itemscope=\"\" itemtype=\"http:\/\/schema.org\/ImageObject\">\n<div class=\"fl-photo-content fl-photo-img-jpg\"> <img decoding=\"async\" alt=\"Maszyna sprz\u0119tu\" class=\"fl-photo-img wp-image-7138\" itemprop=\"image\" src=\"\/wp-content\/uploads\/2025\/09\/081b6529d68ead23.webp\"> <\/img><\/div>\n<\/p><\/div>\n<\/p><\/div>\n<\/p><\/div>\n<div class=\"fl-module fl-module-photo fl-node-67061f231af60\" data-animation-delay=\"0.0\" data-node=\"67061f231af60\">\n<div class=\"fl-module-content fl-node-content\">\n<div class=\"fl-photo fl-photo-align-center\" itemscope=\"\" itemtype=\"http:\/\/schema.org\/ImageObject\">\n<div class=\"fl-photo-content fl-photo-img-jpg\"> <img decoding=\"async\" alt=\"Przetwarzanie CNN, czyszczenie chemiczne, pow\u0142oka CVD\" class=\"fl-photo-img wp-image-7137\" itemprop=\"image\" src=\"\/wp-content\/uploads\/2025\/09\/a4132b2b399abbac.webp\"> <\/img><\/div>\n<\/p><\/div>\n<\/p><\/div>\n<\/p><\/div>\n<div class=\"fl-module fl-module-photo fl-node-67061f231af22\" data-animation-delay=\"0.0\" data-node=\"67061f231af22\">\n<div class=\"fl-module-content fl-node-content\">\n<div class=\"fl-photo fl-photo-align-center\" itemscope=\"\" itemtype=\"http:\/\/schema.org\/ImageObject\">\n<div class=\"fl-photo-content fl-photo-img-jpg\"> <img decoding=\"async\" alt=\"Semicera Ware House\" class=\"fl-photo-img wp-image-7140\" itemprop=\"image\" src=\"\/wp-content\/uploads\/2025\/09\/2190bb9ce5c1d546.webp\"> <\/img><\/div>\n<\/p><\/div>\n<\/p><\/div>\n<\/p><\/div>\n<div class=\"fl-module fl-module-photo fl-node-67061f231afdc\" data-animation-delay=\"0.0\" data-node=\"67061f231afdc\">\n<div class=\"fl-module-content fl-node-content\">\n<div class=\"fl-photo fl-photo-align-center\" itemscope=\"\" itemtype=\"http:\/\/schema.org\/ImageObject\">\n<div class=\"fl-photo-content fl-photo-img-jpg\"> <img decoding=\"async\" alt=\"Nasza us\u0142uga\" class=\"fl-photo-img wp-image-7139\" itemprop=\"image\" src=\"\/wp-content\/uploads\/2025\/09\/b07f222c0ec0ab8d.webp\"> <\/img><\/div>\n<\/p><\/div>\n<\/p><\/div>\n<\/p><\/div>\n<\/p><\/div>\n<\/p><\/div>\n<\/p><\/div>\n<\/p><\/div>\n<\/p><\/div>\n<\/p><\/div>\n<\/div>","protected":false},"excerpt":{"rendered":"<p>Kwarcowy piasek wytwarzany przez Semicera to wysokiej jako\u015bci materia\u0142 znany z wyj\u0105tkowej czysto\u015bci i trwa\u0142o\u015bci. Ten wszechstronny produkt jest u\u017cywany w szerokiej gamie zaawansowanych technologii, szczeg\u00f3lnie w bran\u017cy p\u00f3\u0142przewodnikowej. Semicera zapewnia, \u017ce \u200b\u200bjego piasek kwarcowy spe\u0142nia rygorystyczne standardy wymagane do wyprodukowania precyzyjnych komponent\u00f3w kwarcowych, zapewniaj\u0105c niezawodn\u0105 wydajno\u015b\u0107 i d\u0142ugotrwa\u0142\u0105 trwa\u0142o\u015b\u0107. Niezale\u017cnie od tego, czy jest stosowany w specjalistycznych procesach przemys\u0142owych, czy zaawansowanej produkcji, kwarcowy piasek wytwarzany przez Semicera zapewnia wydajno\u015b\u0107 i jako\u015b\u0107 wymagan\u0105 przez wsp\u00f3\u0142czesny przemys\u0142.<\/p>","protected":false},"featured_media":1108,"comment_status":"closed","ping_status":"open","template":"","meta":[],"product_brand":[],"product_cat":[20,19],"product_tag":[],"class_list":{"0":"post-1348","1":"product","2":"type-product","3":"status-publish","4":"has-post-thumbnail","6":"product_cat-other-quartz-parts","7":"product_cat-quartz","9":"first","10":"instock","11":"product-type-simple"},"_links":{"self":[{"href":"https:\/\/www.cn-semiconductorparts.com\/pl\/wp-json\/wp\/v2\/product\/1348","targetHints":{"allow":["GET"]}}],"collection":[{"href":"https:\/\/www.cn-semiconductorparts.com\/pl\/wp-json\/wp\/v2\/product"}],"about":[{"href":"https:\/\/www.cn-semiconductorparts.com\/pl\/wp-json\/wp\/v2\/types\/product"}],"replies":[{"embeddable":true,"href":"https:\/\/www.cn-semiconductorparts.com\/pl\/wp-json\/wp\/v2\/comments?post=1348"}],"wp:featuredmedia":[{"embeddable":true,"href":"https:\/\/www.cn-semiconductorparts.com\/pl\/wp-json\/wp\/v2\/media\/1108"}],"wp:attachment":[{"href":"https:\/\/www.cn-semiconductorparts.com\/pl\/wp-json\/wp\/v2\/media?parent=1348"}],"wp:term":[{"taxonomy":"product_brand","embeddable":true,"href":"https:\/\/www.cn-semiconductorparts.com\/pl\/wp-json\/wp\/v2\/product_brand?post=1348"},{"taxonomy":"product_cat","embeddable":true,"href":"https:\/\/www.cn-semiconductorparts.com\/pl\/wp-json\/wp\/v2\/product_cat?post=1348"},{"taxonomy":"product_tag","embeddable":true,"href":"https:\/\/www.cn-semiconductorparts.com\/pl\/wp-json\/wp\/v2\/product_tag?post=1348"}],"curies":[{"name":"WP","href":"https:\/\/api.w.org\/{rel}","templated":true}]}}