{"id":1349,"date":"2025-09-11T05:28:33","date_gmt":"2025-09-11T05:28:33","guid":{"rendered":"https:\/\/weitai2.globaldeepsea.site\/product\/8-inch-quartz-thermos-bucket\/"},"modified":"2025-09-24T16:03:58","modified_gmt":"2025-09-24T08:03:58","slug":"8-inch-quartz-thermos-bucket","status":"publish","type":"product","link":"https:\/\/www.cn-semiconductorparts.com\/pl\/product\/8-inch-quartz-thermos-bucket\/","title":{"rendered":"8-calowe kwarcowe wiadro termos"},"content":{"rendered":"<p><?xml encoding=\"utf-8\" ?><\/p>\n<div class=\"fl-builder-content fl-builder-content-11157 fl-builder-content-primary fl-builder-global-templates-locked\" data-post-id=\"11157\">\n<div class=\"fl-row fl-row-full-width fl-row-bg-none fl-node-67062eeb754ff\" data-node=\"67062eeb754ff\">\n<div class=\"fl-row-content-wrap\">\n<div class=\"fl-row-content fl-row-full-width fl-node-content\">\n<div class=\"fl-col-group fl-node-67062eeb75549\" data-node=\"67062eeb75549\">\n<div class=\"fl-col fl-node-67062eeb7558f\" data-node=\"67062eeb7558f\" style=\"width: 100%;\">\n<div class=\"fl-col-content fl-node-content\">\n<div class=\"fl-module fl-module-rich-text fl-node-67062eeb755d3\" data-animation-delay=\"0.0\" data-node=\"67062eeb755d3\">\n<div class=\"fl-module-content fl-node-content\">\n<div class=\"fl-rich-text\">\n<p><span style=\"font-family: arial, helvetica, sans-serif; font-size: medium;\">The 8-inch Quartz Thermos Bucket by Semicera is designed for high-temperature processing applications, delivering excellent thermal stability and durability. Manufactured using high-purity quartz, this thermos bucket ensures reliable performance in critical semiconductor and industrial processes. The smooth, non-porous surface makes it ideal for environments requiring cleanliness and chemical resistance.<\/span><\/p>\n<p><span style=\"font-family: arial, helvetica, sans-serif; font-size: medium;\">Semicera&#8217;s 8-inch Quartz Thermos Bucket is commonly used alongside other quartz components such as Quartz Boats, Quartz Tubes, Quartz Crucibles, and Quartz Tanks. It is also compatible with Quartz Pedestals, Quartz Bell Jars, and Quartz Rings, making it an essential component in precision manufacturing setups.<\/span><\/p>\n<p><span style=\"font-family: arial, helvetica, sans-serif; font-size: medium;\">Dzi\u0119ki odporno\u015bci na wysokie temperatury i korozj\u0119 8-calowe kwarcowe wiadro termos wyr\u00f3\u017cnia si\u0119 utrzymaniem integralno\u015bci podczas wymagaj\u0105cych operacji. Niezale\u017cnie od tego, czy jest to przetwarzanie waflowe, trawienie chemiczne, czy wytwarzanie p\u00f3\u0142przewodnik\u00f3w, ten produkt oferuje trwa\u0142o\u015b\u0107 i niezawodno\u015b\u0107 potrzebn\u0105 w bran\u017cach zaawansowanych technologii.<\/span><\/p>\n<div id=\"gtx-trans\" style=\"position: absolute; left: 549px; top: 26px;\">&nbsp;<\/div>\n<\/p><\/div>\n<\/p><\/div>\n<\/p><\/div>\n<div class=\"fl-module fl-module-photo fl-node-67062eeb756f3\" data-animation-delay=\"0.0\" data-node=\"67062eeb756f3\">\n<div class=\"fl-module-content fl-node-content\">\n<div class=\"fl-photo fl-photo-align-center\" itemscope=\"\" itemtype=\"http:\/\/schema.org\/ImageObject\">\n<div class=\"fl-photo-content fl-photo-img-jpg\"> <img decoding=\"async\" alt=\"quartz-crucible-production-line_622825\" class=\"fl-photo-img wp-image-11151\" itemprop=\"image\" src=\"\/wp-content\/uploads\/2025\/09\/68085edce3af2c13.webp\"> <\/div>\n<\/p><\/div>\n<\/p><\/div>\n<\/p><\/div>\n<div class=\"fl-module fl-module-rich-text fl-node-67062f0bed85f\" data-animation-delay=\"0.0\" data-node=\"67062f0bed85f\">\n<div class=\"fl-module-content fl-node-content\">\n<div class=\"fl-rich-text\">\n<p align=\"justify\">We can handle various shapes according to your needs, ranging from large single and double quartz baths to small quartz crucibles. In addition to quartz materials, we can also process containers made of hard glass.<\/p>\n<div id=\"gtx-trans\" style=\"position: absolute; left: 549px; top: 26px;\">&nbsp;<\/div>\n<\/p><\/div>\n<\/p><\/div>\n<\/p><\/div>\n<div class=\"fl-module fl-module-rich-text fl-node-67062eeb75618\" data-animation-delay=\"0.0\" data-node=\"67062eeb75618\">\n<div class=\"fl-module-content fl-node-content\">\n<div class=\"fl-rich-text\">\n<p align=\"justify\">&middot;Used for wafer wet cleaning processes.<\/p>\n<p align=\"justify\">&middot;Single slot\/double slot (overflow slot).<\/p>\n<p align=\"justify\">&middot;Can manufacture up to 12 inches.<\/p>\n<div id=\"gtx-trans\" style=\"position: absolute; left: -74px; top: -18px;\">&nbsp;<\/div>\n<\/p><\/div>\n<\/p><\/div>\n<\/p><\/div>\n<\/p><\/div>\n<\/p><\/div>\n<\/p><\/div>\n<div class=\"fl-col-group fl-node-67062eeb7565d\" data-node=\"67062eeb7565d\">\n<div class=\"fl-col fl-node-67062eeb756ac\" data-node=\"67062eeb756ac\" style=\"width: 100%;\">\n<div class=\"fl-col-content fl-node-content\">\n<div class=\"fl-module fl-module-photo fl-node-67062fa7924e4\" data-animation-delay=\"0.0\" data-node=\"67062fa7924e4\">\n<div class=\"fl-module-content fl-node-content\">\n<div class=\"fl-photo fl-photo-align-center\" itemscope=\"\" itemtype=\"http:\/\/schema.org\/ImageObject\">\n<div class=\"fl-photo-content fl-photo-img-jpg\"> <img decoding=\"async\" alt=\"qqqq_254724\" class=\"fl-photo-img wp-image-11152\" itemprop=\"image\" src=\"\/wp-content\/uploads\/2025\/09\/6ef6680baaf44a3b.webp\"> <\/div>\n<\/p><\/div>\n<\/p><\/div>\n<\/p><\/div>\n<\/p><\/div>\n<\/p><\/div>\n<\/p><\/div>\n<div class=\"fl-col-group fl-node-67062eeb75738\" data-node=\"67062eeb75738\">\n<div class=\"fl-col fl-node-67062eeb7577d\" data-node=\"67062eeb7577d\" style=\"width: 100%;\">\n<div class=\"fl-col-content fl-node-content\">\n<div class=\"fl-module fl-module-photo fl-node-67062eeb757c1\" data-animation-delay=\"0.0\" data-node=\"67062eeb757c1\">\n<div class=\"fl-module-content fl-node-content\">\n<div class=\"fl-photo fl-photo-align-center\" itemscope=\"\" itemtype=\"http:\/\/schema.org\/ImageObject\">\n<div class=\"fl-photo-content fl-photo-img-jpg\"> <img decoding=\"async\" alt=\"Miejsce pracy p\u00f3\u0142cesy\" class=\"fl-photo-img wp-image-7142\" itemprop=\"image\" src=\"\/wp-content\/uploads\/2025\/09\/b1dd0bcab1675ff4.webp\"> <\/div>\n<\/p><\/div>\n<\/p><\/div>\n<\/p><\/div>\n<div class=\"fl-module fl-module-photo fl-node-67062eeb75805\" data-animation-delay=\"0.0\" data-node=\"67062eeb75805\">\n<div class=\"fl-module-content fl-node-content\">\n<div class=\"fl-photo fl-photo-align-center\" itemscope=\"\" itemtype=\"http:\/\/schema.org\/ImageObject\">\n<div class=\"fl-photo-content fl-photo-img-jpg\"> <img decoding=\"async\" alt=\"P\u00f3\u0142cera robocza miejsce 2\" class=\"fl-photo-img wp-image-7141\" itemprop=\"image\" src=\"\/wp-content\/uploads\/2025\/09\/2b946d2b4b61306d.webp\"> <\/div>\n<\/p><\/div>\n<\/p><\/div>\n<\/p><\/div>\n<div class=\"fl-module fl-module-photo fl-node-67062eeb758d2\" data-animation-delay=\"0.0\" data-node=\"67062eeb758d2\">\n<div class=\"fl-module-content fl-node-content\">\n<div class=\"fl-photo fl-photo-align-center\" itemscope=\"\" itemtype=\"http:\/\/schema.org\/ImageObject\">\n<div class=\"fl-photo-content fl-photo-img-jpg\"> <img decoding=\"async\" alt=\"Maszyna sprz\u0119tu\" class=\"fl-photo-img wp-image-7138\" itemprop=\"image\" src=\"\/wp-content\/uploads\/2025\/09\/081b6529d68ead23.webp\"> <\/div>\n<\/p><\/div>\n<\/p><\/div>\n<\/p><\/div>\n<div class=\"fl-module fl-module-photo fl-node-67062eeb7588d\" data-animation-delay=\"0.0\" data-node=\"67062eeb7588d\">\n<div class=\"fl-module-content fl-node-content\">\n<div class=\"fl-photo fl-photo-align-center\" itemscope=\"\" itemtype=\"http:\/\/schema.org\/ImageObject\">\n<div class=\"fl-photo-content fl-photo-img-jpg\"> <img decoding=\"async\" alt=\"Przetwarzanie CNN, czyszczenie chemiczne, pow\u0142oka CVD\" class=\"fl-photo-img wp-image-7137\" itemprop=\"image\" src=\"\/wp-content\/uploads\/2025\/09\/a4132b2b399abbac.webp\"> <\/div>\n<\/p><\/div>\n<\/p><\/div>\n<\/p><\/div>\n<div class=\"fl-module fl-module-photo fl-node-67062eeb75849\" data-animation-delay=\"0.0\" data-node=\"67062eeb75849\">\n<div class=\"fl-module-content fl-node-content\">\n<div class=\"fl-photo fl-photo-align-center\" itemscope=\"\" itemtype=\"http:\/\/schema.org\/ImageObject\">\n<div class=\"fl-photo-content fl-photo-img-jpg\"> <img decoding=\"async\" alt=\"Semicera Ware House\" class=\"fl-photo-img wp-image-7140\" itemprop=\"image\" src=\"\/wp-content\/uploads\/2025\/09\/2190bb9ce5c1d546.webp\"> <\/div>\n<\/p><\/div>\n<\/p><\/div>\n<\/p><\/div>\n<div class=\"fl-module fl-module-photo fl-node-67062eeb75917\" data-animation-delay=\"0.0\" data-node=\"67062eeb75917\">\n<div class=\"fl-module-content fl-node-content\">\n<div class=\"fl-photo fl-photo-align-center\" itemscope=\"\" itemtype=\"http:\/\/schema.org\/ImageObject\">\n<div class=\"fl-photo-content fl-photo-img-jpg\"> <img decoding=\"async\" alt=\"Nasza us\u0142uga\" class=\"fl-photo-img wp-image-7139\" itemprop=\"image\" src=\"\/wp-content\/uploads\/2025\/09\/b07f222c0ec0ab8d.webp\"> <\/div>\n<\/p><\/div>\n<\/p><\/div>\n<\/p><\/div>\n<\/p><\/div>\n<\/p><\/div>\n<\/p><\/div>\n<\/p><\/div>\n<\/p><\/div>\n<\/p><\/div>\n<\/div>","protected":false},"excerpt":{"rendered":"<p><?xml encoding=\"utf-8\" ?><\/p>\n<p>Semicera&rsquo;s 8&Prime; Quartz Insulation Barrel is a high-performance solution designed for industries that require outstanding thermal stability and durability. Made from high-purity quartz, it is ideal for high-temperature processes, ensuring long-lasting reliability.Semicera&rsquo;s commitment to quality makes this 8&Prime; Quartz Insulation Barrel an ideal choice for applications that require strength and chemical resistance, making it a trusted component in advanced manufacturing environments. We look forward to being your long-term partner in China.<\/p>","protected":false},"featured_media":607,"comment_status":"closed","ping_status":"open","template":"","meta":[],"product_brand":[],"product_cat":[20,19],"product_tag":[],"class_list":{"0":"post-1349","1":"product","2":"type-product","3":"status-publish","4":"has-post-thumbnail","6":"product_cat-other-quartz-parts","7":"product_cat-quartz","9":"first","10":"instock","11":"product-type-simple"},"_links":{"self":[{"href":"https:\/\/www.cn-semiconductorparts.com\/pl\/wp-json\/wp\/v2\/product\/1349","targetHints":{"allow":["GET"]}}],"collection":[{"href":"https:\/\/www.cn-semiconductorparts.com\/pl\/wp-json\/wp\/v2\/product"}],"about":[{"href":"https:\/\/www.cn-semiconductorparts.com\/pl\/wp-json\/wp\/v2\/types\/product"}],"replies":[{"embeddable":true,"href":"https:\/\/www.cn-semiconductorparts.com\/pl\/wp-json\/wp\/v2\/comments?post=1349"}],"wp:featuredmedia":[{"embeddable":true,"href":"https:\/\/www.cn-semiconductorparts.com\/pl\/wp-json\/wp\/v2\/media\/607"}],"wp:attachment":[{"href":"https:\/\/www.cn-semiconductorparts.com\/pl\/wp-json\/wp\/v2\/media?parent=1349"}],"wp:term":[{"taxonomy":"product_brand","embeddable":true,"href":"https:\/\/www.cn-semiconductorparts.com\/pl\/wp-json\/wp\/v2\/product_brand?post=1349"},{"taxonomy":"product_cat","embeddable":true,"href":"https:\/\/www.cn-semiconductorparts.com\/pl\/wp-json\/wp\/v2\/product_cat?post=1349"},{"taxonomy":"product_tag","embeddable":true,"href":"https:\/\/www.cn-semiconductorparts.com\/pl\/wp-json\/wp\/v2\/product_tag?post=1349"}],"curies":[{"name":"WP","href":"https:\/\/api.w.org\/{rel}","templated":true}]}}