{"id":1352,"date":"2025-09-11T05:28:33","date_gmt":"2025-09-11T05:28:33","guid":{"rendered":"https:\/\/weitai2.globaldeepsea.site\/product\/quartz-tank-for-wet-processing\/"},"modified":"2025-09-24T16:03:57","modified_gmt":"2025-09-24T08:03:57","slug":"quartz-tank-for-wet-processing","status":"publish","type":"product","link":"https:\/\/www.cn-semiconductorparts.com\/pl\/product\/quartz-tank-for-wet-processing\/","title":{"rendered":"Kwarcowy zbiornik do przetwarzania na mokro"},"content":{"rendered":"<p><?xml encoding=\"utf-8\" ?><\/p>\n<div class=\"fl-builder-content fl-builder-content-11127 fl-builder-content-primary fl-builder-global-templates-locked\" data-post-id=\"11127\">\n<div class=\"fl-row fl-row-full-width fl-row-bg-none fl-node-6705fbfd2a0f1\" data-node=\"6705fbfd2a0f1\">\n<div class=\"fl-row-content-wrap\">\n<div class=\"fl-row-content fl-row-full-width fl-node-content\">\n<div class=\"fl-col-group fl-node-6705fbfd2a134\" data-node=\"6705fbfd2a134\">\n<div class=\"fl-col fl-node-6705fbfd2a175\" data-node=\"6705fbfd2a175\" style=\"width: 100%;\">\n<div class=\"fl-col-content fl-node-content\">\n<div class=\"fl-module fl-module-rich-text fl-node-6705fbfd2a1b5\" data-animation-delay=\"0.0\" data-node=\"6705fbfd2a1b5\">\n<div class=\"fl-module-content fl-node-content\">\n<div class=\"fl-rich-text\">\n<p><span style=\"font-family: arial, helvetica, sans-serif; font-size: medium;\">Our Quartz Tank for Wet Processing is crafted from high-purity quartz, renowned for its exceptional resistance to chemicals and high temperatures, which are essential for both wet chemical etching processes and dry etch wet etch applications. Whether you&rsquo;re performing wet etching or using it as a quartz bath for cleaning, this product guarantees long-lasting performance thanks to its high hardness and wear resistance.<\/span><\/p>\n<p><span style=\"font-family: arial, helvetica, sans-serif; font-size: medium;\">For industries that require the highest standards in wafer cleaning methods, the Semicera Quartz Tank delivers optimal results. It ensures wafers are thoroughly cleaned and prepared for subsequent stages of processing, reducing contamination risks and improving yields. Whether it&rsquo;s used for cleaning or in wet chemical etching processes, this quartz tank offers unmatched reliability in demanding environments.<\/span><\/p>\n<p><span style=\"font-family: arial, helvetica, sans-serif; font-size: medium;\">W produkcji p\u00f3\u0142przewodnikowej, gdzie precyzja jest krytyczna, zbiornik kwarcu do przetwarzania na mokro zapewnia odporno\u015b\u0107 potrzebn\u0105 do wytrzymania agresywnych chemikali\u00f3w przy jednoczesnym zachowaniu integralno\u015bci strukturalnej. Zbiornik na p\u00f3\u0142cera jest specjalnie zbudowany, aby znosi\u0107 wyzwania zwi\u0105zane z czyszczeniem waflowym i trawieniem mokrym, pomagaj\u0105c producentom usprawni\u0107 ich procesy i utrzyma\u0107 jako\u015b\u0107 produktu.<\/span><\/p>\n<p><span style=\"font-family: arial, helvetica, sans-serif; font-size: medium;\">Wybierz zbiornik kwarcowy Semicera do przetwarzania na mokro, aby do\u015bwiadczy\u0107 doskona\u0142ej trwa\u0142o\u015bci i skuteczno\u015bci w produkcji p\u00f3\u0142przewodnikowej, oferuj\u0105c zwi\u0119kszon\u0105 odporno\u015b\u0107 na zu\u017cycie i d\u0142ug\u0105 \u017cywotno\u015b\u0107 dla ni\u017cszych koszt\u00f3w operacyjnych.<\/span><\/p>\n<div id=\"gtx-trans\" style=\"position: absolute; left: 549px; top: 26px;\">&nbsp;<\/div>\n<\/p><\/div>\n<\/p><\/div>\n<\/p><\/div>\n<div class=\"fl-module fl-module-rich-text fl-node-6705fc00f2018\" data-animation-delay=\"0.0\" data-node=\"6705fc00f2018\">\n<div class=\"fl-module-content fl-node-content\">\n<div class=\"fl-rich-text\">\n<p align=\"justify\">We can handle various shapes according to your needs, ranging from large single and double quartz baths to small quartz crucibles. In addition to quartz materials, we can also process containers made of hard glass.<\/p>\n<div id=\"gtx-trans\" style=\"position: absolute; left: 549px; top: 26px;\">&nbsp;<\/div>\n<\/p><\/div>\n<\/p><\/div>\n<\/p><\/div>\n<\/p><\/div>\n<\/p><\/div>\n<\/p><\/div>\n<div class=\"fl-col-group fl-node-6705fbfd2a236\" data-node=\"6705fbfd2a236\">\n<div class=\"fl-col fl-node-6705fc0778bd0 fl-col-small\" data-node=\"6705fc0778bd0\" style=\"width: 50%;\">\n<div class=\"fl-col-content fl-node-content\">\n<div class=\"fl-module fl-module-photo fl-node-6705fbfd2a2b6\" data-animation-delay=\"0.0\" data-node=\"6705fbfd2a2b6\">\n<div class=\"fl-module-content fl-node-content\">\n<div class=\"fl-photo fl-photo-align-center\" itemscope=\"\" itemtype=\"http:\/\/schema.org\/ImageObject\">\n<div class=\"fl-photo-content fl-photo-img-png\"> <img decoding=\"async\" alt=\"Kwarcowy zbiornik do przetwarzania na mokro\" class=\"fl-photo-img wp-image-11130\" itemprop=\"image\" src=\"\/wp-content\/uploads\/2025\/09\/2804024d817ad002.webp\"> <\/div>\n<\/p><\/div>\n<\/p><\/div>\n<\/p><\/div>\n<\/p><\/div>\n<\/p><\/div>\n<div class=\"fl-col fl-node-6705fbfd2a275 fl-col-small\" data-node=\"6705fbfd2a275\" style=\"width: 50%;\">\n<div class=\"fl-col-content fl-node-content\">\n<div class=\"fl-module fl-module-photo fl-node-6705fc0391a2b\" data-animation-delay=\"0.0\" data-node=\"6705fc0391a2b\">\n<div class=\"fl-module-content fl-node-content\">\n<div class=\"fl-photo fl-photo-align-center\" itemscope=\"\" itemtype=\"http:\/\/schema.org\/ImageObject\">\n<div class=\"fl-photo-content fl-photo-img-png\"> <img decoding=\"async\" alt=\"Kwarcowy zbiornik czyszcz\u0105cy\" class=\"fl-photo-img wp-image-7136\" itemprop=\"image\" src=\"\/wp-content\/uploads\/2025\/09\/ffc160ca9b1c0f3c.webp\"> <\/div>\n<\/p><\/div>\n<\/p><\/div>\n<\/p><\/div>\n<\/p><\/div>\n<\/p><\/div>\n<\/p><\/div>\n<div class=\"fl-col-group fl-node-6705fd13c8e48\" data-node=\"6705fd13c8e48\">\n<div class=\"fl-col fl-node-6705fd13c90b4\" data-node=\"6705fd13c90b4\" style=\"width: 100%;\">\n<div class=\"fl-col-content fl-node-content\">\n<div class=\"fl-module fl-module-photo fl-node-6705fc1df2a18\" data-animation-delay=\"0.0\" data-node=\"6705fc1df2a18\">\n<div class=\"fl-module-content fl-node-content\">\n<div class=\"fl-photo fl-photo-align-center\" itemscope=\"\" itemtype=\"http:\/\/schema.org\/ImageObject\">\n<div class=\"fl-photo-content fl-photo-img-jpg\"> <img decoding=\"async\" alt=\"csm-vertikaler-teaser-1920-x-1080-aes-08-95b484ef95_869286\" class=\"fl-photo-img wp-image-11131\" itemprop=\"image\" src=\"\/wp-content\/uploads\/2025\/09\/d6eff1f47a88ccca.webp\"> <\/div>\n<\/p><\/div>\n<\/p><\/div>\n<\/p><\/div>\n<\/p><\/div>\n<\/p><\/div>\n<\/p><\/div>\n<div class=\"fl-col-group fl-node-6705fbfd2a2f6\" data-node=\"6705fbfd2a2f6\">\n<div class=\"fl-col fl-node-6705fbfd2a33b\" data-node=\"6705fbfd2a33b\" style=\"width: 100%;\">\n<div class=\"fl-col-content fl-node-content\">\n<div class=\"fl-module fl-module-photo fl-node-6705fbfd2a37e\" data-animation-delay=\"0.0\" data-node=\"6705fbfd2a37e\">\n<div class=\"fl-module-content fl-node-content\">\n<div class=\"fl-photo fl-photo-align-center\" itemscope=\"\" itemtype=\"http:\/\/schema.org\/ImageObject\">\n<div class=\"fl-photo-content fl-photo-img-jpg\"> <img decoding=\"async\" alt=\"Miejsce pracy p\u00f3\u0142cesy\" class=\"fl-photo-img wp-image-7142\" itemprop=\"image\" src=\"\/wp-content\/uploads\/2025\/09\/b1dd0bcab1675ff4.webp\"> <\/div>\n<\/p><\/div>\n<\/p><\/div>\n<\/p><\/div>\n<div class=\"fl-module fl-module-photo fl-node-6705fbfd2a3d2\" data-animation-delay=\"0.0\" data-node=\"6705fbfd2a3d2\">\n<div class=\"fl-module-content fl-node-content\">\n<div class=\"fl-photo fl-photo-align-center\" itemscope=\"\" itemtype=\"http:\/\/schema.org\/ImageObject\">\n<div class=\"fl-photo-content fl-photo-img-jpg\"> <img decoding=\"async\" alt=\"P\u00f3\u0142cera robocza miejsce 2\" class=\"fl-photo-img wp-image-7141\" itemprop=\"image\" src=\"\/wp-content\/uploads\/2025\/09\/2b946d2b4b61306d.webp\"> <\/div>\n<\/p><\/div>\n<\/p><\/div>\n<\/p><\/div>\n<div class=\"fl-module fl-module-photo fl-node-6705fbfd2a4a0\" data-animation-delay=\"0.0\" data-node=\"6705fbfd2a4a0\">\n<div class=\"fl-module-content fl-node-content\">\n<div class=\"fl-photo fl-photo-align-center\" itemscope=\"\" itemtype=\"http:\/\/schema.org\/ImageObject\">\n<div class=\"fl-photo-content fl-photo-img-jpg\"> <img decoding=\"async\" alt=\"Maszyna sprz\u0119tu\" class=\"fl-photo-img wp-image-7138\" itemprop=\"image\" src=\"\/wp-content\/uploads\/2025\/09\/081b6529d68ead23.webp\"> <\/div>\n<\/p><\/div>\n<\/p><\/div>\n<\/p><\/div>\n<div class=\"fl-module fl-module-photo fl-node-6705fbfd2a45f\" data-animation-delay=\"0.0\" data-node=\"6705fbfd2a45f\">\n<div class=\"fl-module-content fl-node-content\">\n<div class=\"fl-photo fl-photo-align-center\" itemscope=\"\" itemtype=\"http:\/\/schema.org\/ImageObject\">\n<div class=\"fl-photo-content fl-photo-img-jpg\"> <img decoding=\"async\" alt=\"Przetwarzanie CNN, czyszczenie chemiczne, pow\u0142oka CVD\" class=\"fl-photo-img wp-image-7137\" itemprop=\"image\" src=\"\/wp-content\/uploads\/2025\/09\/a4132b2b399abbac.webp\"> <\/div>\n<\/p><\/div>\n<\/p><\/div>\n<\/p><\/div>\n<div class=\"fl-module fl-module-photo fl-node-6705fbfd2a41c\" data-animation-delay=\"0.0\" data-node=\"6705fbfd2a41c\">\n<div class=\"fl-module-content fl-node-content\">\n<div class=\"fl-photo fl-photo-align-center\" itemscope=\"\" itemtype=\"http:\/\/schema.org\/ImageObject\">\n<div class=\"fl-photo-content fl-photo-img-jpg\"> <img decoding=\"async\" alt=\"Semicera Ware House\" class=\"fl-photo-img wp-image-7140\" itemprop=\"image\" src=\"\/wp-content\/uploads\/2025\/09\/2190bb9ce5c1d546.webp\"> <\/div>\n<\/p><\/div>\n<\/p><\/div>\n<\/p><\/div>\n<div class=\"fl-module fl-module-photo fl-node-6705fbfd2a4e8\" data-animation-delay=\"0.0\" data-node=\"6705fbfd2a4e8\">\n<div class=\"fl-module-content fl-node-content\">\n<div class=\"fl-photo fl-photo-align-center\" itemscope=\"\" itemtype=\"http:\/\/schema.org\/ImageObject\">\n<div class=\"fl-photo-content fl-photo-img-jpg\"> <img decoding=\"async\" alt=\"Nasza us\u0142uga\" class=\"fl-photo-img wp-image-7139\" itemprop=\"image\" src=\"\/wp-content\/uploads\/2025\/09\/b07f222c0ec0ab8d.webp\"> <\/div>\n<\/p><\/div>\n<\/p><\/div>\n<\/p><\/div>\n<\/p><\/div>\n<\/p><\/div>\n<\/p><\/div>\n<\/p><\/div>\n<\/p><\/div>\n<\/p><\/div>\n<\/div>","protected":false},"excerpt":{"rendered":"<p><?xml encoding=\"utf-8\" ?><\/p>\n<p>The Quartz Tank for Wet Processing from Semicera is expertly designed to meet the rigorous demands of wafer handling and cleaning in semiconductor manufacturing. These tanks play a vital role in wafer wet processing, providing a controlled environment for wafer cleaning and semiconductor cleaning processes. With high precision and durability, Semicera&rsquo;s quartz tanks are essential for ensuring the purity and efficiency of each step in the process.<\/p>","protected":false},"featured_media":748,"comment_status":"closed","ping_status":"open","template":"","meta":[],"product_brand":[],"product_cat":[19,44],"product_tag":[],"class_list":{"0":"post-1352","1":"product","2":"type-product","3":"status-publish","4":"has-post-thumbnail","6":"product_cat-quartz","7":"product_cat-quartz-cleaning-tank","9":"first","10":"instock","11":"product-type-simple"},"_links":{"self":[{"href":"https:\/\/www.cn-semiconductorparts.com\/pl\/wp-json\/wp\/v2\/product\/1352","targetHints":{"allow":["GET"]}}],"collection":[{"href":"https:\/\/www.cn-semiconductorparts.com\/pl\/wp-json\/wp\/v2\/product"}],"about":[{"href":"https:\/\/www.cn-semiconductorparts.com\/pl\/wp-json\/wp\/v2\/types\/product"}],"replies":[{"embeddable":true,"href":"https:\/\/www.cn-semiconductorparts.com\/pl\/wp-json\/wp\/v2\/comments?post=1352"}],"wp:featuredmedia":[{"embeddable":true,"href":"https:\/\/www.cn-semiconductorparts.com\/pl\/wp-json\/wp\/v2\/media\/748"}],"wp:attachment":[{"href":"https:\/\/www.cn-semiconductorparts.com\/pl\/wp-json\/wp\/v2\/media?parent=1352"}],"wp:term":[{"taxonomy":"product_brand","embeddable":true,"href":"https:\/\/www.cn-semiconductorparts.com\/pl\/wp-json\/wp\/v2\/product_brand?post=1352"},{"taxonomy":"product_cat","embeddable":true,"href":"https:\/\/www.cn-semiconductorparts.com\/pl\/wp-json\/wp\/v2\/product_cat?post=1352"},{"taxonomy":"product_tag","embeddable":true,"href":"https:\/\/www.cn-semiconductorparts.com\/pl\/wp-json\/wp\/v2\/product_tag?post=1352"}],"curies":[{"name":"WP","href":"https:\/\/api.w.org\/{rel}","templated":true}]}}