{"id":1354,"date":"2025-09-11T05:28:39","date_gmt":"2025-09-11T05:28:39","guid":{"rendered":"https:\/\/weitai2.globaldeepsea.site\/product\/quartz-cleaning-tank\/"},"modified":"2025-09-24T16:03:57","modified_gmt":"2025-09-24T08:03:57","slug":"quartz-cleaning-tank","status":"publish","type":"product","link":"https:\/\/www.cn-semiconductorparts.com\/pl\/product\/quartz-cleaning-tank\/","title":{"rendered":"Kwarcowy zbiornik czyszcz\u0105cy"},"content":{"rendered":"<p><?xml encoding=\"utf-8\" ?><\/p>\n<div class=\"fl-builder-content fl-builder-content-11133 fl-builder-content-primary fl-builder-global-templates-locked\" data-post-id=\"11133\">\n<div class=\"fl-row fl-row-full-width fl-row-bg-none fl-node-6705fe76e33e0\" data-node=\"6705fe76e33e0\">\n<div class=\"fl-row-content-wrap\">\n<div class=\"fl-row-content fl-row-full-width fl-node-content\">\n<div class=\"fl-col-group fl-node-6705fe76e342c\" data-node=\"6705fe76e342c\">\n<div class=\"fl-col fl-node-6705fe76e346d\" data-node=\"6705fe76e346d\" style=\"width: 100%;\">\n<div class=\"fl-col-content fl-node-content\">\n<div class=\"fl-module fl-module-rich-text fl-node-6705fe76e34b9\" data-animation-delay=\"0.0\" data-node=\"6705fe76e34b9\">\n<div class=\"fl-module-content fl-node-content\">\n<div class=\"fl-rich-text\">\n<p><span style=\"font-family: arial, helvetica, sans-serif; font-size: medium;\">The Quartz Cleaning Tank from Semicera is an essential tool for achieving optimal cleanliness in semiconductor manufacturing. Designed specifically for wafer wet processing, this tank ensures effective wafer cleaning through advanced techniques that minimize contamination and enhance yield. Utilizing state-of-the-art materials, the Semicera tank is engineered for superior performance in various wafer cleaning methods.<\/span><\/p>\n<p><span style=\"font-family: arial, helvetica, sans-serif; font-size: medium;\">Crafted from high-purity quartz, the Quartz Cleaning Tank offers excellent resistance to aggressive chemicals and high temperatures. This durability is critical in the semiconductor cleaning process, where both wet chemical etching processes and dry etch wet etch methods are employed. With its robust design, the tank is suitable for various applications, including wet etching and serving as an efficient quartz bath for comprehensive cleaning routines.<\/span><\/p>\n<p><span style=\"font-family: arial, helvetica, sans-serif; font-size: medium;\">By integrating the Quartz Cleaning Tank into your production line, you can streamline wafer cleaning processes, ensuring that each wafer is thoroughly cleaned and ready for subsequent fabrication steps. This reliable tank aids in reducing particle contamination and supports higher efficiency during wet etching operations, ultimately leading to improved product quality.<\/span><\/p>\n<p><span style=\"font-family: arial, helvetica, sans-serif; font-size: medium;\">Dzi\u0119ki zbiornikowi czyszcz\u0105cemu kwarcowi Semicera zyskujesz pewno\u015b\u0107 wysokiej wydajno\u015bci i d\u0142ugowieczno\u015bci. Jego zdolno\u015b\u0107 do wytrzymania rygor\u00f3w przetwarzania mokrego wafla sprawia, \u017ce \u200b\u200bjest to cenny zas\u00f3b w dowolnym obiekcie p\u00f3\u0142przewodnik\u00f3w, zapewniaj\u0105c spok\u00f3j ducha poprzez zwi\u0119kszon\u0105 trwa\u0142o\u015b\u0107 i niezawodno\u015b\u0107 w wymagaj\u0105cych \u015brodowiskach. Wybierz p\u00f3\u0142cesta dla swoich rozwi\u0105za\u0144 czyszcz\u0105cych i do\u015bwiadcz niezr\u00f3wnanej jako\u015bci w procesach produkcyjnych p\u00f3\u0142przewodnik\u00f3w.<\/span><\/p>\n<div id=\"gtx-trans\" style=\"position: absolute; left: 549px; top: 26px;\">&nbsp;<\/div>\n<\/p><\/div>\n<\/p><\/div>\n<\/p><\/div>\n<div class=\"fl-module fl-module-rich-text fl-node-6705ff3d35e98\" data-animation-delay=\"0.0\" data-node=\"6705ff3d35e98\">\n<div class=\"fl-module-content fl-node-content\">\n<div class=\"fl-rich-text\">\n<p align=\"justify\">We can handle various shapes according to your needs, ranging from large single and double quartz baths to small quartz crucibles. In addition to quartz materials, we can also process containers made of hard glass.<\/p>\n<div id=\"gtx-trans\" style=\"position: absolute; left: 549px; top: 26px;\">&nbsp;<\/div>\n<\/p><\/div>\n<\/p><\/div>\n<\/p><\/div>\n<\/p><\/div>\n<\/p><\/div>\n<\/p><\/div>\n<div class=\"fl-col-group fl-node-670600535d2af\" data-node=\"670600535d2af\">\n<div class=\"fl-col fl-node-6706006585c71 fl-col-small\" data-node=\"6706006585c71\" style=\"width: 50%;\">\n<div class=\"fl-col-content fl-node-content\">\n<div class=\"fl-module fl-module-rich-text fl-node-6705fe76e34f9\" data-animation-delay=\"0.0\" data-node=\"6705fe76e34f9\">\n<div class=\"fl-module-content fl-node-content\">\n<div class=\"fl-rich-text\">\n<p align=\"justify\">&middot;Used for wafer wet cleaning processes.<\/p>\n<p align=\"justify\">&middot;Single slot\/double slot (overflow slot).<\/p>\n<p align=\"justify\">&middot;Can manufacture up to 12 inches.<\/p>\n<div id=\"gtx-trans\" style=\"position: absolute; left: -74px; top: -18px;\">&nbsp;<\/div>\n<\/p><\/div>\n<\/p><\/div>\n<\/p><\/div>\n<\/p><\/div>\n<\/p><\/div>\n<div class=\"fl-col fl-node-670600535d473 fl-col-small\" data-node=\"670600535d473\" style=\"width: 50%;\">\n<div class=\"fl-col-content fl-node-content\">\n<div class=\"fl-module fl-module-photo fl-node-670600535d159\" data-animation-delay=\"0.0\" data-node=\"670600535d159\">\n<div class=\"fl-module-content fl-node-content\">\n<div class=\"fl-photo fl-photo-align-center\" itemscope=\"\" itemtype=\"http:\/\/schema.org\/ImageObject\">\n<div class=\"fl-photo-content fl-photo-img-png\"> <img decoding=\"async\" alt=\"transducer-l_955546\" class=\"fl-photo-img wp-image-11142\" itemprop=\"image\" src=\"\/wp-content\/uploads\/2025\/09\/181beb52a8e9385f.webp\"> <\/div>\n<\/p><\/div>\n<\/p><\/div>\n<\/p><\/div>\n<\/p><\/div>\n<\/p><\/div>\n<\/p><\/div>\n<div class=\"fl-col-group fl-node-6705fe76e3539\" data-node=\"6705fe76e3539\">\n<div class=\"fl-col fl-node-6705fe76e3578 fl-col-small\" data-node=\"6705fe76e3578\" style=\"width: 50%;\">\n<div class=\"fl-col-content fl-node-content\">\n<div class=\"fl-module fl-module-photo fl-node-6705fe76e35b8\" data-animation-delay=\"0.0\" data-node=\"6705fe76e35b8\">\n<div class=\"fl-module-content fl-node-content\">\n<div class=\"fl-photo fl-photo-align-center\" itemscope=\"\" itemtype=\"http:\/\/schema.org\/ImageObject\">\n<div class=\"fl-photo-content fl-photo-img-png\"> <img decoding=\"async\" alt=\"Kwarcowy zbiornik czyszcz\u0105cy\" class=\"fl-photo-img wp-image-7136\" itemprop=\"image\" src=\"\/wp-content\/uploads\/2025\/09\/ffc160ca9b1c0f3c.webp\"> <\/div>\n<\/p><\/div>\n<\/p><\/div>\n<\/p><\/div>\n<\/p><\/div>\n<\/p><\/div>\n<div class=\"fl-col fl-node-6705fe95235f5 fl-col-small\" data-node=\"6705fe95235f5\" style=\"width: 50%;\">\n<div class=\"fl-col-content fl-node-content\">\n<div class=\"fl-module fl-module-photo fl-node-6705fe7b99eec\" data-animation-delay=\"0.0\" data-node=\"6705fe7b99eec\">\n<div class=\"fl-module-content fl-node-content\">\n<div class=\"fl-photo fl-photo-align-center\" itemscope=\"\" itemtype=\"http:\/\/schema.org\/ImageObject\">\n<div class=\"fl-photo-content fl-photo-img-png\"> <img decoding=\"async\" alt=\"Kwarcowy zbiornik czyszcz\u0105cy\" class=\"fl-photo-img wp-image-11139\" itemprop=\"image\" src=\"\/wp-content\/uploads\/2025\/09\/ba1c96f08464836a.webp\"> <\/div>\n<\/p><\/div>\n<\/p><\/div>\n<\/p><\/div>\n<\/p><\/div>\n<\/p><\/div>\n<\/p><\/div>\n<div class=\"fl-col-group fl-node-6705fe9a04948\" data-node=\"6705fe9a04948\">\n<div class=\"fl-col fl-node-6705fe9a04bad\" data-node=\"6705fe9a04bad\" style=\"width: 100%;\">\n<div class=\"fl-col-content fl-node-content\">\n<div class=\"fl-module fl-module-photo fl-node-6705fe7fd8a6b\" data-animation-delay=\"0.0\" data-node=\"6705fe7fd8a6b\">\n<div class=\"fl-module-content fl-node-content\">\n<div class=\"fl-photo fl-photo-align-center\" itemscope=\"\" itemtype=\"http:\/\/schema.org\/ImageObject\">\n<div class=\"fl-photo-content fl-photo-img-jpg\"> <img decoding=\"async\" alt=\"csm-vertikaler-teaser-1920-x-1080-aes-08-95b484ef95_869286\" class=\"fl-photo-img wp-image-11136\" itemprop=\"image\" src=\"\/wp-content\/uploads\/2025\/09\/d6eff1f47a88ccca.webp\"> <\/div>\n<\/p><\/div>\n<\/p><\/div>\n<\/p><\/div>\n<\/p><\/div>\n<\/p><\/div>\n<\/p><\/div>\n<div class=\"fl-col-group fl-node-6705fe76e35f8\" data-node=\"6705fe76e35f8\">\n<div class=\"fl-col fl-node-6705fe76e3638\" data-node=\"6705fe76e3638\" style=\"width: 100%;\">\n<div class=\"fl-col-content fl-node-content\">\n<div class=\"fl-module fl-module-photo fl-node-6705fe76e3677\" data-animation-delay=\"0.0\" data-node=\"6705fe76e3677\">\n<div class=\"fl-module-content fl-node-content\">\n<div class=\"fl-photo fl-photo-align-center\" itemscope=\"\" itemtype=\"http:\/\/schema.org\/ImageObject\">\n<div class=\"fl-photo-content fl-photo-img-jpg\"> <img decoding=\"async\" alt=\"Miejsce pracy p\u00f3\u0142cesy\" class=\"fl-photo-img wp-image-7142\" itemprop=\"image\" src=\"\/wp-content\/uploads\/2025\/09\/b1dd0bcab1675ff4.webp\"> <\/div>\n<\/p><\/div>\n<\/p><\/div>\n<\/p><\/div>\n<div class=\"fl-module fl-module-photo fl-node-6705fe76e36b7\" data-animation-delay=\"0.0\" data-node=\"6705fe76e36b7\">\n<div class=\"fl-module-content fl-node-content\">\n<div class=\"fl-photo fl-photo-align-center\" itemscope=\"\" itemtype=\"http:\/\/schema.org\/ImageObject\">\n<div class=\"fl-photo-content fl-photo-img-jpg\"> <img decoding=\"async\" alt=\"P\u00f3\u0142cera robocza miejsce 2\" class=\"fl-photo-img wp-image-7141\" itemprop=\"image\" src=\"\/wp-content\/uploads\/2025\/09\/2b946d2b4b61306d.webp\"> <\/div>\n<\/p><\/div>\n<\/p><\/div>\n<\/p><\/div>\n<div class=\"fl-module fl-module-photo fl-node-6705fe76e3776\" data-animation-delay=\"0.0\" data-node=\"6705fe76e3776\">\n<div class=\"fl-module-content fl-node-content\">\n<div class=\"fl-photo fl-photo-align-center\" itemscope=\"\" itemtype=\"http:\/\/schema.org\/ImageObject\">\n<div class=\"fl-photo-content fl-photo-img-jpg\"> <img decoding=\"async\" alt=\"Maszyna sprz\u0119tu\" class=\"fl-photo-img wp-image-7138\" itemprop=\"image\" src=\"\/wp-content\/uploads\/2025\/09\/081b6529d68ead23.webp\"> <\/div>\n<\/p><\/div>\n<\/p><\/div>\n<\/p><\/div>\n<div class=\"fl-module fl-module-photo fl-node-6705fe76e3736\" data-animation-delay=\"0.0\" data-node=\"6705fe76e3736\">\n<div class=\"fl-module-content fl-node-content\">\n<div class=\"fl-photo fl-photo-align-center\" itemscope=\"\" itemtype=\"http:\/\/schema.org\/ImageObject\">\n<div class=\"fl-photo-content fl-photo-img-jpg\"> <img decoding=\"async\" alt=\"Przetwarzanie CNN, czyszczenie chemiczne, pow\u0142oka CVD\" class=\"fl-photo-img wp-image-7137\" itemprop=\"image\" src=\"\/wp-content\/uploads\/2025\/09\/a4132b2b399abbac.webp\"> <\/div>\n<\/p><\/div>\n<\/p><\/div>\n<\/p><\/div>\n<div class=\"fl-module fl-module-photo fl-node-6705fe76e36f7\" data-animation-delay=\"0.0\" data-node=\"6705fe76e36f7\">\n<div class=\"fl-module-content fl-node-content\">\n<div class=\"fl-photo fl-photo-align-center\" itemscope=\"\" itemtype=\"http:\/\/schema.org\/ImageObject\">\n<div class=\"fl-photo-content fl-photo-img-jpg\"> <img decoding=\"async\" alt=\"Semicera Ware House\" class=\"fl-photo-img wp-image-7140\" itemprop=\"image\" src=\"\/wp-content\/uploads\/2025\/09\/2190bb9ce5c1d546.webp\"> <\/div>\n<\/p><\/div>\n<\/p><\/div>\n<\/p><\/div>\n<div class=\"fl-module fl-module-photo fl-node-6705fe76e37b5\" data-animation-delay=\"0.0\" data-node=\"6705fe76e37b5\">\n<div class=\"fl-module-content fl-node-content\">\n<div class=\"fl-photo fl-photo-align-center\" itemscope=\"\" itemtype=\"http:\/\/schema.org\/ImageObject\">\n<div class=\"fl-photo-content fl-photo-img-jpg\"> <img decoding=\"async\" alt=\"Nasza us\u0142uga\" class=\"fl-photo-img wp-image-7139\" itemprop=\"image\" src=\"\/wp-content\/uploads\/2025\/09\/b07f222c0ec0ab8d.webp\"> <\/div>\n<\/p><\/div>\n<\/p><\/div>\n<\/p><\/div>\n<\/p><\/div>\n<\/p><\/div>\n<\/p><\/div>\n<\/p><\/div>\n<\/p><\/div>\n<\/p><\/div>\n<\/div>","protected":false},"excerpt":{"rendered":"<p><?xml encoding=\"utf-8\" ?><\/p>\n<p>Semicera&rsquo;s quartz cleaning tanks are designed for optimal performance in semiconductor manufacturing. This high-purity quartz tank ensures efficient and thorough wafer cleaning, significantly improving cleanliness and yield. Our quartz cleaning tanks withstand corrosive chemicals and high temperatures, making them a reliable choice for your wafer wet processing needs. We look forward to being your long-term partner in China.<\/p>","protected":false},"featured_media":513,"comment_status":"closed","ping_status":"open","template":"","meta":[],"product_brand":[],"product_cat":[19,44],"product_tag":[],"class_list":{"0":"post-1354","1":"product","2":"type-product","3":"status-publish","4":"has-post-thumbnail","6":"product_cat-quartz","7":"product_cat-quartz-cleaning-tank","9":"first","10":"instock","11":"product-type-simple"},"_links":{"self":[{"href":"https:\/\/www.cn-semiconductorparts.com\/pl\/wp-json\/wp\/v2\/product\/1354","targetHints":{"allow":["GET"]}}],"collection":[{"href":"https:\/\/www.cn-semiconductorparts.com\/pl\/wp-json\/wp\/v2\/product"}],"about":[{"href":"https:\/\/www.cn-semiconductorparts.com\/pl\/wp-json\/wp\/v2\/types\/product"}],"replies":[{"embeddable":true,"href":"https:\/\/www.cn-semiconductorparts.com\/pl\/wp-json\/wp\/v2\/comments?post=1354"}],"wp:featuredmedia":[{"embeddable":true,"href":"https:\/\/www.cn-semiconductorparts.com\/pl\/wp-json\/wp\/v2\/media\/513"}],"wp:attachment":[{"href":"https:\/\/www.cn-semiconductorparts.com\/pl\/wp-json\/wp\/v2\/media?parent=1354"}],"wp:term":[{"taxonomy":"product_brand","embeddable":true,"href":"https:\/\/www.cn-semiconductorparts.com\/pl\/wp-json\/wp\/v2\/product_brand?post=1354"},{"taxonomy":"product_cat","embeddable":true,"href":"https:\/\/www.cn-semiconductorparts.com\/pl\/wp-json\/wp\/v2\/product_cat?post=1354"},{"taxonomy":"product_tag","embeddable":true,"href":"https:\/\/www.cn-semiconductorparts.com\/pl\/wp-json\/wp\/v2\/product_tag?post=1354"}],"curies":[{"name":"WP","href":"https:\/\/api.w.org\/{rel}","templated":true}]}}