{"id":1384,"date":"2025-09-11T05:28:46","date_gmt":"2025-09-11T05:28:46","guid":{"rendered":"https:\/\/weitai2.globaldeepsea.site\/product\/silicon-carbide-sealing-part\/"},"modified":"2025-09-24T16:03:55","modified_gmt":"2025-09-24T08:03:55","slug":"silicon-carbide-sealing-part","status":"publish","type":"product","link":"https:\/\/www.cn-semiconductorparts.com\/pl\/product\/silicon-carbide-sealing-part\/","title":{"rendered":"Cz\u0119\u015b\u0107 uszczelniaj\u0105ca z w\u0119glikiem silikonowym"},"content":{"rendered":"<p><?xml encoding=\"utf-8\" ?><\/p>\n<div class=\"fl-builder-content fl-builder-content-10519 fl-builder-content-primary fl-builder-global-templates-locked\" data-post-id=\"10519\">\n<div class=\"fl-row fl-row-full-width fl-row-bg-none fl-node-66da6b8957038\" data-node=\"66da6b8957038\">\n<div class=\"fl-row-content-wrap\">\n<div class=\"fl-row-content fl-row-full-width fl-node-content\">\n<div class=\"fl-col-group fl-node-66da6b895806a\" data-node=\"66da6b895806a\">\n<div class=\"fl-col fl-node-66da6b89581f0\" data-node=\"66da6b89581f0\" style=\"width: 100%;\">\n<div class=\"fl-col-content fl-node-content\">\n<div class=\"fl-module fl-module-rich-text fl-node-66da6b8956ee8\" data-animation-delay=\"0.0\" data-node=\"66da6b8956ee8\">\n<div class=\"fl-module-content fl-node-content\">\n<div class=\"fl-rich-text\">\n<p>Cz\u0119\u015b\u0107 uszczelniaj\u0105ca z w\u0119glikiem silikonowym<span style=\"font-family: arial, helvetica, sans-serif; font-size: medium;\"> not only uses Silicon Carbide (SiC) material, but also combines high-performance ceramic materials such as <\/span>Alumina (Al2O3)<span style=\"font-family: arial, helvetica, sans-serif; font-size: medium;\">, <\/span>Silicon Nitride (Si3N4)<span style=\"font-family: arial, helvetica, sans-serif; font-size: medium;\">, Aluminum Nitride (AlN) and <\/span>Zirconia (ZrO2)<span style=\"font-family: arial, helvetica, sans-serif; font-size: medium;\">. The combination of these composite ceramic materials enhances the corrosion resistance and high temperature resistance of the product, making it an ideal choice for harsh working conditions. Semicera&#8217;s sealing components are suitable for various industrial equipment, such as axle sleeves, bushings, wafer carriers, mechanical seals and <\/span>wafer boats<span style=\"font-family: arial, helvetica, sans-serif; font-size: medium;\">, providing customers with diverse application solutions.<\/span><\/p>\n<p><span style=\"font-family: arial, helvetica, sans-serif; font-size: medium;\">Semicera's <\/span>Cz\u0119\u015b\u0107 uszczelniaj\u0105ca z w\u0119glikiem silikonowym<span style=\"font-family: arial, helvetica, sans-serif; font-size: medium;\"> particularly emphasizes its excellent wear and corrosion resistance. Through advanced manufacturing processes, this seal can still maintain integrity under high-speed operation and high-friction conditions, suitable for industries such as petrochemicals, semiconductors, and metallurgy that require high durability and high precision. In addition, its excellent oxidation resistance and thermal shock resistance make it an ideal choice for various extreme environments.<\/span><\/p>\n<p><span style=\"font-family: arial, helvetica, sans-serif; font-size: medium;\">Whether it requires high temperature resistance, corrosion resistance or wear resistance, Semicera&#8217;s Silicon carbide sealing part is your trustworthy choice. With its innovative design and excellent material performance, Semicera continues to provide efficient and reliable sealing solutions to customers around the world.<\/span><\/p>\n<\/p><\/div>\n<\/p><\/div>\n<\/p><\/div>\n<\/p><\/div>\n<\/p><\/div>\n<\/p><\/div>\n<div class=\"fl-col-group fl-node-66da6daa09893\" data-node=\"66da6daa09893\">\n<div class=\"fl-col fl-node-66da6daf8f02f fl-col-small\" data-node=\"66da6daf8f02f\" style=\"width: 50%;\">\n<div class=\"fl-col-content fl-node-content\">\n<div class=\"fl-module fl-module-photo fl-node-66da6da32c41e\" data-animation-delay=\"0.0\" data-node=\"66da6da32c41e\">\n<div class=\"fl-module-content fl-node-content\">\n<div class=\"fl-photo fl-photo-align-center\" itemscope=\"\" itemtype=\"http:\/\/schema.org\/ImageObject\">\n<div class=\"fl-photo-content fl-photo-img-jpg\"> <img decoding=\"async\" alt=\"Silicon carbide sealing part (1)\" class=\"fl-photo-img wp-image-10523\" itemprop=\"image\" src=\"\/wp-content\/uploads\/2025\/09\/d47862e999240c41.webp\"> <\/div>\n<\/p><\/div>\n<\/p><\/div>\n<\/p><\/div>\n<\/p><\/div>\n<\/p><\/div>\n<div class=\"fl-col fl-node-66da6daa09b12 fl-col-small\" data-node=\"66da6daa09b12\" style=\"width: 50%;\">\n<div class=\"fl-col-content fl-node-content\">\n<div class=\"fl-module fl-module-photo fl-node-66da6c7f071d2\" data-animation-delay=\"0.0\" data-node=\"66da6c7f071d2\">\n<div class=\"fl-module-content fl-node-content\">\n<div class=\"fl-photo fl-photo-align-center\" itemscope=\"\" itemtype=\"http:\/\/schema.org\/ImageObject\">\n<div class=\"fl-photo-content fl-photo-img-jpg\"> <img decoding=\"async\" alt=\"Silicon carbide sealing part (4)\" class=\"fl-photo-img wp-image-10524\" itemprop=\"image\" src=\"\/wp-content\/uploads\/2025\/09\/68ac80caf0ff75f7.webp\"> <\/div>\n<\/p><\/div>\n<\/p><\/div>\n<\/p><\/div>\n<\/p><\/div>\n<\/p><\/div>\n<\/p><\/div>\n<\/p><\/div>\n<\/p><\/div>\n<\/p><\/div>\n<div class=\"fl-row fl-row-full-width fl-row-bg-none fl-node-66da6d2e09378\" data-node=\"66da6d2e09378\">\n<div class=\"fl-row-content-wrap\">\n<div class=\"fl-row-content fl-row-full-width fl-node-content\">\n<div class=\"fl-col-group fl-node-66da6d2e093b9\" data-node=\"66da6d2e093b9\">\n<div class=\"fl-col fl-node-66da6d2e093f9\" data-node=\"66da6d2e093f9\" style=\"width: 100%;\">\n<div class=\"fl-col-content fl-node-content\">\n<div class=\"fl-module fl-module-photo fl-node-66da6d2e09436\" data-animation-delay=\"0.0\" data-node=\"66da6d2e09436\">\n<div class=\"fl-module-content fl-node-content\">\n<div class=\"fl-photo fl-photo-align-center\" itemscope=\"\" itemtype=\"http:\/\/schema.org\/ImageObject\">\n<div class=\"fl-photo-content fl-photo-img-jpg\"> <img decoding=\"async\" alt=\"Miejsce pracy p\u00f3\u0142cesy\" class=\"fl-photo-img wp-image-9038\" itemprop=\"image\" src=\"\/wp-content\/uploads\/2025\/09\/b1dd0bcab1675ff4.webp\"> <\/div>\n<\/p><\/div>\n<\/p><\/div>\n<\/p><\/div>\n<div class=\"fl-module fl-module-photo fl-node-66da6d2e09570\" data-animation-delay=\"0.0\" data-node=\"66da6d2e09570\">\n<div class=\"fl-module-content fl-node-content\">\n<div class=\"fl-photo fl-photo-align-center\" itemscope=\"\" itemtype=\"http:\/\/schema.org\/ImageObject\">\n<div class=\"fl-photo-content fl-photo-img-jpg\"> <img decoding=\"async\" alt=\"P\u00f3\u0142cera robocza miejsce 2\" class=\"fl-photo-img wp-image-9037\" itemprop=\"image\" src=\"\/wp-content\/uploads\/2025\/09\/2b946d2b4b61306d.webp\"> <\/div>\n<\/p><\/div>\n<\/p><\/div>\n<\/p><\/div>\n<div class=\"fl-module fl-module-photo fl-node-66da6d2e09531\" data-animation-delay=\"0.0\" data-node=\"66da6d2e09531\">\n<div class=\"fl-module-content fl-node-content\">\n<div class=\"fl-photo fl-photo-align-center\" itemscope=\"\" itemtype=\"http:\/\/schema.org\/ImageObject\">\n<div class=\"fl-photo-content fl-photo-img-jpg\"> <img decoding=\"async\" alt=\"Maszyna sprz\u0119tu\" class=\"fl-photo-img wp-image-9034 size-full\" itemprop=\"image\" src=\"\/wp-content\/uploads\/2025\/09\/081b6529d68ead23.webp\"> <\/div>\n<\/p><\/div>\n<\/p><\/div>\n<\/p><\/div>\n<div class=\"fl-module fl-module-photo fl-node-66da6d2e094f2\" data-animation-delay=\"0.0\" data-node=\"66da6d2e094f2\">\n<div class=\"fl-module-content fl-node-content\">\n<div class=\"fl-photo fl-photo-align-center\" itemscope=\"\" itemtype=\"http:\/\/schema.org\/ImageObject\">\n<div class=\"fl-photo-content fl-photo-img-jpg\"> <img decoding=\"async\" alt=\"Przetwarzanie CNN, czyszczenie chemiczne, pow\u0142oka CVD\" class=\"fl-photo-img wp-image-9033\" itemprop=\"image\" src=\"\/wp-content\/uploads\/2025\/09\/a4132b2b399abbac.webp\"> <\/div>\n<\/p><\/div>\n<\/p><\/div>\n<\/p><\/div>\n<div class=\"fl-module fl-module-photo fl-node-66da6d2e094b4\" data-animation-delay=\"0.0\" data-node=\"66da6d2e094b4\">\n<div class=\"fl-module-content fl-node-content\">\n<div class=\"fl-photo fl-photo-align-center\" itemscope=\"\" itemtype=\"http:\/\/schema.org\/ImageObject\">\n<div class=\"fl-photo-content fl-photo-img-jpg\"> <img decoding=\"async\" alt=\"Semicera Ware House\" class=\"fl-photo-img wp-image-9036\" itemprop=\"image\" src=\"\/wp-content\/uploads\/2025\/09\/2190bb9ce5c1d546.webp\"> <\/div>\n<\/p><\/div>\n<\/p><\/div>\n<\/p><\/div>\n<div class=\"fl-module fl-module-photo fl-node-66da6d2e09476\" data-animation-delay=\"0.0\" data-node=\"66da6d2e09476\">\n<div class=\"fl-module-content fl-node-content\">\n<div class=\"fl-photo fl-photo-align-center\" itemscope=\"\" itemtype=\"http:\/\/schema.org\/ImageObject\">\n<div class=\"fl-photo-content fl-photo-img-jpg\"> <img decoding=\"async\" alt=\"Nasza us\u0142uga\" class=\"fl-photo-img wp-image-9035\" itemprop=\"image\" src=\"\/wp-content\/uploads\/2025\/09\/b07f222c0ec0ab8d.webp\"> <\/div>\n<\/p><\/div>\n<\/p><\/div>\n<\/p><\/div>\n<\/p><\/div>\n<\/p><\/div>\n<\/p><\/div>\n<\/p><\/div>\n<\/p><\/div>\n<\/p><\/div>\n<\/div>","protected":false},"excerpt":{"rendered":"<p><?xml encoding=\"utf-8\" ?><\/p>\n<p>The Silicon Carbide Sealing Part launched by Semicera has excellent performance and is designed for industrial applications that require extremely high wear resistance and corrosion resistance. Silicon Carbide (SiC) is an ultra-hard composite ceramic material that can remain stable for a long time in harsh environments. Semicera ensures that the Silicon Carbide Sealing Part performs well under various high-demand working conditions with its excellent material selection and manufacturing process.<\/p>","protected":false},"featured_media":659,"comment_status":"closed","ping_status":"open","template":"","meta":[],"product_brand":[],"product_cat":[16,49],"product_tag":[],"class_list":{"0":"post-1384","1":"product","2":"type-product","3":"status-publish","4":"has-post-thumbnail","6":"product_cat-cvd-sic","7":"product_cat-mocvd-epitaxial-parts","9":"first","10":"instock","11":"product-type-simple"},"_links":{"self":[{"href":"https:\/\/www.cn-semiconductorparts.com\/pl\/wp-json\/wp\/v2\/product\/1384","targetHints":{"allow":["GET"]}}],"collection":[{"href":"https:\/\/www.cn-semiconductorparts.com\/pl\/wp-json\/wp\/v2\/product"}],"about":[{"href":"https:\/\/www.cn-semiconductorparts.com\/pl\/wp-json\/wp\/v2\/types\/product"}],"replies":[{"embeddable":true,"href":"https:\/\/www.cn-semiconductorparts.com\/pl\/wp-json\/wp\/v2\/comments?post=1384"}],"wp:featuredmedia":[{"embeddable":true,"href":"https:\/\/www.cn-semiconductorparts.com\/pl\/wp-json\/wp\/v2\/media\/659"}],"wp:attachment":[{"href":"https:\/\/www.cn-semiconductorparts.com\/pl\/wp-json\/wp\/v2\/media?parent=1384"}],"wp:term":[{"taxonomy":"product_brand","embeddable":true,"href":"https:\/\/www.cn-semiconductorparts.com\/pl\/wp-json\/wp\/v2\/product_brand?post=1384"},{"taxonomy":"product_cat","embeddable":true,"href":"https:\/\/www.cn-semiconductorparts.com\/pl\/wp-json\/wp\/v2\/product_cat?post=1384"},{"taxonomy":"product_tag","embeddable":true,"href":"https:\/\/www.cn-semiconductorparts.com\/pl\/wp-json\/wp\/v2\/product_tag?post=1384"}],"curies":[{"name":"WP","href":"https:\/\/api.w.org\/{rel}","templated":true}]}}