{"id":1385,"date":"2025-09-11T05:28:46","date_gmt":"2025-09-11T05:28:46","guid":{"rendered":"https:\/\/weitai2.globaldeepsea.site\/product\/high-purity-silicon-carbide-paddle\/"},"modified":"2026-04-29T15:33:56","modified_gmt":"2026-04-29T07:33:56","slug":"high-purity-silicon-carbide-paddle","status":"publish","type":"product","link":"https:\/\/www.cn-semiconductorparts.com\/pl\/product\/high-purity-silicon-carbide-paddle\/","title":{"rendered":"Paddle z w\u0119glika z wysokiej czysto\u015bci"},"content":{"rendered":"<p><?xml encoding=\"utf-8\" ?><\/p>\n<div class=\"fl-builder-content fl-builder-content-10436 fl-builder-content-primary fl-builder-global-templates-locked\" data-post-id=\"10436\">\n<div class=\"fl-row fl-row-full-width fl-row-bg-none fl-node-66d03148558ec\" data-node=\"66d03148558ec\">\n<div class=\"fl-row-content-wrap\">\n<div class=\"fl-row-content fl-row-full-width fl-node-content\">\n<div class=\"fl-col-group fl-node-66d031485596f\" data-node=\"66d031485596f\">\n<div class=\"fl-col fl-node-66d03148559b0\" data-node=\"66d03148559b0\" style=\"width: 100%;\">\n<div class=\"fl-col-content fl-node-content\">\n<div class=\"fl-module fl-module-rich-text fl-node-66d03148559f0\" data-animation-delay=\"0.0\" data-node=\"66d03148559f0\">\n<div class=\"fl-module-content fl-node-content\">\n<div class=\"fl-rich-text\">\n<p><span style=\"font-family: arial, helvetica, sans-serif; font-size: medium;\">Semicera High Purity Silicon Carbide Paddle&nbsp;is meticulously engineered to meet the stringent demands of modern semiconductor manufacturing processes. This SiC Cantilever Paddle excels in high-temperature environments, offering unparalleled thermal stability and mechanical durability. The SiC Cantilever structure is built to withstand extreme conditions, ensuring reliable wafer handling throughout various processes.<\/span><\/p>\n<p><span style=\"font-family: arial, helvetica, sans-serif; font-size: medium;\">One of the key innovations of the SiC Paddle is its lightweight yet robust design, which allows for easy integration into existing systems. Its high thermal conductivity helps maintain wafer stability during critical phases such as etching and deposition, minimizing the risk of wafer damage and ensuring higher production yields. The use of high-density silicon carbide in the paddle construction enhances its resistance to wear and tear, providing extended operational life and reducing the need for frequent replacements.<\/span><\/p>\n<p><span style=\"font-family: arial, helvetica, sans-serif; font-size: medium;\">Semicera places a strong emphasis on innovation, delivering a SiC Cantilever Paddle that not only meets but exceeds industry standards. This paddle is optimized for use in various semiconductor applications, from deposition to etching, where precision and reliability are crucial. By integrating this cutting-edge technology, manufacturers can expect improved efficiency, reduced maintenance costs, and consistent product quality.<\/span><\/p>\n<\/p><\/div>\n<\/p><\/div>\n<\/p><\/div>\n<\/p><\/div>\n<\/p><\/div>\n<\/p><\/div>\n<div class=\"fl-col-group fl-node-66d0314855bb1\" data-node=\"66d0314855bb1\">\n<div class=\"fl-col fl-node-66d0314855bf1\" data-node=\"66d0314855bf1\" style=\"width: 100%;\">\n<div class=\"fl-col-content fl-node-content\">\n<div class=\"fl-module fl-module-rich-text fl-node-66d0318642180\" data-animation-delay=\"0.0\" data-node=\"66d0318642180\">\n<div class=\"fl-module-content fl-node-content\">\n<div class=\"fl-rich-text\">\n<table border=\"1\" cellspacing=\"0\">\n<tbody>\n<tr>\n<td colspan=\"2\" valign=\"center\" width=\"568\">\n<p style=\"text-align: center;\"><strong><span style=\"color: #000000; font-family: arial, helvetica, sans-serif; font-size: medium;\">Fizyczne w\u0142a\u015bciwo\u015bci rekrystalizowanego w\u0119gliku krzemu<\/span><\/strong><\/p>\n<\/td>\n<\/tr>\n<tr>\n<td valign=\"center\" width=\"249\">\n<p align=\"justify\"><span style=\"font-family: arial, helvetica, sans-serif; font-size: medium;\">Nieruchomo\u015b\u0107<\/span><\/p>\n<\/td>\n<td valign=\"center\" width=\"318\">\n<p align=\"justify\"><span style=\"font-family: arial, helvetica, sans-serif; font-size: medium;\">Typowa warto\u015b\u0107<\/span><\/p>\n<\/td>\n<\/tr>\n<tr>\n<td valign=\"center\" width=\"249\">\n<p align=\"justify\"><span style=\"font-family: arial, helvetica, sans-serif; font-size: medium;\">Working temperature (&deg;C)<\/span><\/p>\n<\/td>\n<td valign=\"center\" width=\"318\">\n<p align=\"justify\"><span style=\"font-family: arial, helvetica, sans-serif; font-size: medium;\">1600&deg;C (with oxygen), 1700&deg;C (reducing environment)<\/span><\/p>\n<\/td>\n<\/tr>\n<tr>\n<td valign=\"center\" width=\"249\">\n<p align=\"justify\"><span style=\"font-family: arial, helvetica, sans-serif; font-size: medium;\">Tre\u015b\u0107 sic<\/span><\/p>\n<\/td>\n<td valign=\"center\" width=\"318\">\n<p align=\"justify\"><span style=\"font-family: arial, helvetica, sans-serif; font-size: medium;\">&gt; 99.96%<\/span><\/p>\n<\/td>\n<\/tr>\n<tr>\n<td valign=\"center\" width=\"249\">\n<p align=\"justify\"><span style=\"font-family: arial, helvetica, sans-serif; font-size: medium;\">Darmowa zawarto\u015b\u0107 SI<\/span><\/p>\n<\/td>\n<td valign=\"center\" width=\"318\">\n<p align=\"justify\"><span style=\"font-family: arial, helvetica, sans-serif; font-size: medium;\">&lt;0,1%<\/span><\/p>\n<\/td>\n<\/tr>\n<tr>\n<td valign=\"center\" width=\"249\">\n<p align=\"justify\"><span style=\"font-family: arial, helvetica, sans-serif; font-size: medium;\">G\u0119sto\u015b\u0107 luzem<\/span><\/p>\n<\/td>\n<td valign=\"center\" width=\"318\">\n<p align=\"justify\"><span style=\"font-family: arial, helvetica, sans-serif; font-size: medium;\">2.60-2.70&nbsp;g\/cm<sup>3<\/sup><\/span><\/p>\n<\/td>\n<\/tr>\n<tr>\n<td valign=\"center\" width=\"249\">\n<p align=\"justify\"><span style=\"font-family: arial, helvetica, sans-serif; font-size: medium;\">Pozorna porowato\u015b\u0107<\/span><\/p>\n<\/td>\n<td valign=\"center\" width=\"318\">\n<p align=\"justify\"><span style=\"font-family: arial, helvetica, sans-serif; font-size: medium;\">&lt;16%<\/span><\/p>\n<\/td>\n<\/tr>\n<tr>\n<td valign=\"center\" width=\"249\">\n<p align=\"justify\"><span style=\"font-family: arial, helvetica, sans-serif; font-size: medium;\">Compression&nbsp;strength<\/span><\/p>\n<\/td>\n<td valign=\"center\" width=\"318\">\n<p align=\"justify\"><span style=\"font-family: arial, helvetica, sans-serif; font-size: medium;\">&gt; 600&nbsp;MPa<\/span><\/p>\n<\/td>\n<\/tr>\n<tr>\n<td valign=\"center\" width=\"249\">\n<p align=\"justify\"><span style=\"font-family: arial, helvetica, sans-serif; font-size: medium;\">Zimna si\u0142a zginania<\/span><\/p>\n<\/td>\n<td valign=\"center\" width=\"318\">\n<p align=\"justify\"><span style=\"font-family: arial, helvetica, sans-serif; font-size: medium;\">80-90 MPa (20&deg;C)<\/span><\/p>\n<\/td>\n<\/tr>\n<tr>\n<td valign=\"center\" width=\"249\">\n<p align=\"justify\"><span style=\"font-family: arial, helvetica, sans-serif; font-size: medium;\">Gor\u0105ca si\u0142a zginania<\/span><\/p>\n<\/td>\n<td valign=\"center\" width=\"318\">\n<p align=\"justify\"><span style=\"font-family: arial, helvetica, sans-serif; font-size: medium;\">90-100 MPa (1400&deg;C)<\/span><\/p>\n<\/td>\n<\/tr>\n<tr>\n<td valign=\"center\" width=\"249\">\n<p align=\"justify\"><span style=\"font-family: arial, helvetica, sans-serif; font-size: medium;\">Thermal expansion @1500&deg;C<\/span><\/p>\n<\/td>\n<td valign=\"center\" width=\"318\">\n<p align=\"justify\"><span style=\"font-family: arial, helvetica, sans-serif; font-size: medium;\">4.70 10<sup>-6<\/sup>\/&deg;C<\/span><\/p>\n<\/td>\n<\/tr>\n<tr>\n<td valign=\"center\" width=\"249\">\n<p align=\"justify\"><span style=\"font-family: arial, helvetica, sans-serif; font-size: medium;\">Thermal conductivity @1200&deg;C<\/span><\/p>\n<\/td>\n<td valign=\"center\" width=\"318\">\n<p align=\"justify\"><span style=\"font-family: arial, helvetica, sans-serif; font-size: medium;\">23&nbsp;&nbsp;W\/m&bull;K<\/span><\/p>\n<\/td>\n<\/tr>\n<tr>\n<td valign=\"center\" width=\"249\">\n<p align=\"justify\"><span style=\"font-family: arial, helvetica, sans-serif; font-size: medium;\">Modu\u0142 spr\u0119\u017cysto\u015bci<\/span><\/p>\n<\/td>\n<td valign=\"center\" width=\"318\">\n<p align=\"justify\"><span style=\"font-family: arial, helvetica, sans-serif; font-size: medium;\">240 GPA<\/span><\/p>\n<\/td>\n<\/tr>\n<tr>\n<td valign=\"center\" width=\"249\">\n<p align=\"justify\"><span style=\"font-family: arial, helvetica, sans-serif; font-size: medium;\">Odporno\u015b\u0107 na wstrz\u0105sy termiczne<\/span><\/p>\n<\/td>\n<td valign=\"center\" width=\"318\">\n<p align=\"justify\"><span style=\"font-family: arial, helvetica, sans-serif; font-size: medium;\">Niezwykle dobry<\/span><\/p>\n<\/td>\n<\/tr>\n<\/tbody>\n<\/table><\/div>\n<\/p><\/div>\n<\/p><\/div>\n<\/p><\/div>\n<\/p><\/div>\n<\/p><\/div>\n<div class=\"fl-col-group fl-node-66d0314855c31\" data-node=\"66d0314855c31\">\n<div class=\"fl-col fl-node-66d0314855c71\" data-node=\"66d0314855c71\" style=\"width: 100%;\">\n<div class=\"fl-col-content fl-node-content\">\n<div class=\"fl-module fl-module-gallery fl-node-66d0314855cb1\" data-animation-delay=\"0.0\" data-node=\"66d0314855cb1\">\n<div class=\"fl-module-content fl-node-content\">\n<div class=\"fl-mosaicflow\">\n<div class=\"fl-mosaicflow-content\">\n<div class=\"fl-mosaicflow-item\">\n<div class=\"fl-photo fl-photo-align-center\" itemscope=\"\" itemtype=\"http:\/\/schema.org\/ImageObject\">\n<div class=\"fl-photo-content fl-photo-img-jpg\"> <a href=\"\/pl\/uploads\/Cantilever-Paddle-41.webp\/\" itemprop=\"url\" target=\"_self\"> <img decoding=\"async\" alt=\"Paddle wspornik (4)\" class=\"fl-photo-img wp-image-10452\" itemprop=\"image\" src=\"\/wp-content\/uploads\/2025\/09\/6d8d287d2c9c279a.webp\"> <\/a> <\/div>\n<\/p><\/div>\n<\/p><\/div>\n<div class=\"fl-mosaicflow-item\">\n<div class=\"fl-photo fl-photo-align-center\" itemscope=\"\" itemtype=\"http:\/\/schema.org\/ImageObject\">\n<div class=\"fl-photo-content fl-photo-img-jpg\"> <a href=\"\/pl\/uploads\/Cantilever-Paddle-151.webp\/\" itemprop=\"url\" target=\"_self\"> <img decoding=\"async\" alt=\"Paddle wspornikowa (15)\" class=\"fl-photo-img wp-image-10453\" itemprop=\"image\" src=\"\/wp-content\/uploads\/2025\/09\/1f46390db04dba8e.webp\"> <\/a> <\/div>\n<\/p><\/div>\n<\/p><\/div>\n<div class=\"fl-mosaicflow-item\">\n<div class=\"fl-photo fl-photo-align-center\" itemscope=\"\" itemtype=\"http:\/\/schema.org\/ImageObject\">\n<div class=\"fl-photo-content fl-photo-img-jpg\"> <a href=\"\/pl\/uploads\/Cantilever-Paddle-31.webp\/\" itemprop=\"url\" target=\"_self\"> <img decoding=\"async\" alt=\"Paddle wspornikowe (3)\" class=\"fl-photo-img wp-image-10454\" itemprop=\"image\" src=\"\/wp-content\/uploads\/2025\/09\/b16c9247babe5c47.webp\"> <\/a> <\/div>\n<\/p><\/div>\n<\/p><\/div>\n<\/p><\/div>\n<div class=\"fl-clear\"><\/div>\n<\/p><\/div>\n<\/p><\/div>\n<\/p><\/div>\n<\/p><\/div>\n<\/p><\/div>\n<\/p><\/div>\n<div class=\"fl-col-group fl-node-66d03b669e4fc\" data-node=\"66d03b669e4fc\">\n<div class=\"fl-col fl-node-66d03b669e79b\" data-node=\"66d03b669e79b\" style=\"width: 100%;\">\n<div class=\"fl-col-content fl-node-content\">\n<div class=\"fl-module fl-module-photo fl-node-66d03b669e302\" data-animation-delay=\"0.0\" data-node=\"66d03b669e302\">\n<div class=\"fl-module-content fl-node-content\">\n<div class=\"fl-photo fl-photo-align-center\" itemscope=\"\" itemtype=\"http:\/\/schema.org\/ImageObject\">\n<div class=\"fl-photo-content fl-photo-img-png\"> <img decoding=\"async\" alt=\"0f75f96b9a8d9016a504c0c47e59375\" class=\"fl-photo-img wp-image-10467\" itemprop=\"image\" src=\"\/wp-content\/uploads\/2025\/09\/d86ec99ca2f5bd94.webp\"> <\/div>\n<\/p><\/div>\n<\/p><\/div>\n<\/p><\/div>\n<\/p><\/div>\n<\/p><\/div>\n<\/p><\/div>\n<\/p><\/div>\n<\/p><\/div>\n<\/p><\/div>\n<div class=\"fl-row fl-row-full-width fl-row-bg-none fl-node-66d031776993f\" data-node=\"66d031776993f\">\n<div class=\"fl-row-content-wrap\">\n<div class=\"fl-row-content fl-row-full-width fl-node-content\">\n<div class=\"fl-col-group fl-node-66d0317769981\" data-node=\"66d0317769981\">\n<div class=\"fl-col fl-node-66d03177699bf\" data-node=\"66d03177699bf\" style=\"width: 100%;\">\n<div class=\"fl-col-content fl-node-content\">\n<div class=\"fl-module fl-module-photo fl-node-66d03177699fe\" data-animation-delay=\"0.0\" data-node=\"66d03177699fe\">\n<div class=\"fl-module-content fl-node-content\">\n<div class=\"fl-photo fl-photo-align-center\" itemscope=\"\" itemtype=\"http:\/\/schema.org\/ImageObject\">\n<div class=\"fl-photo-content fl-photo-img-jpg\"> <img decoding=\"async\" alt=\"Miejsce pracy p\u00f3\u0142cesy\" class=\"fl-photo-img wp-image-9038\" itemprop=\"image\" src=\"\/wp-content\/uploads\/2025\/09\/b1dd0bcab1675ff4.webp\"> <\/div>\n<\/p><\/div>\n<\/p><\/div>\n<\/p><\/div>\n<div class=\"fl-module fl-module-photo fl-node-66d0317769b2d\" data-animation-delay=\"0.0\" data-node=\"66d0317769b2d\">\n<div class=\"fl-module-content fl-node-content\">\n<div class=\"fl-photo fl-photo-align-center\" itemscope=\"\" itemtype=\"http:\/\/schema.org\/ImageObject\">\n<div class=\"fl-photo-content fl-photo-img-jpg\"> <img decoding=\"async\" alt=\"P\u00f3\u0142cera robocza miejsce 2\" class=\"fl-photo-img wp-image-9037\" itemprop=\"image\" src=\"\/wp-content\/uploads\/2025\/09\/2b946d2b4b61306d.webp\"> <\/div>\n<\/p><\/div>\n<\/p><\/div>\n<\/p><\/div>\n<div class=\"fl-module fl-module-photo fl-node-66d0317769af7\" data-animation-delay=\"0.0\" data-node=\"66d0317769af7\">\n<div class=\"fl-module-content fl-node-content\">\n<div class=\"fl-photo fl-photo-align-center\" itemscope=\"\" itemtype=\"http:\/\/schema.org\/ImageObject\">\n<div class=\"fl-photo-content fl-photo-img-jpg\"> <img decoding=\"async\" alt=\"Maszyna sprz\u0119tu\" class=\"fl-photo-img wp-image-9034 size-full\" itemprop=\"image\" src=\"\/wp-content\/uploads\/2025\/09\/081b6529d68ead23.webp\"> <\/div>\n<\/p><\/div>\n<\/p><\/div>\n<\/p><\/div>\n<div class=\"fl-module fl-module-photo fl-node-66d0317769ab8\" data-animation-delay=\"0.0\" data-node=\"66d0317769ab8\">\n<div class=\"fl-module-content fl-node-content\">\n<div class=\"fl-photo fl-photo-align-center\" itemscope=\"\" itemtype=\"http:\/\/schema.org\/ImageObject\">\n<div class=\"fl-photo-content fl-photo-img-jpg\"> <img decoding=\"async\" alt=\"Przetwarzanie CNN, czyszczenie chemiczne, pow\u0142oka CVD\" class=\"fl-photo-img wp-image-9033\" itemprop=\"image\" src=\"\/wp-content\/uploads\/2025\/09\/a4132b2b399abbac.webp\"> <\/div>\n<\/p><\/div>\n<\/p><\/div>\n<\/p><\/div>\n<div class=\"fl-module fl-module-photo fl-node-66d0317769a7a\" data-animation-delay=\"0.0\" data-node=\"66d0317769a7a\">\n<div class=\"fl-module-content fl-node-content\">\n<div class=\"fl-photo fl-photo-align-center\" itemscope=\"\" itemtype=\"http:\/\/schema.org\/ImageObject\">\n<div class=\"fl-photo-content fl-photo-img-jpg\"> <img decoding=\"async\" alt=\"Semicera Ware House\" class=\"fl-photo-img wp-image-9036\" itemprop=\"image\" src=\"\/wp-content\/uploads\/2025\/09\/2190bb9ce5c1d546.webp\"> <\/div>\n<\/p><\/div>\n<\/p><\/div>\n<\/p><\/div>\n<div class=\"fl-module fl-module-photo fl-node-66d0317769a3c\" data-animation-delay=\"0.0\" data-node=\"66d0317769a3c\">\n<div class=\"fl-module-content fl-node-content\">\n<div class=\"fl-photo fl-photo-align-center\" itemscope=\"\" itemtype=\"http:\/\/schema.org\/ImageObject\">\n<div class=\"fl-photo-content fl-photo-img-jpg\"> <img decoding=\"async\" alt=\"Nasza us\u0142uga\" class=\"fl-photo-img wp-image-9035\" itemprop=\"image\" src=\"\/wp-content\/uploads\/2025\/09\/b07f222c0ec0ab8d.webp\"> <\/div>\n<\/p><\/div>\n<\/p><\/div>\n<\/p><\/div>\n<\/p><\/div>\n<\/p><\/div>\n<\/p><\/div>\n<\/p><\/div>\n<\/p><\/div>\n<\/p><\/div>\n<\/div>","protected":false},"excerpt":{"rendered":"<p><?xml encoding=\"utf-8\" ?><\/p>\n<p>Semicera&nbsp;High Purity Silicon Carbide Paddle is designed for advanced semiconductor applications, providing superior thermal stability and mechanical strength. This SiC Paddle ensures precise wafer handling, making it an ideal choice for high-temperature environments.&nbsp;Contact us for inquiries!<\/p>","protected":false},"featured_media":680,"comment_status":"closed","ping_status":"open","template":"","meta":[],"product_brand":[],"product_cat":[35,26],"product_tag":[],"class_list":{"0":"post-1385","1":"product","2":"type-product","3":"status-publish","4":"has-post-thumbnail","6":"product_cat-sic-substrate","7":"product_cat-wafer","9":"first","10":"instock","11":"product-type-simple"},"_links":{"self":[{"href":"https:\/\/www.cn-semiconductorparts.com\/pl\/wp-json\/wp\/v2\/product\/1385","targetHints":{"allow":["GET"]}}],"collection":[{"href":"https:\/\/www.cn-semiconductorparts.com\/pl\/wp-json\/wp\/v2\/product"}],"about":[{"href":"https:\/\/www.cn-semiconductorparts.com\/pl\/wp-json\/wp\/v2\/types\/product"}],"replies":[{"embeddable":true,"href":"https:\/\/www.cn-semiconductorparts.com\/pl\/wp-json\/wp\/v2\/comments?post=1385"}],"wp:featuredmedia":[{"embeddable":true,"href":"https:\/\/www.cn-semiconductorparts.com\/pl\/wp-json\/wp\/v2\/media\/680"}],"wp:attachment":[{"href":"https:\/\/www.cn-semiconductorparts.com\/pl\/wp-json\/wp\/v2\/media?parent=1385"}],"wp:term":[{"taxonomy":"product_brand","embeddable":true,"href":"https:\/\/www.cn-semiconductorparts.com\/pl\/wp-json\/wp\/v2\/product_brand?post=1385"},{"taxonomy":"product_cat","embeddable":true,"href":"https:\/\/www.cn-semiconductorparts.com\/pl\/wp-json\/wp\/v2\/product_cat?post=1385"},{"taxonomy":"product_tag","embeddable":true,"href":"https:\/\/www.cn-semiconductorparts.com\/pl\/wp-json\/wp\/v2\/product_tag?post=1385"}],"curies":[{"name":"WP","href":"https:\/\/api.w.org\/{rel}","templated":true}]}}